{"id":71286,"date":"2023-07-27T15:42:45","date_gmt":"2023-07-27T15:42:45","guid":{"rendered":"https:\/\/www.lifenatura.com\/?post_type=product&#038;p=71286"},"modified":"2026-04-23T10:59:43","modified_gmt":"2026-04-23T10:59:43","slug":"neuro-mag-magnesio-treonato-90-capsulas-life-extension","status":"publish","type":"product","link":"https:\/\/www.lifenatura.com\/es\/produto\/neuro-mag-magnesio-treonato-90-capsulas-life-extension\/","title":{"rendered":"Neuro-Mag Magn\u00e9sio L-Treonato 90 C\u00e1psulas &#8211; Life Extension"},"content":{"rendered":"<h2 style=\"text-align: left;\"><strong>El treonato de magnesio mejora la memoria y la funci\u00f3n cognitiva del cerebro<\/strong><\/h2>\n<p>&nbsp;<\/p>\n<p>El magnesio es un mineral esencial que, entre otras cosas, mejora la memoria y la concentraci\u00f3n como un joven. Neuro-Mag\u00ae proporciona treonato de magnesio, una forma de magnesio que el cerebro absorbe f\u00e1cilmente.<\/p>\n<p>El magnesio es un mineral esencial que interviene en m\u00e1s de 300 procesos necesarios para un organismo sano, una de cuyas funciones principales es el apoyo a una memoria sana y a una funci\u00f3n cognitiva rejuvenecida durante el envejecimiento.<\/p>\n<p>Sin embargo, no todo el magnesio es f\u00e1cilmente absorbido por el sistema nervioso central. La f\u00f3rmula Neuro-Mag\u00ae de Life Extension contiene una forma ultra-absorbible de magnesio, el Treonato de Magnesio, que se ha desarrollado bas\u00e1ndose en las \u00faltimas investigaciones cient\u00edficas para proporcionar los m\u00e1ximos beneficios para la salud de su cerebro.<\/p>\n<p><strong>PRESENTACI\u00d3N<\/strong><\/p>\n<p>90 c\u00e1psulas<\/p>\n<p>&nbsp;<\/p>\n","protected":false},"excerpt":{"rendered":"<p>El Treonato de Magnesio de Life Extension es un tipo de magnesio con una alta absorci\u00f3n en el cuerpo y mejora la memoria y todas las funciones cognitivas. [&#8230;]<\/p>\n<p><a class=\"btn btn-secondary understrap-read-more-link\" href=\"https:\/\/www.lifenatura.com\/es\/produto\/neuro-mag-magnesio-treonato-90-capsulas-life-extension\/\">Leer m\u00e1s&#8230;<span class=\"screen-reader-text\"> from Neuro-Mag Magn\u00e9sio L-Treonato 90 C\u00e1psulas &#8211; Life Extension<\/span><\/a><\/p>\n","protected":false},"featured_media":133417,"template":"","meta":{"_acf_changed":false},"product_brand":[8339],"product_cat":[7223,7659,7740,7179,7273],"product_tag":[],"class_list":{"0":"post-71286","1":"product","2":"type-product","3":"status-publish","4":"has-post-thumbnail","6":"product_brand-life-extension-es","7":"product_cat-concentracion-memoria-salud","8":"product_cat-ingrediente-natural-bio","9":"product_cat-magnesio-es","10":"product_cat-salud","11":"product_cat-top-10-ventas","12":"pa_caracteristicas-sin-omg","13":"pa_caracteristicas-vegano","14":"pa_caracteristicas-vegetariano","16":"first","17":"instock","18":"sale","19":"featured","20":"shipping-taxable","21":"purchasable","22":"product-type-simple","23":"add-to-wishlist-before_image"},"acf":[],"yoast_head":"<!-- This site is optimized with the Yoast SEO Premium plugin v27.1 (Yoast SEO v27.5) - https:\/\/yoast.com\/product\/yoast-seo-premium-wordpress\/ -->\n<title>Neuro-Mag Magn\u00e9sio L-Treonato 90 C\u00e1psulas - Life Extension - Na Lifenatura ao Melhor Pre\u00e7o | Envio em 48h<\/title>\n<meta name=\"description\" content=\"El Treonato de Magnesio de Life Extension es un tipo de magnesio con una alta absorci\u00f3n en el cuerpo y mejora la memoria y todas las funciones cognitivas.\" \/>\n<meta name=\"robots\" content=\"index, follow, max-snippet:-1, max-image-preview:large, max-video-preview:-1\" \/>\n<link rel=\"canonical\" href=\"https:\/\/www.lifenatura.com\/es\/produto\/neuro-mag-magnesio-treonato-90-capsulas-life-extension\/\" \/>\n<meta property=\"og:locale\" content=\"es_ES\" \/>\n<meta property=\"og:type\" content=\"article\" \/>\n<meta property=\"og:title\" content=\"Neuro-Mag Magn\u00e9sio L-Treonato 90 C\u00e1psulas - Life Extension - Na Lifenatura ao Melhor Pre\u00e7o | Envio 48h\" \/>\n<meta property=\"og:description\" content=\"Compre Neuro-Mag Magn\u00e9sio L-Treonato 90 C\u00e1psulas - Life Extension com envio r\u00e1pido. Entrega em 48h e portes gr\u00e1tis em compras &gt;35\u20ac. Aproveite j\u00e1 na Lifenatura\" \/>\n<meta property=\"og:url\" content=\"https:\/\/www.lifenatura.com\/es\/produto\/neuro-mag-magnesio-treonato-90-capsulas-life-extension\/\" \/>\n<meta property=\"og:site_name\" content=\"Lifenatura\" \/>\n<meta property=\"article:publisher\" content=\"https:\/\/www.facebook.com\/lifenatura\" \/>\n<meta property=\"article:modified_time\" content=\"2026-04-23T10:59:43+00:00\" \/>\n<meta property=\"og:image\" content=\"https:\/\/www.lifenatura.com\/wp-content\/uploads\/2026\/04\/neuro-magnesio-treonato-life-extension.jpg.webp\" \/>\n\t<meta property=\"og:image:width\" content=\"1000\" \/>\n\t<meta property=\"og:image:height\" content=\"1000\" \/>\n\t<meta property=\"og:image:type\" content=\"image\/webp\" \/>\n<meta name=\"twitter:card\" content=\"summary_large_image\" \/>\n<meta name=\"twitter:label1\" content=\"Precio\" \/>\n\t<meta name=\"twitter:data1\" content=\"51,91&nbsp;&euro;\" \/>\n\t<meta name=\"twitter:label2\" content=\"Disponibilidad\" \/>\n\t<meta name=\"twitter:data2\" content=\"Disponible\" \/>\n<script type=\"application\/ld+json\" class=\"yoast-schema-graph\">{\"@context\":\"https:\\\/\\\/schema.org\",\"@graph\":[{\"@type\":\"WebPage\",\"@id\":\"https:\\\/\\\/www.lifenatura.com\\\/es\\\/produto\\\/neuro-mag-magnesio-treonato-90-capsulas-life-extension\\\/\",\"url\":\"https:\\\/\\\/www.lifenatura.com\\\/es\\\/produto\\\/neuro-mag-magnesio-treonato-90-capsulas-life-extension\\\/\",\"name\":\"Neuro-Mag Magn\u00e9sio L-Treonato 90 C\u00e1psulas - Life Extension - Na Lifenatura ao Melhor Pre\u00e7o | Envio em 48h\",\"isPartOf\":{\"@id\":\"https:\\\/\\\/www.lifenatura.com\\\/es\\\/#website\"},\"primaryImageOfPage\":{\"@id\":\"https:\\\/\\\/www.lifenatura.com\\\/es\\\/produto\\\/neuro-mag-magnesio-treonato-90-capsulas-life-extension\\\/#primaryimage\"},\"image\":{\"@id\":\"https:\\\/\\\/www.lifenatura.com\\\/es\\\/produto\\\/neuro-mag-magnesio-treonato-90-capsulas-life-extension\\\/#primaryimage\"},\"thumbnailUrl\":\"https:\\\/\\\/www.lifenatura.com\\\/wp-content\\\/uploads\\\/2026\\\/04\\\/neuro-magnesio-treonato-life-extension.jpg.webp\",\"datePublished\":\"2023-07-27T15:42:45+00:00\",\"dateModified\":\"2026-04-23T10:59:43+00:00\",\"description\":\"El Treonato de Magnesio de Life Extension es un tipo de magnesio con una alta absorci\u00f3n en el cuerpo y mejora la memoria y todas las funciones cognitivas.\",\"breadcrumb\":{\"@id\":\"https:\\\/\\\/www.lifenatura.com\\\/es\\\/produto\\\/neuro-mag-magnesio-treonato-90-capsulas-life-extension\\\/#breadcrumb\"},\"inLanguage\":\"es\",\"potentialAction\":[{\"@type\":\"ReadAction\",\"target\":[\"https:\\\/\\\/www.lifenatura.com\\\/es\\\/produto\\\/neuro-mag-magnesio-treonato-90-capsulas-life-extension\\\/\"]}]},{\"@type\":\"ImageObject\",\"inLanguage\":\"es\",\"@id\":\"https:\\\/\\\/www.lifenatura.com\\\/es\\\/produto\\\/neuro-mag-magnesio-treonato-90-capsulas-life-extension\\\/#primaryimage\",\"url\":\"https:\\\/\\\/www.lifenatura.com\\\/wp-content\\\/uploads\\\/2026\\\/04\\\/neuro-magnesio-treonato-life-extension.jpg.webp\",\"contentUrl\":\"https:\\\/\\\/www.lifenatura.com\\\/wp-content\\\/uploads\\\/2026\\\/04\\\/neuro-magnesio-treonato-life-extension.jpg.webp\",\"width\":1000,\"height\":1000},{\"@type\":\"BreadcrumbList\",\"@id\":\"https:\\\/\\\/www.lifenatura.com\\\/es\\\/produto\\\/neuro-mag-magnesio-treonato-90-capsulas-life-extension\\\/#breadcrumb\",\"itemListElement\":[{\"@type\":\"ListItem\",\"position\":1,\"name\":\"In\u00edcio\",\"item\":\"https:\\\/\\\/www.lifenatura.com\\\/es\\\/\"},{\"@type\":\"ListItem\",\"position\":2,\"name\":\"Todos los Productos\",\"item\":\"https:\\\/\\\/www.lifenatura.com\\\/es\\\/tienda\\\/\"},{\"@type\":\"ListItem\",\"position\":3,\"name\":\"Neuro-Mag Magn\u00e9sio L-Treonato 90 C\u00e1psulas &#8211; Life Extension\"}]},{\"@type\":\"WebSite\",\"@id\":\"https:\\\/\\\/www.lifenatura.com\\\/es\\\/#website\",\"url\":\"https:\\\/\\\/www.lifenatura.com\\\/es\\\/\",\"name\":\"Lifenatura\",\"description\":\"A Lifenatura \u00e9 uma loja de produtos naturais, cosm\u00e9tica natural e alimenta\u00e7\u00e3o Biol\u00f3gica.\",\"publisher\":{\"@id\":\"https:\\\/\\\/www.lifenatura.com\\\/es\\\/#organization\"},\"potentialAction\":[{\"@type\":\"SearchAction\",\"target\":{\"@type\":\"EntryPoint\",\"urlTemplate\":\"https:\\\/\\\/www.lifenatura.com\\\/es\\\/?s={search_term_string}\"},\"query-input\":{\"@type\":\"PropertyValueSpecification\",\"valueRequired\":true,\"valueName\":\"search_term_string\"}}],\"inLanguage\":\"es\"},{\"@type\":\"Organization\",\"@id\":\"https:\\\/\\\/www.lifenatura.com\\\/es\\\/#organization\",\"name\":\"Lifenatura\",\"url\":\"https:\\\/\\\/www.lifenatura.com\\\/es\\\/\",\"logo\":{\"@type\":\"ImageObject\",\"inLanguage\":\"es\",\"@id\":\"https:\\\/\\\/www.lifenatura.com\\\/es\\\/#\\\/schema\\\/logo\\\/image\\\/\",\"url\":\"https:\\\/\\\/www.lifenatura.com\\\/wp-content\\\/uploads\\\/2021\\\/07\\\/logo.png\",\"contentUrl\":\"https:\\\/\\\/www.lifenatura.com\\\/wp-content\\\/uploads\\\/2021\\\/07\\\/logo.png\",\"width\":175,\"height\":55,\"caption\":\"Lifenatura\"},\"image\":{\"@id\":\"https:\\\/\\\/www.lifenatura.com\\\/es\\\/#\\\/schema\\\/logo\\\/image\\\/\"},\"sameAs\":[\"https:\\\/\\\/www.facebook.com\\\/lifenatura\",\"https:\\\/\\\/www.instagram.com\\\/lifenaturapt\\\/\"],\"hasMerchantReturnPolicy\":{\"@type\":\"MerchantReturnPolicy\",\"merchantReturnLink\":\"https:\\\/\\\/www.lifenatura.com\\\/termos-condicoes-lifenatura\\\/\"}}]}<\/script>\n<meta property=\"product:price:amount\" content=\"51.91\" \/>\n<meta property=\"product:price:currency\" content=\"EUR\" \/>\n<meta property=\"og:availability\" content=\"instock\" \/>\n<meta property=\"product:availability\" content=\"instock\" \/>\n<meta property=\"product:retailer_item_id\" content=\"737870160397\" \/>\n<meta property=\"product:condition\" content=\"new\" \/>\n<!-- \/ Yoast SEO Premium plugin. -->","yoast_head_json":{"title":"Neuro-Mag Magn\u00e9sio L-Treonato 90 C\u00e1psulas - Life Extension - Na Lifenatura ao Melhor Pre\u00e7o | Envio em 48h","description":"El Treonato de Magnesio de Life Extension es un tipo de magnesio con una alta absorci\u00f3n en el cuerpo y mejora la memoria y todas las funciones cognitivas.","robots":{"index":"index","follow":"follow","max-snippet":"max-snippet:-1","max-image-preview":"max-image-preview:large","max-video-preview":"max-video-preview:-1"},"canonical":"https:\/\/www.lifenatura.com\/es\/produto\/neuro-mag-magnesio-treonato-90-capsulas-life-extension\/","og_locale":"es_ES","og_type":"article","og_title":"Neuro-Mag Magn\u00e9sio L-Treonato 90 C\u00e1psulas - Life Extension - Na Lifenatura ao Melhor Pre\u00e7o | Envio 48h","og_description":"Compre Neuro-Mag Magn\u00e9sio L-Treonato 90 C\u00e1psulas - Life Extension com envio r\u00e1pido. Entrega em 48h e portes gr\u00e1tis em compras >35\u20ac. Aproveite j\u00e1 na Lifenatura","og_url":"https:\/\/www.lifenatura.com\/es\/produto\/neuro-mag-magnesio-treonato-90-capsulas-life-extension\/","og_site_name":"Lifenatura","article_publisher":"https:\/\/www.facebook.com\/lifenatura","article_modified_time":"2026-04-23T10:59:43+00:00","og_image":[{"width":1000,"height":1000,"url":"https:\/\/www.lifenatura.com\/wp-content\/uploads\/2026\/04\/neuro-magnesio-treonato-life-extension.jpg.webp","type":"image\/webp"}],"twitter_card":"summary_large_image","twitter_misc":{"Precio":"51,91&nbsp;&euro;","Disponibilidad":"Disponible"},"schema":{"@context":"https:\/\/schema.org","@graph":[{"@type":"WebPage","@id":"https:\/\/www.lifenatura.com\/es\/produto\/neuro-mag-magnesio-treonato-90-capsulas-life-extension\/","url":"https:\/\/www.lifenatura.com\/es\/produto\/neuro-mag-magnesio-treonato-90-capsulas-life-extension\/","name":"Neuro-Mag Magn\u00e9sio L-Treonato 90 C\u00e1psulas - Life Extension - Na Lifenatura ao Melhor Pre\u00e7o | Envio em 48h","isPartOf":{"@id":"https:\/\/www.lifenatura.com\/es\/#website"},"primaryImageOfPage":{"@id":"https:\/\/www.lifenatura.com\/es\/produto\/neuro-mag-magnesio-treonato-90-capsulas-life-extension\/#primaryimage"},"image":{"@id":"https:\/\/www.lifenatura.com\/es\/produto\/neuro-mag-magnesio-treonato-90-capsulas-life-extension\/#primaryimage"},"thumbnailUrl":"https:\/\/www.lifenatura.com\/wp-content\/uploads\/2026\/04\/neuro-magnesio-treonato-life-extension.jpg.webp","datePublished":"2023-07-27T15:42:45+00:00","dateModified":"2026-04-23T10:59:43+00:00","description":"El Treonato de Magnesio de Life Extension es un tipo de magnesio con una alta absorci\u00f3n en el cuerpo y mejora la memoria y todas las funciones cognitivas.","breadcrumb":{"@id":"https:\/\/www.lifenatura.com\/es\/produto\/neuro-mag-magnesio-treonato-90-capsulas-life-extension\/#breadcrumb"},"inLanguage":"es","potentialAction":[{"@type":"ReadAction","target":["https:\/\/www.lifenatura.com\/es\/produto\/neuro-mag-magnesio-treonato-90-capsulas-life-extension\/"]}]},{"@type":"ImageObject","inLanguage":"es","@id":"https:\/\/www.lifenatura.com\/es\/produto\/neuro-mag-magnesio-treonato-90-capsulas-life-extension\/#primaryimage","url":"https:\/\/www.lifenatura.com\/wp-content\/uploads\/2026\/04\/neuro-magnesio-treonato-life-extension.jpg.webp","contentUrl":"https:\/\/www.lifenatura.com\/wp-content\/uploads\/2026\/04\/neuro-magnesio-treonato-life-extension.jpg.webp","width":1000,"height":1000},{"@type":"BreadcrumbList","@id":"https:\/\/www.lifenatura.com\/es\/produto\/neuro-mag-magnesio-treonato-90-capsulas-life-extension\/#breadcrumb","itemListElement":[{"@type":"ListItem","position":1,"name":"In\u00edcio","item":"https:\/\/www.lifenatura.com\/es\/"},{"@type":"ListItem","position":2,"name":"Todos los Productos","item":"https:\/\/www.lifenatura.com\/es\/tienda\/"},{"@type":"ListItem","position":3,"name":"Neuro-Mag Magn\u00e9sio L-Treonato 90 C\u00e1psulas &#8211; Life Extension"}]},{"@type":"WebSite","@id":"https:\/\/www.lifenatura.com\/es\/#website","url":"https:\/\/www.lifenatura.com\/es\/","name":"Lifenatura","description":"A Lifenatura \u00e9 uma loja de produtos naturais, cosm\u00e9tica natural e alimenta\u00e7\u00e3o Biol\u00f3gica.","publisher":{"@id":"https:\/\/www.lifenatura.com\/es\/#organization"},"potentialAction":[{"@type":"SearchAction","target":{"@type":"EntryPoint","urlTemplate":"https:\/\/www.lifenatura.com\/es\/?s={search_term_string}"},"query-input":{"@type":"PropertyValueSpecification","valueRequired":true,"valueName":"search_term_string"}}],"inLanguage":"es"},{"@type":"Organization","@id":"https:\/\/www.lifenatura.com\/es\/#organization","name":"Lifenatura","url":"https:\/\/www.lifenatura.com\/es\/","logo":{"@type":"ImageObject","inLanguage":"es","@id":"https:\/\/www.lifenatura.com\/es\/#\/schema\/logo\/image\/","url":"https:\/\/www.lifenatura.com\/wp-content\/uploads\/2021\/07\/logo.png","contentUrl":"https:\/\/www.lifenatura.com\/wp-content\/uploads\/2021\/07\/logo.png","width":175,"height":55,"caption":"Lifenatura"},"image":{"@id":"https:\/\/www.lifenatura.com\/es\/#\/schema\/logo\/image\/"},"sameAs":["https:\/\/www.facebook.com\/lifenatura","https:\/\/www.instagram.com\/lifenaturapt\/"],"hasMerchantReturnPolicy":{"@type":"MerchantReturnPolicy","merchantReturnLink":"https:\/\/www.lifenatura.com\/termos-condicoes-lifenatura\/"}}]},"product_price_amount":"51.91","product_price_currency":"EUR","og_availability":"instock","product_availability":"instock","product_retailer_item_id":"737870160397","product_condition":"new"},"df_price":51.91,"df_sale_price":51.91,"df_regular_price":61.71,"df_image_link":"https:\/\/www.lifenatura.com\/wp-content\/uploads\/2026\/04\/neuro-magnesio-treonato-life-extension.jpg-300x300.webp","_links":{"self":[{"href":"https:\/\/www.lifenatura.com\/es\/wp-json\/wp\/v2\/product\/71286","targetHints":{"allow":["GET"]}}],"collection":[{"href":"https:\/\/www.lifenatura.com\/es\/wp-json\/wp\/v2\/product"}],"about":[{"href":"https:\/\/www.lifenatura.com\/es\/wp-json\/wp\/v2\/types\/product"}],"wp:featuredmedia":[{"embeddable":true,"href":"https:\/\/www.lifenatura.com\/es\/wp-json\/wp\/v2\/media\/133417"}],"wp:attachment":[{"href":"https:\/\/www.lifenatura.com\/es\/wp-json\/wp\/v2\/media?parent=71286"}],"wp:term":[{"taxonomy":"product_brand","embeddable":true,"href":"https:\/\/www.lifenatura.com\/es\/wp-json\/wp\/v2\/product_brand?post=71286"},{"taxonomy":"product_cat","embeddable":true,"href":"https:\/\/www.lifenatura.com\/es\/wp-json\/wp\/v2\/product_cat?post=71286"},{"taxonomy":"product_tag","embeddable":true,"href":"https:\/\/www.lifenatura.com\/es\/wp-json\/wp\/v2\/product_tag?post=71286"}],"curies":[{"name":"wp","href":"https:\/\/api.w.org\/{rel}","templated":true}]}}