{"id":70329,"date":"2023-07-12T09:40:29","date_gmt":"2023-07-12T09:40:29","guid":{"rendered":"https:\/\/www.lifenatura.com\/?post_type=product&#038;p=70329"},"modified":"2026-04-17T02:28:11","modified_gmt":"2026-04-17T02:28:11","slug":"omegamil-super-epa-30-capsulas-farmodietica","status":"publish","type":"product","link":"https:\/\/www.lifenatura.com\/es\/produto\/omegamil-super-epa-30-capsulas-farmodietica\/","title":{"rendered":"Omegamil Super EPA 30 c\u00e1psulas &#8211; Farmodi\u00e9tica"},"content":{"rendered":"<h2 style=\"text-align: left;\"><strong>Omegamil Super EPA para el funcionamiento normal del coraz\u00f3n<\/strong><\/h2>\n<p>&nbsp;<\/p>\n<p>Omegamil Super EPA es un complemento alimenticio en c\u00e1psulas que contiene aceite de pescado concentrado y un alto contenido en \u00e1cidos grasos omega-3, EPA (\u00e1cido eicosapentaenoico) y DHA (\u00e1cido docosahexaenoico), as\u00ed como una formulaci\u00f3n enriquecida con vitamina E.<\/p>\n<p>El DHA y el EPA son grasas esenciales que el organismo no puede sintetizar y que deben obtenerse a trav\u00e9s de la dieta y\/o la suplementaci\u00f3n. Se encuentran en grandes cantidades en el pescado azul y los aceites de pescado y desempe\u00f1an un papel vital en el organismo.<\/p>\n<p>Este complemento alimenticio natural contiene Omega 3 y est\u00e1 indicado para proteger el coraz\u00f3n y tambi\u00e9n las c\u00e9lulas de nuestro organismo, debido a su composici\u00f3n tambi\u00e9n tiene un efecto antioxidante ideal para combatir los radicales libres.<\/p>\n<p><strong>Los 3 beneficios principales:<\/strong><\/p>\n<ul>\n<li><strong>Salud Cardiovascular:<\/strong> Omegamil Super EPA es rico en EPA, el Omega 3 conocido por sus beneficios para la salud del coraz\u00f3n. El EPA ayuda a reducir los niveles de triglic\u00e9ridos y colesterol, promoviendo la salud cardiovascular y disminuyendo el riesgo de enfermedades del coraz\u00f3n.<\/li>\n<li><strong>Reduce la Inflamaci\u00f3n:<\/strong> EPA tiene potentes propiedades anti-inflamatorias que ayudan a reducir la inflamaci\u00f3n en el cuerpo. Esto puede ser especialmente beneficioso para las personas que sufren de condiciones inflamatorias como la artritis, enfermedades autoinmunes y otras condiciones relacionadas con la inflamaci\u00f3n.<\/li>\n<li>Apoyo a <strong>la salud mental:<\/strong> Adem\u00e1s de sus beneficios cardiovasculares y antiinflamatorios, el EPA tambi\u00e9n puede apoyar la salud mental, ayudando a reducir los s\u00edntomas de la depresi\u00f3n, la ansiedad y otros trastornos del estado de \u00e1nimo.<\/li>\n<\/ul>\n<p><strong>PRESENTACI\u00d3N<\/strong><\/p>\n<p>30 c\u00e1psulas<\/p>\n<p>&nbsp;<\/p>\n","protected":false},"excerpt":{"rendered":"<p>Omegamil super EPA es un complemento alimenticio en c\u00e1psulas con aceite de pescado concentrado y un alto contenido en \u00e1cidos grasos omega-3. [&#8230;]<\/p>\n<p><a class=\"btn btn-secondary understrap-read-more-link\" href=\"https:\/\/www.lifenatura.com\/es\/produto\/omegamil-super-epa-30-capsulas-farmodietica\/\">Leer m\u00e1s&#8230;<span class=\"screen-reader-text\"> from Omegamil Super EPA 30 c\u00e1psulas &#8211; Farmodi\u00e9tica<\/span><\/a><\/p>\n","protected":false},"featured_media":131449,"template":"","meta":{"_acf_changed":false},"product_brand":[8488],"product_cat":[7659,7755,7179,7228],"product_tag":[8699],"class_list":{"0":"post-70329","1":"product","2":"type-product","3":"status-publish","4":"has-post-thumbnail","6":"product_brand-farmodietica","7":"product_cat-ingrediente-natural-bio","8":"product_cat-omega-3-es","9":"product_cat-salud","10":"product_cat-tension-arterial","11":"product_tag-farmodietica","13":"first","14":"instock","15":"sale","16":"featured","17":"shipping-taxable","18":"purchasable","19":"product-type-simple","20":"add-to-wishlist-before_image"},"acf":[],"yoast_head":"<!-- This site is optimized with the Yoast SEO Premium plugin v27.1 (Yoast SEO v27.4) - https:\/\/yoast.com\/product\/yoast-seo-premium-wordpress\/ -->\n<title>Omegamil Super EPA 30 c\u00e1psulas - Farmodi\u00e9tica - Lifenatura<\/title>\n<meta name=\"description\" content=\"Omegamil super EPA es un complemento alimenticio en c\u00e1psulas con aceite de pescado concentrado y un alto contenido en \u00e1cidos grasos omega-3.\" \/>\n<meta name=\"robots\" content=\"index, follow, max-snippet:-1, max-image-preview:large, max-video-preview:-1\" \/>\n<link rel=\"canonical\" href=\"https:\/\/www.lifenatura.com\/es\/produto\/omegamil-super-epa-30-capsulas-farmodietica\/\" \/>\n<meta property=\"og:locale\" content=\"es_ES\" \/>\n<meta property=\"og:type\" content=\"article\" \/>\n<meta property=\"og:title\" content=\"Omegamil Super EPA 30 c\u00e1psulas - Farmodi\u00e9tica - Lifenatura\" \/>\n<meta property=\"og:description\" content=\"Compre aqui o seu Omegamil Super EPA 30 c\u00e1psulas - Farmodi\u00e9tica e a Lifenatura Online envia em 48 H com Portes Gratis &gt;35\u20ac de Pedido.\" \/>\n<meta property=\"og:url\" content=\"https:\/\/www.lifenatura.com\/es\/produto\/omegamil-super-epa-30-capsulas-farmodietica\/\" \/>\n<meta property=\"og:site_name\" content=\"Lifenatura\" \/>\n<meta property=\"article:publisher\" content=\"https:\/\/www.facebook.com\/lifenatura\" \/>\n<meta property=\"article:modified_time\" content=\"2026-04-17T02:28:11+00:00\" \/>\n<meta property=\"og:image\" content=\"https:\/\/www.lifenatura.com\/wp-content\/uploads\/2023\/07\/pmegamil-super-EPA-farmodietica.jpg\" \/>\n\t<meta property=\"og:image:width\" content=\"1000\" \/>\n\t<meta property=\"og:image:height\" content=\"1000\" \/>\n\t<meta property=\"og:image:type\" content=\"image\/jpeg\" \/>\n<meta name=\"twitter:card\" content=\"summary_large_image\" \/>\n<meta name=\"twitter:label1\" content=\"Precio\" \/>\n\t<meta name=\"twitter:data1\" content=\"15,26&nbsp;&euro;\" \/>\n\t<meta name=\"twitter:label2\" content=\"Disponibilidad\" \/>\n\t<meta name=\"twitter:data2\" content=\"Disponible\" \/>\n<meta property=\"product:price:amount\" content=\"15.26\" \/>\n<meta property=\"product:price:currency\" content=\"EUR\" \/>\n<meta property=\"og:availability\" content=\"instock\" \/>\n<meta property=\"product:availability\" content=\"instock\" \/>\n<meta property=\"product:retailer_item_id\" content=\"5601653018470\" \/>\n<meta property=\"product:condition\" content=\"new\" \/>\n<!-- \/ Yoast SEO Premium plugin. -->","yoast_head_json":{"title":"Omegamil Super EPA 30 c\u00e1psulas - Farmodi\u00e9tica - Lifenatura","description":"Omegamil super EPA es un complemento alimenticio en c\u00e1psulas con aceite de pescado concentrado y un alto contenido en \u00e1cidos grasos omega-3.","robots":{"index":"index","follow":"follow","max-snippet":"max-snippet:-1","max-image-preview":"max-image-preview:large","max-video-preview":"max-video-preview:-1"},"canonical":"https:\/\/www.lifenatura.com\/es\/produto\/omegamil-super-epa-30-capsulas-farmodietica\/","og_locale":"es_ES","og_type":"article","og_title":"Omegamil Super EPA 30 c\u00e1psulas - Farmodi\u00e9tica - Lifenatura","og_description":"Compre aqui o seu Omegamil Super EPA 30 c\u00e1psulas - Farmodi\u00e9tica e a Lifenatura Online envia em 48 H com Portes Gratis >35\u20ac de Pedido.","og_url":"https:\/\/www.lifenatura.com\/es\/produto\/omegamil-super-epa-30-capsulas-farmodietica\/","og_site_name":"Lifenatura","article_publisher":"https:\/\/www.facebook.com\/lifenatura","article_modified_time":"2026-04-17T02:28:11+00:00","og_image":[{"width":1000,"height":1000,"url":"https:\/\/www.lifenatura.com\/wp-content\/uploads\/2023\/07\/pmegamil-super-EPA-farmodietica.jpg","type":"image\/jpeg"}],"twitter_card":"summary_large_image","twitter_misc":{"Precio":"15,26&nbsp;&euro;","Disponibilidad":"Disponible"},"schema":{"@context":"https:\/\/schema.org","@graph":[{"@type":"WebPage","@id":"https:\/\/www.lifenatura.com\/es\/produto\/omegamil-super-epa-30-capsulas-farmodietica\/","url":"https:\/\/www.lifenatura.com\/es\/produto\/omegamil-super-epa-30-capsulas-farmodietica\/","name":"Omegamil Super EPA 30 c\u00e1psulas - Farmodi\u00e9tica - Lifenatura","isPartOf":{"@id":"https:\/\/www.lifenatura.com\/es\/#website"},"primaryImageOfPage":{"@id":"https:\/\/www.lifenatura.com\/es\/produto\/omegamil-super-epa-30-capsulas-farmodietica\/#primaryimage"},"image":{"@id":"https:\/\/www.lifenatura.com\/es\/produto\/omegamil-super-epa-30-capsulas-farmodietica\/#primaryimage"},"thumbnailUrl":"https:\/\/www.lifenatura.com\/wp-content\/uploads\/2026\/03\/3D-Omegamil_Super_EPA_Caps.png","datePublished":"2023-07-12T09:40:29+00:00","dateModified":"2026-04-17T02:28:11+00:00","description":"Omegamil super EPA es un complemento alimenticio en c\u00e1psulas con aceite de pescado concentrado y un alto contenido en \u00e1cidos grasos omega-3.","breadcrumb":{"@id":"https:\/\/www.lifenatura.com\/es\/produto\/omegamil-super-epa-30-capsulas-farmodietica\/#breadcrumb"},"inLanguage":"es","potentialAction":[{"@type":"ReadAction","target":["https:\/\/www.lifenatura.com\/es\/produto\/omegamil-super-epa-30-capsulas-farmodietica\/"]}]},{"@type":"ImageObject","inLanguage":"es","@id":"https:\/\/www.lifenatura.com\/es\/produto\/omegamil-super-epa-30-capsulas-farmodietica\/#primaryimage","url":"https:\/\/www.lifenatura.com\/wp-content\/uploads\/2026\/03\/3D-Omegamil_Super_EPA_Caps.png","contentUrl":"https:\/\/www.lifenatura.com\/wp-content\/uploads\/2026\/03\/3D-Omegamil_Super_EPA_Caps.png","width":800,"height":800},{"@type":"BreadcrumbList","@id":"https:\/\/www.lifenatura.com\/es\/produto\/omegamil-super-epa-30-capsulas-farmodietica\/#breadcrumb","itemListElement":[{"@type":"ListItem","position":1,"name":"In\u00edcio","item":"https:\/\/www.lifenatura.com\/es\/"},{"@type":"ListItem","position":2,"name":"Todos los Productos","item":"https:\/\/www.lifenatura.com\/es\/tienda\/"},{"@type":"ListItem","position":3,"name":"Omegamil Super EPA 30 c\u00e1psulas &#8211; Farmodi\u00e9tica"}]},{"@type":"WebSite","@id":"https:\/\/www.lifenatura.com\/es\/#website","url":"https:\/\/www.lifenatura.com\/es\/","name":"Lifenatura","description":"A Lifenatura \u00e9 uma loja de produtos naturais, cosm\u00e9tica natural e alimenta\u00e7\u00e3o Biol\u00f3gica.","publisher":{"@id":"https:\/\/www.lifenatura.com\/es\/#organization"},"potentialAction":[{"@type":"SearchAction","target":{"@type":"EntryPoint","urlTemplate":"https:\/\/www.lifenatura.com\/es\/?s={search_term_string}"},"query-input":{"@type":"PropertyValueSpecification","valueRequired":true,"valueName":"search_term_string"}}],"inLanguage":"es"},{"@type":"Organization","@id":"https:\/\/www.lifenatura.com\/es\/#organization","name":"Lifenatura","url":"https:\/\/www.lifenatura.com\/es\/","logo":{"@type":"ImageObject","inLanguage":"es","@id":"https:\/\/www.lifenatura.com\/es\/#\/schema\/logo\/image\/","url":"https:\/\/www.lifenatura.com\/wp-content\/uploads\/2021\/11\/logo.png","contentUrl":"https:\/\/www.lifenatura.com\/wp-content\/uploads\/2021\/11\/logo.png","width":175,"height":55,"caption":"Lifenatura"},"image":{"@id":"https:\/\/www.lifenatura.com\/es\/#\/schema\/logo\/image\/"},"sameAs":["https:\/\/www.facebook.com\/lifenatura","https:\/\/www.instagram.com\/lifenaturapt\/"]}]},"product_price_amount":"15.26","product_price_currency":"EUR","og_availability":"instock","product_availability":"instock","product_retailer_item_id":"5601653018470","product_condition":"new"},"df_price":15.26,"df_sale_price":15.26,"df_regular_price":27.75,"df_image_link":"https:\/\/www.lifenatura.com\/wp-content\/uploads\/2026\/03\/3D-Omegamil_Super_EPA_Caps-300x300.png","_links":{"self":[{"href":"https:\/\/www.lifenatura.com\/es\/wp-json\/wp\/v2\/product\/70329","targetHints":{"allow":["GET"]}}],"collection":[{"href":"https:\/\/www.lifenatura.com\/es\/wp-json\/wp\/v2\/product"}],"about":[{"href":"https:\/\/www.lifenatura.com\/es\/wp-json\/wp\/v2\/types\/product"}],"wp:featuredmedia":[{"embeddable":true,"href":"https:\/\/www.lifenatura.com\/es\/wp-json\/wp\/v2\/media\/131449"}],"wp:attachment":[{"href":"https:\/\/www.lifenatura.com\/es\/wp-json\/wp\/v2\/media?parent=70329"}],"wp:term":[{"taxonomy":"product_brand","embeddable":true,"href":"https:\/\/www.lifenatura.com\/es\/wp-json\/wp\/v2\/product_brand?post=70329"},{"taxonomy":"product_cat","embeddable":true,"href":"https:\/\/www.lifenatura.com\/es\/wp-json\/wp\/v2\/product_cat?post=70329"},{"taxonomy":"product_tag","embeddable":true,"href":"https:\/\/www.lifenatura.com\/es\/wp-json\/wp\/v2\/product_tag?post=70329"}],"curies":[{"name":"wp","href":"https:\/\/api.w.org\/{rel}","templated":true}]}}