{"id":70222,"date":"2023-07-11T09:40:24","date_gmt":"2023-07-11T09:40:24","guid":{"rendered":"https:\/\/www.lifenatura.com\/?post_type=product&#038;p=70222"},"modified":"2025-10-06T11:56:41","modified_gmt":"2025-10-06T11:56:41","slug":"granola-de-jengibre-limon-y-albaricoque-trinca","status":"publish","type":"product","link":"https:\/\/www.lifenatura.com\/es\/produto\/granola-de-jengibre-limon-y-albaricoque-trinca\/","title":{"rendered":"Granola de jengibre, lim\u00f3n y albaricoque &#8211; Trinca"},"content":{"rendered":"<h2 style=\"text-align: left;\"><strong>Granola Trinca de Jengibre, Lim\u00f3n y Albaricoque &#8211; Energ\u00eda refrescante y sabor ex\u00f3tico<\/strong><\/h2>\n<p>&nbsp;<\/p>\n<p>La Granola de Jengibre, Lim\u00f3n y Albaricoque de Trinca es una combinaci\u00f3n \u00fanica y sabrosa que combina el picante del jengibre, la frescura del lim\u00f3n y el dulzor natural de los trozos de albaricoque. Elaborada con ingredientes de origen natural y copos de avena integrales, esta granola ofrece una explosi\u00f3n de sabores y beneficios nutricionales, ideal para empezar el d\u00eda o como tentempi\u00e9 saludable en cualquier momento.<\/p>\n<p>Con un equilibrio perfecto de sabor y nutrici\u00f3n, esta granola es rica en fibra, vitaminas y antioxidantes, ayudando a promover la salud general y a mantener la energ\u00eda durante todo el d\u00eda.<\/p>\n<p>El jengibre es conocido por sus propiedades antiinflamatorias y digestivas, mientras que el lim\u00f3n aporta una refrescante dosis de vitamina C, que contribuye a la inmunidad. Los trocitos de albaricoque, naturalmente dulces, complementan esta mezcla con un toque energ\u00e9tico y nutritivo.<\/p>\n<p><strong>Principales beneficios:<\/strong><\/p>\n<ul>\n<li><strong>Energ\u00eda natural y sostenida:<\/strong> Ideal para recargar fuerzas de forma sana y equilibrada.<\/li>\n<li><strong>Propiedades digestivas:<\/strong> El jengibre y la fibra favorecen la digesti\u00f3n y el bienestar intestinal.<\/li>\n<li><strong>Fuente de antioxidantes:<\/strong> El lim\u00f3n y el albaricoque ayudan a proteger las c\u00e9lulas contra los radicales libres.<\/li>\n<li><strong>Sin az\u00facares refinados:<\/strong> Una opci\u00f3n saludable para toda la familia.<\/li>\n<\/ul>\n<p><strong>Adecuado para:<\/strong><\/p>\n<p>La Granola de Jengibre, Lim\u00f3n y Albaricoque de Trinca es perfecta para quienes valoran una dieta sana y equilibrada con un toque de creatividad. Apta para vegetarianos, veganos, deportistas o cualquiera que busque un desayuno o merienda nutritivos. Deliciosa con yogur, bebidas vegetales o como cobertura de batidos.<\/p>\n<p>El frescor que aporta la combinaci\u00f3n de lim\u00f3n y jengibre se ve realzado por el dulzor de los albaricoques secos. Esta ex\u00f3tica mezcla de sabores combina bien con fruta fresca o con su yogur favorito. No contiene gluten y es rico en fibra.<\/p>\n<p><strong>\u00bfY lo mejor de todo?<\/strong><\/p>\n<p>Al ser tan rico en grasas saludables, te mantiene satisfecho durante mucho tiempo.<\/p>\n<p><strong>PRESENTACI\u00d3N<\/strong><\/p>\n<p>400g<\/p>\n<p>&nbsp;<\/p>\n","protected":false},"excerpt":{"rendered":"<p>El frescor que aporta la combinaci\u00f3n de lim\u00f3n y jengibre se ve realzado por el dulzor de los orejones. No contiene gluten y es rico en fibra. [&#8230;]<\/p>\n<p><a class=\"btn btn-secondary understrap-read-more-link\" href=\"https:\/\/www.lifenatura.com\/es\/produto\/granola-de-jengibre-limon-y-albaricoque-trinca\/\">Leer m\u00e1s&#8230;<span class=\"screen-reader-text\"> from Granola de jengibre, lim\u00f3n y albaricoque &#8211; Trinca<\/span><\/a><\/p>\n","protected":false},"featured_media":103706,"template":"","meta":{"_acf_changed":false},"product_brand":[8391],"product_cat":[7064,7088,7659,7165,7074],"product_tag":[],"class_list":{"0":"post-70222","1":"product","2":"type-product","3":"status-publish","4":"has-post-thumbnail","6":"product_brand-trinca","7":"product_cat-alimentacion-sana","8":"product_cat-granola-y-muesli","9":"product_cat-ingrediente-natural-bio","10":"product_cat-jengibre","11":"product_cat-productos-alimenticios","12":"pa_caracteristicas-biologico","13":"pa_caracteristicas-sin-azucares-anadidos","14":"pa_caracteristicas-sin-conservantes","15":"pa_caracteristicas-sin-gluten","17":"first","18":"instock","19":"shipping-taxable","20":"purchasable","21":"product-type-simple","22":"add-to-wishlist-before_image"},"acf":[],"yoast_head":"<!-- This site is optimized with the Yoast SEO Premium plugin v27.1 (Yoast SEO v27.4) - https:\/\/yoast.com\/product\/yoast-seo-premium-wordpress\/ -->\n<title>Granola de jengibre, lim\u00f3n y albaricoque - Trinca - Lifenatura<\/title>\n<meta name=\"description\" content=\"El frescor que aporta la combinaci\u00f3n de lim\u00f3n y jengibre se ve realzado por el dulzor de los orejones. No contiene gluten y es rico en fibra.\" \/>\n<meta name=\"robots\" content=\"index, follow, max-snippet:-1, max-image-preview:large, max-video-preview:-1\" \/>\n<link rel=\"canonical\" href=\"https:\/\/www.lifenatura.com\/es\/produto\/granola-de-jengibre-limon-y-albaricoque-trinca\/\" \/>\n<meta property=\"og:locale\" content=\"es_ES\" \/>\n<meta property=\"og:type\" content=\"article\" \/>\n<meta property=\"og:title\" content=\"Granola de jengibre, lim\u00f3n y albaricoque - Trinca - Lifenatura\" \/>\n<meta property=\"og:description\" content=\"Compre aqui o seu Granola de jengibre, lim\u00f3n y albaricoque - Trinca e a Lifenatura Online envia em 48 H com Portes Gratis &gt;35\u20ac de Pedido.\" \/>\n<meta property=\"og:url\" content=\"https:\/\/www.lifenatura.com\/es\/produto\/granola-de-jengibre-limon-y-albaricoque-trinca\/\" \/>\n<meta property=\"og:site_name\" content=\"Lifenatura\" \/>\n<meta property=\"article:publisher\" content=\"https:\/\/www.facebook.com\/lifenatura\" \/>\n<meta property=\"article:modified_time\" content=\"2025-10-06T11:56:41+00:00\" \/>\n<meta property=\"og:image\" content=\"https:\/\/www.lifenatura.com\/wp-content\/uploads\/2023\/07\/granola-gengibre-limao-alperce-trinca-1.jpg\" \/>\n\t<meta property=\"og:image:width\" content=\"1000\" \/>\n\t<meta property=\"og:image:height\" content=\"1000\" \/>\n\t<meta property=\"og:image:type\" content=\"image\/jpeg\" \/>\n<meta name=\"twitter:card\" content=\"summary_large_image\" \/>\n<meta name=\"twitter:label1\" content=\"Precio\" \/>\n\t<meta name=\"twitter:data1\" content=\"8,20&nbsp;&euro;\" \/>\n\t<meta name=\"twitter:label2\" content=\"Disponibilidad\" \/>\n\t<meta name=\"twitter:data2\" content=\"Disponible\" \/>\n<meta property=\"product:price:amount\" content=\"8.20\" \/>\n<meta property=\"product:price:currency\" content=\"EUR\" \/>\n<meta property=\"og:availability\" content=\"instock\" \/>\n<meta property=\"product:availability\" content=\"instock\" \/>\n<meta property=\"product:retailer_item_id\" content=\"5600746709011\" \/>\n<meta property=\"product:condition\" content=\"new\" \/>\n<!-- \/ Yoast SEO Premium plugin. -->","yoast_head_json":{"title":"Granola de jengibre, lim\u00f3n y albaricoque - Trinca - Lifenatura","description":"El frescor que aporta la combinaci\u00f3n de lim\u00f3n y jengibre se ve realzado por el dulzor de los orejones. No contiene gluten y es rico en fibra.","robots":{"index":"index","follow":"follow","max-snippet":"max-snippet:-1","max-image-preview":"max-image-preview:large","max-video-preview":"max-video-preview:-1"},"canonical":"https:\/\/www.lifenatura.com\/es\/produto\/granola-de-jengibre-limon-y-albaricoque-trinca\/","og_locale":"es_ES","og_type":"article","og_title":"Granola de jengibre, lim\u00f3n y albaricoque - Trinca - Lifenatura","og_description":"Compre aqui o seu Granola de jengibre, lim\u00f3n y albaricoque - Trinca e a Lifenatura Online envia em 48 H com Portes Gratis >35\u20ac de Pedido.","og_url":"https:\/\/www.lifenatura.com\/es\/produto\/granola-de-jengibre-limon-y-albaricoque-trinca\/","og_site_name":"Lifenatura","article_publisher":"https:\/\/www.facebook.com\/lifenatura","article_modified_time":"2025-10-06T11:56:41+00:00","og_image":[{"width":1000,"height":1000,"url":"https:\/\/www.lifenatura.com\/wp-content\/uploads\/2023\/07\/granola-gengibre-limao-alperce-trinca-1.jpg","type":"image\/jpeg"}],"twitter_card":"summary_large_image","twitter_misc":{"Precio":"8,20&nbsp;&euro;","Disponibilidad":"Disponible"},"schema":{"@context":"https:\/\/schema.org","@graph":[{"@type":"WebPage","@id":"https:\/\/www.lifenatura.com\/es\/produto\/granola-de-jengibre-limon-y-albaricoque-trinca\/","url":"https:\/\/www.lifenatura.com\/es\/produto\/granola-de-jengibre-limon-y-albaricoque-trinca\/","name":"Granola de jengibre, lim\u00f3n y albaricoque - Trinca - Lifenatura","isPartOf":{"@id":"https:\/\/www.lifenatura.com\/es\/#website"},"primaryImageOfPage":{"@id":"https:\/\/www.lifenatura.com\/es\/produto\/granola-de-jengibre-limon-y-albaricoque-trinca\/#primaryimage"},"image":{"@id":"https:\/\/www.lifenatura.com\/es\/produto\/granola-de-jengibre-limon-y-albaricoque-trinca\/#primaryimage"},"thumbnailUrl":"https:\/\/www.lifenatura.com\/wp-content\/uploads\/2023\/07\/granola-gengibre-limao-alperce-trinca-1.jpg","datePublished":"2023-07-11T09:40:24+00:00","dateModified":"2025-10-06T11:56:41+00:00","description":"El frescor que aporta la combinaci\u00f3n de lim\u00f3n y jengibre se ve realzado por el dulzor de los orejones. No contiene gluten y es rico en fibra.","breadcrumb":{"@id":"https:\/\/www.lifenatura.com\/es\/produto\/granola-de-jengibre-limon-y-albaricoque-trinca\/#breadcrumb"},"inLanguage":"es","potentialAction":[{"@type":"ReadAction","target":["https:\/\/www.lifenatura.com\/es\/produto\/granola-de-jengibre-limon-y-albaricoque-trinca\/"]}]},{"@type":"ImageObject","inLanguage":"es","@id":"https:\/\/www.lifenatura.com\/es\/produto\/granola-de-jengibre-limon-y-albaricoque-trinca\/#primaryimage","url":"https:\/\/www.lifenatura.com\/wp-content\/uploads\/2023\/07\/granola-gengibre-limao-alperce-trinca-1.jpg","contentUrl":"https:\/\/www.lifenatura.com\/wp-content\/uploads\/2023\/07\/granola-gengibre-limao-alperce-trinca-1.jpg","width":1000,"height":1000,"caption":"Granola da trinca de gengibre e alperce"},{"@type":"BreadcrumbList","@id":"https:\/\/www.lifenatura.com\/es\/produto\/granola-de-jengibre-limon-y-albaricoque-trinca\/#breadcrumb","itemListElement":[{"@type":"ListItem","position":1,"name":"In\u00edcio","item":"https:\/\/www.lifenatura.com\/es\/"},{"@type":"ListItem","position":2,"name":"Todos los Productos","item":"https:\/\/www.lifenatura.com\/es\/tienda\/"},{"@type":"ListItem","position":3,"name":"Granola de jengibre, lim\u00f3n y albaricoque &#8211; Trinca"}]},{"@type":"WebSite","@id":"https:\/\/www.lifenatura.com\/es\/#website","url":"https:\/\/www.lifenatura.com\/es\/","name":"Lifenatura","description":"A Lifenatura \u00e9 uma loja de produtos naturais, cosm\u00e9tica natural e alimenta\u00e7\u00e3o Biol\u00f3gica.","publisher":{"@id":"https:\/\/www.lifenatura.com\/es\/#organization"},"potentialAction":[{"@type":"SearchAction","target":{"@type":"EntryPoint","urlTemplate":"https:\/\/www.lifenatura.com\/es\/?s={search_term_string}"},"query-input":{"@type":"PropertyValueSpecification","valueRequired":true,"valueName":"search_term_string"}}],"inLanguage":"es"},{"@type":"Organization","@id":"https:\/\/www.lifenatura.com\/es\/#organization","name":"Lifenatura","url":"https:\/\/www.lifenatura.com\/es\/","logo":{"@type":"ImageObject","inLanguage":"es","@id":"https:\/\/www.lifenatura.com\/es\/#\/schema\/logo\/image\/","url":"https:\/\/www.lifenatura.com\/wp-content\/uploads\/2021\/11\/logo.png","contentUrl":"https:\/\/www.lifenatura.com\/wp-content\/uploads\/2021\/11\/logo.png","width":175,"height":55,"caption":"Lifenatura"},"image":{"@id":"https:\/\/www.lifenatura.com\/es\/#\/schema\/logo\/image\/"},"sameAs":["https:\/\/www.facebook.com\/lifenatura","https:\/\/www.instagram.com\/lifenaturapt\/"]}]},"product_price_amount":"8.20","product_price_currency":"EUR","og_availability":"instock","product_availability":"instock","product_retailer_item_id":"5600746709011","product_condition":"new"},"df_price":8.2,"df_sale_price":"","df_regular_price":8.2,"df_image_link":"https:\/\/www.lifenatura.com\/wp-content\/uploads\/2023\/07\/granola-gengibre-limao-alperce-trinca-1-300x300.jpg","_links":{"self":[{"href":"https:\/\/www.lifenatura.com\/es\/wp-json\/wp\/v2\/product\/70222","targetHints":{"allow":["GET"]}}],"collection":[{"href":"https:\/\/www.lifenatura.com\/es\/wp-json\/wp\/v2\/product"}],"about":[{"href":"https:\/\/www.lifenatura.com\/es\/wp-json\/wp\/v2\/types\/product"}],"wp:featuredmedia":[{"embeddable":true,"href":"https:\/\/www.lifenatura.com\/es\/wp-json\/wp\/v2\/media\/103706"}],"wp:attachment":[{"href":"https:\/\/www.lifenatura.com\/es\/wp-json\/wp\/v2\/media?parent=70222"}],"wp:term":[{"taxonomy":"product_brand","embeddable":true,"href":"https:\/\/www.lifenatura.com\/es\/wp-json\/wp\/v2\/product_brand?post=70222"},{"taxonomy":"product_cat","embeddable":true,"href":"https:\/\/www.lifenatura.com\/es\/wp-json\/wp\/v2\/product_cat?post=70222"},{"taxonomy":"product_tag","embeddable":true,"href":"https:\/\/www.lifenatura.com\/es\/wp-json\/wp\/v2\/product_tag?post=70222"}],"curies":[{"name":"wp","href":"https:\/\/api.w.org\/{rel}","templated":true}]}}