{"id":68525,"date":"2023-06-20T15:41:33","date_gmt":"2023-06-20T15:41:33","guid":{"rendered":"https:\/\/www.lifenatura.com\/?post_type=product&#038;p=68525"},"modified":"2023-06-20T15:48:58","modified_gmt":"2023-06-20T15:48:58","slug":"cascaras-enteras-de-psyllium-300-g-bio-kult","status":"publish","type":"product","link":"https:\/\/www.lifenatura.com\/es\/produto\/cascaras-enteras-de-psyllium-300-g-bio-kult\/","title":{"rendered":"C\u00e1scaras Enteras de Psyllium 300 g &#8211; Bio-Kult"},"content":{"rendered":"<h2 style=\"text-align: left\"><strong>Las c\u00e1scaras enteras de Psyllium ayudan a mantener un intestino sano y regular<\/strong><\/h2>\n<p>&nbsp;<\/p>\n<p>El psilio es conocido por mantener un tr\u00e1nsito intestinal normal, absorbiendo muchas veces su peso y produciendo un gel viscoso que asegura un tr\u00e1nsito suave por todo el tracto digestivo.<\/p>\n<p>La fibra es una parte fundamental de nuestra dieta para mantener un intestino sano. No consumir suficiente fibra puede provocar problemas digestivos como el estre\u00f1imiento y otros trastornos digestivos cr\u00f3nicos.<\/p>\n<p><strong>PRESENTACI\u00d3N<\/strong><\/p>\n<p>300 g<\/p>\n<p>&nbsp;<\/p>\n","protected":false},"excerpt":{"rendered":"<p>Este producto es conocido por mantener un tr\u00e1nsito intestinal normal, asegura un tr\u00e1nsito fluido por todo el tracto digestivo. [&#8230;]<\/p>\n<p><a class=\"btn btn-secondary understrap-read-more-link\" href=\"https:\/\/www.lifenatura.com\/es\/produto\/cascaras-enteras-de-psyllium-300-g-bio-kult\/\">Leer m\u00e1s&#8230;<span class=\"screen-reader-text\"> from C\u00e1scaras Enteras de Psyllium 300 g &#8211; Bio-Kult<\/span><\/a><\/p>\n","protected":false},"featured_media":68600,"template":"","meta":{"_acf_changed":false},"product_brand":[8545],"product_cat":[7257,7256,7179],"product_tag":[],"class_list":{"0":"post-68525","1":"product","2":"type-product","3":"status-publish","4":"has-post-thumbnail","6":"product_brand-bio-kult","7":"product_cat-estrenimiento","8":"product_cat-flora-intestinal-salud","9":"product_cat-salud","11":"first","12":"outofstock","13":"shipping-taxable","14":"purchasable","15":"product-type-simple","16":"add-to-wishlist-before_image"},"acf":[],"yoast_head":"<!-- This site is optimized with the Yoast SEO Premium plugin v27.1 (Yoast SEO v27.5) - https:\/\/yoast.com\/product\/yoast-seo-premium-wordpress\/ -->\n<title>C\u00e1scaras Enteras de Psyllium 300 g - Bio-Kult - Na Lifenatura ao Melhor Pre\u00e7o | Envio em 48h<\/title>\n<meta name=\"description\" content=\"Este producto es conocido por mantener un tr\u00e1nsito intestinal normal, asegura un tr\u00e1nsito fluido por todo el tracto digestivo.\" \/>\n<meta name=\"robots\" content=\"index, follow, max-snippet:-1, max-image-preview:large, max-video-preview:-1\" \/>\n<link rel=\"canonical\" href=\"https:\/\/www.lifenatura.com\/es\/produto\/cascaras-enteras-de-psyllium-300-g-bio-kult\/\" \/>\n<meta property=\"og:locale\" content=\"es_ES\" \/>\n<meta property=\"og:type\" content=\"article\" \/>\n<meta property=\"og:title\" content=\"C\u00e1scaras Enteras de Psyllium 300 g - Bio-Kult - Na Lifenatura ao Melhor Pre\u00e7o | Envio 48h\" \/>\n<meta property=\"og:description\" content=\"Compre C\u00e1scaras Enteras de Psyllium 300 g - Bio-Kult com envio r\u00e1pido. Entrega em 48h e portes gr\u00e1tis em compras &gt;35\u20ac. Aproveite j\u00e1 na Lifenatura\" \/>\n<meta property=\"og:url\" content=\"https:\/\/www.lifenatura.com\/es\/produto\/cascaras-enteras-de-psyllium-300-g-bio-kult\/\" \/>\n<meta property=\"og:site_name\" content=\"Lifenatura\" \/>\n<meta property=\"article:publisher\" content=\"https:\/\/www.facebook.com\/lifenatura\" \/>\n<meta property=\"article:modified_time\" content=\"2023-06-20T15:48:58+00:00\" \/>\n<meta property=\"og:image\" content=\"https:\/\/www.lifenatura.com\/wp-content\/uploads\/2023\/06\/psyllium-husks-bio-kult.jpg\" \/>\n\t<meta property=\"og:image:width\" content=\"1000\" \/>\n\t<meta property=\"og:image:height\" content=\"1000\" \/>\n\t<meta property=\"og:image:type\" content=\"image\/jpeg\" \/>\n<meta name=\"twitter:card\" content=\"summary_large_image\" \/>\n<meta name=\"twitter:label1\" content=\"Precio\" \/>\n\t<meta name=\"twitter:data1\" content=\"21,90&nbsp;&euro;\" \/>\n\t<meta name=\"twitter:label2\" content=\"Disponibilidad\" \/>\n\t<meta name=\"twitter:data2\" content=\"Sin existencias\" \/>\n<script type=\"application\/ld+json\" class=\"yoast-schema-graph\">{\"@context\":\"https:\\\/\\\/schema.org\",\"@graph\":[{\"@type\":\"WebPage\",\"@id\":\"https:\\\/\\\/www.lifenatura.com\\\/es\\\/produto\\\/cascaras-enteras-de-psyllium-300-g-bio-kult\\\/\",\"url\":\"https:\\\/\\\/www.lifenatura.com\\\/es\\\/produto\\\/cascaras-enteras-de-psyllium-300-g-bio-kult\\\/\",\"name\":\"C\u00e1scaras Enteras de Psyllium 300 g - Bio-Kult - Na Lifenatura ao Melhor Pre\u00e7o | Envio em 48h\",\"isPartOf\":{\"@id\":\"https:\\\/\\\/www.lifenatura.com\\\/es\\\/#website\"},\"primaryImageOfPage\":{\"@id\":\"https:\\\/\\\/www.lifenatura.com\\\/es\\\/produto\\\/cascaras-enteras-de-psyllium-300-g-bio-kult\\\/#primaryimage\"},\"image\":{\"@id\":\"https:\\\/\\\/www.lifenatura.com\\\/es\\\/produto\\\/cascaras-enteras-de-psyllium-300-g-bio-kult\\\/#primaryimage\"},\"thumbnailUrl\":\"https:\\\/\\\/www.lifenatura.com\\\/wp-content\\\/uploads\\\/2023\\\/06\\\/psyllium-husks-bio-kult.jpg\",\"datePublished\":\"2023-06-20T15:41:33+00:00\",\"dateModified\":\"2023-06-20T15:48:58+00:00\",\"description\":\"Este producto es conocido por mantener un tr\u00e1nsito intestinal normal, asegura un tr\u00e1nsito fluido por todo el tracto digestivo.\",\"breadcrumb\":{\"@id\":\"https:\\\/\\\/www.lifenatura.com\\\/es\\\/produto\\\/cascaras-enteras-de-psyllium-300-g-bio-kult\\\/#breadcrumb\"},\"inLanguage\":\"es\",\"potentialAction\":[{\"@type\":\"ReadAction\",\"target\":[\"https:\\\/\\\/www.lifenatura.com\\\/es\\\/produto\\\/cascaras-enteras-de-psyllium-300-g-bio-kult\\\/\"]}]},{\"@type\":\"ImageObject\",\"inLanguage\":\"es\",\"@id\":\"https:\\\/\\\/www.lifenatura.com\\\/es\\\/produto\\\/cascaras-enteras-de-psyllium-300-g-bio-kult\\\/#primaryimage\",\"url\":\"https:\\\/\\\/www.lifenatura.com\\\/wp-content\\\/uploads\\\/2023\\\/06\\\/psyllium-husks-bio-kult.jpg\",\"contentUrl\":\"https:\\\/\\\/www.lifenatura.com\\\/wp-content\\\/uploads\\\/2023\\\/06\\\/psyllium-husks-bio-kult.jpg\",\"width\":1000,\"height\":1000,\"caption\":\"Psyllium husks da marca Bio-kult\"},{\"@type\":\"BreadcrumbList\",\"@id\":\"https:\\\/\\\/www.lifenatura.com\\\/es\\\/produto\\\/cascaras-enteras-de-psyllium-300-g-bio-kult\\\/#breadcrumb\",\"itemListElement\":[{\"@type\":\"ListItem\",\"position\":1,\"name\":\"In\u00edcio\",\"item\":\"https:\\\/\\\/www.lifenatura.com\\\/es\\\/\"},{\"@type\":\"ListItem\",\"position\":2,\"name\":\"Todos los Productos\",\"item\":\"https:\\\/\\\/www.lifenatura.com\\\/es\\\/tienda\\\/\"},{\"@type\":\"ListItem\",\"position\":3,\"name\":\"C\u00e1scaras Enteras de Psyllium 300 g &#8211; Bio-Kult\"}]},{\"@type\":\"WebSite\",\"@id\":\"https:\\\/\\\/www.lifenatura.com\\\/es\\\/#website\",\"url\":\"https:\\\/\\\/www.lifenatura.com\\\/es\\\/\",\"name\":\"Lifenatura\",\"description\":\"A Lifenatura \u00e9 uma loja de produtos naturais, cosm\u00e9tica natural e alimenta\u00e7\u00e3o Biol\u00f3gica.\",\"publisher\":{\"@id\":\"https:\\\/\\\/www.lifenatura.com\\\/es\\\/#organization\"},\"potentialAction\":[{\"@type\":\"SearchAction\",\"target\":{\"@type\":\"EntryPoint\",\"urlTemplate\":\"https:\\\/\\\/www.lifenatura.com\\\/es\\\/?s={search_term_string}\"},\"query-input\":{\"@type\":\"PropertyValueSpecification\",\"valueRequired\":true,\"valueName\":\"search_term_string\"}}],\"inLanguage\":\"es\"},{\"@type\":\"Organization\",\"@id\":\"https:\\\/\\\/www.lifenatura.com\\\/es\\\/#organization\",\"name\":\"Lifenatura\",\"url\":\"https:\\\/\\\/www.lifenatura.com\\\/es\\\/\",\"logo\":{\"@type\":\"ImageObject\",\"inLanguage\":\"es\",\"@id\":\"https:\\\/\\\/www.lifenatura.com\\\/es\\\/#\\\/schema\\\/logo\\\/image\\\/\",\"url\":\"https:\\\/\\\/www.lifenatura.com\\\/wp-content\\\/uploads\\\/2021\\\/07\\\/logo.png\",\"contentUrl\":\"https:\\\/\\\/www.lifenatura.com\\\/wp-content\\\/uploads\\\/2021\\\/07\\\/logo.png\",\"width\":175,\"height\":55,\"caption\":\"Lifenatura\"},\"image\":{\"@id\":\"https:\\\/\\\/www.lifenatura.com\\\/es\\\/#\\\/schema\\\/logo\\\/image\\\/\"},\"sameAs\":[\"https:\\\/\\\/www.facebook.com\\\/lifenatura\",\"https:\\\/\\\/www.instagram.com\\\/lifenaturapt\\\/\"],\"hasMerchantReturnPolicy\":{\"@type\":\"MerchantReturnPolicy\",\"merchantReturnLink\":\"https:\\\/\\\/www.lifenatura.com\\\/termos-condicoes-lifenatura\\\/\"}}]}<\/script>\n<meta property=\"product:price:amount\" content=\"21.90\" \/>\n<meta property=\"product:price:currency\" content=\"EUR\" \/>\n<meta property=\"og:availability\" content=\"out of stock\" \/>\n<meta property=\"product:availability\" content=\"out of stock\" \/>\n<meta property=\"product:retailer_item_id\" content=\"5028523000944\" \/>\n<meta property=\"product:condition\" content=\"new\" \/>\n<!-- \/ Yoast SEO Premium plugin. -->","yoast_head_json":{"title":"C\u00e1scaras Enteras de Psyllium 300 g - Bio-Kult - Na Lifenatura ao Melhor Pre\u00e7o | Envio em 48h","description":"Este producto es conocido por mantener un tr\u00e1nsito intestinal normal, asegura un tr\u00e1nsito fluido por todo el tracto digestivo.","robots":{"index":"index","follow":"follow","max-snippet":"max-snippet:-1","max-image-preview":"max-image-preview:large","max-video-preview":"max-video-preview:-1"},"canonical":"https:\/\/www.lifenatura.com\/es\/produto\/cascaras-enteras-de-psyllium-300-g-bio-kult\/","og_locale":"es_ES","og_type":"article","og_title":"C\u00e1scaras Enteras de Psyllium 300 g - Bio-Kult - Na Lifenatura ao Melhor Pre\u00e7o | Envio 48h","og_description":"Compre C\u00e1scaras Enteras de Psyllium 300 g - Bio-Kult com envio r\u00e1pido. Entrega em 48h e portes gr\u00e1tis em compras >35\u20ac. Aproveite j\u00e1 na Lifenatura","og_url":"https:\/\/www.lifenatura.com\/es\/produto\/cascaras-enteras-de-psyllium-300-g-bio-kult\/","og_site_name":"Lifenatura","article_publisher":"https:\/\/www.facebook.com\/lifenatura","article_modified_time":"2023-06-20T15:48:58+00:00","og_image":[{"width":1000,"height":1000,"url":"https:\/\/www.lifenatura.com\/wp-content\/uploads\/2023\/06\/psyllium-husks-bio-kult.jpg","type":"image\/jpeg"}],"twitter_card":"summary_large_image","twitter_misc":{"Precio":"21,90&nbsp;&euro;","Disponibilidad":"Sin existencias"},"schema":{"@context":"https:\/\/schema.org","@graph":[{"@type":"WebPage","@id":"https:\/\/www.lifenatura.com\/es\/produto\/cascaras-enteras-de-psyllium-300-g-bio-kult\/","url":"https:\/\/www.lifenatura.com\/es\/produto\/cascaras-enteras-de-psyllium-300-g-bio-kult\/","name":"C\u00e1scaras Enteras de Psyllium 300 g - Bio-Kult - Na Lifenatura ao Melhor Pre\u00e7o | Envio em 48h","isPartOf":{"@id":"https:\/\/www.lifenatura.com\/es\/#website"},"primaryImageOfPage":{"@id":"https:\/\/www.lifenatura.com\/es\/produto\/cascaras-enteras-de-psyllium-300-g-bio-kult\/#primaryimage"},"image":{"@id":"https:\/\/www.lifenatura.com\/es\/produto\/cascaras-enteras-de-psyllium-300-g-bio-kult\/#primaryimage"},"thumbnailUrl":"https:\/\/www.lifenatura.com\/wp-content\/uploads\/2023\/06\/psyllium-husks-bio-kult.jpg","datePublished":"2023-06-20T15:41:33+00:00","dateModified":"2023-06-20T15:48:58+00:00","description":"Este producto es conocido por mantener un tr\u00e1nsito intestinal normal, asegura un tr\u00e1nsito fluido por todo el tracto digestivo.","breadcrumb":{"@id":"https:\/\/www.lifenatura.com\/es\/produto\/cascaras-enteras-de-psyllium-300-g-bio-kult\/#breadcrumb"},"inLanguage":"es","potentialAction":[{"@type":"ReadAction","target":["https:\/\/www.lifenatura.com\/es\/produto\/cascaras-enteras-de-psyllium-300-g-bio-kult\/"]}]},{"@type":"ImageObject","inLanguage":"es","@id":"https:\/\/www.lifenatura.com\/es\/produto\/cascaras-enteras-de-psyllium-300-g-bio-kult\/#primaryimage","url":"https:\/\/www.lifenatura.com\/wp-content\/uploads\/2023\/06\/psyllium-husks-bio-kult.jpg","contentUrl":"https:\/\/www.lifenatura.com\/wp-content\/uploads\/2023\/06\/psyllium-husks-bio-kult.jpg","width":1000,"height":1000,"caption":"Psyllium husks da marca Bio-kult"},{"@type":"BreadcrumbList","@id":"https:\/\/www.lifenatura.com\/es\/produto\/cascaras-enteras-de-psyllium-300-g-bio-kult\/#breadcrumb","itemListElement":[{"@type":"ListItem","position":1,"name":"In\u00edcio","item":"https:\/\/www.lifenatura.com\/es\/"},{"@type":"ListItem","position":2,"name":"Todos los Productos","item":"https:\/\/www.lifenatura.com\/es\/tienda\/"},{"@type":"ListItem","position":3,"name":"C\u00e1scaras Enteras de Psyllium 300 g &#8211; Bio-Kult"}]},{"@type":"WebSite","@id":"https:\/\/www.lifenatura.com\/es\/#website","url":"https:\/\/www.lifenatura.com\/es\/","name":"Lifenatura","description":"A Lifenatura \u00e9 uma loja de produtos naturais, cosm\u00e9tica natural e alimenta\u00e7\u00e3o Biol\u00f3gica.","publisher":{"@id":"https:\/\/www.lifenatura.com\/es\/#organization"},"potentialAction":[{"@type":"SearchAction","target":{"@type":"EntryPoint","urlTemplate":"https:\/\/www.lifenatura.com\/es\/?s={search_term_string}"},"query-input":{"@type":"PropertyValueSpecification","valueRequired":true,"valueName":"search_term_string"}}],"inLanguage":"es"},{"@type":"Organization","@id":"https:\/\/www.lifenatura.com\/es\/#organization","name":"Lifenatura","url":"https:\/\/www.lifenatura.com\/es\/","logo":{"@type":"ImageObject","inLanguage":"es","@id":"https:\/\/www.lifenatura.com\/es\/#\/schema\/logo\/image\/","url":"https:\/\/www.lifenatura.com\/wp-content\/uploads\/2021\/07\/logo.png","contentUrl":"https:\/\/www.lifenatura.com\/wp-content\/uploads\/2021\/07\/logo.png","width":175,"height":55,"caption":"Lifenatura"},"image":{"@id":"https:\/\/www.lifenatura.com\/es\/#\/schema\/logo\/image\/"},"sameAs":["https:\/\/www.facebook.com\/lifenatura","https:\/\/www.instagram.com\/lifenaturapt\/"],"hasMerchantReturnPolicy":{"@type":"MerchantReturnPolicy","merchantReturnLink":"https:\/\/www.lifenatura.com\/termos-condicoes-lifenatura\/"}}]},"product_price_amount":"21.90","product_price_currency":"EUR","og_availability":"out of stock","product_availability":"out of stock","product_retailer_item_id":"5028523000944","product_condition":"new"},"df_price":21.9,"df_sale_price":"","df_regular_price":21.9,"df_image_link":"https:\/\/www.lifenatura.com\/wp-content\/uploads\/2023\/06\/psyllium-husks-bio-kult-300x300.jpg","_links":{"self":[{"href":"https:\/\/www.lifenatura.com\/es\/wp-json\/wp\/v2\/product\/68525","targetHints":{"allow":["GET"]}}],"collection":[{"href":"https:\/\/www.lifenatura.com\/es\/wp-json\/wp\/v2\/product"}],"about":[{"href":"https:\/\/www.lifenatura.com\/es\/wp-json\/wp\/v2\/types\/product"}],"wp:featuredmedia":[{"embeddable":true,"href":"https:\/\/www.lifenatura.com\/es\/wp-json\/wp\/v2\/media\/68600"}],"wp:attachment":[{"href":"https:\/\/www.lifenatura.com\/es\/wp-json\/wp\/v2\/media?parent=68525"}],"wp:term":[{"taxonomy":"product_brand","embeddable":true,"href":"https:\/\/www.lifenatura.com\/es\/wp-json\/wp\/v2\/product_brand?post=68525"},{"taxonomy":"product_cat","embeddable":true,"href":"https:\/\/www.lifenatura.com\/es\/wp-json\/wp\/v2\/product_cat?post=68525"},{"taxonomy":"product_tag","embeddable":true,"href":"https:\/\/www.lifenatura.com\/es\/wp-json\/wp\/v2\/product_tag?post=68525"}],"curies":[{"name":"wp","href":"https:\/\/api.w.org\/{rel}","templated":true}]}}