{"id":68468,"date":"2023-06-20T08:36:41","date_gmt":"2023-06-20T08:36:41","guid":{"rendered":"https:\/\/www.lifenatura.com\/?post_type=product&#038;p=68468"},"modified":"2023-06-20T08:42:38","modified_gmt":"2023-06-20T08:42:38","slug":"crema-de-dia-mineral-natural-spf-20-40-ml-suntribe","status":"publish","type":"product","link":"https:\/\/www.lifenatura.com\/es\/produto\/crema-de-dia-mineral-natural-spf-20-40-ml-suntribe\/","title":{"rendered":"Crema de D\u00eda Mineral Natural SPF 20 40 ml &#8211; Suntribe"},"content":{"rendered":"<h2 style=\"text-align: left\"><strong>La Crema Mineral de D\u00eda mantiene la piel sana y protegida<\/strong><\/h2>\n<p>&nbsp;<\/p>\n<p>Con s\u00f3lo ingredientes naturales y org\u00e1nicos, esta f\u00f3rmula mineral \u00fanica y no grasa ha sido desarrollada para el uso diario y ayuda a mantener el vigor juvenil de la piel. Por fin puede dejar de preocuparse por el contenido de su Crema de D\u00eda.<\/p>\n<p>Esta crema de d\u00eda, vegana y no comedog\u00e9nica, es la compa\u00f1era ideal de tu rutina matutina, puede aplicarse antes o en lugar del maquillaje y viene con una protecci\u00f3n FPS 20 de amplio espectro para garantizar que tu piel se mantenga sana y protegida durante todo el d\u00eda.<\/p>\n<p>Adem\u00e1s, tambi\u00e9n te protege eficazmente de la luz azul visible de los dispositivos electr\u00f3nicos (HEV). Ideal para pieles normales, sensibles y secas.<\/p>\n<p>El <strong>Aceite de Jojoba Ecol\u00f3gico<\/strong> calma e hidrata la piel reseca por el sol sin dejar residuos grasos. El Aceite de Jojoba contiene Vitamina E y B, que ayudan a reparar la piel y a controlar los da\u00f1os causados por el sol.<\/p>\n<p>El <strong>Aceite de Almendras Ecol\u00f3gico<\/strong> proporciona a la piel un est\u00edmulo natural. Es un aceite no comedog\u00e9nico que la piel absorbe f\u00e1cilmente. Ayuda a la piel a retener la humedad gracias a sus \u00e1cidos grasos. Su alto contenido en vitamina E estimula el col\u00e1geno y ayuda a que la piel est\u00e9 suave y firme.<\/p>\n<p>La <strong>cera de candelilla<\/strong> retiene la humedad, calma la piel y la vuelve m\u00e1s uniforme gracias a sus propiedades antiinflamatorias. Tambi\u00e9n evita la p\u00e9rdida de humedad de la piel y es rica en nutrientes y \u00e1cidos grasos.<\/p>\n<p>La <strong>cera de carnauba<\/strong>, procedente de las hojas de la palmera Copernicia Cerifera, crea una barrera protectora que ayuda a la piel a retener la humedad. Es rica en antioxidantes y especialmente buena para la piel sensible, ya que es antibacteriana y no obstruye los poros.<\/p>\n<p>El <strong>tocoferol (vitamina E)<\/strong>, la forma biol\u00f3gicamente m\u00e1s activa de la vitamina E, act\u00faa como antioxidante. Ayuda a retener la humedad para mantener la piel radiante y sana. La vitamina E se utiliza para ayudar a proteger la barrera natural de la piel, ayudar a retener la humedad en la piel, cicatrizar y proporcionar a la piel propiedades antioxidantes. Las investigaciones sugieren que el tocoferol puede tener propiedades protectoras contra los efectos nocivos de los rayos UV, reduciendo los efectos de los radicales libres producidos por la exposici\u00f3n al sol, actuando como antioxidante.<\/p>\n<p>El <strong>aceite de s\u00e1ndalo Amyris<\/strong> aporta un aroma dulce y c\u00e1lido con notas de vainilla que se difumina r\u00e1pidamente hacia un aroma amaderado &#8211; bals\u00e1mico. Ayuda a calmar la mente y aporta una sensaci\u00f3n de calma. Conocido por sus propiedades antioxidantes, se utilizaba tradicionalmente para aliviar el estr\u00e9s y la ansiedad, promover un buen sue\u00f1o, reforzar la funci\u00f3n inmunitaria, desintoxicar el organismo y proporcionar efectos antienvejecimiento.<\/p>\n<p><strong>PRESENTACI\u00d3N<\/strong><\/p>\n<p>40 ml<\/p>\n<p>&nbsp;<\/p>\n","protected":false},"excerpt":{"rendered":"<p>Con s\u00f3lo ingredientes naturales, esta exclusiva f\u00f3rmula mineral no grasa est\u00e1 dise\u00f1ada para ayudar a mantener el vigor juvenil de la piel. [&#8230;]<\/p>\n<p><a class=\"btn btn-secondary understrap-read-more-link\" href=\"https:\/\/www.lifenatura.com\/es\/produto\/crema-de-dia-mineral-natural-spf-20-40-ml-suntribe\/\">Leer m\u00e1s&#8230;<span class=\"screen-reader-text\"> from Crema de D\u00eda Mineral Natural SPF 20 40 ml &#8211; Suntribe<\/span><\/a><\/p>\n","protected":false},"featured_media":68675,"template":"","meta":{"_acf_changed":false},"product_brand":[8368],"product_cat":[7653,7139,7142],"product_tag":[],"class_list":{"0":"post-68468","1":"product","2":"type-product","3":"status-publish","4":"has-post-thumbnail","6":"product_brand-suntribe","7":"product_cat-cosmetica-natural-lifenatura","8":"product_cat-proteccion-solar","9":"product_cat-proteccion-spf-30","11":"first","12":"instock","13":"sale","14":"shipping-taxable","15":"purchasable","16":"product-type-simple","17":"add-to-wishlist-before_image"},"acf":[],"yoast_head":"<!-- This site is optimized with the Yoast SEO Premium plugin v27.1 (Yoast SEO v27.5) - https:\/\/yoast.com\/product\/yoast-seo-premium-wordpress\/ -->\n<title>Crema de D\u00eda Mineral Natural SPF 20 40 ml - Suntribe - Na Lifenatura ao Melhor Pre\u00e7o | Envio em 48h<\/title>\n<meta name=\"description\" content=\"Con s\u00f3lo ingredientes naturales, esta exclusiva f\u00f3rmula mineral no grasa est\u00e1 dise\u00f1ada para ayudar a mantener el vigor juvenil de la piel.\" \/>\n<meta name=\"robots\" content=\"index, follow, max-snippet:-1, max-image-preview:large, max-video-preview:-1\" \/>\n<link rel=\"canonical\" href=\"https:\/\/www.lifenatura.com\/es\/produto\/crema-de-dia-mineral-natural-spf-20-40-ml-suntribe\/\" \/>\n<meta property=\"og:locale\" content=\"es_ES\" \/>\n<meta property=\"og:type\" content=\"article\" \/>\n<meta property=\"og:title\" content=\"Crema de D\u00eda Mineral Natural SPF 20 40 ml - Suntribe - Na Lifenatura ao Melhor Pre\u00e7o | Envio 48h\" \/>\n<meta property=\"og:description\" content=\"Compre Crema de D\u00eda Mineral Natural SPF 20 40 ml - Suntribe com envio r\u00e1pido. Entrega em 48h e portes gr\u00e1tis em compras &gt;35\u20ac. Aproveite j\u00e1 na Lifenatura\" \/>\n<meta property=\"og:url\" content=\"https:\/\/www.lifenatura.com\/es\/produto\/crema-de-dia-mineral-natural-spf-20-40-ml-suntribe\/\" \/>\n<meta property=\"og:site_name\" content=\"Lifenatura\" \/>\n<meta property=\"article:publisher\" content=\"https:\/\/www.facebook.com\/lifenatura\" \/>\n<meta property=\"article:modified_time\" content=\"2023-06-20T08:42:38+00:00\" \/>\n<meta property=\"og:image\" content=\"https:\/\/www.lifenatura.com\/wp-content\/uploads\/2023\/06\/creme-dia-suntribe.jpg\" \/>\n\t<meta property=\"og:image:width\" content=\"1000\" \/>\n\t<meta property=\"og:image:height\" content=\"1000\" \/>\n\t<meta property=\"og:image:type\" content=\"image\/jpeg\" \/>\n<meta name=\"twitter:card\" content=\"summary_large_image\" \/>\n<meta name=\"twitter:label1\" content=\"Precio\" \/>\n\t<meta name=\"twitter:data1\" content=\"19,07&nbsp;&euro;\" \/>\n\t<meta name=\"twitter:label2\" content=\"Disponibilidad\" \/>\n\t<meta name=\"twitter:data2\" content=\"Disponible\" \/>\n<script type=\"application\/ld+json\" class=\"yoast-schema-graph\">{\"@context\":\"https:\\\/\\\/schema.org\",\"@graph\":[{\"@type\":\"WebPage\",\"@id\":\"https:\\\/\\\/www.lifenatura.com\\\/es\\\/produto\\\/crema-de-dia-mineral-natural-spf-20-40-ml-suntribe\\\/\",\"url\":\"https:\\\/\\\/www.lifenatura.com\\\/es\\\/produto\\\/crema-de-dia-mineral-natural-spf-20-40-ml-suntribe\\\/\",\"name\":\"Crema de D\u00eda Mineral Natural SPF 20 40 ml - Suntribe - Na Lifenatura ao Melhor Pre\u00e7o | Envio em 48h\",\"isPartOf\":{\"@id\":\"https:\\\/\\\/www.lifenatura.com\\\/es\\\/#website\"},\"primaryImageOfPage\":{\"@id\":\"https:\\\/\\\/www.lifenatura.com\\\/es\\\/produto\\\/crema-de-dia-mineral-natural-spf-20-40-ml-suntribe\\\/#primaryimage\"},\"image\":{\"@id\":\"https:\\\/\\\/www.lifenatura.com\\\/es\\\/produto\\\/crema-de-dia-mineral-natural-spf-20-40-ml-suntribe\\\/#primaryimage\"},\"thumbnailUrl\":\"https:\\\/\\\/www.lifenatura.com\\\/wp-content\\\/uploads\\\/2023\\\/06\\\/creme-dia-suntribe.jpg\",\"datePublished\":\"2023-06-20T08:36:41+00:00\",\"dateModified\":\"2023-06-20T08:42:38+00:00\",\"description\":\"Con s\u00f3lo ingredientes naturales, esta exclusiva f\u00f3rmula mineral no grasa est\u00e1 dise\u00f1ada para ayudar a mantener el vigor juvenil de la piel.\",\"breadcrumb\":{\"@id\":\"https:\\\/\\\/www.lifenatura.com\\\/es\\\/produto\\\/crema-de-dia-mineral-natural-spf-20-40-ml-suntribe\\\/#breadcrumb\"},\"inLanguage\":\"es\",\"potentialAction\":[{\"@type\":\"ReadAction\",\"target\":[\"https:\\\/\\\/www.lifenatura.com\\\/es\\\/produto\\\/crema-de-dia-mineral-natural-spf-20-40-ml-suntribe\\\/\"]}]},{\"@type\":\"ImageObject\",\"inLanguage\":\"es\",\"@id\":\"https:\\\/\\\/www.lifenatura.com\\\/es\\\/produto\\\/crema-de-dia-mineral-natural-spf-20-40-ml-suntribe\\\/#primaryimage\",\"url\":\"https:\\\/\\\/www.lifenatura.com\\\/wp-content\\\/uploads\\\/2023\\\/06\\\/creme-dia-suntribe.jpg\",\"contentUrl\":\"https:\\\/\\\/www.lifenatura.com\\\/wp-content\\\/uploads\\\/2023\\\/06\\\/creme-dia-suntribe.jpg\",\"width\":1000,\"height\":1000,\"caption\":\"Creme de Dia Natural Mineral FPS 20 40 ml - Suntribe\"},{\"@type\":\"BreadcrumbList\",\"@id\":\"https:\\\/\\\/www.lifenatura.com\\\/es\\\/produto\\\/crema-de-dia-mineral-natural-spf-20-40-ml-suntribe\\\/#breadcrumb\",\"itemListElement\":[{\"@type\":\"ListItem\",\"position\":1,\"name\":\"In\u00edcio\",\"item\":\"https:\\\/\\\/www.lifenatura.com\\\/es\\\/\"},{\"@type\":\"ListItem\",\"position\":2,\"name\":\"Todos los Productos\",\"item\":\"https:\\\/\\\/www.lifenatura.com\\\/es\\\/tienda\\\/\"},{\"@type\":\"ListItem\",\"position\":3,\"name\":\"Crema de D\u00eda Mineral Natural SPF 20 40 ml &#8211; Suntribe\"}]},{\"@type\":\"WebSite\",\"@id\":\"https:\\\/\\\/www.lifenatura.com\\\/es\\\/#website\",\"url\":\"https:\\\/\\\/www.lifenatura.com\\\/es\\\/\",\"name\":\"Lifenatura\",\"description\":\"A Lifenatura \u00e9 uma loja de produtos naturais, cosm\u00e9tica natural e alimenta\u00e7\u00e3o Biol\u00f3gica.\",\"publisher\":{\"@id\":\"https:\\\/\\\/www.lifenatura.com\\\/es\\\/#organization\"},\"potentialAction\":[{\"@type\":\"SearchAction\",\"target\":{\"@type\":\"EntryPoint\",\"urlTemplate\":\"https:\\\/\\\/www.lifenatura.com\\\/es\\\/?s={search_term_string}\"},\"query-input\":{\"@type\":\"PropertyValueSpecification\",\"valueRequired\":true,\"valueName\":\"search_term_string\"}}],\"inLanguage\":\"es\"},{\"@type\":\"Organization\",\"@id\":\"https:\\\/\\\/www.lifenatura.com\\\/es\\\/#organization\",\"name\":\"Lifenatura\",\"url\":\"https:\\\/\\\/www.lifenatura.com\\\/es\\\/\",\"logo\":{\"@type\":\"ImageObject\",\"inLanguage\":\"es\",\"@id\":\"https:\\\/\\\/www.lifenatura.com\\\/es\\\/#\\\/schema\\\/logo\\\/image\\\/\",\"url\":\"https:\\\/\\\/www.lifenatura.com\\\/wp-content\\\/uploads\\\/2021\\\/07\\\/logo.png\",\"contentUrl\":\"https:\\\/\\\/www.lifenatura.com\\\/wp-content\\\/uploads\\\/2021\\\/07\\\/logo.png\",\"width\":175,\"height\":55,\"caption\":\"Lifenatura\"},\"image\":{\"@id\":\"https:\\\/\\\/www.lifenatura.com\\\/es\\\/#\\\/schema\\\/logo\\\/image\\\/\"},\"sameAs\":[\"https:\\\/\\\/www.facebook.com\\\/lifenatura\",\"https:\\\/\\\/www.instagram.com\\\/lifenaturapt\\\/\"],\"hasMerchantReturnPolicy\":{\"@type\":\"MerchantReturnPolicy\",\"merchantReturnLink\":\"https:\\\/\\\/www.lifenatura.com\\\/termos-condicoes-lifenatura\\\/\"}}]}<\/script>\n<meta property=\"product:price:amount\" content=\"19.07\" \/>\n<meta property=\"product:price:currency\" content=\"EUR\" \/>\n<meta property=\"og:availability\" content=\"instock\" \/>\n<meta property=\"product:availability\" content=\"instock\" \/>\n<meta property=\"product:retailer_item_id\" content=\"7350097210107\" \/>\n<meta property=\"product:condition\" content=\"new\" \/>\n<!-- \/ Yoast SEO Premium plugin. -->","yoast_head_json":{"title":"Crema de D\u00eda Mineral Natural SPF 20 40 ml - Suntribe - Na Lifenatura ao Melhor Pre\u00e7o | Envio em 48h","description":"Con s\u00f3lo ingredientes naturales, esta exclusiva f\u00f3rmula mineral no grasa est\u00e1 dise\u00f1ada para ayudar a mantener el vigor juvenil de la piel.","robots":{"index":"index","follow":"follow","max-snippet":"max-snippet:-1","max-image-preview":"max-image-preview:large","max-video-preview":"max-video-preview:-1"},"canonical":"https:\/\/www.lifenatura.com\/es\/produto\/crema-de-dia-mineral-natural-spf-20-40-ml-suntribe\/","og_locale":"es_ES","og_type":"article","og_title":"Crema de D\u00eda Mineral Natural SPF 20 40 ml - Suntribe - Na Lifenatura ao Melhor Pre\u00e7o | Envio 48h","og_description":"Compre Crema de D\u00eda Mineral Natural SPF 20 40 ml - Suntribe com envio r\u00e1pido. Entrega em 48h e portes gr\u00e1tis em compras >35\u20ac. Aproveite j\u00e1 na Lifenatura","og_url":"https:\/\/www.lifenatura.com\/es\/produto\/crema-de-dia-mineral-natural-spf-20-40-ml-suntribe\/","og_site_name":"Lifenatura","article_publisher":"https:\/\/www.facebook.com\/lifenatura","article_modified_time":"2023-06-20T08:42:38+00:00","og_image":[{"width":1000,"height":1000,"url":"https:\/\/www.lifenatura.com\/wp-content\/uploads\/2023\/06\/creme-dia-suntribe.jpg","type":"image\/jpeg"}],"twitter_card":"summary_large_image","twitter_misc":{"Precio":"19,07&nbsp;&euro;","Disponibilidad":"Disponible"},"schema":{"@context":"https:\/\/schema.org","@graph":[{"@type":"WebPage","@id":"https:\/\/www.lifenatura.com\/es\/produto\/crema-de-dia-mineral-natural-spf-20-40-ml-suntribe\/","url":"https:\/\/www.lifenatura.com\/es\/produto\/crema-de-dia-mineral-natural-spf-20-40-ml-suntribe\/","name":"Crema de D\u00eda Mineral Natural SPF 20 40 ml - Suntribe - Na Lifenatura ao Melhor Pre\u00e7o | Envio em 48h","isPartOf":{"@id":"https:\/\/www.lifenatura.com\/es\/#website"},"primaryImageOfPage":{"@id":"https:\/\/www.lifenatura.com\/es\/produto\/crema-de-dia-mineral-natural-spf-20-40-ml-suntribe\/#primaryimage"},"image":{"@id":"https:\/\/www.lifenatura.com\/es\/produto\/crema-de-dia-mineral-natural-spf-20-40-ml-suntribe\/#primaryimage"},"thumbnailUrl":"https:\/\/www.lifenatura.com\/wp-content\/uploads\/2023\/06\/creme-dia-suntribe.jpg","datePublished":"2023-06-20T08:36:41+00:00","dateModified":"2023-06-20T08:42:38+00:00","description":"Con s\u00f3lo ingredientes naturales, esta exclusiva f\u00f3rmula mineral no grasa est\u00e1 dise\u00f1ada para ayudar a mantener el vigor juvenil de la piel.","breadcrumb":{"@id":"https:\/\/www.lifenatura.com\/es\/produto\/crema-de-dia-mineral-natural-spf-20-40-ml-suntribe\/#breadcrumb"},"inLanguage":"es","potentialAction":[{"@type":"ReadAction","target":["https:\/\/www.lifenatura.com\/es\/produto\/crema-de-dia-mineral-natural-spf-20-40-ml-suntribe\/"]}]},{"@type":"ImageObject","inLanguage":"es","@id":"https:\/\/www.lifenatura.com\/es\/produto\/crema-de-dia-mineral-natural-spf-20-40-ml-suntribe\/#primaryimage","url":"https:\/\/www.lifenatura.com\/wp-content\/uploads\/2023\/06\/creme-dia-suntribe.jpg","contentUrl":"https:\/\/www.lifenatura.com\/wp-content\/uploads\/2023\/06\/creme-dia-suntribe.jpg","width":1000,"height":1000,"caption":"Creme de Dia Natural Mineral FPS 20 40 ml - Suntribe"},{"@type":"BreadcrumbList","@id":"https:\/\/www.lifenatura.com\/es\/produto\/crema-de-dia-mineral-natural-spf-20-40-ml-suntribe\/#breadcrumb","itemListElement":[{"@type":"ListItem","position":1,"name":"In\u00edcio","item":"https:\/\/www.lifenatura.com\/es\/"},{"@type":"ListItem","position":2,"name":"Todos los Productos","item":"https:\/\/www.lifenatura.com\/es\/tienda\/"},{"@type":"ListItem","position":3,"name":"Crema de D\u00eda Mineral Natural SPF 20 40 ml &#8211; Suntribe"}]},{"@type":"WebSite","@id":"https:\/\/www.lifenatura.com\/es\/#website","url":"https:\/\/www.lifenatura.com\/es\/","name":"Lifenatura","description":"A Lifenatura \u00e9 uma loja de produtos naturais, cosm\u00e9tica natural e alimenta\u00e7\u00e3o Biol\u00f3gica.","publisher":{"@id":"https:\/\/www.lifenatura.com\/es\/#organization"},"potentialAction":[{"@type":"SearchAction","target":{"@type":"EntryPoint","urlTemplate":"https:\/\/www.lifenatura.com\/es\/?s={search_term_string}"},"query-input":{"@type":"PropertyValueSpecification","valueRequired":true,"valueName":"search_term_string"}}],"inLanguage":"es"},{"@type":"Organization","@id":"https:\/\/www.lifenatura.com\/es\/#organization","name":"Lifenatura","url":"https:\/\/www.lifenatura.com\/es\/","logo":{"@type":"ImageObject","inLanguage":"es","@id":"https:\/\/www.lifenatura.com\/es\/#\/schema\/logo\/image\/","url":"https:\/\/www.lifenatura.com\/wp-content\/uploads\/2021\/07\/logo.png","contentUrl":"https:\/\/www.lifenatura.com\/wp-content\/uploads\/2021\/07\/logo.png","width":175,"height":55,"caption":"Lifenatura"},"image":{"@id":"https:\/\/www.lifenatura.com\/es\/#\/schema\/logo\/image\/"},"sameAs":["https:\/\/www.facebook.com\/lifenatura","https:\/\/www.instagram.com\/lifenaturapt\/"],"hasMerchantReturnPolicy":{"@type":"MerchantReturnPolicy","merchantReturnLink":"https:\/\/www.lifenatura.com\/termos-condicoes-lifenatura\/"}}]},"product_price_amount":"19.07","product_price_currency":"EUR","og_availability":"instock","product_availability":"instock","product_retailer_item_id":"7350097210107","product_condition":"new"},"df_price":19.07,"df_sale_price":19.07,"df_regular_price":22.44,"df_image_link":"https:\/\/www.lifenatura.com\/wp-content\/uploads\/2023\/06\/creme-dia-suntribe-300x300.jpg","_links":{"self":[{"href":"https:\/\/www.lifenatura.com\/es\/wp-json\/wp\/v2\/product\/68468","targetHints":{"allow":["GET"]}}],"collection":[{"href":"https:\/\/www.lifenatura.com\/es\/wp-json\/wp\/v2\/product"}],"about":[{"href":"https:\/\/www.lifenatura.com\/es\/wp-json\/wp\/v2\/types\/product"}],"wp:featuredmedia":[{"embeddable":true,"href":"https:\/\/www.lifenatura.com\/es\/wp-json\/wp\/v2\/media\/68675"}],"wp:attachment":[{"href":"https:\/\/www.lifenatura.com\/es\/wp-json\/wp\/v2\/media?parent=68468"}],"wp:term":[{"taxonomy":"product_brand","embeddable":true,"href":"https:\/\/www.lifenatura.com\/es\/wp-json\/wp\/v2\/product_brand?post=68468"},{"taxonomy":"product_cat","embeddable":true,"href":"https:\/\/www.lifenatura.com\/es\/wp-json\/wp\/v2\/product_cat?post=68468"},{"taxonomy":"product_tag","embeddable":true,"href":"https:\/\/www.lifenatura.com\/es\/wp-json\/wp\/v2\/product_tag?post=68468"}],"curies":[{"name":"wp","href":"https:\/\/api.w.org\/{rel}","templated":true}]}}