{"id":68257,"date":"2023-06-16T14:53:53","date_gmt":"2023-06-16T14:53:53","guid":{"rendered":"https:\/\/www.lifenatura.com\/?post_type=product&#038;p=68257"},"modified":"2023-06-16T14:57:07","modified_gmt":"2023-06-16T14:57:07","slug":"stick-solar-zinc-spf-30-blanco-30g-suntribe","status":"publish","type":"product","link":"https:\/\/www.lifenatura.com\/es\/produto\/stick-solar-zinc-spf-30-blanco-30g-suntribe\/","title":{"rendered":"Stick Solar Zinc SPF 30 Blanco 30g &#8211; Suntribe"},"content":{"rendered":"<h2 style=\"text-align: left\"><strong>Protector solar en barra de zinc de alta resistencia<\/strong><\/h2>\n<p>&nbsp;<\/p>\n<p>Un protector solar de zinc totalmente natural que se mantiene tanto en olas grandes como cuando las actividades en tierra le hacen sudar. No contiene ingredientes cuestionables. No ensucia los dedos ni pica si entra en contacto con los ojos. Este es el stick de zinc original que estabas buscando.<\/p>\n<p>Este protector solar deportivo en barra es seguro para los arrecifes y crea un escudo protector en la piel nada m\u00e1s aplicarlo. Tiene una resistencia al agua inigualable y es muy eficaz y apreciado por atletas profesionales y aventureros cotidianos.<\/p>\n<p>El <strong>\u00f3xido de zinc<\/strong> sin nanopart\u00edculas es el filtro UV m\u00e1s seguro para la salud de las personas, los corales y la vida marina. SPF 30 ofrece una protecci\u00f3n de amplio espectro cient\u00edficamente validada contra los rayos UVA y UVB &#8211; bloquea el 97% de los rayos UVB.<\/p>\n<p>F\u00f3rmula cl\u00e1sica, blanca, espesa y visiblemente deportiva con tres ingredientes naturales con certificado ecol\u00f3gico. Hipoalerg\u00e9nica, apta para ni\u00f1os y todo tipo de pieles.<\/p>\n<p><strong>PRESENTACI\u00d3N<\/strong><\/p>\n<p>30g<\/p>\n<p>&nbsp;<\/p>\n","protected":false},"excerpt":{"rendered":"<p>Esta barra de protecci\u00f3n solar deportiva Suntribe es segura para los arrecifes y crea un escudo protector sobre la piel desde el momento de su aplicaci\u00f3n. [&#8230;]<\/p>\n<p><a class=\"btn btn-secondary understrap-read-more-link\" href=\"https:\/\/www.lifenatura.com\/es\/produto\/stick-solar-zinc-spf-30-blanco-30g-suntribe\/\">Leer m\u00e1s&#8230;<span class=\"screen-reader-text\"> from Stick Solar Zinc SPF 30 Blanco 30g &#8211; Suntribe<\/span><\/a><\/p>\n","protected":false},"featured_media":68663,"template":"","meta":{"_acf_changed":false},"product_brand":[8368],"product_cat":[7653,7139,7142],"product_tag":[],"class_list":{"0":"post-68257","1":"product","2":"type-product","3":"status-publish","4":"has-post-thumbnail","6":"product_brand-suntribe","7":"product_cat-cosmetica-natural-lifenatura","8":"product_cat-proteccion-solar","9":"product_cat-proteccion-spf-30","11":"first","12":"outofstock","13":"sale","14":"shipping-taxable","15":"purchasable","16":"product-type-simple","17":"add-to-wishlist-before_image"},"acf":[],"yoast_head":"<!-- This site is optimized with the Yoast SEO Premium plugin v27.1 (Yoast SEO v27.5) - https:\/\/yoast.com\/product\/yoast-seo-premium-wordpress\/ -->\n<title>Stick Solar Zinc SPF 30 Blanco 30g - Suntribe - Na Lifenatura ao Melhor Pre\u00e7o | Envio em 48h<\/title>\n<meta name=\"description\" content=\"Esta barra de protecci\u00f3n solar deportiva Suntribe es segura para los arrecifes y crea un escudo protector sobre la piel desde el momento de su aplicaci\u00f3n.\" \/>\n<meta name=\"robots\" content=\"index, follow, max-snippet:-1, max-image-preview:large, max-video-preview:-1\" \/>\n<link rel=\"canonical\" href=\"https:\/\/www.lifenatura.com\/es\/produto\/stick-solar-zinc-spf-30-blanco-30g-suntribe\/\" \/>\n<meta property=\"og:locale\" content=\"es_ES\" \/>\n<meta property=\"og:type\" content=\"article\" \/>\n<meta property=\"og:title\" content=\"Stick Solar Zinc SPF 30 Blanco 30g - Suntribe - Na Lifenatura ao Melhor Pre\u00e7o | Envio 48h\" \/>\n<meta property=\"og:description\" content=\"Compre Stick Solar Zinc SPF 30 Blanco 30g - Suntribe com envio r\u00e1pido. Entrega em 48h e portes gr\u00e1tis em compras &gt;35\u20ac. Aproveite j\u00e1 na Lifenatura\" \/>\n<meta property=\"og:url\" content=\"https:\/\/www.lifenatura.com\/es\/produto\/stick-solar-zinc-spf-30-blanco-30g-suntribe\/\" \/>\n<meta property=\"og:site_name\" content=\"Lifenatura\" \/>\n<meta property=\"article:publisher\" content=\"https:\/\/www.facebook.com\/lifenatura\" \/>\n<meta property=\"article:modified_time\" content=\"2023-06-16T14:57:07+00:00\" \/>\n<meta property=\"og:image\" content=\"https:\/\/www.lifenatura.com\/wp-content\/uploads\/2023\/06\/stick-protetor-solar-branco-suntribe.jpg\" \/>\n\t<meta property=\"og:image:width\" content=\"1000\" \/>\n\t<meta property=\"og:image:height\" content=\"1000\" \/>\n\t<meta property=\"og:image:type\" content=\"image\/jpeg\" \/>\n<meta name=\"twitter:card\" content=\"summary_large_image\" \/>\n<meta name=\"twitter:label1\" content=\"Precio\" \/>\n\t<meta name=\"twitter:data1\" content=\"13,08&nbsp;&euro;\" \/>\n\t<meta name=\"twitter:label2\" content=\"Disponibilidad\" \/>\n\t<meta name=\"twitter:data2\" content=\"Sin existencias\" \/>\n<script type=\"application\/ld+json\" class=\"yoast-schema-graph\">{\"@context\":\"https:\\\/\\\/schema.org\",\"@graph\":[{\"@type\":\"WebPage\",\"@id\":\"https:\\\/\\\/www.lifenatura.com\\\/es\\\/produto\\\/stick-solar-zinc-spf-30-blanco-30g-suntribe\\\/\",\"url\":\"https:\\\/\\\/www.lifenatura.com\\\/es\\\/produto\\\/stick-solar-zinc-spf-30-blanco-30g-suntribe\\\/\",\"name\":\"Stick Solar Zinc SPF 30 Blanco 30g - Suntribe - Na Lifenatura ao Melhor Pre\u00e7o | Envio em 48h\",\"isPartOf\":{\"@id\":\"https:\\\/\\\/www.lifenatura.com\\\/es\\\/#website\"},\"primaryImageOfPage\":{\"@id\":\"https:\\\/\\\/www.lifenatura.com\\\/es\\\/produto\\\/stick-solar-zinc-spf-30-blanco-30g-suntribe\\\/#primaryimage\"},\"image\":{\"@id\":\"https:\\\/\\\/www.lifenatura.com\\\/es\\\/produto\\\/stick-solar-zinc-spf-30-blanco-30g-suntribe\\\/#primaryimage\"},\"thumbnailUrl\":\"https:\\\/\\\/www.lifenatura.com\\\/wp-content\\\/uploads\\\/2023\\\/06\\\/stick-protetor-solar-branco-suntribe.jpg\",\"datePublished\":\"2023-06-16T14:53:53+00:00\",\"dateModified\":\"2023-06-16T14:57:07+00:00\",\"description\":\"Esta barra de protecci\u00f3n solar deportiva Suntribe es segura para los arrecifes y crea un escudo protector sobre la piel desde el momento de su aplicaci\u00f3n.\",\"breadcrumb\":{\"@id\":\"https:\\\/\\\/www.lifenatura.com\\\/es\\\/produto\\\/stick-solar-zinc-spf-30-blanco-30g-suntribe\\\/#breadcrumb\"},\"inLanguage\":\"es\",\"potentialAction\":[{\"@type\":\"ReadAction\",\"target\":[\"https:\\\/\\\/www.lifenatura.com\\\/es\\\/produto\\\/stick-solar-zinc-spf-30-blanco-30g-suntribe\\\/\"]}]},{\"@type\":\"ImageObject\",\"inLanguage\":\"es\",\"@id\":\"https:\\\/\\\/www.lifenatura.com\\\/es\\\/produto\\\/stick-solar-zinc-spf-30-blanco-30g-suntribe\\\/#primaryimage\",\"url\":\"https:\\\/\\\/www.lifenatura.com\\\/wp-content\\\/uploads\\\/2023\\\/06\\\/stick-protetor-solar-branco-suntribe.jpg\",\"contentUrl\":\"https:\\\/\\\/www.lifenatura.com\\\/wp-content\\\/uploads\\\/2023\\\/06\\\/stick-protetor-solar-branco-suntribe.jpg\",\"width\":1000,\"height\":1000,\"caption\":\"Stick Protetor Solar Zinco FPS 30 Branco 30g - Suntribe\"},{\"@type\":\"BreadcrumbList\",\"@id\":\"https:\\\/\\\/www.lifenatura.com\\\/es\\\/produto\\\/stick-solar-zinc-spf-30-blanco-30g-suntribe\\\/#breadcrumb\",\"itemListElement\":[{\"@type\":\"ListItem\",\"position\":1,\"name\":\"In\u00edcio\",\"item\":\"https:\\\/\\\/www.lifenatura.com\\\/es\\\/\"},{\"@type\":\"ListItem\",\"position\":2,\"name\":\"Todos los Productos\",\"item\":\"https:\\\/\\\/www.lifenatura.com\\\/es\\\/tienda\\\/\"},{\"@type\":\"ListItem\",\"position\":3,\"name\":\"Stick Solar Zinc SPF 30 Blanco 30g &#8211; Suntribe\"}]},{\"@type\":\"WebSite\",\"@id\":\"https:\\\/\\\/www.lifenatura.com\\\/es\\\/#website\",\"url\":\"https:\\\/\\\/www.lifenatura.com\\\/es\\\/\",\"name\":\"Lifenatura\",\"description\":\"A Lifenatura \u00e9 uma loja de produtos naturais, cosm\u00e9tica natural e alimenta\u00e7\u00e3o Biol\u00f3gica.\",\"publisher\":{\"@id\":\"https:\\\/\\\/www.lifenatura.com\\\/es\\\/#organization\"},\"potentialAction\":[{\"@type\":\"SearchAction\",\"target\":{\"@type\":\"EntryPoint\",\"urlTemplate\":\"https:\\\/\\\/www.lifenatura.com\\\/es\\\/?s={search_term_string}\"},\"query-input\":{\"@type\":\"PropertyValueSpecification\",\"valueRequired\":true,\"valueName\":\"search_term_string\"}}],\"inLanguage\":\"es\"},{\"@type\":\"Organization\",\"@id\":\"https:\\\/\\\/www.lifenatura.com\\\/es\\\/#organization\",\"name\":\"Lifenatura\",\"url\":\"https:\\\/\\\/www.lifenatura.com\\\/es\\\/\",\"logo\":{\"@type\":\"ImageObject\",\"inLanguage\":\"es\",\"@id\":\"https:\\\/\\\/www.lifenatura.com\\\/es\\\/#\\\/schema\\\/logo\\\/image\\\/\",\"url\":\"https:\\\/\\\/www.lifenatura.com\\\/wp-content\\\/uploads\\\/2021\\\/07\\\/logo.png\",\"contentUrl\":\"https:\\\/\\\/www.lifenatura.com\\\/wp-content\\\/uploads\\\/2021\\\/07\\\/logo.png\",\"width\":175,\"height\":55,\"caption\":\"Lifenatura\"},\"image\":{\"@id\":\"https:\\\/\\\/www.lifenatura.com\\\/es\\\/#\\\/schema\\\/logo\\\/image\\\/\"},\"sameAs\":[\"https:\\\/\\\/www.facebook.com\\\/lifenatura\",\"https:\\\/\\\/www.instagram.com\\\/lifenaturapt\\\/\"],\"hasMerchantReturnPolicy\":{\"@type\":\"MerchantReturnPolicy\",\"merchantReturnLink\":\"https:\\\/\\\/www.lifenatura.com\\\/termos-condicoes-lifenatura\\\/\"}}]}<\/script>\n<meta property=\"product:price:amount\" content=\"13.08\" \/>\n<meta property=\"product:price:currency\" content=\"EUR\" \/>\n<meta property=\"og:availability\" content=\"out of stock\" \/>\n<meta property=\"product:availability\" content=\"out of stock\" \/>\n<meta property=\"product:retailer_item_id\" content=\"7350097210169\" \/>\n<meta property=\"product:condition\" content=\"new\" \/>\n<!-- \/ Yoast SEO Premium plugin. -->","yoast_head_json":{"title":"Stick Solar Zinc SPF 30 Blanco 30g - Suntribe - Na Lifenatura ao Melhor Pre\u00e7o | Envio em 48h","description":"Esta barra de protecci\u00f3n solar deportiva Suntribe es segura para los arrecifes y crea un escudo protector sobre la piel desde el momento de su aplicaci\u00f3n.","robots":{"index":"index","follow":"follow","max-snippet":"max-snippet:-1","max-image-preview":"max-image-preview:large","max-video-preview":"max-video-preview:-1"},"canonical":"https:\/\/www.lifenatura.com\/es\/produto\/stick-solar-zinc-spf-30-blanco-30g-suntribe\/","og_locale":"es_ES","og_type":"article","og_title":"Stick Solar Zinc SPF 30 Blanco 30g - Suntribe - Na Lifenatura ao Melhor Pre\u00e7o | Envio 48h","og_description":"Compre Stick Solar Zinc SPF 30 Blanco 30g - Suntribe com envio r\u00e1pido. Entrega em 48h e portes gr\u00e1tis em compras >35\u20ac. Aproveite j\u00e1 na Lifenatura","og_url":"https:\/\/www.lifenatura.com\/es\/produto\/stick-solar-zinc-spf-30-blanco-30g-suntribe\/","og_site_name":"Lifenatura","article_publisher":"https:\/\/www.facebook.com\/lifenatura","article_modified_time":"2023-06-16T14:57:07+00:00","og_image":[{"width":1000,"height":1000,"url":"https:\/\/www.lifenatura.com\/wp-content\/uploads\/2023\/06\/stick-protetor-solar-branco-suntribe.jpg","type":"image\/jpeg"}],"twitter_card":"summary_large_image","twitter_misc":{"Precio":"13,08&nbsp;&euro;","Disponibilidad":"Sin existencias"},"schema":{"@context":"https:\/\/schema.org","@graph":[{"@type":"WebPage","@id":"https:\/\/www.lifenatura.com\/es\/produto\/stick-solar-zinc-spf-30-blanco-30g-suntribe\/","url":"https:\/\/www.lifenatura.com\/es\/produto\/stick-solar-zinc-spf-30-blanco-30g-suntribe\/","name":"Stick Solar Zinc SPF 30 Blanco 30g - Suntribe - Na Lifenatura ao Melhor Pre\u00e7o | Envio em 48h","isPartOf":{"@id":"https:\/\/www.lifenatura.com\/es\/#website"},"primaryImageOfPage":{"@id":"https:\/\/www.lifenatura.com\/es\/produto\/stick-solar-zinc-spf-30-blanco-30g-suntribe\/#primaryimage"},"image":{"@id":"https:\/\/www.lifenatura.com\/es\/produto\/stick-solar-zinc-spf-30-blanco-30g-suntribe\/#primaryimage"},"thumbnailUrl":"https:\/\/www.lifenatura.com\/wp-content\/uploads\/2023\/06\/stick-protetor-solar-branco-suntribe.jpg","datePublished":"2023-06-16T14:53:53+00:00","dateModified":"2023-06-16T14:57:07+00:00","description":"Esta barra de protecci\u00f3n solar deportiva Suntribe es segura para los arrecifes y crea un escudo protector sobre la piel desde el momento de su aplicaci\u00f3n.","breadcrumb":{"@id":"https:\/\/www.lifenatura.com\/es\/produto\/stick-solar-zinc-spf-30-blanco-30g-suntribe\/#breadcrumb"},"inLanguage":"es","potentialAction":[{"@type":"ReadAction","target":["https:\/\/www.lifenatura.com\/es\/produto\/stick-solar-zinc-spf-30-blanco-30g-suntribe\/"]}]},{"@type":"ImageObject","inLanguage":"es","@id":"https:\/\/www.lifenatura.com\/es\/produto\/stick-solar-zinc-spf-30-blanco-30g-suntribe\/#primaryimage","url":"https:\/\/www.lifenatura.com\/wp-content\/uploads\/2023\/06\/stick-protetor-solar-branco-suntribe.jpg","contentUrl":"https:\/\/www.lifenatura.com\/wp-content\/uploads\/2023\/06\/stick-protetor-solar-branco-suntribe.jpg","width":1000,"height":1000,"caption":"Stick Protetor Solar Zinco FPS 30 Branco 30g - Suntribe"},{"@type":"BreadcrumbList","@id":"https:\/\/www.lifenatura.com\/es\/produto\/stick-solar-zinc-spf-30-blanco-30g-suntribe\/#breadcrumb","itemListElement":[{"@type":"ListItem","position":1,"name":"In\u00edcio","item":"https:\/\/www.lifenatura.com\/es\/"},{"@type":"ListItem","position":2,"name":"Todos los Productos","item":"https:\/\/www.lifenatura.com\/es\/tienda\/"},{"@type":"ListItem","position":3,"name":"Stick Solar Zinc SPF 30 Blanco 30g &#8211; Suntribe"}]},{"@type":"WebSite","@id":"https:\/\/www.lifenatura.com\/es\/#website","url":"https:\/\/www.lifenatura.com\/es\/","name":"Lifenatura","description":"A Lifenatura \u00e9 uma loja de produtos naturais, cosm\u00e9tica natural e alimenta\u00e7\u00e3o Biol\u00f3gica.","publisher":{"@id":"https:\/\/www.lifenatura.com\/es\/#organization"},"potentialAction":[{"@type":"SearchAction","target":{"@type":"EntryPoint","urlTemplate":"https:\/\/www.lifenatura.com\/es\/?s={search_term_string}"},"query-input":{"@type":"PropertyValueSpecification","valueRequired":true,"valueName":"search_term_string"}}],"inLanguage":"es"},{"@type":"Organization","@id":"https:\/\/www.lifenatura.com\/es\/#organization","name":"Lifenatura","url":"https:\/\/www.lifenatura.com\/es\/","logo":{"@type":"ImageObject","inLanguage":"es","@id":"https:\/\/www.lifenatura.com\/es\/#\/schema\/logo\/image\/","url":"https:\/\/www.lifenatura.com\/wp-content\/uploads\/2021\/07\/logo.png","contentUrl":"https:\/\/www.lifenatura.com\/wp-content\/uploads\/2021\/07\/logo.png","width":175,"height":55,"caption":"Lifenatura"},"image":{"@id":"https:\/\/www.lifenatura.com\/es\/#\/schema\/logo\/image\/"},"sameAs":["https:\/\/www.facebook.com\/lifenatura","https:\/\/www.instagram.com\/lifenaturapt\/"],"hasMerchantReturnPolicy":{"@type":"MerchantReturnPolicy","merchantReturnLink":"https:\/\/www.lifenatura.com\/termos-condicoes-lifenatura\/"}}]},"product_price_amount":"13.08","product_price_currency":"EUR","og_availability":"out of stock","product_availability":"out of stock","product_retailer_item_id":"7350097210169","product_condition":"new"},"df_price":13.08,"df_sale_price":13.08,"df_regular_price":15.39,"df_image_link":"https:\/\/www.lifenatura.com\/wp-content\/uploads\/2023\/06\/stick-protetor-solar-branco-suntribe-300x300.jpg","_links":{"self":[{"href":"https:\/\/www.lifenatura.com\/es\/wp-json\/wp\/v2\/product\/68257","targetHints":{"allow":["GET"]}}],"collection":[{"href":"https:\/\/www.lifenatura.com\/es\/wp-json\/wp\/v2\/product"}],"about":[{"href":"https:\/\/www.lifenatura.com\/es\/wp-json\/wp\/v2\/types\/product"}],"wp:featuredmedia":[{"embeddable":true,"href":"https:\/\/www.lifenatura.com\/es\/wp-json\/wp\/v2\/media\/68663"}],"wp:attachment":[{"href":"https:\/\/www.lifenatura.com\/es\/wp-json\/wp\/v2\/media?parent=68257"}],"wp:term":[{"taxonomy":"product_brand","embeddable":true,"href":"https:\/\/www.lifenatura.com\/es\/wp-json\/wp\/v2\/product_brand?post=68257"},{"taxonomy":"product_cat","embeddable":true,"href":"https:\/\/www.lifenatura.com\/es\/wp-json\/wp\/v2\/product_cat?post=68257"},{"taxonomy":"product_tag","embeddable":true,"href":"https:\/\/www.lifenatura.com\/es\/wp-json\/wp\/v2\/product_tag?post=68257"}],"curies":[{"name":"wp","href":"https:\/\/api.w.org\/{rel}","templated":true}]}}