{"id":68229,"date":"2023-06-16T10:48:13","date_gmt":"2023-06-16T10:48:13","guid":{"rendered":"https:\/\/www.lifenatura.com\/?post_type=product&#038;p=68229"},"modified":"2023-06-16T10:51:55","modified_gmt":"2023-06-16T10:51:55","slug":"balsamo-labial-natural-de-canamo-6-g-suntribe","status":"publish","type":"product","link":"https:\/\/www.lifenatura.com\/es\/produto\/balsamo-labial-natural-de-canamo-6-g-suntribe\/","title":{"rendered":"B\u00e1lsamo Labial Natural de C\u00e1\u00f1amo 6 g &#8211; Suntribe"},"content":{"rendered":"<h2 style=\"text-align: left\"><strong>Hemp Natural Lip Balm tu b\u00e1lsamo labial hidratante<\/strong><\/h2>\n<p>&nbsp;<\/p>\n<p>B\u00e1lsamo labial naturalmente calmante que proporciona primeros auxilios para los labios secos y agrietados gracias al potente y radicalmente hidratante Aceite de Semillas de C\u00e1\u00f1amo.<\/p>\n<p>El <strong>Aceite de Semillas de C\u00e1\u00f1amo Ecol\u00f3gico<\/strong> calma e hidrata. Extra\u00eddo de las semillas de la planta de c\u00e1\u00f1amo, este aceite natural \u00fanico es una rica fuente de nutrientes importantes que estimulan la cicatrizaci\u00f3n de la piel y alivian los labios secos y agrietados. Sus \u00e1cidos grasos ayudan a reparar la barrera cut\u00e1nea y forman un sello en la piel que retiene la humedad en su interior.<\/p>\n<p>La <strong>Cera Myrica<\/strong> protege la piel de la p\u00e9rdida de humedad. Es una cera vegana que procede de la corteza que recubre las peque\u00f1as bayas de color rubio gris\u00e1ceo de Myrica Pubescens, un \u00e1rbol de Sudam\u00e9rica. Esta cera protege la piel contra la p\u00e9rdida de hidrataci\u00f3n y el estr\u00e9s medioambiental, \u00a1y eso es exactamente lo que hace en los labios! Tiene un tacto no graso y aporta un agradable aroma y una textura suave a nuestro b\u00e1lsamo labial.<\/p>\n<p>La <strong>cera de candelilla<\/strong> retiene la humedad, calma la piel y la hace m\u00e1s uniforme gracias a sus propiedades antiinflamatorias. Tambi\u00e9n evita la p\u00e9rdida de humedad de la piel y es rica en nutrientes y \u00e1cidos grasos.<\/p>\n<p>La <strong>manteca de karit\u00e9 ecol\u00f3gica (Butyrospermum Parkii)<\/strong> nutre en profundidad. Extra\u00edda de la nuez del \u00e1rbol de karit\u00e9, se ha utilizado para nutrir e hidratar en profundidad desde los tiempos de Cleopatra. Retiene la humedad en la piel y la mantiene hidratada durante mucho tiempo. Tambi\u00e9n contiene antioxidantes en forma de vitamina E y A, que pueden ayudar a reducir los da\u00f1os causados por los radicales libres. Estas vitaminas aumentan la circulaci\u00f3n de la piel y favorecen la renovaci\u00f3n celular, por lo que la manteca de karit\u00e9 es uno de los mejores agentes antienvejecimiento y antiestr\u00edas.<\/p>\n<p>El <strong>aceite de coco ecol\u00f3gico (Cocos Nucifera Oil)<\/strong>, extra\u00eddo de la pulpa del coco, hidrata en profundidad. S\u00f3lo utilizamos aceite de coco virgen sin refinar, menos procesado que el aceite de coco refinado.<\/p>\n<p>El aceite de coco se absorbe f\u00e1cilmente y es uno de los aceites m\u00e1s eficaces para hidratar la piel normal y seca, ya que retiene la humedad, dejando la piel hidratada y suave.El Aceite de Eucalipto Ecol\u00f3gico favorece la cicatrizaci\u00f3n y estimula la curaci\u00f3n de la piel da\u00f1ada por el sol gracias a sus propiedades antioxidantes, antibacterianas y antis\u00e9pticas. Su aroma naturalmente fresco calma el cuerpo y la mente. El aceite de eucalipto tambi\u00e9n reduce el enrojecimiento causado por las quemaduras solares.<\/p>\n<p>El <strong>aceite de menta piperita ecol\u00f3gica<\/strong> tiene un efecto refrescante. Sus propiedades antiinflamatorias proporcionan un alivio instant\u00e1neo a las quemaduras solares o a las peque\u00f1as heridas e irritaciones y tiene un efecto naturalmente calmante y refrescante sobre la piel, reduciendo el picor.<\/p>\n<p><strong>PRESENTACI\u00d3N<\/strong><\/p>\n<p>6 g<\/p>\n<p>&nbsp;<\/p>\n","protected":false},"excerpt":{"rendered":"<p>B\u00e1lsamo labial naturalmente calmante que proporciona primeros auxilios para los labios secos y agrietados gracias al aceite de semillas de c\u00e1\u00f1amo. [&#8230;]<\/p>\n<p><a class=\"btn btn-secondary understrap-read-more-link\" href=\"https:\/\/www.lifenatura.com\/es\/produto\/balsamo-labial-natural-de-canamo-6-g-suntribe\/\">Leer m\u00e1s&#8230;<span class=\"screen-reader-text\"> from B\u00e1lsamo Labial Natural de C\u00e1\u00f1amo 6 g &#8211; Suntribe<\/span><\/a><\/p>\n","protected":false},"featured_media":68647,"template":"","meta":{"_acf_changed":false},"product_brand":[8368],"product_cat":[7653,7115,7120],"product_tag":[],"class_list":{"0":"post-68229","1":"product","2":"type-product","3":"status-publish","4":"has-post-thumbnail","6":"product_brand-suntribe","7":"product_cat-cosmetica-natural-lifenatura","8":"product_cat-cuidado-de-la-cara","9":"product_cat-cuidado-labial","11":"first","12":"outofstock","13":"shipping-taxable","14":"purchasable","15":"product-type-simple","16":"add-to-wishlist-before_image"},"acf":[],"yoast_head":"<!-- This site is optimized with the Yoast SEO Premium plugin v27.1 (Yoast SEO v27.3) - https:\/\/yoast.com\/product\/yoast-seo-premium-wordpress\/ -->\n<title>B\u00e1lsamo Labial Natural de C\u00e1\u00f1amo 6 g - Suntribe - Lifenatura<\/title>\n<meta name=\"description\" content=\"B\u00e1lsamo labial naturalmente calmante que proporciona primeros auxilios para los labios secos y agrietados gracias al aceite de semillas de c\u00e1\u00f1amo.\" \/>\n<meta name=\"robots\" content=\"index, follow, max-snippet:-1, max-image-preview:large, max-video-preview:-1\" \/>\n<link rel=\"canonical\" href=\"https:\/\/www.lifenatura.com\/es\/produto\/balsamo-labial-natural-de-canamo-6-g-suntribe\/\" \/>\n<meta property=\"og:locale\" content=\"es_ES\" \/>\n<meta property=\"og:type\" content=\"article\" \/>\n<meta property=\"og:title\" content=\"B\u00e1lsamo Labial Natural de C\u00e1\u00f1amo 6 g - Suntribe - Lifenatura\" \/>\n<meta property=\"og:description\" content=\"Compre aqui o seu B\u00e1lsamo Labial Natural de C\u00e1\u00f1amo 6 g - Suntribe e a Lifenatura Online envia em 48 H com Portes Gratis &gt;35\u20ac de Pedido.\" \/>\n<meta property=\"og:url\" content=\"https:\/\/www.lifenatura.com\/es\/produto\/balsamo-labial-natural-de-canamo-6-g-suntribe\/\" \/>\n<meta property=\"og:site_name\" content=\"Lifenatura\" \/>\n<meta property=\"article:publisher\" content=\"https:\/\/www.facebook.com\/lifenatura\" \/>\n<meta property=\"article:modified_time\" content=\"2023-06-16T10:51:55+00:00\" \/>\n<meta property=\"og:image\" content=\"https:\/\/www.lifenatura.com\/wp-content\/uploads\/2023\/06\/balsamo-labial-suntribe.jpg\" \/>\n\t<meta property=\"og:image:width\" content=\"1000\" \/>\n\t<meta property=\"og:image:height\" content=\"1000\" \/>\n\t<meta property=\"og:image:type\" content=\"image\/jpeg\" \/>\n<meta name=\"twitter:card\" content=\"summary_large_image\" \/>\n<meta name=\"twitter:label1\" content=\"Precio\" \/>\n\t<meta name=\"twitter:data1\" content=\"7,95&nbsp;&euro;\" \/>\n\t<meta name=\"twitter:label2\" content=\"Disponibilidad\" \/>\n\t<meta name=\"twitter:data2\" content=\"Sin existencias\" \/>\n<meta property=\"product:price:amount\" content=\"7.95\" \/>\n<meta property=\"product:price:currency\" content=\"EUR\" \/>\n<meta property=\"og:availability\" content=\"out of stock\" \/>\n<meta property=\"product:availability\" content=\"out of stock\" \/>\n<meta property=\"product:retailer_item_id\" content=\"7350097210305\" \/>\n<meta property=\"product:condition\" content=\"new\" \/>\n<!-- \/ Yoast SEO Premium plugin. -->","yoast_head_json":{"title":"B\u00e1lsamo Labial Natural de C\u00e1\u00f1amo 6 g - Suntribe - Lifenatura","description":"B\u00e1lsamo labial naturalmente calmante que proporciona primeros auxilios para los labios secos y agrietados gracias al aceite de semillas de c\u00e1\u00f1amo.","robots":{"index":"index","follow":"follow","max-snippet":"max-snippet:-1","max-image-preview":"max-image-preview:large","max-video-preview":"max-video-preview:-1"},"canonical":"https:\/\/www.lifenatura.com\/es\/produto\/balsamo-labial-natural-de-canamo-6-g-suntribe\/","og_locale":"es_ES","og_type":"article","og_title":"B\u00e1lsamo Labial Natural de C\u00e1\u00f1amo 6 g - Suntribe - Lifenatura","og_description":"Compre aqui o seu B\u00e1lsamo Labial Natural de C\u00e1\u00f1amo 6 g - Suntribe e a Lifenatura Online envia em 48 H com Portes Gratis >35\u20ac de Pedido.","og_url":"https:\/\/www.lifenatura.com\/es\/produto\/balsamo-labial-natural-de-canamo-6-g-suntribe\/","og_site_name":"Lifenatura","article_publisher":"https:\/\/www.facebook.com\/lifenatura","article_modified_time":"2023-06-16T10:51:55+00:00","og_image":[{"width":1000,"height":1000,"url":"https:\/\/www.lifenatura.com\/wp-content\/uploads\/2023\/06\/balsamo-labial-suntribe.jpg","type":"image\/jpeg"}],"twitter_card":"summary_large_image","twitter_misc":{"Precio":"7,95&nbsp;&euro;","Disponibilidad":"Sin existencias"},"schema":{"@context":"https:\/\/schema.org","@graph":[{"@type":"WebPage","@id":"https:\/\/www.lifenatura.com\/es\/produto\/balsamo-labial-natural-de-canamo-6-g-suntribe\/","url":"https:\/\/www.lifenatura.com\/es\/produto\/balsamo-labial-natural-de-canamo-6-g-suntribe\/","name":"B\u00e1lsamo Labial Natural de C\u00e1\u00f1amo 6 g - Suntribe - Lifenatura","isPartOf":{"@id":"https:\/\/www.lifenatura.com\/es\/#website"},"primaryImageOfPage":{"@id":"https:\/\/www.lifenatura.com\/es\/produto\/balsamo-labial-natural-de-canamo-6-g-suntribe\/#primaryimage"},"image":{"@id":"https:\/\/www.lifenatura.com\/es\/produto\/balsamo-labial-natural-de-canamo-6-g-suntribe\/#primaryimage"},"thumbnailUrl":"https:\/\/www.lifenatura.com\/wp-content\/uploads\/2023\/06\/balsamo-labial-suntribe.jpg","datePublished":"2023-06-16T10:48:13+00:00","dateModified":"2023-06-16T10:51:55+00:00","description":"B\u00e1lsamo labial naturalmente calmante que proporciona primeros auxilios para los labios secos y agrietados gracias al aceite de semillas de c\u00e1\u00f1amo.","breadcrumb":{"@id":"https:\/\/www.lifenatura.com\/es\/produto\/balsamo-labial-natural-de-canamo-6-g-suntribe\/#breadcrumb"},"inLanguage":"es","potentialAction":[{"@type":"ReadAction","target":["https:\/\/www.lifenatura.com\/es\/produto\/balsamo-labial-natural-de-canamo-6-g-suntribe\/"]}]},{"@type":"ImageObject","inLanguage":"es","@id":"https:\/\/www.lifenatura.com\/es\/produto\/balsamo-labial-natural-de-canamo-6-g-suntribe\/#primaryimage","url":"https:\/\/www.lifenatura.com\/wp-content\/uploads\/2023\/06\/balsamo-labial-suntribe.jpg","contentUrl":"https:\/\/www.lifenatura.com\/wp-content\/uploads\/2023\/06\/balsamo-labial-suntribe.jpg","width":1000,"height":1000,"caption":"Balsamo Labial C\u00e2nhamo 6 g Suntribe"},{"@type":"BreadcrumbList","@id":"https:\/\/www.lifenatura.com\/es\/produto\/balsamo-labial-natural-de-canamo-6-g-suntribe\/#breadcrumb","itemListElement":[{"@type":"ListItem","position":1,"name":"In\u00edcio","item":"https:\/\/www.lifenatura.com\/es\/"},{"@type":"ListItem","position":2,"name":"Todos los Productos","item":"https:\/\/www.lifenatura.com\/es\/tienda\/"},{"@type":"ListItem","position":3,"name":"B\u00e1lsamo Labial Natural de C\u00e1\u00f1amo 6 g &#8211; Suntribe"}]},{"@type":"WebSite","@id":"https:\/\/www.lifenatura.com\/es\/#website","url":"https:\/\/www.lifenatura.com\/es\/","name":"Lifenatura","description":"A Lifenatura \u00e9 uma loja de produtos naturais, cosm\u00e9tica natural e alimenta\u00e7\u00e3o Biol\u00f3gica.","publisher":{"@id":"https:\/\/www.lifenatura.com\/es\/#organization"},"potentialAction":[{"@type":"SearchAction","target":{"@type":"EntryPoint","urlTemplate":"https:\/\/www.lifenatura.com\/es\/?s={search_term_string}"},"query-input":{"@type":"PropertyValueSpecification","valueRequired":true,"valueName":"search_term_string"}}],"inLanguage":"es"},{"@type":"Organization","@id":"https:\/\/www.lifenatura.com\/es\/#organization","name":"Lifenatura","url":"https:\/\/www.lifenatura.com\/es\/","logo":{"@type":"ImageObject","inLanguage":"es","@id":"https:\/\/www.lifenatura.com\/es\/#\/schema\/logo\/image\/","url":"https:\/\/www.lifenatura.com\/wp-content\/uploads\/2021\/11\/logo.png","contentUrl":"https:\/\/www.lifenatura.com\/wp-content\/uploads\/2021\/11\/logo.png","width":175,"height":55,"caption":"Lifenatura"},"image":{"@id":"https:\/\/www.lifenatura.com\/es\/#\/schema\/logo\/image\/"},"sameAs":["https:\/\/www.facebook.com\/lifenatura","https:\/\/www.instagram.com\/lifenaturapt\/"]}]},"product_price_amount":"7.95","product_price_currency":"EUR","og_availability":"out of stock","product_availability":"out of stock","product_retailer_item_id":"7350097210305","product_condition":"new"},"df_price":7.95,"df_sale_price":"","df_regular_price":7.95,"df_image_link":"https:\/\/www.lifenatura.com\/wp-content\/uploads\/2023\/06\/balsamo-labial-suntribe-300x300.jpg","_links":{"self":[{"href":"https:\/\/www.lifenatura.com\/es\/wp-json\/wp\/v2\/product\/68229","targetHints":{"allow":["GET"]}}],"collection":[{"href":"https:\/\/www.lifenatura.com\/es\/wp-json\/wp\/v2\/product"}],"about":[{"href":"https:\/\/www.lifenatura.com\/es\/wp-json\/wp\/v2\/types\/product"}],"wp:featuredmedia":[{"embeddable":true,"href":"https:\/\/www.lifenatura.com\/es\/wp-json\/wp\/v2\/media\/68647"}],"wp:attachment":[{"href":"https:\/\/www.lifenatura.com\/es\/wp-json\/wp\/v2\/media?parent=68229"}],"wp:term":[{"taxonomy":"product_brand","embeddable":true,"href":"https:\/\/www.lifenatura.com\/es\/wp-json\/wp\/v2\/product_brand?post=68229"},{"taxonomy":"product_cat","embeddable":true,"href":"https:\/\/www.lifenatura.com\/es\/wp-json\/wp\/v2\/product_cat?post=68229"},{"taxonomy":"product_tag","embeddable":true,"href":"https:\/\/www.lifenatura.com\/es\/wp-json\/wp\/v2\/product_tag?post=68229"}],"curies":[{"name":"wp","href":"https:\/\/api.w.org\/{rel}","templated":true}]}}