{"id":68223,"date":"2023-06-16T10:20:57","date_gmt":"2023-06-16T10:20:57","guid":{"rendered":"https:\/\/www.lifenatura.com\/?post_type=product&#038;p=68223"},"modified":"2023-06-16T10:28:30","modified_gmt":"2023-06-16T10:28:30","slug":"manteca-de-coco-y-argan-natural-150-ml-suntribe","status":"publish","type":"product","link":"https:\/\/www.lifenatura.com\/es\/produto\/manteca-de-coco-y-argan-natural-150-ml-suntribe\/","title":{"rendered":"Manteca de Coco y Arg\u00e1n Natural 150 ml &#8211; Suntribe"},"content":{"rendered":"<h2 style=\"text-align: left\"><strong>La manteca de coco y arg\u00e1n suaviza e hidrata la piel<\/strong><\/h2>\n<p>&nbsp;<\/p>\n<p>Elaborada con cinco ingredientes org\u00e1nicos de primera calidad, esta rica manteca corporal proporciona una hidrataci\u00f3n y nutrici\u00f3n intensivas y duraderas sin componentes alerg\u00e9nicos ni irritantes. F\u00f3rmula pura y rica con un ligero aroma natural a coco, adecuada para pieles normales, sensibles, secas y muy secas. Ideal para beb\u00e9s, ni\u00f1os, durante y despu\u00e9s del embarazo. No contiene al\u00e9rgenos y es adecuada para afecciones cut\u00e1neas como el eccema, la psoriasis y la ros\u00e1cea.<\/p>\n<p>La <strong>manteca de karit\u00e9 ecol\u00f3gica (Butyrospermum Parkii)<\/strong> nutre en profundidad. Extra\u00edda de la nuez del \u00e1rbol de karit\u00e9, se ha utilizado para nutrir e hidratar en profundidad desde los tiempos de Cleopatra. Retiene la humedad en la piel y la mantiene hidratada durante mucho tiempo. Tambi\u00e9n contiene antioxidantes en forma de vitamina E y A, que pueden ayudar a reducir los da\u00f1os causados por los radicales libres. Estas vitaminas aumentan la circulaci\u00f3n de la piel y favorecen la renovaci\u00f3n celular, por lo que la manteca de karit\u00e9 es uno de los mejores agentes antienvejecimiento y antiestr\u00edas.<\/p>\n<p>El <strong>aceite de jojoba org\u00e1nico<\/strong> calma e hidrata la piel reseca por el sol sin dejar residuos grasos. El aceite de jojoba contiene vitamina E y B, que ayudan a reparar la piel y a controlar los da\u00f1os causados por el sol.<\/p>\n<p>El <strong>Aceite de Tamanu Ecol\u00f3gico<\/strong> reduce el dolor causado por las quemaduras solares y tiene un efecto hidratante y cicatrizante sobre la piel gracias a los nutrientes y antioxidantes que contiene. Este aceite extra\u00eddo de las nueces del \u00e1rbol de Tamanu acelera de forma natural el proceso de cicatrizaci\u00f3n de la piel, por lo que se ha utilizado tradicionalmente para curar cicatrices desde que fue descubierto por los nativos tahitianos.<\/p>\n<p><strong>PRESENTACI\u00d3N<\/strong><\/p>\n<p>150 ml<\/p>\n<p>&nbsp;<\/p>\n","protected":false},"excerpt":{"rendered":"<p>Elaborada con cinco ingredientes ecol\u00f3gicos de primera calidad, esta rica manteca corporal proporciona una hidrataci\u00f3n y nutrici\u00f3n intensas y duraderas. [&#8230;]<\/p>\n<p><a class=\"btn btn-secondary understrap-read-more-link\" href=\"https:\/\/www.lifenatura.com\/es\/produto\/manteca-de-coco-y-argan-natural-150-ml-suntribe\/\">Leer m\u00e1s&#8230;<span class=\"screen-reader-text\"> from Manteca de Coco y Arg\u00e1n Natural 150 ml &#8211; Suntribe<\/span><\/a><\/p>\n","protected":false},"featured_media":68645,"template":"","meta":{"_acf_changed":false},"product_brand":[8368],"product_cat":[7140,7653,7139],"product_tag":[],"class_list":{"0":"post-68223","1":"product","2":"type-product","3":"status-publish","4":"has-post-thumbnail","6":"product_brand-suntribe","7":"product_cat-after-sun-proteccion","8":"product_cat-cosmetica-natural-lifenatura","9":"product_cat-proteccion-solar","11":"first","12":"outofstock","13":"shipping-taxable","14":"product-type-simple","15":"add-to-wishlist-before_image"},"acf":[],"yoast_head":"<!-- This site is optimized with the Yoast SEO Premium plugin v27.1 (Yoast SEO v27.5) - https:\/\/yoast.com\/product\/yoast-seo-premium-wordpress\/ -->\n<title>Manteca de Coco y Arg\u00e1n Natural 150 ml - Suntribe - Na Lifenatura ao Melhor Pre\u00e7o | Envio em 48h<\/title>\n<meta name=\"description\" content=\"Elaborada con cinco ingredientes ecol\u00f3gicos de primera calidad, esta rica manteca corporal proporciona una hidrataci\u00f3n y nutrici\u00f3n intensas y duraderas.\" \/>\n<meta name=\"robots\" content=\"index, follow, max-snippet:-1, max-image-preview:large, max-video-preview:-1\" \/>\n<link rel=\"canonical\" href=\"https:\/\/www.lifenatura.com\/es\/produto\/manteca-de-coco-y-argan-natural-150-ml-suntribe\/\" \/>\n<meta property=\"og:locale\" content=\"es_ES\" \/>\n<meta property=\"og:type\" content=\"article\" \/>\n<meta property=\"og:title\" content=\"Manteca de Coco y Arg\u00e1n Natural 150 ml - Suntribe - Na Lifenatura ao Melhor Pre\u00e7o | Envio 48h\" \/>\n<meta property=\"og:description\" content=\"Compre Manteca de Coco y Arg\u00e1n Natural 150 ml - Suntribe com envio r\u00e1pido. Entrega em 48h e portes gr\u00e1tis em compras &gt;35\u20ac. Aproveite j\u00e1 na Lifenatura\" \/>\n<meta property=\"og:url\" content=\"https:\/\/www.lifenatura.com\/es\/produto\/manteca-de-coco-y-argan-natural-150-ml-suntribe\/\" \/>\n<meta property=\"og:site_name\" content=\"Lifenatura\" \/>\n<meta property=\"article:publisher\" content=\"https:\/\/www.facebook.com\/lifenatura\" \/>\n<meta property=\"article:modified_time\" content=\"2023-06-16T10:28:30+00:00\" \/>\n<meta property=\"og:image\" content=\"https:\/\/www.lifenatura.com\/wp-content\/uploads\/2023\/06\/manteiga-coco-argao-suntribe.jpg\" \/>\n\t<meta property=\"og:image:width\" content=\"1000\" \/>\n\t<meta property=\"og:image:height\" content=\"1000\" \/>\n\t<meta property=\"og:image:type\" content=\"image\/jpeg\" \/>\n<meta name=\"twitter:card\" content=\"summary_large_image\" \/>\n<meta name=\"twitter:label1\" content=\"Precio\" \/>\n\t<meta name=\"twitter:data1\" content=\"\" \/>\n\t<meta name=\"twitter:label2\" content=\"Disponibilidad\" \/>\n\t<meta name=\"twitter:data2\" content=\"Sin existencias\" \/>\n<script type=\"application\/ld+json\" class=\"yoast-schema-graph\">{\"@context\":\"https:\\\/\\\/schema.org\",\"@graph\":[{\"@type\":\"WebPage\",\"@id\":\"https:\\\/\\\/www.lifenatura.com\\\/es\\\/produto\\\/manteca-de-coco-y-argan-natural-150-ml-suntribe\\\/\",\"url\":\"https:\\\/\\\/www.lifenatura.com\\\/es\\\/produto\\\/manteca-de-coco-y-argan-natural-150-ml-suntribe\\\/\",\"name\":\"Manteca de Coco y Arg\u00e1n Natural 150 ml - Suntribe - Na Lifenatura ao Melhor Pre\u00e7o | Envio em 48h\",\"isPartOf\":{\"@id\":\"https:\\\/\\\/www.lifenatura.com\\\/es\\\/#website\"},\"primaryImageOfPage\":{\"@id\":\"https:\\\/\\\/www.lifenatura.com\\\/es\\\/produto\\\/manteca-de-coco-y-argan-natural-150-ml-suntribe\\\/#primaryimage\"},\"image\":{\"@id\":\"https:\\\/\\\/www.lifenatura.com\\\/es\\\/produto\\\/manteca-de-coco-y-argan-natural-150-ml-suntribe\\\/#primaryimage\"},\"thumbnailUrl\":\"https:\\\/\\\/www.lifenatura.com\\\/wp-content\\\/uploads\\\/2023\\\/06\\\/manteiga-coco-argao-suntribe.jpg\",\"datePublished\":\"2023-06-16T10:20:57+00:00\",\"dateModified\":\"2023-06-16T10:28:30+00:00\",\"description\":\"Elaborada con cinco ingredientes ecol\u00f3gicos de primera calidad, esta rica manteca corporal proporciona una hidrataci\u00f3n y nutrici\u00f3n intensas y duraderas.\",\"breadcrumb\":{\"@id\":\"https:\\\/\\\/www.lifenatura.com\\\/es\\\/produto\\\/manteca-de-coco-y-argan-natural-150-ml-suntribe\\\/#breadcrumb\"},\"inLanguage\":\"es\",\"potentialAction\":[{\"@type\":\"ReadAction\",\"target\":[\"https:\\\/\\\/www.lifenatura.com\\\/es\\\/produto\\\/manteca-de-coco-y-argan-natural-150-ml-suntribe\\\/\"]}]},{\"@type\":\"ImageObject\",\"inLanguage\":\"es\",\"@id\":\"https:\\\/\\\/www.lifenatura.com\\\/es\\\/produto\\\/manteca-de-coco-y-argan-natural-150-ml-suntribe\\\/#primaryimage\",\"url\":\"https:\\\/\\\/www.lifenatura.com\\\/wp-content\\\/uploads\\\/2023\\\/06\\\/manteiga-coco-argao-suntribe.jpg\",\"contentUrl\":\"https:\\\/\\\/www.lifenatura.com\\\/wp-content\\\/uploads\\\/2023\\\/06\\\/manteiga-coco-argao-suntribe.jpg\",\"width\":1000,\"height\":1000,\"caption\":\"Manteiga de Coco e Arg\u00e3o 150 ml Suntribe\"},{\"@type\":\"BreadcrumbList\",\"@id\":\"https:\\\/\\\/www.lifenatura.com\\\/es\\\/produto\\\/manteca-de-coco-y-argan-natural-150-ml-suntribe\\\/#breadcrumb\",\"itemListElement\":[{\"@type\":\"ListItem\",\"position\":1,\"name\":\"In\u00edcio\",\"item\":\"https:\\\/\\\/www.lifenatura.com\\\/es\\\/\"},{\"@type\":\"ListItem\",\"position\":2,\"name\":\"Todos los Productos\",\"item\":\"https:\\\/\\\/www.lifenatura.com\\\/es\\\/tienda\\\/\"},{\"@type\":\"ListItem\",\"position\":3,\"name\":\"Manteca de Coco y Arg\u00e1n Natural 150 ml &#8211; Suntribe\"}]},{\"@type\":\"WebSite\",\"@id\":\"https:\\\/\\\/www.lifenatura.com\\\/es\\\/#website\",\"url\":\"https:\\\/\\\/www.lifenatura.com\\\/es\\\/\",\"name\":\"Lifenatura\",\"description\":\"A Lifenatura \u00e9 uma loja de produtos naturais, cosm\u00e9tica natural e alimenta\u00e7\u00e3o Biol\u00f3gica.\",\"publisher\":{\"@id\":\"https:\\\/\\\/www.lifenatura.com\\\/es\\\/#organization\"},\"potentialAction\":[{\"@type\":\"SearchAction\",\"target\":{\"@type\":\"EntryPoint\",\"urlTemplate\":\"https:\\\/\\\/www.lifenatura.com\\\/es\\\/?s={search_term_string}\"},\"query-input\":{\"@type\":\"PropertyValueSpecification\",\"valueRequired\":true,\"valueName\":\"search_term_string\"}}],\"inLanguage\":\"es\"},{\"@type\":\"Organization\",\"@id\":\"https:\\\/\\\/www.lifenatura.com\\\/es\\\/#organization\",\"name\":\"Lifenatura\",\"url\":\"https:\\\/\\\/www.lifenatura.com\\\/es\\\/\",\"logo\":{\"@type\":\"ImageObject\",\"inLanguage\":\"es\",\"@id\":\"https:\\\/\\\/www.lifenatura.com\\\/es\\\/#\\\/schema\\\/logo\\\/image\\\/\",\"url\":\"https:\\\/\\\/www.lifenatura.com\\\/wp-content\\\/uploads\\\/2021\\\/07\\\/logo.png\",\"contentUrl\":\"https:\\\/\\\/www.lifenatura.com\\\/wp-content\\\/uploads\\\/2021\\\/07\\\/logo.png\",\"width\":175,\"height\":55,\"caption\":\"Lifenatura\"},\"image\":{\"@id\":\"https:\\\/\\\/www.lifenatura.com\\\/es\\\/#\\\/schema\\\/logo\\\/image\\\/\"},\"sameAs\":[\"https:\\\/\\\/www.facebook.com\\\/lifenatura\",\"https:\\\/\\\/www.instagram.com\\\/lifenaturapt\\\/\"],\"hasMerchantReturnPolicy\":{\"@type\":\"MerchantReturnPolicy\",\"merchantReturnLink\":\"https:\\\/\\\/www.lifenatura.com\\\/termos-condicoes-lifenatura\\\/\"}}]}<\/script>\n<meta property=\"product:price:currency\" content=\"EUR\" \/>\n<meta property=\"og:availability\" content=\"out of stock\" \/>\n<meta property=\"product:availability\" content=\"out of stock\" \/>\n<meta property=\"product:retailer_item_id\" content=\"7350097210077\" \/>\n<meta property=\"product:condition\" content=\"new\" \/>\n<!-- \/ Yoast SEO Premium plugin. -->","yoast_head_json":{"title":"Manteca de Coco y Arg\u00e1n Natural 150 ml - Suntribe - Na Lifenatura ao Melhor Pre\u00e7o | Envio em 48h","description":"Elaborada con cinco ingredientes ecol\u00f3gicos de primera calidad, esta rica manteca corporal proporciona una hidrataci\u00f3n y nutrici\u00f3n intensas y duraderas.","robots":{"index":"index","follow":"follow","max-snippet":"max-snippet:-1","max-image-preview":"max-image-preview:large","max-video-preview":"max-video-preview:-1"},"canonical":"https:\/\/www.lifenatura.com\/es\/produto\/manteca-de-coco-y-argan-natural-150-ml-suntribe\/","og_locale":"es_ES","og_type":"article","og_title":"Manteca de Coco y Arg\u00e1n Natural 150 ml - Suntribe - Na Lifenatura ao Melhor Pre\u00e7o | Envio 48h","og_description":"Compre Manteca de Coco y Arg\u00e1n Natural 150 ml - Suntribe com envio r\u00e1pido. Entrega em 48h e portes gr\u00e1tis em compras >35\u20ac. Aproveite j\u00e1 na Lifenatura","og_url":"https:\/\/www.lifenatura.com\/es\/produto\/manteca-de-coco-y-argan-natural-150-ml-suntribe\/","og_site_name":"Lifenatura","article_publisher":"https:\/\/www.facebook.com\/lifenatura","article_modified_time":"2023-06-16T10:28:30+00:00","og_image":[{"width":1000,"height":1000,"url":"https:\/\/www.lifenatura.com\/wp-content\/uploads\/2023\/06\/manteiga-coco-argao-suntribe.jpg","type":"image\/jpeg"}],"twitter_card":"summary_large_image","twitter_misc":{"Precio":"","Disponibilidad":"Sin existencias"},"schema":{"@context":"https:\/\/schema.org","@graph":[{"@type":"WebPage","@id":"https:\/\/www.lifenatura.com\/es\/produto\/manteca-de-coco-y-argan-natural-150-ml-suntribe\/","url":"https:\/\/www.lifenatura.com\/es\/produto\/manteca-de-coco-y-argan-natural-150-ml-suntribe\/","name":"Manteca de Coco y Arg\u00e1n Natural 150 ml - Suntribe - Na Lifenatura ao Melhor Pre\u00e7o | Envio em 48h","isPartOf":{"@id":"https:\/\/www.lifenatura.com\/es\/#website"},"primaryImageOfPage":{"@id":"https:\/\/www.lifenatura.com\/es\/produto\/manteca-de-coco-y-argan-natural-150-ml-suntribe\/#primaryimage"},"image":{"@id":"https:\/\/www.lifenatura.com\/es\/produto\/manteca-de-coco-y-argan-natural-150-ml-suntribe\/#primaryimage"},"thumbnailUrl":"https:\/\/www.lifenatura.com\/wp-content\/uploads\/2023\/06\/manteiga-coco-argao-suntribe.jpg","datePublished":"2023-06-16T10:20:57+00:00","dateModified":"2023-06-16T10:28:30+00:00","description":"Elaborada con cinco ingredientes ecol\u00f3gicos de primera calidad, esta rica manteca corporal proporciona una hidrataci\u00f3n y nutrici\u00f3n intensas y duraderas.","breadcrumb":{"@id":"https:\/\/www.lifenatura.com\/es\/produto\/manteca-de-coco-y-argan-natural-150-ml-suntribe\/#breadcrumb"},"inLanguage":"es","potentialAction":[{"@type":"ReadAction","target":["https:\/\/www.lifenatura.com\/es\/produto\/manteca-de-coco-y-argan-natural-150-ml-suntribe\/"]}]},{"@type":"ImageObject","inLanguage":"es","@id":"https:\/\/www.lifenatura.com\/es\/produto\/manteca-de-coco-y-argan-natural-150-ml-suntribe\/#primaryimage","url":"https:\/\/www.lifenatura.com\/wp-content\/uploads\/2023\/06\/manteiga-coco-argao-suntribe.jpg","contentUrl":"https:\/\/www.lifenatura.com\/wp-content\/uploads\/2023\/06\/manteiga-coco-argao-suntribe.jpg","width":1000,"height":1000,"caption":"Manteiga de Coco e Arg\u00e3o 150 ml Suntribe"},{"@type":"BreadcrumbList","@id":"https:\/\/www.lifenatura.com\/es\/produto\/manteca-de-coco-y-argan-natural-150-ml-suntribe\/#breadcrumb","itemListElement":[{"@type":"ListItem","position":1,"name":"In\u00edcio","item":"https:\/\/www.lifenatura.com\/es\/"},{"@type":"ListItem","position":2,"name":"Todos los Productos","item":"https:\/\/www.lifenatura.com\/es\/tienda\/"},{"@type":"ListItem","position":3,"name":"Manteca de Coco y Arg\u00e1n Natural 150 ml &#8211; Suntribe"}]},{"@type":"WebSite","@id":"https:\/\/www.lifenatura.com\/es\/#website","url":"https:\/\/www.lifenatura.com\/es\/","name":"Lifenatura","description":"A Lifenatura \u00e9 uma loja de produtos naturais, cosm\u00e9tica natural e alimenta\u00e7\u00e3o Biol\u00f3gica.","publisher":{"@id":"https:\/\/www.lifenatura.com\/es\/#organization"},"potentialAction":[{"@type":"SearchAction","target":{"@type":"EntryPoint","urlTemplate":"https:\/\/www.lifenatura.com\/es\/?s={search_term_string}"},"query-input":{"@type":"PropertyValueSpecification","valueRequired":true,"valueName":"search_term_string"}}],"inLanguage":"es"},{"@type":"Organization","@id":"https:\/\/www.lifenatura.com\/es\/#organization","name":"Lifenatura","url":"https:\/\/www.lifenatura.com\/es\/","logo":{"@type":"ImageObject","inLanguage":"es","@id":"https:\/\/www.lifenatura.com\/es\/#\/schema\/logo\/image\/","url":"https:\/\/www.lifenatura.com\/wp-content\/uploads\/2021\/07\/logo.png","contentUrl":"https:\/\/www.lifenatura.com\/wp-content\/uploads\/2021\/07\/logo.png","width":175,"height":55,"caption":"Lifenatura"},"image":{"@id":"https:\/\/www.lifenatura.com\/es\/#\/schema\/logo\/image\/"},"sameAs":["https:\/\/www.facebook.com\/lifenatura","https:\/\/www.instagram.com\/lifenaturapt\/"],"hasMerchantReturnPolicy":{"@type":"MerchantReturnPolicy","merchantReturnLink":"https:\/\/www.lifenatura.com\/termos-condicoes-lifenatura\/"}}]},"product_price_currency":"EUR","og_availability":"out of stock","product_availability":"out of stock","product_retailer_item_id":"7350097210077","product_condition":"new"},"df_price":"","df_sale_price":"","df_regular_price":"","df_image_link":"https:\/\/www.lifenatura.com\/wp-content\/uploads\/2023\/06\/manteiga-coco-argao-suntribe-300x300.jpg","_links":{"self":[{"href":"https:\/\/www.lifenatura.com\/es\/wp-json\/wp\/v2\/product\/68223","targetHints":{"allow":["GET"]}}],"collection":[{"href":"https:\/\/www.lifenatura.com\/es\/wp-json\/wp\/v2\/product"}],"about":[{"href":"https:\/\/www.lifenatura.com\/es\/wp-json\/wp\/v2\/types\/product"}],"wp:featuredmedia":[{"embeddable":true,"href":"https:\/\/www.lifenatura.com\/es\/wp-json\/wp\/v2\/media\/68645"}],"wp:attachment":[{"href":"https:\/\/www.lifenatura.com\/es\/wp-json\/wp\/v2\/media?parent=68223"}],"wp:term":[{"taxonomy":"product_brand","embeddable":true,"href":"https:\/\/www.lifenatura.com\/es\/wp-json\/wp\/v2\/product_brand?post=68223"},{"taxonomy":"product_cat","embeddable":true,"href":"https:\/\/www.lifenatura.com\/es\/wp-json\/wp\/v2\/product_cat?post=68223"},{"taxonomy":"product_tag","embeddable":true,"href":"https:\/\/www.lifenatura.com\/es\/wp-json\/wp\/v2\/product_tag?post=68223"}],"curies":[{"name":"wp","href":"https:\/\/api.w.org\/{rel}","templated":true}]}}