{"id":68219,"date":"2023-06-16T09:27:34","date_gmt":"2023-06-16T09:27:34","guid":{"rendered":"https:\/\/www.lifenatura.com\/?post_type=product&#038;p=68219"},"modified":"2023-06-16T10:03:03","modified_gmt":"2023-06-16T10:03:03","slug":"protector-solar-mineral-spf-50-100-ml-suntribe","status":"publish","type":"product","link":"https:\/\/www.lifenatura.com\/es\/produto\/protector-solar-mineral-spf-50-100-ml-suntribe\/","title":{"rendered":"Protector Solar Mineral SPF 50 100 ml &#8211; Suntribe"},"content":{"rendered":"<h2 style=\"text-align: left\"><strong>Protector solar mineral con una combinaci\u00f3n innovadora<\/strong><\/h2>\n<p>&nbsp;<\/p>\n<p>Por fin puede dejar de preocuparse por su protector solar: es seguro para usted y para la naturaleza. Una innovadora combinaci\u00f3n de filtros UV minerales y aceite de semillas de Karanja (Pongamia Glabra) reduce el efecto blanqueador a este protector solar org\u00e1nico, a la vez que proporciona una protecci\u00f3n de amplio espectro cient\u00edficamente validada contra los rayos UVA y UVB.<\/p>\n<p>F\u00f3rmula vegana extrasuave con Aloe Vera calmante y Manzanilla relajante. Se presenta en un innovador tubo fabricado con ca\u00f1a de az\u00facar. Sin al\u00e9rgenos, es apta para ni\u00f1os y pieles sensibles. \u00a1Arrecifes seguros!<\/p>\n<p>El <strong>\u00d3xido de Zinc<\/strong> sin nanopart\u00edculas es el filtro UV m\u00e1s seguro para la salud de los seres humanos, los corales y la vida marina. SPF 50 ofrece una protecci\u00f3n de amplio espectro cient\u00edficamente validada contra los rayos UVA y UVB &#8211; bloquea el 98% de los rayos UVB.<\/p>\n<p>El <strong>triglic\u00e9rido capr\u00edlico (coco)<\/strong> proporciona un efecto calmante. Derivado del aceite de coco y la glicerina natural. Tiene un efecto suavizante de la piel y \u00e1cidos grasos beneficiosos que ayudan a la piel a resistir la deshidrataci\u00f3n. Ampliamente utilizado desde hace m\u00e1s de 50 a\u00f1os, ayuda a calmar la piel y act\u00faa como antioxidante.<\/p>\n<p>El <strong>di\u00f3xido de titanio<\/strong> sin nanopart\u00edculas es un mineral natural que proporciona una protecci\u00f3n solar segura. Se produjo intencionadamente por primera vez para su uso como pigmento blanco en 1923. Conocido por proporcionar una cobertura suave a las personas con piel sensible, el di\u00f3xido de titanio se utiliza en los protectores solares para espesar, aclarar y lubricar, proporcionando protecci\u00f3n contra los rayos UVA y UVB de amplio espectro del sol. Seg\u00fan la comunidad cient\u00edfica, es seguro para los arrecifes.<\/p>\n<p>El <strong>tocoferol (vitamina E)<\/strong>, la forma biol\u00f3gicamente m\u00e1s activa de la vitamina E, act\u00faa como antioxidante. Ayuda a retener la humedad para mantener la piel radiante y sana. La vitamina E se utiliza para ayudar a proteger la barrera natural de la piel, ayudar a retener la humedad en la piel, cicatrizar y proporcionar a la piel propiedades antioxidantes. Las investigaciones sugieren que el tocoferol puede tener propiedades protectoras contra los efectos nocivos de los rayos UV, reduciendo los efectos de los radicales libres producidos por la exposici\u00f3n al sol, actuando como antioxidante.<\/p>\n<p>El <strong>bisabolol (procedente de la manzanilla)<\/strong> mantiene la piel hidratada y fresca. Es un aceite natural derivado de la manzanilla. Sus beneficios incluyen la hidrataci\u00f3n y la protecci\u00f3n contra los radicales libres. Tambi\u00e9n mantiene alejados los signos del envejecimiento, como las arrugas y las l\u00edneas de expresi\u00f3n. El bisabolol tiene propiedades calmantes para las pieles sensibles o irritables. Contiene antimicrobianos que eliminan las bacterias, lo que puede ayudar a prevenir y reducir los brotes. Estimula la respuesta curativa de la piel, ayudando a reducir cicatrices y manchas.<\/p>\n<p><strong>PRESENTACI\u00d3N<\/strong><\/p>\n<p>100ml<\/p>\n<p>&nbsp;<\/p>\n","protected":false},"excerpt":{"rendered":"<p>F\u00f3rmula extrasuave con Aloe Vera y Camomila calmantes. Se presenta en un innovador tubo fabricado con ca\u00f1a de az\u00facar. Apto para ni\u00f1os y pieles sensibles. [&#8230;]<\/p>\n<p><a class=\"btn btn-secondary understrap-read-more-link\" href=\"https:\/\/www.lifenatura.com\/es\/produto\/protector-solar-mineral-spf-50-100-ml-suntribe\/\">Leer m\u00e1s&#8230;<span class=\"screen-reader-text\"> from Protector Solar Mineral SPF 50 100 ml &#8211; Suntribe<\/span><\/a><\/p>\n","protected":false},"featured_media":137571,"template":"","meta":{"_acf_changed":false},"product_brand":[8368],"product_cat":[7653,7139,7143],"product_tag":[],"class_list":{"0":"post-68219","1":"product","2":"type-product","3":"status-publish","4":"has-post-thumbnail","6":"product_brand-suntribe","7":"product_cat-cosmetica-natural-lifenatura","8":"product_cat-proteccion-solar","9":"product_cat-proteccion-spf-50","11":"first","12":"instock","13":"sale","14":"shipping-taxable","15":"purchasable","16":"product-type-simple","17":"add-to-wishlist-before_image"},"acf":[],"yoast_head":"<!-- This site is optimized with the Yoast SEO Premium plugin v27.1 (Yoast SEO v27.5) - https:\/\/yoast.com\/product\/yoast-seo-premium-wordpress\/ -->\n<title>Protector Solar Mineral SPF 50 100 ml - Suntribe - Na Lifenatura ao Melhor Pre\u00e7o | Envio em 48h<\/title>\n<meta name=\"description\" content=\"F\u00f3rmula extrasuave con Aloe Vera y Camomila calmantes. Se presenta en un innovador tubo fabricado con ca\u00f1a de az\u00facar. Apto para ni\u00f1os y pieles sensibles.\" \/>\n<meta name=\"robots\" content=\"index, follow, max-snippet:-1, max-image-preview:large, max-video-preview:-1\" \/>\n<link rel=\"canonical\" href=\"https:\/\/www.lifenatura.com\/es\/produto\/protector-solar-mineral-spf-50-100-ml-suntribe\/\" \/>\n<meta property=\"og:locale\" content=\"es_ES\" \/>\n<meta property=\"og:type\" content=\"article\" \/>\n<meta property=\"og:title\" content=\"Protector Solar Mineral SPF 50 100 ml - Suntribe - Na Lifenatura ao Melhor Pre\u00e7o | Envio 48h\" \/>\n<meta property=\"og:description\" content=\"Compre Protector Solar Mineral SPF 50 100 ml - Suntribe com envio r\u00e1pido. Entrega em 48h e portes gr\u00e1tis em compras &gt;35\u20ac. Aproveite j\u00e1 na Lifenatura\" \/>\n<meta property=\"og:url\" content=\"https:\/\/www.lifenatura.com\/es\/produto\/protector-solar-mineral-spf-50-100-ml-suntribe\/\" \/>\n<meta property=\"og:site_name\" content=\"Lifenatura\" \/>\n<meta property=\"article:publisher\" content=\"https:\/\/www.facebook.com\/lifenatura\" \/>\n<meta property=\"article:modified_time\" content=\"2023-06-16T10:03:03+00:00\" \/>\n<meta property=\"og:image\" content=\"https:\/\/www.lifenatura.com\/wp-content\/uploads\/2023\/06\/protetor-solar-mineral-50-suntribe.jpg\" \/>\n\t<meta property=\"og:image:width\" content=\"1000\" \/>\n\t<meta property=\"og:image:height\" content=\"1000\" \/>\n\t<meta property=\"og:image:type\" content=\"image\/jpeg\" \/>\n<meta name=\"twitter:card\" content=\"summary_large_image\" \/>\n<meta name=\"twitter:label1\" content=\"Precio\" \/>\n\t<meta name=\"twitter:data1\" content=\"19,07&nbsp;&euro;\" \/>\n\t<meta name=\"twitter:label2\" content=\"Disponibilidad\" \/>\n\t<meta name=\"twitter:data2\" content=\"Disponible\" \/>\n<script type=\"application\/ld+json\" class=\"yoast-schema-graph\">{\"@context\":\"https:\\\/\\\/schema.org\",\"@graph\":[{\"@type\":\"WebPage\",\"@id\":\"https:\\\/\\\/www.lifenatura.com\\\/es\\\/produto\\\/protector-solar-mineral-spf-50-100-ml-suntribe\\\/\",\"url\":\"https:\\\/\\\/www.lifenatura.com\\\/es\\\/produto\\\/protector-solar-mineral-spf-50-100-ml-suntribe\\\/\",\"name\":\"Protector Solar Mineral SPF 50 100 ml - Suntribe - Na Lifenatura ao Melhor Pre\u00e7o | Envio em 48h\",\"isPartOf\":{\"@id\":\"https:\\\/\\\/www.lifenatura.com\\\/es\\\/#website\"},\"primaryImageOfPage\":{\"@id\":\"https:\\\/\\\/www.lifenatura.com\\\/es\\\/produto\\\/protector-solar-mineral-spf-50-100-ml-suntribe\\\/#primaryimage\"},\"image\":{\"@id\":\"https:\\\/\\\/www.lifenatura.com\\\/es\\\/produto\\\/protector-solar-mineral-spf-50-100-ml-suntribe\\\/#primaryimage\"},\"thumbnailUrl\":\"https:\\\/\\\/www.lifenatura.com\\\/wp-content\\\/uploads\\\/2023\\\/06\\\/Protetor-Solar-Mineral-Natural-FPS50-100ml-Suntribe.webp\",\"datePublished\":\"2023-06-16T09:27:34+00:00\",\"dateModified\":\"2023-06-16T10:03:03+00:00\",\"description\":\"F\u00f3rmula extrasuave con Aloe Vera y Camomila calmantes. Se presenta en un innovador tubo fabricado con ca\u00f1a de az\u00facar. Apto para ni\u00f1os y pieles sensibles.\",\"breadcrumb\":{\"@id\":\"https:\\\/\\\/www.lifenatura.com\\\/es\\\/produto\\\/protector-solar-mineral-spf-50-100-ml-suntribe\\\/#breadcrumb\"},\"inLanguage\":\"es\",\"potentialAction\":[{\"@type\":\"ReadAction\",\"target\":[\"https:\\\/\\\/www.lifenatura.com\\\/es\\\/produto\\\/protector-solar-mineral-spf-50-100-ml-suntribe\\\/\"]}]},{\"@type\":\"ImageObject\",\"inLanguage\":\"es\",\"@id\":\"https:\\\/\\\/www.lifenatura.com\\\/es\\\/produto\\\/protector-solar-mineral-spf-50-100-ml-suntribe\\\/#primaryimage\",\"url\":\"https:\\\/\\\/www.lifenatura.com\\\/wp-content\\\/uploads\\\/2023\\\/06\\\/Protetor-Solar-Mineral-Natural-FPS50-100ml-Suntribe.webp\",\"contentUrl\":\"https:\\\/\\\/www.lifenatura.com\\\/wp-content\\\/uploads\\\/2023\\\/06\\\/Protetor-Solar-Mineral-Natural-FPS50-100ml-Suntribe.webp\",\"width\":675,\"height\":900},{\"@type\":\"BreadcrumbList\",\"@id\":\"https:\\\/\\\/www.lifenatura.com\\\/es\\\/produto\\\/protector-solar-mineral-spf-50-100-ml-suntribe\\\/#breadcrumb\",\"itemListElement\":[{\"@type\":\"ListItem\",\"position\":1,\"name\":\"In\u00edcio\",\"item\":\"https:\\\/\\\/www.lifenatura.com\\\/es\\\/\"},{\"@type\":\"ListItem\",\"position\":2,\"name\":\"Todos los Productos\",\"item\":\"https:\\\/\\\/www.lifenatura.com\\\/es\\\/tienda\\\/\"},{\"@type\":\"ListItem\",\"position\":3,\"name\":\"Protector Solar Mineral SPF 50 100 ml &#8211; Suntribe\"}]},{\"@type\":\"WebSite\",\"@id\":\"https:\\\/\\\/www.lifenatura.com\\\/es\\\/#website\",\"url\":\"https:\\\/\\\/www.lifenatura.com\\\/es\\\/\",\"name\":\"Lifenatura\",\"description\":\"A Lifenatura \u00e9 uma loja de produtos naturais, cosm\u00e9tica natural e alimenta\u00e7\u00e3o Biol\u00f3gica.\",\"publisher\":{\"@id\":\"https:\\\/\\\/www.lifenatura.com\\\/es\\\/#organization\"},\"potentialAction\":[{\"@type\":\"SearchAction\",\"target\":{\"@type\":\"EntryPoint\",\"urlTemplate\":\"https:\\\/\\\/www.lifenatura.com\\\/es\\\/?s={search_term_string}\"},\"query-input\":{\"@type\":\"PropertyValueSpecification\",\"valueRequired\":true,\"valueName\":\"search_term_string\"}}],\"inLanguage\":\"es\"},{\"@type\":\"Organization\",\"@id\":\"https:\\\/\\\/www.lifenatura.com\\\/es\\\/#organization\",\"name\":\"Lifenatura\",\"url\":\"https:\\\/\\\/www.lifenatura.com\\\/es\\\/\",\"logo\":{\"@type\":\"ImageObject\",\"inLanguage\":\"es\",\"@id\":\"https:\\\/\\\/www.lifenatura.com\\\/es\\\/#\\\/schema\\\/logo\\\/image\\\/\",\"url\":\"https:\\\/\\\/www.lifenatura.com\\\/wp-content\\\/uploads\\\/2021\\\/07\\\/logo.png\",\"contentUrl\":\"https:\\\/\\\/www.lifenatura.com\\\/wp-content\\\/uploads\\\/2021\\\/07\\\/logo.png\",\"width\":175,\"height\":55,\"caption\":\"Lifenatura\"},\"image\":{\"@id\":\"https:\\\/\\\/www.lifenatura.com\\\/es\\\/#\\\/schema\\\/logo\\\/image\\\/\"},\"sameAs\":[\"https:\\\/\\\/www.facebook.com\\\/lifenatura\",\"https:\\\/\\\/www.instagram.com\\\/lifenaturapt\\\/\"],\"hasMerchantReturnPolicy\":{\"@type\":\"MerchantReturnPolicy\",\"merchantReturnLink\":\"https:\\\/\\\/www.lifenatura.com\\\/termos-condicoes-lifenatura\\\/\"}}]}<\/script>\n<meta property=\"product:price:amount\" content=\"19.07\" \/>\n<meta property=\"product:price:currency\" content=\"EUR\" \/>\n<meta property=\"og:availability\" content=\"instock\" \/>\n<meta property=\"product:availability\" content=\"instock\" \/>\n<meta property=\"product:retailer_item_id\" content=\"7350097210312\" \/>\n<meta property=\"product:condition\" content=\"new\" \/>\n<!-- \/ Yoast SEO Premium plugin. -->","yoast_head_json":{"title":"Protector Solar Mineral SPF 50 100 ml - Suntribe - Na Lifenatura ao Melhor Pre\u00e7o | Envio em 48h","description":"F\u00f3rmula extrasuave con Aloe Vera y Camomila calmantes. Se presenta en un innovador tubo fabricado con ca\u00f1a de az\u00facar. Apto para ni\u00f1os y pieles sensibles.","robots":{"index":"index","follow":"follow","max-snippet":"max-snippet:-1","max-image-preview":"max-image-preview:large","max-video-preview":"max-video-preview:-1"},"canonical":"https:\/\/www.lifenatura.com\/es\/produto\/protector-solar-mineral-spf-50-100-ml-suntribe\/","og_locale":"es_ES","og_type":"article","og_title":"Protector Solar Mineral SPF 50 100 ml - Suntribe - Na Lifenatura ao Melhor Pre\u00e7o | Envio 48h","og_description":"Compre Protector Solar Mineral SPF 50 100 ml - Suntribe com envio r\u00e1pido. Entrega em 48h e portes gr\u00e1tis em compras >35\u20ac. Aproveite j\u00e1 na Lifenatura","og_url":"https:\/\/www.lifenatura.com\/es\/produto\/protector-solar-mineral-spf-50-100-ml-suntribe\/","og_site_name":"Lifenatura","article_publisher":"https:\/\/www.facebook.com\/lifenatura","article_modified_time":"2023-06-16T10:03:03+00:00","og_image":[{"width":1000,"height":1000,"url":"https:\/\/www.lifenatura.com\/wp-content\/uploads\/2023\/06\/protetor-solar-mineral-50-suntribe.jpg","type":"image\/jpeg"}],"twitter_card":"summary_large_image","twitter_misc":{"Precio":"19,07&nbsp;&euro;","Disponibilidad":"Disponible"},"schema":{"@context":"https:\/\/schema.org","@graph":[{"@type":"WebPage","@id":"https:\/\/www.lifenatura.com\/es\/produto\/protector-solar-mineral-spf-50-100-ml-suntribe\/","url":"https:\/\/www.lifenatura.com\/es\/produto\/protector-solar-mineral-spf-50-100-ml-suntribe\/","name":"Protector Solar Mineral SPF 50 100 ml - Suntribe - Na Lifenatura ao Melhor Pre\u00e7o | Envio em 48h","isPartOf":{"@id":"https:\/\/www.lifenatura.com\/es\/#website"},"primaryImageOfPage":{"@id":"https:\/\/www.lifenatura.com\/es\/produto\/protector-solar-mineral-spf-50-100-ml-suntribe\/#primaryimage"},"image":{"@id":"https:\/\/www.lifenatura.com\/es\/produto\/protector-solar-mineral-spf-50-100-ml-suntribe\/#primaryimage"},"thumbnailUrl":"https:\/\/www.lifenatura.com\/wp-content\/uploads\/2023\/06\/Protetor-Solar-Mineral-Natural-FPS50-100ml-Suntribe.webp","datePublished":"2023-06-16T09:27:34+00:00","dateModified":"2023-06-16T10:03:03+00:00","description":"F\u00f3rmula extrasuave con Aloe Vera y Camomila calmantes. Se presenta en un innovador tubo fabricado con ca\u00f1a de az\u00facar. Apto para ni\u00f1os y pieles sensibles.","breadcrumb":{"@id":"https:\/\/www.lifenatura.com\/es\/produto\/protector-solar-mineral-spf-50-100-ml-suntribe\/#breadcrumb"},"inLanguage":"es","potentialAction":[{"@type":"ReadAction","target":["https:\/\/www.lifenatura.com\/es\/produto\/protector-solar-mineral-spf-50-100-ml-suntribe\/"]}]},{"@type":"ImageObject","inLanguage":"es","@id":"https:\/\/www.lifenatura.com\/es\/produto\/protector-solar-mineral-spf-50-100-ml-suntribe\/#primaryimage","url":"https:\/\/www.lifenatura.com\/wp-content\/uploads\/2023\/06\/Protetor-Solar-Mineral-Natural-FPS50-100ml-Suntribe.webp","contentUrl":"https:\/\/www.lifenatura.com\/wp-content\/uploads\/2023\/06\/Protetor-Solar-Mineral-Natural-FPS50-100ml-Suntribe.webp","width":675,"height":900},{"@type":"BreadcrumbList","@id":"https:\/\/www.lifenatura.com\/es\/produto\/protector-solar-mineral-spf-50-100-ml-suntribe\/#breadcrumb","itemListElement":[{"@type":"ListItem","position":1,"name":"In\u00edcio","item":"https:\/\/www.lifenatura.com\/es\/"},{"@type":"ListItem","position":2,"name":"Todos los Productos","item":"https:\/\/www.lifenatura.com\/es\/tienda\/"},{"@type":"ListItem","position":3,"name":"Protector Solar Mineral SPF 50 100 ml &#8211; Suntribe"}]},{"@type":"WebSite","@id":"https:\/\/www.lifenatura.com\/es\/#website","url":"https:\/\/www.lifenatura.com\/es\/","name":"Lifenatura","description":"A Lifenatura \u00e9 uma loja de produtos naturais, cosm\u00e9tica natural e alimenta\u00e7\u00e3o Biol\u00f3gica.","publisher":{"@id":"https:\/\/www.lifenatura.com\/es\/#organization"},"potentialAction":[{"@type":"SearchAction","target":{"@type":"EntryPoint","urlTemplate":"https:\/\/www.lifenatura.com\/es\/?s={search_term_string}"},"query-input":{"@type":"PropertyValueSpecification","valueRequired":true,"valueName":"search_term_string"}}],"inLanguage":"es"},{"@type":"Organization","@id":"https:\/\/www.lifenatura.com\/es\/#organization","name":"Lifenatura","url":"https:\/\/www.lifenatura.com\/es\/","logo":{"@type":"ImageObject","inLanguage":"es","@id":"https:\/\/www.lifenatura.com\/es\/#\/schema\/logo\/image\/","url":"https:\/\/www.lifenatura.com\/wp-content\/uploads\/2021\/07\/logo.png","contentUrl":"https:\/\/www.lifenatura.com\/wp-content\/uploads\/2021\/07\/logo.png","width":175,"height":55,"caption":"Lifenatura"},"image":{"@id":"https:\/\/www.lifenatura.com\/es\/#\/schema\/logo\/image\/"},"sameAs":["https:\/\/www.facebook.com\/lifenatura","https:\/\/www.instagram.com\/lifenaturapt\/"],"hasMerchantReturnPolicy":{"@type":"MerchantReturnPolicy","merchantReturnLink":"https:\/\/www.lifenatura.com\/termos-condicoes-lifenatura\/"}}]},"product_price_amount":"19.07","product_price_currency":"EUR","og_availability":"instock","product_availability":"instock","product_retailer_item_id":"7350097210312","product_condition":"new"},"df_price":19.07,"df_sale_price":19.07,"df_regular_price":22.44,"df_image_link":"https:\/\/www.lifenatura.com\/wp-content\/uploads\/2023\/06\/Protetor-Solar-Mineral-Natural-FPS50-100ml-Suntribe-225x300.webp","_links":{"self":[{"href":"https:\/\/www.lifenatura.com\/es\/wp-json\/wp\/v2\/product\/68219","targetHints":{"allow":["GET"]}}],"collection":[{"href":"https:\/\/www.lifenatura.com\/es\/wp-json\/wp\/v2\/product"}],"about":[{"href":"https:\/\/www.lifenatura.com\/es\/wp-json\/wp\/v2\/types\/product"}],"wp:featuredmedia":[{"embeddable":true,"href":"https:\/\/www.lifenatura.com\/es\/wp-json\/wp\/v2\/media\/137571"}],"wp:attachment":[{"href":"https:\/\/www.lifenatura.com\/es\/wp-json\/wp\/v2\/media?parent=68219"}],"wp:term":[{"taxonomy":"product_brand","embeddable":true,"href":"https:\/\/www.lifenatura.com\/es\/wp-json\/wp\/v2\/product_brand?post=68219"},{"taxonomy":"product_cat","embeddable":true,"href":"https:\/\/www.lifenatura.com\/es\/wp-json\/wp\/v2\/product_cat?post=68219"},{"taxonomy":"product_tag","embeddable":true,"href":"https:\/\/www.lifenatura.com\/es\/wp-json\/wp\/v2\/product_tag?post=68219"}],"curies":[{"name":"wp","href":"https:\/\/api.w.org\/{rel}","templated":true}]}}