{"id":68176,"date":"2023-06-15T15:56:25","date_gmt":"2023-06-15T15:56:25","guid":{"rendered":"https:\/\/www.lifenatura.com\/?post_type=product&#038;p=68176"},"modified":"2025-05-14T14:21:50","modified_gmt":"2025-05-14T14:21:50","slug":"polen-230-g-apimel","status":"publish","type":"product","link":"https:\/\/www.lifenatura.com\/es\/produto\/polen-230-g-apimel\/","title":{"rendered":"Polen 230 g &#8211; Apimel"},"content":{"rendered":"<h2 style=\"text-align: left;\"><strong>El Polen de Apimel es un alimento rico en antioxidantes y fibra<\/strong><\/h2>\n<p>&nbsp;<\/p>\n<p>El Polen de Apimel es un superalimento 100% natural y puro que procede del meticuloso trabajo de las abejas. Rico en nutrientes esenciales, el polen es conocido como uno de los alimentos m\u00e1s completos de la naturaleza, ya que ofrece una amplia gama de vitaminas, minerales, prote\u00ednas, amino\u00e1cidos y antioxidantes.<\/p>\n<p>Este producto de alta calidad se recolecta cuidadosamente para preservar todos sus beneficios naturales.<\/p>\n<p>Con un sabor distintivo, ligeramente dulce, el polen es perfecto para incorporar a sus comidas diarias, ya sea en batidos, yogures, cereales o incluso puro. Ideal para quienes buscan una fuente natural de energ\u00eda, vitalidad y bienestar.<\/p>\n<p><strong>Principales beneficios do Polen:<\/strong><\/p>\n<ul>\n<li><strong>Aumento de la energ\u00eda y la vitalidad:<\/strong> El polen es una fuente natural de energ\u00eda que ayuda a combatir el cansancio f\u00edsico y mental.<\/li>\n<li><strong>Refuerza el sistema inmunitario:<\/strong> Rico en antioxidantes, refuerza las defensas naturales del organismo.<\/li>\n<li><strong>Mejora la digesti\u00f3n:<\/strong> Contiene enzimas que ayudan a absorber los nutrientes y a equilibrar la flora intestinal.<\/li>\n<li><strong>Fuente de nutrientes esenciales:<\/strong> Rico en prote\u00ednas, vitaminas del complejo B, hierro, zinc y otros minerales importantes para la salud.<\/li>\n<\/ul>\n<p><strong>Adecuado para:<\/strong><\/p>\n<p>El Polen de Apimel es adecuado para quienes buscan un impulso de energ\u00eda natural, deportistas, personas en recuperaci\u00f3n o quienes desean mejorar su inmunidad y vitalidad general. Tambi\u00e9n es una excelente opci\u00f3n para complementar una dieta equilibrada y saludable.<\/p>\n<p>A menudo denominado \u00absuperalimento\u00bb, el polen se considera uno de los alimentos m\u00e1s completos y valiosos de la naturaleza. Contiene un gran n\u00famero de amino\u00e1cidos esenciales para el cuerpo humano, un gran n\u00famero de vitaminas y una elevada cantidad de prote\u00ednas.<\/p>\n<p>Es rico en oligoelementos, antioxidantes, fibra y hormonas vegetales.<\/p>\n<p><strong>PRESENTACI\u00d3N<\/strong><\/p>\n<p>230 g<\/p>\n<p>&nbsp;<\/p>\n","protected":false},"excerpt":{"rendered":"<p>Pruebe el Polen de Apimel, un superalimento natural rico en nutrientes, ideal para aumentar la energ\u00eda, reforzar la inmunidad y mejorar el bienestar. [&#8230;]<\/p>\n<p><a class=\"btn btn-secondary understrap-read-more-link\" href=\"https:\/\/www.lifenatura.com\/es\/produto\/polen-230-g-apimel\/\">Leer m\u00e1s&#8230;<span class=\"screen-reader-text\"> from Polen 230 g &#8211; Apimel<\/span><\/a><\/p>\n","protected":false},"featured_media":68193,"template":"","meta":{"_acf_changed":false},"product_brand":[8300],"product_cat":[7064,7092,7074],"product_tag":[],"class_list":{"0":"post-68176","1":"product","2":"type-product","3":"status-publish","4":"has-post-thumbnail","6":"product_brand-apimel","7":"product_cat-alimentacion-sana","8":"product_cat-miel-polen","9":"product_cat-productos-alimenticios","11":"first","12":"instock","13":"shipping-taxable","14":"purchasable","15":"product-type-simple","16":"add-to-wishlist-before_image"},"acf":[],"yoast_head":"<!-- This site is optimized with the Yoast SEO Premium plugin v27.1 (Yoast SEO v27.6) - https:\/\/yoast.com\/product\/yoast-seo-premium-wordpress\/ -->\n<title>Polen 230 g - Apimel - Na Lifenatura ao Melhor Pre\u00e7o | Envio em 48h<\/title>\n<meta name=\"description\" content=\"Pruebe el Polen de Apimel, un superalimento natural rico en nutrientes, ideal para aumentar la energ\u00eda, reforzar la inmunidad y mejorar el bienestar.\" \/>\n<meta name=\"robots\" content=\"index, follow, max-snippet:-1, max-image-preview:large, max-video-preview:-1\" \/>\n<link rel=\"canonical\" href=\"https:\/\/www.lifenatura.com\/es\/produto\/polen-230-g-apimel\/\" \/>\n<meta property=\"og:locale\" content=\"es_ES\" \/>\n<meta property=\"og:type\" content=\"article\" \/>\n<meta property=\"og:title\" content=\"Polen 230 g - Apimel - Na Lifenatura ao Melhor Pre\u00e7o | Envio 48h\" \/>\n<meta property=\"og:description\" content=\"Compre Polen 230 g - Apimel com envio r\u00e1pido. Entrega em 48h e portes gr\u00e1tis em compras &gt;35\u20ac. Aproveite j\u00e1 na Lifenatura\" \/>\n<meta property=\"og:url\" content=\"https:\/\/www.lifenatura.com\/es\/produto\/polen-230-g-apimel\/\" \/>\n<meta property=\"og:site_name\" content=\"Lifenatura\" \/>\n<meta property=\"article:publisher\" content=\"https:\/\/www.facebook.com\/lifenatura\" \/>\n<meta property=\"article:modified_time\" content=\"2025-05-14T14:21:50+00:00\" \/>\n<meta property=\"og:image\" content=\"https:\/\/www.lifenatura.com\/wp-content\/uploads\/2023\/06\/polen-apimel.jpg\" \/>\n\t<meta property=\"og:image:width\" content=\"1000\" \/>\n\t<meta property=\"og:image:height\" content=\"1000\" \/>\n\t<meta property=\"og:image:type\" content=\"image\/jpeg\" \/>\n<meta name=\"twitter:card\" content=\"summary_large_image\" \/>\n<meta name=\"twitter:label1\" content=\"Precio\" \/>\n\t<meta name=\"twitter:data1\" content=\"9,90&nbsp;&euro;\" \/>\n\t<meta name=\"twitter:label2\" content=\"Disponibilidad\" \/>\n\t<meta name=\"twitter:data2\" content=\"Disponible\" \/>\n<script type=\"application\/ld+json\" class=\"yoast-schema-graph\">{\"@context\":\"https:\\\/\\\/schema.org\",\"@graph\":[{\"@type\":\"WebPage\",\"@id\":\"https:\\\/\\\/www.lifenatura.com\\\/es\\\/produto\\\/polen-230-g-apimel\\\/\",\"url\":\"https:\\\/\\\/www.lifenatura.com\\\/es\\\/produto\\\/polen-230-g-apimel\\\/\",\"name\":\"Polen 230 g - Apimel - Na Lifenatura ao Melhor Pre\u00e7o | Envio em 48h\",\"isPartOf\":{\"@id\":\"https:\\\/\\\/www.lifenatura.com\\\/es\\\/#website\"},\"primaryImageOfPage\":{\"@id\":\"https:\\\/\\\/www.lifenatura.com\\\/es\\\/produto\\\/polen-230-g-apimel\\\/#primaryimage\"},\"image\":{\"@id\":\"https:\\\/\\\/www.lifenatura.com\\\/es\\\/produto\\\/polen-230-g-apimel\\\/#primaryimage\"},\"thumbnailUrl\":\"https:\\\/\\\/www.lifenatura.com\\\/wp-content\\\/uploads\\\/2023\\\/06\\\/polen-apimel.jpg\",\"datePublished\":\"2023-06-15T15:56:25+00:00\",\"dateModified\":\"2025-05-14T14:21:50+00:00\",\"description\":\"Pruebe el Polen de Apimel, un superalimento natural rico en nutrientes, ideal para aumentar la energ\u00eda, reforzar la inmunidad y mejorar el bienestar.\",\"breadcrumb\":{\"@id\":\"https:\\\/\\\/www.lifenatura.com\\\/es\\\/produto\\\/polen-230-g-apimel\\\/#breadcrumb\"},\"inLanguage\":\"es\",\"potentialAction\":[{\"@type\":\"ReadAction\",\"target\":[\"https:\\\/\\\/www.lifenatura.com\\\/es\\\/produto\\\/polen-230-g-apimel\\\/\"]}]},{\"@type\":\"ImageObject\",\"inLanguage\":\"es\",\"@id\":\"https:\\\/\\\/www.lifenatura.com\\\/es\\\/produto\\\/polen-230-g-apimel\\\/#primaryimage\",\"url\":\"https:\\\/\\\/www.lifenatura.com\\\/wp-content\\\/uploads\\\/2023\\\/06\\\/polen-apimel.jpg\",\"contentUrl\":\"https:\\\/\\\/www.lifenatura.com\\\/wp-content\\\/uploads\\\/2023\\\/06\\\/polen-apimel.jpg\",\"width\":1000,\"height\":1000,\"caption\":\"P\u00f3len 230 g - Apimel\"},{\"@type\":\"BreadcrumbList\",\"@id\":\"https:\\\/\\\/www.lifenatura.com\\\/es\\\/produto\\\/polen-230-g-apimel\\\/#breadcrumb\",\"itemListElement\":[{\"@type\":\"ListItem\",\"position\":1,\"name\":\"In\u00edcio\",\"item\":\"https:\\\/\\\/www.lifenatura.com\\\/es\\\/\"},{\"@type\":\"ListItem\",\"position\":2,\"name\":\"Todos los Productos\",\"item\":\"https:\\\/\\\/www.lifenatura.com\\\/es\\\/tienda\\\/\"},{\"@type\":\"ListItem\",\"position\":3,\"name\":\"Polen 230 g &#8211; Apimel\"}]},{\"@type\":\"WebSite\",\"@id\":\"https:\\\/\\\/www.lifenatura.com\\\/es\\\/#website\",\"url\":\"https:\\\/\\\/www.lifenatura.com\\\/es\\\/\",\"name\":\"Lifenatura\",\"description\":\"A Lifenatura \u00e9 uma loja de produtos naturais, cosm\u00e9tica natural e alimenta\u00e7\u00e3o Biol\u00f3gica.\",\"publisher\":{\"@id\":\"https:\\\/\\\/www.lifenatura.com\\\/es\\\/#organization\"},\"potentialAction\":[{\"@type\":\"SearchAction\",\"target\":{\"@type\":\"EntryPoint\",\"urlTemplate\":\"https:\\\/\\\/www.lifenatura.com\\\/es\\\/?s={search_term_string}\"},\"query-input\":{\"@type\":\"PropertyValueSpecification\",\"valueRequired\":true,\"valueName\":\"search_term_string\"}}],\"inLanguage\":\"es\"},{\"@type\":\"Organization\",\"@id\":\"https:\\\/\\\/www.lifenatura.com\\\/es\\\/#organization\",\"name\":\"Lifenatura\",\"url\":\"https:\\\/\\\/www.lifenatura.com\\\/es\\\/\",\"logo\":{\"@type\":\"ImageObject\",\"inLanguage\":\"es\",\"@id\":\"https:\\\/\\\/www.lifenatura.com\\\/es\\\/#\\\/schema\\\/logo\\\/image\\\/\",\"url\":\"https:\\\/\\\/www.lifenatura.com\\\/wp-content\\\/uploads\\\/2021\\\/07\\\/logo.png\",\"contentUrl\":\"https:\\\/\\\/www.lifenatura.com\\\/wp-content\\\/uploads\\\/2021\\\/07\\\/logo.png\",\"width\":175,\"height\":55,\"caption\":\"Lifenatura\"},\"image\":{\"@id\":\"https:\\\/\\\/www.lifenatura.com\\\/es\\\/#\\\/schema\\\/logo\\\/image\\\/\"},\"sameAs\":[\"https:\\\/\\\/www.facebook.com\\\/lifenatura\",\"https:\\\/\\\/www.instagram.com\\\/lifenaturapt\\\/\"],\"hasMerchantReturnPolicy\":{\"@type\":\"MerchantReturnPolicy\",\"merchantReturnLink\":\"https:\\\/\\\/www.lifenatura.com\\\/termos-condicoes-lifenatura\\\/\"}}]}<\/script>\n<meta property=\"product:price:amount\" content=\"9.90\" \/>\n<meta property=\"product:price:currency\" content=\"EUR\" \/>\n<meta property=\"og:availability\" content=\"instock\" \/>\n<meta property=\"product:availability\" content=\"instock\" \/>\n<meta property=\"product:retailer_item_id\" content=\"5607337010075\" \/>\n<meta property=\"product:condition\" content=\"new\" \/>\n<!-- \/ Yoast SEO Premium plugin. -->","yoast_head_json":{"title":"Polen 230 g - Apimel - Na Lifenatura ao Melhor Pre\u00e7o | Envio em 48h","description":"Pruebe el Polen de Apimel, un superalimento natural rico en nutrientes, ideal para aumentar la energ\u00eda, reforzar la inmunidad y mejorar el bienestar.","robots":{"index":"index","follow":"follow","max-snippet":"max-snippet:-1","max-image-preview":"max-image-preview:large","max-video-preview":"max-video-preview:-1"},"canonical":"https:\/\/www.lifenatura.com\/es\/produto\/polen-230-g-apimel\/","og_locale":"es_ES","og_type":"article","og_title":"Polen 230 g - Apimel - Na Lifenatura ao Melhor Pre\u00e7o | Envio 48h","og_description":"Compre Polen 230 g - Apimel com envio r\u00e1pido. Entrega em 48h e portes gr\u00e1tis em compras >35\u20ac. Aproveite j\u00e1 na Lifenatura","og_url":"https:\/\/www.lifenatura.com\/es\/produto\/polen-230-g-apimel\/","og_site_name":"Lifenatura","article_publisher":"https:\/\/www.facebook.com\/lifenatura","article_modified_time":"2025-05-14T14:21:50+00:00","og_image":[{"width":1000,"height":1000,"url":"https:\/\/www.lifenatura.com\/wp-content\/uploads\/2023\/06\/polen-apimel.jpg","type":"image\/jpeg"}],"twitter_card":"summary_large_image","twitter_misc":{"Precio":"9,90&nbsp;&euro;","Disponibilidad":"Disponible"},"schema":{"@context":"https:\/\/schema.org","@graph":[{"@type":"WebPage","@id":"https:\/\/www.lifenatura.com\/es\/produto\/polen-230-g-apimel\/","url":"https:\/\/www.lifenatura.com\/es\/produto\/polen-230-g-apimel\/","name":"Polen 230 g - Apimel - Na Lifenatura ao Melhor Pre\u00e7o | Envio em 48h","isPartOf":{"@id":"https:\/\/www.lifenatura.com\/es\/#website"},"primaryImageOfPage":{"@id":"https:\/\/www.lifenatura.com\/es\/produto\/polen-230-g-apimel\/#primaryimage"},"image":{"@id":"https:\/\/www.lifenatura.com\/es\/produto\/polen-230-g-apimel\/#primaryimage"},"thumbnailUrl":"https:\/\/www.lifenatura.com\/wp-content\/uploads\/2023\/06\/polen-apimel.jpg","datePublished":"2023-06-15T15:56:25+00:00","dateModified":"2025-05-14T14:21:50+00:00","description":"Pruebe el Polen de Apimel, un superalimento natural rico en nutrientes, ideal para aumentar la energ\u00eda, reforzar la inmunidad y mejorar el bienestar.","breadcrumb":{"@id":"https:\/\/www.lifenatura.com\/es\/produto\/polen-230-g-apimel\/#breadcrumb"},"inLanguage":"es","potentialAction":[{"@type":"ReadAction","target":["https:\/\/www.lifenatura.com\/es\/produto\/polen-230-g-apimel\/"]}]},{"@type":"ImageObject","inLanguage":"es","@id":"https:\/\/www.lifenatura.com\/es\/produto\/polen-230-g-apimel\/#primaryimage","url":"https:\/\/www.lifenatura.com\/wp-content\/uploads\/2023\/06\/polen-apimel.jpg","contentUrl":"https:\/\/www.lifenatura.com\/wp-content\/uploads\/2023\/06\/polen-apimel.jpg","width":1000,"height":1000,"caption":"P\u00f3len 230 g - Apimel"},{"@type":"BreadcrumbList","@id":"https:\/\/www.lifenatura.com\/es\/produto\/polen-230-g-apimel\/#breadcrumb","itemListElement":[{"@type":"ListItem","position":1,"name":"In\u00edcio","item":"https:\/\/www.lifenatura.com\/es\/"},{"@type":"ListItem","position":2,"name":"Todos los Productos","item":"https:\/\/www.lifenatura.com\/es\/tienda\/"},{"@type":"ListItem","position":3,"name":"Polen 230 g &#8211; Apimel"}]},{"@type":"WebSite","@id":"https:\/\/www.lifenatura.com\/es\/#website","url":"https:\/\/www.lifenatura.com\/es\/","name":"Lifenatura","description":"A Lifenatura \u00e9 uma loja de produtos naturais, cosm\u00e9tica natural e alimenta\u00e7\u00e3o Biol\u00f3gica.","publisher":{"@id":"https:\/\/www.lifenatura.com\/es\/#organization"},"potentialAction":[{"@type":"SearchAction","target":{"@type":"EntryPoint","urlTemplate":"https:\/\/www.lifenatura.com\/es\/?s={search_term_string}"},"query-input":{"@type":"PropertyValueSpecification","valueRequired":true,"valueName":"search_term_string"}}],"inLanguage":"es"},{"@type":"Organization","@id":"https:\/\/www.lifenatura.com\/es\/#organization","name":"Lifenatura","url":"https:\/\/www.lifenatura.com\/es\/","logo":{"@type":"ImageObject","inLanguage":"es","@id":"https:\/\/www.lifenatura.com\/es\/#\/schema\/logo\/image\/","url":"https:\/\/www.lifenatura.com\/wp-content\/uploads\/2021\/07\/logo.png","contentUrl":"https:\/\/www.lifenatura.com\/wp-content\/uploads\/2021\/07\/logo.png","width":175,"height":55,"caption":"Lifenatura"},"image":{"@id":"https:\/\/www.lifenatura.com\/es\/#\/schema\/logo\/image\/"},"sameAs":["https:\/\/www.facebook.com\/lifenatura","https:\/\/www.instagram.com\/lifenaturapt\/"],"hasMerchantReturnPolicy":{"@type":"MerchantReturnPolicy","merchantReturnLink":"https:\/\/www.lifenatura.com\/termos-condicoes-lifenatura\/"}}]},"product_price_amount":"9.90","product_price_currency":"EUR","og_availability":"instock","product_availability":"instock","product_retailer_item_id":"5607337010075","product_condition":"new"},"df_price":9.9,"df_sale_price":"","df_regular_price":9.9,"df_image_link":"https:\/\/www.lifenatura.com\/wp-content\/uploads\/2023\/06\/polen-apimel-300x300.jpg","_links":{"self":[{"href":"https:\/\/www.lifenatura.com\/es\/wp-json\/wp\/v2\/product\/68176","targetHints":{"allow":["GET"]}}],"collection":[{"href":"https:\/\/www.lifenatura.com\/es\/wp-json\/wp\/v2\/product"}],"about":[{"href":"https:\/\/www.lifenatura.com\/es\/wp-json\/wp\/v2\/types\/product"}],"wp:featuredmedia":[{"embeddable":true,"href":"https:\/\/www.lifenatura.com\/es\/wp-json\/wp\/v2\/media\/68193"}],"wp:attachment":[{"href":"https:\/\/www.lifenatura.com\/es\/wp-json\/wp\/v2\/media?parent=68176"}],"wp:term":[{"taxonomy":"product_brand","embeddable":true,"href":"https:\/\/www.lifenatura.com\/es\/wp-json\/wp\/v2\/product_brand?post=68176"},{"taxonomy":"product_cat","embeddable":true,"href":"https:\/\/www.lifenatura.com\/es\/wp-json\/wp\/v2\/product_cat?post=68176"},{"taxonomy":"product_tag","embeddable":true,"href":"https:\/\/www.lifenatura.com\/es\/wp-json\/wp\/v2\/product_tag?post=68176"}],"curies":[{"name":"wp","href":"https:\/\/api.w.org\/{rel}","templated":true}]}}