{"id":68139,"date":"2023-06-15T10:44:49","date_gmt":"2023-06-15T10:44:49","guid":{"rendered":"https:\/\/www.lifenatura.com\/?post_type=product&#038;p=68139"},"modified":"2024-11-29T14:57:04","modified_gmt":"2024-11-29T14:57:04","slug":"miel-mil-flores-500-g-apimel","status":"publish","type":"product","link":"https:\/\/www.lifenatura.com\/es\/produto\/miel-mil-flores-500-g-apimel\/","title":{"rendered":"Miel Mil Flores 500 g &#8211; Apimel"},"content":{"rendered":"<h2 style=\"text-align: left;\"><strong>Miel Mil Flores de Apimel &#8211; La esencia natural de las flores<\/strong><\/h2>\n<p>&nbsp;<\/p>\n<p>La Miel de las Mil Flores de Apimel es una miel pura y natural producida a partir del n\u00e9ctar de diversas flores silvestres, lo que le confiere un sabor rico, variado y ligeramente floral. Esta miel es una aut\u00e9ntica celebraci\u00f3n de la biodiversidad, reflejo del entorno natural del que procede.<\/p>\n<p>De textura suave y color dorado, la Mel de Mil Flores es perfecta para quienes buscan un edulcorante sano y vers\u00e1til.<\/p>\n<p>Obtenida mediante m\u00e9todos tradicionales, la Miel de Mil Flores de Apimel conserva todas sus propiedades naturales, lo que la convierte en una excelente opci\u00f3n para incluir en una dieta equilibrada. Puede consumirse pura, utilizarse para endulzar bebidas o como ingrediente en recetas culinarias.<\/p>\n<p><strong>Principales beneficios:<\/strong><\/p>\n<ul>\n<li><strong>Refuerza el sistema inmunitario:<\/strong> Rica en antioxidantes y nutrientes, ayuda a proteger el organismo contra las infecciones.<\/li>\n<li><strong>Fuente natural de energ\u00eda:<\/strong> Ideal para combatir la fatiga y revitalizar el organismo de forma saludable.<\/li>\n<li><strong>Propiedades antibacterianas y antiinflamatorias:<\/strong> Ayuda a prevenir infecciones y a recuperarse de resfriados y gripes.<\/li>\n<li><strong>Apoyo digestivo:<\/strong> Contribuye a la salud intestinal y ayuda a mejorar la digesti\u00f3n.<\/li>\n<\/ul>\n<p><strong>Adecuado para:<\/strong><\/p>\n<p>Esta miel es apta para todas las edades, y es ideal para quienes buscan un edulcorante natural, una fuente de energ\u00eda saludable o un aliado para reforzar el sistema inmunitario.<\/p>\n<p>Miel silvestre, recolectada en la regi\u00f3n de Beiras. Se obtiene a trav\u00e9s de una experimentada pr\u00e1ctica de trashumancia, benefici\u00e1ndose de diferentes floraciones, entre ellas 4 variedades de brezo, romero, eucalipto, aulaga, malva, tomillo, romero y borraja.<\/p>\n<p>Muy suave y delicado, su sabor es el preferido por el mayor n\u00famero de consumidores. Es una de nuestras mieles m\u00e1s apreciadas.<\/p>\n<p><strong>PRESENTACI\u00d3N<\/strong><\/p>\n<p>500 g<\/p>\n<p>&nbsp;<\/p>\n","protected":false},"excerpt":{"rendered":"<p>Miel Mil Flores de Apimel: sabor \u00fanico, propiedades antioxidantes y antibacterianas. Una opci\u00f3n saludable para reforzar su inmunidad. [&#8230;]<\/p>\n<p><a class=\"btn btn-secondary understrap-read-more-link\" href=\"https:\/\/www.lifenatura.com\/es\/produto\/miel-mil-flores-500-g-apimel\/\">Leer m\u00e1s&#8230;<span class=\"screen-reader-text\"> from Miel Mil Flores 500 g &#8211; Apimel<\/span><\/a><\/p>\n","protected":false},"featured_media":68180,"template":"","meta":{"_acf_changed":false},"product_brand":[8300],"product_cat":[7064,7092,7074],"product_tag":[],"class_list":{"0":"post-68139","1":"product","2":"type-product","3":"status-publish","4":"has-post-thumbnail","6":"product_brand-apimel","7":"product_cat-alimentacion-sana","8":"product_cat-miel-polen","9":"product_cat-productos-alimenticios","11":"first","12":"instock","13":"shipping-taxable","14":"purchasable","15":"product-type-simple","16":"add-to-wishlist-before_image"},"acf":[],"yoast_head":"<!-- This site is optimized with the Yoast SEO Premium plugin v27.1 (Yoast SEO v27.5) - https:\/\/yoast.com\/product\/yoast-seo-premium-wordpress\/ -->\n<title>Miel Mil Flores 500 g - Apimel - Na Lifenatura ao Melhor Pre\u00e7o | Envio em 48h<\/title>\n<meta name=\"description\" content=\"Miel Mil Flores de Apimel: sabor \u00fanico, propiedades antioxidantes y antibacterianas. Una opci\u00f3n saludable para reforzar su inmunidad.\" \/>\n<meta name=\"robots\" content=\"index, follow, max-snippet:-1, max-image-preview:large, max-video-preview:-1\" \/>\n<link rel=\"canonical\" href=\"https:\/\/www.lifenatura.com\/es\/produto\/miel-mil-flores-500-g-apimel\/\" \/>\n<meta property=\"og:locale\" content=\"es_ES\" \/>\n<meta property=\"og:type\" content=\"article\" \/>\n<meta property=\"og:title\" content=\"Miel Mil Flores 500 g - Apimel - Na Lifenatura ao Melhor Pre\u00e7o | Envio 48h\" \/>\n<meta property=\"og:description\" content=\"Compre Miel Mil Flores 500 g - Apimel com envio r\u00e1pido. Entrega em 48h e portes gr\u00e1tis em compras &gt;35\u20ac. Aproveite j\u00e1 na Lifenatura\" \/>\n<meta property=\"og:url\" content=\"https:\/\/www.lifenatura.com\/es\/produto\/miel-mil-flores-500-g-apimel\/\" \/>\n<meta property=\"og:site_name\" content=\"Lifenatura\" \/>\n<meta property=\"article:publisher\" content=\"https:\/\/www.facebook.com\/lifenatura\" \/>\n<meta property=\"article:modified_time\" content=\"2024-11-29T14:57:04+00:00\" \/>\n<meta property=\"og:image\" content=\"https:\/\/www.lifenatura.com\/wp-content\/uploads\/2023\/06\/mel-mil-flores-apimel.jpg\" \/>\n\t<meta property=\"og:image:width\" content=\"1000\" \/>\n\t<meta property=\"og:image:height\" content=\"1000\" \/>\n\t<meta property=\"og:image:type\" content=\"image\/jpeg\" \/>\n<meta name=\"twitter:card\" content=\"summary_large_image\" \/>\n<meta name=\"twitter:label1\" content=\"Precio\" \/>\n\t<meta name=\"twitter:data1\" content=\"7,20&nbsp;&euro;\" \/>\n\t<meta name=\"twitter:label2\" content=\"Disponibilidad\" \/>\n\t<meta name=\"twitter:data2\" content=\"Disponible\" \/>\n<script type=\"application\/ld+json\" class=\"yoast-schema-graph\">{\"@context\":\"https:\\\/\\\/schema.org\",\"@graph\":[{\"@type\":\"WebPage\",\"@id\":\"https:\\\/\\\/www.lifenatura.com\\\/es\\\/produto\\\/miel-mil-flores-500-g-apimel\\\/\",\"url\":\"https:\\\/\\\/www.lifenatura.com\\\/es\\\/produto\\\/miel-mil-flores-500-g-apimel\\\/\",\"name\":\"Miel Mil Flores 500 g - Apimel - Na Lifenatura ao Melhor Pre\u00e7o | Envio em 48h\",\"isPartOf\":{\"@id\":\"https:\\\/\\\/www.lifenatura.com\\\/es\\\/#website\"},\"primaryImageOfPage\":{\"@id\":\"https:\\\/\\\/www.lifenatura.com\\\/es\\\/produto\\\/miel-mil-flores-500-g-apimel\\\/#primaryimage\"},\"image\":{\"@id\":\"https:\\\/\\\/www.lifenatura.com\\\/es\\\/produto\\\/miel-mil-flores-500-g-apimel\\\/#primaryimage\"},\"thumbnailUrl\":\"https:\\\/\\\/www.lifenatura.com\\\/wp-content\\\/uploads\\\/2023\\\/06\\\/mel-mil-flores-apimel.jpg\",\"datePublished\":\"2023-06-15T10:44:49+00:00\",\"dateModified\":\"2024-11-29T14:57:04+00:00\",\"description\":\"Miel Mil Flores de Apimel: sabor \u00fanico, propiedades antioxidantes y antibacterianas. Una opci\u00f3n saludable para reforzar su inmunidad.\",\"breadcrumb\":{\"@id\":\"https:\\\/\\\/www.lifenatura.com\\\/es\\\/produto\\\/miel-mil-flores-500-g-apimel\\\/#breadcrumb\"},\"inLanguage\":\"es\",\"potentialAction\":[{\"@type\":\"ReadAction\",\"target\":[\"https:\\\/\\\/www.lifenatura.com\\\/es\\\/produto\\\/miel-mil-flores-500-g-apimel\\\/\"]}]},{\"@type\":\"ImageObject\",\"inLanguage\":\"es\",\"@id\":\"https:\\\/\\\/www.lifenatura.com\\\/es\\\/produto\\\/miel-mil-flores-500-g-apimel\\\/#primaryimage\",\"url\":\"https:\\\/\\\/www.lifenatura.com\\\/wp-content\\\/uploads\\\/2023\\\/06\\\/mel-mil-flores-apimel.jpg\",\"contentUrl\":\"https:\\\/\\\/www.lifenatura.com\\\/wp-content\\\/uploads\\\/2023\\\/06\\\/mel-mil-flores-apimel.jpg\",\"width\":1000,\"height\":1000,\"caption\":\"Mel de Mil Flores 500 g \u2013 Apimel\"},{\"@type\":\"BreadcrumbList\",\"@id\":\"https:\\\/\\\/www.lifenatura.com\\\/es\\\/produto\\\/miel-mil-flores-500-g-apimel\\\/#breadcrumb\",\"itemListElement\":[{\"@type\":\"ListItem\",\"position\":1,\"name\":\"In\u00edcio\",\"item\":\"https:\\\/\\\/www.lifenatura.com\\\/es\\\/\"},{\"@type\":\"ListItem\",\"position\":2,\"name\":\"Todos los Productos\",\"item\":\"https:\\\/\\\/www.lifenatura.com\\\/es\\\/tienda\\\/\"},{\"@type\":\"ListItem\",\"position\":3,\"name\":\"Miel Mil Flores 500 g &#8211; Apimel\"}]},{\"@type\":\"WebSite\",\"@id\":\"https:\\\/\\\/www.lifenatura.com\\\/es\\\/#website\",\"url\":\"https:\\\/\\\/www.lifenatura.com\\\/es\\\/\",\"name\":\"Lifenatura\",\"description\":\"A Lifenatura \u00e9 uma loja de produtos naturais, cosm\u00e9tica natural e alimenta\u00e7\u00e3o Biol\u00f3gica.\",\"publisher\":{\"@id\":\"https:\\\/\\\/www.lifenatura.com\\\/es\\\/#organization\"},\"potentialAction\":[{\"@type\":\"SearchAction\",\"target\":{\"@type\":\"EntryPoint\",\"urlTemplate\":\"https:\\\/\\\/www.lifenatura.com\\\/es\\\/?s={search_term_string}\"},\"query-input\":{\"@type\":\"PropertyValueSpecification\",\"valueRequired\":true,\"valueName\":\"search_term_string\"}}],\"inLanguage\":\"es\"},{\"@type\":\"Organization\",\"@id\":\"https:\\\/\\\/www.lifenatura.com\\\/es\\\/#organization\",\"name\":\"Lifenatura\",\"url\":\"https:\\\/\\\/www.lifenatura.com\\\/es\\\/\",\"logo\":{\"@type\":\"ImageObject\",\"inLanguage\":\"es\",\"@id\":\"https:\\\/\\\/www.lifenatura.com\\\/es\\\/#\\\/schema\\\/logo\\\/image\\\/\",\"url\":\"https:\\\/\\\/www.lifenatura.com\\\/wp-content\\\/uploads\\\/2021\\\/07\\\/logo.png\",\"contentUrl\":\"https:\\\/\\\/www.lifenatura.com\\\/wp-content\\\/uploads\\\/2021\\\/07\\\/logo.png\",\"width\":175,\"height\":55,\"caption\":\"Lifenatura\"},\"image\":{\"@id\":\"https:\\\/\\\/www.lifenatura.com\\\/es\\\/#\\\/schema\\\/logo\\\/image\\\/\"},\"sameAs\":[\"https:\\\/\\\/www.facebook.com\\\/lifenatura\",\"https:\\\/\\\/www.instagram.com\\\/lifenaturapt\\\/\"],\"hasMerchantReturnPolicy\":{\"@type\":\"MerchantReturnPolicy\",\"merchantReturnLink\":\"https:\\\/\\\/www.lifenatura.com\\\/termos-condicoes-lifenatura\\\/\"}}]}<\/script>\n<meta property=\"product:price:amount\" content=\"7.20\" \/>\n<meta property=\"product:price:currency\" content=\"EUR\" \/>\n<meta property=\"og:availability\" content=\"instock\" \/>\n<meta property=\"product:availability\" content=\"instock\" \/>\n<meta property=\"product:retailer_item_id\" content=\"5607337010051\" \/>\n<meta property=\"product:condition\" content=\"new\" \/>\n<!-- \/ Yoast SEO Premium plugin. -->","yoast_head_json":{"title":"Miel Mil Flores 500 g - Apimel - Na Lifenatura ao Melhor Pre\u00e7o | Envio em 48h","description":"Miel Mil Flores de Apimel: sabor \u00fanico, propiedades antioxidantes y antibacterianas. Una opci\u00f3n saludable para reforzar su inmunidad.","robots":{"index":"index","follow":"follow","max-snippet":"max-snippet:-1","max-image-preview":"max-image-preview:large","max-video-preview":"max-video-preview:-1"},"canonical":"https:\/\/www.lifenatura.com\/es\/produto\/miel-mil-flores-500-g-apimel\/","og_locale":"es_ES","og_type":"article","og_title":"Miel Mil Flores 500 g - Apimel - Na Lifenatura ao Melhor Pre\u00e7o | Envio 48h","og_description":"Compre Miel Mil Flores 500 g - Apimel com envio r\u00e1pido. Entrega em 48h e portes gr\u00e1tis em compras >35\u20ac. Aproveite j\u00e1 na Lifenatura","og_url":"https:\/\/www.lifenatura.com\/es\/produto\/miel-mil-flores-500-g-apimel\/","og_site_name":"Lifenatura","article_publisher":"https:\/\/www.facebook.com\/lifenatura","article_modified_time":"2024-11-29T14:57:04+00:00","og_image":[{"width":1000,"height":1000,"url":"https:\/\/www.lifenatura.com\/wp-content\/uploads\/2023\/06\/mel-mil-flores-apimel.jpg","type":"image\/jpeg"}],"twitter_card":"summary_large_image","twitter_misc":{"Precio":"7,20&nbsp;&euro;","Disponibilidad":"Disponible"},"schema":{"@context":"https:\/\/schema.org","@graph":[{"@type":"WebPage","@id":"https:\/\/www.lifenatura.com\/es\/produto\/miel-mil-flores-500-g-apimel\/","url":"https:\/\/www.lifenatura.com\/es\/produto\/miel-mil-flores-500-g-apimel\/","name":"Miel Mil Flores 500 g - Apimel - Na Lifenatura ao Melhor Pre\u00e7o | Envio em 48h","isPartOf":{"@id":"https:\/\/www.lifenatura.com\/es\/#website"},"primaryImageOfPage":{"@id":"https:\/\/www.lifenatura.com\/es\/produto\/miel-mil-flores-500-g-apimel\/#primaryimage"},"image":{"@id":"https:\/\/www.lifenatura.com\/es\/produto\/miel-mil-flores-500-g-apimel\/#primaryimage"},"thumbnailUrl":"https:\/\/www.lifenatura.com\/wp-content\/uploads\/2023\/06\/mel-mil-flores-apimel.jpg","datePublished":"2023-06-15T10:44:49+00:00","dateModified":"2024-11-29T14:57:04+00:00","description":"Miel Mil Flores de Apimel: sabor \u00fanico, propiedades antioxidantes y antibacterianas. Una opci\u00f3n saludable para reforzar su inmunidad.","breadcrumb":{"@id":"https:\/\/www.lifenatura.com\/es\/produto\/miel-mil-flores-500-g-apimel\/#breadcrumb"},"inLanguage":"es","potentialAction":[{"@type":"ReadAction","target":["https:\/\/www.lifenatura.com\/es\/produto\/miel-mil-flores-500-g-apimel\/"]}]},{"@type":"ImageObject","inLanguage":"es","@id":"https:\/\/www.lifenatura.com\/es\/produto\/miel-mil-flores-500-g-apimel\/#primaryimage","url":"https:\/\/www.lifenatura.com\/wp-content\/uploads\/2023\/06\/mel-mil-flores-apimel.jpg","contentUrl":"https:\/\/www.lifenatura.com\/wp-content\/uploads\/2023\/06\/mel-mil-flores-apimel.jpg","width":1000,"height":1000,"caption":"Mel de Mil Flores 500 g \u2013 Apimel"},{"@type":"BreadcrumbList","@id":"https:\/\/www.lifenatura.com\/es\/produto\/miel-mil-flores-500-g-apimel\/#breadcrumb","itemListElement":[{"@type":"ListItem","position":1,"name":"In\u00edcio","item":"https:\/\/www.lifenatura.com\/es\/"},{"@type":"ListItem","position":2,"name":"Todos los Productos","item":"https:\/\/www.lifenatura.com\/es\/tienda\/"},{"@type":"ListItem","position":3,"name":"Miel Mil Flores 500 g &#8211; Apimel"}]},{"@type":"WebSite","@id":"https:\/\/www.lifenatura.com\/es\/#website","url":"https:\/\/www.lifenatura.com\/es\/","name":"Lifenatura","description":"A Lifenatura \u00e9 uma loja de produtos naturais, cosm\u00e9tica natural e alimenta\u00e7\u00e3o Biol\u00f3gica.","publisher":{"@id":"https:\/\/www.lifenatura.com\/es\/#organization"},"potentialAction":[{"@type":"SearchAction","target":{"@type":"EntryPoint","urlTemplate":"https:\/\/www.lifenatura.com\/es\/?s={search_term_string}"},"query-input":{"@type":"PropertyValueSpecification","valueRequired":true,"valueName":"search_term_string"}}],"inLanguage":"es"},{"@type":"Organization","@id":"https:\/\/www.lifenatura.com\/es\/#organization","name":"Lifenatura","url":"https:\/\/www.lifenatura.com\/es\/","logo":{"@type":"ImageObject","inLanguage":"es","@id":"https:\/\/www.lifenatura.com\/es\/#\/schema\/logo\/image\/","url":"https:\/\/www.lifenatura.com\/wp-content\/uploads\/2021\/07\/logo.png","contentUrl":"https:\/\/www.lifenatura.com\/wp-content\/uploads\/2021\/07\/logo.png","width":175,"height":55,"caption":"Lifenatura"},"image":{"@id":"https:\/\/www.lifenatura.com\/es\/#\/schema\/logo\/image\/"},"sameAs":["https:\/\/www.facebook.com\/lifenatura","https:\/\/www.instagram.com\/lifenaturapt\/"],"hasMerchantReturnPolicy":{"@type":"MerchantReturnPolicy","merchantReturnLink":"https:\/\/www.lifenatura.com\/termos-condicoes-lifenatura\/"}}]},"product_price_amount":"7.20","product_price_currency":"EUR","og_availability":"instock","product_availability":"instock","product_retailer_item_id":"5607337010051","product_condition":"new"},"df_price":7.2,"df_sale_price":"","df_regular_price":7.2,"df_image_link":"https:\/\/www.lifenatura.com\/wp-content\/uploads\/2023\/06\/mel-mil-flores-apimel-300x300.jpg","_links":{"self":[{"href":"https:\/\/www.lifenatura.com\/es\/wp-json\/wp\/v2\/product\/68139","targetHints":{"allow":["GET"]}}],"collection":[{"href":"https:\/\/www.lifenatura.com\/es\/wp-json\/wp\/v2\/product"}],"about":[{"href":"https:\/\/www.lifenatura.com\/es\/wp-json\/wp\/v2\/types\/product"}],"wp:featuredmedia":[{"embeddable":true,"href":"https:\/\/www.lifenatura.com\/es\/wp-json\/wp\/v2\/media\/68180"}],"wp:attachment":[{"href":"https:\/\/www.lifenatura.com\/es\/wp-json\/wp\/v2\/media?parent=68139"}],"wp:term":[{"taxonomy":"product_brand","embeddable":true,"href":"https:\/\/www.lifenatura.com\/es\/wp-json\/wp\/v2\/product_brand?post=68139"},{"taxonomy":"product_cat","embeddable":true,"href":"https:\/\/www.lifenatura.com\/es\/wp-json\/wp\/v2\/product_cat?post=68139"},{"taxonomy":"product_tag","embeddable":true,"href":"https:\/\/www.lifenatura.com\/es\/wp-json\/wp\/v2\/product_tag?post=68139"}],"curies":[{"name":"wp","href":"https:\/\/api.w.org\/{rel}","templated":true}]}}