{"id":66211,"date":"2023-05-18T16:43:51","date_gmt":"2023-05-18T16:43:51","guid":{"rendered":"https:\/\/www.lifenatura.com\/?post_type=product&#038;p=66211"},"modified":"2026-04-04T00:41:43","modified_gmt":"2026-04-04T00:41:43","slug":"premium-nac-600-mg-60-capsulas-juventus","status":"publish","type":"product","link":"https:\/\/www.lifenatura.com\/es\/produto\/premium-nac-600-mg-60-capsulas-juventus\/","title":{"rendered":"NAC 600 mg 60 c\u00e1psulas &#8211; Juventus"},"content":{"rendered":"<h2><strong>NAC desempe\u00f1a un papel importante como antioxidante<\/strong><\/h2>\n<p>&nbsp;<\/p>\n<p>Juventus Premium N-Acetilciste\u00edna (NAC) es un suplemento nutricional de alta calidad que proporciona una forma estable y biodisponible de NAC, un precursor del antioxidante glutati\u00f3n.<\/p>\n<p>La N-acetilciste\u00edna es conocida por sus propiedades antioxidantes y su papel fundamental en la promoci\u00f3n de la salud respiratoria, la desintoxicaci\u00f3n del organismo y el apoyo al h\u00edgado. Gracias a su avanzada formulaci\u00f3n, Juventus Premium NAC ofrece un apoyo vital para una funci\u00f3n pulmonar sana, la defensa antioxidante y la desintoxicaci\u00f3n del organismo.<\/p>\n<p><strong>Los 3 beneficios principales:<\/strong><\/p>\n<ul>\n<li><strong>Apoyo antioxidante:<\/strong> Ayuda a promover la producci\u00f3n de glutati\u00f3n, uno de los antioxidantes m\u00e1s importantes del cuerpo, que protege las c\u00e9lulas contra el da\u00f1o oxidativo y combate los radicales libres.<\/li>\n<li><strong>Salud Respiratoria<\/strong>: Es conocido por su capacidad para reducir la viscosidad del moco y facilitar la expectoraci\u00f3n, ayudando a aliviar la congesti\u00f3n nasal, la tos y otros s\u00edntomas respiratorios.<\/li>\n<li><strong>Desintoxicaci\u00f3n del cuerpo:<\/strong> Ayuda a desintoxicar el cuerpo, ayudando en la eliminaci\u00f3n de toxinas y metales pesados, y promoviendo la salud del h\u00edgado.<\/li>\n<\/ul>\n<p><strong>PRESENTACI\u00d3N<\/strong><\/p>\n<p>60 c\u00e1psulas<\/p>\n<p>&nbsp;<\/p>\n","protected":false},"excerpt":{"rendered":"<p>La NAC se valora principalmente por su papel como antioxidante. Tambi\u00e9n desempe\u00f1a un papel importante en el proceso de desintoxicaci\u00f3n del organismo. [&#8230;]<\/p>\n<p><a class=\"btn btn-secondary understrap-read-more-link\" href=\"https:\/\/www.lifenatura.com\/es\/produto\/premium-nac-600-mg-60-capsulas-juventus\/\">Leer m\u00e1s&#8230;<span class=\"screen-reader-text\"> from NAC 600 mg 60 c\u00e1psulas &#8211; Juventus<\/span><\/a><\/p>\n","protected":false},"featured_media":131381,"template":"","meta":{"_acf_changed":false},"product_brand":[8463],"product_cat":[7236,7179],"product_tag":[8699],"class_list":{"0":"post-66211","1":"product","2":"type-product","3":"status-publish","4":"has-post-thumbnail","6":"product_brand-juventus-es","7":"product_cat-antioxidantes-salud","8":"product_cat-salud","9":"product_tag-farmodietica","11":"first","12":"outofstock","13":"featured","14":"shipping-taxable","15":"purchasable","16":"product-type-simple","17":"add-to-wishlist-before_image"},"acf":[],"yoast_head":"<!-- This site is optimized with the Yoast SEO Premium plugin v27.1 (Yoast SEO v27.3) - https:\/\/yoast.com\/product\/yoast-seo-premium-wordpress\/ -->\n<title>NAC 600 mg 60 c\u00e1psulas - Juventus - Lifenatura<\/title>\n<meta name=\"description\" content=\"La NAC se valora principalmente por su papel como antioxidante. Tambi\u00e9n desempe\u00f1a un papel importante en el proceso de desintoxicaci\u00f3n del organismo.\" \/>\n<meta name=\"robots\" content=\"index, follow, max-snippet:-1, max-image-preview:large, max-video-preview:-1\" \/>\n<link rel=\"canonical\" href=\"https:\/\/www.lifenatura.com\/es\/produto\/premium-nac-600-mg-60-capsulas-juventus\/\" \/>\n<meta property=\"og:locale\" content=\"es_ES\" \/>\n<meta property=\"og:type\" content=\"article\" \/>\n<meta property=\"og:title\" content=\"NAC 600 mg 60 c\u00e1psulas - Juventus - Lifenatura\" \/>\n<meta property=\"og:description\" content=\"Compre aqui o seu NAC 600 mg 60 c\u00e1psulas - Juventus e a Lifenatura Online envia em 48 H com Portes Gratis &gt;35\u20ac de Pedido.\" \/>\n<meta property=\"og:url\" content=\"https:\/\/www.lifenatura.com\/es\/produto\/premium-nac-600-mg-60-capsulas-juventus\/\" \/>\n<meta property=\"og:site_name\" content=\"Lifenatura\" \/>\n<meta property=\"article:publisher\" content=\"https:\/\/www.facebook.com\/lifenatura\" \/>\n<meta property=\"article:modified_time\" content=\"2026-04-04T00:41:43+00:00\" \/>\n<meta property=\"og:image\" content=\"https:\/\/www.lifenatura.com\/wp-content\/uploads\/2023\/05\/nac-juventus.jpg\" \/>\n\t<meta property=\"og:image:width\" content=\"1000\" \/>\n\t<meta property=\"og:image:height\" content=\"1000\" \/>\n\t<meta property=\"og:image:type\" content=\"image\/jpeg\" \/>\n<meta name=\"twitter:card\" content=\"summary_large_image\" \/>\n<meta name=\"twitter:label1\" content=\"Precio\" \/>\n\t<meta name=\"twitter:data1\" content=\"22,85&nbsp;&euro;\" \/>\n\t<meta name=\"twitter:label2\" content=\"Disponibilidad\" \/>\n\t<meta name=\"twitter:data2\" content=\"Sin existencias\" \/>\n<meta property=\"product:price:amount\" content=\"22.85\" \/>\n<meta property=\"product:price:currency\" content=\"EUR\" \/>\n<meta property=\"og:availability\" content=\"out of stock\" \/>\n<meta property=\"product:availability\" content=\"out of stock\" \/>\n<meta property=\"product:retailer_item_id\" content=\"5601653018098\" \/>\n<meta property=\"product:condition\" content=\"new\" \/>\n<!-- \/ Yoast SEO Premium plugin. -->","yoast_head_json":{"title":"NAC 600 mg 60 c\u00e1psulas - Juventus - Lifenatura","description":"La NAC se valora principalmente por su papel como antioxidante. Tambi\u00e9n desempe\u00f1a un papel importante en el proceso de desintoxicaci\u00f3n del organismo.","robots":{"index":"index","follow":"follow","max-snippet":"max-snippet:-1","max-image-preview":"max-image-preview:large","max-video-preview":"max-video-preview:-1"},"canonical":"https:\/\/www.lifenatura.com\/es\/produto\/premium-nac-600-mg-60-capsulas-juventus\/","og_locale":"es_ES","og_type":"article","og_title":"NAC 600 mg 60 c\u00e1psulas - Juventus - Lifenatura","og_description":"Compre aqui o seu NAC 600 mg 60 c\u00e1psulas - Juventus e a Lifenatura Online envia em 48 H com Portes Gratis >35\u20ac de Pedido.","og_url":"https:\/\/www.lifenatura.com\/es\/produto\/premium-nac-600-mg-60-capsulas-juventus\/","og_site_name":"Lifenatura","article_publisher":"https:\/\/www.facebook.com\/lifenatura","article_modified_time":"2026-04-04T00:41:43+00:00","og_image":[{"width":1000,"height":1000,"url":"https:\/\/www.lifenatura.com\/wp-content\/uploads\/2023\/05\/nac-juventus.jpg","type":"image\/jpeg"}],"twitter_card":"summary_large_image","twitter_misc":{"Precio":"22,85&nbsp;&euro;","Disponibilidad":"Sin existencias"},"schema":{"@context":"https:\/\/schema.org","@graph":[{"@type":"WebPage","@id":"https:\/\/www.lifenatura.com\/es\/produto\/premium-nac-600-mg-60-capsulas-juventus\/","url":"https:\/\/www.lifenatura.com\/es\/produto\/premium-nac-600-mg-60-capsulas-juventus\/","name":"NAC 600 mg 60 c\u00e1psulas - Juventus - Lifenatura","isPartOf":{"@id":"https:\/\/www.lifenatura.com\/es\/#website"},"primaryImageOfPage":{"@id":"https:\/\/www.lifenatura.com\/es\/produto\/premium-nac-600-mg-60-capsulas-juventus\/#primaryimage"},"image":{"@id":"https:\/\/www.lifenatura.com\/es\/produto\/premium-nac-600-mg-60-capsulas-juventus\/#primaryimage"},"thumbnailUrl":"https:\/\/www.lifenatura.com\/wp-content\/uploads\/2026\/03\/juventus-premium-NAC.png","datePublished":"2023-05-18T16:43:51+00:00","dateModified":"2026-04-04T00:41:43+00:00","description":"La NAC se valora principalmente por su papel como antioxidante. Tambi\u00e9n desempe\u00f1a un papel importante en el proceso de desintoxicaci\u00f3n del organismo.","breadcrumb":{"@id":"https:\/\/www.lifenatura.com\/es\/produto\/premium-nac-600-mg-60-capsulas-juventus\/#breadcrumb"},"inLanguage":"es","potentialAction":[{"@type":"ReadAction","target":["https:\/\/www.lifenatura.com\/es\/produto\/premium-nac-600-mg-60-capsulas-juventus\/"]}]},{"@type":"ImageObject","inLanguage":"es","@id":"https:\/\/www.lifenatura.com\/es\/produto\/premium-nac-600-mg-60-capsulas-juventus\/#primaryimage","url":"https:\/\/www.lifenatura.com\/wp-content\/uploads\/2026\/03\/juventus-premium-NAC.png","contentUrl":"https:\/\/www.lifenatura.com\/wp-content\/uploads\/2026\/03\/juventus-premium-NAC.png","width":800,"height":800},{"@type":"BreadcrumbList","@id":"https:\/\/www.lifenatura.com\/es\/produto\/premium-nac-600-mg-60-capsulas-juventus\/#breadcrumb","itemListElement":[{"@type":"ListItem","position":1,"name":"In\u00edcio","item":"https:\/\/www.lifenatura.com\/es\/"},{"@type":"ListItem","position":2,"name":"Todos los Productos","item":"https:\/\/www.lifenatura.com\/es\/tienda\/"},{"@type":"ListItem","position":3,"name":"NAC 600 mg 60 c\u00e1psulas &#8211; Juventus"}]},{"@type":"WebSite","@id":"https:\/\/www.lifenatura.com\/es\/#website","url":"https:\/\/www.lifenatura.com\/es\/","name":"Lifenatura","description":"A Lifenatura \u00e9 uma loja de produtos naturais, cosm\u00e9tica natural e alimenta\u00e7\u00e3o Biol\u00f3gica.","publisher":{"@id":"https:\/\/www.lifenatura.com\/es\/#organization"},"potentialAction":[{"@type":"SearchAction","target":{"@type":"EntryPoint","urlTemplate":"https:\/\/www.lifenatura.com\/es\/?s={search_term_string}"},"query-input":{"@type":"PropertyValueSpecification","valueRequired":true,"valueName":"search_term_string"}}],"inLanguage":"es"},{"@type":"Organization","@id":"https:\/\/www.lifenatura.com\/es\/#organization","name":"Lifenatura","url":"https:\/\/www.lifenatura.com\/es\/","logo":{"@type":"ImageObject","inLanguage":"es","@id":"https:\/\/www.lifenatura.com\/es\/#\/schema\/logo\/image\/","url":"https:\/\/www.lifenatura.com\/wp-content\/uploads\/2021\/11\/logo.png","contentUrl":"https:\/\/www.lifenatura.com\/wp-content\/uploads\/2021\/11\/logo.png","width":175,"height":55,"caption":"Lifenatura"},"image":{"@id":"https:\/\/www.lifenatura.com\/es\/#\/schema\/logo\/image\/"},"sameAs":["https:\/\/www.facebook.com\/lifenatura","https:\/\/www.instagram.com\/lifenaturapt\/"]}]},"product_price_amount":"22.85","product_price_currency":"EUR","og_availability":"out of stock","product_availability":"out of stock","product_retailer_item_id":"5601653018098","product_condition":"new"},"df_price":22.85,"df_sale_price":12.57,"df_regular_price":22.85,"df_image_link":"https:\/\/www.lifenatura.com\/wp-content\/uploads\/2026\/03\/juventus-premium-NAC-300x300.png","_links":{"self":[{"href":"https:\/\/www.lifenatura.com\/es\/wp-json\/wp\/v2\/product\/66211","targetHints":{"allow":["GET"]}}],"collection":[{"href":"https:\/\/www.lifenatura.com\/es\/wp-json\/wp\/v2\/product"}],"about":[{"href":"https:\/\/www.lifenatura.com\/es\/wp-json\/wp\/v2\/types\/product"}],"wp:featuredmedia":[{"embeddable":true,"href":"https:\/\/www.lifenatura.com\/es\/wp-json\/wp\/v2\/media\/131381"}],"wp:attachment":[{"href":"https:\/\/www.lifenatura.com\/es\/wp-json\/wp\/v2\/media?parent=66211"}],"wp:term":[{"taxonomy":"product_brand","embeddable":true,"href":"https:\/\/www.lifenatura.com\/es\/wp-json\/wp\/v2\/product_brand?post=66211"},{"taxonomy":"product_cat","embeddable":true,"href":"https:\/\/www.lifenatura.com\/es\/wp-json\/wp\/v2\/product_cat?post=66211"},{"taxonomy":"product_tag","embeddable":true,"href":"https:\/\/www.lifenatura.com\/es\/wp-json\/wp\/v2\/product_tag?post=66211"}],"curies":[{"name":"wp","href":"https:\/\/api.w.org\/{rel}","templated":true}]}}