{"id":66171,"date":"2023-05-18T08:44:43","date_gmt":"2023-05-18T08:44:43","guid":{"rendered":"https:\/\/www.lifenatura.com\/?post_type=product&#038;p=66171"},"modified":"2026-04-04T00:41:42","modified_gmt":"2026-04-04T00:41:42","slug":"citrato-de-calcio-con-vitamina-d3-1000mg-naturmil","status":"publish","type":"product","link":"https:\/\/www.lifenatura.com\/es\/produto\/citrato-de-calcio-con-vitamina-d3-1000mg-naturmil\/","title":{"rendered":"Citrato de Calcio con Vitamina D3 1000mg &#8211; Naturmil"},"content":{"rendered":"<h2 style=\"text-align: left\"><strong>El Citrato de Calcio con Vitamina D3 contribuye al mantenimiento de los huesos<\/strong><\/h2>\n<p>&nbsp;<\/p>\n<p>Nutriente con amplios beneficios para la salud, a saber: mantenimiento de huesos sanos, mantenimiento de dientes normales, ayuda en la formaci\u00f3n de huesos, metabolismo del calcio, coagulaci\u00f3n de la sangre, metabolismo energ\u00e9tico, funci\u00f3n muscular, activa la liberaci\u00f3n de neurotransmisores, funci\u00f3n de enzimas digestivas y en el proceso de divisi\u00f3n y especializaci\u00f3n celular.<\/p>\n<p>El calcio es necesario para el mantenimiento de unos huesos y dientes normales. El calcio y la vitamina D contribuyen a la funci\u00f3n muscular normal. La vitamina D contribuye a la absorci\u00f3n\/utilizaci\u00f3n normal del calcio y del f\u00f3sforo.<\/p>\n<p><strong>PRESENTACI\u00d3N<\/strong><\/p>\n<p>120 comprimidos<\/p>\n<p>&nbsp;<\/p>\n","protected":false},"excerpt":{"rendered":"<p>Este producto contribuye al mantenimiento de unos huesos sanos, al mantenimiento de unos dientes normales, ayuda a la formaci\u00f3n de los huesos. [&#8230;]<\/p>\n<p><a class=\"btn btn-secondary understrap-read-more-link\" href=\"https:\/\/www.lifenatura.com\/es\/produto\/citrato-de-calcio-con-vitamina-d3-1000mg-naturmil\/\">Leer m\u00e1s&#8230;<span class=\"screen-reader-text\"> from Citrato de Calcio con Vitamina D3 1000mg &#8211; Naturmil<\/span><\/a><\/p>\n","protected":false},"featured_media":67454,"template":"","meta":{"_acf_changed":false},"product_brand":[8435],"product_cat":[7205,7206,8561,7263,7179],"product_tag":[],"class_list":{"0":"post-66171","1":"product","2":"type-product","3":"status-publish","4":"has-post-thumbnail","6":"product_brand-naturmil","7":"product_cat-articulaciones","8":"product_cat-musculos-salud","9":"product_cat-naturmil-lleve-4-pago-3","10":"product_cat-packs-de-salud","11":"product_cat-salud","13":"first","14":"instock","15":"shipping-taxable","16":"purchasable","17":"product-type-simple","18":"add-to-wishlist-before_image"},"acf":[],"yoast_head":"<!-- This site is optimized with the Yoast SEO Premium plugin v27.1 (Yoast SEO v27.3) - https:\/\/yoast.com\/product\/yoast-seo-premium-wordpress\/ -->\n<title>Citrato de Calcio con Vitamina D3 1000mg - Naturmil - Lifenatura<\/title>\n<meta name=\"description\" content=\"Este producto contribuye al mantenimiento de unos huesos sanos, al mantenimiento de unos dientes normales, ayuda a la formaci\u00f3n de los huesos.\" \/>\n<meta name=\"robots\" content=\"index, follow, max-snippet:-1, max-image-preview:large, max-video-preview:-1\" \/>\n<link rel=\"canonical\" href=\"https:\/\/www.lifenatura.com\/es\/produto\/citrato-de-calcio-con-vitamina-d3-1000mg-naturmil\/\" \/>\n<meta property=\"og:locale\" content=\"es_ES\" \/>\n<meta property=\"og:type\" content=\"article\" \/>\n<meta property=\"og:title\" content=\"Citrato de Calcio con Vitamina D3 1000mg - Naturmil - Lifenatura\" \/>\n<meta property=\"og:description\" content=\"Compre aqui o seu Citrato de Calcio con Vitamina D3 1000mg - Naturmil e a Lifenatura Online envia em 48 H com Portes Gratis &gt;35\u20ac de Pedido.\" \/>\n<meta property=\"og:url\" content=\"https:\/\/www.lifenatura.com\/es\/produto\/citrato-de-calcio-con-vitamina-d3-1000mg-naturmil\/\" \/>\n<meta property=\"og:site_name\" content=\"Lifenatura\" \/>\n<meta property=\"article:publisher\" content=\"https:\/\/www.facebook.com\/lifenatura\" \/>\n<meta property=\"article:modified_time\" content=\"2026-04-04T00:41:42+00:00\" \/>\n<meta property=\"og:image\" content=\"https:\/\/www.lifenatura.com\/wp-content\/uploads\/2023\/05\/citrato-calcio-vitamina-d3-naturmil.jpg\" \/>\n\t<meta property=\"og:image:width\" content=\"1000\" \/>\n\t<meta property=\"og:image:height\" content=\"1000\" \/>\n\t<meta property=\"og:image:type\" content=\"image\/jpeg\" \/>\n<meta name=\"twitter:card\" content=\"summary_large_image\" \/>\n<meta name=\"twitter:label1\" content=\"Precio\" \/>\n\t<meta name=\"twitter:data1\" content=\"21,79&nbsp;&euro;\" \/>\n\t<meta name=\"twitter:label2\" content=\"Disponibilidad\" \/>\n\t<meta name=\"twitter:data2\" content=\"Disponible\" \/>\n<meta property=\"product:price:amount\" content=\"21.79\" \/>\n<meta property=\"product:price:currency\" content=\"EUR\" \/>\n<meta property=\"og:availability\" content=\"instock\" \/>\n<meta property=\"product:availability\" content=\"instock\" \/>\n<meta property=\"product:retailer_item_id\" content=\"5605481408960\" \/>\n<meta property=\"product:condition\" content=\"new\" \/>\n<!-- \/ Yoast SEO Premium plugin. -->","yoast_head_json":{"title":"Citrato de Calcio con Vitamina D3 1000mg - Naturmil - Lifenatura","description":"Este producto contribuye al mantenimiento de unos huesos sanos, al mantenimiento de unos dientes normales, ayuda a la formaci\u00f3n de los huesos.","robots":{"index":"index","follow":"follow","max-snippet":"max-snippet:-1","max-image-preview":"max-image-preview:large","max-video-preview":"max-video-preview:-1"},"canonical":"https:\/\/www.lifenatura.com\/es\/produto\/citrato-de-calcio-con-vitamina-d3-1000mg-naturmil\/","og_locale":"es_ES","og_type":"article","og_title":"Citrato de Calcio con Vitamina D3 1000mg - Naturmil - Lifenatura","og_description":"Compre aqui o seu Citrato de Calcio con Vitamina D3 1000mg - Naturmil e a Lifenatura Online envia em 48 H com Portes Gratis >35\u20ac de Pedido.","og_url":"https:\/\/www.lifenatura.com\/es\/produto\/citrato-de-calcio-con-vitamina-d3-1000mg-naturmil\/","og_site_name":"Lifenatura","article_publisher":"https:\/\/www.facebook.com\/lifenatura","article_modified_time":"2026-04-04T00:41:42+00:00","og_image":[{"width":1000,"height":1000,"url":"https:\/\/www.lifenatura.com\/wp-content\/uploads\/2023\/05\/citrato-calcio-vitamina-d3-naturmil.jpg","type":"image\/jpeg"}],"twitter_card":"summary_large_image","twitter_misc":{"Precio":"21,79&nbsp;&euro;","Disponibilidad":"Disponible"},"schema":{"@context":"https:\/\/schema.org","@graph":[{"@type":"WebPage","@id":"https:\/\/www.lifenatura.com\/es\/produto\/citrato-de-calcio-con-vitamina-d3-1000mg-naturmil\/","url":"https:\/\/www.lifenatura.com\/es\/produto\/citrato-de-calcio-con-vitamina-d3-1000mg-naturmil\/","name":"Citrato de Calcio con Vitamina D3 1000mg - Naturmil - Lifenatura","isPartOf":{"@id":"https:\/\/www.lifenatura.com\/es\/#website"},"primaryImageOfPage":{"@id":"https:\/\/www.lifenatura.com\/es\/produto\/citrato-de-calcio-con-vitamina-d3-1000mg-naturmil\/#primaryimage"},"image":{"@id":"https:\/\/www.lifenatura.com\/es\/produto\/citrato-de-calcio-con-vitamina-d3-1000mg-naturmil\/#primaryimage"},"thumbnailUrl":"https:\/\/www.lifenatura.com\/wp-content\/uploads\/2023\/05\/citrato-calcio-vitamina-d3-naturmil.jpg","datePublished":"2023-05-18T08:44:43+00:00","dateModified":"2026-04-04T00:41:42+00:00","description":"Este producto contribuye al mantenimiento de unos huesos sanos, al mantenimiento de unos dientes normales, ayuda a la formaci\u00f3n de los huesos.","breadcrumb":{"@id":"https:\/\/www.lifenatura.com\/es\/produto\/citrato-de-calcio-con-vitamina-d3-1000mg-naturmil\/#breadcrumb"},"inLanguage":"es","potentialAction":[{"@type":"ReadAction","target":["https:\/\/www.lifenatura.com\/es\/produto\/citrato-de-calcio-con-vitamina-d3-1000mg-naturmil\/"]}]},{"@type":"ImageObject","inLanguage":"es","@id":"https:\/\/www.lifenatura.com\/es\/produto\/citrato-de-calcio-con-vitamina-d3-1000mg-naturmil\/#primaryimage","url":"https:\/\/www.lifenatura.com\/wp-content\/uploads\/2023\/05\/citrato-calcio-vitamina-d3-naturmil.jpg","contentUrl":"https:\/\/www.lifenatura.com\/wp-content\/uploads\/2023\/05\/citrato-calcio-vitamina-d3-naturmil.jpg","width":1000,"height":1000,"caption":"citrato de calcio m\u00e1s vitamina d3 marca naturmil"},{"@type":"BreadcrumbList","@id":"https:\/\/www.lifenatura.com\/es\/produto\/citrato-de-calcio-con-vitamina-d3-1000mg-naturmil\/#breadcrumb","itemListElement":[{"@type":"ListItem","position":1,"name":"In\u00edcio","item":"https:\/\/www.lifenatura.com\/es\/"},{"@type":"ListItem","position":2,"name":"Todos los Productos","item":"https:\/\/www.lifenatura.com\/es\/tienda\/"},{"@type":"ListItem","position":3,"name":"Citrato de Calcio con Vitamina D3 1000mg &#8211; Naturmil"}]},{"@type":"WebSite","@id":"https:\/\/www.lifenatura.com\/es\/#website","url":"https:\/\/www.lifenatura.com\/es\/","name":"Lifenatura","description":"A Lifenatura \u00e9 uma loja de produtos naturais, cosm\u00e9tica natural e alimenta\u00e7\u00e3o Biol\u00f3gica.","publisher":{"@id":"https:\/\/www.lifenatura.com\/es\/#organization"},"potentialAction":[{"@type":"SearchAction","target":{"@type":"EntryPoint","urlTemplate":"https:\/\/www.lifenatura.com\/es\/?s={search_term_string}"},"query-input":{"@type":"PropertyValueSpecification","valueRequired":true,"valueName":"search_term_string"}}],"inLanguage":"es"},{"@type":"Organization","@id":"https:\/\/www.lifenatura.com\/es\/#organization","name":"Lifenatura","url":"https:\/\/www.lifenatura.com\/es\/","logo":{"@type":"ImageObject","inLanguage":"es","@id":"https:\/\/www.lifenatura.com\/es\/#\/schema\/logo\/image\/","url":"https:\/\/www.lifenatura.com\/wp-content\/uploads\/2021\/11\/logo.png","contentUrl":"https:\/\/www.lifenatura.com\/wp-content\/uploads\/2021\/11\/logo.png","width":175,"height":55,"caption":"Lifenatura"},"image":{"@id":"https:\/\/www.lifenatura.com\/es\/#\/schema\/logo\/image\/"},"sameAs":["https:\/\/www.facebook.com\/lifenatura","https:\/\/www.instagram.com\/lifenaturapt\/"]}]},"product_price_amount":"21.79","product_price_currency":"EUR","og_availability":"instock","product_availability":"instock","product_retailer_item_id":"5605481408960","product_condition":"new"},"df_price":21.79,"df_sale_price":17.44,"df_regular_price":21.79,"df_image_link":"https:\/\/www.lifenatura.com\/wp-content\/uploads\/2023\/05\/citrato-calcio-vitamina-d3-naturmil-300x300.jpg","_links":{"self":[{"href":"https:\/\/www.lifenatura.com\/es\/wp-json\/wp\/v2\/product\/66171","targetHints":{"allow":["GET"]}}],"collection":[{"href":"https:\/\/www.lifenatura.com\/es\/wp-json\/wp\/v2\/product"}],"about":[{"href":"https:\/\/www.lifenatura.com\/es\/wp-json\/wp\/v2\/types\/product"}],"wp:featuredmedia":[{"embeddable":true,"href":"https:\/\/www.lifenatura.com\/es\/wp-json\/wp\/v2\/media\/67454"}],"wp:attachment":[{"href":"https:\/\/www.lifenatura.com\/es\/wp-json\/wp\/v2\/media?parent=66171"}],"wp:term":[{"taxonomy":"product_brand","embeddable":true,"href":"https:\/\/www.lifenatura.com\/es\/wp-json\/wp\/v2\/product_brand?post=66171"},{"taxonomy":"product_cat","embeddable":true,"href":"https:\/\/www.lifenatura.com\/es\/wp-json\/wp\/v2\/product_cat?post=66171"},{"taxonomy":"product_tag","embeddable":true,"href":"https:\/\/www.lifenatura.com\/es\/wp-json\/wp\/v2\/product_tag?post=66171"}],"curies":[{"name":"wp","href":"https:\/\/api.w.org\/{rel}","templated":true}]}}