{"id":65998,"date":"2023-05-15T16:19:43","date_gmt":"2023-05-15T16:19:43","guid":{"rendered":"https:\/\/www.lifenatura.com\/?post_type=product&#038;p=65998"},"modified":"2023-05-15T16:47:18","modified_gmt":"2023-05-15T16:47:18","slug":"vitamina-b12-1000mcg-90-comprimidos-natures-plus","status":"publish","type":"product","link":"https:\/\/www.lifenatura.com\/es\/produto\/vitamina-b12-1000mcg-90-comprimidos-natures-plus\/","title":{"rendered":"Vitamina B12 1000mcg 90 comprimidos &#8211; Natures Plus"},"content":{"rendered":"<h2 style=\"text-align: left\"><strong>La vitamina B12 favorece el buen funcionamiento del sistema nervioso<\/strong><\/h2>\n<p>&nbsp;<\/p>\n<p>Vitamina hidrosoluble que contiene mol\u00e9culas de cobalto (cobalaminas). Desempe\u00f1a un papel muy importante en el metabolismo de los folatos y en el control de los niveles de homociste\u00edna (factor de riesgo cardiovascular y neurodegenerativo).<\/p>\n<p>Es esencial para el mantenimiento y la conservaci\u00f3n de las vainas de mielina alrededor de las neuronas y para la s\u00edntesis de neurotransmisores. La metilcobalamina act\u00faa como cofactor de la enzima metionina sintasa, encargada de convertir la homociste\u00edna en metionina.<\/p>\n<p>La vitamina B12 tiene un amplio margen de seguridad. Una dosis de 1000 \u03bcg puede estar indicada para cubrir las necesidades diarias de adultos que siguen dietas muy deficitarias, crud\u00edvoros y personas bajo tratamiento farmacol\u00f3gico que depleciona los niveles de vitamina B12.<br \/>\nApto para vegetarianos.<\/p>\n<p><strong>PRESENTACI\u00d3N<\/strong><\/p>\n<p>90 comprimidos<\/p>\n<p>&nbsp;<\/p>\n","protected":false},"excerpt":{"rendered":"<p>La vitamina B12 esencial para el mantenimiento y la conservaci\u00f3n de las vainas de mielina que rodean las neuronas y para la s\u00edntesis de neurotransmisores. [&#8230;]<\/p>\n<p><a class=\"btn btn-secondary understrap-read-more-link\" href=\"https:\/\/www.lifenatura.com\/es\/produto\/vitamina-b12-1000mcg-90-comprimidos-natures-plus\/\">Leer m\u00e1s&#8230;<span class=\"screen-reader-text\"> from Vitamina B12 1000mcg 90 comprimidos &#8211; Natures Plus<\/span><\/a><\/p>\n","protected":false},"featured_media":0,"template":"","meta":{"_acf_changed":false},"product_brand":[8438],"product_cat":[7179,7883,7952],"product_tag":[],"class_list":{"0":"post-65998","1":"product","2":"type-product","3":"status-publish","5":"product_brand-natures-plus-es","6":"product_cat-salud","7":"product_cat-suplementos-alimenticios","8":"product_cat-vitamina-b-es","10":"first","11":"instock","12":"shipping-taxable","13":"purchasable","14":"product-type-simple","15":"add-to-wishlist-before_image"},"acf":[],"yoast_head":"<!-- This site is optimized with the Yoast SEO Premium plugin v27.1 (Yoast SEO v27.3) - https:\/\/yoast.com\/product\/yoast-seo-premium-wordpress\/ -->\n<title>Vitamina B12 1000mcg 90 comprimidos - Natures Plus - Lifenatura<\/title>\n<meta name=\"description\" content=\"La vitamina B12 esencial para el mantenimiento y la conservaci\u00f3n de las vainas de mielina que rodean las neuronas y para la s\u00edntesis de neurotransmisores.\" \/>\n<meta name=\"robots\" content=\"index, follow, max-snippet:-1, max-image-preview:large, max-video-preview:-1\" \/>\n<link rel=\"canonical\" href=\"https:\/\/www.lifenatura.com\/es\/produto\/vitamina-b12-1000mcg-90-comprimidos-natures-plus\/\" \/>\n<meta property=\"og:locale\" content=\"es_ES\" \/>\n<meta property=\"og:type\" content=\"article\" \/>\n<meta property=\"og:title\" content=\"Vitamina B12 1000mcg 90 comprimidos - Natures Plus - Lifenatura\" \/>\n<meta property=\"og:description\" content=\"Compre aqui o seu Vitamina B12 1000mcg 90 comprimidos - Natures Plus e a Lifenatura Online envia em 48 H com Portes Gratis &gt;35\u20ac de Pedido.\" \/>\n<meta property=\"og:url\" content=\"https:\/\/www.lifenatura.com\/es\/produto\/vitamina-b12-1000mcg-90-comprimidos-natures-plus\/\" \/>\n<meta property=\"og:site_name\" content=\"Lifenatura\" \/>\n<meta property=\"article:publisher\" content=\"https:\/\/www.facebook.com\/lifenatura\" \/>\n<meta property=\"article:modified_time\" content=\"2023-05-15T16:47:18+00:00\" \/>\n<meta property=\"og:image\" content=\"https:\/\/www.lifenatura.com\/wp-content\/uploads\/2021\/07\/logo.png\" \/>\n\t<meta property=\"og:image:width\" content=\"175\" \/>\n\t<meta property=\"og:image:height\" content=\"55\" \/>\n\t<meta property=\"og:image:type\" content=\"image\/png\" \/>\n<meta name=\"twitter:card\" content=\"summary_large_image\" \/>\n<meta name=\"twitter:label1\" content=\"Precio\" \/>\n\t<meta name=\"twitter:data1\" content=\"25,67&nbsp;&euro;\" \/>\n\t<meta name=\"twitter:label2\" content=\"Disponibilidad\" \/>\n\t<meta name=\"twitter:data2\" content=\"Disponible\" \/>\n<meta property=\"product:price:amount\" content=\"25.67\" \/>\n<meta property=\"product:price:currency\" content=\"EUR\" \/>\n<meta property=\"og:availability\" content=\"instock\" \/>\n<meta property=\"product:availability\" content=\"instock\" \/>\n<meta property=\"product:retailer_item_id\" content=\"9746701720700\" \/>\n<meta property=\"product:condition\" content=\"new\" \/>\n<!-- \/ Yoast SEO Premium plugin. -->","yoast_head_json":{"title":"Vitamina B12 1000mcg 90 comprimidos - Natures Plus - Lifenatura","description":"La vitamina B12 esencial para el mantenimiento y la conservaci\u00f3n de las vainas de mielina que rodean las neuronas y para la s\u00edntesis de neurotransmisores.","robots":{"index":"index","follow":"follow","max-snippet":"max-snippet:-1","max-image-preview":"max-image-preview:large","max-video-preview":"max-video-preview:-1"},"canonical":"https:\/\/www.lifenatura.com\/es\/produto\/vitamina-b12-1000mcg-90-comprimidos-natures-plus\/","og_locale":"es_ES","og_type":"article","og_title":"Vitamina B12 1000mcg 90 comprimidos - Natures Plus - Lifenatura","og_description":"Compre aqui o seu Vitamina B12 1000mcg 90 comprimidos - Natures Plus e a Lifenatura Online envia em 48 H com Portes Gratis >35\u20ac de Pedido.","og_url":"https:\/\/www.lifenatura.com\/es\/produto\/vitamina-b12-1000mcg-90-comprimidos-natures-plus\/","og_site_name":"Lifenatura","article_publisher":"https:\/\/www.facebook.com\/lifenatura","article_modified_time":"2023-05-15T16:47:18+00:00","og_image":[{"width":175,"height":55,"url":"https:\/\/www.lifenatura.com\/wp-content\/uploads\/2021\/07\/logo.png","type":"image\/png"}],"twitter_card":"summary_large_image","twitter_misc":{"Precio":"25,67&nbsp;&euro;","Disponibilidad":"Disponible"},"schema":{"@context":"https:\/\/schema.org","@graph":[{"@type":"WebPage","@id":"https:\/\/www.lifenatura.com\/es\/produto\/vitamina-b12-1000mcg-90-comprimidos-natures-plus\/","url":"https:\/\/www.lifenatura.com\/es\/produto\/vitamina-b12-1000mcg-90-comprimidos-natures-plus\/","name":"Vitamina B12 1000mcg 90 comprimidos - Natures Plus - Lifenatura","isPartOf":{"@id":"https:\/\/www.lifenatura.com\/es\/#website"},"datePublished":"2023-05-15T16:19:43+00:00","dateModified":"2023-05-15T16:47:18+00:00","description":"La vitamina B12 esencial para el mantenimiento y la conservaci\u00f3n de las vainas de mielina que rodean las neuronas y para la s\u00edntesis de neurotransmisores.","breadcrumb":{"@id":"https:\/\/www.lifenatura.com\/es\/produto\/vitamina-b12-1000mcg-90-comprimidos-natures-plus\/#breadcrumb"},"inLanguage":"es","potentialAction":[{"@type":"ReadAction","target":["https:\/\/www.lifenatura.com\/es\/produto\/vitamina-b12-1000mcg-90-comprimidos-natures-plus\/"]}]},{"@type":"BreadcrumbList","@id":"https:\/\/www.lifenatura.com\/es\/produto\/vitamina-b12-1000mcg-90-comprimidos-natures-plus\/#breadcrumb","itemListElement":[{"@type":"ListItem","position":1,"name":"In\u00edcio","item":"https:\/\/www.lifenatura.com\/es\/"},{"@type":"ListItem","position":2,"name":"Todos los Productos","item":"https:\/\/www.lifenatura.com\/es\/tienda\/"},{"@type":"ListItem","position":3,"name":"Vitamina B12 1000mcg 90 comprimidos &#8211; Natures Plus"}]},{"@type":"WebSite","@id":"https:\/\/www.lifenatura.com\/es\/#website","url":"https:\/\/www.lifenatura.com\/es\/","name":"Lifenatura","description":"A Lifenatura \u00e9 uma loja de produtos naturais, cosm\u00e9tica natural e alimenta\u00e7\u00e3o Biol\u00f3gica.","publisher":{"@id":"https:\/\/www.lifenatura.com\/es\/#organization"},"potentialAction":[{"@type":"SearchAction","target":{"@type":"EntryPoint","urlTemplate":"https:\/\/www.lifenatura.com\/es\/?s={search_term_string}"},"query-input":{"@type":"PropertyValueSpecification","valueRequired":true,"valueName":"search_term_string"}}],"inLanguage":"es"},{"@type":"Organization","@id":"https:\/\/www.lifenatura.com\/es\/#organization","name":"Lifenatura","url":"https:\/\/www.lifenatura.com\/es\/","logo":{"@type":"ImageObject","inLanguage":"es","@id":"https:\/\/www.lifenatura.com\/es\/#\/schema\/logo\/image\/","url":"https:\/\/www.lifenatura.com\/wp-content\/uploads\/2021\/11\/logo.png","contentUrl":"https:\/\/www.lifenatura.com\/wp-content\/uploads\/2021\/11\/logo.png","width":175,"height":55,"caption":"Lifenatura"},"image":{"@id":"https:\/\/www.lifenatura.com\/es\/#\/schema\/logo\/image\/"},"sameAs":["https:\/\/www.facebook.com\/lifenatura","https:\/\/www.instagram.com\/lifenaturapt\/"]}]},"product_price_amount":"25.67","product_price_currency":"EUR","og_availability":"instock","product_availability":"instock","product_retailer_item_id":"9746701720700","product_condition":"new"},"df_price":25.67,"df_sale_price":"","df_regular_price":25.67,"df_image_link":"https:\/\/www.lifenatura.com\/wp-content\/uploads\/woocommerce-placeholder-300x300.png","_links":{"self":[{"href":"https:\/\/www.lifenatura.com\/es\/wp-json\/wp\/v2\/product\/65998","targetHints":{"allow":["GET"]}}],"collection":[{"href":"https:\/\/www.lifenatura.com\/es\/wp-json\/wp\/v2\/product"}],"about":[{"href":"https:\/\/www.lifenatura.com\/es\/wp-json\/wp\/v2\/types\/product"}],"wp:attachment":[{"href":"https:\/\/www.lifenatura.com\/es\/wp-json\/wp\/v2\/media?parent=65998"}],"wp:term":[{"taxonomy":"product_brand","embeddable":true,"href":"https:\/\/www.lifenatura.com\/es\/wp-json\/wp\/v2\/product_brand?post=65998"},{"taxonomy":"product_cat","embeddable":true,"href":"https:\/\/www.lifenatura.com\/es\/wp-json\/wp\/v2\/product_cat?post=65998"},{"taxonomy":"product_tag","embeddable":true,"href":"https:\/\/www.lifenatura.com\/es\/wp-json\/wp\/v2\/product_tag?post=65998"}],"curies":[{"name":"wp","href":"https:\/\/api.w.org\/{rel}","templated":true}]}}