{"id":65832,"date":"2023-05-12T11:05:04","date_gmt":"2023-05-12T11:05:04","guid":{"rendered":"https:\/\/www.lifenatura.com\/?post_type=product&#038;p=65832"},"modified":"2026-04-17T02:28:04","modified_gmt":"2026-04-17T02:28:04","slug":"nutriwell-colageno-cuidado-de-la-piel-300g-farmodietica","status":"publish","type":"product","link":"https:\/\/www.lifenatura.com\/es\/produto\/nutriwell-colageno-cuidado-de-la-piel-300g-farmodietica\/","title":{"rendered":"Nutriwell Col\u00e1geno Cuidado de la Piel 300g &#8211; Farmodietica"},"content":{"rendered":"<h2><strong>Nutriwell Collagen Skin Care para mantener la piel, el cabello y las u\u00f1as sanos<\/strong><\/h2>\n<p>&nbsp;<\/p>\n<p>Nutriwell Skin Care es un complemento alimenticio que contiene Col\u00e1geno, \u00c1cido Hialur\u00f3nico, Vitamina C, Resveratrol, Coenzima Q10, A\u00e7a\u00ed y Granada, as\u00ed como Selenio.<\/p>\n<p>Nutriwell Collagen Skin Care de Farmodietica es un suplemento nutricional formulado para promover la salud y la belleza de la piel desde el interior. Con una combinaci\u00f3n de ingredientes cuidadosamente seleccionados, este suplemento proporciona los nutrientes esenciales necesarios para mantener la piel hidratada, firme y radiante.<\/p>\n<p><strong>Los 3 beneficios principales:<\/strong><\/p>\n<ul>\n<li><strong>Hidrataci\u00f3n profunda:<\/strong> Nutriwell Collagen Skin Care contiene col\u00e1geno hidrolizado, una forma de col\u00e1geno que el organismo absorbe f\u00e1cilmente. Este col\u00e1geno ayuda a mantener la piel hidratada, reduciendo la sequedad y mejorando la elasticidad de la piel.<\/li>\n<li><strong>Favorece la firmeza de la piel:<\/strong> El col\u00e1geno tambi\u00e9n desempe\u00f1a un papel importante en el mantenimiento de la firmeza y la elasticidad de la piel. Al aumentar los niveles de col\u00e1geno en la piel, este suplemento ayuda a reducir la aparici\u00f3n de arrugas y l\u00edneas de expresi\u00f3n, dejando la piel con un aspecto m\u00e1s firme y tonificado.<\/li>\n<li><strong>Combate los signos del envejecimiento:<\/strong> Nutriwell Collagen Skin Care est\u00e1 enriquecido con potentes antioxidantes, como las vitaminas C y E, que ayudan a combatir el da\u00f1o causado por los radicales libres y el estr\u00e9s oxidativo. Esto ayuda a prevenir el envejecimiento prematuro de la piel y a mantener un aspecto joven y saludable.<\/li>\n<\/ul>\n<p>El <strong>col\u00e1geno<\/strong> proporciona soporte estructural a los tejidos, contribuyendo a un efecto antienvejecimiento.<\/p>\n<p>Tambi\u00e9n contiene <strong>Vitamina C y Selenio<\/strong>, que contribuyen a la normalidad de la piel y tienen una acci\u00f3n antioxidante.<\/p>\n<p><strong>PRESENTACI\u00d3N<\/strong><\/p>\n<p>300g<\/p>\n<p>&nbsp;<\/p>\n","protected":false},"excerpt":{"rendered":"<p>Nutriwell Skin Care de Farmodi\u00e9tica es un complemento alimenticio que contribuye a una piel normal y tiene acci\u00f3n antioxidante. [&#8230;]<\/p>\n<p><a class=\"btn btn-secondary understrap-read-more-link\" href=\"https:\/\/www.lifenatura.com\/es\/produto\/nutriwell-colageno-cuidado-de-la-piel-300g-farmodietica\/\">Leer m\u00e1s&#8230;<span class=\"screen-reader-text\"> from Nutriwell Col\u00e1geno Cuidado de la Piel 300g &#8211; Farmodietica<\/span><\/a><\/p>\n","protected":false},"featured_media":131433,"template":"","meta":{"_acf_changed":false},"product_brand":[8488],"product_cat":[7239,7179],"product_tag":[8699],"class_list":{"0":"post-65832","1":"product","2":"type-product","3":"status-publish","4":"has-post-thumbnail","6":"product_brand-farmodietica","7":"product_cat-cuidado-de-la-piel","8":"product_cat-salud","9":"product_tag-farmodietica","11":"first","12":"instock","13":"sale","14":"featured","15":"shipping-taxable","16":"purchasable","17":"product-type-simple","18":"add-to-wishlist-before_image"},"acf":[],"yoast_head":"<!-- This site is optimized with the Yoast SEO Premium plugin v27.1 (Yoast SEO v27.5) - https:\/\/yoast.com\/product\/yoast-seo-premium-wordpress\/ -->\n<title>Nutriwell Col\u00e1geno Cuidado de la Piel Farmodietica - Lifenatura<\/title>\n<meta name=\"description\" content=\"Nutriwell Skin Care de Farmodi\u00e9tica es un complemento alimenticio que contribuye a una piel normal y tiene acci\u00f3n antioxidante.\" \/>\n<meta name=\"robots\" content=\"index, follow, max-snippet:-1, max-image-preview:large, max-video-preview:-1\" \/>\n<link rel=\"canonical\" href=\"https:\/\/www.lifenatura.com\/es\/produto\/nutriwell-colageno-cuidado-de-la-piel-300g-farmodietica\/\" \/>\n<meta property=\"og:locale\" content=\"es_ES\" \/>\n<meta property=\"og:type\" content=\"article\" \/>\n<meta property=\"og:title\" content=\"Nutriwell Col\u00e1geno Cuidado de la Piel 300g - Farmodietica - Na Lifenatura ao Melhor Pre\u00e7o | Envio 48h\" \/>\n<meta property=\"og:description\" content=\"Compre Nutriwell Col\u00e1geno Cuidado de la Piel 300g - Farmodietica com envio r\u00e1pido. Entrega em 48h e portes gr\u00e1tis em compras &gt;35\u20ac. Aproveite j\u00e1 na Lifenatura\" \/>\n<meta property=\"og:url\" content=\"https:\/\/www.lifenatura.com\/es\/produto\/nutriwell-colageno-cuidado-de-la-piel-300g-farmodietica\/\" \/>\n<meta property=\"og:site_name\" content=\"Lifenatura\" \/>\n<meta property=\"article:publisher\" content=\"https:\/\/www.facebook.com\/lifenatura\" \/>\n<meta property=\"article:modified_time\" content=\"2026-04-17T02:28:04+00:00\" \/>\n<meta property=\"og:image\" content=\"https:\/\/www.lifenatura.com\/wp-content\/uploads\/2023\/05\/Nutriwell-Colagenio-Skin-Care-300g-\u2013-Farmodietica.jpg\" \/>\n\t<meta property=\"og:image:width\" content=\"1000\" \/>\n\t<meta property=\"og:image:height\" content=\"1000\" \/>\n\t<meta property=\"og:image:type\" content=\"image\/jpeg\" \/>\n<meta name=\"twitter:card\" content=\"summary_large_image\" \/>\n<meta name=\"twitter:label1\" content=\"Precio\" \/>\n\t<meta name=\"twitter:data1\" content=\"27,59&nbsp;&euro;\" \/>\n\t<meta name=\"twitter:label2\" content=\"Disponibilidad\" \/>\n\t<meta name=\"twitter:data2\" content=\"Disponible\" \/>\n<script type=\"application\/ld+json\" class=\"yoast-schema-graph\">{\"@context\":\"https:\\\/\\\/schema.org\",\"@graph\":[{\"@type\":\"WebPage\",\"@id\":\"https:\\\/\\\/www.lifenatura.com\\\/es\\\/produto\\\/nutriwell-colageno-cuidado-de-la-piel-300g-farmodietica\\\/\",\"url\":\"https:\\\/\\\/www.lifenatura.com\\\/es\\\/produto\\\/nutriwell-colageno-cuidado-de-la-piel-300g-farmodietica\\\/\",\"name\":\"Nutriwell Col\u00e1geno Cuidado de la Piel Farmodietica - Lifenatura\",\"isPartOf\":{\"@id\":\"https:\\\/\\\/www.lifenatura.com\\\/es\\\/#website\"},\"primaryImageOfPage\":{\"@id\":\"https:\\\/\\\/www.lifenatura.com\\\/es\\\/produto\\\/nutriwell-colageno-cuidado-de-la-piel-300g-farmodietica\\\/#primaryimage\"},\"image\":{\"@id\":\"https:\\\/\\\/www.lifenatura.com\\\/es\\\/produto\\\/nutriwell-colageno-cuidado-de-la-piel-300g-farmodietica\\\/#primaryimage\"},\"thumbnailUrl\":\"https:\\\/\\\/www.lifenatura.com\\\/wp-content\\\/uploads\\\/2026\\\/03\\\/nutriwell-skin-care.png\",\"datePublished\":\"2023-05-12T11:05:04+00:00\",\"dateModified\":\"2026-04-17T02:28:04+00:00\",\"description\":\"Nutriwell Skin Care de Farmodi\u00e9tica es un complemento alimenticio que contribuye a una piel normal y tiene acci\u00f3n antioxidante.\",\"breadcrumb\":{\"@id\":\"https:\\\/\\\/www.lifenatura.com\\\/es\\\/produto\\\/nutriwell-colageno-cuidado-de-la-piel-300g-farmodietica\\\/#breadcrumb\"},\"inLanguage\":\"es\",\"potentialAction\":[{\"@type\":\"ReadAction\",\"target\":[\"https:\\\/\\\/www.lifenatura.com\\\/es\\\/produto\\\/nutriwell-colageno-cuidado-de-la-piel-300g-farmodietica\\\/\"]}]},{\"@type\":\"ImageObject\",\"inLanguage\":\"es\",\"@id\":\"https:\\\/\\\/www.lifenatura.com\\\/es\\\/produto\\\/nutriwell-colageno-cuidado-de-la-piel-300g-farmodietica\\\/#primaryimage\",\"url\":\"https:\\\/\\\/www.lifenatura.com\\\/wp-content\\\/uploads\\\/2026\\\/03\\\/nutriwell-skin-care.png\",\"contentUrl\":\"https:\\\/\\\/www.lifenatura.com\\\/wp-content\\\/uploads\\\/2026\\\/03\\\/nutriwell-skin-care.png\",\"width\":800,\"height\":800},{\"@type\":\"BreadcrumbList\",\"@id\":\"https:\\\/\\\/www.lifenatura.com\\\/es\\\/produto\\\/nutriwell-colageno-cuidado-de-la-piel-300g-farmodietica\\\/#breadcrumb\",\"itemListElement\":[{\"@type\":\"ListItem\",\"position\":1,\"name\":\"In\u00edcio\",\"item\":\"https:\\\/\\\/www.lifenatura.com\\\/es\\\/\"},{\"@type\":\"ListItem\",\"position\":2,\"name\":\"Todos los Productos\",\"item\":\"https:\\\/\\\/www.lifenatura.com\\\/es\\\/tienda\\\/\"},{\"@type\":\"ListItem\",\"position\":3,\"name\":\"Nutriwell Col\u00e1geno Cuidado de la Piel 300g &#8211; Farmodietica\"}]},{\"@type\":\"WebSite\",\"@id\":\"https:\\\/\\\/www.lifenatura.com\\\/es\\\/#website\",\"url\":\"https:\\\/\\\/www.lifenatura.com\\\/es\\\/\",\"name\":\"Lifenatura\",\"description\":\"A Lifenatura \u00e9 uma loja de produtos naturais, cosm\u00e9tica natural e alimenta\u00e7\u00e3o Biol\u00f3gica.\",\"publisher\":{\"@id\":\"https:\\\/\\\/www.lifenatura.com\\\/es\\\/#organization\"},\"potentialAction\":[{\"@type\":\"SearchAction\",\"target\":{\"@type\":\"EntryPoint\",\"urlTemplate\":\"https:\\\/\\\/www.lifenatura.com\\\/es\\\/?s={search_term_string}\"},\"query-input\":{\"@type\":\"PropertyValueSpecification\",\"valueRequired\":true,\"valueName\":\"search_term_string\"}}],\"inLanguage\":\"es\"},{\"@type\":\"Organization\",\"@id\":\"https:\\\/\\\/www.lifenatura.com\\\/es\\\/#organization\",\"name\":\"Lifenatura\",\"url\":\"https:\\\/\\\/www.lifenatura.com\\\/es\\\/\",\"logo\":{\"@type\":\"ImageObject\",\"inLanguage\":\"es\",\"@id\":\"https:\\\/\\\/www.lifenatura.com\\\/es\\\/#\\\/schema\\\/logo\\\/image\\\/\",\"url\":\"https:\\\/\\\/www.lifenatura.com\\\/wp-content\\\/uploads\\\/2021\\\/07\\\/logo.png\",\"contentUrl\":\"https:\\\/\\\/www.lifenatura.com\\\/wp-content\\\/uploads\\\/2021\\\/07\\\/logo.png\",\"width\":175,\"height\":55,\"caption\":\"Lifenatura\"},\"image\":{\"@id\":\"https:\\\/\\\/www.lifenatura.com\\\/es\\\/#\\\/schema\\\/logo\\\/image\\\/\"},\"sameAs\":[\"https:\\\/\\\/www.facebook.com\\\/lifenatura\",\"https:\\\/\\\/www.instagram.com\\\/lifenaturapt\\\/\"],\"hasMerchantReturnPolicy\":{\"@type\":\"MerchantReturnPolicy\",\"merchantReturnLink\":\"https:\\\/\\\/www.lifenatura.com\\\/termos-condicoes-lifenatura\\\/\"}}]}<\/script>\n<meta property=\"product:price:amount\" content=\"27.59\" \/>\n<meta property=\"product:price:currency\" content=\"EUR\" \/>\n<meta property=\"og:availability\" content=\"instock\" \/>\n<meta property=\"product:availability\" content=\"instock\" \/>\n<meta property=\"product:retailer_item_id\" content=\"5601653017978\" \/>\n<meta property=\"product:condition\" content=\"new\" \/>\n<!-- \/ Yoast SEO Premium plugin. -->","yoast_head_json":{"title":"Nutriwell Col\u00e1geno Cuidado de la Piel Farmodietica - Lifenatura","description":"Nutriwell Skin Care de Farmodi\u00e9tica es un complemento alimenticio que contribuye a una piel normal y tiene acci\u00f3n antioxidante.","robots":{"index":"index","follow":"follow","max-snippet":"max-snippet:-1","max-image-preview":"max-image-preview:large","max-video-preview":"max-video-preview:-1"},"canonical":"https:\/\/www.lifenatura.com\/es\/produto\/nutriwell-colageno-cuidado-de-la-piel-300g-farmodietica\/","og_locale":"es_ES","og_type":"article","og_title":"Nutriwell Col\u00e1geno Cuidado de la Piel 300g - Farmodietica - Na Lifenatura ao Melhor Pre\u00e7o | Envio 48h","og_description":"Compre Nutriwell Col\u00e1geno Cuidado de la Piel 300g - Farmodietica com envio r\u00e1pido. Entrega em 48h e portes gr\u00e1tis em compras >35\u20ac. Aproveite j\u00e1 na Lifenatura","og_url":"https:\/\/www.lifenatura.com\/es\/produto\/nutriwell-colageno-cuidado-de-la-piel-300g-farmodietica\/","og_site_name":"Lifenatura","article_publisher":"https:\/\/www.facebook.com\/lifenatura","article_modified_time":"2026-04-17T02:28:04+00:00","og_image":[{"width":1000,"height":1000,"url":"https:\/\/www.lifenatura.com\/wp-content\/uploads\/2023\/05\/Nutriwell-Colagenio-Skin-Care-300g-\u2013-Farmodietica.jpg","type":"image\/jpeg"}],"twitter_card":"summary_large_image","twitter_misc":{"Precio":"27,59&nbsp;&euro;","Disponibilidad":"Disponible"},"schema":{"@context":"https:\/\/schema.org","@graph":[{"@type":"WebPage","@id":"https:\/\/www.lifenatura.com\/es\/produto\/nutriwell-colageno-cuidado-de-la-piel-300g-farmodietica\/","url":"https:\/\/www.lifenatura.com\/es\/produto\/nutriwell-colageno-cuidado-de-la-piel-300g-farmodietica\/","name":"Nutriwell Col\u00e1geno Cuidado de la Piel Farmodietica - Lifenatura","isPartOf":{"@id":"https:\/\/www.lifenatura.com\/es\/#website"},"primaryImageOfPage":{"@id":"https:\/\/www.lifenatura.com\/es\/produto\/nutriwell-colageno-cuidado-de-la-piel-300g-farmodietica\/#primaryimage"},"image":{"@id":"https:\/\/www.lifenatura.com\/es\/produto\/nutriwell-colageno-cuidado-de-la-piel-300g-farmodietica\/#primaryimage"},"thumbnailUrl":"https:\/\/www.lifenatura.com\/wp-content\/uploads\/2026\/03\/nutriwell-skin-care.png","datePublished":"2023-05-12T11:05:04+00:00","dateModified":"2026-04-17T02:28:04+00:00","description":"Nutriwell Skin Care de Farmodi\u00e9tica es un complemento alimenticio que contribuye a una piel normal y tiene acci\u00f3n antioxidante.","breadcrumb":{"@id":"https:\/\/www.lifenatura.com\/es\/produto\/nutriwell-colageno-cuidado-de-la-piel-300g-farmodietica\/#breadcrumb"},"inLanguage":"es","potentialAction":[{"@type":"ReadAction","target":["https:\/\/www.lifenatura.com\/es\/produto\/nutriwell-colageno-cuidado-de-la-piel-300g-farmodietica\/"]}]},{"@type":"ImageObject","inLanguage":"es","@id":"https:\/\/www.lifenatura.com\/es\/produto\/nutriwell-colageno-cuidado-de-la-piel-300g-farmodietica\/#primaryimage","url":"https:\/\/www.lifenatura.com\/wp-content\/uploads\/2026\/03\/nutriwell-skin-care.png","contentUrl":"https:\/\/www.lifenatura.com\/wp-content\/uploads\/2026\/03\/nutriwell-skin-care.png","width":800,"height":800},{"@type":"BreadcrumbList","@id":"https:\/\/www.lifenatura.com\/es\/produto\/nutriwell-colageno-cuidado-de-la-piel-300g-farmodietica\/#breadcrumb","itemListElement":[{"@type":"ListItem","position":1,"name":"In\u00edcio","item":"https:\/\/www.lifenatura.com\/es\/"},{"@type":"ListItem","position":2,"name":"Todos los Productos","item":"https:\/\/www.lifenatura.com\/es\/tienda\/"},{"@type":"ListItem","position":3,"name":"Nutriwell Col\u00e1geno Cuidado de la Piel 300g &#8211; Farmodietica"}]},{"@type":"WebSite","@id":"https:\/\/www.lifenatura.com\/es\/#website","url":"https:\/\/www.lifenatura.com\/es\/","name":"Lifenatura","description":"A Lifenatura \u00e9 uma loja de produtos naturais, cosm\u00e9tica natural e alimenta\u00e7\u00e3o Biol\u00f3gica.","publisher":{"@id":"https:\/\/www.lifenatura.com\/es\/#organization"},"potentialAction":[{"@type":"SearchAction","target":{"@type":"EntryPoint","urlTemplate":"https:\/\/www.lifenatura.com\/es\/?s={search_term_string}"},"query-input":{"@type":"PropertyValueSpecification","valueRequired":true,"valueName":"search_term_string"}}],"inLanguage":"es"},{"@type":"Organization","@id":"https:\/\/www.lifenatura.com\/es\/#organization","name":"Lifenatura","url":"https:\/\/www.lifenatura.com\/es\/","logo":{"@type":"ImageObject","inLanguage":"es","@id":"https:\/\/www.lifenatura.com\/es\/#\/schema\/logo\/image\/","url":"https:\/\/www.lifenatura.com\/wp-content\/uploads\/2021\/07\/logo.png","contentUrl":"https:\/\/www.lifenatura.com\/wp-content\/uploads\/2021\/07\/logo.png","width":175,"height":55,"caption":"Lifenatura"},"image":{"@id":"https:\/\/www.lifenatura.com\/es\/#\/schema\/logo\/image\/"},"sameAs":["https:\/\/www.facebook.com\/lifenatura","https:\/\/www.instagram.com\/lifenaturapt\/"],"hasMerchantReturnPolicy":{"@type":"MerchantReturnPolicy","merchantReturnLink":"https:\/\/www.lifenatura.com\/termos-condicoes-lifenatura\/"}}]},"product_price_amount":"27.59","product_price_currency":"EUR","og_availability":"instock","product_availability":"instock","product_retailer_item_id":"5601653017978","product_condition":"new"},"df_price":27.59,"df_sale_price":27.59,"df_regular_price":50.17,"df_image_link":"https:\/\/www.lifenatura.com\/wp-content\/uploads\/2026\/03\/nutriwell-skin-care-300x300.png","_links":{"self":[{"href":"https:\/\/www.lifenatura.com\/es\/wp-json\/wp\/v2\/product\/65832","targetHints":{"allow":["GET"]}}],"collection":[{"href":"https:\/\/www.lifenatura.com\/es\/wp-json\/wp\/v2\/product"}],"about":[{"href":"https:\/\/www.lifenatura.com\/es\/wp-json\/wp\/v2\/types\/product"}],"wp:featuredmedia":[{"embeddable":true,"href":"https:\/\/www.lifenatura.com\/es\/wp-json\/wp\/v2\/media\/131433"}],"wp:attachment":[{"href":"https:\/\/www.lifenatura.com\/es\/wp-json\/wp\/v2\/media?parent=65832"}],"wp:term":[{"taxonomy":"product_brand","embeddable":true,"href":"https:\/\/www.lifenatura.com\/es\/wp-json\/wp\/v2\/product_brand?post=65832"},{"taxonomy":"product_cat","embeddable":true,"href":"https:\/\/www.lifenatura.com\/es\/wp-json\/wp\/v2\/product_cat?post=65832"},{"taxonomy":"product_tag","embeddable":true,"href":"https:\/\/www.lifenatura.com\/es\/wp-json\/wp\/v2\/product_tag?post=65832"}],"curies":[{"name":"wp","href":"https:\/\/api.w.org\/{rel}","templated":true}]}}