{"id":65826,"date":"2023-05-12T10:36:58","date_gmt":"2023-05-12T10:36:58","guid":{"rendered":"https:\/\/www.lifenatura.com\/?post_type=product&#038;p=65826"},"modified":"2026-04-17T02:28:04","modified_gmt":"2026-04-17T02:28:04","slug":"nutrigummies-sleep-60-gummies-farmodietica","status":"publish","type":"product","link":"https:\/\/www.lifenatura.com\/es\/produto\/nutrigummies-sleep-60-gummies-farmodietica\/","title":{"rendered":"Nutrigummies Sleep 60 gummies &#8211; Farmodi\u00e9tica"},"content":{"rendered":"<h2><strong>Nutrigummies Sue\u00f1o indicado para mejorar la calidad del sue\u00f1o<\/strong><\/h2>\n<p>&nbsp;<\/p>\n<p>Nutrigummies Sue\u00f1o es un complemento alimenticio en gominolas a base de Melatonina, cuya funci\u00f3n principal es ayudar a reducir el tiempo que se tarda en conciliar el sue\u00f1o.<\/p>\n<p>Su f\u00f3rmula tambi\u00e9n contiene plantas como la Pasiflora y la Manzanilla, utilizadas tradicionalmente en casos de ansiedad. Tambi\u00e9n contiene Vitamina B6, que contribuye al funcionamiento normal del sistema nervioso y a la funci\u00f3n psicol\u00f3gica normal.<\/p>\n<p>Es un delicioso suplemento en forma de gominola, dise\u00f1ado para favorecer un sue\u00f1o reparador y revitalizante.<\/p>\n<p><strong>Los 3 beneficios principales:<\/strong><\/p>\n<ul>\n<li><strong>Promueve un sue\u00f1o repar<\/strong> ador: Nutrigummies Sue\u00f1o est\u00e1 enriquecido con extractos de plantas como la manzanilla y la valeriana, conocidas por sus propiedades calmantes y relajantes, que ayudan a inducir un estado de tranquilidad y a preparar el cuerpo y la mente para el sue\u00f1o.<\/li>\n<li><strong>Reduce la ansiedad y el estr\u00e9s:<\/strong> La f\u00f3rmula tambi\u00e9n incluye L-tript\u00f3fano, un amino\u00e1cido precursor de la serotonina, que desempe\u00f1a un papel crucial en la regulaci\u00f3n del estado de \u00e1nimo y el sue\u00f1o. El L-tript\u00f3fano ayuda a reducir la ansiedad y el estr\u00e9s, promoviendo un estado de calma y relajaci\u00f3n que facilita la conciliaci\u00f3n del sue\u00f1o.<\/li>\n<li><strong>Mejora la calidad del sue\u00f1o:<\/strong> Adem\u00e1s de ayudarle a conciliar el sue\u00f1o m\u00e1s f\u00e1cilmente, Nutrigummies Sleep tambi\u00e9n contribuye a mejorar la calidad del sue\u00f1o. Con una combinaci\u00f3n de ingredientes que favorecen un sue\u00f1o profundo y reparador, estas gominolas ayudan a reducir los despertares nocturnos y promueven un sue\u00f1o m\u00e1s reparador.<\/li>\n<\/ul>\n<p><strong>PRESENTACI\u00d3N<\/strong><\/p>\n<p>60 gominolas<\/p>\n<p>&nbsp;<\/p>\n","protected":false},"excerpt":{"rendered":"<p>Nutrigummies Sleep es un suplemento cuya funci\u00f3n principal es ayudar a reducir el tiempo que se tarda en conciliar el sue\u00f1o. [&#8230;]<\/p>\n<p><a class=\"btn btn-secondary understrap-read-more-link\" href=\"https:\/\/www.lifenatura.com\/es\/produto\/nutrigummies-sleep-60-gummies-farmodietica\/\">Leer m\u00e1s&#8230;<span class=\"screen-reader-text\"> from Nutrigummies Sleep 60 gummies &#8211; Farmodi\u00e9tica<\/span><\/a><\/p>\n","protected":false},"featured_media":131441,"template":"","meta":{"_acf_changed":false},"product_brand":[8488],"product_cat":[7214,7659,8060,7179],"product_tag":[8699],"class_list":{"0":"post-65826","1":"product","2":"type-product","3":"status-publish","4":"has-post-thumbnail","6":"product_brand-farmodietica","7":"product_cat-para-dormir","8":"product_cat-ingrediente-natural-bio","9":"product_cat-melatonina-es","10":"product_cat-salud","11":"product_tag-farmodietica","13":"first","14":"instock","15":"sale","16":"featured","17":"shipping-taxable","18":"purchasable","19":"product-type-simple","20":"add-to-wishlist-before_image"},"acf":[],"yoast_head":"<!-- This site is optimized with the Yoast SEO Premium plugin v27.1 (Yoast SEO v27.5) - https:\/\/yoast.com\/product\/yoast-seo-premium-wordpress\/ -->\n<title>Nutrigummies Sleep 60 gummies - Farmodi\u00e9tica - Na Lifenatura ao Melhor Pre\u00e7o | Envio em 48h<\/title>\n<meta name=\"description\" content=\"Nutrigummies Sleep es un suplemento cuya funci\u00f3n principal es ayudar a reducir el tiempo que se tarda en conciliar el sue\u00f1o.\" \/>\n<meta name=\"robots\" content=\"index, follow, max-snippet:-1, max-image-preview:large, max-video-preview:-1\" \/>\n<link rel=\"canonical\" href=\"https:\/\/www.lifenatura.com\/es\/produto\/nutrigummies-sleep-60-gummies-farmodietica\/\" \/>\n<meta property=\"og:locale\" content=\"es_ES\" \/>\n<meta property=\"og:type\" content=\"article\" \/>\n<meta property=\"og:title\" content=\"Nutrigummies Sleep 60 gummies - Farmodi\u00e9tica - Na Lifenatura ao Melhor Pre\u00e7o | Envio 48h\" \/>\n<meta property=\"og:description\" content=\"Compre Nutrigummies Sleep 60 gummies - Farmodi\u00e9tica com envio r\u00e1pido. Entrega em 48h e portes gr\u00e1tis em compras &gt;35\u20ac. Aproveite j\u00e1 na Lifenatura\" \/>\n<meta property=\"og:url\" content=\"https:\/\/www.lifenatura.com\/es\/produto\/nutrigummies-sleep-60-gummies-farmodietica\/\" \/>\n<meta property=\"og:site_name\" content=\"Lifenatura\" \/>\n<meta property=\"article:publisher\" content=\"https:\/\/www.facebook.com\/lifenatura\" \/>\n<meta property=\"article:modified_time\" content=\"2026-04-17T02:28:04+00:00\" \/>\n<meta property=\"og:image\" content=\"https:\/\/www.lifenatura.com\/wp-content\/uploads\/2023\/05\/nutrigummies-sleep-60-farmodietica.jpg\" \/>\n\t<meta property=\"og:image:width\" content=\"1000\" \/>\n\t<meta property=\"og:image:height\" content=\"1000\" \/>\n\t<meta property=\"og:image:type\" content=\"image\/jpeg\" \/>\n<meta name=\"twitter:card\" content=\"summary_large_image\" \/>\n<meta name=\"twitter:label1\" content=\"Precio\" \/>\n\t<meta name=\"twitter:data1\" content=\"15,60&nbsp;&euro;\" \/>\n\t<meta name=\"twitter:label2\" content=\"Disponibilidad\" \/>\n\t<meta name=\"twitter:data2\" content=\"Disponible\" \/>\n<script type=\"application\/ld+json\" class=\"yoast-schema-graph\">{\"@context\":\"https:\\\/\\\/schema.org\",\"@graph\":[{\"@type\":\"WebPage\",\"@id\":\"https:\\\/\\\/www.lifenatura.com\\\/es\\\/produto\\\/nutrigummies-sleep-60-gummies-farmodietica\\\/\",\"url\":\"https:\\\/\\\/www.lifenatura.com\\\/es\\\/produto\\\/nutrigummies-sleep-60-gummies-farmodietica\\\/\",\"name\":\"Nutrigummies Sleep 60 gummies - Farmodi\u00e9tica - Na Lifenatura ao Melhor Pre\u00e7o | Envio em 48h\",\"isPartOf\":{\"@id\":\"https:\\\/\\\/www.lifenatura.com\\\/es\\\/#website\"},\"primaryImageOfPage\":{\"@id\":\"https:\\\/\\\/www.lifenatura.com\\\/es\\\/produto\\\/nutrigummies-sleep-60-gummies-farmodietica\\\/#primaryimage\"},\"image\":{\"@id\":\"https:\\\/\\\/www.lifenatura.com\\\/es\\\/produto\\\/nutrigummies-sleep-60-gummies-farmodietica\\\/#primaryimage\"},\"thumbnailUrl\":\"https:\\\/\\\/www.lifenatura.com\\\/wp-content\\\/uploads\\\/2026\\\/03\\\/nutriwell-nutrigummies-sleep.png\",\"datePublished\":\"2023-05-12T10:36:58+00:00\",\"dateModified\":\"2026-04-17T02:28:04+00:00\",\"description\":\"Nutrigummies Sleep es un suplemento cuya funci\u00f3n principal es ayudar a reducir el tiempo que se tarda en conciliar el sue\u00f1o.\",\"breadcrumb\":{\"@id\":\"https:\\\/\\\/www.lifenatura.com\\\/es\\\/produto\\\/nutrigummies-sleep-60-gummies-farmodietica\\\/#breadcrumb\"},\"inLanguage\":\"es\",\"potentialAction\":[{\"@type\":\"ReadAction\",\"target\":[\"https:\\\/\\\/www.lifenatura.com\\\/es\\\/produto\\\/nutrigummies-sleep-60-gummies-farmodietica\\\/\"]}]},{\"@type\":\"ImageObject\",\"inLanguage\":\"es\",\"@id\":\"https:\\\/\\\/www.lifenatura.com\\\/es\\\/produto\\\/nutrigummies-sleep-60-gummies-farmodietica\\\/#primaryimage\",\"url\":\"https:\\\/\\\/www.lifenatura.com\\\/wp-content\\\/uploads\\\/2026\\\/03\\\/nutriwell-nutrigummies-sleep.png\",\"contentUrl\":\"https:\\\/\\\/www.lifenatura.com\\\/wp-content\\\/uploads\\\/2026\\\/03\\\/nutriwell-nutrigummies-sleep.png\",\"width\":800,\"height\":800},{\"@type\":\"BreadcrumbList\",\"@id\":\"https:\\\/\\\/www.lifenatura.com\\\/es\\\/produto\\\/nutrigummies-sleep-60-gummies-farmodietica\\\/#breadcrumb\",\"itemListElement\":[{\"@type\":\"ListItem\",\"position\":1,\"name\":\"In\u00edcio\",\"item\":\"https:\\\/\\\/www.lifenatura.com\\\/es\\\/\"},{\"@type\":\"ListItem\",\"position\":2,\"name\":\"Todos los Productos\",\"item\":\"https:\\\/\\\/www.lifenatura.com\\\/es\\\/tienda\\\/\"},{\"@type\":\"ListItem\",\"position\":3,\"name\":\"Nutrigummies Sleep 60 gummies &#8211; Farmodi\u00e9tica\"}]},{\"@type\":\"WebSite\",\"@id\":\"https:\\\/\\\/www.lifenatura.com\\\/es\\\/#website\",\"url\":\"https:\\\/\\\/www.lifenatura.com\\\/es\\\/\",\"name\":\"Lifenatura\",\"description\":\"A Lifenatura \u00e9 uma loja de produtos naturais, cosm\u00e9tica natural e alimenta\u00e7\u00e3o Biol\u00f3gica.\",\"publisher\":{\"@id\":\"https:\\\/\\\/www.lifenatura.com\\\/es\\\/#organization\"},\"potentialAction\":[{\"@type\":\"SearchAction\",\"target\":{\"@type\":\"EntryPoint\",\"urlTemplate\":\"https:\\\/\\\/www.lifenatura.com\\\/es\\\/?s={search_term_string}\"},\"query-input\":{\"@type\":\"PropertyValueSpecification\",\"valueRequired\":true,\"valueName\":\"search_term_string\"}}],\"inLanguage\":\"es\"},{\"@type\":\"Organization\",\"@id\":\"https:\\\/\\\/www.lifenatura.com\\\/es\\\/#organization\",\"name\":\"Lifenatura\",\"url\":\"https:\\\/\\\/www.lifenatura.com\\\/es\\\/\",\"logo\":{\"@type\":\"ImageObject\",\"inLanguage\":\"es\",\"@id\":\"https:\\\/\\\/www.lifenatura.com\\\/es\\\/#\\\/schema\\\/logo\\\/image\\\/\",\"url\":\"https:\\\/\\\/www.lifenatura.com\\\/wp-content\\\/uploads\\\/2021\\\/07\\\/logo.png\",\"contentUrl\":\"https:\\\/\\\/www.lifenatura.com\\\/wp-content\\\/uploads\\\/2021\\\/07\\\/logo.png\",\"width\":175,\"height\":55,\"caption\":\"Lifenatura\"},\"image\":{\"@id\":\"https:\\\/\\\/www.lifenatura.com\\\/es\\\/#\\\/schema\\\/logo\\\/image\\\/\"},\"sameAs\":[\"https:\\\/\\\/www.facebook.com\\\/lifenatura\",\"https:\\\/\\\/www.instagram.com\\\/lifenaturapt\\\/\"],\"hasMerchantReturnPolicy\":{\"@type\":\"MerchantReturnPolicy\",\"merchantReturnLink\":\"https:\\\/\\\/www.lifenatura.com\\\/termos-condicoes-lifenatura\\\/\"}}]}<\/script>\n<meta property=\"product:price:amount\" content=\"15.60\" \/>\n<meta property=\"product:price:currency\" content=\"EUR\" \/>\n<meta property=\"og:availability\" content=\"instock\" \/>\n<meta property=\"product:availability\" content=\"instock\" \/>\n<meta property=\"product:retailer_item_id\" content=\"5601653018401\" \/>\n<meta property=\"product:condition\" content=\"new\" \/>\n<!-- \/ Yoast SEO Premium plugin. -->","yoast_head_json":{"title":"Nutrigummies Sleep 60 gummies - Farmodi\u00e9tica - Na Lifenatura ao Melhor Pre\u00e7o | Envio em 48h","description":"Nutrigummies Sleep es un suplemento cuya funci\u00f3n principal es ayudar a reducir el tiempo que se tarda en conciliar el sue\u00f1o.","robots":{"index":"index","follow":"follow","max-snippet":"max-snippet:-1","max-image-preview":"max-image-preview:large","max-video-preview":"max-video-preview:-1"},"canonical":"https:\/\/www.lifenatura.com\/es\/produto\/nutrigummies-sleep-60-gummies-farmodietica\/","og_locale":"es_ES","og_type":"article","og_title":"Nutrigummies Sleep 60 gummies - Farmodi\u00e9tica - Na Lifenatura ao Melhor Pre\u00e7o | Envio 48h","og_description":"Compre Nutrigummies Sleep 60 gummies - Farmodi\u00e9tica com envio r\u00e1pido. Entrega em 48h e portes gr\u00e1tis em compras >35\u20ac. Aproveite j\u00e1 na Lifenatura","og_url":"https:\/\/www.lifenatura.com\/es\/produto\/nutrigummies-sleep-60-gummies-farmodietica\/","og_site_name":"Lifenatura","article_publisher":"https:\/\/www.facebook.com\/lifenatura","article_modified_time":"2026-04-17T02:28:04+00:00","og_image":[{"width":1000,"height":1000,"url":"https:\/\/www.lifenatura.com\/wp-content\/uploads\/2023\/05\/nutrigummies-sleep-60-farmodietica.jpg","type":"image\/jpeg"}],"twitter_card":"summary_large_image","twitter_misc":{"Precio":"15,60&nbsp;&euro;","Disponibilidad":"Disponible"},"schema":{"@context":"https:\/\/schema.org","@graph":[{"@type":"WebPage","@id":"https:\/\/www.lifenatura.com\/es\/produto\/nutrigummies-sleep-60-gummies-farmodietica\/","url":"https:\/\/www.lifenatura.com\/es\/produto\/nutrigummies-sleep-60-gummies-farmodietica\/","name":"Nutrigummies Sleep 60 gummies - Farmodi\u00e9tica - Na Lifenatura ao Melhor Pre\u00e7o | Envio em 48h","isPartOf":{"@id":"https:\/\/www.lifenatura.com\/es\/#website"},"primaryImageOfPage":{"@id":"https:\/\/www.lifenatura.com\/es\/produto\/nutrigummies-sleep-60-gummies-farmodietica\/#primaryimage"},"image":{"@id":"https:\/\/www.lifenatura.com\/es\/produto\/nutrigummies-sleep-60-gummies-farmodietica\/#primaryimage"},"thumbnailUrl":"https:\/\/www.lifenatura.com\/wp-content\/uploads\/2026\/03\/nutriwell-nutrigummies-sleep.png","datePublished":"2023-05-12T10:36:58+00:00","dateModified":"2026-04-17T02:28:04+00:00","description":"Nutrigummies Sleep es un suplemento cuya funci\u00f3n principal es ayudar a reducir el tiempo que se tarda en conciliar el sue\u00f1o.","breadcrumb":{"@id":"https:\/\/www.lifenatura.com\/es\/produto\/nutrigummies-sleep-60-gummies-farmodietica\/#breadcrumb"},"inLanguage":"es","potentialAction":[{"@type":"ReadAction","target":["https:\/\/www.lifenatura.com\/es\/produto\/nutrigummies-sleep-60-gummies-farmodietica\/"]}]},{"@type":"ImageObject","inLanguage":"es","@id":"https:\/\/www.lifenatura.com\/es\/produto\/nutrigummies-sleep-60-gummies-farmodietica\/#primaryimage","url":"https:\/\/www.lifenatura.com\/wp-content\/uploads\/2026\/03\/nutriwell-nutrigummies-sleep.png","contentUrl":"https:\/\/www.lifenatura.com\/wp-content\/uploads\/2026\/03\/nutriwell-nutrigummies-sleep.png","width":800,"height":800},{"@type":"BreadcrumbList","@id":"https:\/\/www.lifenatura.com\/es\/produto\/nutrigummies-sleep-60-gummies-farmodietica\/#breadcrumb","itemListElement":[{"@type":"ListItem","position":1,"name":"In\u00edcio","item":"https:\/\/www.lifenatura.com\/es\/"},{"@type":"ListItem","position":2,"name":"Todos los Productos","item":"https:\/\/www.lifenatura.com\/es\/tienda\/"},{"@type":"ListItem","position":3,"name":"Nutrigummies Sleep 60 gummies &#8211; Farmodi\u00e9tica"}]},{"@type":"WebSite","@id":"https:\/\/www.lifenatura.com\/es\/#website","url":"https:\/\/www.lifenatura.com\/es\/","name":"Lifenatura","description":"A Lifenatura \u00e9 uma loja de produtos naturais, cosm\u00e9tica natural e alimenta\u00e7\u00e3o Biol\u00f3gica.","publisher":{"@id":"https:\/\/www.lifenatura.com\/es\/#organization"},"potentialAction":[{"@type":"SearchAction","target":{"@type":"EntryPoint","urlTemplate":"https:\/\/www.lifenatura.com\/es\/?s={search_term_string}"},"query-input":{"@type":"PropertyValueSpecification","valueRequired":true,"valueName":"search_term_string"}}],"inLanguage":"es"},{"@type":"Organization","@id":"https:\/\/www.lifenatura.com\/es\/#organization","name":"Lifenatura","url":"https:\/\/www.lifenatura.com\/es\/","logo":{"@type":"ImageObject","inLanguage":"es","@id":"https:\/\/www.lifenatura.com\/es\/#\/schema\/logo\/image\/","url":"https:\/\/www.lifenatura.com\/wp-content\/uploads\/2021\/07\/logo.png","contentUrl":"https:\/\/www.lifenatura.com\/wp-content\/uploads\/2021\/07\/logo.png","width":175,"height":55,"caption":"Lifenatura"},"image":{"@id":"https:\/\/www.lifenatura.com\/es\/#\/schema\/logo\/image\/"},"sameAs":["https:\/\/www.facebook.com\/lifenatura","https:\/\/www.instagram.com\/lifenaturapt\/"],"hasMerchantReturnPolicy":{"@type":"MerchantReturnPolicy","merchantReturnLink":"https:\/\/www.lifenatura.com\/termos-condicoes-lifenatura\/"}}]},"product_price_amount":"15.60","product_price_currency":"EUR","og_availability":"instock","product_availability":"instock","product_retailer_item_id":"5601653018401","product_condition":"new"},"df_price":15.6,"df_sale_price":15.6,"df_regular_price":28.37,"df_image_link":"https:\/\/www.lifenatura.com\/wp-content\/uploads\/2026\/03\/nutriwell-nutrigummies-sleep-300x300.png","_links":{"self":[{"href":"https:\/\/www.lifenatura.com\/es\/wp-json\/wp\/v2\/product\/65826","targetHints":{"allow":["GET"]}}],"collection":[{"href":"https:\/\/www.lifenatura.com\/es\/wp-json\/wp\/v2\/product"}],"about":[{"href":"https:\/\/www.lifenatura.com\/es\/wp-json\/wp\/v2\/types\/product"}],"wp:featuredmedia":[{"embeddable":true,"href":"https:\/\/www.lifenatura.com\/es\/wp-json\/wp\/v2\/media\/131441"}],"wp:attachment":[{"href":"https:\/\/www.lifenatura.com\/es\/wp-json\/wp\/v2\/media?parent=65826"}],"wp:term":[{"taxonomy":"product_brand","embeddable":true,"href":"https:\/\/www.lifenatura.com\/es\/wp-json\/wp\/v2\/product_brand?post=65826"},{"taxonomy":"product_cat","embeddable":true,"href":"https:\/\/www.lifenatura.com\/es\/wp-json\/wp\/v2\/product_cat?post=65826"},{"taxonomy":"product_tag","embeddable":true,"href":"https:\/\/www.lifenatura.com\/es\/wp-json\/wp\/v2\/product_tag?post=65826"}],"curies":[{"name":"wp","href":"https:\/\/api.w.org\/{rel}","templated":true}]}}