{"id":65752,"date":"2023-05-11T08:23:35","date_gmt":"2023-05-11T08:23:35","guid":{"rendered":"https:\/\/www.lifenatura.com\/?post_type=product&#038;p=65752"},"modified":"2023-05-11T08:54:24","modified_gmt":"2023-05-11T08:54:24","slug":"balsamo-de-caballo-efecto-caliente-250-ml-dr-muller-pharma","status":"publish","type":"product","link":"https:\/\/www.lifenatura.com\/es\/produto\/balsamo-de-caballo-efecto-caliente-250-ml-dr-muller-pharma\/","title":{"rendered":"B\u00e1lsamo de Caballo Efecto Caliente 250 ml &#8211; Dr. M\u00fcller Pharma"},"content":{"rendered":"<h2 style=\"text-align: left\"><strong>B\u00e1lsamo de caballo para la tensi\u00f3n muscular o articular<\/strong><\/h2>\n<p>&nbsp;<\/p>\n<p>Los b\u00e1lsamos de caballo est\u00e1n compuestos por una combinaci\u00f3n de extractos de hierbas y aceites esenciales que aumentan la circulaci\u00f3n sangu\u00ednea.<\/p>\n<p>Los b\u00e1lsamos son convenientes para masajear m\u00fasculos, articulaciones y tendones cansados y doloridos. Tambi\u00e9n pueden utilizarse regularmente para problemas reum\u00e1ticos.<\/p>\n<p>B\u00e1lsamo de caballo para el alivio muscular, efecto calor, con valiosos extractos vegetales (semillas de casta\u00f1o de Indias, hamamelis, hojas de hamamelis, flores de cal\u00e9ndula y flores de manzanilla silvestre), asociado a aceites vegetales (hojas de pino, hojas de abeto, hojas de eucalipto, menta piperita, lavanda, tomillo, semillas de c\u00e1\u00f1amo y semillas de girasol), alcanfor, mentol y resina de guindilla.<\/p>\n<p>Horse Balsam Warming, tambi\u00e9n conocido como B\u00e1lsamo de Caballo, es un b\u00e1lsamo calentador, que activa la circulaci\u00f3n sangu\u00ednea e induce una suave sensaci\u00f3n de calor en la piel cansada y dolorida tras un esfuerzo f\u00edsico o muscular.<\/p>\n<p>Se recomienda para calentar, provocando una sensaci\u00f3n de alivio y confort, las zonas musculares y articulares, inmediatamente despu\u00e9s del trabajo, entrenamiento deportivo, actividades f\u00edsicas intensas, largos per\u00edodos de conducci\u00f3n, baile u otras modalidades laborales o recreativas.<\/p>\n<p>Indicado siempre que se requiera alivio del dolor y\/o tensi\u00f3n muscular o articular.<\/p>\n<p><strong>PRESENTACI\u00d3N<\/strong><\/p>\n<p>250 ml<\/p>\n<p>&nbsp;<\/p>\n","protected":false},"excerpt":{"rendered":"<p>Horse Balsam Warming, tambi\u00e9n conocido como Horse Warming Balm, es un b\u00e1lsamo calentador despu\u00e9s de un esfuerzo f\u00edsico o muscular. [&#8230;]<\/p>\n<p><a class=\"btn btn-secondary understrap-read-more-link\" href=\"https:\/\/www.lifenatura.com\/es\/produto\/balsamo-de-caballo-efecto-caliente-250-ml-dr-muller-pharma\/\">Leer m\u00e1s&#8230;<span class=\"screen-reader-text\"> from B\u00e1lsamo de Caballo Efecto Caliente 250 ml &#8211; Dr. M\u00fcller Pharma<\/span><\/a><\/p>\n","protected":false},"featured_media":66881,"template":"","meta":{"_acf_changed":false},"product_brand":[8506],"product_cat":[7671,7205,7659,7206,7179],"product_tag":[],"class_list":{"0":"post-65752","1":"product","2":"type-product","3":"status-publish","4":"has-post-thumbnail","6":"product_brand-dr-muller-pharma","7":"product_cat-arnica-bio","8":"product_cat-articulaciones","9":"product_cat-ingrediente-natural-bio","10":"product_cat-musculos-salud","11":"product_cat-salud","12":"pa_dicas-balsamo-caballo-principais-beneficios","14":"first","15":"instock","16":"shipping-taxable","17":"purchasable","18":"product-type-simple","19":"add-to-wishlist-before_image"},"acf":[],"yoast_head":"<!-- This site is optimized with the Yoast SEO Premium plugin v27.1 (Yoast SEO v27.5) - https:\/\/yoast.com\/product\/yoast-seo-premium-wordpress\/ -->\n<title>Dr. M\u00fcller Pharma B\u00e1lsamo Caballo Caliente 250 ml - Lifenatura<\/title>\n<meta name=\"description\" content=\"Horse Balsam Warming, tambi\u00e9n conocido como Horse Warming Balm, es un b\u00e1lsamo calentador despu\u00e9s de un esfuerzo f\u00edsico o muscular.\" \/>\n<meta name=\"robots\" content=\"index, follow, max-snippet:-1, max-image-preview:large, max-video-preview:-1\" \/>\n<link rel=\"canonical\" href=\"https:\/\/www.lifenatura.com\/es\/produto\/balsamo-de-caballo-efecto-caliente-250-ml-dr-muller-pharma\/\" \/>\n<meta property=\"og:locale\" content=\"es_ES\" \/>\n<meta property=\"og:type\" content=\"article\" \/>\n<meta property=\"og:title\" content=\"B\u00e1lsamo de Caballo Efecto Caliente 250 ml - Dr. M\u00fcller Pharma - Na Lifenatura ao Melhor Pre\u00e7o | Envio 48h\" \/>\n<meta property=\"og:description\" content=\"Compre B\u00e1lsamo de Caballo Efecto Caliente 250 ml - Dr. M\u00fcller Pharma com envio r\u00e1pido. Entrega em 48h e portes gr\u00e1tis em compras &gt;35\u20ac. Aproveite j\u00e1 na Lifenatura\" \/>\n<meta property=\"og:url\" content=\"https:\/\/www.lifenatura.com\/es\/produto\/balsamo-de-caballo-efecto-caliente-250-ml-dr-muller-pharma\/\" \/>\n<meta property=\"og:site_name\" content=\"Lifenatura\" \/>\n<meta property=\"article:publisher\" content=\"https:\/\/www.facebook.com\/lifenatura\" \/>\n<meta property=\"article:modified_time\" content=\"2023-05-11T08:54:24+00:00\" \/>\n<meta property=\"og:image\" content=\"https:\/\/www.lifenatura.com\/wp-content\/uploads\/2023\/05\/balsamo-cavalo-quente-dr-muller-pharma.jpg\" \/>\n\t<meta property=\"og:image:width\" content=\"1000\" \/>\n\t<meta property=\"og:image:height\" content=\"1000\" \/>\n\t<meta property=\"og:image:type\" content=\"image\/jpeg\" \/>\n<meta name=\"twitter:card\" content=\"summary_large_image\" \/>\n<meta name=\"twitter:label1\" content=\"Precio\" \/>\n\t<meta name=\"twitter:data1\" content=\"7,14&nbsp;&euro;\" \/>\n\t<meta name=\"twitter:label2\" content=\"Disponibilidad\" \/>\n\t<meta name=\"twitter:data2\" content=\"Disponible\" \/>\n<script type=\"application\/ld+json\" class=\"yoast-schema-graph\">{\"@context\":\"https:\\\/\\\/schema.org\",\"@graph\":[{\"@type\":\"WebPage\",\"@id\":\"https:\\\/\\\/www.lifenatura.com\\\/es\\\/produto\\\/balsamo-de-caballo-efecto-caliente-250-ml-dr-muller-pharma\\\/\",\"url\":\"https:\\\/\\\/www.lifenatura.com\\\/es\\\/produto\\\/balsamo-de-caballo-efecto-caliente-250-ml-dr-muller-pharma\\\/\",\"name\":\"Dr. M\u00fcller Pharma B\u00e1lsamo Caballo Caliente 250 ml - Lifenatura\",\"isPartOf\":{\"@id\":\"https:\\\/\\\/www.lifenatura.com\\\/es\\\/#website\"},\"primaryImageOfPage\":{\"@id\":\"https:\\\/\\\/www.lifenatura.com\\\/es\\\/produto\\\/balsamo-de-caballo-efecto-caliente-250-ml-dr-muller-pharma\\\/#primaryimage\"},\"image\":{\"@id\":\"https:\\\/\\\/www.lifenatura.com\\\/es\\\/produto\\\/balsamo-de-caballo-efecto-caliente-250-ml-dr-muller-pharma\\\/#primaryimage\"},\"thumbnailUrl\":\"https:\\\/\\\/www.lifenatura.com\\\/wp-content\\\/uploads\\\/2023\\\/05\\\/balsamo-cavalo-quente-dr-muller-pharma.jpg\",\"datePublished\":\"2023-05-11T08:23:35+00:00\",\"dateModified\":\"2023-05-11T08:54:24+00:00\",\"description\":\"Horse Balsam Warming, tambi\u00e9n conocido como Horse Warming Balm, es un b\u00e1lsamo calentador despu\u00e9s de un esfuerzo f\u00edsico o muscular.\",\"breadcrumb\":{\"@id\":\"https:\\\/\\\/www.lifenatura.com\\\/es\\\/produto\\\/balsamo-de-caballo-efecto-caliente-250-ml-dr-muller-pharma\\\/#breadcrumb\"},\"inLanguage\":\"es\",\"potentialAction\":[{\"@type\":\"ReadAction\",\"target\":[\"https:\\\/\\\/www.lifenatura.com\\\/es\\\/produto\\\/balsamo-de-caballo-efecto-caliente-250-ml-dr-muller-pharma\\\/\"]}]},{\"@type\":\"ImageObject\",\"inLanguage\":\"es\",\"@id\":\"https:\\\/\\\/www.lifenatura.com\\\/es\\\/produto\\\/balsamo-de-caballo-efecto-caliente-250-ml-dr-muller-pharma\\\/#primaryimage\",\"url\":\"https:\\\/\\\/www.lifenatura.com\\\/wp-content\\\/uploads\\\/2023\\\/05\\\/balsamo-cavalo-quente-dr-muller-pharma.jpg\",\"contentUrl\":\"https:\\\/\\\/www.lifenatura.com\\\/wp-content\\\/uploads\\\/2023\\\/05\\\/balsamo-cavalo-quente-dr-muller-pharma.jpg\",\"width\":1000,\"height\":1000,\"caption\":\"balsamo de cavalo quente dr. Muller Pharma\"},{\"@type\":\"BreadcrumbList\",\"@id\":\"https:\\\/\\\/www.lifenatura.com\\\/es\\\/produto\\\/balsamo-de-caballo-efecto-caliente-250-ml-dr-muller-pharma\\\/#breadcrumb\",\"itemListElement\":[{\"@type\":\"ListItem\",\"position\":1,\"name\":\"In\u00edcio\",\"item\":\"https:\\\/\\\/www.lifenatura.com\\\/es\\\/\"},{\"@type\":\"ListItem\",\"position\":2,\"name\":\"Todos los Productos\",\"item\":\"https:\\\/\\\/www.lifenatura.com\\\/es\\\/tienda\\\/\"},{\"@type\":\"ListItem\",\"position\":3,\"name\":\"B\u00e1lsamo de Caballo Efecto Caliente 250 ml &#8211; Dr. M\u00fcller Pharma\"}]},{\"@type\":\"WebSite\",\"@id\":\"https:\\\/\\\/www.lifenatura.com\\\/es\\\/#website\",\"url\":\"https:\\\/\\\/www.lifenatura.com\\\/es\\\/\",\"name\":\"Lifenatura\",\"description\":\"A Lifenatura \u00e9 uma loja de produtos naturais, cosm\u00e9tica natural e alimenta\u00e7\u00e3o Biol\u00f3gica.\",\"publisher\":{\"@id\":\"https:\\\/\\\/www.lifenatura.com\\\/es\\\/#organization\"},\"potentialAction\":[{\"@type\":\"SearchAction\",\"target\":{\"@type\":\"EntryPoint\",\"urlTemplate\":\"https:\\\/\\\/www.lifenatura.com\\\/es\\\/?s={search_term_string}\"},\"query-input\":{\"@type\":\"PropertyValueSpecification\",\"valueRequired\":true,\"valueName\":\"search_term_string\"}}],\"inLanguage\":\"es\"},{\"@type\":\"Organization\",\"@id\":\"https:\\\/\\\/www.lifenatura.com\\\/es\\\/#organization\",\"name\":\"Lifenatura\",\"url\":\"https:\\\/\\\/www.lifenatura.com\\\/es\\\/\",\"logo\":{\"@type\":\"ImageObject\",\"inLanguage\":\"es\",\"@id\":\"https:\\\/\\\/www.lifenatura.com\\\/es\\\/#\\\/schema\\\/logo\\\/image\\\/\",\"url\":\"https:\\\/\\\/www.lifenatura.com\\\/wp-content\\\/uploads\\\/2021\\\/07\\\/logo.png\",\"contentUrl\":\"https:\\\/\\\/www.lifenatura.com\\\/wp-content\\\/uploads\\\/2021\\\/07\\\/logo.png\",\"width\":175,\"height\":55,\"caption\":\"Lifenatura\"},\"image\":{\"@id\":\"https:\\\/\\\/www.lifenatura.com\\\/es\\\/#\\\/schema\\\/logo\\\/image\\\/\"},\"sameAs\":[\"https:\\\/\\\/www.facebook.com\\\/lifenatura\",\"https:\\\/\\\/www.instagram.com\\\/lifenaturapt\\\/\"],\"hasMerchantReturnPolicy\":{\"@type\":\"MerchantReturnPolicy\",\"merchantReturnLink\":\"https:\\\/\\\/www.lifenatura.com\\\/termos-condicoes-lifenatura\\\/\"}}]}<\/script>\n<meta property=\"product:price:amount\" content=\"7.14\" \/>\n<meta property=\"product:price:currency\" content=\"EUR\" \/>\n<meta property=\"og:availability\" content=\"instock\" \/>\n<meta property=\"product:availability\" content=\"instock\" \/>\n<meta property=\"product:retailer_item_id\" content=\"8594009627372\" \/>\n<meta property=\"product:condition\" content=\"new\" \/>\n<!-- \/ Yoast SEO Premium plugin. -->","yoast_head_json":{"title":"Dr. M\u00fcller Pharma B\u00e1lsamo Caballo Caliente 250 ml - Lifenatura","description":"Horse Balsam Warming, tambi\u00e9n conocido como Horse Warming Balm, es un b\u00e1lsamo calentador despu\u00e9s de un esfuerzo f\u00edsico o muscular.","robots":{"index":"index","follow":"follow","max-snippet":"max-snippet:-1","max-image-preview":"max-image-preview:large","max-video-preview":"max-video-preview:-1"},"canonical":"https:\/\/www.lifenatura.com\/es\/produto\/balsamo-de-caballo-efecto-caliente-250-ml-dr-muller-pharma\/","og_locale":"es_ES","og_type":"article","og_title":"B\u00e1lsamo de Caballo Efecto Caliente 250 ml - Dr. M\u00fcller Pharma - Na Lifenatura ao Melhor Pre\u00e7o | Envio 48h","og_description":"Compre B\u00e1lsamo de Caballo Efecto Caliente 250 ml - Dr. M\u00fcller Pharma com envio r\u00e1pido. Entrega em 48h e portes gr\u00e1tis em compras >35\u20ac. Aproveite j\u00e1 na Lifenatura","og_url":"https:\/\/www.lifenatura.com\/es\/produto\/balsamo-de-caballo-efecto-caliente-250-ml-dr-muller-pharma\/","og_site_name":"Lifenatura","article_publisher":"https:\/\/www.facebook.com\/lifenatura","article_modified_time":"2023-05-11T08:54:24+00:00","og_image":[{"width":1000,"height":1000,"url":"https:\/\/www.lifenatura.com\/wp-content\/uploads\/2023\/05\/balsamo-cavalo-quente-dr-muller-pharma.jpg","type":"image\/jpeg"}],"twitter_card":"summary_large_image","twitter_misc":{"Precio":"7,14&nbsp;&euro;","Disponibilidad":"Disponible"},"schema":{"@context":"https:\/\/schema.org","@graph":[{"@type":"WebPage","@id":"https:\/\/www.lifenatura.com\/es\/produto\/balsamo-de-caballo-efecto-caliente-250-ml-dr-muller-pharma\/","url":"https:\/\/www.lifenatura.com\/es\/produto\/balsamo-de-caballo-efecto-caliente-250-ml-dr-muller-pharma\/","name":"Dr. M\u00fcller Pharma B\u00e1lsamo Caballo Caliente 250 ml - Lifenatura","isPartOf":{"@id":"https:\/\/www.lifenatura.com\/es\/#website"},"primaryImageOfPage":{"@id":"https:\/\/www.lifenatura.com\/es\/produto\/balsamo-de-caballo-efecto-caliente-250-ml-dr-muller-pharma\/#primaryimage"},"image":{"@id":"https:\/\/www.lifenatura.com\/es\/produto\/balsamo-de-caballo-efecto-caliente-250-ml-dr-muller-pharma\/#primaryimage"},"thumbnailUrl":"https:\/\/www.lifenatura.com\/wp-content\/uploads\/2023\/05\/balsamo-cavalo-quente-dr-muller-pharma.jpg","datePublished":"2023-05-11T08:23:35+00:00","dateModified":"2023-05-11T08:54:24+00:00","description":"Horse Balsam Warming, tambi\u00e9n conocido como Horse Warming Balm, es un b\u00e1lsamo calentador despu\u00e9s de un esfuerzo f\u00edsico o muscular.","breadcrumb":{"@id":"https:\/\/www.lifenatura.com\/es\/produto\/balsamo-de-caballo-efecto-caliente-250-ml-dr-muller-pharma\/#breadcrumb"},"inLanguage":"es","potentialAction":[{"@type":"ReadAction","target":["https:\/\/www.lifenatura.com\/es\/produto\/balsamo-de-caballo-efecto-caliente-250-ml-dr-muller-pharma\/"]}]},{"@type":"ImageObject","inLanguage":"es","@id":"https:\/\/www.lifenatura.com\/es\/produto\/balsamo-de-caballo-efecto-caliente-250-ml-dr-muller-pharma\/#primaryimage","url":"https:\/\/www.lifenatura.com\/wp-content\/uploads\/2023\/05\/balsamo-cavalo-quente-dr-muller-pharma.jpg","contentUrl":"https:\/\/www.lifenatura.com\/wp-content\/uploads\/2023\/05\/balsamo-cavalo-quente-dr-muller-pharma.jpg","width":1000,"height":1000,"caption":"balsamo de cavalo quente dr. Muller Pharma"},{"@type":"BreadcrumbList","@id":"https:\/\/www.lifenatura.com\/es\/produto\/balsamo-de-caballo-efecto-caliente-250-ml-dr-muller-pharma\/#breadcrumb","itemListElement":[{"@type":"ListItem","position":1,"name":"In\u00edcio","item":"https:\/\/www.lifenatura.com\/es\/"},{"@type":"ListItem","position":2,"name":"Todos los Productos","item":"https:\/\/www.lifenatura.com\/es\/tienda\/"},{"@type":"ListItem","position":3,"name":"B\u00e1lsamo de Caballo Efecto Caliente 250 ml &#8211; Dr. M\u00fcller Pharma"}]},{"@type":"WebSite","@id":"https:\/\/www.lifenatura.com\/es\/#website","url":"https:\/\/www.lifenatura.com\/es\/","name":"Lifenatura","description":"A Lifenatura \u00e9 uma loja de produtos naturais, cosm\u00e9tica natural e alimenta\u00e7\u00e3o Biol\u00f3gica.","publisher":{"@id":"https:\/\/www.lifenatura.com\/es\/#organization"},"potentialAction":[{"@type":"SearchAction","target":{"@type":"EntryPoint","urlTemplate":"https:\/\/www.lifenatura.com\/es\/?s={search_term_string}"},"query-input":{"@type":"PropertyValueSpecification","valueRequired":true,"valueName":"search_term_string"}}],"inLanguage":"es"},{"@type":"Organization","@id":"https:\/\/www.lifenatura.com\/es\/#organization","name":"Lifenatura","url":"https:\/\/www.lifenatura.com\/es\/","logo":{"@type":"ImageObject","inLanguage":"es","@id":"https:\/\/www.lifenatura.com\/es\/#\/schema\/logo\/image\/","url":"https:\/\/www.lifenatura.com\/wp-content\/uploads\/2021\/07\/logo.png","contentUrl":"https:\/\/www.lifenatura.com\/wp-content\/uploads\/2021\/07\/logo.png","width":175,"height":55,"caption":"Lifenatura"},"image":{"@id":"https:\/\/www.lifenatura.com\/es\/#\/schema\/logo\/image\/"},"sameAs":["https:\/\/www.facebook.com\/lifenatura","https:\/\/www.instagram.com\/lifenaturapt\/"],"hasMerchantReturnPolicy":{"@type":"MerchantReturnPolicy","merchantReturnLink":"https:\/\/www.lifenatura.com\/termos-condicoes-lifenatura\/"}}]},"product_price_amount":"7.14","product_price_currency":"EUR","og_availability":"instock","product_availability":"instock","product_retailer_item_id":"8594009627372","product_condition":"new"},"df_price":7.14,"df_sale_price":"","df_regular_price":7.14,"df_image_link":"https:\/\/www.lifenatura.com\/wp-content\/uploads\/2023\/05\/balsamo-cavalo-quente-dr-muller-pharma-300x300.jpg","_links":{"self":[{"href":"https:\/\/www.lifenatura.com\/es\/wp-json\/wp\/v2\/product\/65752","targetHints":{"allow":["GET"]}}],"collection":[{"href":"https:\/\/www.lifenatura.com\/es\/wp-json\/wp\/v2\/product"}],"about":[{"href":"https:\/\/www.lifenatura.com\/es\/wp-json\/wp\/v2\/types\/product"}],"wp:featuredmedia":[{"embeddable":true,"href":"https:\/\/www.lifenatura.com\/es\/wp-json\/wp\/v2\/media\/66881"}],"wp:attachment":[{"href":"https:\/\/www.lifenatura.com\/es\/wp-json\/wp\/v2\/media?parent=65752"}],"wp:term":[{"taxonomy":"product_brand","embeddable":true,"href":"https:\/\/www.lifenatura.com\/es\/wp-json\/wp\/v2\/product_brand?post=65752"},{"taxonomy":"product_cat","embeddable":true,"href":"https:\/\/www.lifenatura.com\/es\/wp-json\/wp\/v2\/product_cat?post=65752"},{"taxonomy":"product_tag","embeddable":true,"href":"https:\/\/www.lifenatura.com\/es\/wp-json\/wp\/v2\/product_tag?post=65752"}],"curies":[{"name":"wp","href":"https:\/\/api.w.org\/{rel}","templated":true}]}}