{"id":64640,"date":"2023-04-21T15:48:25","date_gmt":"2023-04-21T15:48:25","guid":{"rendered":"https:\/\/www.lifenatura.com\/?post_type=product&#038;p=64640"},"modified":"2025-02-21T14:51:22","modified_gmt":"2025-02-21T14:51:22","slug":"commando-2000-60-comprimidos-natures-plus","status":"publish","type":"product","link":"https:\/\/www.lifenatura.com\/es\/produto\/commando-2000-60-comprimidos-natures-plus\/","title":{"rendered":"Commando 2000 60 comprimidos &#8211; Natures Plus"},"content":{"rendered":"<h2 style=\"text-align: left;\"><strong>Commando 2000 tu antioxidante<\/strong><\/h2>\n<p>&nbsp;<\/p>\n<p>Commando 2000 es un complemento alimenticio a base de nutrientes y plantas que ayudan a optimizar la respuesta antioxidante del organismo. Favorece los procesos de desintoxicaci\u00f3n del h\u00edgado y aporta una selecci\u00f3n de extractos bot\u00e1nicos que act\u00faan favorablemente en la modulaci\u00f3n de las defensas.<\/p>\n<p>Aporta vitaminas y minerales que ayudan a proteger y mantener en buen estado las mucosas. Como la vitamina A, que adem\u00e1s de reforzar el sistema inmunitario ayuda a reparar los da\u00f1os causados en las mucosas por las infecciones.<\/p>\n<p><strong>Principales beneficios:<\/strong><\/p>\n<ul>\n<li><strong>Aumento de energ\u00eda y vitalidad:<\/strong> Favorece los niveles de energ\u00eda, reduciendo la fatiga y promoviendo la resistencia f\u00edsica.<\/li>\n<li><strong>Equilibrio hormonal masculino:<\/strong> El zinc ayuda a mantener niveles normales de testosterona en el organismo.<\/li>\n<li><strong>Mejora del rendimiento f\u00edsico y mental:<\/strong> El ginseng y la maca favorecen la fuerza, la concentraci\u00f3n y la resistencia.<\/li>\n<li><strong>Apoyo al sistema inmunitario:<\/strong> las vitaminas del grupo B ayudan a reforzar las defensas naturales del organismo.<\/li>\n<li><strong>F\u00f3rmula natural y segura:<\/strong> Combinaci\u00f3n de extractos de plantas y minerales esenciales para un apoyo continuo.<\/li>\n<\/ul>\n<p><strong>Adecuado para:<\/strong><\/p>\n<p>Hombres que buscan aumentar la energ\u00eda y la resistencia f\u00edsica y mental.<br \/>\nPersonas que desean mantener niveles equilibrados de testosterona.<br \/>\nAquellos que buscan mejorar el rendimiento deportivo y la recuperaci\u00f3n muscular.<br \/>\nIdeal para complementar un estilo de vida activo y saludable.<\/p>\n<p>Combinaci\u00f3n \u00fanica de antioxidantes que act\u00faan sin\u00e9rgicamente contra los radicales libres y los da\u00f1os que causan. Contiene plantas que favorecen la circulaci\u00f3n, como el Ginkgo, y extractos bot\u00e1nicos, como la Equin\u00e1cea, que tienen un efecto favorable sobre el sistema inmunitario.<\/p>\n<p>Apto para vegetarianos.<\/p>\n<p><strong>PRESENTACI\u00d3N<\/strong><\/p>\n<p>60 comprimidos<\/p>\n<p>&nbsp;<\/p>\n","protected":false},"excerpt":{"rendered":"<p>Commando 2000 de Natures Plus es un complemento alimenticio a base de nutrientes y plantas que ayudan a optimizar la respuesta antioxidante del organismo. [&#8230;]<\/p>\n<p><a class=\"btn btn-secondary understrap-read-more-link\" href=\"https:\/\/www.lifenatura.com\/es\/produto\/commando-2000-60-comprimidos-natures-plus\/\">Leer m\u00e1s&#8230;<span class=\"screen-reader-text\"> from Commando 2000 60 comprimidos &#8211; Natures Plus<\/span><\/a><\/p>\n","protected":false},"featured_media":107534,"template":"","meta":{"_acf_changed":false},"product_brand":[8438],"product_cat":[7236,7179,7883],"product_tag":[],"class_list":{"0":"post-64640","1":"product","2":"type-product","3":"status-publish","4":"has-post-thumbnail","6":"product_brand-natures-plus-es","7":"product_cat-antioxidantes-salud","8":"product_cat-salud","9":"product_cat-suplementos-alimenticios","11":"first","12":"instock","13":"shipping-taxable","14":"purchasable","15":"product-type-simple","16":"add-to-wishlist-before_image"},"acf":[],"yoast_head":"<!-- This site is optimized with the Yoast SEO Premium plugin v27.1 (Yoast SEO v27.3) - https:\/\/yoast.com\/product\/yoast-seo-premium-wordpress\/ -->\n<title>Commando 2000 60 comprimidos - Natures Plus - Lifenatura<\/title>\n<meta name=\"description\" content=\"Commando 2000 de Natures Plus es un complemento alimenticio a base de nutrientes y plantas que ayudan a optimizar la respuesta antioxidante del organismo.\" \/>\n<meta name=\"robots\" content=\"index, follow, max-snippet:-1, max-image-preview:large, max-video-preview:-1\" \/>\n<link rel=\"canonical\" href=\"https:\/\/www.lifenatura.com\/es\/produto\/commando-2000-60-comprimidos-natures-plus\/\" \/>\n<meta property=\"og:locale\" content=\"es_ES\" \/>\n<meta property=\"og:type\" content=\"article\" \/>\n<meta property=\"og:title\" content=\"Commando 2000 60 comprimidos - Natures Plus - Lifenatura\" \/>\n<meta property=\"og:description\" content=\"Compre aqui o seu Commando 2000 60 comprimidos - Natures Plus e a Lifenatura Online envia em 48 H com Portes Gratis &gt;35\u20ac de Pedido.\" \/>\n<meta property=\"og:url\" content=\"https:\/\/www.lifenatura.com\/es\/produto\/commando-2000-60-comprimidos-natures-plus\/\" \/>\n<meta property=\"og:site_name\" content=\"Lifenatura\" \/>\n<meta property=\"article:publisher\" content=\"https:\/\/www.facebook.com\/lifenatura\" \/>\n<meta property=\"article:modified_time\" content=\"2025-02-21T14:51:22+00:00\" \/>\n<meta property=\"og:image\" content=\"https:\/\/www.lifenatura.com\/wp-content\/uploads\/2023\/04\/commando-2000-natures-plus-1.jpg\" \/>\n\t<meta property=\"og:image:width\" content=\"1000\" \/>\n\t<meta property=\"og:image:height\" content=\"1000\" \/>\n\t<meta property=\"og:image:type\" content=\"image\/jpeg\" \/>\n<meta name=\"twitter:card\" content=\"summary_large_image\" \/>\n<meta name=\"twitter:label1\" content=\"Precio\" \/>\n\t<meta name=\"twitter:data1\" content=\"41,56&nbsp;&euro;\" \/>\n\t<meta name=\"twitter:label2\" content=\"Disponibilidad\" \/>\n\t<meta name=\"twitter:data2\" content=\"Disponible\" \/>\n<meta property=\"product:price:amount\" content=\"41.56\" \/>\n<meta property=\"product:price:currency\" content=\"EUR\" \/>\n<meta property=\"og:availability\" content=\"instock\" \/>\n<meta property=\"product:availability\" content=\"instock\" \/>\n<meta property=\"product:retailer_item_id\" content=\"8072051143618\" \/>\n<meta property=\"product:condition\" content=\"new\" \/>\n<!-- \/ Yoast SEO Premium plugin. -->","yoast_head_json":{"title":"Commando 2000 60 comprimidos - Natures Plus - Lifenatura","description":"Commando 2000 de Natures Plus es un complemento alimenticio a base de nutrientes y plantas que ayudan a optimizar la respuesta antioxidante del organismo.","robots":{"index":"index","follow":"follow","max-snippet":"max-snippet:-1","max-image-preview":"max-image-preview:large","max-video-preview":"max-video-preview:-1"},"canonical":"https:\/\/www.lifenatura.com\/es\/produto\/commando-2000-60-comprimidos-natures-plus\/","og_locale":"es_ES","og_type":"article","og_title":"Commando 2000 60 comprimidos - Natures Plus - Lifenatura","og_description":"Compre aqui o seu Commando 2000 60 comprimidos - Natures Plus e a Lifenatura Online envia em 48 H com Portes Gratis >35\u20ac de Pedido.","og_url":"https:\/\/www.lifenatura.com\/es\/produto\/commando-2000-60-comprimidos-natures-plus\/","og_site_name":"Lifenatura","article_publisher":"https:\/\/www.facebook.com\/lifenatura","article_modified_time":"2025-02-21T14:51:22+00:00","og_image":[{"width":1000,"height":1000,"url":"https:\/\/www.lifenatura.com\/wp-content\/uploads\/2023\/04\/commando-2000-natures-plus-1.jpg","type":"image\/jpeg"}],"twitter_card":"summary_large_image","twitter_misc":{"Precio":"41,56&nbsp;&euro;","Disponibilidad":"Disponible"},"schema":{"@context":"https:\/\/schema.org","@graph":[{"@type":"WebPage","@id":"https:\/\/www.lifenatura.com\/es\/produto\/commando-2000-60-comprimidos-natures-plus\/","url":"https:\/\/www.lifenatura.com\/es\/produto\/commando-2000-60-comprimidos-natures-plus\/","name":"Commando 2000 60 comprimidos - Natures Plus - Lifenatura","isPartOf":{"@id":"https:\/\/www.lifenatura.com\/es\/#website"},"primaryImageOfPage":{"@id":"https:\/\/www.lifenatura.com\/es\/produto\/commando-2000-60-comprimidos-natures-plus\/#primaryimage"},"image":{"@id":"https:\/\/www.lifenatura.com\/es\/produto\/commando-2000-60-comprimidos-natures-plus\/#primaryimage"},"thumbnailUrl":"https:\/\/www.lifenatura.com\/wp-content\/uploads\/2023\/04\/commando-2000-natures-plus-1.jpg","datePublished":"2023-04-21T15:48:25+00:00","dateModified":"2025-02-21T14:51:22+00:00","description":"Commando 2000 de Natures Plus es un complemento alimenticio a base de nutrientes y plantas que ayudan a optimizar la respuesta antioxidante del organismo.","breadcrumb":{"@id":"https:\/\/www.lifenatura.com\/es\/produto\/commando-2000-60-comprimidos-natures-plus\/#breadcrumb"},"inLanguage":"es","potentialAction":[{"@type":"ReadAction","target":["https:\/\/www.lifenatura.com\/es\/produto\/commando-2000-60-comprimidos-natures-plus\/"]}]},{"@type":"ImageObject","inLanguage":"es","@id":"https:\/\/www.lifenatura.com\/es\/produto\/commando-2000-60-comprimidos-natures-plus\/#primaryimage","url":"https:\/\/www.lifenatura.com\/wp-content\/uploads\/2023\/04\/commando-2000-natures-plus-1.jpg","contentUrl":"https:\/\/www.lifenatura.com\/wp-content\/uploads\/2023\/04\/commando-2000-natures-plus-1.jpg","width":1000,"height":1000,"caption":"Commando 2000 da marca Natures Plus"},{"@type":"BreadcrumbList","@id":"https:\/\/www.lifenatura.com\/es\/produto\/commando-2000-60-comprimidos-natures-plus\/#breadcrumb","itemListElement":[{"@type":"ListItem","position":1,"name":"In\u00edcio","item":"https:\/\/www.lifenatura.com\/es\/"},{"@type":"ListItem","position":2,"name":"Todos los Productos","item":"https:\/\/www.lifenatura.com\/es\/tienda\/"},{"@type":"ListItem","position":3,"name":"Commando 2000 60 comprimidos &#8211; Natures Plus"}]},{"@type":"WebSite","@id":"https:\/\/www.lifenatura.com\/es\/#website","url":"https:\/\/www.lifenatura.com\/es\/","name":"Lifenatura","description":"A Lifenatura \u00e9 uma loja de produtos naturais, cosm\u00e9tica natural e alimenta\u00e7\u00e3o Biol\u00f3gica.","publisher":{"@id":"https:\/\/www.lifenatura.com\/es\/#organization"},"potentialAction":[{"@type":"SearchAction","target":{"@type":"EntryPoint","urlTemplate":"https:\/\/www.lifenatura.com\/es\/?s={search_term_string}"},"query-input":{"@type":"PropertyValueSpecification","valueRequired":true,"valueName":"search_term_string"}}],"inLanguage":"es"},{"@type":"Organization","@id":"https:\/\/www.lifenatura.com\/es\/#organization","name":"Lifenatura","url":"https:\/\/www.lifenatura.com\/es\/","logo":{"@type":"ImageObject","inLanguage":"es","@id":"https:\/\/www.lifenatura.com\/es\/#\/schema\/logo\/image\/","url":"https:\/\/www.lifenatura.com\/wp-content\/uploads\/2021\/11\/logo.png","contentUrl":"https:\/\/www.lifenatura.com\/wp-content\/uploads\/2021\/11\/logo.png","width":175,"height":55,"caption":"Lifenatura"},"image":{"@id":"https:\/\/www.lifenatura.com\/es\/#\/schema\/logo\/image\/"},"sameAs":["https:\/\/www.facebook.com\/lifenatura","https:\/\/www.instagram.com\/lifenaturapt\/"]}]},"product_price_amount":"41.56","product_price_currency":"EUR","og_availability":"instock","product_availability":"instock","product_retailer_item_id":"8072051143618","product_condition":"new"},"df_price":41.56,"df_sale_price":"","df_regular_price":41.56,"df_image_link":"https:\/\/www.lifenatura.com\/wp-content\/uploads\/2023\/04\/commando-2000-natures-plus-1-300x300.jpg","_links":{"self":[{"href":"https:\/\/www.lifenatura.com\/es\/wp-json\/wp\/v2\/product\/64640","targetHints":{"allow":["GET"]}}],"collection":[{"href":"https:\/\/www.lifenatura.com\/es\/wp-json\/wp\/v2\/product"}],"about":[{"href":"https:\/\/www.lifenatura.com\/es\/wp-json\/wp\/v2\/types\/product"}],"wp:featuredmedia":[{"embeddable":true,"href":"https:\/\/www.lifenatura.com\/es\/wp-json\/wp\/v2\/media\/107534"}],"wp:attachment":[{"href":"https:\/\/www.lifenatura.com\/es\/wp-json\/wp\/v2\/media?parent=64640"}],"wp:term":[{"taxonomy":"product_brand","embeddable":true,"href":"https:\/\/www.lifenatura.com\/es\/wp-json\/wp\/v2\/product_brand?post=64640"},{"taxonomy":"product_cat","embeddable":true,"href":"https:\/\/www.lifenatura.com\/es\/wp-json\/wp\/v2\/product_cat?post=64640"},{"taxonomy":"product_tag","embeddable":true,"href":"https:\/\/www.lifenatura.com\/es\/wp-json\/wp\/v2\/product_tag?post=64640"}],"curies":[{"name":"wp","href":"https:\/\/api.w.org\/{rel}","templated":true}]}}