{"id":64630,"date":"2023-04-21T10:22:27","date_gmt":"2023-04-21T10:22:27","guid":{"rendered":"https:\/\/www.lifenatura.com\/?post_type=product&#038;p=64630"},"modified":"2025-02-21T14:10:58","modified_gmt":"2025-02-21T14:10:58","slug":"peptidos-de-colageno-254-g-natures-plus","status":"publish","type":"product","link":"https:\/\/www.lifenatura.com\/es\/produto\/peptidos-de-colageno-254-g-natures-plus\/","title":{"rendered":"P\u00e9ptidos de Col\u00e1geno 254 g &#8211; Natures Plus"},"content":{"rendered":"<h2 style=\"text-align: left;\"><strong>P\u00e9ptidos de Col\u00e1geno indicado para el cuidado de m\u00fasculos, articulaciones y huesos<\/strong><\/h2>\n<p>&nbsp;<\/p>\n<p>P\u00e9ptidos de Col\u00e1geno es un complemento alimenticio que re\u00fane los 6 principales tipos de col\u00e1geno del organismo (Tipo I-II-III-IV-V-X), garantizando la m\u00e1xima absorci\u00f3n gracias al aporte de enzimas espec\u00edficas que ayudan a la asimilaci\u00f3n del col\u00e1geno.<\/p>\n<p>Los p\u00e9ptidos de col\u00e1geno de Natures Plus tienen la m\u00e1xima pureza, se obtienen de fuentes naturales sostenibles y aportan prote\u00ednas adecuadas para el cuidado de m\u00fasculos, articulaciones y huesos.<\/p>\n<p><strong>Principales beneficios:<\/strong><\/p>\n<ul>\n<li><strong>Salud de la piel:<\/strong> Favorece la firmeza, elasticidad e hidrataci\u00f3n de la piel, ayudando a reducir las arrugas y los signos del envejecimiento.<\/li>\n<li><strong>Apoyo articular:<\/strong> Contribuye a la regeneraci\u00f3n del cart\u00edlago, reduciendo la rigidez y las molestias articulares.<\/li>\n<li><strong>Huesos y m\u00fasculos m\u00e1s fuertes:<\/strong> El col\u00e1geno es esencial para la fortaleza de huesos y m\u00fasculos, previniendo su desgaste.<\/li>\n<li><strong>Cabello y u\u00f1as m\u00e1s fuertes:<\/strong> Estimula el crecimiento del cabello y mejora la resistencia de las u\u00f1as.<\/li>\n<li><strong>Absorci\u00f3n optimizada:<\/strong> P\u00e9ptidos de col\u00e1geno hidrolizados para una mejor asimilaci\u00f3n por el organismo.<\/li>\n<\/ul>\n<p><strong>Indicado para:<\/strong><\/p>\n<p>Personas que deseen mejorar la firmeza y elasticidad de la piel.<br \/>\nPersonas con molestias articulares o que deseen reforzar la salud \u00f3sea.<br \/>\nPersonas que desean fortalecer el cabello, las u\u00f1as y los tejidos conjuntivos.<br \/>\nIdeal para deportistas y personas que desean prevenir el envejecimiento prematuro.<\/p>\n<p>Traducci\u00f3n realizada con la versi\u00f3n gratuita del traductor DeepL.com<\/p>\n<p>Complementan la dieta de deportistas, estilos de vida activos, tercera edad, menopausia, programas de nutrici\u00f3n antienvejecimiento.<\/p>\n<p><strong>PRESENTACI\u00d3N<\/strong><\/p>\n<p>254g<\/p>\n<p>&nbsp;<\/p>\n","protected":false},"excerpt":{"rendered":"<p>P\u00e9ptidos de Col\u00e1geno Natures Plus promueve una piel firme, articulaciones sanas y huesos fuertes con col\u00e1geno hidrolizado y vitamina C para una absorci\u00f3n optimizada. [&#8230;]<\/p>\n<p><a class=\"btn btn-secondary understrap-read-more-link\" href=\"https:\/\/www.lifenatura.com\/es\/produto\/peptidos-de-colageno-254-g-natures-plus\/\">Leer m\u00e1s&#8230;<span class=\"screen-reader-text\"> from P\u00e9ptidos de Col\u00e1geno 254 g &#8211; Natures Plus<\/span><\/a><\/p>\n","protected":false},"featured_media":65268,"template":"","meta":{"_acf_changed":false},"product_brand":[8438],"product_cat":[7689,7659,7206,7237,7179],"product_tag":[],"class_list":{"0":"post-64630","1":"product","2":"type-product","3":"status-publish","4":"has-post-thumbnail","6":"product_brand-natures-plus-es","7":"product_cat-colagenio-natural","8":"product_cat-ingrediente-natural-bio","9":"product_cat-musculos-salud","10":"product_cat-pelo-unas","11":"product_cat-salud","13":"first","14":"instock","15":"shipping-taxable","16":"purchasable","17":"product-type-simple","18":"add-to-wishlist-before_image"},"acf":[],"yoast_head":"<!-- This site is optimized with the Yoast SEO Premium plugin v27.1 (Yoast SEO v27.5) - https:\/\/yoast.com\/product\/yoast-seo-premium-wordpress\/ -->\n<title>P\u00e9ptidos de Col\u00e1geno 254 g - Natures Plus - Na Lifenatura ao Melhor Pre\u00e7o | Envio em 48h<\/title>\n<meta name=\"description\" content=\"Col\u00e1geno Natures Plus promueve una piel firme, articulaciones sanas y huesos fuertes con col\u00e1geno hidrolizado y vitamina C para una absorci\u00f3n optimizada.\" \/>\n<meta name=\"robots\" content=\"index, follow, max-snippet:-1, max-image-preview:large, max-video-preview:-1\" \/>\n<link rel=\"canonical\" href=\"https:\/\/www.lifenatura.com\/es\/produto\/peptidos-de-colageno-254-g-natures-plus\/\" \/>\n<meta property=\"og:locale\" content=\"es_ES\" \/>\n<meta property=\"og:type\" content=\"article\" \/>\n<meta property=\"og:title\" content=\"P\u00e9ptidos de Col\u00e1geno 254 g - Natures Plus - Na Lifenatura ao Melhor Pre\u00e7o | Envio 48h\" \/>\n<meta property=\"og:description\" content=\"Compre P\u00e9ptidos de Col\u00e1geno 254 g - Natures Plus com envio r\u00e1pido. Entrega em 48h e portes gr\u00e1tis em compras &gt;35\u20ac. Aproveite j\u00e1 na Lifenatura\" \/>\n<meta property=\"og:url\" content=\"https:\/\/www.lifenatura.com\/es\/produto\/peptidos-de-colageno-254-g-natures-plus\/\" \/>\n<meta property=\"og:site_name\" content=\"Lifenatura\" \/>\n<meta property=\"article:publisher\" content=\"https:\/\/www.facebook.com\/lifenatura\" \/>\n<meta property=\"article:modified_time\" content=\"2025-02-21T14:10:58+00:00\" \/>\n<meta property=\"og:image\" content=\"https:\/\/www.lifenatura.com\/wp-content\/uploads\/2023\/04\/collagen-peptides-natures-plus.jpg\" \/>\n\t<meta property=\"og:image:width\" content=\"1000\" \/>\n\t<meta property=\"og:image:height\" content=\"1000\" \/>\n\t<meta property=\"og:image:type\" content=\"image\/jpeg\" \/>\n<meta name=\"twitter:card\" content=\"summary_large_image\" \/>\n<meta name=\"twitter:label1\" content=\"Precio\" \/>\n\t<meta name=\"twitter:data1\" content=\"53,29&nbsp;&euro;\" \/>\n\t<meta name=\"twitter:label2\" content=\"Disponibilidad\" \/>\n\t<meta name=\"twitter:data2\" content=\"Disponible\" \/>\n<script type=\"application\/ld+json\" class=\"yoast-schema-graph\">{\"@context\":\"https:\\\/\\\/schema.org\",\"@graph\":[{\"@type\":\"WebPage\",\"@id\":\"https:\\\/\\\/www.lifenatura.com\\\/es\\\/produto\\\/peptidos-de-colageno-254-g-natures-plus\\\/\",\"url\":\"https:\\\/\\\/www.lifenatura.com\\\/es\\\/produto\\\/peptidos-de-colageno-254-g-natures-plus\\\/\",\"name\":\"P\u00e9ptidos de Col\u00e1geno 254 g - Natures Plus - Na Lifenatura ao Melhor Pre\u00e7o | Envio em 48h\",\"isPartOf\":{\"@id\":\"https:\\\/\\\/www.lifenatura.com\\\/es\\\/#website\"},\"primaryImageOfPage\":{\"@id\":\"https:\\\/\\\/www.lifenatura.com\\\/es\\\/produto\\\/peptidos-de-colageno-254-g-natures-plus\\\/#primaryimage\"},\"image\":{\"@id\":\"https:\\\/\\\/www.lifenatura.com\\\/es\\\/produto\\\/peptidos-de-colageno-254-g-natures-plus\\\/#primaryimage\"},\"thumbnailUrl\":\"https:\\\/\\\/www.lifenatura.com\\\/wp-content\\\/uploads\\\/2023\\\/04\\\/collagen-peptides-natures-plus.jpg\",\"datePublished\":\"2023-04-21T10:22:27+00:00\",\"dateModified\":\"2025-02-21T14:10:58+00:00\",\"description\":\"Col\u00e1geno Natures Plus promueve una piel firme, articulaciones sanas y huesos fuertes con col\u00e1geno hidrolizado y vitamina C para una absorci\u00f3n optimizada.\",\"breadcrumb\":{\"@id\":\"https:\\\/\\\/www.lifenatura.com\\\/es\\\/produto\\\/peptidos-de-colageno-254-g-natures-plus\\\/#breadcrumb\"},\"inLanguage\":\"es\",\"potentialAction\":[{\"@type\":\"ReadAction\",\"target\":[\"https:\\\/\\\/www.lifenatura.com\\\/es\\\/produto\\\/peptidos-de-colageno-254-g-natures-plus\\\/\"]}]},{\"@type\":\"ImageObject\",\"inLanguage\":\"es\",\"@id\":\"https:\\\/\\\/www.lifenatura.com\\\/es\\\/produto\\\/peptidos-de-colageno-254-g-natures-plus\\\/#primaryimage\",\"url\":\"https:\\\/\\\/www.lifenatura.com\\\/wp-content\\\/uploads\\\/2023\\\/04\\\/collagen-peptides-natures-plus.jpg\",\"contentUrl\":\"https:\\\/\\\/www.lifenatura.com\\\/wp-content\\\/uploads\\\/2023\\\/04\\\/collagen-peptides-natures-plus.jpg\",\"width\":1000,\"height\":1000,\"caption\":\"Colag\u00e9nio da marca Natures Plus\"},{\"@type\":\"BreadcrumbList\",\"@id\":\"https:\\\/\\\/www.lifenatura.com\\\/es\\\/produto\\\/peptidos-de-colageno-254-g-natures-plus\\\/#breadcrumb\",\"itemListElement\":[{\"@type\":\"ListItem\",\"position\":1,\"name\":\"In\u00edcio\",\"item\":\"https:\\\/\\\/www.lifenatura.com\\\/es\\\/\"},{\"@type\":\"ListItem\",\"position\":2,\"name\":\"Todos los Productos\",\"item\":\"https:\\\/\\\/www.lifenatura.com\\\/es\\\/tienda\\\/\"},{\"@type\":\"ListItem\",\"position\":3,\"name\":\"P\u00e9ptidos de Col\u00e1geno 254 g &#8211; Natures Plus\"}]},{\"@type\":\"WebSite\",\"@id\":\"https:\\\/\\\/www.lifenatura.com\\\/es\\\/#website\",\"url\":\"https:\\\/\\\/www.lifenatura.com\\\/es\\\/\",\"name\":\"Lifenatura\",\"description\":\"A Lifenatura \u00e9 uma loja de produtos naturais, cosm\u00e9tica natural e alimenta\u00e7\u00e3o Biol\u00f3gica.\",\"publisher\":{\"@id\":\"https:\\\/\\\/www.lifenatura.com\\\/es\\\/#organization\"},\"potentialAction\":[{\"@type\":\"SearchAction\",\"target\":{\"@type\":\"EntryPoint\",\"urlTemplate\":\"https:\\\/\\\/www.lifenatura.com\\\/es\\\/?s={search_term_string}\"},\"query-input\":{\"@type\":\"PropertyValueSpecification\",\"valueRequired\":true,\"valueName\":\"search_term_string\"}}],\"inLanguage\":\"es\"},{\"@type\":\"Organization\",\"@id\":\"https:\\\/\\\/www.lifenatura.com\\\/es\\\/#organization\",\"name\":\"Lifenatura\",\"url\":\"https:\\\/\\\/www.lifenatura.com\\\/es\\\/\",\"logo\":{\"@type\":\"ImageObject\",\"inLanguage\":\"es\",\"@id\":\"https:\\\/\\\/www.lifenatura.com\\\/es\\\/#\\\/schema\\\/logo\\\/image\\\/\",\"url\":\"https:\\\/\\\/www.lifenatura.com\\\/wp-content\\\/uploads\\\/2021\\\/07\\\/logo.png\",\"contentUrl\":\"https:\\\/\\\/www.lifenatura.com\\\/wp-content\\\/uploads\\\/2021\\\/07\\\/logo.png\",\"width\":175,\"height\":55,\"caption\":\"Lifenatura\"},\"image\":{\"@id\":\"https:\\\/\\\/www.lifenatura.com\\\/es\\\/#\\\/schema\\\/logo\\\/image\\\/\"},\"sameAs\":[\"https:\\\/\\\/www.facebook.com\\\/lifenatura\",\"https:\\\/\\\/www.instagram.com\\\/lifenaturapt\\\/\"],\"hasMerchantReturnPolicy\":{\"@type\":\"MerchantReturnPolicy\",\"merchantReturnLink\":\"https:\\\/\\\/www.lifenatura.com\\\/termos-condicoes-lifenatura\\\/\"}}]}<\/script>\n<meta property=\"product:price:amount\" content=\"53.29\" \/>\n<meta property=\"product:price:currency\" content=\"EUR\" \/>\n<meta property=\"og:availability\" content=\"instock\" \/>\n<meta property=\"product:availability\" content=\"instock\" \/>\n<meta property=\"product:retailer_item_id\" content=\"8072051150234\" \/>\n<meta property=\"product:condition\" content=\"new\" \/>\n<!-- \/ Yoast SEO Premium plugin. -->","yoast_head_json":{"title":"P\u00e9ptidos de Col\u00e1geno 254 g - Natures Plus - Na Lifenatura ao Melhor Pre\u00e7o | Envio em 48h","description":"Col\u00e1geno Natures Plus promueve una piel firme, articulaciones sanas y huesos fuertes con col\u00e1geno hidrolizado y vitamina C para una absorci\u00f3n optimizada.","robots":{"index":"index","follow":"follow","max-snippet":"max-snippet:-1","max-image-preview":"max-image-preview:large","max-video-preview":"max-video-preview:-1"},"canonical":"https:\/\/www.lifenatura.com\/es\/produto\/peptidos-de-colageno-254-g-natures-plus\/","og_locale":"es_ES","og_type":"article","og_title":"P\u00e9ptidos de Col\u00e1geno 254 g - Natures Plus - Na Lifenatura ao Melhor Pre\u00e7o | Envio 48h","og_description":"Compre P\u00e9ptidos de Col\u00e1geno 254 g - Natures Plus com envio r\u00e1pido. Entrega em 48h e portes gr\u00e1tis em compras >35\u20ac. Aproveite j\u00e1 na Lifenatura","og_url":"https:\/\/www.lifenatura.com\/es\/produto\/peptidos-de-colageno-254-g-natures-plus\/","og_site_name":"Lifenatura","article_publisher":"https:\/\/www.facebook.com\/lifenatura","article_modified_time":"2025-02-21T14:10:58+00:00","og_image":[{"width":1000,"height":1000,"url":"https:\/\/www.lifenatura.com\/wp-content\/uploads\/2023\/04\/collagen-peptides-natures-plus.jpg","type":"image\/jpeg"}],"twitter_card":"summary_large_image","twitter_misc":{"Precio":"53,29&nbsp;&euro;","Disponibilidad":"Disponible"},"schema":{"@context":"https:\/\/schema.org","@graph":[{"@type":"WebPage","@id":"https:\/\/www.lifenatura.com\/es\/produto\/peptidos-de-colageno-254-g-natures-plus\/","url":"https:\/\/www.lifenatura.com\/es\/produto\/peptidos-de-colageno-254-g-natures-plus\/","name":"P\u00e9ptidos de Col\u00e1geno 254 g - Natures Plus - Na Lifenatura ao Melhor Pre\u00e7o | Envio em 48h","isPartOf":{"@id":"https:\/\/www.lifenatura.com\/es\/#website"},"primaryImageOfPage":{"@id":"https:\/\/www.lifenatura.com\/es\/produto\/peptidos-de-colageno-254-g-natures-plus\/#primaryimage"},"image":{"@id":"https:\/\/www.lifenatura.com\/es\/produto\/peptidos-de-colageno-254-g-natures-plus\/#primaryimage"},"thumbnailUrl":"https:\/\/www.lifenatura.com\/wp-content\/uploads\/2023\/04\/collagen-peptides-natures-plus.jpg","datePublished":"2023-04-21T10:22:27+00:00","dateModified":"2025-02-21T14:10:58+00:00","description":"Col\u00e1geno Natures Plus promueve una piel firme, articulaciones sanas y huesos fuertes con col\u00e1geno hidrolizado y vitamina C para una absorci\u00f3n optimizada.","breadcrumb":{"@id":"https:\/\/www.lifenatura.com\/es\/produto\/peptidos-de-colageno-254-g-natures-plus\/#breadcrumb"},"inLanguage":"es","potentialAction":[{"@type":"ReadAction","target":["https:\/\/www.lifenatura.com\/es\/produto\/peptidos-de-colageno-254-g-natures-plus\/"]}]},{"@type":"ImageObject","inLanguage":"es","@id":"https:\/\/www.lifenatura.com\/es\/produto\/peptidos-de-colageno-254-g-natures-plus\/#primaryimage","url":"https:\/\/www.lifenatura.com\/wp-content\/uploads\/2023\/04\/collagen-peptides-natures-plus.jpg","contentUrl":"https:\/\/www.lifenatura.com\/wp-content\/uploads\/2023\/04\/collagen-peptides-natures-plus.jpg","width":1000,"height":1000,"caption":"Colag\u00e9nio da marca Natures Plus"},{"@type":"BreadcrumbList","@id":"https:\/\/www.lifenatura.com\/es\/produto\/peptidos-de-colageno-254-g-natures-plus\/#breadcrumb","itemListElement":[{"@type":"ListItem","position":1,"name":"In\u00edcio","item":"https:\/\/www.lifenatura.com\/es\/"},{"@type":"ListItem","position":2,"name":"Todos los Productos","item":"https:\/\/www.lifenatura.com\/es\/tienda\/"},{"@type":"ListItem","position":3,"name":"P\u00e9ptidos de Col\u00e1geno 254 g &#8211; Natures Plus"}]},{"@type":"WebSite","@id":"https:\/\/www.lifenatura.com\/es\/#website","url":"https:\/\/www.lifenatura.com\/es\/","name":"Lifenatura","description":"A Lifenatura \u00e9 uma loja de produtos naturais, cosm\u00e9tica natural e alimenta\u00e7\u00e3o Biol\u00f3gica.","publisher":{"@id":"https:\/\/www.lifenatura.com\/es\/#organization"},"potentialAction":[{"@type":"SearchAction","target":{"@type":"EntryPoint","urlTemplate":"https:\/\/www.lifenatura.com\/es\/?s={search_term_string}"},"query-input":{"@type":"PropertyValueSpecification","valueRequired":true,"valueName":"search_term_string"}}],"inLanguage":"es"},{"@type":"Organization","@id":"https:\/\/www.lifenatura.com\/es\/#organization","name":"Lifenatura","url":"https:\/\/www.lifenatura.com\/es\/","logo":{"@type":"ImageObject","inLanguage":"es","@id":"https:\/\/www.lifenatura.com\/es\/#\/schema\/logo\/image\/","url":"https:\/\/www.lifenatura.com\/wp-content\/uploads\/2021\/07\/logo.png","contentUrl":"https:\/\/www.lifenatura.com\/wp-content\/uploads\/2021\/07\/logo.png","width":175,"height":55,"caption":"Lifenatura"},"image":{"@id":"https:\/\/www.lifenatura.com\/es\/#\/schema\/logo\/image\/"},"sameAs":["https:\/\/www.facebook.com\/lifenatura","https:\/\/www.instagram.com\/lifenaturapt\/"],"hasMerchantReturnPolicy":{"@type":"MerchantReturnPolicy","merchantReturnLink":"https:\/\/www.lifenatura.com\/termos-condicoes-lifenatura\/"}}]},"product_price_amount":"53.29","product_price_currency":"EUR","og_availability":"instock","product_availability":"instock","product_retailer_item_id":"8072051150234","product_condition":"new"},"df_price":53.29,"df_sale_price":"","df_regular_price":53.29,"df_image_link":"https:\/\/www.lifenatura.com\/wp-content\/uploads\/2023\/04\/collagen-peptides-natures-plus-300x300.jpg","_links":{"self":[{"href":"https:\/\/www.lifenatura.com\/es\/wp-json\/wp\/v2\/product\/64630","targetHints":{"allow":["GET"]}}],"collection":[{"href":"https:\/\/www.lifenatura.com\/es\/wp-json\/wp\/v2\/product"}],"about":[{"href":"https:\/\/www.lifenatura.com\/es\/wp-json\/wp\/v2\/types\/product"}],"wp:featuredmedia":[{"embeddable":true,"href":"https:\/\/www.lifenatura.com\/es\/wp-json\/wp\/v2\/media\/65268"}],"wp:attachment":[{"href":"https:\/\/www.lifenatura.com\/es\/wp-json\/wp\/v2\/media?parent=64630"}],"wp:term":[{"taxonomy":"product_brand","embeddable":true,"href":"https:\/\/www.lifenatura.com\/es\/wp-json\/wp\/v2\/product_brand?post=64630"},{"taxonomy":"product_cat","embeddable":true,"href":"https:\/\/www.lifenatura.com\/es\/wp-json\/wp\/v2\/product_cat?post=64630"},{"taxonomy":"product_tag","embeddable":true,"href":"https:\/\/www.lifenatura.com\/es\/wp-json\/wp\/v2\/product_tag?post=64630"}],"curies":[{"name":"wp","href":"https:\/\/api.w.org\/{rel}","templated":true}]}}