{"id":64622,"date":"2023-04-21T08:17:06","date_gmt":"2023-04-21T08:17:06","guid":{"rendered":"https:\/\/www.lifenatura.com\/?post_type=product&#038;p=64622"},"modified":"2023-10-01T00:02:14","modified_gmt":"2023-10-01T00:02:14","slug":"omega-3-30-capsulas-30-perlas-vitalart","status":"publish","type":"product","link":"https:\/\/www.lifenatura.com\/es\/produto\/omega-3-30-capsulas-30-perlas-vitalart\/","title":{"rendered":"Omega-3 30 c\u00e1psulas + 30 perlas &#8211; Vitalart"},"content":{"rendered":"<h2 style=\"text-align: left\"><strong>El Omega-3 contribuye al funcionamiento normal del coraz\u00f3n<\/strong><\/h2>\n<p>&nbsp;<\/p>\n<p>Vitalart ha seleccionado el aceite de pescado de peque\u00f1o calibre Omegatex\u00ae, obtenido mediante extracci\u00f3n por fluidos supercr\u00edticos con CO2, para evitar las altas temperaturas y el uso de disolventes durante el procesado. Omegatex\u00ae garantiza el m\u00e1ximo control de contaminantes, metales pesados y compuestos de oxidaci\u00f3n, as\u00ed como una conservaci\u00f3n \u00f3ptima gracias a la adici\u00f3n de vitamina E que protege los \u00e1cidos grasos.<\/p>\n<p>La C\u00farcuma Fitosomal es un preparado de extracto de c\u00farcuma (fuente de curcuminoides con alto contenido en curcumina) y lecitina de girasol, que tiene una biodisponibilidad 29 veces superior a la de un extracto de c\u00farcuma convencional. El selenio y la vitamina C (liposomal) contribuyen a la protecci\u00f3n de las c\u00e9lulas frente al estr\u00e9s oxidativo.<\/p>\n<p><strong>PRESENTACI\u00d3N<\/strong><\/p>\n<p>30 c\u00e1psulas + 30 perlas<\/p>\n<p>&nbsp;<\/p>\n","protected":false},"excerpt":{"rendered":"<p>Omega-3 contiene \u00e1cidos grasos que contribuyen al funcionamiento normal del coraz\u00f3n. El DHA contribuye al mantenimiento normal del cerebro y la visi\u00f3n. [&#8230;]<\/p>\n<p><a class=\"btn btn-secondary understrap-read-more-link\" href=\"https:\/\/www.lifenatura.com\/es\/produto\/omega-3-30-capsulas-30-perlas-vitalart\/\">Leer m\u00e1s&#8230;<span class=\"screen-reader-text\"> from Omega-3 30 c\u00e1psulas + 30 perlas &#8211; Vitalart<\/span><\/a><\/p>\n","protected":false},"featured_media":64785,"template":"","meta":{"_acf_changed":false},"product_brand":[8387],"product_cat":[7659,7755,7179,7228],"product_tag":[],"class_list":{"0":"post-64622","1":"product","2":"type-product","3":"status-publish","4":"has-post-thumbnail","6":"product_brand-vitalart","7":"product_cat-ingrediente-natural-bio","8":"product_cat-omega-3-es","9":"product_cat-salud","10":"product_cat-tension-arterial","12":"first","13":"outofstock","14":"shipping-taxable","15":"purchasable","16":"product-type-simple","17":"add-to-wishlist-before_image"},"acf":[],"yoast_head":"<!-- This site is optimized with the Yoast SEO Premium plugin v27.1 (Yoast SEO v27.4) - https:\/\/yoast.com\/product\/yoast-seo-premium-wordpress\/ -->\n<title>Omega-3 30 c\u00e1psulas + 30 perlas - Vitalart - Lifenatura<\/title>\n<meta name=\"description\" content=\"Omega-3 contiene \u00e1cidos grasos que contribuyen al funcionamiento normal del coraz\u00f3n. El DHA contribuye al mantenimiento normal del cerebro y la visi\u00f3n.\" \/>\n<meta name=\"robots\" content=\"index, follow, max-snippet:-1, max-image-preview:large, max-video-preview:-1\" \/>\n<link rel=\"canonical\" href=\"https:\/\/www.lifenatura.com\/es\/produto\/omega-3-30-capsulas-30-perlas-vitalart\/\" \/>\n<meta property=\"og:locale\" content=\"es_ES\" \/>\n<meta property=\"og:type\" content=\"article\" \/>\n<meta property=\"og:title\" content=\"Omega-3 30 c\u00e1psulas + 30 perlas - Vitalart - Lifenatura\" \/>\n<meta property=\"og:description\" content=\"Compre aqui o seu Omega-3 30 c\u00e1psulas + 30 perlas - Vitalart e a Lifenatura Online envia em 48 H com Portes Gratis &gt;35\u20ac de Pedido.\" \/>\n<meta property=\"og:url\" content=\"https:\/\/www.lifenatura.com\/es\/produto\/omega-3-30-capsulas-30-perlas-vitalart\/\" \/>\n<meta property=\"og:site_name\" content=\"Lifenatura\" \/>\n<meta property=\"article:publisher\" content=\"https:\/\/www.facebook.com\/lifenatura\" \/>\n<meta property=\"article:modified_time\" content=\"2023-10-01T00:02:14+00:00\" \/>\n<meta property=\"og:image\" content=\"https:\/\/www.lifenatura.com\/wp-content\/uploads\/2023\/04\/omega-3-vitalart.jpg\" \/>\n\t<meta property=\"og:image:width\" content=\"1000\" \/>\n\t<meta property=\"og:image:height\" content=\"1000\" \/>\n\t<meta property=\"og:image:type\" content=\"image\/jpeg\" \/>\n<meta name=\"twitter:card\" content=\"summary_large_image\" \/>\n<meta name=\"twitter:label1\" content=\"Precio\" \/>\n\t<meta name=\"twitter:data1\" content=\"29,85&nbsp;&euro;\" \/>\n\t<meta name=\"twitter:label2\" content=\"Disponibilidad\" \/>\n\t<meta name=\"twitter:data2\" content=\"Sin existencias\" \/>\n<meta property=\"product:price:amount\" content=\"29.85\" \/>\n<meta property=\"product:price:currency\" content=\"EUR\" \/>\n<meta property=\"og:availability\" content=\"out of stock\" \/>\n<meta property=\"product:availability\" content=\"out of stock\" \/>\n<meta property=\"product:retailer_item_id\" content=\"8436037510700\" \/>\n<meta property=\"product:condition\" content=\"new\" \/>\n<!-- \/ Yoast SEO Premium plugin. -->","yoast_head_json":{"title":"Omega-3 30 c\u00e1psulas + 30 perlas - Vitalart - Lifenatura","description":"Omega-3 contiene \u00e1cidos grasos que contribuyen al funcionamiento normal del coraz\u00f3n. El DHA contribuye al mantenimiento normal del cerebro y la visi\u00f3n.","robots":{"index":"index","follow":"follow","max-snippet":"max-snippet:-1","max-image-preview":"max-image-preview:large","max-video-preview":"max-video-preview:-1"},"canonical":"https:\/\/www.lifenatura.com\/es\/produto\/omega-3-30-capsulas-30-perlas-vitalart\/","og_locale":"es_ES","og_type":"article","og_title":"Omega-3 30 c\u00e1psulas + 30 perlas - Vitalart - Lifenatura","og_description":"Compre aqui o seu Omega-3 30 c\u00e1psulas + 30 perlas - Vitalart e a Lifenatura Online envia em 48 H com Portes Gratis >35\u20ac de Pedido.","og_url":"https:\/\/www.lifenatura.com\/es\/produto\/omega-3-30-capsulas-30-perlas-vitalart\/","og_site_name":"Lifenatura","article_publisher":"https:\/\/www.facebook.com\/lifenatura","article_modified_time":"2023-10-01T00:02:14+00:00","og_image":[{"width":1000,"height":1000,"url":"https:\/\/www.lifenatura.com\/wp-content\/uploads\/2023\/04\/omega-3-vitalart.jpg","type":"image\/jpeg"}],"twitter_card":"summary_large_image","twitter_misc":{"Precio":"29,85&nbsp;&euro;","Disponibilidad":"Sin existencias"},"schema":{"@context":"https:\/\/schema.org","@graph":[{"@type":"WebPage","@id":"https:\/\/www.lifenatura.com\/es\/produto\/omega-3-30-capsulas-30-perlas-vitalart\/","url":"https:\/\/www.lifenatura.com\/es\/produto\/omega-3-30-capsulas-30-perlas-vitalart\/","name":"Omega-3 30 c\u00e1psulas + 30 perlas - Vitalart - Lifenatura","isPartOf":{"@id":"https:\/\/www.lifenatura.com\/#website"},"primaryImageOfPage":{"@id":"https:\/\/www.lifenatura.com\/es\/produto\/omega-3-30-capsulas-30-perlas-vitalart\/#primaryimage"},"image":{"@id":"https:\/\/www.lifenatura.com\/es\/produto\/omega-3-30-capsulas-30-perlas-vitalart\/#primaryimage"},"thumbnailUrl":"https:\/\/www.lifenatura.com\/wp-content\/uploads\/2023\/04\/omega-3-vitalart.jpg","datePublished":"2023-04-21T08:17:06+00:00","dateModified":"2023-10-01T00:02:14+00:00","description":"Omega-3 contiene \u00e1cidos grasos que contribuyen al funcionamiento normal del coraz\u00f3n. El DHA contribuye al mantenimiento normal del cerebro y la visi\u00f3n.","breadcrumb":{"@id":"https:\/\/www.lifenatura.com\/es\/produto\/omega-3-30-capsulas-30-perlas-vitalart\/#breadcrumb"},"inLanguage":"es","potentialAction":[{"@type":"ReadAction","target":["https:\/\/www.lifenatura.com\/es\/produto\/omega-3-30-capsulas-30-perlas-vitalart\/"]}]},{"@type":"ImageObject","inLanguage":"es","@id":"https:\/\/www.lifenatura.com\/es\/produto\/omega-3-30-capsulas-30-perlas-vitalart\/#primaryimage","url":"https:\/\/www.lifenatura.com\/wp-content\/uploads\/2023\/04\/omega-3-vitalart.jpg","contentUrl":"https:\/\/www.lifenatura.com\/wp-content\/uploads\/2023\/04\/omega-3-vitalart.jpg","width":1000,"height":1000,"caption":"Omega 3 da marca Vitalart"},{"@type":"BreadcrumbList","@id":"https:\/\/www.lifenatura.com\/es\/produto\/omega-3-30-capsulas-30-perlas-vitalart\/#breadcrumb","itemListElement":[{"@type":"ListItem","position":1,"name":"In\u00edcio","item":"https:\/\/www.lifenatura.com\/es\/"},{"@type":"ListItem","position":2,"name":"Todos los Productos","item":"https:\/\/www.lifenatura.com\/es\/tienda\/"},{"@type":"ListItem","position":3,"name":"Omega-3 30 c\u00e1psulas + 30 perlas &#8211; Vitalart"}]},{"@type":"WebSite","@id":"https:\/\/www.lifenatura.com\/#website","url":"https:\/\/www.lifenatura.com\/","name":"Lifenatura","description":"A Lifenatura \u00e9 uma loja de produtos naturais, cosm\u00e9tica natural e alimenta\u00e7\u00e3o Biol\u00f3gica.","publisher":{"@id":"https:\/\/www.lifenatura.com\/#organization"},"potentialAction":[{"@type":"SearchAction","target":{"@type":"EntryPoint","urlTemplate":"https:\/\/www.lifenatura.com\/?s={search_term_string}"},"query-input":{"@type":"PropertyValueSpecification","valueRequired":true,"valueName":"search_term_string"}}],"inLanguage":"es"},{"@type":"Organization","@id":"https:\/\/www.lifenatura.com\/#organization","name":"Lifenatura","url":"https:\/\/www.lifenatura.com\/","logo":{"@type":"ImageObject","inLanguage":"es","@id":"https:\/\/www.lifenatura.com\/#\/schema\/logo\/image\/","url":"https:\/\/www.lifenatura.com\/wp-content\/uploads\/2021\/11\/logo.png","contentUrl":"https:\/\/www.lifenatura.com\/wp-content\/uploads\/2021\/11\/logo.png","width":175,"height":55,"caption":"Lifenatura"},"image":{"@id":"https:\/\/www.lifenatura.com\/#\/schema\/logo\/image\/"},"sameAs":["https:\/\/www.facebook.com\/lifenatura","https:\/\/www.instagram.com\/lifenaturapt\/"]}]},"product_price_amount":"29.85","product_price_currency":"EUR","og_availability":"out of stock","product_availability":"out of stock","product_retailer_item_id":"8436037510700","product_condition":"new"},"df_price":29.85,"df_sale_price":"","df_regular_price":29.85,"df_image_link":"https:\/\/www.lifenatura.com\/wp-content\/uploads\/2023\/04\/omega-3-vitalart-300x300.jpg","_links":{"self":[{"href":"https:\/\/www.lifenatura.com\/es\/wp-json\/wp\/v2\/product\/64622","targetHints":{"allow":["GET"]}}],"collection":[{"href":"https:\/\/www.lifenatura.com\/es\/wp-json\/wp\/v2\/product"}],"about":[{"href":"https:\/\/www.lifenatura.com\/es\/wp-json\/wp\/v2\/types\/product"}],"wp:featuredmedia":[{"embeddable":true,"href":"https:\/\/www.lifenatura.com\/es\/wp-json\/wp\/v2\/media\/64785"}],"wp:attachment":[{"href":"https:\/\/www.lifenatura.com\/es\/wp-json\/wp\/v2\/media?parent=64622"}],"wp:term":[{"taxonomy":"product_brand","embeddable":true,"href":"https:\/\/www.lifenatura.com\/es\/wp-json\/wp\/v2\/product_brand?post=64622"},{"taxonomy":"product_cat","embeddable":true,"href":"https:\/\/www.lifenatura.com\/es\/wp-json\/wp\/v2\/product_cat?post=64622"},{"taxonomy":"product_tag","embeddable":true,"href":"https:\/\/www.lifenatura.com\/es\/wp-json\/wp\/v2\/product_tag?post=64622"}],"curies":[{"name":"wp","href":"https:\/\/api.w.org\/{rel}","templated":true}]}}