{"id":64321,"date":"2023-04-14T15:41:03","date_gmt":"2023-04-14T15:41:03","guid":{"rendered":"https:\/\/www.lifenatura.com\/?post_type=product&#038;p=64321"},"modified":"2026-04-04T00:41:02","modified_gmt":"2026-04-04T00:41:02","slug":"bisglicinato-de-zinc-90-comprimidos-drasanvi","status":"publish","type":"product","link":"https:\/\/www.lifenatura.com\/es\/produto\/bisglicinato-de-zinc-90-comprimidos-drasanvi\/","title":{"rendered":"Bisglicinato de Zinc 90 comprimidos &#8211; Drasanvi"},"content":{"rendered":"<h2 style=\"text-align: left\"><strong>El bisglicinato de zinc contribuye al mantenimiento del cabello, las u\u00f1as, la piel y los huesos<\/strong><\/h2>\n<p>&nbsp;<\/p>\n<p>El zinc es un mineral esencial para la vida e interviene en numerosas funciones del organismo, desde la funci\u00f3n cognitiva hasta el mantenimiento de una visi\u00f3n normal, pero es importante elegir una fuente de zinc con una elevada biodisponibilidad, por lo que decidimos a\u00f1adir zinc en forma de bisglicinato, que ha demostrado absorberse un 43% m\u00e1s que otras fuentes de zinc utilizadas habitualmente, como el gluconato.<\/p>\n<p>La forma en que se a\u00f1ade el zinc en forma de bisglicinato mejora su biodisponibilidad en el organismo. Varios estudios han demostrado que el bisglicinato se absorbe un 43% mejor que el zinc a\u00f1adido en forma de gluconato. Adem\u00e1s, el bisglicinato no depende del pH del intestino para su absorci\u00f3n.<\/p>\n<p><strong>PRESENTACI\u00d3N<\/strong><\/p>\n<p>90 comprimidos<\/p>\n<p>&nbsp;<\/p>\n","protected":false},"excerpt":{"rendered":"<p>El zinc es un mineral esencial para la vida e interviene en numerosas funciones del organismo, desde la funci\u00f3n cognitiva hasta el mantenimiento de una visi\u00f3n normal. [&#8230;]<\/p>\n<p><a class=\"btn btn-secondary understrap-read-more-link\" href=\"https:\/\/www.lifenatura.com\/es\/produto\/bisglicinato-de-zinc-90-comprimidos-drasanvi\/\">Leer m\u00e1s&#8230;<span class=\"screen-reader-text\"> from Bisglicinato de Zinc 90 comprimidos &#8211; Drasanvi<\/span><\/a><\/p>\n","protected":false},"featured_media":64344,"template":"","meta":{"_acf_changed":false},"product_brand":[8498],"product_cat":[7237,7179],"product_tag":[],"class_list":{"0":"post-64321","1":"product","2":"type-product","3":"status-publish","4":"has-post-thumbnail","6":"product_brand-drasanvi","7":"product_cat-pelo-unas","8":"product_cat-salud","10":"first","11":"instock","12":"shipping-taxable","13":"purchasable","14":"product-type-simple","15":"add-to-wishlist-before_image"},"acf":[],"yoast_head":"<!-- This site is optimized with the Yoast SEO Premium plugin v27.1 (Yoast SEO v27.3) - https:\/\/yoast.com\/product\/yoast-seo-premium-wordpress\/ -->\n<title>Bisglicinato de Zinc 90 comprimidos - Drasanvi - Lifenatura<\/title>\n<meta name=\"description\" content=\"El zinc es un mineral esencial para la vida e interviene en numerosas funciones del organismo, desde la funci\u00f3n cognitiva hasta el mantenimiento de una visi\u00f3n normal.\" \/>\n<meta name=\"robots\" content=\"index, follow, max-snippet:-1, max-image-preview:large, max-video-preview:-1\" \/>\n<link rel=\"canonical\" href=\"https:\/\/www.lifenatura.com\/es\/produto\/bisglicinato-de-zinc-90-comprimidos-drasanvi\/\" \/>\n<meta property=\"og:locale\" content=\"es_ES\" \/>\n<meta property=\"og:type\" content=\"article\" \/>\n<meta property=\"og:title\" content=\"Bisglicinato de Zinc 90 comprimidos - Drasanvi - Lifenatura\" \/>\n<meta property=\"og:description\" content=\"Compre aqui o seu Bisglicinato de Zinc 90 comprimidos - Drasanvi e a Lifenatura Online envia em 48 H com Portes Gratis &gt;35\u20ac de Pedido.\" \/>\n<meta property=\"og:url\" content=\"https:\/\/www.lifenatura.com\/es\/produto\/bisglicinato-de-zinc-90-comprimidos-drasanvi\/\" \/>\n<meta property=\"og:site_name\" content=\"Lifenatura\" \/>\n<meta property=\"article:publisher\" content=\"https:\/\/www.facebook.com\/lifenatura\" \/>\n<meta property=\"article:modified_time\" content=\"2026-04-04T00:41:02+00:00\" \/>\n<meta property=\"og:image\" content=\"https:\/\/www.lifenatura.com\/wp-content\/uploads\/2023\/04\/bisglicinato-zinco-drasanvi.jpg\" \/>\n\t<meta property=\"og:image:width\" content=\"1000\" \/>\n\t<meta property=\"og:image:height\" content=\"1000\" \/>\n\t<meta property=\"og:image:type\" content=\"image\/jpeg\" \/>\n<meta name=\"twitter:card\" content=\"summary_large_image\" \/>\n<meta name=\"twitter:label1\" content=\"Precio\" \/>\n\t<meta name=\"twitter:data1\" content=\"19,25&nbsp;&euro;\" \/>\n\t<meta name=\"twitter:label2\" content=\"Disponibilidad\" \/>\n\t<meta name=\"twitter:data2\" content=\"Disponible\" \/>\n<meta property=\"product:price:amount\" content=\"19.25\" \/>\n<meta property=\"product:price:currency\" content=\"EUR\" \/>\n<meta property=\"og:availability\" content=\"instock\" \/>\n<meta property=\"product:availability\" content=\"instock\" \/>\n<meta property=\"product:retailer_item_id\" content=\"8436578541317\" \/>\n<meta property=\"product:condition\" content=\"new\" \/>\n<!-- \/ Yoast SEO Premium plugin. -->","yoast_head_json":{"title":"Bisglicinato de Zinc 90 comprimidos - Drasanvi - Lifenatura","description":"El zinc es un mineral esencial para la vida e interviene en numerosas funciones del organismo, desde la funci\u00f3n cognitiva hasta el mantenimiento de una visi\u00f3n normal.","robots":{"index":"index","follow":"follow","max-snippet":"max-snippet:-1","max-image-preview":"max-image-preview:large","max-video-preview":"max-video-preview:-1"},"canonical":"https:\/\/www.lifenatura.com\/es\/produto\/bisglicinato-de-zinc-90-comprimidos-drasanvi\/","og_locale":"es_ES","og_type":"article","og_title":"Bisglicinato de Zinc 90 comprimidos - Drasanvi - Lifenatura","og_description":"Compre aqui o seu Bisglicinato de Zinc 90 comprimidos - Drasanvi e a Lifenatura Online envia em 48 H com Portes Gratis >35\u20ac de Pedido.","og_url":"https:\/\/www.lifenatura.com\/es\/produto\/bisglicinato-de-zinc-90-comprimidos-drasanvi\/","og_site_name":"Lifenatura","article_publisher":"https:\/\/www.facebook.com\/lifenatura","article_modified_time":"2026-04-04T00:41:02+00:00","og_image":[{"width":1000,"height":1000,"url":"https:\/\/www.lifenatura.com\/wp-content\/uploads\/2023\/04\/bisglicinato-zinco-drasanvi.jpg","type":"image\/jpeg"}],"twitter_card":"summary_large_image","twitter_misc":{"Precio":"19,25&nbsp;&euro;","Disponibilidad":"Disponible"},"schema":{"@context":"https:\/\/schema.org","@graph":[{"@type":"WebPage","@id":"https:\/\/www.lifenatura.com\/es\/produto\/bisglicinato-de-zinc-90-comprimidos-drasanvi\/","url":"https:\/\/www.lifenatura.com\/es\/produto\/bisglicinato-de-zinc-90-comprimidos-drasanvi\/","name":"Bisglicinato de Zinc 90 comprimidos - Drasanvi - Lifenatura","isPartOf":{"@id":"https:\/\/www.lifenatura.com\/es\/#website"},"primaryImageOfPage":{"@id":"https:\/\/www.lifenatura.com\/es\/produto\/bisglicinato-de-zinc-90-comprimidos-drasanvi\/#primaryimage"},"image":{"@id":"https:\/\/www.lifenatura.com\/es\/produto\/bisglicinato-de-zinc-90-comprimidos-drasanvi\/#primaryimage"},"thumbnailUrl":"https:\/\/www.lifenatura.com\/wp-content\/uploads\/2023\/04\/bisglicinato-zinco-drasanvi.jpg","datePublished":"2023-04-14T15:41:03+00:00","dateModified":"2026-04-04T00:41:02+00:00","description":"El zinc es un mineral esencial para la vida e interviene en numerosas funciones del organismo, desde la funci\u00f3n cognitiva hasta el mantenimiento de una visi\u00f3n normal.","breadcrumb":{"@id":"https:\/\/www.lifenatura.com\/es\/produto\/bisglicinato-de-zinc-90-comprimidos-drasanvi\/#breadcrumb"},"inLanguage":"es","potentialAction":[{"@type":"ReadAction","target":["https:\/\/www.lifenatura.com\/es\/produto\/bisglicinato-de-zinc-90-comprimidos-drasanvi\/"]}]},{"@type":"ImageObject","inLanguage":"es","@id":"https:\/\/www.lifenatura.com\/es\/produto\/bisglicinato-de-zinc-90-comprimidos-drasanvi\/#primaryimage","url":"https:\/\/www.lifenatura.com\/wp-content\/uploads\/2023\/04\/bisglicinato-zinco-drasanvi.jpg","contentUrl":"https:\/\/www.lifenatura.com\/wp-content\/uploads\/2023\/04\/bisglicinato-zinco-drasanvi.jpg","width":1000,"height":1000,"caption":"zinco da marca drasanvi"},{"@type":"BreadcrumbList","@id":"https:\/\/www.lifenatura.com\/es\/produto\/bisglicinato-de-zinc-90-comprimidos-drasanvi\/#breadcrumb","itemListElement":[{"@type":"ListItem","position":1,"name":"In\u00edcio","item":"https:\/\/www.lifenatura.com\/es\/"},{"@type":"ListItem","position":2,"name":"Todos los Productos","item":"https:\/\/www.lifenatura.com\/es\/tienda\/"},{"@type":"ListItem","position":3,"name":"Bisglicinato de Zinc 90 comprimidos &#8211; Drasanvi"}]},{"@type":"WebSite","@id":"https:\/\/www.lifenatura.com\/es\/#website","url":"https:\/\/www.lifenatura.com\/es\/","name":"Lifenatura","description":"A Lifenatura \u00e9 uma loja de produtos naturais, cosm\u00e9tica natural e alimenta\u00e7\u00e3o Biol\u00f3gica.","publisher":{"@id":"https:\/\/www.lifenatura.com\/es\/#organization"},"potentialAction":[{"@type":"SearchAction","target":{"@type":"EntryPoint","urlTemplate":"https:\/\/www.lifenatura.com\/es\/?s={search_term_string}"},"query-input":{"@type":"PropertyValueSpecification","valueRequired":true,"valueName":"search_term_string"}}],"inLanguage":"es"},{"@type":"Organization","@id":"https:\/\/www.lifenatura.com\/es\/#organization","name":"Lifenatura","url":"https:\/\/www.lifenatura.com\/es\/","logo":{"@type":"ImageObject","inLanguage":"es","@id":"https:\/\/www.lifenatura.com\/es\/#\/schema\/logo\/image\/","url":"https:\/\/www.lifenatura.com\/wp-content\/uploads\/2021\/11\/logo.png","contentUrl":"https:\/\/www.lifenatura.com\/wp-content\/uploads\/2021\/11\/logo.png","width":175,"height":55,"caption":"Lifenatura"},"image":{"@id":"https:\/\/www.lifenatura.com\/es\/#\/schema\/logo\/image\/"},"sameAs":["https:\/\/www.facebook.com\/lifenatura","https:\/\/www.instagram.com\/lifenaturapt\/"]}]},"product_price_amount":"19.25","product_price_currency":"EUR","og_availability":"instock","product_availability":"instock","product_retailer_item_id":"8436578541317","product_condition":"new"},"df_price":19.25,"df_sale_price":11.55,"df_regular_price":19.25,"df_image_link":"https:\/\/www.lifenatura.com\/wp-content\/uploads\/2023\/04\/bisglicinato-zinco-drasanvi-300x300.jpg","_links":{"self":[{"href":"https:\/\/www.lifenatura.com\/es\/wp-json\/wp\/v2\/product\/64321","targetHints":{"allow":["GET"]}}],"collection":[{"href":"https:\/\/www.lifenatura.com\/es\/wp-json\/wp\/v2\/product"}],"about":[{"href":"https:\/\/www.lifenatura.com\/es\/wp-json\/wp\/v2\/types\/product"}],"wp:featuredmedia":[{"embeddable":true,"href":"https:\/\/www.lifenatura.com\/es\/wp-json\/wp\/v2\/media\/64344"}],"wp:attachment":[{"href":"https:\/\/www.lifenatura.com\/es\/wp-json\/wp\/v2\/media?parent=64321"}],"wp:term":[{"taxonomy":"product_brand","embeddable":true,"href":"https:\/\/www.lifenatura.com\/es\/wp-json\/wp\/v2\/product_brand?post=64321"},{"taxonomy":"product_cat","embeddable":true,"href":"https:\/\/www.lifenatura.com\/es\/wp-json\/wp\/v2\/product_cat?post=64321"},{"taxonomy":"product_tag","embeddable":true,"href":"https:\/\/www.lifenatura.com\/es\/wp-json\/wp\/v2\/product_tag?post=64321"}],"curies":[{"name":"wp","href":"https:\/\/api.w.org\/{rel}","templated":true}]}}