{"id":64270,"date":"2023-04-13T16:27:42","date_gmt":"2023-04-13T16:27:42","guid":{"rendered":"https:\/\/www.lifenatura.com\/?post_type=product&#038;p=64270"},"modified":"2026-04-21T00:01:42","modified_gmt":"2026-04-21T00:01:42","slug":"extracto-de-raiz-de-regaliz-desglicirrinizado-60-capsulas-solgar","status":"publish","type":"product","link":"https:\/\/www.lifenatura.com\/es\/produto\/extracto-de-raiz-de-regaliz-desglicirrinizado-60-capsulas-solgar\/","title":{"rendered":"Extracto de Ra\u00edz de Regaliz Desglicirrinizado 60 c\u00e1psulas &#8211; Solgar"},"content":{"rendered":"<h2 style=\"text-align: left\"><strong>Extracto de ra\u00edz de regaliz para proteger el est\u00f3mago<\/strong><\/h2>\n<p>&nbsp;<\/p>\n<p>El regaliz se ha utilizado tradicionalmente para tratar los trastornos del est\u00f3mago y el duodeno (gastritis, \u00falceras). Tiene efectos calmantes, protectores y cicatrizantes sobre las mucosas de estos \u00f3rganos, lo que permite ayudar a resolver el problema.<\/p>\n<p>Tambi\u00e9n se le atribuye actividad antiinflamatoria, debido a su acci\u00f3n similar a la del cortisol y tambi\u00e9n a su capacidad para inhibir la fosfolipasa A2, responsable de la producci\u00f3n de prostaglandinas y leucotrienos -mediadores inflamatorios.<\/p>\n<p>El regaliz posee componentes fitoestrog\u00e9nicos, uni\u00e9ndose competitivamente a los receptores estrog\u00e9nicos, inhibiendo su actividad.<\/p>\n<p><strong>PRESENTACI\u00d3N<\/strong><\/p>\n<p>60 c\u00e1psulas<\/p>\n<p>&nbsp;<\/p>\n","protected":false},"excerpt":{"rendered":"<p>El Extracto de Ra\u00edz de Regaliz Desglicirrizado est\u00e1 indicado en casos de gastritis, \u00falcera dastroduodenal, estados de alergia e inflamaci\u00f3n as\u00ed como tos. [&#8230;]<\/p>\n<p><a class=\"btn btn-secondary understrap-read-more-link\" href=\"https:\/\/www.lifenatura.com\/es\/produto\/extracto-de-raiz-de-regaliz-desglicirrinizado-60-capsulas-solgar\/\">Leer m\u00e1s&#8230;<span class=\"screen-reader-text\"> from Extracto de Ra\u00edz de Regaliz Desglicirrinizado 60 c\u00e1psulas &#8211; Solgar<\/span><\/a><\/p>\n","protected":false},"featured_media":129047,"template":"","meta":{"_acf_changed":false},"product_brand":[8365],"product_cat":[7258,7179],"product_tag":[8682],"class_list":{"0":"post-64270","1":"product","2":"type-product","3":"status-publish","4":"has-post-thumbnail","6":"product_brand-solgar","7":"product_cat-proteccion-del-estomago","8":"product_cat-salud","9":"product_tag-dietimport","11":"first","12":"instock","13":"sale","14":"featured","15":"shipping-taxable","16":"purchasable","17":"product-type-simple","18":"add-to-wishlist-before_image"},"acf":[],"yoast_head":"<!-- This site is optimized with the Yoast SEO Premium plugin v27.1 (Yoast SEO v27.5) - https:\/\/yoast.com\/product\/yoast-seo-premium-wordpress\/ -->\n<title>Extracto de Ra\u00edz de Regaliz Desglicirrinizado 60 c\u00e1psulas - Solgar<\/title>\n<meta name=\"description\" content=\"El Extracto de Ra\u00edz de Regaliz Desglicirrizado est\u00e1 indicado en casos de gastritis, \u00falcera dastroduodenal, estados de alergia e inflamaci\u00f3n as\u00ed como tos.\" \/>\n<meta name=\"robots\" content=\"index, follow, max-snippet:-1, max-image-preview:large, max-video-preview:-1\" \/>\n<link rel=\"canonical\" href=\"https:\/\/www.lifenatura.com\/es\/produto\/extracto-de-raiz-de-regaliz-desglicirrinizado-60-capsulas-solgar\/\" \/>\n<meta property=\"og:locale\" content=\"es_ES\" \/>\n<meta property=\"og:type\" content=\"article\" \/>\n<meta property=\"og:title\" content=\"Extracto de Ra\u00edz de Regaliz Desglicirrinizado 60 c\u00e1psulas - Solgar - Na Lifenatura ao Melhor Pre\u00e7o | Envio 48h\" \/>\n<meta property=\"og:description\" content=\"Compre Extracto de Ra\u00edz de Regaliz Desglicirrinizado 60 c\u00e1psulas - Solgar com envio r\u00e1pido. Entrega em 48h e portes gr\u00e1tis em compras &gt;35\u20ac. Aproveite j\u00e1 na Lifenatura\" \/>\n<meta property=\"og:url\" content=\"https:\/\/www.lifenatura.com\/es\/produto\/extracto-de-raiz-de-regaliz-desglicirrinizado-60-capsulas-solgar\/\" \/>\n<meta property=\"og:site_name\" content=\"Lifenatura\" \/>\n<meta property=\"article:publisher\" content=\"https:\/\/www.facebook.com\/lifenatura\" \/>\n<meta property=\"article:modified_time\" content=\"2026-04-21T00:01:42+00:00\" \/>\n<meta property=\"og:image\" content=\"https:\/\/www.lifenatura.com\/wp-content\/uploads\/2023\/04\/extrato-raiz-alcacuz-desglicirrizado-solgar.jpg\" \/>\n\t<meta property=\"og:image:width\" content=\"1000\" \/>\n\t<meta property=\"og:image:height\" content=\"1000\" \/>\n\t<meta property=\"og:image:type\" content=\"image\/jpeg\" \/>\n<meta name=\"twitter:card\" content=\"summary_large_image\" \/>\n<meta name=\"twitter:label1\" content=\"Precio\" \/>\n\t<meta name=\"twitter:data1\" content=\"16,10&nbsp;&euro;\" \/>\n\t<meta name=\"twitter:label2\" content=\"Disponibilidad\" \/>\n\t<meta name=\"twitter:data2\" content=\"Disponible\" \/>\n<script type=\"application\/ld+json\" class=\"yoast-schema-graph\">{\"@context\":\"https:\\\/\\\/schema.org\",\"@graph\":[{\"@type\":\"WebPage\",\"@id\":\"https:\\\/\\\/www.lifenatura.com\\\/es\\\/produto\\\/extracto-de-raiz-de-regaliz-desglicirrinizado-60-capsulas-solgar\\\/\",\"url\":\"https:\\\/\\\/www.lifenatura.com\\\/es\\\/produto\\\/extracto-de-raiz-de-regaliz-desglicirrinizado-60-capsulas-solgar\\\/\",\"name\":\"Extracto de Ra\u00edz de Regaliz Desglicirrinizado 60 c\u00e1psulas - Solgar\",\"isPartOf\":{\"@id\":\"https:\\\/\\\/www.lifenatura.com\\\/es\\\/#website\"},\"primaryImageOfPage\":{\"@id\":\"https:\\\/\\\/www.lifenatura.com\\\/es\\\/produto\\\/extracto-de-raiz-de-regaliz-desglicirrinizado-60-capsulas-solgar\\\/#primaryimage\"},\"image\":{\"@id\":\"https:\\\/\\\/www.lifenatura.com\\\/es\\\/produto\\\/extracto-de-raiz-de-regaliz-desglicirrinizado-60-capsulas-solgar\\\/#primaryimage\"},\"thumbnailUrl\":\"https:\\\/\\\/www.lifenatura.com\\\/wp-content\\\/uploads\\\/2026\\\/03\\\/extrato-raiz-alcacuz-desglicirrizado-solgar.jpg.webp\",\"datePublished\":\"2023-04-13T16:27:42+00:00\",\"dateModified\":\"2026-04-21T00:01:42+00:00\",\"description\":\"El Extracto de Ra\u00edz de Regaliz Desglicirrizado est\u00e1 indicado en casos de gastritis, \u00falcera dastroduodenal, estados de alergia e inflamaci\u00f3n as\u00ed como tos.\",\"breadcrumb\":{\"@id\":\"https:\\\/\\\/www.lifenatura.com\\\/es\\\/produto\\\/extracto-de-raiz-de-regaliz-desglicirrinizado-60-capsulas-solgar\\\/#breadcrumb\"},\"inLanguage\":\"es\",\"potentialAction\":[{\"@type\":\"ReadAction\",\"target\":[\"https:\\\/\\\/www.lifenatura.com\\\/es\\\/produto\\\/extracto-de-raiz-de-regaliz-desglicirrinizado-60-capsulas-solgar\\\/\"]}]},{\"@type\":\"ImageObject\",\"inLanguage\":\"es\",\"@id\":\"https:\\\/\\\/www.lifenatura.com\\\/es\\\/produto\\\/extracto-de-raiz-de-regaliz-desglicirrinizado-60-capsulas-solgar\\\/#primaryimage\",\"url\":\"https:\\\/\\\/www.lifenatura.com\\\/wp-content\\\/uploads\\\/2026\\\/03\\\/extrato-raiz-alcacuz-desglicirrizado-solgar.jpg.webp\",\"contentUrl\":\"https:\\\/\\\/www.lifenatura.com\\\/wp-content\\\/uploads\\\/2026\\\/03\\\/extrato-raiz-alcacuz-desglicirrizado-solgar.jpg.webp\",\"width\":1000,\"height\":1000},{\"@type\":\"BreadcrumbList\",\"@id\":\"https:\\\/\\\/www.lifenatura.com\\\/es\\\/produto\\\/extracto-de-raiz-de-regaliz-desglicirrinizado-60-capsulas-solgar\\\/#breadcrumb\",\"itemListElement\":[{\"@type\":\"ListItem\",\"position\":1,\"name\":\"In\u00edcio\",\"item\":\"https:\\\/\\\/www.lifenatura.com\\\/es\\\/\"},{\"@type\":\"ListItem\",\"position\":2,\"name\":\"Todos los Productos\",\"item\":\"https:\\\/\\\/www.lifenatura.com\\\/es\\\/tienda\\\/\"},{\"@type\":\"ListItem\",\"position\":3,\"name\":\"Extracto de Ra\u00edz de Regaliz Desglicirrinizado 60 c\u00e1psulas &#8211; Solgar\"}]},{\"@type\":\"WebSite\",\"@id\":\"https:\\\/\\\/www.lifenatura.com\\\/es\\\/#website\",\"url\":\"https:\\\/\\\/www.lifenatura.com\\\/es\\\/\",\"name\":\"Lifenatura\",\"description\":\"A Lifenatura \u00e9 uma loja de produtos naturais, cosm\u00e9tica natural e alimenta\u00e7\u00e3o Biol\u00f3gica.\",\"publisher\":{\"@id\":\"https:\\\/\\\/www.lifenatura.com\\\/es\\\/#organization\"},\"potentialAction\":[{\"@type\":\"SearchAction\",\"target\":{\"@type\":\"EntryPoint\",\"urlTemplate\":\"https:\\\/\\\/www.lifenatura.com\\\/es\\\/?s={search_term_string}\"},\"query-input\":{\"@type\":\"PropertyValueSpecification\",\"valueRequired\":true,\"valueName\":\"search_term_string\"}}],\"inLanguage\":\"es\"},{\"@type\":\"Organization\",\"@id\":\"https:\\\/\\\/www.lifenatura.com\\\/es\\\/#organization\",\"name\":\"Lifenatura\",\"url\":\"https:\\\/\\\/www.lifenatura.com\\\/es\\\/\",\"logo\":{\"@type\":\"ImageObject\",\"inLanguage\":\"es\",\"@id\":\"https:\\\/\\\/www.lifenatura.com\\\/es\\\/#\\\/schema\\\/logo\\\/image\\\/\",\"url\":\"https:\\\/\\\/www.lifenatura.com\\\/wp-content\\\/uploads\\\/2021\\\/07\\\/logo.png\",\"contentUrl\":\"https:\\\/\\\/www.lifenatura.com\\\/wp-content\\\/uploads\\\/2021\\\/07\\\/logo.png\",\"width\":175,\"height\":55,\"caption\":\"Lifenatura\"},\"image\":{\"@id\":\"https:\\\/\\\/www.lifenatura.com\\\/es\\\/#\\\/schema\\\/logo\\\/image\\\/\"},\"sameAs\":[\"https:\\\/\\\/www.facebook.com\\\/lifenatura\",\"https:\\\/\\\/www.instagram.com\\\/lifenaturapt\\\/\"],\"hasMerchantReturnPolicy\":{\"@type\":\"MerchantReturnPolicy\",\"merchantReturnLink\":\"https:\\\/\\\/www.lifenatura.com\\\/termos-condicoes-lifenatura\\\/\"}}]}<\/script>\n<meta property=\"product:price:amount\" content=\"16.10\" \/>\n<meta property=\"product:price:currency\" content=\"EUR\" \/>\n<meta property=\"og:availability\" content=\"instock\" \/>\n<meta property=\"product:availability\" content=\"instock\" \/>\n<meta property=\"product:retailer_item_id\" content=\"33984041189\" \/>\n<meta property=\"product:condition\" content=\"new\" \/>\n<!-- \/ Yoast SEO Premium plugin. -->","yoast_head_json":{"title":"Extracto de Ra\u00edz de Regaliz Desglicirrinizado 60 c\u00e1psulas - Solgar","description":"El Extracto de Ra\u00edz de Regaliz Desglicirrizado est\u00e1 indicado en casos de gastritis, \u00falcera dastroduodenal, estados de alergia e inflamaci\u00f3n as\u00ed como tos.","robots":{"index":"index","follow":"follow","max-snippet":"max-snippet:-1","max-image-preview":"max-image-preview:large","max-video-preview":"max-video-preview:-1"},"canonical":"https:\/\/www.lifenatura.com\/es\/produto\/extracto-de-raiz-de-regaliz-desglicirrinizado-60-capsulas-solgar\/","og_locale":"es_ES","og_type":"article","og_title":"Extracto de Ra\u00edz de Regaliz Desglicirrinizado 60 c\u00e1psulas - Solgar - Na Lifenatura ao Melhor Pre\u00e7o | Envio 48h","og_description":"Compre Extracto de Ra\u00edz de Regaliz Desglicirrinizado 60 c\u00e1psulas - Solgar com envio r\u00e1pido. Entrega em 48h e portes gr\u00e1tis em compras >35\u20ac. Aproveite j\u00e1 na Lifenatura","og_url":"https:\/\/www.lifenatura.com\/es\/produto\/extracto-de-raiz-de-regaliz-desglicirrinizado-60-capsulas-solgar\/","og_site_name":"Lifenatura","article_publisher":"https:\/\/www.facebook.com\/lifenatura","article_modified_time":"2026-04-21T00:01:42+00:00","og_image":[{"width":1000,"height":1000,"url":"https:\/\/www.lifenatura.com\/wp-content\/uploads\/2023\/04\/extrato-raiz-alcacuz-desglicirrizado-solgar.jpg","type":"image\/jpeg"}],"twitter_card":"summary_large_image","twitter_misc":{"Precio":"16,10&nbsp;&euro;","Disponibilidad":"Disponible"},"schema":{"@context":"https:\/\/schema.org","@graph":[{"@type":"WebPage","@id":"https:\/\/www.lifenatura.com\/es\/produto\/extracto-de-raiz-de-regaliz-desglicirrinizado-60-capsulas-solgar\/","url":"https:\/\/www.lifenatura.com\/es\/produto\/extracto-de-raiz-de-regaliz-desglicirrinizado-60-capsulas-solgar\/","name":"Extracto de Ra\u00edz de Regaliz Desglicirrinizado 60 c\u00e1psulas - Solgar","isPartOf":{"@id":"https:\/\/www.lifenatura.com\/es\/#website"},"primaryImageOfPage":{"@id":"https:\/\/www.lifenatura.com\/es\/produto\/extracto-de-raiz-de-regaliz-desglicirrinizado-60-capsulas-solgar\/#primaryimage"},"image":{"@id":"https:\/\/www.lifenatura.com\/es\/produto\/extracto-de-raiz-de-regaliz-desglicirrinizado-60-capsulas-solgar\/#primaryimage"},"thumbnailUrl":"https:\/\/www.lifenatura.com\/wp-content\/uploads\/2026\/03\/extrato-raiz-alcacuz-desglicirrizado-solgar.jpg.webp","datePublished":"2023-04-13T16:27:42+00:00","dateModified":"2026-04-21T00:01:42+00:00","description":"El Extracto de Ra\u00edz de Regaliz Desglicirrizado est\u00e1 indicado en casos de gastritis, \u00falcera dastroduodenal, estados de alergia e inflamaci\u00f3n as\u00ed como tos.","breadcrumb":{"@id":"https:\/\/www.lifenatura.com\/es\/produto\/extracto-de-raiz-de-regaliz-desglicirrinizado-60-capsulas-solgar\/#breadcrumb"},"inLanguage":"es","potentialAction":[{"@type":"ReadAction","target":["https:\/\/www.lifenatura.com\/es\/produto\/extracto-de-raiz-de-regaliz-desglicirrinizado-60-capsulas-solgar\/"]}]},{"@type":"ImageObject","inLanguage":"es","@id":"https:\/\/www.lifenatura.com\/es\/produto\/extracto-de-raiz-de-regaliz-desglicirrinizado-60-capsulas-solgar\/#primaryimage","url":"https:\/\/www.lifenatura.com\/wp-content\/uploads\/2026\/03\/extrato-raiz-alcacuz-desglicirrizado-solgar.jpg.webp","contentUrl":"https:\/\/www.lifenatura.com\/wp-content\/uploads\/2026\/03\/extrato-raiz-alcacuz-desglicirrizado-solgar.jpg.webp","width":1000,"height":1000},{"@type":"BreadcrumbList","@id":"https:\/\/www.lifenatura.com\/es\/produto\/extracto-de-raiz-de-regaliz-desglicirrinizado-60-capsulas-solgar\/#breadcrumb","itemListElement":[{"@type":"ListItem","position":1,"name":"In\u00edcio","item":"https:\/\/www.lifenatura.com\/es\/"},{"@type":"ListItem","position":2,"name":"Todos los Productos","item":"https:\/\/www.lifenatura.com\/es\/tienda\/"},{"@type":"ListItem","position":3,"name":"Extracto de Ra\u00edz de Regaliz Desglicirrinizado 60 c\u00e1psulas &#8211; Solgar"}]},{"@type":"WebSite","@id":"https:\/\/www.lifenatura.com\/es\/#website","url":"https:\/\/www.lifenatura.com\/es\/","name":"Lifenatura","description":"A Lifenatura \u00e9 uma loja de produtos naturais, cosm\u00e9tica natural e alimenta\u00e7\u00e3o Biol\u00f3gica.","publisher":{"@id":"https:\/\/www.lifenatura.com\/es\/#organization"},"potentialAction":[{"@type":"SearchAction","target":{"@type":"EntryPoint","urlTemplate":"https:\/\/www.lifenatura.com\/es\/?s={search_term_string}"},"query-input":{"@type":"PropertyValueSpecification","valueRequired":true,"valueName":"search_term_string"}}],"inLanguage":"es"},{"@type":"Organization","@id":"https:\/\/www.lifenatura.com\/es\/#organization","name":"Lifenatura","url":"https:\/\/www.lifenatura.com\/es\/","logo":{"@type":"ImageObject","inLanguage":"es","@id":"https:\/\/www.lifenatura.com\/es\/#\/schema\/logo\/image\/","url":"https:\/\/www.lifenatura.com\/wp-content\/uploads\/2021\/07\/logo.png","contentUrl":"https:\/\/www.lifenatura.com\/wp-content\/uploads\/2021\/07\/logo.png","width":175,"height":55,"caption":"Lifenatura"},"image":{"@id":"https:\/\/www.lifenatura.com\/es\/#\/schema\/logo\/image\/"},"sameAs":["https:\/\/www.facebook.com\/lifenatura","https:\/\/www.instagram.com\/lifenaturapt\/"],"hasMerchantReturnPolicy":{"@type":"MerchantReturnPolicy","merchantReturnLink":"https:\/\/www.lifenatura.com\/termos-condicoes-lifenatura\/"}}]},"product_price_amount":"16.10","product_price_currency":"EUR","og_availability":"instock","product_availability":"instock","product_retailer_item_id":"33984041189","product_condition":"new"},"df_price":16.1,"df_sale_price":16.1,"df_regular_price":21.47,"df_image_link":"https:\/\/www.lifenatura.com\/wp-content\/uploads\/2026\/03\/extrato-raiz-alcacuz-desglicirrizado-solgar.jpg-300x300.webp","_links":{"self":[{"href":"https:\/\/www.lifenatura.com\/es\/wp-json\/wp\/v2\/product\/64270","targetHints":{"allow":["GET"]}}],"collection":[{"href":"https:\/\/www.lifenatura.com\/es\/wp-json\/wp\/v2\/product"}],"about":[{"href":"https:\/\/www.lifenatura.com\/es\/wp-json\/wp\/v2\/types\/product"}],"wp:featuredmedia":[{"embeddable":true,"href":"https:\/\/www.lifenatura.com\/es\/wp-json\/wp\/v2\/media\/129047"}],"wp:attachment":[{"href":"https:\/\/www.lifenatura.com\/es\/wp-json\/wp\/v2\/media?parent=64270"}],"wp:term":[{"taxonomy":"product_brand","embeddable":true,"href":"https:\/\/www.lifenatura.com\/es\/wp-json\/wp\/v2\/product_brand?post=64270"},{"taxonomy":"product_cat","embeddable":true,"href":"https:\/\/www.lifenatura.com\/es\/wp-json\/wp\/v2\/product_cat?post=64270"},{"taxonomy":"product_tag","embeddable":true,"href":"https:\/\/www.lifenatura.com\/es\/wp-json\/wp\/v2\/product_tag?post=64270"}],"curies":[{"name":"wp","href":"https:\/\/api.w.org\/{rel}","templated":true}]}}