{"id":64266,"date":"2023-04-13T15:52:24","date_gmt":"2023-04-13T15:52:24","guid":{"rendered":"https:\/\/www.lifenatura.com\/?post_type=product&#038;p=64266"},"modified":"2026-04-09T01:26:15","modified_gmt":"2026-04-09T01:26:15","slug":"ergyantiox-forte-60-capsulas-nutergia","status":"publish","type":"product","link":"https:\/\/www.lifenatura.com\/es\/produto\/ergyantiox-forte-60-capsulas-nutergia\/","title":{"rendered":"Ergyantiox Forte 60 c\u00e1psulas &#8211; Nutergia"},"content":{"rendered":"<h2 style=\"text-align: left;\"><strong>Ergyantiox Forte es un complejo vitam\u00ednico<\/strong><\/h2>\n<p>Ergyantiox Forte es un complemento alimenticio a base de vitaminas, oligoelementos y antioxidantes vegetales, cuyos principales beneficios son:<\/p>\n<ul>\n<li>Protecci\u00f3n ocular (luz azul)<\/li>\n<li>Protecci\u00f3n contra el envejecimiento celular<\/li>\n<li>Protecci\u00f3n de la piel (exposici\u00f3n UV)<\/li>\n<\/ul>\n<p>Esta f\u00f3rmula completa aporta 2 tipos de antioxidantes: Cofactores de los mecanismos antioxidantes end\u00f3genos: oligoelementos como el zinc, el manganeso, el cobre y el selenio, as\u00ed como vitaminas C y B2.<\/p>\n<p>Antioxidantes ex\u00f3genos (rutina, polifenoles, quercetina, antocianinas) procedentes de vegetales como la cebolla, el t\u00e9 verde, la uva y los ar\u00e1ndanos. Las cebollas contienen antioxidantes (quercetina) especialmente recomendables para los fumadores. Los ar\u00e1ndanos son ricos en antioxidantes naturales, las antocianidinas.<\/p>\n<p><strong>\u00bfCu\u00e1ndo se recomienda?<\/strong><\/p>\n<p>Ergyantiox Forte puede recomendarse en caso de exposici\u00f3n a los radicales libres (contaminaci\u00f3n, tabaco), de envejecimiento celular y para proteger la piel de los rayos UV del sol.<\/p>\n<p>\u00bfSab\u00eda que la exposici\u00f3n a los rayos ultravioleta (UV) del sol hace que la piel sintetice radicales libres? Estos atacan a las c\u00e9lulas, degradan las membranas y el col\u00e1geno, provocando un envejecimiento acelerado de los tejidos. Los radicales libres tambi\u00e9n pueden da\u00f1ar el ADN, de ah\u00ed la importancia de los antioxidantes.<\/p>\n<p><strong>PRESENTACI\u00d3N<\/strong><\/p>\n<p>60 c\u00e1psulas<\/p>\n<p>&nbsp;<\/p>\n","protected":false},"excerpt":{"rendered":"<p>Ergyantiox Forte de Nutergia es un complejo de vitaminas, oligoelementos y antioxidantes procedentes de extractos vegetales. [&#8230;]<\/p>\n<p><a class=\"btn btn-secondary understrap-read-more-link\" href=\"https:\/\/www.lifenatura.com\/es\/produto\/ergyantiox-forte-60-capsulas-nutergia\/\">Leer m\u00e1s&#8230;<span class=\"screen-reader-text\"> from Ergyantiox Forte 60 c\u00e1psulas &#8211; Nutergia<\/span><\/a><\/p>\n","protected":false},"featured_media":64304,"template":"","meta":{"_acf_changed":false},"product_brand":[8427],"product_cat":[7236,7259,7179,7883],"product_tag":[],"class_list":{"0":"post-64266","1":"product","2":"type-product","3":"status-publish","4":"has-post-thumbnail","6":"product_brand-nutergia","7":"product_cat-antioxidantes-salud","8":"product_cat-vitaminas-y-minerales","9":"product_cat-salud","10":"product_cat-suplementos-alimenticios","12":"first","13":"instock","14":"shipping-taxable","15":"purchasable","16":"product-type-simple","17":"add-to-wishlist-before_image"},"acf":[],"yoast_head":"<!-- This site is optimized with the Yoast SEO Premium plugin v27.1 (Yoast SEO v27.3) - https:\/\/yoast.com\/product\/yoast-seo-premium-wordpress\/ -->\n<title>Ergyantiox Forte 60 c\u00e1psulas - Nutergia - Lifenatura<\/title>\n<meta name=\"description\" content=\"Ergyantiox Forte de Nutergia es un complejo de vitaminas, oligoelementos y antioxidantes procedentes de extractos vegetales.\" \/>\n<meta name=\"robots\" content=\"index, follow, max-snippet:-1, max-image-preview:large, max-video-preview:-1\" \/>\n<link rel=\"canonical\" href=\"https:\/\/www.lifenatura.com\/es\/produto\/ergyantiox-forte-60-capsulas-nutergia\/\" \/>\n<meta property=\"og:locale\" content=\"es_ES\" \/>\n<meta property=\"og:type\" content=\"article\" \/>\n<meta property=\"og:title\" content=\"Ergyantiox Forte 60 c\u00e1psulas - Nutergia - Lifenatura\" \/>\n<meta property=\"og:description\" content=\"Compre aqui o seu Ergyantiox Forte 60 c\u00e1psulas - Nutergia e a Lifenatura Online envia em 48 H com Portes Gratis &gt;35\u20ac de Pedido.\" \/>\n<meta property=\"og:url\" content=\"https:\/\/www.lifenatura.com\/es\/produto\/ergyantiox-forte-60-capsulas-nutergia\/\" \/>\n<meta property=\"og:site_name\" content=\"Lifenatura\" \/>\n<meta property=\"article:publisher\" content=\"https:\/\/www.facebook.com\/lifenatura\" \/>\n<meta property=\"article:modified_time\" content=\"2026-04-09T01:26:15+00:00\" \/>\n<meta property=\"og:image\" content=\"https:\/\/www.lifenatura.com\/wp-content\/uploads\/2023\/04\/ergyantiox-forte-nutergia.jpg\" \/>\n\t<meta property=\"og:image:width\" content=\"1000\" \/>\n\t<meta property=\"og:image:height\" content=\"1000\" \/>\n\t<meta property=\"og:image:type\" content=\"image\/jpeg\" \/>\n<meta name=\"twitter:card\" content=\"summary_large_image\" \/>\n<meta name=\"twitter:label1\" content=\"Precio\" \/>\n\t<meta name=\"twitter:data1\" content=\"19,37&nbsp;&euro;\" \/>\n\t<meta name=\"twitter:label2\" content=\"Disponibilidad\" \/>\n\t<meta name=\"twitter:data2\" content=\"Disponible\" \/>\n<meta property=\"product:price:amount\" content=\"19.37\" \/>\n<meta property=\"product:price:currency\" content=\"EUR\" \/>\n<meta property=\"og:availability\" content=\"instock\" \/>\n<meta property=\"product:availability\" content=\"instock\" \/>\n<meta property=\"product:retailer_item_id\" content=\"3664524000136\" \/>\n<meta property=\"product:condition\" content=\"new\" \/>\n<!-- \/ Yoast SEO Premium plugin. -->","yoast_head_json":{"title":"Ergyantiox Forte 60 c\u00e1psulas - Nutergia - Lifenatura","description":"Ergyantiox Forte de Nutergia es un complejo de vitaminas, oligoelementos y antioxidantes procedentes de extractos vegetales.","robots":{"index":"index","follow":"follow","max-snippet":"max-snippet:-1","max-image-preview":"max-image-preview:large","max-video-preview":"max-video-preview:-1"},"canonical":"https:\/\/www.lifenatura.com\/es\/produto\/ergyantiox-forte-60-capsulas-nutergia\/","og_locale":"es_ES","og_type":"article","og_title":"Ergyantiox Forte 60 c\u00e1psulas - Nutergia - Lifenatura","og_description":"Compre aqui o seu Ergyantiox Forte 60 c\u00e1psulas - Nutergia e a Lifenatura Online envia em 48 H com Portes Gratis >35\u20ac de Pedido.","og_url":"https:\/\/www.lifenatura.com\/es\/produto\/ergyantiox-forte-60-capsulas-nutergia\/","og_site_name":"Lifenatura","article_publisher":"https:\/\/www.facebook.com\/lifenatura","article_modified_time":"2026-04-09T01:26:15+00:00","og_image":[{"width":1000,"height":1000,"url":"https:\/\/www.lifenatura.com\/wp-content\/uploads\/2023\/04\/ergyantiox-forte-nutergia.jpg","type":"image\/jpeg"}],"twitter_card":"summary_large_image","twitter_misc":{"Precio":"19,37&nbsp;&euro;","Disponibilidad":"Disponible"},"schema":{"@context":"https:\/\/schema.org","@graph":[{"@type":"WebPage","@id":"https:\/\/www.lifenatura.com\/es\/produto\/ergyantiox-forte-60-capsulas-nutergia\/","url":"https:\/\/www.lifenatura.com\/es\/produto\/ergyantiox-forte-60-capsulas-nutergia\/","name":"Ergyantiox Forte 60 c\u00e1psulas - Nutergia - Lifenatura","isPartOf":{"@id":"https:\/\/www.lifenatura.com\/es\/#website"},"primaryImageOfPage":{"@id":"https:\/\/www.lifenatura.com\/es\/produto\/ergyantiox-forte-60-capsulas-nutergia\/#primaryimage"},"image":{"@id":"https:\/\/www.lifenatura.com\/es\/produto\/ergyantiox-forte-60-capsulas-nutergia\/#primaryimage"},"thumbnailUrl":"https:\/\/www.lifenatura.com\/wp-content\/uploads\/2023\/04\/ergyantiox-forte-nutergia.jpg","datePublished":"2023-04-13T15:52:24+00:00","dateModified":"2026-04-09T01:26:15+00:00","description":"Ergyantiox Forte de Nutergia es un complejo de vitaminas, oligoelementos y antioxidantes procedentes de extractos vegetales.","breadcrumb":{"@id":"https:\/\/www.lifenatura.com\/es\/produto\/ergyantiox-forte-60-capsulas-nutergia\/#breadcrumb"},"inLanguage":"es","potentialAction":[{"@type":"ReadAction","target":["https:\/\/www.lifenatura.com\/es\/produto\/ergyantiox-forte-60-capsulas-nutergia\/"]}]},{"@type":"ImageObject","inLanguage":"es","@id":"https:\/\/www.lifenatura.com\/es\/produto\/ergyantiox-forte-60-capsulas-nutergia\/#primaryimage","url":"https:\/\/www.lifenatura.com\/wp-content\/uploads\/2023\/04\/ergyantiox-forte-nutergia.jpg","contentUrl":"https:\/\/www.lifenatura.com\/wp-content\/uploads\/2023\/04\/ergyantiox-forte-nutergia.jpg","width":1000,"height":1000,"caption":"ergy antiox da nutergia"},{"@type":"BreadcrumbList","@id":"https:\/\/www.lifenatura.com\/es\/produto\/ergyantiox-forte-60-capsulas-nutergia\/#breadcrumb","itemListElement":[{"@type":"ListItem","position":1,"name":"In\u00edcio","item":"https:\/\/www.lifenatura.com\/es\/"},{"@type":"ListItem","position":2,"name":"Todos los Productos","item":"https:\/\/www.lifenatura.com\/es\/tienda\/"},{"@type":"ListItem","position":3,"name":"Ergyantiox Forte 60 c\u00e1psulas &#8211; Nutergia"}]},{"@type":"WebSite","@id":"https:\/\/www.lifenatura.com\/es\/#website","url":"https:\/\/www.lifenatura.com\/es\/","name":"Lifenatura","description":"A Lifenatura \u00e9 uma loja de produtos naturais, cosm\u00e9tica natural e alimenta\u00e7\u00e3o Biol\u00f3gica.","publisher":{"@id":"https:\/\/www.lifenatura.com\/es\/#organization"},"potentialAction":[{"@type":"SearchAction","target":{"@type":"EntryPoint","urlTemplate":"https:\/\/www.lifenatura.com\/es\/?s={search_term_string}"},"query-input":{"@type":"PropertyValueSpecification","valueRequired":true,"valueName":"search_term_string"}}],"inLanguage":"es"},{"@type":"Organization","@id":"https:\/\/www.lifenatura.com\/es\/#organization","name":"Lifenatura","url":"https:\/\/www.lifenatura.com\/es\/","logo":{"@type":"ImageObject","inLanguage":"es","@id":"https:\/\/www.lifenatura.com\/es\/#\/schema\/logo\/image\/","url":"https:\/\/www.lifenatura.com\/wp-content\/uploads\/2021\/11\/logo.png","contentUrl":"https:\/\/www.lifenatura.com\/wp-content\/uploads\/2021\/11\/logo.png","width":175,"height":55,"caption":"Lifenatura"},"image":{"@id":"https:\/\/www.lifenatura.com\/es\/#\/schema\/logo\/image\/"},"sameAs":["https:\/\/www.facebook.com\/lifenatura","https:\/\/www.instagram.com\/lifenaturapt\/"]}]},"product_price_amount":"19.37","product_price_currency":"EUR","og_availability":"instock","product_availability":"instock","product_retailer_item_id":"3664524000136","product_condition":"new"},"df_price":19.37,"df_sale_price":16.9,"df_regular_price":19.37,"df_image_link":"https:\/\/www.lifenatura.com\/wp-content\/uploads\/2023\/04\/ergyantiox-forte-nutergia-300x300.jpg","_links":{"self":[{"href":"https:\/\/www.lifenatura.com\/es\/wp-json\/wp\/v2\/product\/64266","targetHints":{"allow":["GET"]}}],"collection":[{"href":"https:\/\/www.lifenatura.com\/es\/wp-json\/wp\/v2\/product"}],"about":[{"href":"https:\/\/www.lifenatura.com\/es\/wp-json\/wp\/v2\/types\/product"}],"wp:featuredmedia":[{"embeddable":true,"href":"https:\/\/www.lifenatura.com\/es\/wp-json\/wp\/v2\/media\/64304"}],"wp:attachment":[{"href":"https:\/\/www.lifenatura.com\/es\/wp-json\/wp\/v2\/media?parent=64266"}],"wp:term":[{"taxonomy":"product_brand","embeddable":true,"href":"https:\/\/www.lifenatura.com\/es\/wp-json\/wp\/v2\/product_brand?post=64266"},{"taxonomy":"product_cat","embeddable":true,"href":"https:\/\/www.lifenatura.com\/es\/wp-json\/wp\/v2\/product_cat?post=64266"},{"taxonomy":"product_tag","embeddable":true,"href":"https:\/\/www.lifenatura.com\/es\/wp-json\/wp\/v2\/product_tag?post=64266"}],"curies":[{"name":"wp","href":"https:\/\/api.w.org\/{rel}","templated":true}]}}