{"id":62062,"date":"2023-03-07T17:31:29","date_gmt":"2023-03-07T17:31:29","guid":{"rendered":"https:\/\/www.lifenatura.com\/?post_type=product&#038;p=62062"},"modified":"2026-04-21T00:01:41","modified_gmt":"2026-04-21T00:01:41","slug":"activ-ozone-o%ce%b5-30-capsulas-jusnat","status":"publish","type":"product","link":"https:\/\/www.lifenatura.com\/es\/produto\/activ-ozone-o%ce%b5-30-capsulas-jusnat\/","title":{"rendered":"Activ Ozone O\u03b5 30 c\u00e1psulas &#8211; Jusnat"},"content":{"rendered":"<h2 style=\"text-align: left\"><strong>Activ Ozono en c\u00e1psulas tu aliado para un envejecimiento saludable<\/strong><\/h2>\n<p>&nbsp;<\/p>\n<p>Este producto en c\u00e1psulas ha sido desarrollado con una combinaci\u00f3n de los 3 principales antioxidantes (zinc, selenio y manganeso) implicados en la potente acci\u00f3n del aceite de girasol y de oliva, convirti\u00e9ndolo en el m\u00e1s poderoso aliado para un envejecimiento saludable y en la lucha contra la oxidaci\u00f3n, la senescencia y la degeneraci\u00f3n.<\/p>\n<p><strong>Combinaci\u00f3n de Aceite de Oliva y Aceite de Girasol<\/strong><br \/>\nLa poderosa combinaci\u00f3n de estos dos ingredientes sirve para promover la defensa contra los radicales libres que da\u00f1an nuestro organismo, potenciando las enfermedades degenerativas, especialmente las relacionadas con el aumento del estr\u00e9s oxidativo y el envejecimiento prematuro.<\/p>\n<p>Estos aceites tienen una acci\u00f3n directa sobre la enfermedad inflamatoria intestinal y tambi\u00e9n una acci\u00f3n analg\u00e9sica, antiinflamatoria, anticancer\u00edgena y revitalizante.<\/p>\n<p><strong>Zinc<\/strong><br \/>\nEl zinc es fundamental para el metabolismo celular, ya que es un catalizador indispensable de cientos de procesos enzim\u00e1ticos y desempe\u00f1a un papel esencial en la potenciaci\u00f3n de la funci\u00f3n inmunitaria, la s\u00edntesis de prote\u00ednas y ADN, la cicatrizaci\u00f3n, la divisi\u00f3n y se\u00f1alizaci\u00f3n celular, la regulaci\u00f3n de diversos mecanismos cerebrales, antioxidantes y antienvejecimiento.<\/p>\n<p>El zinc puede actuar sobre el aumento del cortisol, la disminuci\u00f3n de la neurog\u00e9nesis y la plasticidad neuronal y sobre la alteraci\u00f3n de la homeostasis del glutamato causada por el estr\u00e9s metab\u00f3lico agudo, y es \u00fatil en casos de degeneraci\u00f3n macular asociada a la edad, diabetes de tipo 2 y en todo tipo de situaciones infecciosas e inflamatorias.<\/p>\n<p><strong>Manganeso<\/strong><br \/>\nEl manganeso puede ayudar al organismo en la producci\u00f3n de tejidos (especialmente hueso y tejido conjuntivo), factores de coagulaci\u00f3n, hormonas (especialmente sexuales) y desempe\u00f1a un papel extraordinariamente importante en el metabolismo de los hidratos de carbono, la absorci\u00f3n de calcio, la regulaci\u00f3n del az\u00facar en sangre y es esencial para el funcionamiento normal de la funci\u00f3n nerviosa y cerebral y en la formaci\u00f3n de super\u00f3xido dismutasa (SOD), el principal desintoxicante de las mitocondrias.<\/p>\n<p><strong>Selenio<\/strong><br \/>\nEl selenio desempe\u00f1a un papel fundamental en la reproducci\u00f3n, el metabolismo de las hormonas tiroideas, la s\u00edntesis del ADN, la protecci\u00f3n contra las infecciones y el da\u00f1o oxidativo.<br \/>\nEl selenio puede regular la disfunci\u00f3n tiroidea, pero tambi\u00e9n la funci\u00f3n oxidativa y las v\u00edas inflamatorias reduciendo la inflamaci\u00f3n.<\/p>\n<p>El zinc, el manganeso y el selenio contribuyen a la protecci\u00f3n de las c\u00e9lulas frente a oxidaciones indeseables.<\/p>\n<p><strong>ADVERTENCIAS<\/strong><\/p>\n<p>30 c\u00e1psulas<\/p>\n<p>&nbsp;<\/p>\n","protected":false},"excerpt":{"rendered":"<div>Activ Ozono en c\u00e1psulas de Justnat, tu aliado m\u00e1s poderoso para envejecer de forma saludable y combatir la oxidaci\u00f3n, la senescencia y la degeneraci\u00f3n.<\/div>\n<p> [&#8230;]<\/p>\n<p><a class=\"btn btn-secondary understrap-read-more-link\" href=\"https:\/\/www.lifenatura.com\/es\/produto\/activ-ozone-o%ce%b5-30-capsulas-jusnat\/\">Leer m\u00e1s&#8230;<span class=\"screen-reader-text\"> from Activ Ozone O\u03b5 30 c\u00e1psulas &#8211; Jusnat<\/span><\/a><\/p>\n","protected":false},"featured_media":62281,"template":"","meta":{"_acf_changed":false},"product_brand":[8283],"product_cat":[7236,7216,7179],"product_tag":[],"class_list":{"0":"post-62062","1":"product","2":"type-product","3":"status-publish","4":"has-post-thumbnail","6":"product_brand-activ-ozone","7":"product_cat-antioxidantes-salud","8":"product_cat-ozonoterapia-salud","9":"product_cat-salud","11":"first","12":"instock","13":"sale","14":"featured","15":"shipping-taxable","16":"purchasable","17":"product-type-simple","18":"add-to-wishlist-before_image"},"acf":[],"yoast_head":"<!-- This site is optimized with the Yoast SEO Premium plugin v27.1 (Yoast SEO v27.5) - https:\/\/yoast.com\/product\/yoast-seo-premium-wordpress\/ -->\n<title>Activ Ozone O\u03b5 30 c\u00e1psulas - Jusnat - Na Lifenatura ao Melhor Pre\u00e7o | Envio em 48h<\/title>\n<meta name=\"description\" content=\"Activ Ozono en c\u00e1psulas de Justnat, tu aliado m\u00e1s poderoso para envejecer de forma saludable y combatir la oxidaci\u00f3n, la senescencia y la degeneraci\u00f3n.\" \/>\n<meta name=\"robots\" content=\"index, follow, max-snippet:-1, max-image-preview:large, max-video-preview:-1\" \/>\n<link rel=\"canonical\" href=\"https:\/\/www.lifenatura.com\/es\/produto\/activ-ozone-o%ce%b5-30-capsulas-jusnat\/\" \/>\n<meta property=\"og:locale\" content=\"es_ES\" \/>\n<meta property=\"og:type\" content=\"article\" \/>\n<meta property=\"og:title\" content=\"Activ Ozone O\u03b5 30 c\u00e1psulas - Jusnat - Na Lifenatura ao Melhor Pre\u00e7o | Envio 48h\" \/>\n<meta property=\"og:description\" content=\"Compre Activ Ozone O\u03b5 30 c\u00e1psulas - Jusnat com envio r\u00e1pido. Entrega em 48h e portes gr\u00e1tis em compras &gt;35\u20ac. Aproveite j\u00e1 na Lifenatura\" \/>\n<meta property=\"og:url\" content=\"https:\/\/www.lifenatura.com\/es\/produto\/activ-ozone-o%ce%b5-30-capsulas-jusnat\/\" \/>\n<meta property=\"og:site_name\" content=\"Lifenatura\" \/>\n<meta property=\"article:publisher\" content=\"https:\/\/www.facebook.com\/lifenatura\" \/>\n<meta property=\"article:modified_time\" content=\"2026-04-21T00:01:41+00:00\" \/>\n<meta property=\"og:image\" content=\"https:\/\/www.lifenatura.com\/wp-content\/uploads\/2023\/03\/activozone-o3-capsulas.jpg\" \/>\n\t<meta property=\"og:image:width\" content=\"1000\" \/>\n\t<meta property=\"og:image:height\" content=\"1000\" \/>\n\t<meta property=\"og:image:type\" content=\"image\/jpeg\" \/>\n<meta name=\"twitter:card\" content=\"summary_large_image\" \/>\n<meta name=\"twitter:label1\" content=\"Precio\" \/>\n\t<meta name=\"twitter:data1\" content=\"35,88&nbsp;&euro;\" \/>\n\t<meta name=\"twitter:label2\" content=\"Disponibilidad\" \/>\n\t<meta name=\"twitter:data2\" content=\"Disponible\" \/>\n<script type=\"application\/ld+json\" class=\"yoast-schema-graph\">{\"@context\":\"https:\\\/\\\/schema.org\",\"@graph\":[{\"@type\":\"WebPage\",\"@id\":\"https:\\\/\\\/www.lifenatura.com\\\/es\\\/produto\\\/activ-ozone-o%ce%b5-30-capsulas-jusnat\\\/\",\"url\":\"https:\\\/\\\/www.lifenatura.com\\\/es\\\/produto\\\/activ-ozone-o%ce%b5-30-capsulas-jusnat\\\/\",\"name\":\"Activ Ozone O\u03b5 30 c\u00e1psulas - Jusnat - Na Lifenatura ao Melhor Pre\u00e7o | Envio em 48h\",\"isPartOf\":{\"@id\":\"https:\\\/\\\/www.lifenatura.com\\\/es\\\/#website\"},\"primaryImageOfPage\":{\"@id\":\"https:\\\/\\\/www.lifenatura.com\\\/es\\\/produto\\\/activ-ozone-o%ce%b5-30-capsulas-jusnat\\\/#primaryimage\"},\"image\":{\"@id\":\"https:\\\/\\\/www.lifenatura.com\\\/es\\\/produto\\\/activ-ozone-o%ce%b5-30-capsulas-jusnat\\\/#primaryimage\"},\"thumbnailUrl\":\"https:\\\/\\\/www.lifenatura.com\\\/wp-content\\\/uploads\\\/2023\\\/03\\\/activozone-o3-capsulas.jpg\",\"datePublished\":\"2023-03-07T17:31:29+00:00\",\"dateModified\":\"2026-04-21T00:01:41+00:00\",\"description\":\"Activ Ozono en c\u00e1psulas de Justnat, tu aliado m\u00e1s poderoso para envejecer de forma saludable y combatir la oxidaci\u00f3n, la senescencia y la degeneraci\u00f3n.\",\"breadcrumb\":{\"@id\":\"https:\\\/\\\/www.lifenatura.com\\\/es\\\/produto\\\/activ-ozone-o%ce%b5-30-capsulas-jusnat\\\/#breadcrumb\"},\"inLanguage\":\"es\",\"potentialAction\":[{\"@type\":\"ReadAction\",\"target\":[\"https:\\\/\\\/www.lifenatura.com\\\/es\\\/produto\\\/activ-ozone-o%ce%b5-30-capsulas-jusnat\\\/\"]}]},{\"@type\":\"ImageObject\",\"inLanguage\":\"es\",\"@id\":\"https:\\\/\\\/www.lifenatura.com\\\/es\\\/produto\\\/activ-ozone-o%ce%b5-30-capsulas-jusnat\\\/#primaryimage\",\"url\":\"https:\\\/\\\/www.lifenatura.com\\\/wp-content\\\/uploads\\\/2023\\\/03\\\/activozone-o3-capsulas.jpg\",\"contentUrl\":\"https:\\\/\\\/www.lifenatura.com\\\/wp-content\\\/uploads\\\/2023\\\/03\\\/activozone-o3-capsulas.jpg\",\"width\":1000,\"height\":1000,\"caption\":\"Activ Ozono c\u00e1psulas de O3\"},{\"@type\":\"BreadcrumbList\",\"@id\":\"https:\\\/\\\/www.lifenatura.com\\\/es\\\/produto\\\/activ-ozone-o%ce%b5-30-capsulas-jusnat\\\/#breadcrumb\",\"itemListElement\":[{\"@type\":\"ListItem\",\"position\":1,\"name\":\"In\u00edcio\",\"item\":\"https:\\\/\\\/www.lifenatura.com\\\/es\\\/\"},{\"@type\":\"ListItem\",\"position\":2,\"name\":\"Todos los Productos\",\"item\":\"https:\\\/\\\/www.lifenatura.com\\\/es\\\/tienda\\\/\"},{\"@type\":\"ListItem\",\"position\":3,\"name\":\"Activ Ozone O\u03b5 30 c\u00e1psulas &#8211; Jusnat\"}]},{\"@type\":\"WebSite\",\"@id\":\"https:\\\/\\\/www.lifenatura.com\\\/es\\\/#website\",\"url\":\"https:\\\/\\\/www.lifenatura.com\\\/es\\\/\",\"name\":\"Lifenatura\",\"description\":\"A Lifenatura \u00e9 uma loja de produtos naturais, cosm\u00e9tica natural e alimenta\u00e7\u00e3o Biol\u00f3gica.\",\"publisher\":{\"@id\":\"https:\\\/\\\/www.lifenatura.com\\\/es\\\/#organization\"},\"potentialAction\":[{\"@type\":\"SearchAction\",\"target\":{\"@type\":\"EntryPoint\",\"urlTemplate\":\"https:\\\/\\\/www.lifenatura.com\\\/es\\\/?s={search_term_string}\"},\"query-input\":{\"@type\":\"PropertyValueSpecification\",\"valueRequired\":true,\"valueName\":\"search_term_string\"}}],\"inLanguage\":\"es\"},{\"@type\":\"Organization\",\"@id\":\"https:\\\/\\\/www.lifenatura.com\\\/es\\\/#organization\",\"name\":\"Lifenatura\",\"url\":\"https:\\\/\\\/www.lifenatura.com\\\/es\\\/\",\"logo\":{\"@type\":\"ImageObject\",\"inLanguage\":\"es\",\"@id\":\"https:\\\/\\\/www.lifenatura.com\\\/es\\\/#\\\/schema\\\/logo\\\/image\\\/\",\"url\":\"https:\\\/\\\/www.lifenatura.com\\\/wp-content\\\/uploads\\\/2021\\\/07\\\/logo.png\",\"contentUrl\":\"https:\\\/\\\/www.lifenatura.com\\\/wp-content\\\/uploads\\\/2021\\\/07\\\/logo.png\",\"width\":175,\"height\":55,\"caption\":\"Lifenatura\"},\"image\":{\"@id\":\"https:\\\/\\\/www.lifenatura.com\\\/es\\\/#\\\/schema\\\/logo\\\/image\\\/\"},\"sameAs\":[\"https:\\\/\\\/www.facebook.com\\\/lifenatura\",\"https:\\\/\\\/www.instagram.com\\\/lifenaturapt\\\/\"],\"hasMerchantReturnPolicy\":{\"@type\":\"MerchantReturnPolicy\",\"merchantReturnLink\":\"https:\\\/\\\/www.lifenatura.com\\\/termos-condicoes-lifenatura\\\/\"}}]}<\/script>\n<meta property=\"product:price:amount\" content=\"35.88\" \/>\n<meta property=\"product:price:currency\" content=\"EUR\" \/>\n<meta property=\"og:availability\" content=\"instock\" \/>\n<meta property=\"product:availability\" content=\"instock\" \/>\n<meta property=\"product:retailer_item_id\" content=\"5600493220203\" \/>\n<meta property=\"product:condition\" content=\"new\" \/>\n<!-- \/ Yoast SEO Premium plugin. -->","yoast_head_json":{"title":"Activ Ozone O\u03b5 30 c\u00e1psulas - Jusnat - Na Lifenatura ao Melhor Pre\u00e7o | Envio em 48h","description":"Activ Ozono en c\u00e1psulas de Justnat, tu aliado m\u00e1s poderoso para envejecer de forma saludable y combatir la oxidaci\u00f3n, la senescencia y la degeneraci\u00f3n.","robots":{"index":"index","follow":"follow","max-snippet":"max-snippet:-1","max-image-preview":"max-image-preview:large","max-video-preview":"max-video-preview:-1"},"canonical":"https:\/\/www.lifenatura.com\/es\/produto\/activ-ozone-o%ce%b5-30-capsulas-jusnat\/","og_locale":"es_ES","og_type":"article","og_title":"Activ Ozone O\u03b5 30 c\u00e1psulas - Jusnat - Na Lifenatura ao Melhor Pre\u00e7o | Envio 48h","og_description":"Compre Activ Ozone O\u03b5 30 c\u00e1psulas - Jusnat com envio r\u00e1pido. Entrega em 48h e portes gr\u00e1tis em compras >35\u20ac. Aproveite j\u00e1 na Lifenatura","og_url":"https:\/\/www.lifenatura.com\/es\/produto\/activ-ozone-o%ce%b5-30-capsulas-jusnat\/","og_site_name":"Lifenatura","article_publisher":"https:\/\/www.facebook.com\/lifenatura","article_modified_time":"2026-04-21T00:01:41+00:00","og_image":[{"width":1000,"height":1000,"url":"https:\/\/www.lifenatura.com\/wp-content\/uploads\/2023\/03\/activozone-o3-capsulas.jpg","type":"image\/jpeg"}],"twitter_card":"summary_large_image","twitter_misc":{"Precio":"35,88&nbsp;&euro;","Disponibilidad":"Disponible"},"schema":{"@context":"https:\/\/schema.org","@graph":[{"@type":"WebPage","@id":"https:\/\/www.lifenatura.com\/es\/produto\/activ-ozone-o%ce%b5-30-capsulas-jusnat\/","url":"https:\/\/www.lifenatura.com\/es\/produto\/activ-ozone-o%ce%b5-30-capsulas-jusnat\/","name":"Activ Ozone O\u03b5 30 c\u00e1psulas - Jusnat - Na Lifenatura ao Melhor Pre\u00e7o | Envio em 48h","isPartOf":{"@id":"https:\/\/www.lifenatura.com\/es\/#website"},"primaryImageOfPage":{"@id":"https:\/\/www.lifenatura.com\/es\/produto\/activ-ozone-o%ce%b5-30-capsulas-jusnat\/#primaryimage"},"image":{"@id":"https:\/\/www.lifenatura.com\/es\/produto\/activ-ozone-o%ce%b5-30-capsulas-jusnat\/#primaryimage"},"thumbnailUrl":"https:\/\/www.lifenatura.com\/wp-content\/uploads\/2023\/03\/activozone-o3-capsulas.jpg","datePublished":"2023-03-07T17:31:29+00:00","dateModified":"2026-04-21T00:01:41+00:00","description":"Activ Ozono en c\u00e1psulas de Justnat, tu aliado m\u00e1s poderoso para envejecer de forma saludable y combatir la oxidaci\u00f3n, la senescencia y la degeneraci\u00f3n.","breadcrumb":{"@id":"https:\/\/www.lifenatura.com\/es\/produto\/activ-ozone-o%ce%b5-30-capsulas-jusnat\/#breadcrumb"},"inLanguage":"es","potentialAction":[{"@type":"ReadAction","target":["https:\/\/www.lifenatura.com\/es\/produto\/activ-ozone-o%ce%b5-30-capsulas-jusnat\/"]}]},{"@type":"ImageObject","inLanguage":"es","@id":"https:\/\/www.lifenatura.com\/es\/produto\/activ-ozone-o%ce%b5-30-capsulas-jusnat\/#primaryimage","url":"https:\/\/www.lifenatura.com\/wp-content\/uploads\/2023\/03\/activozone-o3-capsulas.jpg","contentUrl":"https:\/\/www.lifenatura.com\/wp-content\/uploads\/2023\/03\/activozone-o3-capsulas.jpg","width":1000,"height":1000,"caption":"Activ Ozono c\u00e1psulas de O3"},{"@type":"BreadcrumbList","@id":"https:\/\/www.lifenatura.com\/es\/produto\/activ-ozone-o%ce%b5-30-capsulas-jusnat\/#breadcrumb","itemListElement":[{"@type":"ListItem","position":1,"name":"In\u00edcio","item":"https:\/\/www.lifenatura.com\/es\/"},{"@type":"ListItem","position":2,"name":"Todos los Productos","item":"https:\/\/www.lifenatura.com\/es\/tienda\/"},{"@type":"ListItem","position":3,"name":"Activ Ozone O\u03b5 30 c\u00e1psulas &#8211; Jusnat"}]},{"@type":"WebSite","@id":"https:\/\/www.lifenatura.com\/es\/#website","url":"https:\/\/www.lifenatura.com\/es\/","name":"Lifenatura","description":"A Lifenatura \u00e9 uma loja de produtos naturais, cosm\u00e9tica natural e alimenta\u00e7\u00e3o Biol\u00f3gica.","publisher":{"@id":"https:\/\/www.lifenatura.com\/es\/#organization"},"potentialAction":[{"@type":"SearchAction","target":{"@type":"EntryPoint","urlTemplate":"https:\/\/www.lifenatura.com\/es\/?s={search_term_string}"},"query-input":{"@type":"PropertyValueSpecification","valueRequired":true,"valueName":"search_term_string"}}],"inLanguage":"es"},{"@type":"Organization","@id":"https:\/\/www.lifenatura.com\/es\/#organization","name":"Lifenatura","url":"https:\/\/www.lifenatura.com\/es\/","logo":{"@type":"ImageObject","inLanguage":"es","@id":"https:\/\/www.lifenatura.com\/es\/#\/schema\/logo\/image\/","url":"https:\/\/www.lifenatura.com\/wp-content\/uploads\/2021\/07\/logo.png","contentUrl":"https:\/\/www.lifenatura.com\/wp-content\/uploads\/2021\/07\/logo.png","width":175,"height":55,"caption":"Lifenatura"},"image":{"@id":"https:\/\/www.lifenatura.com\/es\/#\/schema\/logo\/image\/"},"sameAs":["https:\/\/www.facebook.com\/lifenatura","https:\/\/www.instagram.com\/lifenaturapt\/"],"hasMerchantReturnPolicy":{"@type":"MerchantReturnPolicy","merchantReturnLink":"https:\/\/www.lifenatura.com\/termos-condicoes-lifenatura\/"}}]},"product_price_amount":"35.88","product_price_currency":"EUR","og_availability":"instock","product_availability":"instock","product_retailer_item_id":"5600493220203","product_condition":"new"},"df_price":35.88,"df_sale_price":35.88,"df_regular_price":47.85,"df_image_link":"https:\/\/www.lifenatura.com\/wp-content\/uploads\/2023\/03\/activozone-o3-capsulas-300x300.jpg","_links":{"self":[{"href":"https:\/\/www.lifenatura.com\/es\/wp-json\/wp\/v2\/product\/62062","targetHints":{"allow":["GET"]}}],"collection":[{"href":"https:\/\/www.lifenatura.com\/es\/wp-json\/wp\/v2\/product"}],"about":[{"href":"https:\/\/www.lifenatura.com\/es\/wp-json\/wp\/v2\/types\/product"}],"wp:featuredmedia":[{"embeddable":true,"href":"https:\/\/www.lifenatura.com\/es\/wp-json\/wp\/v2\/media\/62281"}],"wp:attachment":[{"href":"https:\/\/www.lifenatura.com\/es\/wp-json\/wp\/v2\/media?parent=62062"}],"wp:term":[{"taxonomy":"product_brand","embeddable":true,"href":"https:\/\/www.lifenatura.com\/es\/wp-json\/wp\/v2\/product_brand?post=62062"},{"taxonomy":"product_cat","embeddable":true,"href":"https:\/\/www.lifenatura.com\/es\/wp-json\/wp\/v2\/product_cat?post=62062"},{"taxonomy":"product_tag","embeddable":true,"href":"https:\/\/www.lifenatura.com\/es\/wp-json\/wp\/v2\/product_tag?post=62062"}],"curies":[{"name":"wp","href":"https:\/\/api.w.org\/{rel}","templated":true}]}}