{"id":60747,"date":"2023-02-14T23:07:41","date_gmt":"2023-02-14T23:07:41","guid":{"rendered":"https:\/\/www.lifenatura.com\/?post_type=product&#038;p=60747"},"modified":"2026-04-21T00:02:46","modified_gmt":"2026-04-21T00:02:46","slug":"memorium-total-pack-dietmed","status":"publish","type":"product","link":"https:\/\/www.lifenatura.com\/es\/produto\/memorium-total-pack-dietmed\/","title":{"rendered":"Memorium Total Pack Lleve 4 Pago 3 &#8211; Dietmed"},"content":{"rendered":"<h2 style=\"text-align: left;\"><strong>Memorium Total contribuye al rendimiento mental normal Lleve 4 Pago 3<\/strong><\/h2>\n<p>&nbsp;<\/p>\n<p>Memorium total ahora en pack de 3 es un complemento alimenticio natural que contiene un extracto patentado con eficacia cl\u00ednicamente determinada, ZynamiteTM, as\u00ed como Coenzima Q10, Colina, Vitaminas y Minerales que contribuyen al rendimiento mental normal.<\/p>\n<p><strong>Ahora disponible en un pack promocional Lleva 4 Paga 3<\/strong><\/p>\n<p>Este pack favorece la reducci\u00f3n de la fatiga y acelera la recuperaci\u00f3n f\u00edsica, adem\u00e1s de aumentar el rendimiento mental, mejorar la capacidad de c\u00e1lculo y ser \u00fatil para personas con importantes exigencias f\u00edsicas y mentales.<\/p>\n<p>Este producto es adecuado para cualquier persona que busque optimizar el rendimiento mental y prevenir el deterioro cognitivo, promoviendo una mente activa y equilibrada.<\/p>\n<p><strong>Principales Beneficios:<\/strong><\/p>\n<ul>\n<li><strong>Apoyo integral a la salud cognitiva:<\/strong> Mejora la memoria, la concentraci\u00f3n y el razonamiento, proporcionando un rendimiento mental m\u00e1s eficiente en todas las situaciones.<\/li>\n<li><strong>Estimula la Circulaci\u00f3n Cerebral:<\/strong> El Ginkgo biloba, uno de los ingredientes principales, ayuda a mejorar el flujo sangu\u00edneo al cerebro, promoviendo una mayor claridad mental.<\/li>\n<li><strong>Acci\u00f3n energizante:<\/strong> Las vitaminas del complejo B y los minerales de la f\u00f3rmula combaten el cansancio mental y f\u00edsico, proporcion\u00e1ndole m\u00e1s energ\u00eda y vigor.<\/li>\n<li><strong>Prevenci\u00f3n del deterioro cognitivo:<\/strong> Ideal para las personas que desean mantener la salud del cerebro a lo largo del tiempo, ayudando a prevenir la p\u00e9rdida de memoria relacionada con la edad.<\/li>\n<li><strong>Apoyo completo para la mente y el cuerpo:<\/strong> Adem\u00e1s de optimizar la funci\u00f3n cognitiva, Memorium Total favorece el equilibrio emocional, reduciendo el estr\u00e9s y la ansiedad.<\/li>\n<\/ul>\n<p><strong>Adecuado para:<\/strong><\/p>\n<ul>\n<li><strong>Personas con Alta Exigencia Cognitiva<\/strong>: Ideal para estudiantes, profesionales o cualquier persona que necesite mejorar la concentraci\u00f3n, la memoria y el enfoque en tareas exigentes.<\/li>\n<li><strong>Prevenci\u00f3n del deterioro cognitivo:<\/strong> Adecuado para quienes desean preservar la funci\u00f3n cerebral y combatir los efectos del envejecimiento en el cerebro.<\/li>\n<li><strong>Mejora del rendimiento acad\u00e9mico y profesional:<\/strong> Adecuado para quienes buscan aumentar la eficiencia mental y mejorar el razonamiento l\u00f3gico y la capacidad de retener informaci\u00f3n.<\/li>\n<li><strong>Combatir el Estr\u00e9s y la Fatiga Mental:<\/strong> Perfecto para personas que se enfrentan a altos niveles de estr\u00e9s o fatiga mental y que necesitan un apoyo extra para su bienestar emocional y mental.<\/li>\n<\/ul>\n<p>Memorium Total es la soluci\u00f3n completa para quien busca mejorar la salud mental y el rendimiento cognitivo de forma natural y equilibrada, proporcionando beneficios que van desde la mejora de la memoria hasta la prevenci\u00f3n del envejecimiento cerebral.<\/p>\n<p><strong>PRESENTACI\u00d3N<\/strong><\/p>\n<p>30 ampollas x 4<\/p>\n<p>&nbsp;<\/p>\n","protected":false},"excerpt":{"rendered":"<p>Memorium Total en envase Lleva 4 Paga 3 favorece la reducci\u00f3n de la fatiga y acelera la recuperaci\u00f3n f\u00edsica, adem\u00e1s de aumentar el rendimiento mental. [&#8230;]<\/p>\n<p><a class=\"btn btn-secondary understrap-read-more-link\" href=\"https:\/\/www.lifenatura.com\/es\/produto\/memorium-total-pack-dietmed\/\">Leer m\u00e1s&#8230;<span class=\"screen-reader-text\"> from Memorium Total Pack Lleve 4 Pago 3 &#8211; Dietmed<\/span><\/a><\/p>\n","protected":false},"featured_media":55960,"template":"","meta":{"_acf_changed":false},"product_brand":[8444],"product_cat":[7223,7271,7263,8048,7179],"product_tag":[],"class_list":{"0":"post-60747","1":"product","2":"type-product","3":"status-publish","4":"has-post-thumbnail","6":"product_brand-memorium","7":"product_cat-concentracion-memoria-salud","8":"product_cat-memorium-packs-salud","9":"product_cat-packs-de-salud","10":"product_cat-paga-3-lleva-4","11":"product_cat-salud","13":"first","14":"instock","15":"sale","16":"shipping-taxable","17":"purchasable","18":"product-type-woosb","19":"add-to-wishlist-before_image"},"acf":[],"yoast_head":"<!-- This site is optimized with the Yoast SEO Premium plugin v27.1 (Yoast SEO v27.5) - https:\/\/yoast.com\/product\/yoast-seo-premium-wordpress\/ -->\n<title>Memorium Total Pack Lleva 4 Paga 3 - Lifenatura<\/title>\n<meta name=\"description\" content=\"Memorium Total en envase Lleva 4 Paga 3 favorece la reducci\u00f3n de la fatiga y acelera la recuperaci\u00f3n f\u00edsica, adem\u00e1s de aumentar el rendimiento mental.\" \/>\n<meta name=\"robots\" content=\"index, follow, max-snippet:-1, max-image-preview:large, max-video-preview:-1\" \/>\n<link rel=\"canonical\" href=\"https:\/\/www.lifenatura.com\/es\/produto\/memorium-total-pack-dietmed\/\" \/>\n<meta property=\"og:locale\" content=\"es_ES\" \/>\n<meta property=\"og:type\" content=\"article\" \/>\n<meta property=\"og:title\" content=\"Memorium Total Pack Lleve 4 Pago 3 - Dietmed - Na Lifenatura ao Melhor Pre\u00e7o | Envio 48h\" \/>\n<meta property=\"og:description\" content=\"Compre Memorium Total Pack Lleve 4 Pago 3 - Dietmed com envio r\u00e1pido. Entrega em 48h e portes gr\u00e1tis em compras &gt;35\u20ac. Aproveite j\u00e1 na Lifenatura\" \/>\n<meta property=\"og:url\" content=\"https:\/\/www.lifenatura.com\/es\/produto\/memorium-total-pack-dietmed\/\" \/>\n<meta property=\"og:site_name\" content=\"Lifenatura\" \/>\n<meta property=\"article:publisher\" content=\"https:\/\/www.facebook.com\/lifenatura\" \/>\n<meta property=\"article:modified_time\" content=\"2026-04-21T00:02:46+00:00\" \/>\n<meta property=\"og:image\" content=\"https:\/\/www.lifenatura.com\/wp-content\/uploads\/2022\/11\/memorium-total-dietmed.jpg\" \/>\n\t<meta property=\"og:image:width\" content=\"1000\" \/>\n\t<meta property=\"og:image:height\" content=\"1000\" \/>\n\t<meta property=\"og:image:type\" content=\"image\/jpeg\" \/>\n<meta name=\"twitter:card\" content=\"summary_large_image\" \/>\n<meta name=\"twitter:label1\" content=\"Precio\" \/>\n\t<meta name=\"twitter:data1\" content=\"70,35&nbsp;&euro;\" \/>\n\t<meta name=\"twitter:label2\" content=\"Disponibilidad\" \/>\n\t<meta name=\"twitter:data2\" content=\"Disponible\" \/>\n<script type=\"application\/ld+json\" class=\"yoast-schema-graph\">{\"@context\":\"https:\\\/\\\/schema.org\",\"@graph\":[{\"@type\":\"WebPage\",\"@id\":\"https:\\\/\\\/www.lifenatura.com\\\/es\\\/produto\\\/memorium-total-pack-dietmed\\\/\",\"url\":\"https:\\\/\\\/www.lifenatura.com\\\/es\\\/produto\\\/memorium-total-pack-dietmed\\\/\",\"name\":\"Memorium Total Pack Lleva 4 Paga 3 - Lifenatura\",\"isPartOf\":{\"@id\":\"https:\\\/\\\/www.lifenatura.com\\\/es\\\/#website\"},\"primaryImageOfPage\":{\"@id\":\"https:\\\/\\\/www.lifenatura.com\\\/es\\\/produto\\\/memorium-total-pack-dietmed\\\/#primaryimage\"},\"image\":{\"@id\":\"https:\\\/\\\/www.lifenatura.com\\\/es\\\/produto\\\/memorium-total-pack-dietmed\\\/#primaryimage\"},\"thumbnailUrl\":\"https:\\\/\\\/www.lifenatura.com\\\/wp-content\\\/uploads\\\/2022\\\/11\\\/memorium-total-dietmed.jpg\",\"datePublished\":\"2023-02-14T23:07:41+00:00\",\"dateModified\":\"2026-04-21T00:02:46+00:00\",\"description\":\"Memorium Total en envase Lleva 4 Paga 3 favorece la reducci\u00f3n de la fatiga y acelera la recuperaci\u00f3n f\u00edsica, adem\u00e1s de aumentar el rendimiento mental.\",\"breadcrumb\":{\"@id\":\"https:\\\/\\\/www.lifenatura.com\\\/es\\\/produto\\\/memorium-total-pack-dietmed\\\/#breadcrumb\"},\"inLanguage\":\"es\",\"potentialAction\":[{\"@type\":\"ReadAction\",\"target\":[\"https:\\\/\\\/www.lifenatura.com\\\/es\\\/produto\\\/memorium-total-pack-dietmed\\\/\"]}]},{\"@type\":\"ImageObject\",\"inLanguage\":\"es\",\"@id\":\"https:\\\/\\\/www.lifenatura.com\\\/es\\\/produto\\\/memorium-total-pack-dietmed\\\/#primaryimage\",\"url\":\"https:\\\/\\\/www.lifenatura.com\\\/wp-content\\\/uploads\\\/2022\\\/11\\\/memorium-total-dietmed.jpg\",\"contentUrl\":\"https:\\\/\\\/www.lifenatura.com\\\/wp-content\\\/uploads\\\/2022\\\/11\\\/memorium-total-dietmed.jpg\",\"width\":1000,\"height\":1000,\"caption\":\"memorium total da dietmed\"},{\"@type\":\"BreadcrumbList\",\"@id\":\"https:\\\/\\\/www.lifenatura.com\\\/es\\\/produto\\\/memorium-total-pack-dietmed\\\/#breadcrumb\",\"itemListElement\":[{\"@type\":\"ListItem\",\"position\":1,\"name\":\"In\u00edcio\",\"item\":\"https:\\\/\\\/www.lifenatura.com\\\/es\\\/inicio\\\/\"},{\"@type\":\"ListItem\",\"position\":2,\"name\":\"Todos los Productos\",\"item\":\"https:\\\/\\\/www.lifenatura.com\\\/es\\\/tienda\\\/\"},{\"@type\":\"ListItem\",\"position\":3,\"name\":\"Memorium Total Pack Lleve 4 Pago 3 &#8211; Dietmed\"}]},{\"@type\":\"WebSite\",\"@id\":\"https:\\\/\\\/www.lifenatura.com\\\/es\\\/#website\",\"url\":\"https:\\\/\\\/www.lifenatura.com\\\/es\\\/\",\"name\":\"Lifenatura\",\"description\":\"A Lifenatura \u00e9 uma loja de produtos naturais, cosm\u00e9tica natural e alimenta\u00e7\u00e3o Biol\u00f3gica.\",\"publisher\":{\"@id\":\"https:\\\/\\\/www.lifenatura.com\\\/es\\\/#organization\"},\"potentialAction\":[{\"@type\":\"SearchAction\",\"target\":{\"@type\":\"EntryPoint\",\"urlTemplate\":\"https:\\\/\\\/www.lifenatura.com\\\/es\\\/?s={search_term_string}\"},\"query-input\":{\"@type\":\"PropertyValueSpecification\",\"valueRequired\":true,\"valueName\":\"search_term_string\"}}],\"inLanguage\":\"es\"},{\"@type\":\"Organization\",\"@id\":\"https:\\\/\\\/www.lifenatura.com\\\/es\\\/#organization\",\"name\":\"Lifenatura\",\"url\":\"https:\\\/\\\/www.lifenatura.com\\\/es\\\/\",\"logo\":{\"@type\":\"ImageObject\",\"inLanguage\":\"es\",\"@id\":\"https:\\\/\\\/www.lifenatura.com\\\/es\\\/#\\\/schema\\\/logo\\\/image\\\/\",\"url\":\"https:\\\/\\\/www.lifenatura.com\\\/wp-content\\\/uploads\\\/2021\\\/07\\\/logo.png\",\"contentUrl\":\"https:\\\/\\\/www.lifenatura.com\\\/wp-content\\\/uploads\\\/2021\\\/07\\\/logo.png\",\"width\":175,\"height\":55,\"caption\":\"Lifenatura\"},\"image\":{\"@id\":\"https:\\\/\\\/www.lifenatura.com\\\/es\\\/#\\\/schema\\\/logo\\\/image\\\/\"},\"sameAs\":[\"https:\\\/\\\/www.facebook.com\\\/lifenatura\",\"https:\\\/\\\/www.instagram.com\\\/lifenaturapt\\\/\"],\"hasMerchantReturnPolicy\":{\"@type\":\"MerchantReturnPolicy\",\"merchantReturnLink\":\"https:\\\/\\\/www.lifenatura.com\\\/termos-condicoes-lifenatura\\\/\"}}]}<\/script>\n<meta property=\"product:price:amount\" content=\"70.35\" \/>\n<meta property=\"product:price:currency\" content=\"EUR\" \/>\n<meta property=\"og:availability\" content=\"instock\" \/>\n<meta property=\"product:availability\" content=\"instock\" \/>\n<meta property=\"product:retailer_item_id\" content=\"56054811015888\" \/>\n<meta property=\"product:condition\" content=\"new\" \/>\n<!-- \/ Yoast SEO Premium plugin. -->","yoast_head_json":{"title":"Memorium Total Pack Lleva 4 Paga 3 - Lifenatura","description":"Memorium Total en envase Lleva 4 Paga 3 favorece la reducci\u00f3n de la fatiga y acelera la recuperaci\u00f3n f\u00edsica, adem\u00e1s de aumentar el rendimiento mental.","robots":{"index":"index","follow":"follow","max-snippet":"max-snippet:-1","max-image-preview":"max-image-preview:large","max-video-preview":"max-video-preview:-1"},"canonical":"https:\/\/www.lifenatura.com\/es\/produto\/memorium-total-pack-dietmed\/","og_locale":"es_ES","og_type":"article","og_title":"Memorium Total Pack Lleve 4 Pago 3 - Dietmed - Na Lifenatura ao Melhor Pre\u00e7o | Envio 48h","og_description":"Compre Memorium Total Pack Lleve 4 Pago 3 - Dietmed com envio r\u00e1pido. Entrega em 48h e portes gr\u00e1tis em compras >35\u20ac. Aproveite j\u00e1 na Lifenatura","og_url":"https:\/\/www.lifenatura.com\/es\/produto\/memorium-total-pack-dietmed\/","og_site_name":"Lifenatura","article_publisher":"https:\/\/www.facebook.com\/lifenatura","article_modified_time":"2026-04-21T00:02:46+00:00","og_image":[{"width":1000,"height":1000,"url":"https:\/\/www.lifenatura.com\/wp-content\/uploads\/2022\/11\/memorium-total-dietmed.jpg","type":"image\/jpeg"}],"twitter_card":"summary_large_image","twitter_misc":{"Precio":"70,35&nbsp;&euro;","Disponibilidad":"Disponible"},"schema":{"@context":"https:\/\/schema.org","@graph":[{"@type":"WebPage","@id":"https:\/\/www.lifenatura.com\/es\/produto\/memorium-total-pack-dietmed\/","url":"https:\/\/www.lifenatura.com\/es\/produto\/memorium-total-pack-dietmed\/","name":"Memorium Total Pack Lleva 4 Paga 3 - Lifenatura","isPartOf":{"@id":"https:\/\/www.lifenatura.com\/es\/#website"},"primaryImageOfPage":{"@id":"https:\/\/www.lifenatura.com\/es\/produto\/memorium-total-pack-dietmed\/#primaryimage"},"image":{"@id":"https:\/\/www.lifenatura.com\/es\/produto\/memorium-total-pack-dietmed\/#primaryimage"},"thumbnailUrl":"https:\/\/www.lifenatura.com\/wp-content\/uploads\/2022\/11\/memorium-total-dietmed.jpg","datePublished":"2023-02-14T23:07:41+00:00","dateModified":"2026-04-21T00:02:46+00:00","description":"Memorium Total en envase Lleva 4 Paga 3 favorece la reducci\u00f3n de la fatiga y acelera la recuperaci\u00f3n f\u00edsica, adem\u00e1s de aumentar el rendimiento mental.","breadcrumb":{"@id":"https:\/\/www.lifenatura.com\/es\/produto\/memorium-total-pack-dietmed\/#breadcrumb"},"inLanguage":"es","potentialAction":[{"@type":"ReadAction","target":["https:\/\/www.lifenatura.com\/es\/produto\/memorium-total-pack-dietmed\/"]}]},{"@type":"ImageObject","inLanguage":"es","@id":"https:\/\/www.lifenatura.com\/es\/produto\/memorium-total-pack-dietmed\/#primaryimage","url":"https:\/\/www.lifenatura.com\/wp-content\/uploads\/2022\/11\/memorium-total-dietmed.jpg","contentUrl":"https:\/\/www.lifenatura.com\/wp-content\/uploads\/2022\/11\/memorium-total-dietmed.jpg","width":1000,"height":1000,"caption":"memorium total da dietmed"},{"@type":"BreadcrumbList","@id":"https:\/\/www.lifenatura.com\/es\/produto\/memorium-total-pack-dietmed\/#breadcrumb","itemListElement":[{"@type":"ListItem","position":1,"name":"In\u00edcio","item":"https:\/\/www.lifenatura.com\/es\/inicio\/"},{"@type":"ListItem","position":2,"name":"Todos los Productos","item":"https:\/\/www.lifenatura.com\/es\/tienda\/"},{"@type":"ListItem","position":3,"name":"Memorium Total Pack Lleve 4 Pago 3 &#8211; Dietmed"}]},{"@type":"WebSite","@id":"https:\/\/www.lifenatura.com\/es\/#website","url":"https:\/\/www.lifenatura.com\/es\/","name":"Lifenatura","description":"A Lifenatura \u00e9 uma loja de produtos naturais, cosm\u00e9tica natural e alimenta\u00e7\u00e3o Biol\u00f3gica.","publisher":{"@id":"https:\/\/www.lifenatura.com\/es\/#organization"},"potentialAction":[{"@type":"SearchAction","target":{"@type":"EntryPoint","urlTemplate":"https:\/\/www.lifenatura.com\/es\/?s={search_term_string}"},"query-input":{"@type":"PropertyValueSpecification","valueRequired":true,"valueName":"search_term_string"}}],"inLanguage":"es"},{"@type":"Organization","@id":"https:\/\/www.lifenatura.com\/es\/#organization","name":"Lifenatura","url":"https:\/\/www.lifenatura.com\/es\/","logo":{"@type":"ImageObject","inLanguage":"es","@id":"https:\/\/www.lifenatura.com\/es\/#\/schema\/logo\/image\/","url":"https:\/\/www.lifenatura.com\/wp-content\/uploads\/2021\/07\/logo.png","contentUrl":"https:\/\/www.lifenatura.com\/wp-content\/uploads\/2021\/07\/logo.png","width":175,"height":55,"caption":"Lifenatura"},"image":{"@id":"https:\/\/www.lifenatura.com\/es\/#\/schema\/logo\/image\/"},"sameAs":["https:\/\/www.facebook.com\/lifenatura","https:\/\/www.instagram.com\/lifenaturapt\/"],"hasMerchantReturnPolicy":{"@type":"MerchantReturnPolicy","merchantReturnLink":"https:\/\/www.lifenatura.com\/termos-condicoes-lifenatura\/"}}]},"product_price_amount":"70.35","product_price_currency":"EUR","og_availability":"instock","product_availability":"instock","product_retailer_item_id":"56054811015888","product_condition":"new"},"df_price":70.35,"df_sale_price":85.45,"df_regular_price":125.67,"df_image_link":"https:\/\/www.lifenatura.com\/wp-content\/uploads\/2022\/11\/memorium-total-dietmed-300x300.jpg","_links":{"self":[{"href":"https:\/\/www.lifenatura.com\/es\/wp-json\/wp\/v2\/product\/60747","targetHints":{"allow":["GET"]}}],"collection":[{"href":"https:\/\/www.lifenatura.com\/es\/wp-json\/wp\/v2\/product"}],"about":[{"href":"https:\/\/www.lifenatura.com\/es\/wp-json\/wp\/v2\/types\/product"}],"wp:featuredmedia":[{"embeddable":true,"href":"https:\/\/www.lifenatura.com\/es\/wp-json\/wp\/v2\/media\/55960"}],"wp:attachment":[{"href":"https:\/\/www.lifenatura.com\/es\/wp-json\/wp\/v2\/media?parent=60747"}],"wp:term":[{"taxonomy":"product_brand","embeddable":true,"href":"https:\/\/www.lifenatura.com\/es\/wp-json\/wp\/v2\/product_brand?post=60747"},{"taxonomy":"product_cat","embeddable":true,"href":"https:\/\/www.lifenatura.com\/es\/wp-json\/wp\/v2\/product_cat?post=60747"},{"taxonomy":"product_tag","embeddable":true,"href":"https:\/\/www.lifenatura.com\/es\/wp-json\/wp\/v2\/product_tag?post=60747"}],"curies":[{"name":"wp","href":"https:\/\/api.w.org\/{rel}","templated":true}]}}