{"id":60470,"date":"2023-02-10T17:15:45","date_gmt":"2023-02-10T17:15:45","guid":{"rendered":"https:\/\/www.lifenatura.com\/?post_type=product&#038;p=60470"},"modified":"2026-04-17T02:27:58","modified_gmt":"2026-04-17T02:27:58","slug":"farmodietica-mentalsirina-az-force-rx-20-20-ampollas","status":"publish","type":"product","link":"https:\/\/www.lifenatura.com\/es\/produto\/farmodietica-mentalsirina-az-force-rx-20-20-ampollas\/","title":{"rendered":"Farmodietica Mentalsirina Az Force Rx 20 + 20 ampollas"},"content":{"rendered":"<h2><strong>Mentalsirina Az Force Rx para mejorar el rendimiento mental<\/strong><\/h2>\n<p>&nbsp;<\/p>\n<p>Mentalsirina\u00ae AZ Force Rx es un complemento alimenticio en ampollas y c\u00e1psulas, desarrollado pensando en el bienestar y el equilibrio mental y cerebral. Contiene citicolina, fosfatidilserina, extracto de Huperzia serrata y Bacopa monnieri, Ginkgo Biloba y omega-3. Tambi\u00e9n contiene minerales como el zinc y el selenio y un alto contenido en vitaminas.<\/p>\n<p>Mentalsirina Az Force Rx es un suplemento cognitivo de alta potencia dise\u00f1ado para potenciar la funci\u00f3n cerebral y promover una mente extremadamente clara y concentrada.<\/p>\n<p>Con una f\u00f3rmula avanzada que combina L-sirina, \u00e1cido alfa lipoico y otros nutrientes esenciales para el cerebro, este suplemento ofrece un apoyo integral para la salud cognitiva.<\/p>\n<p>Dise\u00f1ado para personas que desean maximizar su memoria, concentraci\u00f3n, claridad mental y rendimiento cerebral, Mentalsirina Az Force Rx es la opci\u00f3n ideal para alcanzar un estado mental de alto rendimiento.<\/p>\n<p><strong>Los 3 beneficios principales:<\/strong><\/p>\n<ul>\n<li><strong>Mente Clara y Concentraci\u00f3n Intensa:<\/strong> Contiene ingredientes que promueven una claridad mental excepcional y una concentraci\u00f3n intensa, permiti\u00e9ndole concentrarse profundamente en sus tareas y objetivos.<\/li>\n<li><strong>Memoria Mejorada<\/strong>: Su f\u00f3rmula avanzada est\u00e1 dise\u00f1ada para aumentar la capacidad de retenci\u00f3n de informaci\u00f3n y facilitar el recuerdo, mejorando as\u00ed la funci\u00f3n de la memoria.<\/li>\n<li><strong>Apoyo Cerebral Integral:<\/strong> Adem\u00e1s de optimizar el rendimiento cognitivo inmediato, este suplemento ofrece apoyo a largo plazo para la salud cerebral, ayudando a proteger contra el deterioro cognitivo relacionado con la edad.<\/li>\n<\/ul>\n<p><strong>PRESENTACI\u00d3N<\/strong><\/p>\n<p>20 c\u00e1psulas + ampollas<\/p>\n<p>&nbsp;<\/p>\n","protected":false},"excerpt":{"rendered":"<p>Mentalsirina\u00ae AZ Force Rx es un complemento alimenticio en ampollas y c\u00e1psulas, desarrollado pensando en el bienestar y el equilibrio mental y cerebral. [&#8230;]<\/p>\n<p><a class=\"btn btn-secondary understrap-read-more-link\" href=\"https:\/\/www.lifenatura.com\/es\/produto\/farmodietica-mentalsirina-az-force-rx-20-20-ampollas\/\">Leer m\u00e1s&#8230;<span class=\"screen-reader-text\"> from Farmodietica Mentalsirina Az Force Rx 20 + 20 ampollas<\/span><\/a><\/p>\n","protected":false},"featured_media":131427,"template":"","meta":{"_acf_changed":false},"product_brand":[8488],"product_cat":[7223,7179],"product_tag":[8699],"class_list":{"0":"post-60470","1":"product","2":"type-product","3":"status-publish","4":"has-post-thumbnail","6":"product_brand-farmodietica","7":"product_cat-concentracion-memoria-salud","8":"product_cat-salud","9":"product_tag-farmodietica","11":"first","12":"instock","13":"sale","14":"featured","15":"shipping-taxable","16":"purchasable","17":"product-type-simple","18":"add-to-wishlist-before_image"},"acf":[],"yoast_head":"<!-- This site is optimized with the Yoast SEO Premium plugin v27.1 (Yoast SEO v27.6) - https:\/\/yoast.com\/product\/yoast-seo-premium-wordpress\/ -->\n<title>Mentalsirina Az Force Rx Farmodietica - Lifenatura<\/title>\n<meta name=\"description\" content=\"Mentalsirina\u00ae AZ Force Rx es un complemento alimenticio en ampollas y c\u00e1psulas, desarrollado pensando en el bienestar y el equilibrio mental y cerebral.\" \/>\n<meta name=\"robots\" content=\"index, follow, max-snippet:-1, max-image-preview:large, max-video-preview:-1\" \/>\n<link rel=\"canonical\" href=\"https:\/\/www.lifenatura.com\/es\/produto\/farmodietica-mentalsirina-az-force-rx-20-20-ampollas\/\" \/>\n<meta property=\"og:locale\" content=\"es_ES\" \/>\n<meta property=\"og:type\" content=\"article\" \/>\n<meta property=\"og:title\" content=\"Farmodietica Mentalsirina Az Force Rx 20 + 20 ampollas - Na Lifenatura ao Melhor Pre\u00e7o | Envio 48h\" \/>\n<meta property=\"og:description\" content=\"Compre Farmodietica Mentalsirina Az Force Rx 20 + 20 ampollas com envio r\u00e1pido. Entrega em 48h e portes gr\u00e1tis em compras &gt;35\u20ac. Aproveite j\u00e1 na Lifenatura\" \/>\n<meta property=\"og:url\" content=\"https:\/\/www.lifenatura.com\/es\/produto\/farmodietica-mentalsirina-az-force-rx-20-20-ampollas\/\" \/>\n<meta property=\"og:site_name\" content=\"Lifenatura\" \/>\n<meta property=\"article:publisher\" content=\"https:\/\/www.facebook.com\/lifenatura\" \/>\n<meta property=\"article:modified_time\" content=\"2026-04-17T02:27:58+00:00\" \/>\n<meta property=\"og:image\" content=\"https:\/\/www.lifenatura.com\/wp-content\/uploads\/2023\/02\/mentalsirina-AZ-Force-rx.jpg\" \/>\n\t<meta property=\"og:image:width\" content=\"1000\" \/>\n\t<meta property=\"og:image:height\" content=\"1000\" \/>\n\t<meta property=\"og:image:type\" content=\"image\/jpeg\" \/>\n<meta name=\"twitter:card\" content=\"summary_large_image\" \/>\n<meta name=\"twitter:label1\" content=\"Precio\" \/>\n\t<meta name=\"twitter:data1\" content=\"44,78&nbsp;&euro;\" \/>\n\t<meta name=\"twitter:label2\" content=\"Disponibilidad\" \/>\n\t<meta name=\"twitter:data2\" content=\"Disponible\" \/>\n<script type=\"application\/ld+json\" class=\"yoast-schema-graph\">{\"@context\":\"https:\\\/\\\/schema.org\",\"@graph\":[{\"@type\":\"WebPage\",\"@id\":\"https:\\\/\\\/www.lifenatura.com\\\/es\\\/produto\\\/farmodietica-mentalsirina-az-force-rx-20-20-ampollas\\\/\",\"url\":\"https:\\\/\\\/www.lifenatura.com\\\/es\\\/produto\\\/farmodietica-mentalsirina-az-force-rx-20-20-ampollas\\\/\",\"name\":\"Mentalsirina Az Force Rx Farmodietica - Lifenatura\",\"isPartOf\":{\"@id\":\"https:\\\/\\\/www.lifenatura.com\\\/es\\\/#website\"},\"primaryImageOfPage\":{\"@id\":\"https:\\\/\\\/www.lifenatura.com\\\/es\\\/produto\\\/farmodietica-mentalsirina-az-force-rx-20-20-ampollas\\\/#primaryimage\"},\"image\":{\"@id\":\"https:\\\/\\\/www.lifenatura.com\\\/es\\\/produto\\\/farmodietica-mentalsirina-az-force-rx-20-20-ampollas\\\/#primaryimage\"},\"thumbnailUrl\":\"https:\\\/\\\/www.lifenatura.com\\\/wp-content\\\/uploads\\\/2026\\\/03\\\/mentalsirina-az-force-rx.png\",\"datePublished\":\"2023-02-10T17:15:45+00:00\",\"dateModified\":\"2026-04-17T02:27:58+00:00\",\"description\":\"Mentalsirina\u00ae AZ Force Rx es un complemento alimenticio en ampollas y c\u00e1psulas, desarrollado pensando en el bienestar y el equilibrio mental y cerebral.\",\"breadcrumb\":{\"@id\":\"https:\\\/\\\/www.lifenatura.com\\\/es\\\/produto\\\/farmodietica-mentalsirina-az-force-rx-20-20-ampollas\\\/#breadcrumb\"},\"inLanguage\":\"es\",\"potentialAction\":[{\"@type\":\"ReadAction\",\"target\":[\"https:\\\/\\\/www.lifenatura.com\\\/es\\\/produto\\\/farmodietica-mentalsirina-az-force-rx-20-20-ampollas\\\/\"]}]},{\"@type\":\"ImageObject\",\"inLanguage\":\"es\",\"@id\":\"https:\\\/\\\/www.lifenatura.com\\\/es\\\/produto\\\/farmodietica-mentalsirina-az-force-rx-20-20-ampollas\\\/#primaryimage\",\"url\":\"https:\\\/\\\/www.lifenatura.com\\\/wp-content\\\/uploads\\\/2026\\\/03\\\/mentalsirina-az-force-rx.png\",\"contentUrl\":\"https:\\\/\\\/www.lifenatura.com\\\/wp-content\\\/uploads\\\/2026\\\/03\\\/mentalsirina-az-force-rx.png\",\"width\":1475,\"height\":1475},{\"@type\":\"BreadcrumbList\",\"@id\":\"https:\\\/\\\/www.lifenatura.com\\\/es\\\/produto\\\/farmodietica-mentalsirina-az-force-rx-20-20-ampollas\\\/#breadcrumb\",\"itemListElement\":[{\"@type\":\"ListItem\",\"position\":1,\"name\":\"In\u00edcio\",\"item\":\"https:\\\/\\\/www.lifenatura.com\\\/es\\\/\"},{\"@type\":\"ListItem\",\"position\":2,\"name\":\"Todos los Productos\",\"item\":\"https:\\\/\\\/www.lifenatura.com\\\/es\\\/tienda\\\/\"},{\"@type\":\"ListItem\",\"position\":3,\"name\":\"Farmodietica Mentalsirina Az Force Rx 20 + 20 ampollas\"}]},{\"@type\":\"WebSite\",\"@id\":\"https:\\\/\\\/www.lifenatura.com\\\/es\\\/#website\",\"url\":\"https:\\\/\\\/www.lifenatura.com\\\/es\\\/\",\"name\":\"Lifenatura\",\"description\":\"A Lifenatura \u00e9 uma loja de produtos naturais, cosm\u00e9tica natural e alimenta\u00e7\u00e3o Biol\u00f3gica.\",\"publisher\":{\"@id\":\"https:\\\/\\\/www.lifenatura.com\\\/es\\\/#organization\"},\"potentialAction\":[{\"@type\":\"SearchAction\",\"target\":{\"@type\":\"EntryPoint\",\"urlTemplate\":\"https:\\\/\\\/www.lifenatura.com\\\/es\\\/?s={search_term_string}\"},\"query-input\":{\"@type\":\"PropertyValueSpecification\",\"valueRequired\":true,\"valueName\":\"search_term_string\"}}],\"inLanguage\":\"es\"},{\"@type\":\"Organization\",\"@id\":\"https:\\\/\\\/www.lifenatura.com\\\/es\\\/#organization\",\"name\":\"Lifenatura\",\"url\":\"https:\\\/\\\/www.lifenatura.com\\\/es\\\/\",\"logo\":{\"@type\":\"ImageObject\",\"inLanguage\":\"es\",\"@id\":\"https:\\\/\\\/www.lifenatura.com\\\/es\\\/#\\\/schema\\\/logo\\\/image\\\/\",\"url\":\"https:\\\/\\\/www.lifenatura.com\\\/wp-content\\\/uploads\\\/2021\\\/07\\\/logo.png\",\"contentUrl\":\"https:\\\/\\\/www.lifenatura.com\\\/wp-content\\\/uploads\\\/2021\\\/07\\\/logo.png\",\"width\":175,\"height\":55,\"caption\":\"Lifenatura\"},\"image\":{\"@id\":\"https:\\\/\\\/www.lifenatura.com\\\/es\\\/#\\\/schema\\\/logo\\\/image\\\/\"},\"sameAs\":[\"https:\\\/\\\/www.facebook.com\\\/lifenatura\",\"https:\\\/\\\/www.instagram.com\\\/lifenaturapt\\\/\"],\"hasMerchantReturnPolicy\":{\"@type\":\"MerchantReturnPolicy\",\"merchantReturnLink\":\"https:\\\/\\\/www.lifenatura.com\\\/termos-condicoes-lifenatura\\\/\"}}]}<\/script>\n<meta property=\"product:price:amount\" content=\"44.78\" \/>\n<meta property=\"product:price:currency\" content=\"EUR\" \/>\n<meta property=\"og:availability\" content=\"instock\" \/>\n<meta property=\"product:availability\" content=\"instock\" \/>\n<meta property=\"product:retailer_item_id\" content=\"5601653017572\" \/>\n<meta property=\"product:condition\" content=\"new\" \/>\n<!-- \/ Yoast SEO Premium plugin. -->","yoast_head_json":{"title":"Mentalsirina Az Force Rx Farmodietica - Lifenatura","description":"Mentalsirina\u00ae AZ Force Rx es un complemento alimenticio en ampollas y c\u00e1psulas, desarrollado pensando en el bienestar y el equilibrio mental y cerebral.","robots":{"index":"index","follow":"follow","max-snippet":"max-snippet:-1","max-image-preview":"max-image-preview:large","max-video-preview":"max-video-preview:-1"},"canonical":"https:\/\/www.lifenatura.com\/es\/produto\/farmodietica-mentalsirina-az-force-rx-20-20-ampollas\/","og_locale":"es_ES","og_type":"article","og_title":"Farmodietica Mentalsirina Az Force Rx 20 + 20 ampollas - Na Lifenatura ao Melhor Pre\u00e7o | Envio 48h","og_description":"Compre Farmodietica Mentalsirina Az Force Rx 20 + 20 ampollas com envio r\u00e1pido. Entrega em 48h e portes gr\u00e1tis em compras >35\u20ac. Aproveite j\u00e1 na Lifenatura","og_url":"https:\/\/www.lifenatura.com\/es\/produto\/farmodietica-mentalsirina-az-force-rx-20-20-ampollas\/","og_site_name":"Lifenatura","article_publisher":"https:\/\/www.facebook.com\/lifenatura","article_modified_time":"2026-04-17T02:27:58+00:00","og_image":[{"width":1000,"height":1000,"url":"https:\/\/www.lifenatura.com\/wp-content\/uploads\/2023\/02\/mentalsirina-AZ-Force-rx.jpg","type":"image\/jpeg"}],"twitter_card":"summary_large_image","twitter_misc":{"Precio":"44,78&nbsp;&euro;","Disponibilidad":"Disponible"},"schema":{"@context":"https:\/\/schema.org","@graph":[{"@type":"WebPage","@id":"https:\/\/www.lifenatura.com\/es\/produto\/farmodietica-mentalsirina-az-force-rx-20-20-ampollas\/","url":"https:\/\/www.lifenatura.com\/es\/produto\/farmodietica-mentalsirina-az-force-rx-20-20-ampollas\/","name":"Mentalsirina Az Force Rx Farmodietica - Lifenatura","isPartOf":{"@id":"https:\/\/www.lifenatura.com\/es\/#website"},"primaryImageOfPage":{"@id":"https:\/\/www.lifenatura.com\/es\/produto\/farmodietica-mentalsirina-az-force-rx-20-20-ampollas\/#primaryimage"},"image":{"@id":"https:\/\/www.lifenatura.com\/es\/produto\/farmodietica-mentalsirina-az-force-rx-20-20-ampollas\/#primaryimage"},"thumbnailUrl":"https:\/\/www.lifenatura.com\/wp-content\/uploads\/2026\/03\/mentalsirina-az-force-rx.png","datePublished":"2023-02-10T17:15:45+00:00","dateModified":"2026-04-17T02:27:58+00:00","description":"Mentalsirina\u00ae AZ Force Rx es un complemento alimenticio en ampollas y c\u00e1psulas, desarrollado pensando en el bienestar y el equilibrio mental y cerebral.","breadcrumb":{"@id":"https:\/\/www.lifenatura.com\/es\/produto\/farmodietica-mentalsirina-az-force-rx-20-20-ampollas\/#breadcrumb"},"inLanguage":"es","potentialAction":[{"@type":"ReadAction","target":["https:\/\/www.lifenatura.com\/es\/produto\/farmodietica-mentalsirina-az-force-rx-20-20-ampollas\/"]}]},{"@type":"ImageObject","inLanguage":"es","@id":"https:\/\/www.lifenatura.com\/es\/produto\/farmodietica-mentalsirina-az-force-rx-20-20-ampollas\/#primaryimage","url":"https:\/\/www.lifenatura.com\/wp-content\/uploads\/2026\/03\/mentalsirina-az-force-rx.png","contentUrl":"https:\/\/www.lifenatura.com\/wp-content\/uploads\/2026\/03\/mentalsirina-az-force-rx.png","width":1475,"height":1475},{"@type":"BreadcrumbList","@id":"https:\/\/www.lifenatura.com\/es\/produto\/farmodietica-mentalsirina-az-force-rx-20-20-ampollas\/#breadcrumb","itemListElement":[{"@type":"ListItem","position":1,"name":"In\u00edcio","item":"https:\/\/www.lifenatura.com\/es\/"},{"@type":"ListItem","position":2,"name":"Todos los Productos","item":"https:\/\/www.lifenatura.com\/es\/tienda\/"},{"@type":"ListItem","position":3,"name":"Farmodietica Mentalsirina Az Force Rx 20 + 20 ampollas"}]},{"@type":"WebSite","@id":"https:\/\/www.lifenatura.com\/es\/#website","url":"https:\/\/www.lifenatura.com\/es\/","name":"Lifenatura","description":"A Lifenatura \u00e9 uma loja de produtos naturais, cosm\u00e9tica natural e alimenta\u00e7\u00e3o Biol\u00f3gica.","publisher":{"@id":"https:\/\/www.lifenatura.com\/es\/#organization"},"potentialAction":[{"@type":"SearchAction","target":{"@type":"EntryPoint","urlTemplate":"https:\/\/www.lifenatura.com\/es\/?s={search_term_string}"},"query-input":{"@type":"PropertyValueSpecification","valueRequired":true,"valueName":"search_term_string"}}],"inLanguage":"es"},{"@type":"Organization","@id":"https:\/\/www.lifenatura.com\/es\/#organization","name":"Lifenatura","url":"https:\/\/www.lifenatura.com\/es\/","logo":{"@type":"ImageObject","inLanguage":"es","@id":"https:\/\/www.lifenatura.com\/es\/#\/schema\/logo\/image\/","url":"https:\/\/www.lifenatura.com\/wp-content\/uploads\/2021\/07\/logo.png","contentUrl":"https:\/\/www.lifenatura.com\/wp-content\/uploads\/2021\/07\/logo.png","width":175,"height":55,"caption":"Lifenatura"},"image":{"@id":"https:\/\/www.lifenatura.com\/es\/#\/schema\/logo\/image\/"},"sameAs":["https:\/\/www.facebook.com\/lifenatura","https:\/\/www.instagram.com\/lifenaturapt\/"],"hasMerchantReturnPolicy":{"@type":"MerchantReturnPolicy","merchantReturnLink":"https:\/\/www.lifenatura.com\/termos-condicoes-lifenatura\/"}}]},"product_price_amount":"44.78","product_price_currency":"EUR","og_availability":"instock","product_availability":"instock","product_retailer_item_id":"5601653017572","product_condition":"new"},"df_price":44.78,"df_sale_price":44.78,"df_regular_price":81.42,"df_image_link":"https:\/\/www.lifenatura.com\/wp-content\/uploads\/2026\/03\/mentalsirina-az-force-rx-300x300.png","_links":{"self":[{"href":"https:\/\/www.lifenatura.com\/es\/wp-json\/wp\/v2\/product\/60470","targetHints":{"allow":["GET"]}}],"collection":[{"href":"https:\/\/www.lifenatura.com\/es\/wp-json\/wp\/v2\/product"}],"about":[{"href":"https:\/\/www.lifenatura.com\/es\/wp-json\/wp\/v2\/types\/product"}],"wp:featuredmedia":[{"embeddable":true,"href":"https:\/\/www.lifenatura.com\/es\/wp-json\/wp\/v2\/media\/131427"}],"wp:attachment":[{"href":"https:\/\/www.lifenatura.com\/es\/wp-json\/wp\/v2\/media?parent=60470"}],"wp:term":[{"taxonomy":"product_brand","embeddable":true,"href":"https:\/\/www.lifenatura.com\/es\/wp-json\/wp\/v2\/product_brand?post=60470"},{"taxonomy":"product_cat","embeddable":true,"href":"https:\/\/www.lifenatura.com\/es\/wp-json\/wp\/v2\/product_cat?post=60470"},{"taxonomy":"product_tag","embeddable":true,"href":"https:\/\/www.lifenatura.com\/es\/wp-json\/wp\/v2\/product_tag?post=60470"}],"curies":[{"name":"wp","href":"https:\/\/api.w.org\/{rel}","templated":true}]}}