{"id":59242,"date":"2023-01-18T11:40:59","date_gmt":"2023-01-18T11:40:59","guid":{"rendered":"https:\/\/www.lifenatura.com\/?post_type=product&#038;p=59242"},"modified":"2026-04-09T01:24:41","modified_gmt":"2026-04-09T01:24:41","slug":"5-htp-plus-90-comprimidos-ecogenetics","status":"publish","type":"product","link":"https:\/\/www.lifenatura.com\/es\/produto\/5-htp-plus-90-comprimidos-ecogenetics\/","title":{"rendered":"5-HTP Plus 60 comprimidos &#8211; Ecogenetics"},"content":{"rendered":"<h2 style=\"text-align: left;\"><strong>5-HTP tu antidepresivo natural<\/strong><\/h2>\n<p>&nbsp;<\/p>\n<p>El 5-HTP puede ser un suplemento nutricional para las personas que desean un apoyo en la funci\u00f3n mental y un aumento de los niveles de serotonina y dopamina en el cerebro. Todo lo que tu cerebro necesita para rendir al m\u00e1ximo y estar de buen humor.<\/p>\n<p>Tambi\u00e9n est\u00e1 indicado para el apoyo emocional y para mejorar la calidad del sue\u00f1o.<\/p>\n<p>5-HTP Plus de Ecogenetics, contiene una combinaci\u00f3n sin\u00e9rgica de 5-HTP, vitaminas, minerales y otros nutrientes desarrollados para apoyar el estado de \u00e1nimo y la sensaci\u00f3n de bienestar.<\/p>\n<p>La serotonina, un importante neurotransmisor cerebral, es fundamental para regular el apetito, el estado de \u00e1nimo y la producci\u00f3n de melatonina. La presencia de serotonina en el cerebro est\u00e1 asociada a un estado de equilibrio emocional.<\/p>\n<p>No contiene ning\u00fan tipo de al\u00e9rgenos.<\/p>\n<p><strong>PRESENTACI\u00d3N<\/strong><\/p>\n<p>90 c\u00e1psulas<\/p>\n<p>&nbsp;<\/p>\n","protected":false},"excerpt":{"rendered":"<p>El 5-HTP, con vitaminas y minerales, est\u00e1 indicado para mejorar la calidad del sue\u00f1o y aumentar los niveles de serotonina y dopamina en el cerebro. [&#8230;]<\/p>\n<p><a class=\"btn btn-secondary understrap-read-more-link\" href=\"https:\/\/www.lifenatura.com\/es\/produto\/5-htp-plus-90-comprimidos-ecogenetics\/\">Leer m\u00e1s&#8230;<span class=\"screen-reader-text\"> from 5-HTP Plus 60 comprimidos &#8211; Ecogenetics<\/span><\/a><\/p>\n","protected":false},"featured_media":80868,"template":"","meta":{"_acf_changed":false},"product_brand":[8496],"product_cat":[7213,7179],"product_tag":[],"class_list":{"0":"post-59242","1":"product","2":"type-product","3":"status-publish","4":"has-post-thumbnail","6":"product_brand-ecogenetics","7":"product_cat-ansiedad-y-depresion","8":"product_cat-salud","9":"pa_caracteristicas-sin-azucares-anadidos","10":"pa_caracteristicas-sin-gluten","11":"pa_caracteristicas-sin-omg","12":"pa_caracteristicas-vegano","14":"first","15":"instock","16":"featured","17":"shipping-taxable","18":"purchasable","19":"product-type-simple","20":"add-to-wishlist-before_image"},"acf":[],"yoast_head":"<!-- This site is optimized with the Yoast SEO Premium plugin v27.1 (Yoast SEO v27.3) - https:\/\/yoast.com\/product\/yoast-seo-premium-wordpress\/ -->\n<title>5-HTP Plus 60 comprimidos - Ecogenetics - Lifenatura<\/title>\n<meta name=\"description\" content=\"El 5-HTP de Ecogenetics proporciona todo lo que su cerebro necesita para estar al m\u00e1ximo rendimiento y del mejor humor, es el antidepresivo natural.\" \/>\n<meta name=\"robots\" content=\"index, follow, max-snippet:-1, max-image-preview:large, max-video-preview:-1\" \/>\n<link rel=\"canonical\" href=\"https:\/\/www.lifenatura.com\/es\/produto\/5-htp-plus-90-comprimidos-ecogenetics\/\" \/>\n<meta property=\"og:locale\" content=\"es_ES\" \/>\n<meta property=\"og:type\" content=\"article\" \/>\n<meta property=\"og:title\" content=\"5-HTP Plus 60 comprimidos - Ecogenetics - Lifenatura\" \/>\n<meta property=\"og:description\" content=\"Compre aqui o seu 5-HTP Plus 60 comprimidos - Ecogenetics e a Lifenatura Online envia em 48 H com Portes Gratis &gt;35\u20ac de Pedido.\" \/>\n<meta property=\"og:url\" content=\"https:\/\/www.lifenatura.com\/es\/produto\/5-htp-plus-90-comprimidos-ecogenetics\/\" \/>\n<meta property=\"og:site_name\" content=\"Lifenatura\" \/>\n<meta property=\"article:publisher\" content=\"https:\/\/www.facebook.com\/lifenatura\" \/>\n<meta property=\"article:modified_time\" content=\"2026-04-09T01:24:41+00:00\" \/>\n<meta property=\"og:image\" content=\"https:\/\/www.lifenatura.com\/wp-content\/uploads\/2023\/01\/5htp-60caps-ecogenetics.jpg\" \/>\n\t<meta property=\"og:image:width\" content=\"1000\" \/>\n\t<meta property=\"og:image:height\" content=\"1000\" \/>\n\t<meta property=\"og:image:type\" content=\"image\/jpeg\" \/>\n<meta name=\"twitter:card\" content=\"summary_large_image\" \/>\n<meta name=\"twitter:label1\" content=\"Precio\" \/>\n\t<meta name=\"twitter:data1\" content=\"43,15&nbsp;&euro;\" \/>\n\t<meta name=\"twitter:label2\" content=\"Disponibilidad\" \/>\n\t<meta name=\"twitter:data2\" content=\"Disponible\" \/>\n<meta property=\"product:price:amount\" content=\"43.15\" \/>\n<meta property=\"product:price:currency\" content=\"EUR\" \/>\n<meta property=\"og:availability\" content=\"instock\" \/>\n<meta property=\"product:availability\" content=\"instock\" \/>\n<meta property=\"product:retailer_item_id\" content=\"5600283759180\" \/>\n<meta property=\"product:condition\" content=\"new\" \/>\n<!-- \/ Yoast SEO Premium plugin. -->","yoast_head_json":{"title":"5-HTP Plus 60 comprimidos - Ecogenetics - Lifenatura","description":"El 5-HTP de Ecogenetics proporciona todo lo que su cerebro necesita para estar al m\u00e1ximo rendimiento y del mejor humor, es el antidepresivo natural.","robots":{"index":"index","follow":"follow","max-snippet":"max-snippet:-1","max-image-preview":"max-image-preview:large","max-video-preview":"max-video-preview:-1"},"canonical":"https:\/\/www.lifenatura.com\/es\/produto\/5-htp-plus-90-comprimidos-ecogenetics\/","og_locale":"es_ES","og_type":"article","og_title":"5-HTP Plus 60 comprimidos - Ecogenetics - Lifenatura","og_description":"Compre aqui o seu 5-HTP Plus 60 comprimidos - Ecogenetics e a Lifenatura Online envia em 48 H com Portes Gratis >35\u20ac de Pedido.","og_url":"https:\/\/www.lifenatura.com\/es\/produto\/5-htp-plus-90-comprimidos-ecogenetics\/","og_site_name":"Lifenatura","article_publisher":"https:\/\/www.facebook.com\/lifenatura","article_modified_time":"2026-04-09T01:24:41+00:00","og_image":[{"width":1000,"height":1000,"url":"https:\/\/www.lifenatura.com\/wp-content\/uploads\/2023\/01\/5htp-60caps-ecogenetics.jpg","type":"image\/jpeg"}],"twitter_card":"summary_large_image","twitter_misc":{"Precio":"43,15&nbsp;&euro;","Disponibilidad":"Disponible"},"schema":{"@context":"https:\/\/schema.org","@graph":[{"@type":"WebPage","@id":"https:\/\/www.lifenatura.com\/es\/produto\/5-htp-plus-90-comprimidos-ecogenetics\/","url":"https:\/\/www.lifenatura.com\/es\/produto\/5-htp-plus-90-comprimidos-ecogenetics\/","name":"5-HTP Plus 60 comprimidos - Ecogenetics - Lifenatura","isPartOf":{"@id":"https:\/\/www.lifenatura.com\/es\/#website"},"primaryImageOfPage":{"@id":"https:\/\/www.lifenatura.com\/es\/produto\/5-htp-plus-90-comprimidos-ecogenetics\/#primaryimage"},"image":{"@id":"https:\/\/www.lifenatura.com\/es\/produto\/5-htp-plus-90-comprimidos-ecogenetics\/#primaryimage"},"thumbnailUrl":"https:\/\/www.lifenatura.com\/wp-content\/uploads\/2023\/01\/5htp-60caps-ecogenetics.jpg","datePublished":"2023-01-18T11:40:59+00:00","dateModified":"2026-04-09T01:24:41+00:00","description":"El 5-HTP de Ecogenetics proporciona todo lo que su cerebro necesita para estar al m\u00e1ximo rendimiento y del mejor humor, es el antidepresivo natural.","breadcrumb":{"@id":"https:\/\/www.lifenatura.com\/es\/produto\/5-htp-plus-90-comprimidos-ecogenetics\/#breadcrumb"},"inLanguage":"es","potentialAction":[{"@type":"ReadAction","target":["https:\/\/www.lifenatura.com\/es\/produto\/5-htp-plus-90-comprimidos-ecogenetics\/"]}]},{"@type":"ImageObject","inLanguage":"es","@id":"https:\/\/www.lifenatura.com\/es\/produto\/5-htp-plus-90-comprimidos-ecogenetics\/#primaryimage","url":"https:\/\/www.lifenatura.com\/wp-content\/uploads\/2023\/01\/5htp-60caps-ecogenetics.jpg","contentUrl":"https:\/\/www.lifenatura.com\/wp-content\/uploads\/2023\/01\/5htp-60caps-ecogenetics.jpg","width":1000,"height":1000,"caption":"5htp da marca ecogenetics"},{"@type":"BreadcrumbList","@id":"https:\/\/www.lifenatura.com\/es\/produto\/5-htp-plus-90-comprimidos-ecogenetics\/#breadcrumb","itemListElement":[{"@type":"ListItem","position":1,"name":"In\u00edcio","item":"https:\/\/www.lifenatura.com\/es\/"},{"@type":"ListItem","position":2,"name":"Todos los Productos","item":"https:\/\/www.lifenatura.com\/es\/tienda\/"},{"@type":"ListItem","position":3,"name":"5-HTP Plus 60 comprimidos &#8211; Ecogenetics"}]},{"@type":"WebSite","@id":"https:\/\/www.lifenatura.com\/es\/#website","url":"https:\/\/www.lifenatura.com\/es\/","name":"Lifenatura","description":"A Lifenatura \u00e9 uma loja de produtos naturais, cosm\u00e9tica natural e alimenta\u00e7\u00e3o Biol\u00f3gica.","publisher":{"@id":"https:\/\/www.lifenatura.com\/es\/#organization"},"potentialAction":[{"@type":"SearchAction","target":{"@type":"EntryPoint","urlTemplate":"https:\/\/www.lifenatura.com\/es\/?s={search_term_string}"},"query-input":{"@type":"PropertyValueSpecification","valueRequired":true,"valueName":"search_term_string"}}],"inLanguage":"es"},{"@type":"Organization","@id":"https:\/\/www.lifenatura.com\/es\/#organization","name":"Lifenatura","url":"https:\/\/www.lifenatura.com\/es\/","logo":{"@type":"ImageObject","inLanguage":"es","@id":"https:\/\/www.lifenatura.com\/es\/#\/schema\/logo\/image\/","url":"https:\/\/www.lifenatura.com\/wp-content\/uploads\/2021\/11\/logo.png","contentUrl":"https:\/\/www.lifenatura.com\/wp-content\/uploads\/2021\/11\/logo.png","width":175,"height":55,"caption":"Lifenatura"},"image":{"@id":"https:\/\/www.lifenatura.com\/es\/#\/schema\/logo\/image\/"},"sameAs":["https:\/\/www.facebook.com\/lifenatura","https:\/\/www.instagram.com\/lifenaturapt\/"]}]},"product_price_amount":"43.15","product_price_currency":"EUR","og_availability":"instock","product_availability":"instock","product_retailer_item_id":"5600283759180","product_condition":"new"},"df_price":43.15,"df_sale_price":37.47,"df_regular_price":43.15,"df_image_link":"https:\/\/www.lifenatura.com\/wp-content\/uploads\/2023\/01\/5htp-60caps-ecogenetics-300x300.jpg","_links":{"self":[{"href":"https:\/\/www.lifenatura.com\/es\/wp-json\/wp\/v2\/product\/59242","targetHints":{"allow":["GET"]}}],"collection":[{"href":"https:\/\/www.lifenatura.com\/es\/wp-json\/wp\/v2\/product"}],"about":[{"href":"https:\/\/www.lifenatura.com\/es\/wp-json\/wp\/v2\/types\/product"}],"wp:featuredmedia":[{"embeddable":true,"href":"https:\/\/www.lifenatura.com\/es\/wp-json\/wp\/v2\/media\/80868"}],"wp:attachment":[{"href":"https:\/\/www.lifenatura.com\/es\/wp-json\/wp\/v2\/media?parent=59242"}],"wp:term":[{"taxonomy":"product_brand","embeddable":true,"href":"https:\/\/www.lifenatura.com\/es\/wp-json\/wp\/v2\/product_brand?post=59242"},{"taxonomy":"product_cat","embeddable":true,"href":"https:\/\/www.lifenatura.com\/es\/wp-json\/wp\/v2\/product_cat?post=59242"},{"taxonomy":"product_tag","embeddable":true,"href":"https:\/\/www.lifenatura.com\/es\/wp-json\/wp\/v2\/product_tag?post=59242"}],"curies":[{"name":"wp","href":"https:\/\/api.w.org\/{rel}","templated":true}]}}