{"id":56932,"date":"2022-12-16T10:00:26","date_gmt":"2022-12-16T10:00:26","guid":{"rendered":"https:\/\/www.lifenatura.com\/?post_type=product&#038;p=56932"},"modified":"2026-04-18T02:34:11","modified_gmt":"2026-04-18T02:34:11","slug":"amygdalise-20-comprimidos-masticables-dietmed","status":"publish","type":"product","link":"https:\/\/www.lifenatura.com\/es\/produto\/amygdalise-20-comprimidos-masticables-dietmed\/","title":{"rendered":"Amygdalise 20 comprimidos masticables &#8211; Dietmed"},"content":{"rendered":"<h2 style=\"text-align: left\"><strong>Amygdalise, el poder de las bacterias<\/strong><\/h2>\n<p>&nbsp;<\/p>\n<p>Amygdalise es un complemento alimenticio que refuerza las defensas naturales, siendo particularmente \u00fatil en caso de infecci\u00f3n de las v\u00edas respiratorias superiores, cuando hay dolor de garganta. Rico en Lactobacillus crispatus (DSMZ 25988), Althaea, Echinacea, Tomillo, Miel y aceites esenciales de menta y eucalipto, as\u00ed como en Vitamina C y Zinc que contribuyen al funcionamiento normal del sistema inmunitario.<\/p>\n<p><strong>SISTEMA INMUNITARIO Y ANTIOXIDANTE<\/strong><br \/>\nLa vitamina C y el zinc contribuyen al funcionamiento normal del sistema inmunitario y a la protecci\u00f3n de las c\u00e9lulas frente a la oxidaci\u00f3n no deseada.<\/p>\n<p><strong>SALUD DE LAS V\u00cdAS RESPIRATORIAS SUPERIORES<\/strong><br \/>\nEl tomillo (Thymus vulgaris) contribuye a la salud de las v\u00edas respiratorias superiores.<\/p>\n<p><strong>PRESENTACI\u00d3N<\/strong><\/p>\n<p>20 comprimidos masticables<\/p>\n<p>&nbsp;<\/p>\n","protected":false},"excerpt":{"rendered":"<p>Amygdalise es un complemento alimenticio que refuerza las defensas naturales, siendo \u00fatil en caso de infecci\u00f3n de las v\u00edas respiratorias superiores. [&#8230;]<\/p>\n<p><a class=\"btn btn-secondary understrap-read-more-link\" href=\"https:\/\/www.lifenatura.com\/es\/produto\/amygdalise-20-comprimidos-masticables-dietmed\/\">Leer m\u00e1s&#8230;<span class=\"screen-reader-text\"> from Amygdalise 20 comprimidos masticables &#8211; Dietmed<\/span><\/a><\/p>\n","protected":false},"featured_media":57563,"template":"","meta":{"_acf_changed":false},"product_brand":[8509],"product_cat":[7231,7179],"product_tag":[],"class_list":{"0":"post-56932","1":"product","2":"type-product","3":"status-publish","4":"has-post-thumbnail","6":"product_brand-dietmed-es","7":"product_cat-gripe","8":"product_cat-salud","10":"first","11":"instock","12":"shipping-taxable","13":"purchasable","14":"product-type-simple","15":"add-to-wishlist-before_image"},"acf":[],"yoast_head":"<!-- This site is optimized with the Yoast SEO Premium plugin v27.1 (Yoast SEO v27.4) - https:\/\/yoast.com\/product\/yoast-seo-premium-wordpress\/ -->\n<title>Amygdalise 20 comprimidos masticables - Dietmed - Lifenatura<\/title>\n<meta name=\"description\" content=\"Amygdalise es un complemento alimenticio que refuerza las defensas naturales, siendo \u00fatil en caso de infecci\u00f3n de las v\u00edas respiratorias superiores.\" \/>\n<meta name=\"robots\" content=\"index, follow, max-snippet:-1, max-image-preview:large, max-video-preview:-1\" \/>\n<link rel=\"canonical\" href=\"https:\/\/www.lifenatura.com\/es\/produto\/amygdalise-20-comprimidos-masticables-dietmed\/\" \/>\n<meta property=\"og:locale\" content=\"es_ES\" \/>\n<meta property=\"og:type\" content=\"article\" \/>\n<meta property=\"og:title\" content=\"Amygdalise 20 comprimidos masticables - Dietmed - Lifenatura\" \/>\n<meta property=\"og:description\" content=\"Compre aqui o seu Amygdalise 20 comprimidos masticables - Dietmed e a Lifenatura Online envia em 48 H com Portes Gratis &gt;35\u20ac de Pedido.\" \/>\n<meta property=\"og:url\" content=\"https:\/\/www.lifenatura.com\/es\/produto\/amygdalise-20-comprimidos-masticables-dietmed\/\" \/>\n<meta property=\"og:site_name\" content=\"Lifenatura\" \/>\n<meta property=\"article:publisher\" content=\"https:\/\/www.facebook.com\/lifenatura\" \/>\n<meta property=\"article:modified_time\" content=\"2026-04-18T02:34:11+00:00\" \/>\n<meta property=\"og:image\" content=\"https:\/\/www.lifenatura.com\/wp-content\/uploads\/2022\/12\/amygdalise-dietmed.jpg\" \/>\n\t<meta property=\"og:image:width\" content=\"1000\" \/>\n\t<meta property=\"og:image:height\" content=\"1000\" \/>\n\t<meta property=\"og:image:type\" content=\"image\/jpeg\" \/>\n<meta name=\"twitter:card\" content=\"summary_large_image\" \/>\n<meta name=\"twitter:label1\" content=\"Precio\" \/>\n\t<meta name=\"twitter:data1\" content=\"15,59&nbsp;&euro;\" \/>\n\t<meta name=\"twitter:label2\" content=\"Disponibilidad\" \/>\n\t<meta name=\"twitter:data2\" content=\"Disponible\" \/>\n<meta property=\"product:price:amount\" content=\"15.59\" \/>\n<meta property=\"product:price:currency\" content=\"EUR\" \/>\n<meta property=\"og:availability\" content=\"instock\" \/>\n<meta property=\"product:availability\" content=\"instock\" \/>\n<meta property=\"product:retailer_item_id\" content=\"5605481110139\" \/>\n<meta property=\"product:condition\" content=\"new\" \/>\n<!-- \/ Yoast SEO Premium plugin. -->","yoast_head_json":{"title":"Amygdalise 20 comprimidos masticables - Dietmed - Lifenatura","description":"Amygdalise es un complemento alimenticio que refuerza las defensas naturales, siendo \u00fatil en caso de infecci\u00f3n de las v\u00edas respiratorias superiores.","robots":{"index":"index","follow":"follow","max-snippet":"max-snippet:-1","max-image-preview":"max-image-preview:large","max-video-preview":"max-video-preview:-1"},"canonical":"https:\/\/www.lifenatura.com\/es\/produto\/amygdalise-20-comprimidos-masticables-dietmed\/","og_locale":"es_ES","og_type":"article","og_title":"Amygdalise 20 comprimidos masticables - Dietmed - Lifenatura","og_description":"Compre aqui o seu Amygdalise 20 comprimidos masticables - Dietmed e a Lifenatura Online envia em 48 H com Portes Gratis >35\u20ac de Pedido.","og_url":"https:\/\/www.lifenatura.com\/es\/produto\/amygdalise-20-comprimidos-masticables-dietmed\/","og_site_name":"Lifenatura","article_publisher":"https:\/\/www.facebook.com\/lifenatura","article_modified_time":"2026-04-18T02:34:11+00:00","og_image":[{"width":1000,"height":1000,"url":"https:\/\/www.lifenatura.com\/wp-content\/uploads\/2022\/12\/amygdalise-dietmed.jpg","type":"image\/jpeg"}],"twitter_card":"summary_large_image","twitter_misc":{"Precio":"15,59&nbsp;&euro;","Disponibilidad":"Disponible"},"schema":{"@context":"https:\/\/schema.org","@graph":[{"@type":"WebPage","@id":"https:\/\/www.lifenatura.com\/es\/produto\/amygdalise-20-comprimidos-masticables-dietmed\/","url":"https:\/\/www.lifenatura.com\/es\/produto\/amygdalise-20-comprimidos-masticables-dietmed\/","name":"Amygdalise 20 comprimidos masticables - Dietmed - Lifenatura","isPartOf":{"@id":"https:\/\/www.lifenatura.com\/es\/#website"},"primaryImageOfPage":{"@id":"https:\/\/www.lifenatura.com\/es\/produto\/amygdalise-20-comprimidos-masticables-dietmed\/#primaryimage"},"image":{"@id":"https:\/\/www.lifenatura.com\/es\/produto\/amygdalise-20-comprimidos-masticables-dietmed\/#primaryimage"},"thumbnailUrl":"https:\/\/www.lifenatura.com\/wp-content\/uploads\/2022\/12\/amygdalise-dietmed.jpg","datePublished":"2022-12-16T10:00:26+00:00","dateModified":"2026-04-18T02:34:11+00:00","description":"Amygdalise es un complemento alimenticio que refuerza las defensas naturales, siendo \u00fatil en caso de infecci\u00f3n de las v\u00edas respiratorias superiores.","breadcrumb":{"@id":"https:\/\/www.lifenatura.com\/es\/produto\/amygdalise-20-comprimidos-masticables-dietmed\/#breadcrumb"},"inLanguage":"es","potentialAction":[{"@type":"ReadAction","target":["https:\/\/www.lifenatura.com\/es\/produto\/amygdalise-20-comprimidos-masticables-dietmed\/"]}]},{"@type":"ImageObject","inLanguage":"es","@id":"https:\/\/www.lifenatura.com\/es\/produto\/amygdalise-20-comprimidos-masticables-dietmed\/#primaryimage","url":"https:\/\/www.lifenatura.com\/wp-content\/uploads\/2022\/12\/amygdalise-dietmed.jpg","contentUrl":"https:\/\/www.lifenatura.com\/wp-content\/uploads\/2022\/12\/amygdalise-dietmed.jpg","width":1000,"height":1000,"caption":"amygdalise da Dietmed"},{"@type":"BreadcrumbList","@id":"https:\/\/www.lifenatura.com\/es\/produto\/amygdalise-20-comprimidos-masticables-dietmed\/#breadcrumb","itemListElement":[{"@type":"ListItem","position":1,"name":"In\u00edcio","item":"https:\/\/www.lifenatura.com\/es\/"},{"@type":"ListItem","position":2,"name":"Todos los Productos","item":"https:\/\/www.lifenatura.com\/es\/tienda\/"},{"@type":"ListItem","position":3,"name":"Amygdalise 20 comprimidos masticables &#8211; Dietmed"}]},{"@type":"WebSite","@id":"https:\/\/www.lifenatura.com\/es\/#website","url":"https:\/\/www.lifenatura.com\/es\/","name":"Lifenatura","description":"A Lifenatura \u00e9 uma loja de produtos naturais, cosm\u00e9tica natural e alimenta\u00e7\u00e3o Biol\u00f3gica.","publisher":{"@id":"https:\/\/www.lifenatura.com\/es\/#organization"},"potentialAction":[{"@type":"SearchAction","target":{"@type":"EntryPoint","urlTemplate":"https:\/\/www.lifenatura.com\/es\/?s={search_term_string}"},"query-input":{"@type":"PropertyValueSpecification","valueRequired":true,"valueName":"search_term_string"}}],"inLanguage":"es"},{"@type":"Organization","@id":"https:\/\/www.lifenatura.com\/es\/#organization","name":"Lifenatura","url":"https:\/\/www.lifenatura.com\/es\/","logo":{"@type":"ImageObject","inLanguage":"es","@id":"https:\/\/www.lifenatura.com\/es\/#\/schema\/logo\/image\/","url":"https:\/\/www.lifenatura.com\/wp-content\/uploads\/2021\/11\/logo.png","contentUrl":"https:\/\/www.lifenatura.com\/wp-content\/uploads\/2021\/11\/logo.png","width":175,"height":55,"caption":"Lifenatura"},"image":{"@id":"https:\/\/www.lifenatura.com\/es\/#\/schema\/logo\/image\/"},"sameAs":["https:\/\/www.facebook.com\/lifenatura","https:\/\/www.instagram.com\/lifenaturapt\/"]}]},"product_price_amount":"15.59","product_price_currency":"EUR","og_availability":"instock","product_availability":"instock","product_retailer_item_id":"5605481110139","product_condition":"new"},"df_price":15.59,"df_sale_price":12.47,"df_regular_price":15.59,"df_image_link":"https:\/\/www.lifenatura.com\/wp-content\/uploads\/2022\/12\/amygdalise-dietmed-300x300.jpg","_links":{"self":[{"href":"https:\/\/www.lifenatura.com\/es\/wp-json\/wp\/v2\/product\/56932","targetHints":{"allow":["GET"]}}],"collection":[{"href":"https:\/\/www.lifenatura.com\/es\/wp-json\/wp\/v2\/product"}],"about":[{"href":"https:\/\/www.lifenatura.com\/es\/wp-json\/wp\/v2\/types\/product"}],"wp:featuredmedia":[{"embeddable":true,"href":"https:\/\/www.lifenatura.com\/es\/wp-json\/wp\/v2\/media\/57563"}],"wp:attachment":[{"href":"https:\/\/www.lifenatura.com\/es\/wp-json\/wp\/v2\/media?parent=56932"}],"wp:term":[{"taxonomy":"product_brand","embeddable":true,"href":"https:\/\/www.lifenatura.com\/es\/wp-json\/wp\/v2\/product_brand?post=56932"},{"taxonomy":"product_cat","embeddable":true,"href":"https:\/\/www.lifenatura.com\/es\/wp-json\/wp\/v2\/product_cat?post=56932"},{"taxonomy":"product_tag","embeddable":true,"href":"https:\/\/www.lifenatura.com\/es\/wp-json\/wp\/v2\/product_tag?post=56932"}],"curies":[{"name":"wp","href":"https:\/\/api.w.org\/{rel}","templated":true}]}}