{"id":56900,"date":"2022-12-15T16:55:25","date_gmt":"2022-12-15T16:55:25","guid":{"rendered":"https:\/\/www.lifenatura.com\/?post_type=product&#038;p=56900"},"modified":"2026-04-06T00:59:57","modified_gmt":"2026-04-06T00:59:57","slug":"biokygen-omega-3-60-capsulas","status":"publish","type":"product","link":"https:\/\/www.lifenatura.com\/es\/produto\/biokygen-omega-3-60-capsulas\/","title":{"rendered":"Biokygen \u00d3mega 3 &#8211; 60 C\u00e1psulas"},"content":{"rendered":"<h2 style=\"text-align: left;\"><strong>Omega 3 para un coraz\u00f3n y un cerebro sanos<\/strong><\/h2>\n<p>&nbsp;<\/p>\n<p>Biokygen Omega 3 es un complemento alimenticio que contiene 100mg de EPA y 500mg de DHA y tiene como principal objetivo beneficiar la parte cardiovascular y cerebral, siendo tambi\u00e9n importante mantener normalizados los niveles de colesterol en la sangre.<\/p>\n<p>El EPA y el DHA que forman parte de este suplemento contribuyen al funcionamiento normal del coraz\u00f3n, al mantenimiento de una funci\u00f3n cerebral normal y a una visi\u00f3n normal.<\/p>\n<p><strong>PRESENTACI\u00d3N<\/strong><\/p>\n<p>50 c\u00e1psulas<\/p>\n<p>&nbsp;<\/p>\n","protected":false},"excerpt":{"rendered":"<p>Biokygen Omega 3 es un suplemento que ayuda a reducir los niveles de colesterol en sangre, beneficiando as\u00ed a su sistema cardiovascular.<\/p>\n<p><img decoding=\"async\" class=\"alignnone size-full wp-image-53200\" src=\"https:\/\/www.lifenatura.com\/wp-content\/uploads\/2022\/10\/banner-promo-lep2-espanol.png\" alt=\"banner promo l3p2 espanhol\" width=\"500\" height=\"125\" srcset=\"https:\/\/www.lifenatura.com\/wp-content\/uploads\/2022\/10\/banner-promo-lep2-espanol.png 500w, https:\/\/www.lifenatura.com\/wp-content\/uploads\/2022\/10\/banner-promo-lep2-espanol-300x75.png 300w, https:\/\/www.lifenatura.com\/wp-content\/uploads\/2022\/10\/banner-promo-lep2-espanol-64x16.png 64w\" sizes=\"(max-width: 500px) 100vw, 500px\" \/> [&#8230;]<\/p>\n<p><a class=\"btn btn-secondary understrap-read-more-link\" href=\"https:\/\/www.lifenatura.com\/es\/produto\/biokygen-omega-3-60-capsulas\/\">Leer m\u00e1s&#8230;<span class=\"screen-reader-text\"> from Biokygen \u00d3mega 3 &#8211; 60 C\u00e1psulas<\/span><\/a><\/p>\n","protected":false},"featured_media":56899,"template":"","meta":{"_acf_changed":false},"product_brand":[8541],"product_cat":[7222,7659,7276,7755,7263,7179],"product_tag":[8705],"class_list":{"0":"post-56900","1":"product","2":"type-product","3":"status-publish","4":"has-post-thumbnail","6":"product_brand-biokygen","7":"product_cat-colesterol-salud","8":"product_cat-ingrediente-natural-bio","9":"product_cat-lleve-3-pago-2","10":"product_cat-omega-3-es","11":"product_cat-packs-de-salud","12":"product_cat-salud","13":"product_tag-fharmonat","15":"first","16":"instock","17":"shipping-taxable","18":"purchasable","19":"product-type-simple","20":"add-to-wishlist-before_image"},"acf":[],"yoast_head":"<!-- This site is optimized with the Yoast SEO Premium plugin v27.1 (Yoast SEO v27.3) - https:\/\/yoast.com\/product\/yoast-seo-premium-wordpress\/ -->\n<title>Biokygen \u00d3mega 3 - 60 C\u00e1psulas - Lifenatura<\/title>\n<meta name=\"description\" content=\"Biokygen Omega 3 es un suplemento que ayuda a reducir los niveles de colesterol en sangre, beneficiando as\u00ed a su sistema cardiovascular.\" \/>\n<meta name=\"robots\" content=\"index, follow, max-snippet:-1, max-image-preview:large, max-video-preview:-1\" \/>\n<link rel=\"canonical\" href=\"https:\/\/www.lifenatura.com\/es\/produto\/biokygen-omega-3-60-capsulas\/\" \/>\n<meta property=\"og:locale\" content=\"es_ES\" \/>\n<meta property=\"og:type\" content=\"article\" \/>\n<meta property=\"og:title\" content=\"Biokygen \u00d3mega 3 - 60 C\u00e1psulas - Lifenatura\" \/>\n<meta property=\"og:description\" content=\"Compre aqui o seu Biokygen \u00d3mega 3 - 60 C\u00e1psulas e a Lifenatura Online envia em 48 H com Portes Gratis &gt;35\u20ac de Pedido.\" \/>\n<meta property=\"og:url\" content=\"https:\/\/www.lifenatura.com\/es\/produto\/biokygen-omega-3-60-capsulas\/\" \/>\n<meta property=\"og:site_name\" content=\"Lifenatura\" \/>\n<meta property=\"article:publisher\" content=\"https:\/\/www.facebook.com\/lifenatura\" \/>\n<meta property=\"article:modified_time\" content=\"2026-04-06T00:59:57+00:00\" \/>\n<meta property=\"og:image\" content=\"https:\/\/www.lifenatura.com\/wp-content\/uploads\/2022\/12\/Biokygen-Omega3-capsulas.jpg\" \/>\n\t<meta property=\"og:image:width\" content=\"1000\" \/>\n\t<meta property=\"og:image:height\" content=\"1000\" \/>\n\t<meta property=\"og:image:type\" content=\"image\/jpeg\" \/>\n<meta name=\"twitter:card\" content=\"summary_large_image\" \/>\n<meta name=\"twitter:label1\" content=\"Precio\" \/>\n\t<meta name=\"twitter:data1\" content=\"17,09&nbsp;&euro;\" \/>\n\t<meta name=\"twitter:label2\" content=\"Disponibilidad\" \/>\n\t<meta name=\"twitter:data2\" content=\"Disponible\" \/>\n<meta property=\"product:price:amount\" content=\"17.09\" \/>\n<meta property=\"product:price:currency\" content=\"EUR\" \/>\n<meta property=\"og:availability\" content=\"instock\" \/>\n<meta property=\"product:availability\" content=\"instock\" \/>\n<meta property=\"product:retailer_item_id\" content=\"5600315099963\" \/>\n<meta property=\"product:condition\" content=\"new\" \/>\n<!-- \/ Yoast SEO Premium plugin. -->","yoast_head_json":{"title":"Biokygen \u00d3mega 3 - 60 C\u00e1psulas - Lifenatura","description":"Biokygen Omega 3 es un suplemento que ayuda a reducir los niveles de colesterol en sangre, beneficiando as\u00ed a su sistema cardiovascular.","robots":{"index":"index","follow":"follow","max-snippet":"max-snippet:-1","max-image-preview":"max-image-preview:large","max-video-preview":"max-video-preview:-1"},"canonical":"https:\/\/www.lifenatura.com\/es\/produto\/biokygen-omega-3-60-capsulas\/","og_locale":"es_ES","og_type":"article","og_title":"Biokygen \u00d3mega 3 - 60 C\u00e1psulas - Lifenatura","og_description":"Compre aqui o seu Biokygen \u00d3mega 3 - 60 C\u00e1psulas e a Lifenatura Online envia em 48 H com Portes Gratis >35\u20ac de Pedido.","og_url":"https:\/\/www.lifenatura.com\/es\/produto\/biokygen-omega-3-60-capsulas\/","og_site_name":"Lifenatura","article_publisher":"https:\/\/www.facebook.com\/lifenatura","article_modified_time":"2026-04-06T00:59:57+00:00","og_image":[{"width":1000,"height":1000,"url":"https:\/\/www.lifenatura.com\/wp-content\/uploads\/2022\/12\/Biokygen-Omega3-capsulas.jpg","type":"image\/jpeg"}],"twitter_card":"summary_large_image","twitter_misc":{"Precio":"17,09&nbsp;&euro;","Disponibilidad":"Disponible"},"schema":{"@context":"https:\/\/schema.org","@graph":[{"@type":"WebPage","@id":"https:\/\/www.lifenatura.com\/es\/produto\/biokygen-omega-3-60-capsulas\/","url":"https:\/\/www.lifenatura.com\/es\/produto\/biokygen-omega-3-60-capsulas\/","name":"Biokygen \u00d3mega 3 - 60 C\u00e1psulas - Lifenatura","isPartOf":{"@id":"https:\/\/www.lifenatura.com\/es\/#website"},"primaryImageOfPage":{"@id":"https:\/\/www.lifenatura.com\/es\/produto\/biokygen-omega-3-60-capsulas\/#primaryimage"},"image":{"@id":"https:\/\/www.lifenatura.com\/es\/produto\/biokygen-omega-3-60-capsulas\/#primaryimage"},"thumbnailUrl":"https:\/\/www.lifenatura.com\/wp-content\/uploads\/2022\/12\/Biokygen-Omega3-capsulas.jpg","datePublished":"2022-12-15T16:55:25+00:00","dateModified":"2026-04-06T00:59:57+00:00","description":"Biokygen Omega 3 es un suplemento que ayuda a reducir los niveles de colesterol en sangre, beneficiando as\u00ed a su sistema cardiovascular.","breadcrumb":{"@id":"https:\/\/www.lifenatura.com\/es\/produto\/biokygen-omega-3-60-capsulas\/#breadcrumb"},"inLanguage":"es","potentialAction":[{"@type":"ReadAction","target":["https:\/\/www.lifenatura.com\/es\/produto\/biokygen-omega-3-60-capsulas\/"]}]},{"@type":"ImageObject","inLanguage":"es","@id":"https:\/\/www.lifenatura.com\/es\/produto\/biokygen-omega-3-60-capsulas\/#primaryimage","url":"https:\/\/www.lifenatura.com\/wp-content\/uploads\/2022\/12\/Biokygen-Omega3-capsulas.jpg","contentUrl":"https:\/\/www.lifenatura.com\/wp-content\/uploads\/2022\/12\/Biokygen-Omega3-capsulas.jpg","width":1000,"height":1000,"caption":"\u00d3mega 3 da marca biokygen"},{"@type":"BreadcrumbList","@id":"https:\/\/www.lifenatura.com\/es\/produto\/biokygen-omega-3-60-capsulas\/#breadcrumb","itemListElement":[{"@type":"ListItem","position":1,"name":"In\u00edcio","item":"https:\/\/www.lifenatura.com\/es\/"},{"@type":"ListItem","position":2,"name":"Todos los Productos","item":"https:\/\/www.lifenatura.com\/es\/tienda\/"},{"@type":"ListItem","position":3,"name":"Biokygen \u00d3mega 3 &#8211; 60 C\u00e1psulas"}]},{"@type":"WebSite","@id":"https:\/\/www.lifenatura.com\/es\/#website","url":"https:\/\/www.lifenatura.com\/es\/","name":"Lifenatura","description":"A Lifenatura \u00e9 uma loja de produtos naturais, cosm\u00e9tica natural e alimenta\u00e7\u00e3o Biol\u00f3gica.","publisher":{"@id":"https:\/\/www.lifenatura.com\/es\/#organization"},"potentialAction":[{"@type":"SearchAction","target":{"@type":"EntryPoint","urlTemplate":"https:\/\/www.lifenatura.com\/es\/?s={search_term_string}"},"query-input":{"@type":"PropertyValueSpecification","valueRequired":true,"valueName":"search_term_string"}}],"inLanguage":"es"},{"@type":"Organization","@id":"https:\/\/www.lifenatura.com\/es\/#organization","name":"Lifenatura","url":"https:\/\/www.lifenatura.com\/es\/","logo":{"@type":"ImageObject","inLanguage":"es","@id":"https:\/\/www.lifenatura.com\/es\/#\/schema\/logo\/image\/","url":"https:\/\/www.lifenatura.com\/wp-content\/uploads\/2021\/11\/logo.png","contentUrl":"https:\/\/www.lifenatura.com\/wp-content\/uploads\/2021\/11\/logo.png","width":175,"height":55,"caption":"Lifenatura"},"image":{"@id":"https:\/\/www.lifenatura.com\/es\/#\/schema\/logo\/image\/"},"sameAs":["https:\/\/www.facebook.com\/lifenatura","https:\/\/www.instagram.com\/lifenaturapt\/"]}]},"product_price_amount":"17.09","product_price_currency":"EUR","og_availability":"instock","product_availability":"instock","product_retailer_item_id":"5600315099963","product_condition":"new"},"df_price":17.09,"df_sale_price":10.25,"df_regular_price":17.09,"df_image_link":"https:\/\/www.lifenatura.com\/wp-content\/uploads\/2022\/12\/Biokygen-Omega3-capsulas-300x300.jpg","_links":{"self":[{"href":"https:\/\/www.lifenatura.com\/es\/wp-json\/wp\/v2\/product\/56900","targetHints":{"allow":["GET"]}}],"collection":[{"href":"https:\/\/www.lifenatura.com\/es\/wp-json\/wp\/v2\/product"}],"about":[{"href":"https:\/\/www.lifenatura.com\/es\/wp-json\/wp\/v2\/types\/product"}],"wp:featuredmedia":[{"embeddable":true,"href":"https:\/\/www.lifenatura.com\/es\/wp-json\/wp\/v2\/media\/56899"}],"wp:attachment":[{"href":"https:\/\/www.lifenatura.com\/es\/wp-json\/wp\/v2\/media?parent=56900"}],"wp:term":[{"taxonomy":"product_brand","embeddable":true,"href":"https:\/\/www.lifenatura.com\/es\/wp-json\/wp\/v2\/product_brand?post=56900"},{"taxonomy":"product_cat","embeddable":true,"href":"https:\/\/www.lifenatura.com\/es\/wp-json\/wp\/v2\/product_cat?post=56900"},{"taxonomy":"product_tag","embeddable":true,"href":"https:\/\/www.lifenatura.com\/es\/wp-json\/wp\/v2\/product_tag?post=56900"}],"curies":[{"name":"wp","href":"https:\/\/api.w.org\/{rel}","templated":true}]}}