{"id":56790,"date":"2022-12-13T23:22:47","date_gmt":"2022-12-13T23:22:47","guid":{"rendered":"https:\/\/www.lifenatura.com\/?post_type=product&#038;p=56790"},"modified":"2026-04-05T00:50:42","modified_gmt":"2026-04-05T00:50:42","slug":"biokygen-iodo-gotas-50ml","status":"publish","type":"product","link":"https:\/\/www.lifenatura.com\/es\/produto\/biokygen-iodo-gotas-50ml\/","title":{"rendered":"Biokygen Iodo gotas 50ml"},"content":{"rendered":"<h2 style=\"text-align: left;\"><strong>Gotas de yodo para reforzar el sistema inmunitario<\/strong><\/h2>\n<p>&nbsp;<\/p>\n<p>Este suplemento de yodo de Biokygen es ideal para quienes necesitan reforzar la inmunidad, ya que el yodo contribuye al metabolismo energ\u00e9tico normal y a la producci\u00f3n normal de hormonas tiroideas.<\/p>\n<p>El yodo tambi\u00e9n contribuye a la funci\u00f3n cognitiva normal, al funcionamiento normal del sistema nervioso y al mantenimiento de una piel normal.<\/p>\n<p>Otro de los ingredientes principales de este suplemento natural es el selenio, que es un antioxidante y ayuda a fortalecer el sistema inmunol\u00f3gico y a proteger las c\u00e9lulas contra la oxidaci\u00f3n no deseada.<\/p>\n<p>Tanto el yodo como el selenio, al actuar conjuntamente, contribuyen al funcionamiento normal de la tiroides.<\/p>\n<p><strong>PRESENTACI\u00d3N<\/strong><\/p>\n<p>50 ml<\/p>\n<p>&nbsp;<\/p>\n","protected":false},"excerpt":{"rendered":"<p>Este suplemento de Yodo Biokygen contiene selenio y ayuda a reforzar el sistema inmunitario y a regular la tiroides, es un fuerte Antioxidante.<\/p>\n<p><img decoding=\"async\" class=\"alignnone size-full wp-image-53200\" src=\"https:\/\/www.lifenatura.com\/wp-content\/uploads\/2022\/10\/banner-promo-lep2-espanol.png\" alt=\"banner promo l3p2 espanhol\" width=\"500\" height=\"125\" srcset=\"https:\/\/www.lifenatura.com\/wp-content\/uploads\/2022\/10\/banner-promo-lep2-espanol.png 500w, https:\/\/www.lifenatura.com\/wp-content\/uploads\/2022\/10\/banner-promo-lep2-espanol-300x75.png 300w, https:\/\/www.lifenatura.com\/wp-content\/uploads\/2022\/10\/banner-promo-lep2-espanol-64x16.png 64w\" sizes=\"(max-width: 500px) 100vw, 500px\" \/> [&#8230;]<\/p>\n<p><a class=\"btn btn-secondary understrap-read-more-link\" href=\"https:\/\/www.lifenatura.com\/es\/produto\/biokygen-iodo-gotas-50ml\/\">Leer m\u00e1s&#8230;<span class=\"screen-reader-text\"> from Biokygen Iodo gotas 50ml<\/span><\/a><\/p>\n","protected":false},"featured_media":56789,"template":"","meta":{"_acf_changed":false},"product_brand":[8541],"product_cat":[7276,7263,7215,7211,7179],"product_tag":[8705],"class_list":{"0":"post-56790","1":"product","2":"type-product","3":"status-publish","4":"has-post-thumbnail","6":"product_brand-biokygen","7":"product_cat-lleve-3-pago-2","8":"product_cat-packs-de-salud","9":"product_cat-problemas-en-la-tiroides","10":"product_cat-reforza-la-inmunidad-salud","11":"product_cat-salud","12":"product_tag-fharmonat","14":"first","15":"instock","16":"shipping-taxable","17":"purchasable","18":"product-type-simple","19":"add-to-wishlist-before_image"},"acf":[],"yoast_head":"<!-- This site is optimized with the Yoast SEO Premium plugin v27.1 (Yoast SEO v27.3) - https:\/\/yoast.com\/product\/yoast-seo-premium-wordpress\/ -->\n<title>Biokygen Iodo gotas 50ml - Lifenatura<\/title>\n<meta name=\"description\" content=\"Este suplemento de Yodo Biokygen contiene selenio y ayuda a reforzar el sistema inmunitario y a regular la tiroides, es un fuerte Antioxidante.\" \/>\n<meta name=\"robots\" content=\"index, follow, max-snippet:-1, max-image-preview:large, max-video-preview:-1\" \/>\n<link rel=\"canonical\" href=\"https:\/\/www.lifenatura.com\/es\/produto\/biokygen-iodo-gotas-50ml\/\" \/>\n<meta property=\"og:locale\" content=\"es_ES\" \/>\n<meta property=\"og:type\" content=\"article\" \/>\n<meta property=\"og:title\" content=\"Biokygen Iodo gotas 50ml - Lifenatura\" \/>\n<meta property=\"og:description\" content=\"Compre aqui o seu Biokygen Iodo gotas 50ml e a Lifenatura Online envia em 48 H com Portes Gratis &gt;35\u20ac de Pedido.\" \/>\n<meta property=\"og:url\" content=\"https:\/\/www.lifenatura.com\/es\/produto\/biokygen-iodo-gotas-50ml\/\" \/>\n<meta property=\"og:site_name\" content=\"Lifenatura\" \/>\n<meta property=\"article:publisher\" content=\"https:\/\/www.facebook.com\/lifenatura\" \/>\n<meta property=\"article:modified_time\" content=\"2026-04-05T00:50:42+00:00\" \/>\n<meta property=\"og:image\" content=\"https:\/\/www.lifenatura.com\/wp-content\/uploads\/2022\/12\/biokygen-Iodo-Gotas.jpg\" \/>\n\t<meta property=\"og:image:width\" content=\"1000\" \/>\n\t<meta property=\"og:image:height\" content=\"1000\" \/>\n\t<meta property=\"og:image:type\" content=\"image\/jpeg\" \/>\n<meta name=\"twitter:card\" content=\"summary_large_image\" \/>\n<meta name=\"twitter:label1\" content=\"Precio\" \/>\n\t<meta name=\"twitter:data1\" content=\"12,70&nbsp;&euro;\" \/>\n\t<meta name=\"twitter:label2\" content=\"Disponibilidad\" \/>\n\t<meta name=\"twitter:data2\" content=\"Disponible\" \/>\n<meta property=\"product:price:amount\" content=\"12.70\" \/>\n<meta property=\"product:price:currency\" content=\"EUR\" \/>\n<meta property=\"og:availability\" content=\"instock\" \/>\n<meta property=\"product:availability\" content=\"instock\" \/>\n<meta property=\"product:retailer_item_id\" content=\"5600315101499\" \/>\n<meta property=\"product:condition\" content=\"new\" \/>\n<!-- \/ Yoast SEO Premium plugin. -->","yoast_head_json":{"title":"Biokygen Iodo gotas 50ml - Lifenatura","description":"Este suplemento de Yodo Biokygen contiene selenio y ayuda a reforzar el sistema inmunitario y a regular la tiroides, es un fuerte Antioxidante.","robots":{"index":"index","follow":"follow","max-snippet":"max-snippet:-1","max-image-preview":"max-image-preview:large","max-video-preview":"max-video-preview:-1"},"canonical":"https:\/\/www.lifenatura.com\/es\/produto\/biokygen-iodo-gotas-50ml\/","og_locale":"es_ES","og_type":"article","og_title":"Biokygen Iodo gotas 50ml - Lifenatura","og_description":"Compre aqui o seu Biokygen Iodo gotas 50ml e a Lifenatura Online envia em 48 H com Portes Gratis >35\u20ac de Pedido.","og_url":"https:\/\/www.lifenatura.com\/es\/produto\/biokygen-iodo-gotas-50ml\/","og_site_name":"Lifenatura","article_publisher":"https:\/\/www.facebook.com\/lifenatura","article_modified_time":"2026-04-05T00:50:42+00:00","og_image":[{"width":1000,"height":1000,"url":"https:\/\/www.lifenatura.com\/wp-content\/uploads\/2022\/12\/biokygen-Iodo-Gotas.jpg","type":"image\/jpeg"}],"twitter_card":"summary_large_image","twitter_misc":{"Precio":"12,70&nbsp;&euro;","Disponibilidad":"Disponible"},"schema":{"@context":"https:\/\/schema.org","@graph":[{"@type":"WebPage","@id":"https:\/\/www.lifenatura.com\/es\/produto\/biokygen-iodo-gotas-50ml\/","url":"https:\/\/www.lifenatura.com\/es\/produto\/biokygen-iodo-gotas-50ml\/","name":"Biokygen Iodo gotas 50ml - Lifenatura","isPartOf":{"@id":"https:\/\/www.lifenatura.com\/es\/#website"},"primaryImageOfPage":{"@id":"https:\/\/www.lifenatura.com\/es\/produto\/biokygen-iodo-gotas-50ml\/#primaryimage"},"image":{"@id":"https:\/\/www.lifenatura.com\/es\/produto\/biokygen-iodo-gotas-50ml\/#primaryimage"},"thumbnailUrl":"https:\/\/www.lifenatura.com\/wp-content\/uploads\/2022\/12\/biokygen-Iodo-Gotas.jpg","datePublished":"2022-12-13T23:22:47+00:00","dateModified":"2026-04-05T00:50:42+00:00","description":"Este suplemento de Yodo Biokygen contiene selenio y ayuda a reforzar el sistema inmunitario y a regular la tiroides, es un fuerte Antioxidante.","breadcrumb":{"@id":"https:\/\/www.lifenatura.com\/es\/produto\/biokygen-iodo-gotas-50ml\/#breadcrumb"},"inLanguage":"es","potentialAction":[{"@type":"ReadAction","target":["https:\/\/www.lifenatura.com\/es\/produto\/biokygen-iodo-gotas-50ml\/"]}]},{"@type":"ImageObject","inLanguage":"es","@id":"https:\/\/www.lifenatura.com\/es\/produto\/biokygen-iodo-gotas-50ml\/#primaryimage","url":"https:\/\/www.lifenatura.com\/wp-content\/uploads\/2022\/12\/biokygen-Iodo-Gotas.jpg","contentUrl":"https:\/\/www.lifenatura.com\/wp-content\/uploads\/2022\/12\/biokygen-Iodo-Gotas.jpg","width":1000,"height":1000,"caption":"Gotas de iodo da marca Biokygen"},{"@type":"BreadcrumbList","@id":"https:\/\/www.lifenatura.com\/es\/produto\/biokygen-iodo-gotas-50ml\/#breadcrumb","itemListElement":[{"@type":"ListItem","position":1,"name":"In\u00edcio","item":"https:\/\/www.lifenatura.com\/es\/"},{"@type":"ListItem","position":2,"name":"Todos los Productos","item":"https:\/\/www.lifenatura.com\/es\/tienda\/"},{"@type":"ListItem","position":3,"name":"Biokygen Iodo gotas 50ml"}]},{"@type":"WebSite","@id":"https:\/\/www.lifenatura.com\/es\/#website","url":"https:\/\/www.lifenatura.com\/es\/","name":"Lifenatura","description":"A Lifenatura \u00e9 uma loja de produtos naturais, cosm\u00e9tica natural e alimenta\u00e7\u00e3o Biol\u00f3gica.","publisher":{"@id":"https:\/\/www.lifenatura.com\/es\/#organization"},"potentialAction":[{"@type":"SearchAction","target":{"@type":"EntryPoint","urlTemplate":"https:\/\/www.lifenatura.com\/es\/?s={search_term_string}"},"query-input":{"@type":"PropertyValueSpecification","valueRequired":true,"valueName":"search_term_string"}}],"inLanguage":"es"},{"@type":"Organization","@id":"https:\/\/www.lifenatura.com\/es\/#organization","name":"Lifenatura","url":"https:\/\/www.lifenatura.com\/es\/","logo":{"@type":"ImageObject","inLanguage":"es","@id":"https:\/\/www.lifenatura.com\/es\/#\/schema\/logo\/image\/","url":"https:\/\/www.lifenatura.com\/wp-content\/uploads\/2021\/11\/logo.png","contentUrl":"https:\/\/www.lifenatura.com\/wp-content\/uploads\/2021\/11\/logo.png","width":175,"height":55,"caption":"Lifenatura"},"image":{"@id":"https:\/\/www.lifenatura.com\/es\/#\/schema\/logo\/image\/"},"sameAs":["https:\/\/www.facebook.com\/lifenatura","https:\/\/www.instagram.com\/lifenaturapt\/"]}]},"product_price_amount":"12.70","product_price_currency":"EUR","og_availability":"instock","product_availability":"instock","product_retailer_item_id":"5600315101499","product_condition":"new"},"df_price":12.7,"df_sale_price":7.62,"df_regular_price":12.7,"df_image_link":"https:\/\/www.lifenatura.com\/wp-content\/uploads\/2022\/12\/biokygen-Iodo-Gotas-300x300.jpg","_links":{"self":[{"href":"https:\/\/www.lifenatura.com\/es\/wp-json\/wp\/v2\/product\/56790","targetHints":{"allow":["GET"]}}],"collection":[{"href":"https:\/\/www.lifenatura.com\/es\/wp-json\/wp\/v2\/product"}],"about":[{"href":"https:\/\/www.lifenatura.com\/es\/wp-json\/wp\/v2\/types\/product"}],"wp:featuredmedia":[{"embeddable":true,"href":"https:\/\/www.lifenatura.com\/es\/wp-json\/wp\/v2\/media\/56789"}],"wp:attachment":[{"href":"https:\/\/www.lifenatura.com\/es\/wp-json\/wp\/v2\/media?parent=56790"}],"wp:term":[{"taxonomy":"product_brand","embeddable":true,"href":"https:\/\/www.lifenatura.com\/es\/wp-json\/wp\/v2\/product_brand?post=56790"},{"taxonomy":"product_cat","embeddable":true,"href":"https:\/\/www.lifenatura.com\/es\/wp-json\/wp\/v2\/product_cat?post=56790"},{"taxonomy":"product_tag","embeddable":true,"href":"https:\/\/www.lifenatura.com\/es\/wp-json\/wp\/v2\/product_tag?post=56790"}],"curies":[{"name":"wp","href":"https:\/\/api.w.org\/{rel}","templated":true}]}}