{"id":54740,"date":"2022-11-08T10:38:09","date_gmt":"2022-11-08T10:38:09","guid":{"rendered":"https:\/\/www.lifenatura.com\/?post_type=product&#038;p=54740"},"modified":"2026-04-04T00:41:31","modified_gmt":"2026-04-04T00:41:31","slug":"naturmil-wild-yam-450mg-60-comprimidos","status":"publish","type":"product","link":"https:\/\/www.lifenatura.com\/es\/produto\/naturmil-wild-yam-450mg-60-comprimidos\/","title":{"rendered":"Naturmil Wild Yam 450mg 60 comprimidos"},"content":{"rendered":"<h2 style=\"text-align: left;\"><strong>El Wild Yam contribuye a la regulaci\u00f3n de la actividad hormonal<\/strong><\/h2>\n<p>&nbsp;<\/p>\n<p>El Wild Yam, con un 20% de diosgenina, vitamina B6 y vitamina B12, ayuda a mantener un sistema nervioso sano y a la regulaci\u00f3n hormonal. Es una alternativa natural a los estr\u00f3genos, a la sequedad vaginal posmenop\u00e1usica y a otros trastornos menstruales.<\/p>\n<p>Tambi\u00e9n es interesante para el fortalecimiento de los huesos, la artritis reumatoide y el aumento del deseo sexual.<\/p>\n<p><strong>SISTEMA NERVIOSO<\/strong><br \/>\nLa vitamina B6 y la vitamina B12 contribuyen al metabolismo normal de producci\u00f3n de energ\u00eda y al funcionamiento normal del sistema nervioso.<\/p>\n<p><strong>REGULACI\u00d3N HORMONAL<\/strong><br \/>\nLa vitamina B6 contribuye a la regulaci\u00f3n de la actividad hormonal.<\/p>\n<p><strong>PRESENTACI\u00d3N<\/strong><\/p>\n<p>60 comprimidos<\/p>\n<p>&nbsp;<\/p>\n","protected":false},"excerpt":{"rendered":"<p>Naturmil Wild Yam para un metabolismo energ\u00e9tico normal y un funcionamiento equilibrado del sistema nervioso y del equilibrio hormonal. [&#8230;]<\/p>\n<p><a class=\"btn btn-secondary understrap-read-more-link\" href=\"https:\/\/www.lifenatura.com\/es\/produto\/naturmil-wild-yam-450mg-60-comprimidos\/\">Leer m\u00e1s&#8230;<span class=\"screen-reader-text\"> from Naturmil Wild Yam 450mg 60 comprimidos<\/span><\/a><\/p>\n","protected":false},"featured_media":55957,"template":"","meta":{"_acf_changed":false},"product_brand":[8435],"product_cat":[8561,7263,7179,7244],"product_tag":[],"class_list":{"0":"post-54740","1":"product","2":"type-product","3":"status-publish","4":"has-post-thumbnail","6":"product_brand-naturmil","7":"product_cat-naturmil-lleve-4-pago-3","8":"product_cat-packs-de-salud","9":"product_cat-salud","10":"product_cat-salud-de-la-mujer","12":"first","13":"instock","14":"shipping-taxable","15":"purchasable","16":"product-type-simple","17":"add-to-wishlist-before_image"},"acf":[],"yoast_head":"<!-- This site is optimized with the Yoast SEO Premium plugin v27.1 (Yoast SEO v27.3) - https:\/\/yoast.com\/product\/yoast-seo-premium-wordpress\/ -->\n<title>Naturmil Wild Yam 450mg 60 comprimidos - Lifenatura<\/title>\n<meta name=\"description\" content=\"Naturmil Wild Yam para un metabolismo energ\u00e9tico normal y un funcionamiento equilibrado del sistema nervioso y del equilibrio hormonal.\" \/>\n<meta name=\"robots\" content=\"index, follow, max-snippet:-1, max-image-preview:large, max-video-preview:-1\" \/>\n<link rel=\"canonical\" href=\"https:\/\/www.lifenatura.com\/es\/produto\/naturmil-wild-yam-450mg-60-comprimidos\/\" \/>\n<meta property=\"og:locale\" content=\"es_ES\" \/>\n<meta property=\"og:type\" content=\"article\" \/>\n<meta property=\"og:title\" content=\"Naturmil Wild Yam 450mg 60 comprimidos - Lifenatura\" \/>\n<meta property=\"og:description\" content=\"Compre aqui o seu Naturmil Wild Yam 450mg 60 comprimidos e a Lifenatura Online envia em 48 H com Portes Gratis &gt;35\u20ac de Pedido.\" \/>\n<meta property=\"og:url\" content=\"https:\/\/www.lifenatura.com\/es\/produto\/naturmil-wild-yam-450mg-60-comprimidos\/\" \/>\n<meta property=\"og:site_name\" content=\"Lifenatura\" \/>\n<meta property=\"article:publisher\" content=\"https:\/\/www.facebook.com\/lifenatura\" \/>\n<meta property=\"article:modified_time\" content=\"2026-04-04T00:41:31+00:00\" \/>\n<meta property=\"og:image\" content=\"https:\/\/www.lifenatura.com\/wp-content\/uploads\/2022\/11\/wild-yam-naturmil.jpg\" \/>\n\t<meta property=\"og:image:width\" content=\"1000\" \/>\n\t<meta property=\"og:image:height\" content=\"1000\" \/>\n\t<meta property=\"og:image:type\" content=\"image\/jpeg\" \/>\n<meta name=\"twitter:card\" content=\"summary_large_image\" \/>\n<meta name=\"twitter:label1\" content=\"Precio\" \/>\n\t<meta name=\"twitter:data1\" content=\"18,56&nbsp;&euro;\" \/>\n\t<meta name=\"twitter:label2\" content=\"Disponibilidad\" \/>\n\t<meta name=\"twitter:data2\" content=\"Disponible\" \/>\n<meta property=\"product:price:amount\" content=\"18.56\" \/>\n<meta property=\"product:price:currency\" content=\"EUR\" \/>\n<meta property=\"og:availability\" content=\"instock\" \/>\n<meta property=\"product:availability\" content=\"instock\" \/>\n<meta property=\"product:retailer_item_id\" content=\"5605481209239\" \/>\n<meta property=\"product:condition\" content=\"new\" \/>\n<!-- \/ Yoast SEO Premium plugin. -->","yoast_head_json":{"title":"Naturmil Wild Yam 450mg 60 comprimidos - Lifenatura","description":"Naturmil Wild Yam para un metabolismo energ\u00e9tico normal y un funcionamiento equilibrado del sistema nervioso y del equilibrio hormonal.","robots":{"index":"index","follow":"follow","max-snippet":"max-snippet:-1","max-image-preview":"max-image-preview:large","max-video-preview":"max-video-preview:-1"},"canonical":"https:\/\/www.lifenatura.com\/es\/produto\/naturmil-wild-yam-450mg-60-comprimidos\/","og_locale":"es_ES","og_type":"article","og_title":"Naturmil Wild Yam 450mg 60 comprimidos - Lifenatura","og_description":"Compre aqui o seu Naturmil Wild Yam 450mg 60 comprimidos e a Lifenatura Online envia em 48 H com Portes Gratis >35\u20ac de Pedido.","og_url":"https:\/\/www.lifenatura.com\/es\/produto\/naturmil-wild-yam-450mg-60-comprimidos\/","og_site_name":"Lifenatura","article_publisher":"https:\/\/www.facebook.com\/lifenatura","article_modified_time":"2026-04-04T00:41:31+00:00","og_image":[{"width":1000,"height":1000,"url":"https:\/\/www.lifenatura.com\/wp-content\/uploads\/2022\/11\/wild-yam-naturmil.jpg","type":"image\/jpeg"}],"twitter_card":"summary_large_image","twitter_misc":{"Precio":"18,56&nbsp;&euro;","Disponibilidad":"Disponible"},"schema":{"@context":"https:\/\/schema.org","@graph":[{"@type":"WebPage","@id":"https:\/\/www.lifenatura.com\/es\/produto\/naturmil-wild-yam-450mg-60-comprimidos\/","url":"https:\/\/www.lifenatura.com\/es\/produto\/naturmil-wild-yam-450mg-60-comprimidos\/","name":"Naturmil Wild Yam 450mg 60 comprimidos - Lifenatura","isPartOf":{"@id":"https:\/\/www.lifenatura.com\/es\/#website"},"primaryImageOfPage":{"@id":"https:\/\/www.lifenatura.com\/es\/produto\/naturmil-wild-yam-450mg-60-comprimidos\/#primaryimage"},"image":{"@id":"https:\/\/www.lifenatura.com\/es\/produto\/naturmil-wild-yam-450mg-60-comprimidos\/#primaryimage"},"thumbnailUrl":"https:\/\/www.lifenatura.com\/wp-content\/uploads\/2022\/11\/wild-yam-naturmil.jpg","datePublished":"2022-11-08T10:38:09+00:00","dateModified":"2026-04-04T00:41:31+00:00","description":"Naturmil Wild Yam para un metabolismo energ\u00e9tico normal y un funcionamiento equilibrado del sistema nervioso y del equilibrio hormonal.","breadcrumb":{"@id":"https:\/\/www.lifenatura.com\/es\/produto\/naturmil-wild-yam-450mg-60-comprimidos\/#breadcrumb"},"inLanguage":"es","potentialAction":[{"@type":"ReadAction","target":["https:\/\/www.lifenatura.com\/es\/produto\/naturmil-wild-yam-450mg-60-comprimidos\/"]}]},{"@type":"ImageObject","inLanguage":"es","@id":"https:\/\/www.lifenatura.com\/es\/produto\/naturmil-wild-yam-450mg-60-comprimidos\/#primaryimage","url":"https:\/\/www.lifenatura.com\/wp-content\/uploads\/2022\/11\/wild-yam-naturmil.jpg","contentUrl":"https:\/\/www.lifenatura.com\/wp-content\/uploads\/2022\/11\/wild-yam-naturmil.jpg","width":1000,"height":1000,"caption":"\u00f1ame silvestre de naturmil"},{"@type":"BreadcrumbList","@id":"https:\/\/www.lifenatura.com\/es\/produto\/naturmil-wild-yam-450mg-60-comprimidos\/#breadcrumb","itemListElement":[{"@type":"ListItem","position":1,"name":"In\u00edcio","item":"https:\/\/www.lifenatura.com\/es\/"},{"@type":"ListItem","position":2,"name":"Todos los Productos","item":"https:\/\/www.lifenatura.com\/es\/tienda\/"},{"@type":"ListItem","position":3,"name":"Naturmil Wild Yam 450mg 60 comprimidos"}]},{"@type":"WebSite","@id":"https:\/\/www.lifenatura.com\/es\/#website","url":"https:\/\/www.lifenatura.com\/es\/","name":"Lifenatura","description":"A Lifenatura \u00e9 uma loja de produtos naturais, cosm\u00e9tica natural e alimenta\u00e7\u00e3o Biol\u00f3gica.","publisher":{"@id":"https:\/\/www.lifenatura.com\/es\/#organization"},"potentialAction":[{"@type":"SearchAction","target":{"@type":"EntryPoint","urlTemplate":"https:\/\/www.lifenatura.com\/es\/?s={search_term_string}"},"query-input":{"@type":"PropertyValueSpecification","valueRequired":true,"valueName":"search_term_string"}}],"inLanguage":"es"},{"@type":"Organization","@id":"https:\/\/www.lifenatura.com\/es\/#organization","name":"Lifenatura","url":"https:\/\/www.lifenatura.com\/es\/","logo":{"@type":"ImageObject","inLanguage":"es","@id":"https:\/\/www.lifenatura.com\/es\/#\/schema\/logo\/image\/","url":"https:\/\/www.lifenatura.com\/wp-content\/uploads\/2021\/11\/logo.png","contentUrl":"https:\/\/www.lifenatura.com\/wp-content\/uploads\/2021\/11\/logo.png","width":175,"height":55,"caption":"Lifenatura"},"image":{"@id":"https:\/\/www.lifenatura.com\/es\/#\/schema\/logo\/image\/"},"sameAs":["https:\/\/www.facebook.com\/lifenatura","https:\/\/www.instagram.com\/lifenaturapt\/"]}]},"product_price_amount":"18.56","product_price_currency":"EUR","og_availability":"instock","product_availability":"instock","product_retailer_item_id":"5605481209239","product_condition":"new"},"df_price":18.56,"df_sale_price":14.85,"df_regular_price":18.56,"df_image_link":"https:\/\/www.lifenatura.com\/wp-content\/uploads\/2022\/11\/wild-yam-naturmil-300x300.jpg","_links":{"self":[{"href":"https:\/\/www.lifenatura.com\/es\/wp-json\/wp\/v2\/product\/54740","targetHints":{"allow":["GET"]}}],"collection":[{"href":"https:\/\/www.lifenatura.com\/es\/wp-json\/wp\/v2\/product"}],"about":[{"href":"https:\/\/www.lifenatura.com\/es\/wp-json\/wp\/v2\/types\/product"}],"wp:featuredmedia":[{"embeddable":true,"href":"https:\/\/www.lifenatura.com\/es\/wp-json\/wp\/v2\/media\/55957"}],"wp:attachment":[{"href":"https:\/\/www.lifenatura.com\/es\/wp-json\/wp\/v2\/media?parent=54740"}],"wp:term":[{"taxonomy":"product_brand","embeddable":true,"href":"https:\/\/www.lifenatura.com\/es\/wp-json\/wp\/v2\/product_brand?post=54740"},{"taxonomy":"product_cat","embeddable":true,"href":"https:\/\/www.lifenatura.com\/es\/wp-json\/wp\/v2\/product_cat?post=54740"},{"taxonomy":"product_tag","embeddable":true,"href":"https:\/\/www.lifenatura.com\/es\/wp-json\/wp\/v2\/product_tag?post=54740"}],"curies":[{"name":"wp","href":"https:\/\/api.w.org\/{rel}","templated":true}]}}