{"id":54220,"date":"2022-10-31T15:03:04","date_gmt":"2022-10-31T15:03:04","guid":{"rendered":"https:\/\/www.lifenatura.com\/?post_type=product&#038;p=54220"},"modified":"2026-04-07T01:07:49","modified_gmt":"2026-04-07T01:07:49","slug":"biokygen-homem-30-comprimidos","status":"publish","type":"product","link":"https:\/\/www.lifenatura.com\/es\/produto\/biokygen-homem-30-comprimidos\/","title":{"rendered":"Biokygen Homem 30 comprimidos"},"content":{"rendered":"<h2 style=\"text-align: left;\"><strong>Biokygen da energ\u00eda al hombre moderno<\/strong><\/h2>\n<p>&nbsp;<\/p>\n<p>Biokygen es un suplemento natural formulado espec\u00edficamente para el Hombre es rico en las principales vitaminas, Magnesio, Calcio, Manganeso, Hierro, Zinc y m\u00e1s, y tiene como funci\u00f3n principal dar energ\u00eda y vitalidad para el d\u00eda a d\u00eda del hombre.<\/p>\n<p>La vitamina C contribuye a reducir el cansancio y la fatiga. La vitamina B1, la vitamina B6, la vitamina C y el cobre contribuyen al metabolismo normal de producci\u00f3n de energ\u00eda.<\/p>\n<p>El selenio, el zinc, la vitamina B6 y la vitamina C contribuyen al funcionamiento normal del sistema inmunitario.<\/p>\n<p>La vitamina C contribuye a la funci\u00f3n psicol\u00f3gica normal. El zinc contribuye al mantenimiento de la visi\u00f3n normal y contribuye a la funci\u00f3n cognitiva normal.<\/p>\n<p><strong>PRESENTACI\u00d3N<\/strong><\/p>\n<p>30 tabletas<\/p>\n<p>&nbsp;<\/p>\n","protected":false},"excerpt":{"rendered":"<p>Biokygen formulado para el hombre moderno, es rico en vitaminas, magnesio, zinc y mucho m\u00e1s, esencial para dar energ\u00eda y vitalidad.<\/p>\n<p><img decoding=\"async\" class=\"alignnone size-full wp-image-53200\" src=\"https:\/\/www.lifenatura.com\/wp-content\/uploads\/2022\/10\/banner-promo-lep2-espanol.png\" alt=\"banner promo l3p2 espanhol\" width=\"500\" height=\"125\" srcset=\"https:\/\/www.lifenatura.com\/wp-content\/uploads\/2022\/10\/banner-promo-lep2-espanol.png 500w, https:\/\/www.lifenatura.com\/wp-content\/uploads\/2022\/10\/banner-promo-lep2-espanol-300x75.png 300w, https:\/\/www.lifenatura.com\/wp-content\/uploads\/2022\/10\/banner-promo-lep2-espanol-64x16.png 64w\" sizes=\"(max-width: 500px) 100vw, 500px\" \/> [&#8230;]<\/p>\n<p><a class=\"btn btn-secondary understrap-read-more-link\" href=\"https:\/\/www.lifenatura.com\/es\/produto\/biokygen-homem-30-comprimidos\/\">Leer m\u00e1s&#8230;<span class=\"screen-reader-text\"> from Biokygen Homem 30 comprimidos<\/span><\/a><\/p>\n","protected":false},"featured_media":54219,"template":"","meta":{"_acf_changed":false},"product_brand":[8541],"product_cat":[7238,7276,7259,7263,7211,7179,7218],"product_tag":[8705],"class_list":{"0":"post-54220","1":"product","2":"type-product","3":"status-publish","4":"has-post-thumbnail","6":"product_brand-biokygen","7":"product_cat-energizante-natural","8":"product_cat-lleve-3-pago-2","9":"product_cat-vitaminas-y-minerales","10":"product_cat-packs-de-salud","11":"product_cat-reforza-la-inmunidad-salud","12":"product_cat-salud","13":"product_cat-salud-ocular","14":"product_tag-fharmonat","16":"first","17":"instock","18":"shipping-taxable","19":"purchasable","20":"product-type-simple","21":"add-to-wishlist-before_image"},"acf":[],"yoast_head":"<!-- This site is optimized with the Yoast SEO Premium plugin v27.1 (Yoast SEO v27.3) - https:\/\/yoast.com\/product\/yoast-seo-premium-wordpress\/ -->\n<title>Biokygen Homem 30 comprimidos - Lifenatura<\/title>\n<meta name=\"description\" content=\"Biokygen formulado para el hombre moderno, es rico en vitaminas, magnesio, zinc y mucho m\u00e1s, esencial para dar energ\u00eda y vitalidad.\" \/>\n<meta name=\"robots\" content=\"index, follow, max-snippet:-1, max-image-preview:large, max-video-preview:-1\" \/>\n<link rel=\"canonical\" href=\"https:\/\/www.lifenatura.com\/es\/produto\/biokygen-homem-30-comprimidos\/\" \/>\n<meta property=\"og:locale\" content=\"es_ES\" \/>\n<meta property=\"og:type\" content=\"article\" \/>\n<meta property=\"og:title\" content=\"Biokygen Homem 30 comprimidos - Lifenatura\" \/>\n<meta property=\"og:description\" content=\"Compre aqui o seu Biokygen Homem 30 comprimidos e a Lifenatura Online envia em 48 H com Portes Gratis &gt;35\u20ac de Pedido.\" \/>\n<meta property=\"og:url\" content=\"https:\/\/www.lifenatura.com\/es\/produto\/biokygen-homem-30-comprimidos\/\" \/>\n<meta property=\"og:site_name\" content=\"Lifenatura\" \/>\n<meta property=\"article:publisher\" content=\"https:\/\/www.facebook.com\/lifenatura\" \/>\n<meta property=\"article:modified_time\" content=\"2026-04-07T01:07:49+00:00\" \/>\n<meta property=\"og:image\" content=\"https:\/\/www.lifenatura.com\/wp-content\/uploads\/2022\/10\/Biokygen-Homem-Comprimidos.jpg\" \/>\n\t<meta property=\"og:image:width\" content=\"1000\" \/>\n\t<meta property=\"og:image:height\" content=\"1000\" \/>\n\t<meta property=\"og:image:type\" content=\"image\/jpeg\" \/>\n<meta name=\"twitter:card\" content=\"summary_large_image\" \/>\n<meta name=\"twitter:label1\" content=\"Precio\" \/>\n\t<meta name=\"twitter:data1\" content=\"15,37&nbsp;&euro;\" \/>\n\t<meta name=\"twitter:label2\" content=\"Disponibilidad\" \/>\n\t<meta name=\"twitter:data2\" content=\"Disponible\" \/>\n<meta property=\"product:price:amount\" content=\"15.37\" \/>\n<meta property=\"product:price:currency\" content=\"EUR\" \/>\n<meta property=\"og:availability\" content=\"instock\" \/>\n<meta property=\"product:availability\" content=\"instock\" \/>\n<meta property=\"product:retailer_item_id\" content=\"5600315099987\" \/>\n<meta property=\"product:condition\" content=\"new\" \/>\n<!-- \/ Yoast SEO Premium plugin. -->","yoast_head_json":{"title":"Biokygen Homem 30 comprimidos - Lifenatura","description":"Biokygen formulado para el hombre moderno, es rico en vitaminas, magnesio, zinc y mucho m\u00e1s, esencial para dar energ\u00eda y vitalidad.","robots":{"index":"index","follow":"follow","max-snippet":"max-snippet:-1","max-image-preview":"max-image-preview:large","max-video-preview":"max-video-preview:-1"},"canonical":"https:\/\/www.lifenatura.com\/es\/produto\/biokygen-homem-30-comprimidos\/","og_locale":"es_ES","og_type":"article","og_title":"Biokygen Homem 30 comprimidos - Lifenatura","og_description":"Compre aqui o seu Biokygen Homem 30 comprimidos e a Lifenatura Online envia em 48 H com Portes Gratis >35\u20ac de Pedido.","og_url":"https:\/\/www.lifenatura.com\/es\/produto\/biokygen-homem-30-comprimidos\/","og_site_name":"Lifenatura","article_publisher":"https:\/\/www.facebook.com\/lifenatura","article_modified_time":"2026-04-07T01:07:49+00:00","og_image":[{"width":1000,"height":1000,"url":"https:\/\/www.lifenatura.com\/wp-content\/uploads\/2022\/10\/Biokygen-Homem-Comprimidos.jpg","type":"image\/jpeg"}],"twitter_card":"summary_large_image","twitter_misc":{"Precio":"15,37&nbsp;&euro;","Disponibilidad":"Disponible"},"schema":{"@context":"https:\/\/schema.org","@graph":[{"@type":"WebPage","@id":"https:\/\/www.lifenatura.com\/es\/produto\/biokygen-homem-30-comprimidos\/","url":"https:\/\/www.lifenatura.com\/es\/produto\/biokygen-homem-30-comprimidos\/","name":"Biokygen Homem 30 comprimidos - Lifenatura","isPartOf":{"@id":"https:\/\/www.lifenatura.com\/es\/#website"},"primaryImageOfPage":{"@id":"https:\/\/www.lifenatura.com\/es\/produto\/biokygen-homem-30-comprimidos\/#primaryimage"},"image":{"@id":"https:\/\/www.lifenatura.com\/es\/produto\/biokygen-homem-30-comprimidos\/#primaryimage"},"thumbnailUrl":"https:\/\/www.lifenatura.com\/wp-content\/uploads\/2022\/10\/Biokygen-Homem-Comprimidos.jpg","datePublished":"2022-10-31T15:03:04+00:00","dateModified":"2026-04-07T01:07:49+00:00","description":"Biokygen formulado para el hombre moderno, es rico en vitaminas, magnesio, zinc y mucho m\u00e1s, esencial para dar energ\u00eda y vitalidad.","breadcrumb":{"@id":"https:\/\/www.lifenatura.com\/es\/produto\/biokygen-homem-30-comprimidos\/#breadcrumb"},"inLanguage":"es","potentialAction":[{"@type":"ReadAction","target":["https:\/\/www.lifenatura.com\/es\/produto\/biokygen-homem-30-comprimidos\/"]}]},{"@type":"ImageObject","inLanguage":"es","@id":"https:\/\/www.lifenatura.com\/es\/produto\/biokygen-homem-30-comprimidos\/#primaryimage","url":"https:\/\/www.lifenatura.com\/wp-content\/uploads\/2022\/10\/Biokygen-Homem-Comprimidos.jpg","contentUrl":"https:\/\/www.lifenatura.com\/wp-content\/uploads\/2022\/10\/Biokygen-Homem-Comprimidos.jpg","width":1000,"height":1000,"caption":"Biokygen homem"},{"@type":"BreadcrumbList","@id":"https:\/\/www.lifenatura.com\/es\/produto\/biokygen-homem-30-comprimidos\/#breadcrumb","itemListElement":[{"@type":"ListItem","position":1,"name":"In\u00edcio","item":"https:\/\/www.lifenatura.com\/es\/"},{"@type":"ListItem","position":2,"name":"Todos los Productos","item":"https:\/\/www.lifenatura.com\/es\/tienda\/"},{"@type":"ListItem","position":3,"name":"Biokygen Homem 30 comprimidos"}]},{"@type":"WebSite","@id":"https:\/\/www.lifenatura.com\/es\/#website","url":"https:\/\/www.lifenatura.com\/es\/","name":"Lifenatura","description":"A Lifenatura \u00e9 uma loja de produtos naturais, cosm\u00e9tica natural e alimenta\u00e7\u00e3o Biol\u00f3gica.","publisher":{"@id":"https:\/\/www.lifenatura.com\/es\/#organization"},"potentialAction":[{"@type":"SearchAction","target":{"@type":"EntryPoint","urlTemplate":"https:\/\/www.lifenatura.com\/es\/?s={search_term_string}"},"query-input":{"@type":"PropertyValueSpecification","valueRequired":true,"valueName":"search_term_string"}}],"inLanguage":"es"},{"@type":"Organization","@id":"https:\/\/www.lifenatura.com\/es\/#organization","name":"Lifenatura","url":"https:\/\/www.lifenatura.com\/es\/","logo":{"@type":"ImageObject","inLanguage":"es","@id":"https:\/\/www.lifenatura.com\/es\/#\/schema\/logo\/image\/","url":"https:\/\/www.lifenatura.com\/wp-content\/uploads\/2021\/11\/logo.png","contentUrl":"https:\/\/www.lifenatura.com\/wp-content\/uploads\/2021\/11\/logo.png","width":175,"height":55,"caption":"Lifenatura"},"image":{"@id":"https:\/\/www.lifenatura.com\/es\/#\/schema\/logo\/image\/"},"sameAs":["https:\/\/www.facebook.com\/lifenatura","https:\/\/www.instagram.com\/lifenaturapt\/"]}]},"product_price_amount":"15.37","product_price_currency":"EUR","og_availability":"instock","product_availability":"instock","product_retailer_item_id":"5600315099987","product_condition":"new"},"df_price":15.37,"df_sale_price":9.22,"df_regular_price":15.37,"df_image_link":"https:\/\/www.lifenatura.com\/wp-content\/uploads\/2022\/10\/Biokygen-Homem-Comprimidos-300x300.jpg","_links":{"self":[{"href":"https:\/\/www.lifenatura.com\/es\/wp-json\/wp\/v2\/product\/54220","targetHints":{"allow":["GET"]}}],"collection":[{"href":"https:\/\/www.lifenatura.com\/es\/wp-json\/wp\/v2\/product"}],"about":[{"href":"https:\/\/www.lifenatura.com\/es\/wp-json\/wp\/v2\/types\/product"}],"wp:featuredmedia":[{"embeddable":true,"href":"https:\/\/www.lifenatura.com\/es\/wp-json\/wp\/v2\/media\/54219"}],"wp:attachment":[{"href":"https:\/\/www.lifenatura.com\/es\/wp-json\/wp\/v2\/media?parent=54220"}],"wp:term":[{"taxonomy":"product_brand","embeddable":true,"href":"https:\/\/www.lifenatura.com\/es\/wp-json\/wp\/v2\/product_brand?post=54220"},{"taxonomy":"product_cat","embeddable":true,"href":"https:\/\/www.lifenatura.com\/es\/wp-json\/wp\/v2\/product_cat?post=54220"},{"taxonomy":"product_tag","embeddable":true,"href":"https:\/\/www.lifenatura.com\/es\/wp-json\/wp\/v2\/product_tag?post=54220"}],"curies":[{"name":"wp","href":"https:\/\/api.w.org\/{rel}","templated":true}]}}