{"id":51402,"date":"2022-04-13T08:53:07","date_gmt":"2022-04-13T08:53:07","guid":{"rendered":"https:\/\/www.lifenatura.com\/?post_type=product&#038;p=51402"},"modified":"2022-09-07T21:23:44","modified_gmt":"2022-09-07T21:23:44","slug":"relaxgreen-dr-green","status":"publish","type":"product","link":"https:\/\/www.lifenatura.com\/es\/produto\/relaxgreen-dr-green\/","title":{"rendered":"Relaxgreen comprimidos &#8211; Dr. Green"},"content":{"rendered":"<h2><strong>RelaxGreen para reducir el estr\u00e9s en perros y gatos<\/strong><\/h2>\n<p>&nbsp;<\/p>\n<p>RelaxGreen favorece la relajaci\u00f3n de perros y gatos y controla la ansiedad y el estr\u00e9s. Est\u00e1 formulado con extractos estandarizados de plantas y sustancias de origen natural para favorecer el bienestar mental y emocional de perros y gatos sin producir sedaci\u00f3n.<\/p>\n<p>Previene los estados de ansiedad y estr\u00e9s asociados a los problemas de comportamiento de estos animales. Su combinaci\u00f3n de ingredientes act\u00faa de forma sin\u00e9rgica y sobre las distintas formas posibles de relajaci\u00f3n del sistema nervioso.<\/p>\n<p><strong>PRESENTACI\u00d3N<\/strong><\/p>\n<p>48 comprimidos<\/p>\n<p>&nbsp;<\/p>\n","protected":false},"excerpt":{"rendered":"<p>RelaxGreen es un producto del Dr. Green que favorece la relajaci\u00f3n de perros y gatos y controla la ansiedad y el estr\u00e9s. [&#8230;]<\/p>\n<p><a class=\"btn btn-secondary understrap-read-more-link\" href=\"https:\/\/www.lifenatura.com\/es\/produto\/relaxgreen-dr-green\/\">Leer m\u00e1s&#8230;<span class=\"screen-reader-text\"> from Relaxgreen comprimidos &#8211; Dr. Green<\/span><\/a><\/p>\n","protected":false},"featured_media":51440,"template":"","meta":{"_acf_changed":false},"product_brand":[8504],"product_cat":[7217],"product_tag":[],"class_list":{"0":"post-51402","1":"product","2":"type-product","3":"status-publish","4":"has-post-thumbnail","6":"product_brand-dr-green","7":"product_cat-veterinario-salud","9":"first","10":"instock","11":"shipping-taxable","12":"purchasable","13":"product-type-simple","14":"add-to-wishlist-before_image"},"acf":[],"yoast_head":"<!-- This site is optimized with the Yoast SEO Premium plugin v27.1 (Yoast SEO v27.3) - https:\/\/yoast.com\/product\/yoast-seo-premium-wordpress\/ -->\n<title>Relaxgreen comprimidos - Dr. Green - Lifenatura<\/title>\n<meta name=\"description\" content=\"RelaxGreen es un producto del Dr. Green que favorece la relajaci\u00f3n de perros y gatos y controla la ansiedad y el estr\u00e9s de los animales.\" \/>\n<meta name=\"robots\" content=\"index, follow, max-snippet:-1, max-image-preview:large, max-video-preview:-1\" \/>\n<link rel=\"canonical\" href=\"https:\/\/www.lifenatura.com\/es\/produto\/relaxgreen-dr-green\/\" \/>\n<meta property=\"og:locale\" content=\"es_ES\" \/>\n<meta property=\"og:type\" content=\"article\" \/>\n<meta property=\"og:title\" content=\"Relaxgreen comprimidos - Dr. Green - Lifenatura\" \/>\n<meta property=\"og:description\" content=\"Compre aqui o seu Relaxgreen comprimidos - Dr. Green e a Lifenatura Online envia em 48 H com Portes Gratis &gt;35\u20ac de Pedido.\" \/>\n<meta property=\"og:url\" content=\"https:\/\/www.lifenatura.com\/es\/produto\/relaxgreen-dr-green\/\" \/>\n<meta property=\"og:site_name\" content=\"Lifenatura\" \/>\n<meta property=\"article:publisher\" content=\"https:\/\/www.facebook.com\/lifenatura\" \/>\n<meta property=\"article:modified_time\" content=\"2022-09-07T21:23:44+00:00\" \/>\n<meta property=\"og:image\" content=\"https:\/\/www.lifenatura.com\/wp-content\/uploads\/2022\/04\/relax-green-comprimidos-dr-green.jpg\" \/>\n\t<meta property=\"og:image:width\" content=\"1000\" \/>\n\t<meta property=\"og:image:height\" content=\"999\" \/>\n\t<meta property=\"og:image:type\" content=\"image\/jpeg\" \/>\n<meta name=\"twitter:card\" content=\"summary_large_image\" \/>\n<meta name=\"twitter:label1\" content=\"Precio\" \/>\n\t<meta name=\"twitter:data1\" content=\"25,76&nbsp;&euro;\" \/>\n\t<meta name=\"twitter:label2\" content=\"Disponibilidad\" \/>\n\t<meta name=\"twitter:data2\" content=\"Disponible\" \/>\n<meta property=\"product:price:amount\" content=\"25.76\" \/>\n<meta property=\"product:price:currency\" content=\"EUR\" \/>\n<meta property=\"og:availability\" content=\"instock\" \/>\n<meta property=\"product:availability\" content=\"instock\" \/>\n<meta property=\"product:retailer_item_id\" content=\"32030018\" \/>\n<meta property=\"product:condition\" content=\"new\" \/>\n<!-- \/ Yoast SEO Premium plugin. -->","yoast_head_json":{"title":"Relaxgreen comprimidos - Dr. Green - Lifenatura","description":"RelaxGreen es un producto del Dr. Green que favorece la relajaci\u00f3n de perros y gatos y controla la ansiedad y el estr\u00e9s de los animales.","robots":{"index":"index","follow":"follow","max-snippet":"max-snippet:-1","max-image-preview":"max-image-preview:large","max-video-preview":"max-video-preview:-1"},"canonical":"https:\/\/www.lifenatura.com\/es\/produto\/relaxgreen-dr-green\/","og_locale":"es_ES","og_type":"article","og_title":"Relaxgreen comprimidos - Dr. Green - Lifenatura","og_description":"Compre aqui o seu Relaxgreen comprimidos - Dr. Green e a Lifenatura Online envia em 48 H com Portes Gratis >35\u20ac de Pedido.","og_url":"https:\/\/www.lifenatura.com\/es\/produto\/relaxgreen-dr-green\/","og_site_name":"Lifenatura","article_publisher":"https:\/\/www.facebook.com\/lifenatura","article_modified_time":"2022-09-07T21:23:44+00:00","og_image":[{"width":1000,"height":999,"url":"https:\/\/www.lifenatura.com\/wp-content\/uploads\/2022\/04\/relax-green-comprimidos-dr-green.jpg","type":"image\/jpeg"}],"twitter_card":"summary_large_image","twitter_misc":{"Precio":"25,76&nbsp;&euro;","Disponibilidad":"Disponible"},"schema":{"@context":"https:\/\/schema.org","@graph":[{"@type":"WebPage","@id":"https:\/\/www.lifenatura.com\/es\/produto\/relaxgreen-dr-green\/","url":"https:\/\/www.lifenatura.com\/es\/produto\/relaxgreen-dr-green\/","name":"Relaxgreen comprimidos - Dr. Green - Lifenatura","isPartOf":{"@id":"https:\/\/www.lifenatura.com\/es\/#website"},"primaryImageOfPage":{"@id":"https:\/\/www.lifenatura.com\/es\/produto\/relaxgreen-dr-green\/#primaryimage"},"image":{"@id":"https:\/\/www.lifenatura.com\/es\/produto\/relaxgreen-dr-green\/#primaryimage"},"thumbnailUrl":"https:\/\/www.lifenatura.com\/wp-content\/uploads\/2022\/04\/relax-green-comprimidos-dr-green.jpg","datePublished":"2022-04-13T08:53:07+00:00","dateModified":"2022-09-07T21:23:44+00:00","description":"RelaxGreen es un producto del Dr. Green que favorece la relajaci\u00f3n de perros y gatos y controla la ansiedad y el estr\u00e9s de los animales.","breadcrumb":{"@id":"https:\/\/www.lifenatura.com\/es\/produto\/relaxgreen-dr-green\/#breadcrumb"},"inLanguage":"es","potentialAction":[{"@type":"ReadAction","target":["https:\/\/www.lifenatura.com\/es\/produto\/relaxgreen-dr-green\/"]}]},{"@type":"ImageObject","inLanguage":"es","@id":"https:\/\/www.lifenatura.com\/es\/produto\/relaxgreen-dr-green\/#primaryimage","url":"https:\/\/www.lifenatura.com\/wp-content\/uploads\/2022\/04\/relax-green-comprimidos-dr-green.jpg","contentUrl":"https:\/\/www.lifenatura.com\/wp-content\/uploads\/2022\/04\/relax-green-comprimidos-dr-green.jpg","width":1000,"height":999,"caption":"Relaxen comprimidos da marca dr. green"},{"@type":"BreadcrumbList","@id":"https:\/\/www.lifenatura.com\/es\/produto\/relaxgreen-dr-green\/#breadcrumb","itemListElement":[{"@type":"ListItem","position":1,"name":"In\u00edcio","item":"https:\/\/www.lifenatura.com\/es\/"},{"@type":"ListItem","position":2,"name":"Todos los Productos","item":"https:\/\/www.lifenatura.com\/es\/tienda\/"},{"@type":"ListItem","position":3,"name":"Relaxgreen comprimidos &#8211; Dr. Green"}]},{"@type":"WebSite","@id":"https:\/\/www.lifenatura.com\/es\/#website","url":"https:\/\/www.lifenatura.com\/es\/","name":"Lifenatura","description":"A Lifenatura \u00e9 uma loja de produtos naturais, cosm\u00e9tica natural e alimenta\u00e7\u00e3o Biol\u00f3gica.","publisher":{"@id":"https:\/\/www.lifenatura.com\/es\/#organization"},"potentialAction":[{"@type":"SearchAction","target":{"@type":"EntryPoint","urlTemplate":"https:\/\/www.lifenatura.com\/es\/?s={search_term_string}"},"query-input":{"@type":"PropertyValueSpecification","valueRequired":true,"valueName":"search_term_string"}}],"inLanguage":"es"},{"@type":"Organization","@id":"https:\/\/www.lifenatura.com\/es\/#organization","name":"Lifenatura","url":"https:\/\/www.lifenatura.com\/es\/","logo":{"@type":"ImageObject","inLanguage":"es","@id":"https:\/\/www.lifenatura.com\/es\/#\/schema\/logo\/image\/","url":"https:\/\/www.lifenatura.com\/wp-content\/uploads\/2021\/11\/logo.png","contentUrl":"https:\/\/www.lifenatura.com\/wp-content\/uploads\/2021\/11\/logo.png","width":175,"height":55,"caption":"Lifenatura"},"image":{"@id":"https:\/\/www.lifenatura.com\/es\/#\/schema\/logo\/image\/"},"sameAs":["https:\/\/www.facebook.com\/lifenatura","https:\/\/www.instagram.com\/lifenaturapt\/"]}]},"product_price_amount":"25.76","product_price_currency":"EUR","og_availability":"instock","product_availability":"instock","product_retailer_item_id":"32030018","product_condition":"new"},"df_price":25.76,"df_sale_price":"","df_regular_price":25.76,"df_image_link":"https:\/\/www.lifenatura.com\/wp-content\/uploads\/2022\/04\/relax-green-comprimidos-dr-green-300x300.jpg","_links":{"self":[{"href":"https:\/\/www.lifenatura.com\/es\/wp-json\/wp\/v2\/product\/51402","targetHints":{"allow":["GET"]}}],"collection":[{"href":"https:\/\/www.lifenatura.com\/es\/wp-json\/wp\/v2\/product"}],"about":[{"href":"https:\/\/www.lifenatura.com\/es\/wp-json\/wp\/v2\/types\/product"}],"wp:featuredmedia":[{"embeddable":true,"href":"https:\/\/www.lifenatura.com\/es\/wp-json\/wp\/v2\/media\/51440"}],"wp:attachment":[{"href":"https:\/\/www.lifenatura.com\/es\/wp-json\/wp\/v2\/media?parent=51402"}],"wp:term":[{"taxonomy":"product_brand","embeddable":true,"href":"https:\/\/www.lifenatura.com\/es\/wp-json\/wp\/v2\/product_brand?post=51402"},{"taxonomy":"product_cat","embeddable":true,"href":"https:\/\/www.lifenatura.com\/es\/wp-json\/wp\/v2\/product_cat?post=51402"},{"taxonomy":"product_tag","embeddable":true,"href":"https:\/\/www.lifenatura.com\/es\/wp-json\/wp\/v2\/product_tag?post=51402"}],"curies":[{"name":"wp","href":"https:\/\/api.w.org\/{rel}","templated":true}]}}