{"id":47033,"date":"2022-06-30T14:55:31","date_gmt":"2022-06-30T14:55:31","guid":{"rendered":"https:\/\/lifenatura.dev.agenciagetdigital.com\/?post_type=product&#038;p=47033"},"modified":"2026-04-19T02:40:59","modified_gmt":"2026-04-19T02:40:59","slug":"super-collaforce-magnesio-pack3","status":"publish","type":"product","link":"https:\/\/www.lifenatura.com\/es\/produto\/super-collaforce-magnesio-pack3\/","title":{"rendered":"Super Collaforce + Magn\u00e9sio Pack Lleve 4 Pago 3"},"content":{"rendered":"<h2 style=\"text-align: left;\"><strong>Col\u00e1geno que refuerza los huesos, la piel y los cart\u00edlagos &#8211; Lleve 4 Pago 3<\/strong><\/h2>\n<p>&nbsp;<\/p>\n<p>Super Collaforce m\u00e1s Magnesio ahora en pack Lleve 4 Pago 3 es un suplemento natural que une Col\u00e1geno, \u00e1cido hialur\u00f3nico y Magnesio, en un producto que est\u00e1 indicado para reforzar huesos y cart\u00edlagos, as\u00ed como para mejorar el aspecto de la piel y reforzar la parte muscular.<\/p>\n<p>El col\u00e1geno es una prote\u00edna estructural de los m\u00fasculos, las articulaciones, los huesos y los tendones, la piel, las u\u00f1as y el cabello, formando fibras que sostienen los tejidos, por lo que es una prote\u00edna esencial para el bienestar general de nuestro organismo.<\/p>\n<p><strong>Ahora disponible en pack promoci\u00f3nLleve 4 Pago 3<\/strong><\/p>\n<p>Ideal para personas activas, deportistas y quienes deseen mejorar su movilidad y bienestar general, Super Collaforce + Magnesio es una excelente adici\u00f3n a su rutina diaria de salud.<\/p>\n<p><strong>Principales beneficios Super Collaforce + Magnesio:<\/strong><\/p>\n<ul>\n<li><strong>Salud articular:<\/strong> El col\u00e1geno hidrolizado favorece la regeneraci\u00f3n del cart\u00edlago y mejora la flexibilidad y movilidad de las articulaciones, ayudando a prevenir las molestias articulares.<\/li>\n<li><strong>Fortalecimiento \u00f3seo<\/strong>: El magnesio es esencial para mantener unos huesos fuertes y sanos, previniendo enfermedades como la osteoporosis.<\/li>\n<li><strong>Mejora de la funci\u00f3n muscular:<\/strong> El magnesio contribuye a la funci\u00f3n muscular normal, ayudando a prevenir calambres y espasmos musculares.<\/li>\n<\/ul>\n<p>Super Collaforce + Magnesio es la elecci\u00f3n ideal para cualquier persona que desee mantener una salud articular, muscular y \u00f3sea eficaz y completa.<\/p>\n<p><strong>PRESENTACI\u00d3N<\/strong><\/p>\n<p>450 gramos x 3<\/p>\n<p>&nbsp;<\/p>\n","protected":false},"excerpt":{"rendered":"<p>Ahora en Pack Lleve 4 Pago 3 el Super Collaforce es un suplemento natural que combina Col\u00e1geno, \u00c1cido Hialur\u00f3nico y Magnesio para fortalecer los huesos y los m\u00fasculos. [&#8230;]<\/p>\n<p><a class=\"btn btn-secondary understrap-read-more-link\" href=\"https:\/\/www.lifenatura.com\/es\/produto\/super-collaforce-magnesio-pack3\/\">Leer m\u00e1s&#8230;<span class=\"screen-reader-text\"> from Super Collaforce + Magn\u00e9sio Pack Lleve 4 Pago 3<\/span><\/a><\/p>\n","protected":false},"featured_media":112327,"template":"","meta":{"_acf_changed":false},"product_brand":[8515],"product_cat":[7665,7205,7689,7267,7659,7206,7263,8048,7179],"product_tag":[],"class_list":{"0":"post-47033","1":"product","2":"type-product","3":"status-publish","4":"has-post-thumbnail","6":"product_brand-collaforce","7":"product_cat-acido-hialuronico-bio","8":"product_cat-articulaciones","9":"product_cat-colagenio-natural","10":"product_cat-collaforce-packs-salud","11":"product_cat-ingrediente-natural-bio","12":"product_cat-musculos-salud","13":"product_cat-packs-de-salud","14":"product_cat-paga-3-lleva-4","15":"product_cat-salud","16":"pa_dicas-collaforce-10000-para-que-sirve","18":"first","19":"instock","20":"sale","21":"shipping-taxable","22":"purchasable","23":"product-type-woosb","24":"add-to-wishlist-before_image"},"acf":[],"yoast_head":"<!-- This site is optimized with the Yoast SEO Premium plugin v27.1 (Yoast SEO v27.4) - https:\/\/yoast.com\/product\/yoast-seo-premium-wordpress\/ -->\n<title>Super Collaforce Mais Magn\u00e9sio Pack Lleve 4 Pago 3 - Lifenatura<\/title>\n<meta name=\"description\" content=\"Super Collaforce plus Magnesio Pack Lleve 4 Pago 3 es un suplemento natural que combina Col\u00e1geno, \u00c1cido Hialur\u00f3nico y Magnesio.\" \/>\n<meta name=\"robots\" content=\"index, follow, max-snippet:-1, max-image-preview:large, max-video-preview:-1\" \/>\n<link rel=\"canonical\" href=\"https:\/\/www.lifenatura.com\/es\/produto\/super-collaforce-magnesio-pack3\/\" \/>\n<meta property=\"og:locale\" content=\"es_ES\" \/>\n<meta property=\"og:type\" content=\"article\" \/>\n<meta property=\"og:title\" content=\"Super Collaforce + Magn\u00e9sio Pack Lleve 4 Pago 3 - Lifenatura\" \/>\n<meta property=\"og:description\" content=\"Compre aqui o seu Super Collaforce + Magn\u00e9sio Pack Lleve 4 Pago 3 e a Lifenatura Online envia em 48 H com Portes Gratis &gt;35\u20ac de Pedido.\" \/>\n<meta property=\"og:url\" content=\"https:\/\/www.lifenatura.com\/es\/produto\/super-collaforce-magnesio-pack3\/\" \/>\n<meta property=\"og:site_name\" content=\"Lifenatura\" \/>\n<meta property=\"article:publisher\" content=\"https:\/\/www.facebook.com\/lifenatura\" \/>\n<meta property=\"article:modified_time\" content=\"2026-04-19T02:40:59+00:00\" \/>\n<meta property=\"og:image\" content=\"https:\/\/www.lifenatura.com\/wp-content\/uploads\/2025\/05\/collaforce-super-magnesio-l4p3.jpg\" \/>\n\t<meta property=\"og:image:width\" content=\"1000\" \/>\n\t<meta property=\"og:image:height\" content=\"1000\" \/>\n\t<meta property=\"og:image:type\" content=\"image\/jpeg\" \/>\n<meta name=\"twitter:card\" content=\"summary_large_image\" \/>\n<meta name=\"twitter:label1\" content=\"Precio\" \/>\n\t<meta name=\"twitter:data1\" content=\"96,68&nbsp;&euro;\" \/>\n\t<meta name=\"twitter:label2\" content=\"Disponibilidad\" \/>\n\t<meta name=\"twitter:data2\" content=\"Disponible\" \/>\n<meta property=\"product:price:amount\" content=\"96.68\" \/>\n<meta property=\"product:price:currency\" content=\"EUR\" \/>\n<meta property=\"og:availability\" content=\"instock\" \/>\n<meta property=\"product:availability\" content=\"instock\" \/>\n<meta property=\"product:retailer_item_id\" content=\"56054811128055\" \/>\n<meta property=\"product:condition\" content=\"new\" \/>\n<!-- \/ Yoast SEO Premium plugin. -->","yoast_head_json":{"title":"Super Collaforce Mais Magn\u00e9sio Pack Lleve 4 Pago 3 - Lifenatura","description":"Super Collaforce plus Magnesio Pack Lleve 4 Pago 3 es un suplemento natural que combina Col\u00e1geno, \u00c1cido Hialur\u00f3nico y Magnesio.","robots":{"index":"index","follow":"follow","max-snippet":"max-snippet:-1","max-image-preview":"max-image-preview:large","max-video-preview":"max-video-preview:-1"},"canonical":"https:\/\/www.lifenatura.com\/es\/produto\/super-collaforce-magnesio-pack3\/","og_locale":"es_ES","og_type":"article","og_title":"Super Collaforce + Magn\u00e9sio Pack Lleve 4 Pago 3 - Lifenatura","og_description":"Compre aqui o seu Super Collaforce + Magn\u00e9sio Pack Lleve 4 Pago 3 e a Lifenatura Online envia em 48 H com Portes Gratis >35\u20ac de Pedido.","og_url":"https:\/\/www.lifenatura.com\/es\/produto\/super-collaforce-magnesio-pack3\/","og_site_name":"Lifenatura","article_publisher":"https:\/\/www.facebook.com\/lifenatura","article_modified_time":"2026-04-19T02:40:59+00:00","og_image":[{"width":1000,"height":1000,"url":"https:\/\/www.lifenatura.com\/wp-content\/uploads\/2025\/05\/collaforce-super-magnesio-l4p3.jpg","type":"image\/jpeg"}],"twitter_card":"summary_large_image","twitter_misc":{"Precio":"96,68&nbsp;&euro;","Disponibilidad":"Disponible"},"schema":{"@context":"https:\/\/schema.org","@graph":[{"@type":"WebPage","@id":"https:\/\/www.lifenatura.com\/es\/produto\/super-collaforce-magnesio-pack3\/","url":"https:\/\/www.lifenatura.com\/es\/produto\/super-collaforce-magnesio-pack3\/","name":"Super Collaforce Mais Magn\u00e9sio Pack Lleve 4 Pago 3 - Lifenatura","isPartOf":{"@id":"https:\/\/www.lifenatura.com\/es\/#website"},"primaryImageOfPage":{"@id":"https:\/\/www.lifenatura.com\/es\/produto\/super-collaforce-magnesio-pack3\/#primaryimage"},"image":{"@id":"https:\/\/www.lifenatura.com\/es\/produto\/super-collaforce-magnesio-pack3\/#primaryimage"},"thumbnailUrl":"https:\/\/www.lifenatura.com\/wp-content\/uploads\/2025\/05\/collaforce-super-magnesio-l4p3.jpg","datePublished":"2022-06-30T14:55:31+00:00","dateModified":"2026-04-19T02:40:59+00:00","description":"Super Collaforce plus Magnesio Pack Lleve 4 Pago 3 es un suplemento natural que combina Col\u00e1geno, \u00c1cido Hialur\u00f3nico y Magnesio.","breadcrumb":{"@id":"https:\/\/www.lifenatura.com\/es\/produto\/super-collaforce-magnesio-pack3\/#breadcrumb"},"inLanguage":"es","potentialAction":[{"@type":"ReadAction","target":["https:\/\/www.lifenatura.com\/es\/produto\/super-collaforce-magnesio-pack3\/"]}]},{"@type":"ImageObject","inLanguage":"es","@id":"https:\/\/www.lifenatura.com\/es\/produto\/super-collaforce-magnesio-pack3\/#primaryimage","url":"https:\/\/www.lifenatura.com\/wp-content\/uploads\/2025\/05\/collaforce-super-magnesio-l4p3.jpg","contentUrl":"https:\/\/www.lifenatura.com\/wp-content\/uploads\/2025\/05\/collaforce-super-magnesio-l4p3.jpg","width":1000,"height":1000,"caption":"Collaforce super magnesio pack Leve 4 Pague 3"},{"@type":"BreadcrumbList","@id":"https:\/\/www.lifenatura.com\/es\/produto\/super-collaforce-magnesio-pack3\/#breadcrumb","itemListElement":[{"@type":"ListItem","position":1,"name":"In\u00edcio","item":"https:\/\/www.lifenatura.com\/es\/"},{"@type":"ListItem","position":2,"name":"Todos los Productos","item":"https:\/\/www.lifenatura.com\/es\/tienda\/"},{"@type":"ListItem","position":3,"name":"Super Collaforce + Magn\u00e9sio Pack Lleve 4 Pago 3"}]},{"@type":"WebSite","@id":"https:\/\/www.lifenatura.com\/es\/#website","url":"https:\/\/www.lifenatura.com\/es\/","name":"Lifenatura","description":"A Lifenatura \u00e9 uma loja de produtos naturais, cosm\u00e9tica natural e alimenta\u00e7\u00e3o Biol\u00f3gica.","publisher":{"@id":"https:\/\/www.lifenatura.com\/es\/#organization"},"potentialAction":[{"@type":"SearchAction","target":{"@type":"EntryPoint","urlTemplate":"https:\/\/www.lifenatura.com\/es\/?s={search_term_string}"},"query-input":{"@type":"PropertyValueSpecification","valueRequired":true,"valueName":"search_term_string"}}],"inLanguage":"es"},{"@type":"Organization","@id":"https:\/\/www.lifenatura.com\/es\/#organization","name":"Lifenatura","url":"https:\/\/www.lifenatura.com\/es\/","logo":{"@type":"ImageObject","inLanguage":"es","@id":"https:\/\/www.lifenatura.com\/es\/#\/schema\/logo\/image\/","url":"https:\/\/www.lifenatura.com\/wp-content\/uploads\/2021\/11\/logo.png","contentUrl":"https:\/\/www.lifenatura.com\/wp-content\/uploads\/2021\/11\/logo.png","width":175,"height":55,"caption":"Lifenatura"},"image":{"@id":"https:\/\/www.lifenatura.com\/es\/#\/schema\/logo\/image\/"},"sameAs":["https:\/\/www.facebook.com\/lifenatura","https:\/\/www.instagram.com\/lifenaturapt\/"]}]},"product_price_amount":"96.68","product_price_currency":"EUR","og_availability":"instock","product_availability":"instock","product_retailer_item_id":"56054811128055","product_condition":"new"},"df_price":96.68,"df_sale_price":90.63,"df_regular_price":120.84,"df_image_link":"https:\/\/www.lifenatura.com\/wp-content\/uploads\/2025\/05\/collaforce-super-magnesio-l4p3-300x300.jpg","_links":{"self":[{"href":"https:\/\/www.lifenatura.com\/es\/wp-json\/wp\/v2\/product\/47033","targetHints":{"allow":["GET"]}}],"collection":[{"href":"https:\/\/www.lifenatura.com\/es\/wp-json\/wp\/v2\/product"}],"about":[{"href":"https:\/\/www.lifenatura.com\/es\/wp-json\/wp\/v2\/types\/product"}],"wp:featuredmedia":[{"embeddable":true,"href":"https:\/\/www.lifenatura.com\/es\/wp-json\/wp\/v2\/media\/112327"}],"wp:attachment":[{"href":"https:\/\/www.lifenatura.com\/es\/wp-json\/wp\/v2\/media?parent=47033"}],"wp:term":[{"taxonomy":"product_brand","embeddable":true,"href":"https:\/\/www.lifenatura.com\/es\/wp-json\/wp\/v2\/product_brand?post=47033"},{"taxonomy":"product_cat","embeddable":true,"href":"https:\/\/www.lifenatura.com\/es\/wp-json\/wp\/v2\/product_cat?post=47033"},{"taxonomy":"product_tag","embeddable":true,"href":"https:\/\/www.lifenatura.com\/es\/wp-json\/wp\/v2\/product_tag?post=47033"}],"curies":[{"name":"wp","href":"https:\/\/api.w.org\/{rel}","templated":true}]}}