{"id":46975,"date":"2022-06-29T17:01:02","date_gmt":"2022-06-29T17:01:02","guid":{"rendered":"https:\/\/lifenatura.dev.agenciagetdigital.com\/?post_type=product&#038;p=46975"},"modified":"2022-08-21T15:32:14","modified_gmt":"2022-08-21T15:32:14","slug":"levadura-roja-de-arroz-con-coenzima-q10-30-capsulas-vegetales-drasanvi","status":"publish","type":"product","link":"https:\/\/www.lifenatura.com\/es\/produto\/levadura-roja-de-arroz-con-coenzima-q10-30-capsulas-vegetales-drasanvi\/","title":{"rendered":"Levadura roja de arroz con coenzima Q10 &#8211; 30 c\u00e1psulas vegetales &#8211; Drasanvi"},"content":{"rendered":"<h2 style=\"text-align: left\"><strong>Indicado para el colesterol<\/strong><\/h2>\n<p>&nbsp;<\/p>\n<p>La levadura roja de arroz es un producto obtenido a partir de la levadura Monascus purpureus, que crece en el arroz. Este producto contiene ingredientes activos denominados monacolinas, entre los que se encuentra la monacolina K, que es especialmente beneficiosa para el organismo.<\/p>\n<p>&nbsp;<\/p>\n<p><strong>PRESENTACI\u00d3N<\/strong><\/p>\n<p>30 c\u00e1psulas<\/p>\n<p>&nbsp;<\/p>\n","protected":false},"excerpt":{"rendered":"<p>Este producto contiene en su composici\u00f3n monacolina K, que contribuye a mantener los niveles normales de colesterol en la sangre. [&#8230;]<\/p>\n<p><a class=\"btn btn-secondary understrap-read-more-link\" href=\"https:\/\/www.lifenatura.com\/es\/produto\/levadura-roja-de-arroz-con-coenzima-q10-30-capsulas-vegetales-drasanvi\/\">Leer m\u00e1s&#8230;<span class=\"screen-reader-text\"> from Levadura roja de arroz con coenzima Q10 &#8211; 30 c\u00e1psulas vegetales &#8211; Drasanvi<\/span><\/a><\/p>\n","protected":false},"featured_media":46981,"template":"","meta":{"_acf_changed":false},"product_brand":[8498],"product_cat":[7222,7659,7148,7179],"product_tag":[],"class_list":{"0":"post-46975","1":"product","2":"type-product","3":"status-publish","4":"has-post-thumbnail","6":"product_brand-drasanvi","7":"product_cat-colesterol-salud","8":"product_cat-ingrediente-natural-bio","9":"product_cat-levadura-de-arroz-rojo","10":"product_cat-salud","12":"first","13":"instock","14":"shipping-taxable","15":"purchasable","16":"product-type-simple","17":"add-to-wishlist-before_image"},"acf":[],"yoast_head":"<!-- This site is optimized with the Yoast SEO Premium plugin v27.1 (Yoast SEO v27.5) - https:\/\/yoast.com\/product\/yoast-seo-premium-wordpress\/ -->\n<title>Levadura roja de arroz con coenzima Q10 - Drasanvi<\/title>\n<meta name=\"description\" content=\"Este producto contiene en su composici\u00f3n monacolina K, que contribuye a mantener los niveles normales de colesterol en la sangre.\" \/>\n<meta name=\"robots\" content=\"index, follow, max-snippet:-1, max-image-preview:large, max-video-preview:-1\" \/>\n<link rel=\"canonical\" href=\"https:\/\/www.lifenatura.com\/es\/produto\/levadura-roja-de-arroz-con-coenzima-q10-30-capsulas-vegetales-drasanvi\/\" \/>\n<meta property=\"og:locale\" content=\"es_ES\" \/>\n<meta property=\"og:type\" content=\"article\" \/>\n<meta property=\"og:title\" content=\"Levadura roja de arroz con coenzima Q10 - 30 c\u00e1psulas vegetales - Drasanvi - Na Lifenatura ao Melhor Pre\u00e7o | Envio 48h\" \/>\n<meta property=\"og:description\" content=\"Compre Levadura roja de arroz con coenzima Q10 - 30 c\u00e1psulas vegetales - Drasanvi com envio r\u00e1pido. Entrega em 48h e portes gr\u00e1tis em compras &gt;35\u20ac. Aproveite j\u00e1 na Lifenatura\" \/>\n<meta property=\"og:url\" content=\"https:\/\/www.lifenatura.com\/es\/produto\/levadura-roja-de-arroz-con-coenzima-q10-30-capsulas-vegetales-drasanvi\/\" \/>\n<meta property=\"og:site_name\" content=\"Lifenatura\" \/>\n<meta property=\"article:publisher\" content=\"https:\/\/www.facebook.com\/lifenatura\" \/>\n<meta property=\"article:modified_time\" content=\"2022-08-21T15:32:14+00:00\" \/>\n<meta property=\"og:image\" content=\"https:\/\/www.lifenatura.com\/wp-content\/uploads\/2022\/06\/levedura-arroz-vermelho-com-q10.jpg\" \/>\n\t<meta property=\"og:image:width\" content=\"1000\" \/>\n\t<meta property=\"og:image:height\" content=\"1000\" \/>\n\t<meta property=\"og:image:type\" content=\"image\/jpeg\" \/>\n<meta name=\"twitter:card\" content=\"summary_large_image\" \/>\n<meta name=\"twitter:label1\" content=\"Precio\" \/>\n\t<meta name=\"twitter:data1\" content=\"12,31&nbsp;&euro;\" \/>\n\t<meta name=\"twitter:label2\" content=\"Disponibilidad\" \/>\n\t<meta name=\"twitter:data2\" content=\"Disponible\" \/>\n<script type=\"application\/ld+json\" class=\"yoast-schema-graph\">{\"@context\":\"https:\\\/\\\/schema.org\",\"@graph\":[{\"@type\":\"WebPage\",\"@id\":\"https:\\\/\\\/www.lifenatura.com\\\/es\\\/produto\\\/levadura-roja-de-arroz-con-coenzima-q10-30-capsulas-vegetales-drasanvi\\\/\",\"url\":\"https:\\\/\\\/www.lifenatura.com\\\/es\\\/produto\\\/levadura-roja-de-arroz-con-coenzima-q10-30-capsulas-vegetales-drasanvi\\\/\",\"name\":\"Levadura roja de arroz con coenzima Q10 - Drasanvi\",\"isPartOf\":{\"@id\":\"https:\\\/\\\/www.lifenatura.com\\\/es\\\/#website\"},\"primaryImageOfPage\":{\"@id\":\"https:\\\/\\\/www.lifenatura.com\\\/es\\\/produto\\\/levadura-roja-de-arroz-con-coenzima-q10-30-capsulas-vegetales-drasanvi\\\/#primaryimage\"},\"image\":{\"@id\":\"https:\\\/\\\/www.lifenatura.com\\\/es\\\/produto\\\/levadura-roja-de-arroz-con-coenzima-q10-30-capsulas-vegetales-drasanvi\\\/#primaryimage\"},\"thumbnailUrl\":\"https:\\\/\\\/www.lifenatura.com\\\/wp-content\\\/uploads\\\/2022\\\/06\\\/levedura-arroz-vermelho-com-q10.jpg\",\"datePublished\":\"2022-06-29T17:01:02+00:00\",\"dateModified\":\"2022-08-21T15:32:14+00:00\",\"description\":\"Este producto contiene en su composici\u00f3n monacolina K, que contribuye a mantener los niveles normales de colesterol en la sangre.\",\"breadcrumb\":{\"@id\":\"https:\\\/\\\/www.lifenatura.com\\\/es\\\/produto\\\/levadura-roja-de-arroz-con-coenzima-q10-30-capsulas-vegetales-drasanvi\\\/#breadcrumb\"},\"inLanguage\":\"es\",\"potentialAction\":[{\"@type\":\"ReadAction\",\"target\":[\"https:\\\/\\\/www.lifenatura.com\\\/es\\\/produto\\\/levadura-roja-de-arroz-con-coenzima-q10-30-capsulas-vegetales-drasanvi\\\/\"]}]},{\"@type\":\"ImageObject\",\"inLanguage\":\"es\",\"@id\":\"https:\\\/\\\/www.lifenatura.com\\\/es\\\/produto\\\/levadura-roja-de-arroz-con-coenzima-q10-30-capsulas-vegetales-drasanvi\\\/#primaryimage\",\"url\":\"https:\\\/\\\/www.lifenatura.com\\\/wp-content\\\/uploads\\\/2022\\\/06\\\/levedura-arroz-vermelho-com-q10.jpg\",\"contentUrl\":\"https:\\\/\\\/www.lifenatura.com\\\/wp-content\\\/uploads\\\/2022\\\/06\\\/levedura-arroz-vermelho-com-q10.jpg\",\"width\":1000,\"height\":1000,\"caption\":\"Levedura Arroz Vermelho com Coenzima Q10\"},{\"@type\":\"BreadcrumbList\",\"@id\":\"https:\\\/\\\/www.lifenatura.com\\\/es\\\/produto\\\/levadura-roja-de-arroz-con-coenzima-q10-30-capsulas-vegetales-drasanvi\\\/#breadcrumb\",\"itemListElement\":[{\"@type\":\"ListItem\",\"position\":1,\"name\":\"In\u00edcio\",\"item\":\"https:\\\/\\\/www.lifenatura.com\\\/es\\\/\"},{\"@type\":\"ListItem\",\"position\":2,\"name\":\"Todos los Productos\",\"item\":\"https:\\\/\\\/www.lifenatura.com\\\/es\\\/tienda\\\/\"},{\"@type\":\"ListItem\",\"position\":3,\"name\":\"Levadura roja de arroz con coenzima Q10 &#8211; 30 c\u00e1psulas vegetales &#8211; Drasanvi\"}]},{\"@type\":\"WebSite\",\"@id\":\"https:\\\/\\\/www.lifenatura.com\\\/es\\\/#website\",\"url\":\"https:\\\/\\\/www.lifenatura.com\\\/es\\\/\",\"name\":\"Lifenatura\",\"description\":\"A Lifenatura \u00e9 uma loja de produtos naturais, cosm\u00e9tica natural e alimenta\u00e7\u00e3o Biol\u00f3gica.\",\"publisher\":{\"@id\":\"https:\\\/\\\/www.lifenatura.com\\\/es\\\/#organization\"},\"potentialAction\":[{\"@type\":\"SearchAction\",\"target\":{\"@type\":\"EntryPoint\",\"urlTemplate\":\"https:\\\/\\\/www.lifenatura.com\\\/es\\\/?s={search_term_string}\"},\"query-input\":{\"@type\":\"PropertyValueSpecification\",\"valueRequired\":true,\"valueName\":\"search_term_string\"}}],\"inLanguage\":\"es\"},{\"@type\":\"Organization\",\"@id\":\"https:\\\/\\\/www.lifenatura.com\\\/es\\\/#organization\",\"name\":\"Lifenatura\",\"url\":\"https:\\\/\\\/www.lifenatura.com\\\/es\\\/\",\"logo\":{\"@type\":\"ImageObject\",\"inLanguage\":\"es\",\"@id\":\"https:\\\/\\\/www.lifenatura.com\\\/es\\\/#\\\/schema\\\/logo\\\/image\\\/\",\"url\":\"https:\\\/\\\/www.lifenatura.com\\\/wp-content\\\/uploads\\\/2021\\\/07\\\/logo.png\",\"contentUrl\":\"https:\\\/\\\/www.lifenatura.com\\\/wp-content\\\/uploads\\\/2021\\\/07\\\/logo.png\",\"width\":175,\"height\":55,\"caption\":\"Lifenatura\"},\"image\":{\"@id\":\"https:\\\/\\\/www.lifenatura.com\\\/es\\\/#\\\/schema\\\/logo\\\/image\\\/\"},\"sameAs\":[\"https:\\\/\\\/www.facebook.com\\\/lifenatura\",\"https:\\\/\\\/www.instagram.com\\\/lifenaturapt\\\/\"],\"hasMerchantReturnPolicy\":{\"@type\":\"MerchantReturnPolicy\",\"merchantReturnLink\":\"https:\\\/\\\/www.lifenatura.com\\\/termos-condicoes-lifenatura\\\/\"}}]}<\/script>\n<meta property=\"product:price:amount\" content=\"12.31\" \/>\n<meta property=\"product:price:currency\" content=\"EUR\" \/>\n<meta property=\"og:availability\" content=\"instock\" \/>\n<meta property=\"product:availability\" content=\"instock\" \/>\n<meta property=\"product:retailer_item_id\" content=\"8436578540976\" \/>\n<meta property=\"product:condition\" content=\"new\" \/>\n<!-- \/ Yoast SEO Premium plugin. -->","yoast_head_json":{"title":"Levadura roja de arroz con coenzima Q10 - Drasanvi","description":"Este producto contiene en su composici\u00f3n monacolina K, que contribuye a mantener los niveles normales de colesterol en la sangre.","robots":{"index":"index","follow":"follow","max-snippet":"max-snippet:-1","max-image-preview":"max-image-preview:large","max-video-preview":"max-video-preview:-1"},"canonical":"https:\/\/www.lifenatura.com\/es\/produto\/levadura-roja-de-arroz-con-coenzima-q10-30-capsulas-vegetales-drasanvi\/","og_locale":"es_ES","og_type":"article","og_title":"Levadura roja de arroz con coenzima Q10 - 30 c\u00e1psulas vegetales - Drasanvi - Na Lifenatura ao Melhor Pre\u00e7o | Envio 48h","og_description":"Compre Levadura roja de arroz con coenzima Q10 - 30 c\u00e1psulas vegetales - Drasanvi com envio r\u00e1pido. Entrega em 48h e portes gr\u00e1tis em compras >35\u20ac. Aproveite j\u00e1 na Lifenatura","og_url":"https:\/\/www.lifenatura.com\/es\/produto\/levadura-roja-de-arroz-con-coenzima-q10-30-capsulas-vegetales-drasanvi\/","og_site_name":"Lifenatura","article_publisher":"https:\/\/www.facebook.com\/lifenatura","article_modified_time":"2022-08-21T15:32:14+00:00","og_image":[{"width":1000,"height":1000,"url":"https:\/\/www.lifenatura.com\/wp-content\/uploads\/2022\/06\/levedura-arroz-vermelho-com-q10.jpg","type":"image\/jpeg"}],"twitter_card":"summary_large_image","twitter_misc":{"Precio":"12,31&nbsp;&euro;","Disponibilidad":"Disponible"},"schema":{"@context":"https:\/\/schema.org","@graph":[{"@type":"WebPage","@id":"https:\/\/www.lifenatura.com\/es\/produto\/levadura-roja-de-arroz-con-coenzima-q10-30-capsulas-vegetales-drasanvi\/","url":"https:\/\/www.lifenatura.com\/es\/produto\/levadura-roja-de-arroz-con-coenzima-q10-30-capsulas-vegetales-drasanvi\/","name":"Levadura roja de arroz con coenzima Q10 - Drasanvi","isPartOf":{"@id":"https:\/\/www.lifenatura.com\/es\/#website"},"primaryImageOfPage":{"@id":"https:\/\/www.lifenatura.com\/es\/produto\/levadura-roja-de-arroz-con-coenzima-q10-30-capsulas-vegetales-drasanvi\/#primaryimage"},"image":{"@id":"https:\/\/www.lifenatura.com\/es\/produto\/levadura-roja-de-arroz-con-coenzima-q10-30-capsulas-vegetales-drasanvi\/#primaryimage"},"thumbnailUrl":"https:\/\/www.lifenatura.com\/wp-content\/uploads\/2022\/06\/levedura-arroz-vermelho-com-q10.jpg","datePublished":"2022-06-29T17:01:02+00:00","dateModified":"2022-08-21T15:32:14+00:00","description":"Este producto contiene en su composici\u00f3n monacolina K, que contribuye a mantener los niveles normales de colesterol en la sangre.","breadcrumb":{"@id":"https:\/\/www.lifenatura.com\/es\/produto\/levadura-roja-de-arroz-con-coenzima-q10-30-capsulas-vegetales-drasanvi\/#breadcrumb"},"inLanguage":"es","potentialAction":[{"@type":"ReadAction","target":["https:\/\/www.lifenatura.com\/es\/produto\/levadura-roja-de-arroz-con-coenzima-q10-30-capsulas-vegetales-drasanvi\/"]}]},{"@type":"ImageObject","inLanguage":"es","@id":"https:\/\/www.lifenatura.com\/es\/produto\/levadura-roja-de-arroz-con-coenzima-q10-30-capsulas-vegetales-drasanvi\/#primaryimage","url":"https:\/\/www.lifenatura.com\/wp-content\/uploads\/2022\/06\/levedura-arroz-vermelho-com-q10.jpg","contentUrl":"https:\/\/www.lifenatura.com\/wp-content\/uploads\/2022\/06\/levedura-arroz-vermelho-com-q10.jpg","width":1000,"height":1000,"caption":"Levedura Arroz Vermelho com Coenzima Q10"},{"@type":"BreadcrumbList","@id":"https:\/\/www.lifenatura.com\/es\/produto\/levadura-roja-de-arroz-con-coenzima-q10-30-capsulas-vegetales-drasanvi\/#breadcrumb","itemListElement":[{"@type":"ListItem","position":1,"name":"In\u00edcio","item":"https:\/\/www.lifenatura.com\/es\/"},{"@type":"ListItem","position":2,"name":"Todos los Productos","item":"https:\/\/www.lifenatura.com\/es\/tienda\/"},{"@type":"ListItem","position":3,"name":"Levadura roja de arroz con coenzima Q10 &#8211; 30 c\u00e1psulas vegetales &#8211; Drasanvi"}]},{"@type":"WebSite","@id":"https:\/\/www.lifenatura.com\/es\/#website","url":"https:\/\/www.lifenatura.com\/es\/","name":"Lifenatura","description":"A Lifenatura \u00e9 uma loja de produtos naturais, cosm\u00e9tica natural e alimenta\u00e7\u00e3o Biol\u00f3gica.","publisher":{"@id":"https:\/\/www.lifenatura.com\/es\/#organization"},"potentialAction":[{"@type":"SearchAction","target":{"@type":"EntryPoint","urlTemplate":"https:\/\/www.lifenatura.com\/es\/?s={search_term_string}"},"query-input":{"@type":"PropertyValueSpecification","valueRequired":true,"valueName":"search_term_string"}}],"inLanguage":"es"},{"@type":"Organization","@id":"https:\/\/www.lifenatura.com\/es\/#organization","name":"Lifenatura","url":"https:\/\/www.lifenatura.com\/es\/","logo":{"@type":"ImageObject","inLanguage":"es","@id":"https:\/\/www.lifenatura.com\/es\/#\/schema\/logo\/image\/","url":"https:\/\/www.lifenatura.com\/wp-content\/uploads\/2021\/07\/logo.png","contentUrl":"https:\/\/www.lifenatura.com\/wp-content\/uploads\/2021\/07\/logo.png","width":175,"height":55,"caption":"Lifenatura"},"image":{"@id":"https:\/\/www.lifenatura.com\/es\/#\/schema\/logo\/image\/"},"sameAs":["https:\/\/www.facebook.com\/lifenatura","https:\/\/www.instagram.com\/lifenaturapt\/"],"hasMerchantReturnPolicy":{"@type":"MerchantReturnPolicy","merchantReturnLink":"https:\/\/www.lifenatura.com\/termos-condicoes-lifenatura\/"}}]},"product_price_amount":"12.31","product_price_currency":"EUR","og_availability":"instock","product_availability":"instock","product_retailer_item_id":"8436578540976","product_condition":"new"},"df_price":12.31,"df_sale_price":"","df_regular_price":12.31,"df_image_link":"https:\/\/www.lifenatura.com\/wp-content\/uploads\/2022\/06\/levedura-arroz-vermelho-com-q10-300x300.jpg","_links":{"self":[{"href":"https:\/\/www.lifenatura.com\/es\/wp-json\/wp\/v2\/product\/46975","targetHints":{"allow":["GET"]}}],"collection":[{"href":"https:\/\/www.lifenatura.com\/es\/wp-json\/wp\/v2\/product"}],"about":[{"href":"https:\/\/www.lifenatura.com\/es\/wp-json\/wp\/v2\/types\/product"}],"wp:featuredmedia":[{"embeddable":true,"href":"https:\/\/www.lifenatura.com\/es\/wp-json\/wp\/v2\/media\/46981"}],"wp:attachment":[{"href":"https:\/\/www.lifenatura.com\/es\/wp-json\/wp\/v2\/media?parent=46975"}],"wp:term":[{"taxonomy":"product_brand","embeddable":true,"href":"https:\/\/www.lifenatura.com\/es\/wp-json\/wp\/v2\/product_brand?post=46975"},{"taxonomy":"product_cat","embeddable":true,"href":"https:\/\/www.lifenatura.com\/es\/wp-json\/wp\/v2\/product_cat?post=46975"},{"taxonomy":"product_tag","embeddable":true,"href":"https:\/\/www.lifenatura.com\/es\/wp-json\/wp\/v2\/product_tag?post=46975"}],"curies":[{"name":"wp","href":"https:\/\/api.w.org\/{rel}","templated":true}]}}