{"id":45520,"date":"2021-09-30T09:49:45","date_gmt":"2021-09-30T09:49:45","guid":{"rendered":"https:\/\/lifenatura.dev.agenciagetdigital.com\/?post_type=product&#038;p=45520"},"modified":"2026-03-29T19:21:08","modified_gmt":"2026-03-29T19:21:08","slug":"drenalight-barriga-plana-pack-dietmed-2","status":"publish","type":"product","link":"https:\/\/www.lifenatura.com\/es\/produto\/drenalight-barriga-plana-pack-dietmed-2\/","title":{"rendered":"Drenalight Barriga Plana Pack Lleva 4 Paga 3"},"content":{"rendered":"<h2><strong>Drenalight Vientre Plano ideal para perder grasa abdominal &#8211; Lleva 4 Paga 3<\/strong><\/h2>\n<p>&nbsp;<\/p>\n<p>Drenalight Vientre Plano de Dietmed en pack de 3 est\u00e1 indicado para la p\u00e9rdida de peso, metabolismo lip\u00eddico normal y vientre plano.<\/p>\n<p><strong>P\u00c9RDIDA DE PESO<\/strong><\/p>\n<p>El guaran\u00e1, en el marco de una dieta hipocal\u00f3rica, contribuye a la p\u00e9rdida de peso y a un metabolismo lip\u00eddico normal.<\/p>\n<p>Este producto combina una selecci\u00f3n de ingredientes naturales conocidos por sus propiedades desintoxicantes y drenantes, que act\u00faan eliminando los l\u00edquidos retenidos y reduciendo la hinchaz\u00f3n. Ideal para quienes desean conseguir una silueta m\u00e1s esbelta y definida, Drenalight Vientre Plano es el complemento perfecto para su rutina diaria de salud y bienestar.<\/p>\n<p>Estos componentes act\u00faan sin\u00e9rgicamente para estimular el metabolismo lip\u00eddico, favorecer la eliminaci\u00f3n de l\u00edquidos retenidos y toxinas, y mejorar la digesti\u00f3n, contribuyendo a una sensaci\u00f3n de ligereza y bienestar.<\/p>\n<p><strong>Principales Beneficios:<\/strong><\/p>\n<ul>\n<li><strong>Reducci\u00f3n del volumen abdominal:<\/strong> Principios activos que ayudan a eliminar el exceso de l\u00edquidos y toxinas, reduciendo la hinchaz\u00f3n y el volumen abdominal.<\/li>\n<li><strong>Efecto desintoxicante:<\/strong> Favorece la desintoxicaci\u00f3n del organismo, ayudando a eliminar las toxinas acumuladas y mejorando la salud general.<\/li>\n<li><strong>Acci\u00f3n drenante<\/strong>: Facilita el drenaje de los l\u00edquidos retenidos en el organismo, combatiendo la retenci\u00f3n de l\u00edquidos y contribuyendo a una sensaci\u00f3n de ligereza.<\/li>\n<li><strong>Mejora de la digesti\u00f3n:<\/strong> Contribuye a una digesti\u00f3n m\u00e1s eficaz, ayudando a evitar la sensaci\u00f3n de vientre hinchado y las molestias abdominales.<\/li>\n<li><strong>Aumento de la energ\u00eda:<\/strong> Proporciona un aumento de la vitalidad, ayudando a mantener la energ\u00eda durante todo el d\u00eda.<\/li>\n<\/ul>\n<p>Sabor Naranja<\/p>\n<p><strong>PRESENTACI\u00d3N<\/strong><\/p>\n<p>600 ml x 4<\/p>\n<p>&nbsp;<\/p>\n","protected":false},"excerpt":{"rendered":"<p>El pack Lleva 4 Paga 3 vientre plano Drenalight de Dietmed est\u00e1 indicado para adelgazar, para el metabolismo normal de los l\u00edpidos, contribuyendo a un vientre plano. [&#8230;]<\/p>\n<p><a class=\"btn btn-secondary understrap-read-more-link\" href=\"https:\/\/www.lifenatura.com\/es\/produto\/drenalight-barriga-plana-pack-dietmed-2\/\">Leer m\u00e1s&#8230;<span class=\"screen-reader-text\"> from Drenalight Barriga Plana Pack Lleva 4 Paga 3<\/span><\/a><\/p>\n","protected":false},"featured_media":112628,"template":"","meta":{"_acf_changed":false},"product_brand":[8499],"product_cat":[7190,7674,7193,7722,7659,7263,8048,7179],"product_tag":[],"class_list":{"0":"post-45520","1":"product","2":"type-product","3":"status-publish","4":"has-post-thumbnail","6":"product_brand-drenalight","7":"product_cat-adelgazar","8":"product_cat-cafe-verde-bio","9":"product_cat-drenante-y-detox","10":"product_cat-guarana-es","11":"product_cat-ingrediente-natural-bio","12":"product_cat-packs-de-salud","13":"product_cat-paga-3-lleva-4","14":"product_cat-salud","16":"first","17":"instock","18":"sale","19":"shipping-taxable","20":"purchasable","21":"product-type-woosb","22":"add-to-wishlist-before_image"},"acf":[],"yoast_head":"<!-- This site is optimized with the Yoast SEO Premium plugin v27.1 (Yoast SEO v27.5) - https:\/\/yoast.com\/product\/yoast-seo-premium-wordpress\/ -->\n<title>Drenalight Barriga Plana Pack Lleva 4 Paga 3 - Na Lifenatura ao Melhor Pre\u00e7o | Envio em 48h<\/title>\n<meta name=\"description\" content=\"El pack Lleve 4 Paga 3 vientre plano da Drenalight de Dietmed est\u00e1 indicado para adelgazar, para el metabolismo normal de los l\u00edpidos.\" \/>\n<meta name=\"robots\" content=\"index, follow, max-snippet:-1, max-image-preview:large, max-video-preview:-1\" \/>\n<link rel=\"canonical\" href=\"https:\/\/www.lifenatura.com\/es\/produto\/drenalight-barriga-plana-pack-dietmed-2\/\" \/>\n<meta property=\"og:locale\" content=\"es_ES\" \/>\n<meta property=\"og:type\" content=\"article\" \/>\n<meta property=\"og:title\" content=\"Drenalight Barriga Plana Pack Lleva 4 Paga 3 - Na Lifenatura ao Melhor Pre\u00e7o | Envio 48h\" \/>\n<meta property=\"og:description\" content=\"Compre Drenalight Barriga Plana Pack Lleva 4 Paga 3 com envio r\u00e1pido. Entrega em 48h e portes gr\u00e1tis em compras &gt;35\u20ac. Aproveite j\u00e1 na Lifenatura\" \/>\n<meta property=\"og:url\" content=\"https:\/\/www.lifenatura.com\/es\/produto\/drenalight-barriga-plana-pack-dietmed-2\/\" \/>\n<meta property=\"og:site_name\" content=\"Lifenatura\" \/>\n<meta property=\"article:publisher\" content=\"https:\/\/www.facebook.com\/lifenatura\" \/>\n<meta property=\"article:modified_time\" content=\"2026-03-29T19:21:08+00:00\" \/>\n<meta property=\"og:image\" content=\"https:\/\/www.lifenatura.com\/wp-content\/uploads\/2021\/09\/drenalight-barriga-plana-l4p3.jpg\" \/>\n\t<meta property=\"og:image:width\" content=\"1000\" \/>\n\t<meta property=\"og:image:height\" content=\"1000\" \/>\n\t<meta property=\"og:image:type\" content=\"image\/jpeg\" \/>\n<meta name=\"twitter:card\" content=\"summary_large_image\" \/>\n<meta name=\"twitter:label1\" content=\"Precio\" \/>\n\t<meta name=\"twitter:data1\" content=\"68,00&nbsp;&euro;\" \/>\n\t<meta name=\"twitter:label2\" content=\"Disponibilidad\" \/>\n\t<meta name=\"twitter:data2\" content=\"Disponible\" \/>\n<script type=\"application\/ld+json\" class=\"yoast-schema-graph\">{\"@context\":\"https:\\\/\\\/schema.org\",\"@graph\":[{\"@type\":\"WebPage\",\"@id\":\"https:\\\/\\\/www.lifenatura.com\\\/es\\\/produto\\\/drenalight-barriga-plana-pack-dietmed-2\\\/\",\"url\":\"https:\\\/\\\/www.lifenatura.com\\\/es\\\/produto\\\/drenalight-barriga-plana-pack-dietmed-2\\\/\",\"name\":\"Drenalight Barriga Plana Pack Lleva 4 Paga 3 - Na Lifenatura ao Melhor Pre\u00e7o | Envio em 48h\",\"isPartOf\":{\"@id\":\"https:\\\/\\\/www.lifenatura.com\\\/es\\\/#website\"},\"primaryImageOfPage\":{\"@id\":\"https:\\\/\\\/www.lifenatura.com\\\/es\\\/produto\\\/drenalight-barriga-plana-pack-dietmed-2\\\/#primaryimage\"},\"image\":{\"@id\":\"https:\\\/\\\/www.lifenatura.com\\\/es\\\/produto\\\/drenalight-barriga-plana-pack-dietmed-2\\\/#primaryimage\"},\"thumbnailUrl\":\"https:\\\/\\\/www.lifenatura.com\\\/wp-content\\\/uploads\\\/2021\\\/09\\\/drenalight-barriga-plana-l4p3.jpg\",\"datePublished\":\"2021-09-30T09:49:45+00:00\",\"dateModified\":\"2026-03-29T19:21:08+00:00\",\"description\":\"El pack Lleve 4 Paga 3 vientre plano da Drenalight de Dietmed est\u00e1 indicado para adelgazar, para el metabolismo normal de los l\u00edpidos.\",\"breadcrumb\":{\"@id\":\"https:\\\/\\\/www.lifenatura.com\\\/es\\\/produto\\\/drenalight-barriga-plana-pack-dietmed-2\\\/#breadcrumb\"},\"inLanguage\":\"es\",\"potentialAction\":[{\"@type\":\"ReadAction\",\"target\":[\"https:\\\/\\\/www.lifenatura.com\\\/es\\\/produto\\\/drenalight-barriga-plana-pack-dietmed-2\\\/\"]}]},{\"@type\":\"ImageObject\",\"inLanguage\":\"es\",\"@id\":\"https:\\\/\\\/www.lifenatura.com\\\/es\\\/produto\\\/drenalight-barriga-plana-pack-dietmed-2\\\/#primaryimage\",\"url\":\"https:\\\/\\\/www.lifenatura.com\\\/wp-content\\\/uploads\\\/2021\\\/09\\\/drenalight-barriga-plana-l4p3.jpg\",\"contentUrl\":\"https:\\\/\\\/www.lifenatura.com\\\/wp-content\\\/uploads\\\/2021\\\/09\\\/drenalight-barriga-plana-l4p3.jpg\",\"width\":1000,\"height\":1000,\"caption\":\"Drenalight barriga plana pack Leve 4 Pague 3\"},{\"@type\":\"BreadcrumbList\",\"@id\":\"https:\\\/\\\/www.lifenatura.com\\\/es\\\/produto\\\/drenalight-barriga-plana-pack-dietmed-2\\\/#breadcrumb\",\"itemListElement\":[{\"@type\":\"ListItem\",\"position\":1,\"name\":\"In\u00edcio\",\"item\":\"https:\\\/\\\/www.lifenatura.com\\\/es\\\/\"},{\"@type\":\"ListItem\",\"position\":2,\"name\":\"Todos los Productos\",\"item\":\"https:\\\/\\\/www.lifenatura.com\\\/es\\\/tienda\\\/\"},{\"@type\":\"ListItem\",\"position\":3,\"name\":\"Drenalight Barriga Plana Pack Lleva 4 Paga 3\"}]},{\"@type\":\"WebSite\",\"@id\":\"https:\\\/\\\/www.lifenatura.com\\\/es\\\/#website\",\"url\":\"https:\\\/\\\/www.lifenatura.com\\\/es\\\/\",\"name\":\"Lifenatura\",\"description\":\"A Lifenatura \u00e9 uma loja de produtos naturais, cosm\u00e9tica natural e alimenta\u00e7\u00e3o Biol\u00f3gica.\",\"publisher\":{\"@id\":\"https:\\\/\\\/www.lifenatura.com\\\/es\\\/#organization\"},\"potentialAction\":[{\"@type\":\"SearchAction\",\"target\":{\"@type\":\"EntryPoint\",\"urlTemplate\":\"https:\\\/\\\/www.lifenatura.com\\\/es\\\/?s={search_term_string}\"},\"query-input\":{\"@type\":\"PropertyValueSpecification\",\"valueRequired\":true,\"valueName\":\"search_term_string\"}}],\"inLanguage\":\"es\"},{\"@type\":\"Organization\",\"@id\":\"https:\\\/\\\/www.lifenatura.com\\\/es\\\/#organization\",\"name\":\"Lifenatura\",\"url\":\"https:\\\/\\\/www.lifenatura.com\\\/es\\\/\",\"logo\":{\"@type\":\"ImageObject\",\"inLanguage\":\"es\",\"@id\":\"https:\\\/\\\/www.lifenatura.com\\\/es\\\/#\\\/schema\\\/logo\\\/image\\\/\",\"url\":\"https:\\\/\\\/www.lifenatura.com\\\/wp-content\\\/uploads\\\/2021\\\/07\\\/logo.png\",\"contentUrl\":\"https:\\\/\\\/www.lifenatura.com\\\/wp-content\\\/uploads\\\/2021\\\/07\\\/logo.png\",\"width\":175,\"height\":55,\"caption\":\"Lifenatura\"},\"image\":{\"@id\":\"https:\\\/\\\/www.lifenatura.com\\\/es\\\/#\\\/schema\\\/logo\\\/image\\\/\"},\"sameAs\":[\"https:\\\/\\\/www.facebook.com\\\/lifenatura\",\"https:\\\/\\\/www.instagram.com\\\/lifenaturapt\\\/\"],\"hasMerchantReturnPolicy\":{\"@type\":\"MerchantReturnPolicy\",\"merchantReturnLink\":\"https:\\\/\\\/www.lifenatura.com\\\/termos-condicoes-lifenatura\\\/\"}}]}<\/script>\n<meta property=\"product:price:amount\" content=\"68.00\" \/>\n<meta property=\"product:price:currency\" content=\"EUR\" \/>\n<meta property=\"og:availability\" content=\"instock\" \/>\n<meta property=\"product:availability\" content=\"instock\" \/>\n<meta property=\"product:retailer_item_id\" content=\"56054811023633\" \/>\n<meta property=\"product:condition\" content=\"new\" \/>\n<!-- \/ Yoast SEO Premium plugin. -->","yoast_head_json":{"title":"Drenalight Barriga Plana Pack Lleva 4 Paga 3 - Na Lifenatura ao Melhor Pre\u00e7o | Envio em 48h","description":"El pack Lleve 4 Paga 3 vientre plano da Drenalight de Dietmed est\u00e1 indicado para adelgazar, para el metabolismo normal de los l\u00edpidos.","robots":{"index":"index","follow":"follow","max-snippet":"max-snippet:-1","max-image-preview":"max-image-preview:large","max-video-preview":"max-video-preview:-1"},"canonical":"https:\/\/www.lifenatura.com\/es\/produto\/drenalight-barriga-plana-pack-dietmed-2\/","og_locale":"es_ES","og_type":"article","og_title":"Drenalight Barriga Plana Pack Lleva 4 Paga 3 - Na Lifenatura ao Melhor Pre\u00e7o | Envio 48h","og_description":"Compre Drenalight Barriga Plana Pack Lleva 4 Paga 3 com envio r\u00e1pido. Entrega em 48h e portes gr\u00e1tis em compras >35\u20ac. Aproveite j\u00e1 na Lifenatura","og_url":"https:\/\/www.lifenatura.com\/es\/produto\/drenalight-barriga-plana-pack-dietmed-2\/","og_site_name":"Lifenatura","article_publisher":"https:\/\/www.facebook.com\/lifenatura","article_modified_time":"2026-03-29T19:21:08+00:00","og_image":[{"width":1000,"height":1000,"url":"https:\/\/www.lifenatura.com\/wp-content\/uploads\/2021\/09\/drenalight-barriga-plana-l4p3.jpg","type":"image\/jpeg"}],"twitter_card":"summary_large_image","twitter_misc":{"Precio":"68,00&nbsp;&euro;","Disponibilidad":"Disponible"},"schema":{"@context":"https:\/\/schema.org","@graph":[{"@type":"WebPage","@id":"https:\/\/www.lifenatura.com\/es\/produto\/drenalight-barriga-plana-pack-dietmed-2\/","url":"https:\/\/www.lifenatura.com\/es\/produto\/drenalight-barriga-plana-pack-dietmed-2\/","name":"Drenalight Barriga Plana Pack Lleva 4 Paga 3 - Na Lifenatura ao Melhor Pre\u00e7o | Envio em 48h","isPartOf":{"@id":"https:\/\/www.lifenatura.com\/es\/#website"},"primaryImageOfPage":{"@id":"https:\/\/www.lifenatura.com\/es\/produto\/drenalight-barriga-plana-pack-dietmed-2\/#primaryimage"},"image":{"@id":"https:\/\/www.lifenatura.com\/es\/produto\/drenalight-barriga-plana-pack-dietmed-2\/#primaryimage"},"thumbnailUrl":"https:\/\/www.lifenatura.com\/wp-content\/uploads\/2021\/09\/drenalight-barriga-plana-l4p3.jpg","datePublished":"2021-09-30T09:49:45+00:00","dateModified":"2026-03-29T19:21:08+00:00","description":"El pack Lleve 4 Paga 3 vientre plano da Drenalight de Dietmed est\u00e1 indicado para adelgazar, para el metabolismo normal de los l\u00edpidos.","breadcrumb":{"@id":"https:\/\/www.lifenatura.com\/es\/produto\/drenalight-barriga-plana-pack-dietmed-2\/#breadcrumb"},"inLanguage":"es","potentialAction":[{"@type":"ReadAction","target":["https:\/\/www.lifenatura.com\/es\/produto\/drenalight-barriga-plana-pack-dietmed-2\/"]}]},{"@type":"ImageObject","inLanguage":"es","@id":"https:\/\/www.lifenatura.com\/es\/produto\/drenalight-barriga-plana-pack-dietmed-2\/#primaryimage","url":"https:\/\/www.lifenatura.com\/wp-content\/uploads\/2021\/09\/drenalight-barriga-plana-l4p3.jpg","contentUrl":"https:\/\/www.lifenatura.com\/wp-content\/uploads\/2021\/09\/drenalight-barriga-plana-l4p3.jpg","width":1000,"height":1000,"caption":"Drenalight barriga plana pack Leve 4 Pague 3"},{"@type":"BreadcrumbList","@id":"https:\/\/www.lifenatura.com\/es\/produto\/drenalight-barriga-plana-pack-dietmed-2\/#breadcrumb","itemListElement":[{"@type":"ListItem","position":1,"name":"In\u00edcio","item":"https:\/\/www.lifenatura.com\/es\/"},{"@type":"ListItem","position":2,"name":"Todos los Productos","item":"https:\/\/www.lifenatura.com\/es\/tienda\/"},{"@type":"ListItem","position":3,"name":"Drenalight Barriga Plana Pack Lleva 4 Paga 3"}]},{"@type":"WebSite","@id":"https:\/\/www.lifenatura.com\/es\/#website","url":"https:\/\/www.lifenatura.com\/es\/","name":"Lifenatura","description":"A Lifenatura \u00e9 uma loja de produtos naturais, cosm\u00e9tica natural e alimenta\u00e7\u00e3o Biol\u00f3gica.","publisher":{"@id":"https:\/\/www.lifenatura.com\/es\/#organization"},"potentialAction":[{"@type":"SearchAction","target":{"@type":"EntryPoint","urlTemplate":"https:\/\/www.lifenatura.com\/es\/?s={search_term_string}"},"query-input":{"@type":"PropertyValueSpecification","valueRequired":true,"valueName":"search_term_string"}}],"inLanguage":"es"},{"@type":"Organization","@id":"https:\/\/www.lifenatura.com\/es\/#organization","name":"Lifenatura","url":"https:\/\/www.lifenatura.com\/es\/","logo":{"@type":"ImageObject","inLanguage":"es","@id":"https:\/\/www.lifenatura.com\/es\/#\/schema\/logo\/image\/","url":"https:\/\/www.lifenatura.com\/wp-content\/uploads\/2021\/07\/logo.png","contentUrl":"https:\/\/www.lifenatura.com\/wp-content\/uploads\/2021\/07\/logo.png","width":175,"height":55,"caption":"Lifenatura"},"image":{"@id":"https:\/\/www.lifenatura.com\/es\/#\/schema\/logo\/image\/"},"sameAs":["https:\/\/www.facebook.com\/lifenatura","https:\/\/www.instagram.com\/lifenaturapt\/"],"hasMerchantReturnPolicy":{"@type":"MerchantReturnPolicy","merchantReturnLink":"https:\/\/www.lifenatura.com\/termos-condicoes-lifenatura\/"}}]},"product_price_amount":"68.00","product_price_currency":"EUR","og_availability":"instock","product_availability":"instock","product_retailer_item_id":"56054811023633","product_condition":"new"},"df_price":68,"df_sale_price":68.01,"df_regular_price":113.36,"df_image_link":"https:\/\/www.lifenatura.com\/wp-content\/uploads\/2021\/09\/drenalight-barriga-plana-l4p3-300x300.jpg","_links":{"self":[{"href":"https:\/\/www.lifenatura.com\/es\/wp-json\/wp\/v2\/product\/45520","targetHints":{"allow":["GET"]}}],"collection":[{"href":"https:\/\/www.lifenatura.com\/es\/wp-json\/wp\/v2\/product"}],"about":[{"href":"https:\/\/www.lifenatura.com\/es\/wp-json\/wp\/v2\/types\/product"}],"wp:featuredmedia":[{"embeddable":true,"href":"https:\/\/www.lifenatura.com\/es\/wp-json\/wp\/v2\/media\/112628"}],"wp:attachment":[{"href":"https:\/\/www.lifenatura.com\/es\/wp-json\/wp\/v2\/media?parent=45520"}],"wp:term":[{"taxonomy":"product_brand","embeddable":true,"href":"https:\/\/www.lifenatura.com\/es\/wp-json\/wp\/v2\/product_brand?post=45520"},{"taxonomy":"product_cat","embeddable":true,"href":"https:\/\/www.lifenatura.com\/es\/wp-json\/wp\/v2\/product_cat?post=45520"},{"taxonomy":"product_tag","embeddable":true,"href":"https:\/\/www.lifenatura.com\/es\/wp-json\/wp\/v2\/product_tag?post=45520"}],"curies":[{"name":"wp","href":"https:\/\/api.w.org\/{rel}","templated":true}]}}