{"id":45432,"date":"2022-05-05T10:11:40","date_gmt":"2022-05-05T10:11:40","guid":{"rendered":"https:\/\/lifenatura.dev.agenciagetdigital.com\/?post_type=product&#038;p=45432"},"modified":"2026-04-12T01:49:10","modified_gmt":"2026-04-12T01:49:10","slug":"bacidofilus-symbio-mental-30-capsulas-dietmed","status":"publish","type":"product","link":"https:\/\/www.lifenatura.com\/es\/produto\/bacidofilus-symbio-mental-30-capsulas-dietmed\/","title":{"rendered":"Bacidofilus Symbio Mental &#8211; 30 c\u00e1psulas &#8211; Dietmed"},"content":{"rendered":"<h2 style=\"text-align: left;\"><strong>Capacidad de concentraci\u00f3n de Bacidofilus<\/strong><\/h2>\n<p>&nbsp;<\/p>\n<p>Bacidofilus Symbio Mental presenta en su composici\u00f3n un conjunto de 5 cepas de fermentos l\u00e1cticos (Mix 5 Psi), con funci\u00f3n de psicobi\u00f3ticos, es decir, probi\u00f3ticos con efecto sobre el sistema nervioso, adem\u00e1s de FOS, Rhodiola, vitaminas B y Zinc.<\/p>\n<p>Adem\u00e1s de ser esenciales para una correcta colonizaci\u00f3n intestinal y asegurar una correcta microbiota intestinal, favorecen la funci\u00f3n cognitiva, el funcionamiento normal del sistema nervioso, un mejor rendimiento mental, siendo \u00fatiles en estados depresivos, ansiedad, estr\u00e9s y cambios de humor.<\/p>\n<p><strong>RENDIMIENTO MENTAL<\/strong><\/p>\n<p>El \u00e1cido pantot\u00e9nico contribuye al rendimiento mental normal.<\/p>\n<p><strong>FUNCI\u00d3N PSICOL\u00d3GICA<\/strong><\/p>\n<p>La vitamina B1 (tiamina), la vitamina B6, la vitamina B12, la biotina, la niacina y la vitamina C contribuyen al funcionamiento psicol\u00f3gico normal.<\/p>\n<p><strong>SISTEMA NERVIOSO<\/strong><\/p>\n<p>La vitamina B1 (tiamina), la vitamina B6, la vitamina B12, la niacina y la vitamina C contribuyen al funcionamiento normal del sistema nervioso.<\/p>\n<p><strong>PRESENTACI\u00d3N<\/strong><\/p>\n<p>30 c\u00e1psulas.<\/p>\n<p>&nbsp;<\/p>\n","protected":false},"excerpt":{"rendered":"<p>Promueve el funcionamiento normal del sistema nervioso, siendo \u00fatil en estados depresivos, ansiedad, estr\u00e9s y cambios de humor. [&#8230;]<\/p>\n<p><a class=\"btn btn-secondary understrap-read-more-link\" href=\"https:\/\/www.lifenatura.com\/es\/produto\/bacidofilus-symbio-mental-30-capsulas-dietmed\/\">Leer m\u00e1s&#8230;<span class=\"screen-reader-text\"> from Bacidofilus Symbio Mental &#8211; 30 c\u00e1psulas &#8211; Dietmed<\/span><\/a><\/p>\n","protected":false},"featured_media":46905,"template":"","meta":{"_acf_changed":false},"product_brand":[8509],"product_cat":[7223,7256,7179],"product_tag":[],"class_list":{"0":"post-45432","1":"product","2":"type-product","3":"status-publish","4":"has-post-thumbnail","6":"product_brand-dietmed-es","7":"product_cat-concentracion-memoria-salud","8":"product_cat-flora-intestinal-salud","9":"product_cat-salud","11":"first","12":"instock","13":"shipping-taxable","14":"purchasable","15":"product-type-simple","16":"add-to-wishlist-before_image"},"acf":[],"yoast_head":"<!-- This site is optimized with the Yoast SEO Premium plugin v27.1 (Yoast SEO v27.3) - https:\/\/yoast.com\/product\/yoast-seo-premium-wordpress\/ -->\n<title>Bacidofilus Symbio Mental Dietmed - Lifenatura<\/title>\n<meta name=\"description\" content=\"Bacidofilus promueve el funcionamiento normal del sistema nervioso, siendo \u00fatil en estados depresivos, ansiedad, estr\u00e9s y cambios de humor.\" \/>\n<meta name=\"robots\" content=\"index, follow, max-snippet:-1, max-image-preview:large, max-video-preview:-1\" \/>\n<link rel=\"canonical\" href=\"https:\/\/www.lifenatura.com\/es\/produto\/bacidofilus-symbio-mental-30-capsulas-dietmed\/\" \/>\n<meta property=\"og:locale\" content=\"es_ES\" \/>\n<meta property=\"og:type\" content=\"article\" \/>\n<meta property=\"og:title\" content=\"Bacidofilus Symbio Mental - 30 c\u00e1psulas - Dietmed - Lifenatura\" \/>\n<meta property=\"og:description\" content=\"Compre aqui o seu Bacidofilus Symbio Mental - 30 c\u00e1psulas - Dietmed e a Lifenatura Online envia em 48 H com Portes Gratis &gt;35\u20ac de Pedido.\" \/>\n<meta property=\"og:url\" content=\"https:\/\/www.lifenatura.com\/es\/produto\/bacidofilus-symbio-mental-30-capsulas-dietmed\/\" \/>\n<meta property=\"og:site_name\" content=\"Lifenatura\" \/>\n<meta property=\"article:publisher\" content=\"https:\/\/www.facebook.com\/lifenatura\" \/>\n<meta property=\"article:modified_time\" content=\"2026-04-12T01:49:10+00:00\" \/>\n<meta property=\"og:image\" content=\"https:\/\/www.lifenatura.com\/wp-content\/uploads\/2022\/05\/bacidofilus-symbio-mental-dietmed.jpg\" \/>\n\t<meta property=\"og:image:width\" content=\"1000\" \/>\n\t<meta property=\"og:image:height\" content=\"1000\" \/>\n\t<meta property=\"og:image:type\" content=\"image\/jpeg\" \/>\n<meta name=\"twitter:card\" content=\"summary_large_image\" \/>\n<meta name=\"twitter:label1\" content=\"Precio\" \/>\n\t<meta name=\"twitter:data1\" content=\"22,98&nbsp;&euro;\" \/>\n\t<meta name=\"twitter:label2\" content=\"Disponibilidad\" \/>\n\t<meta name=\"twitter:data2\" content=\"Disponible\" \/>\n<meta property=\"product:price:amount\" content=\"22.98\" \/>\n<meta property=\"product:price:currency\" content=\"EUR\" \/>\n<meta property=\"og:availability\" content=\"instock\" \/>\n<meta property=\"product:availability\" content=\"instock\" \/>\n<meta property=\"product:retailer_item_id\" content=\"5605481108723\" \/>\n<meta property=\"product:condition\" content=\"new\" \/>\n<!-- \/ Yoast SEO Premium plugin. -->","yoast_head_json":{"title":"Bacidofilus Symbio Mental Dietmed - Lifenatura","description":"Bacidofilus promueve el funcionamiento normal del sistema nervioso, siendo \u00fatil en estados depresivos, ansiedad, estr\u00e9s y cambios de humor.","robots":{"index":"index","follow":"follow","max-snippet":"max-snippet:-1","max-image-preview":"max-image-preview:large","max-video-preview":"max-video-preview:-1"},"canonical":"https:\/\/www.lifenatura.com\/es\/produto\/bacidofilus-symbio-mental-30-capsulas-dietmed\/","og_locale":"es_ES","og_type":"article","og_title":"Bacidofilus Symbio Mental - 30 c\u00e1psulas - Dietmed - Lifenatura","og_description":"Compre aqui o seu Bacidofilus Symbio Mental - 30 c\u00e1psulas - Dietmed e a Lifenatura Online envia em 48 H com Portes Gratis >35\u20ac de Pedido.","og_url":"https:\/\/www.lifenatura.com\/es\/produto\/bacidofilus-symbio-mental-30-capsulas-dietmed\/","og_site_name":"Lifenatura","article_publisher":"https:\/\/www.facebook.com\/lifenatura","article_modified_time":"2026-04-12T01:49:10+00:00","og_image":[{"width":1000,"height":1000,"url":"https:\/\/www.lifenatura.com\/wp-content\/uploads\/2022\/05\/bacidofilus-symbio-mental-dietmed.jpg","type":"image\/jpeg"}],"twitter_card":"summary_large_image","twitter_misc":{"Precio":"22,98&nbsp;&euro;","Disponibilidad":"Disponible"},"schema":{"@context":"https:\/\/schema.org","@graph":[{"@type":"WebPage","@id":"https:\/\/www.lifenatura.com\/es\/produto\/bacidofilus-symbio-mental-30-capsulas-dietmed\/","url":"https:\/\/www.lifenatura.com\/es\/produto\/bacidofilus-symbio-mental-30-capsulas-dietmed\/","name":"Bacidofilus Symbio Mental Dietmed - Lifenatura","isPartOf":{"@id":"https:\/\/www.lifenatura.com\/es\/#website"},"primaryImageOfPage":{"@id":"https:\/\/www.lifenatura.com\/es\/produto\/bacidofilus-symbio-mental-30-capsulas-dietmed\/#primaryimage"},"image":{"@id":"https:\/\/www.lifenatura.com\/es\/produto\/bacidofilus-symbio-mental-30-capsulas-dietmed\/#primaryimage"},"thumbnailUrl":"https:\/\/www.lifenatura.com\/wp-content\/uploads\/2022\/05\/bacidofilus-symbio-mental-dietmed.jpg","datePublished":"2022-05-05T10:11:40+00:00","dateModified":"2026-04-12T01:49:10+00:00","description":"Bacidofilus promueve el funcionamiento normal del sistema nervioso, siendo \u00fatil en estados depresivos, ansiedad, estr\u00e9s y cambios de humor.","breadcrumb":{"@id":"https:\/\/www.lifenatura.com\/es\/produto\/bacidofilus-symbio-mental-30-capsulas-dietmed\/#breadcrumb"},"inLanguage":"es","potentialAction":[{"@type":"ReadAction","target":["https:\/\/www.lifenatura.com\/es\/produto\/bacidofilus-symbio-mental-30-capsulas-dietmed\/"]}]},{"@type":"ImageObject","inLanguage":"es","@id":"https:\/\/www.lifenatura.com\/es\/produto\/bacidofilus-symbio-mental-30-capsulas-dietmed\/#primaryimage","url":"https:\/\/www.lifenatura.com\/wp-content\/uploads\/2022\/05\/bacidofilus-symbio-mental-dietmed.jpg","contentUrl":"https:\/\/www.lifenatura.com\/wp-content\/uploads\/2022\/05\/bacidofilus-symbio-mental-dietmed.jpg","width":1000,"height":1000,"caption":"Bacidofilus mental com probi\u00f3ticos"},{"@type":"BreadcrumbList","@id":"https:\/\/www.lifenatura.com\/es\/produto\/bacidofilus-symbio-mental-30-capsulas-dietmed\/#breadcrumb","itemListElement":[{"@type":"ListItem","position":1,"name":"In\u00edcio","item":"https:\/\/www.lifenatura.com\/es\/"},{"@type":"ListItem","position":2,"name":"Todos los Productos","item":"https:\/\/www.lifenatura.com\/es\/tienda\/"},{"@type":"ListItem","position":3,"name":"Bacidofilus Symbio Mental &#8211; 30 c\u00e1psulas &#8211; Dietmed"}]},{"@type":"WebSite","@id":"https:\/\/www.lifenatura.com\/es\/#website","url":"https:\/\/www.lifenatura.com\/es\/","name":"Lifenatura","description":"A Lifenatura \u00e9 uma loja de produtos naturais, cosm\u00e9tica natural e alimenta\u00e7\u00e3o Biol\u00f3gica.","publisher":{"@id":"https:\/\/www.lifenatura.com\/es\/#organization"},"potentialAction":[{"@type":"SearchAction","target":{"@type":"EntryPoint","urlTemplate":"https:\/\/www.lifenatura.com\/es\/?s={search_term_string}"},"query-input":{"@type":"PropertyValueSpecification","valueRequired":true,"valueName":"search_term_string"}}],"inLanguage":"es"},{"@type":"Organization","@id":"https:\/\/www.lifenatura.com\/es\/#organization","name":"Lifenatura","url":"https:\/\/www.lifenatura.com\/es\/","logo":{"@type":"ImageObject","inLanguage":"es","@id":"https:\/\/www.lifenatura.com\/es\/#\/schema\/logo\/image\/","url":"https:\/\/www.lifenatura.com\/wp-content\/uploads\/2021\/11\/logo.png","contentUrl":"https:\/\/www.lifenatura.com\/wp-content\/uploads\/2021\/11\/logo.png","width":175,"height":55,"caption":"Lifenatura"},"image":{"@id":"https:\/\/www.lifenatura.com\/es\/#\/schema\/logo\/image\/"},"sameAs":["https:\/\/www.facebook.com\/lifenatura","https:\/\/www.instagram.com\/lifenaturapt\/"]}]},"product_price_amount":"22.98","product_price_currency":"EUR","og_availability":"instock","product_availability":"instock","product_retailer_item_id":"5605481108723","product_condition":"new"},"df_price":22.98,"df_sale_price":18.39,"df_regular_price":22.98,"df_image_link":"https:\/\/www.lifenatura.com\/wp-content\/uploads\/2022\/05\/bacidofilus-symbio-mental-dietmed-300x300.jpg","_links":{"self":[{"href":"https:\/\/www.lifenatura.com\/es\/wp-json\/wp\/v2\/product\/45432","targetHints":{"allow":["GET"]}}],"collection":[{"href":"https:\/\/www.lifenatura.com\/es\/wp-json\/wp\/v2\/product"}],"about":[{"href":"https:\/\/www.lifenatura.com\/es\/wp-json\/wp\/v2\/types\/product"}],"wp:featuredmedia":[{"embeddable":true,"href":"https:\/\/www.lifenatura.com\/es\/wp-json\/wp\/v2\/media\/46905"}],"wp:attachment":[{"href":"https:\/\/www.lifenatura.com\/es\/wp-json\/wp\/v2\/media?parent=45432"}],"wp:term":[{"taxonomy":"product_brand","embeddable":true,"href":"https:\/\/www.lifenatura.com\/es\/wp-json\/wp\/v2\/product_brand?post=45432"},{"taxonomy":"product_cat","embeddable":true,"href":"https:\/\/www.lifenatura.com\/es\/wp-json\/wp\/v2\/product_cat?post=45432"},{"taxonomy":"product_tag","embeddable":true,"href":"https:\/\/www.lifenatura.com\/es\/wp-json\/wp\/v2\/product_tag?post=45432"}],"curies":[{"name":"wp","href":"https:\/\/api.w.org\/{rel}","templated":true}]}}