{"id":45414,"date":"2022-04-14T10:20:11","date_gmt":"2022-04-14T10:20:11","guid":{"rendered":"https:\/\/lifenatura.dev.agenciagetdigital.com\/?post_type=product&#038;p=45414"},"modified":"2022-08-21T15:31:34","modified_gmt":"2022-08-21T15:31:34","slug":"champu-para-cabello-corto-250-ml-dr-green","status":"publish","type":"product","link":"https:\/\/www.lifenatura.com\/es\/produto\/champu-para-cabello-corto-250-ml-dr-green\/","title":{"rendered":"Champ\u00fa para cabello corto &#8211; 250 ml &#8211; Dr. Green"},"content":{"rendered":"<h2><strong>Champ\u00fa para el pelo corto de su perro<\/strong><\/h2>\n<p>&nbsp;<\/p>\n<p>Un champ\u00fa adecuado para el pelo corto de su perro y que tiene en su constituci\u00f3n c\u00e1\u00f1amo, biotina, romero, pantenol y aloe vera.<\/p>\n<p>Este champ\u00fa para perros est\u00e1 formulado con ingredientes naturales con un pH adaptado a la piel de los perros y sin perfumes a\u00f1adidos, para que sea m\u00e1s agradable para los perros y de acuerdo con su naturaleza.<\/p>\n<p>Su envase es de pl\u00e1stico ecol\u00f3gico, 100% de ca\u00f1a de az\u00facar y reciclable.<\/p>\n<p><strong>PRESENTACI\u00d3N<\/strong><\/p>\n<p>250 ml<\/p>\n<p>&nbsp;<\/p>\n","protected":false},"excerpt":{"rendered":"<p>Un champ\u00fa adecuado para el pelo corto de su perro y que tiene en su constituci\u00f3n c\u00e1\u00f1amo, biotina, romero, pantenol y aloe vera. [&#8230;]<\/p>\n<p><a class=\"btn btn-secondary understrap-read-more-link\" href=\"https:\/\/www.lifenatura.com\/es\/produto\/champu-para-cabello-corto-250-ml-dr-green\/\">Leer m\u00e1s&#8230;<span class=\"screen-reader-text\"> from Champ\u00fa para cabello corto &#8211; 250 ml &#8211; Dr. Green<\/span><\/a><\/p>\n","protected":false},"featured_media":47215,"template":"","meta":{"_acf_changed":false},"product_brand":[8504],"product_cat":[7217],"product_tag":[],"class_list":{"0":"post-45414","1":"product","2":"type-product","3":"status-publish","4":"has-post-thumbnail","6":"product_brand-dr-green","7":"product_cat-veterinario-salud","9":"first","10":"instock","11":"sale","12":"shipping-taxable","13":"purchasable","14":"product-type-simple","15":"add-to-wishlist-before_image"},"acf":[],"yoast_head":"<!-- This site is optimized with the Yoast SEO Premium plugin v27.1 (Yoast SEO v27.3) - https:\/\/yoast.com\/product\/yoast-seo-premium-wordpress\/ -->\n<title>Champ\u00fa para cabello corto Dr. Green - Lifenatura<\/title>\n<meta name=\"description\" content=\"Un champ\u00fa adecuado para el pelo corto de su perro y que tiene en su constituci\u00f3n c\u00e1\u00f1amo, biotina, romero, pantenol y aloe vera.\" \/>\n<meta name=\"robots\" content=\"index, follow, max-snippet:-1, max-image-preview:large, max-video-preview:-1\" \/>\n<link rel=\"canonical\" href=\"https:\/\/www.lifenatura.com\/es\/produto\/champu-para-cabello-corto-250-ml-dr-green\/\" \/>\n<meta property=\"og:locale\" content=\"es_ES\" \/>\n<meta property=\"og:type\" content=\"article\" \/>\n<meta property=\"og:title\" content=\"Champ\u00fa para cabello corto - 250 ml - Dr. Green - Lifenatura\" \/>\n<meta property=\"og:description\" content=\"Compre aqui o seu Champ\u00fa para cabello corto - 250 ml - Dr. Green e a Lifenatura Online envia em 48 H com Portes Gratis &gt;35\u20ac de Pedido.\" \/>\n<meta property=\"og:url\" content=\"https:\/\/www.lifenatura.com\/es\/produto\/champu-para-cabello-corto-250-ml-dr-green\/\" \/>\n<meta property=\"og:site_name\" content=\"Lifenatura\" \/>\n<meta property=\"article:publisher\" content=\"https:\/\/www.facebook.com\/lifenatura\" \/>\n<meta property=\"article:modified_time\" content=\"2022-08-21T15:31:34+00:00\" \/>\n<meta property=\"og:image\" content=\"https:\/\/www.lifenatura.com\/wp-content\/uploads\/2022\/04\/shampo-pelo-curto-dr-green.jpg\" \/>\n\t<meta property=\"og:image:width\" content=\"1000\" \/>\n\t<meta property=\"og:image:height\" content=\"1000\" \/>\n\t<meta property=\"og:image:type\" content=\"image\/jpeg\" \/>\n<meta name=\"twitter:card\" content=\"summary_large_image\" \/>\n<meta name=\"twitter:label1\" content=\"Precio\" \/>\n\t<meta name=\"twitter:data1\" content=\"6,90&nbsp;&euro;\" \/>\n\t<meta name=\"twitter:label2\" content=\"Disponibilidad\" \/>\n\t<meta name=\"twitter:data2\" content=\"Disponible\" \/>\n<meta property=\"product:price:amount\" content=\"6.90\" \/>\n<meta property=\"product:price:currency\" content=\"EUR\" \/>\n<meta property=\"og:availability\" content=\"instock\" \/>\n<meta property=\"product:availability\" content=\"instock\" \/>\n<meta property=\"product:retailer_item_id\" content=\"32030003\" \/>\n<meta property=\"product:condition\" content=\"new\" \/>\n<!-- \/ Yoast SEO Premium plugin. -->","yoast_head_json":{"title":"Champ\u00fa para cabello corto Dr. Green - Lifenatura","description":"Un champ\u00fa adecuado para el pelo corto de su perro y que tiene en su constituci\u00f3n c\u00e1\u00f1amo, biotina, romero, pantenol y aloe vera.","robots":{"index":"index","follow":"follow","max-snippet":"max-snippet:-1","max-image-preview":"max-image-preview:large","max-video-preview":"max-video-preview:-1"},"canonical":"https:\/\/www.lifenatura.com\/es\/produto\/champu-para-cabello-corto-250-ml-dr-green\/","og_locale":"es_ES","og_type":"article","og_title":"Champ\u00fa para cabello corto - 250 ml - Dr. Green - Lifenatura","og_description":"Compre aqui o seu Champ\u00fa para cabello corto - 250 ml - Dr. Green e a Lifenatura Online envia em 48 H com Portes Gratis >35\u20ac de Pedido.","og_url":"https:\/\/www.lifenatura.com\/es\/produto\/champu-para-cabello-corto-250-ml-dr-green\/","og_site_name":"Lifenatura","article_publisher":"https:\/\/www.facebook.com\/lifenatura","article_modified_time":"2022-08-21T15:31:34+00:00","og_image":[{"width":1000,"height":1000,"url":"https:\/\/www.lifenatura.com\/wp-content\/uploads\/2022\/04\/shampo-pelo-curto-dr-green.jpg","type":"image\/jpeg"}],"twitter_card":"summary_large_image","twitter_misc":{"Precio":"6,90&nbsp;&euro;","Disponibilidad":"Disponible"},"schema":{"@context":"https:\/\/schema.org","@graph":[{"@type":"WebPage","@id":"https:\/\/www.lifenatura.com\/es\/produto\/champu-para-cabello-corto-250-ml-dr-green\/","url":"https:\/\/www.lifenatura.com\/es\/produto\/champu-para-cabello-corto-250-ml-dr-green\/","name":"Champ\u00fa para cabello corto Dr. Green - Lifenatura","isPartOf":{"@id":"https:\/\/www.lifenatura.com\/es\/#website"},"primaryImageOfPage":{"@id":"https:\/\/www.lifenatura.com\/es\/produto\/champu-para-cabello-corto-250-ml-dr-green\/#primaryimage"},"image":{"@id":"https:\/\/www.lifenatura.com\/es\/produto\/champu-para-cabello-corto-250-ml-dr-green\/#primaryimage"},"thumbnailUrl":"https:\/\/www.lifenatura.com\/wp-content\/uploads\/2022\/04\/shampo-pelo-curto-dr-green.jpg","datePublished":"2022-04-14T10:20:11+00:00","dateModified":"2022-08-21T15:31:34+00:00","description":"Un champ\u00fa adecuado para el pelo corto de su perro y que tiene en su constituci\u00f3n c\u00e1\u00f1amo, biotina, romero, pantenol y aloe vera.","breadcrumb":{"@id":"https:\/\/www.lifenatura.com\/es\/produto\/champu-para-cabello-corto-250-ml-dr-green\/#breadcrumb"},"inLanguage":"es","potentialAction":[{"@type":"ReadAction","target":["https:\/\/www.lifenatura.com\/es\/produto\/champu-para-cabello-corto-250-ml-dr-green\/"]}]},{"@type":"ImageObject","inLanguage":"es","@id":"https:\/\/www.lifenatura.com\/es\/produto\/champu-para-cabello-corto-250-ml-dr-green\/#primaryimage","url":"https:\/\/www.lifenatura.com\/wp-content\/uploads\/2022\/04\/shampo-pelo-curto-dr-green.jpg","contentUrl":"https:\/\/www.lifenatura.com\/wp-content\/uploads\/2022\/04\/shampo-pelo-curto-dr-green.jpg","width":1000,"height":1000,"caption":"shampo p\u00ealo curto do seu c\u00e3o Drasanvi"},{"@type":"BreadcrumbList","@id":"https:\/\/www.lifenatura.com\/es\/produto\/champu-para-cabello-corto-250-ml-dr-green\/#breadcrumb","itemListElement":[{"@type":"ListItem","position":1,"name":"In\u00edcio","item":"https:\/\/www.lifenatura.com\/es\/"},{"@type":"ListItem","position":2,"name":"Todos los Productos","item":"https:\/\/www.lifenatura.com\/es\/tienda\/"},{"@type":"ListItem","position":3,"name":"Champ\u00fa para cabello corto &#8211; 250 ml &#8211; Dr. Green"}]},{"@type":"WebSite","@id":"https:\/\/www.lifenatura.com\/es\/#website","url":"https:\/\/www.lifenatura.com\/es\/","name":"Lifenatura","description":"A Lifenatura \u00e9 uma loja de produtos naturais, cosm\u00e9tica natural e alimenta\u00e7\u00e3o Biol\u00f3gica.","publisher":{"@id":"https:\/\/www.lifenatura.com\/es\/#organization"},"potentialAction":[{"@type":"SearchAction","target":{"@type":"EntryPoint","urlTemplate":"https:\/\/www.lifenatura.com\/es\/?s={search_term_string}"},"query-input":{"@type":"PropertyValueSpecification","valueRequired":true,"valueName":"search_term_string"}}],"inLanguage":"es"},{"@type":"Organization","@id":"https:\/\/www.lifenatura.com\/es\/#organization","name":"Lifenatura","url":"https:\/\/www.lifenatura.com\/es\/","logo":{"@type":"ImageObject","inLanguage":"es","@id":"https:\/\/www.lifenatura.com\/es\/#\/schema\/logo\/image\/","url":"https:\/\/www.lifenatura.com\/wp-content\/uploads\/2021\/11\/logo.png","contentUrl":"https:\/\/www.lifenatura.com\/wp-content\/uploads\/2021\/11\/logo.png","width":175,"height":55,"caption":"Lifenatura"},"image":{"@id":"https:\/\/www.lifenatura.com\/es\/#\/schema\/logo\/image\/"},"sameAs":["https:\/\/www.facebook.com\/lifenatura","https:\/\/www.instagram.com\/lifenaturapt\/"]}]},"product_price_amount":"6.90","product_price_currency":"EUR","og_availability":"instock","product_availability":"instock","product_retailer_item_id":"32030003","product_condition":"new"},"df_price":6.9,"df_sale_price":6.9,"df_regular_price":8.58,"df_image_link":"https:\/\/www.lifenatura.com\/wp-content\/uploads\/2022\/04\/shampo-pelo-curto-dr-green-300x300.jpg","_links":{"self":[{"href":"https:\/\/www.lifenatura.com\/es\/wp-json\/wp\/v2\/product\/45414","targetHints":{"allow":["GET"]}}],"collection":[{"href":"https:\/\/www.lifenatura.com\/es\/wp-json\/wp\/v2\/product"}],"about":[{"href":"https:\/\/www.lifenatura.com\/es\/wp-json\/wp\/v2\/types\/product"}],"wp:featuredmedia":[{"embeddable":true,"href":"https:\/\/www.lifenatura.com\/es\/wp-json\/wp\/v2\/media\/47215"}],"wp:attachment":[{"href":"https:\/\/www.lifenatura.com\/es\/wp-json\/wp\/v2\/media?parent=45414"}],"wp:term":[{"taxonomy":"product_brand","embeddable":true,"href":"https:\/\/www.lifenatura.com\/es\/wp-json\/wp\/v2\/product_brand?post=45414"},{"taxonomy":"product_cat","embeddable":true,"href":"https:\/\/www.lifenatura.com\/es\/wp-json\/wp\/v2\/product_cat?post=45414"},{"taxonomy":"product_tag","embeddable":true,"href":"https:\/\/www.lifenatura.com\/es\/wp-json\/wp\/v2\/product_tag?post=45414"}],"curies":[{"name":"wp","href":"https:\/\/api.w.org\/{rel}","templated":true}]}}