{"id":45408,"date":"2022-04-14T09:50:49","date_gmt":"2022-04-14T09:50:49","guid":{"rendered":"https:\/\/lifenatura.dev.agenciagetdigital.com\/?post_type=product&#038;p=45408"},"modified":"2022-09-09T12:15:47","modified_gmt":"2022-09-09T12:15:47","slug":"oleo-de-cbd-10-ml-25-dr-green","status":"publish","type":"product","link":"https:\/\/www.lifenatura.com\/es\/produto\/oleo-de-cbd-10-ml-25-dr-green\/","title":{"rendered":"\u00d3leo de CBD 2,5% 10 ml &#8211; Dr. Green"},"content":{"rendered":"<h2 style=\"text-align: left;\"><strong>Aceite de CBD 2,5% para perros y gatos <\/strong><\/h2>\n<p>&nbsp;<\/p>\n<p>El aceite de CBD de espectro completo al 2,5% para perros y gatos est\u00e1 indicado para el dolor derivado de la artritis, la artrosis u otros problemas musculoesquel\u00e9ticos, la epilepsia, el estr\u00e9s\/la ansiedad, las n\u00e1useas relacionadas o no con los viajes y ciertos problemas dermatol\u00f3gicos.<\/p>\n<p>El aceite de CBD act\u00faa sobre el propio sistema endocannabinoide del cuerpo, que est\u00e1 presente en todos los mam\u00edferos, regulando el sue\u00f1o, el dolor, el apetito y la respuesta inmunitaria, entre otras cosas.<\/p>\n<p>El aceite de CBD de espectro completo es una terapia natural eficaz, ya que funciona como una sustancia segregada por el propio cuerpo y puede apoyar varios procesos que requieren tratamiento convencional, reduciendo o incluso eliminando la necesidad de \u00e9ste.<\/p>\n<p><strong>PRESENTACI\u00d3N<\/strong><\/p>\n<p>10 ml<\/p>\n<p>&nbsp;<\/p>\n","protected":false},"excerpt":{"rendered":"<p>El aceite de CBD de espectro completo al 2,5% para perros y gatos est\u00e1 indicado para el dolor derivado de la artritis, la artrosis. [&#8230;]<\/p>\n<p><a class=\"btn btn-secondary understrap-read-more-link\" href=\"https:\/\/www.lifenatura.com\/es\/produto\/oleo-de-cbd-10-ml-25-dr-green\/\">Leer m\u00e1s&#8230;<span class=\"screen-reader-text\"> from \u00d3leo de CBD 2,5% 10 ml &#8211; Dr. Green<\/span><\/a><\/p>\n","protected":false},"featured_media":47254,"template":"","meta":{"_acf_changed":false},"product_brand":[8504],"product_cat":[7217],"product_tag":[],"class_list":{"0":"post-45408","1":"product","2":"type-product","3":"status-publish","4":"has-post-thumbnail","6":"product_brand-dr-green","7":"product_cat-veterinario-salud","9":"first","10":"outofstock","11":"shipping-taxable","12":"purchasable","13":"product-type-simple","14":"add-to-wishlist-before_image"},"acf":[],"yoast_head":"<!-- This site is optimized with the Yoast SEO Premium plugin v27.1 (Yoast SEO v27.4) - https:\/\/yoast.com\/product\/yoast-seo-premium-wordpress\/ -->\n<title>\u00d3leo de CBD 2,5% Dr. Green - Lifenatura<\/title>\n<meta name=\"description\" content=\"El aceite de CBD de espectro completo al 2,5% para perros y gatos est\u00e1 indicado para el dolor derivado de la artritis, la artrosis\" \/>\n<meta name=\"robots\" content=\"index, follow, max-snippet:-1, max-image-preview:large, max-video-preview:-1\" \/>\n<link rel=\"canonical\" href=\"https:\/\/www.lifenatura.com\/es\/produto\/oleo-de-cbd-10-ml-25-dr-green\/\" \/>\n<meta property=\"og:locale\" content=\"es_ES\" \/>\n<meta property=\"og:type\" content=\"article\" \/>\n<meta property=\"og:title\" content=\"\u00d3leo de CBD 2,5% 10 ml - Dr. Green - Lifenatura\" \/>\n<meta property=\"og:description\" content=\"Compre aqui o seu \u00d3leo de CBD 2,5% 10 ml - Dr. Green e a Lifenatura Online envia em 48 H com Portes Gratis &gt;35\u20ac de Pedido.\" \/>\n<meta property=\"og:url\" content=\"https:\/\/www.lifenatura.com\/es\/produto\/oleo-de-cbd-10-ml-25-dr-green\/\" \/>\n<meta property=\"og:site_name\" content=\"Lifenatura\" \/>\n<meta property=\"article:publisher\" content=\"https:\/\/www.facebook.com\/lifenatura\" \/>\n<meta property=\"article:modified_time\" content=\"2022-09-09T12:15:47+00:00\" \/>\n<meta property=\"og:image\" content=\"https:\/\/www.lifenatura.com\/wp-content\/uploads\/2022\/04\/oleo-cbd-2-5-dr-green.jpg\" \/>\n\t<meta property=\"og:image:width\" content=\"1000\" \/>\n\t<meta property=\"og:image:height\" content=\"1000\" \/>\n\t<meta property=\"og:image:type\" content=\"image\/jpeg\" \/>\n<meta name=\"twitter:card\" content=\"summary_large_image\" \/>\n<meta name=\"twitter:label1\" content=\"Precio\" \/>\n\t<meta name=\"twitter:data1\" content=\"20,13&nbsp;&euro;\" \/>\n\t<meta name=\"twitter:label2\" content=\"Disponibilidad\" \/>\n\t<meta name=\"twitter:data2\" content=\"Sin existencias\" \/>\n<meta property=\"product:price:amount\" content=\"20.13\" \/>\n<meta property=\"product:price:currency\" content=\"EUR\" \/>\n<meta property=\"og:availability\" content=\"out of stock\" \/>\n<meta property=\"product:availability\" content=\"out of stock\" \/>\n<meta property=\"product:retailer_item_id\" content=\"32030008\" \/>\n<meta property=\"product:condition\" content=\"new\" \/>\n<!-- \/ Yoast SEO Premium plugin. -->","yoast_head_json":{"title":"\u00d3leo de CBD 2,5% Dr. Green - Lifenatura","description":"El aceite de CBD de espectro completo al 2,5% para perros y gatos est\u00e1 indicado para el dolor derivado de la artritis, la artrosis","robots":{"index":"index","follow":"follow","max-snippet":"max-snippet:-1","max-image-preview":"max-image-preview:large","max-video-preview":"max-video-preview:-1"},"canonical":"https:\/\/www.lifenatura.com\/es\/produto\/oleo-de-cbd-10-ml-25-dr-green\/","og_locale":"es_ES","og_type":"article","og_title":"\u00d3leo de CBD 2,5% 10 ml - Dr. Green - Lifenatura","og_description":"Compre aqui o seu \u00d3leo de CBD 2,5% 10 ml - Dr. Green e a Lifenatura Online envia em 48 H com Portes Gratis >35\u20ac de Pedido.","og_url":"https:\/\/www.lifenatura.com\/es\/produto\/oleo-de-cbd-10-ml-25-dr-green\/","og_site_name":"Lifenatura","article_publisher":"https:\/\/www.facebook.com\/lifenatura","article_modified_time":"2022-09-09T12:15:47+00:00","og_image":[{"width":1000,"height":1000,"url":"https:\/\/www.lifenatura.com\/wp-content\/uploads\/2022\/04\/oleo-cbd-2-5-dr-green.jpg","type":"image\/jpeg"}],"twitter_card":"summary_large_image","twitter_misc":{"Precio":"20,13&nbsp;&euro;","Disponibilidad":"Sin existencias"},"schema":{"@context":"https:\/\/schema.org","@graph":[{"@type":"WebPage","@id":"https:\/\/www.lifenatura.com\/es\/produto\/oleo-de-cbd-10-ml-25-dr-green\/","url":"https:\/\/www.lifenatura.com\/es\/produto\/oleo-de-cbd-10-ml-25-dr-green\/","name":"\u00d3leo de CBD 2,5% Dr. Green - Lifenatura","isPartOf":{"@id":"https:\/\/www.lifenatura.com\/es\/#website"},"primaryImageOfPage":{"@id":"https:\/\/www.lifenatura.com\/es\/produto\/oleo-de-cbd-10-ml-25-dr-green\/#primaryimage"},"image":{"@id":"https:\/\/www.lifenatura.com\/es\/produto\/oleo-de-cbd-10-ml-25-dr-green\/#primaryimage"},"thumbnailUrl":"https:\/\/www.lifenatura.com\/wp-content\/uploads\/2022\/04\/oleo-cbd-2-5-dr-green.jpg","datePublished":"2022-04-14T09:50:49+00:00","dateModified":"2022-09-09T12:15:47+00:00","description":"El aceite de CBD de espectro completo al 2,5% para perros y gatos est\u00e1 indicado para el dolor derivado de la artritis, la artrosis","breadcrumb":{"@id":"https:\/\/www.lifenatura.com\/es\/produto\/oleo-de-cbd-10-ml-25-dr-green\/#breadcrumb"},"inLanguage":"es","potentialAction":[{"@type":"ReadAction","target":["https:\/\/www.lifenatura.com\/es\/produto\/oleo-de-cbd-10-ml-25-dr-green\/"]}]},{"@type":"ImageObject","inLanguage":"es","@id":"https:\/\/www.lifenatura.com\/es\/produto\/oleo-de-cbd-10-ml-25-dr-green\/#primaryimage","url":"https:\/\/www.lifenatura.com\/wp-content\/uploads\/2022\/04\/oleo-cbd-2-5-dr-green.jpg","contentUrl":"https:\/\/www.lifenatura.com\/wp-content\/uploads\/2022\/04\/oleo-cbd-2-5-dr-green.jpg","width":1000,"height":1000,"caption":"oleo de cbd 2,5% da drasanvi"},{"@type":"BreadcrumbList","@id":"https:\/\/www.lifenatura.com\/es\/produto\/oleo-de-cbd-10-ml-25-dr-green\/#breadcrumb","itemListElement":[{"@type":"ListItem","position":1,"name":"In\u00edcio","item":"https:\/\/www.lifenatura.com\/es\/"},{"@type":"ListItem","position":2,"name":"Todos los Productos","item":"https:\/\/www.lifenatura.com\/es\/tienda\/"},{"@type":"ListItem","position":3,"name":"\u00d3leo de CBD 2,5% 10 ml &#8211; Dr. Green"}]},{"@type":"WebSite","@id":"https:\/\/www.lifenatura.com\/es\/#website","url":"https:\/\/www.lifenatura.com\/es\/","name":"Lifenatura","description":"A Lifenatura \u00e9 uma loja de produtos naturais, cosm\u00e9tica natural e alimenta\u00e7\u00e3o Biol\u00f3gica.","publisher":{"@id":"https:\/\/www.lifenatura.com\/es\/#organization"},"potentialAction":[{"@type":"SearchAction","target":{"@type":"EntryPoint","urlTemplate":"https:\/\/www.lifenatura.com\/es\/?s={search_term_string}"},"query-input":{"@type":"PropertyValueSpecification","valueRequired":true,"valueName":"search_term_string"}}],"inLanguage":"es"},{"@type":"Organization","@id":"https:\/\/www.lifenatura.com\/es\/#organization","name":"Lifenatura","url":"https:\/\/www.lifenatura.com\/es\/","logo":{"@type":"ImageObject","inLanguage":"es","@id":"https:\/\/www.lifenatura.com\/es\/#\/schema\/logo\/image\/","url":"https:\/\/www.lifenatura.com\/wp-content\/uploads\/2021\/11\/logo.png","contentUrl":"https:\/\/www.lifenatura.com\/wp-content\/uploads\/2021\/11\/logo.png","width":175,"height":55,"caption":"Lifenatura"},"image":{"@id":"https:\/\/www.lifenatura.com\/es\/#\/schema\/logo\/image\/"},"sameAs":["https:\/\/www.facebook.com\/lifenatura","https:\/\/www.instagram.com\/lifenaturapt\/"]}]},"product_price_amount":"20.13","product_price_currency":"EUR","og_availability":"out of stock","product_availability":"out of stock","product_retailer_item_id":"32030008","product_condition":"new"},"df_price":20.13,"df_sale_price":"","df_regular_price":20.13,"df_image_link":"https:\/\/www.lifenatura.com\/wp-content\/uploads\/2022\/04\/oleo-cbd-2-5-dr-green-300x300.jpg","_links":{"self":[{"href":"https:\/\/www.lifenatura.com\/es\/wp-json\/wp\/v2\/product\/45408","targetHints":{"allow":["GET"]}}],"collection":[{"href":"https:\/\/www.lifenatura.com\/es\/wp-json\/wp\/v2\/product"}],"about":[{"href":"https:\/\/www.lifenatura.com\/es\/wp-json\/wp\/v2\/types\/product"}],"wp:featuredmedia":[{"embeddable":true,"href":"https:\/\/www.lifenatura.com\/es\/wp-json\/wp\/v2\/media\/47254"}],"wp:attachment":[{"href":"https:\/\/www.lifenatura.com\/es\/wp-json\/wp\/v2\/media?parent=45408"}],"wp:term":[{"taxonomy":"product_brand","embeddable":true,"href":"https:\/\/www.lifenatura.com\/es\/wp-json\/wp\/v2\/product_brand?post=45408"},{"taxonomy":"product_cat","embeddable":true,"href":"https:\/\/www.lifenatura.com\/es\/wp-json\/wp\/v2\/product_cat?post=45408"},{"taxonomy":"product_tag","embeddable":true,"href":"https:\/\/www.lifenatura.com\/es\/wp-json\/wp\/v2\/product_tag?post=45408"}],"curies":[{"name":"wp","href":"https:\/\/api.w.org\/{rel}","templated":true}]}}