{"id":45322,"date":"2022-04-06T16:35:48","date_gmt":"2022-04-06T16:35:48","guid":{"rendered":"https:\/\/lifenatura.dev.agenciagetdigital.com\/?post_type=product&#038;p=45322"},"modified":"2026-04-21T00:01:32","modified_gmt":"2026-04-21T00:01:32","slug":"te-de-hierbas-principe-20-bolsitas-dietmed","status":"publish","type":"product","link":"https:\/\/www.lifenatura.com\/es\/produto\/te-de-hierbas-principe-20-bolsitas-dietmed\/","title":{"rendered":"T\u00e9 de hierbas Pr\u00edncipe 20 bolsitas &#8211; Dietmed"},"content":{"rendered":"<h2 style=\"text-align: left;\"><strong>El t\u00e9 Erva Principe ayuda a la digesti\u00f3n<\/strong><\/h2>\n<p>&nbsp;<\/p>\n<p>El principal beneficio del T\u00e9 Erva Pr\u00edncipe de Dietmed es facilitar la digesti\u00f3n, y se utiliza tradicionalmente como antioxidante.<\/p>\n<p>Las plantas han ocupado un lugar importante en la medicina popular y se han utilizado emp\u00edricamente a lo largo de los siglos. Uno de los m\u00e9todos m\u00e1s antiguos de utilizaci\u00f3n de las plantas medicinales es a trav\u00e9s de las infusiones o tisanas, es decir, la planta se pone en contacto con agua hirviendo y las sustancias activas as\u00ed extra\u00eddas y disueltas son entonces mejor asimiladas por el organismo.<\/p>\n<p>El consumo de tisanas e infusiones es un m\u00e9todo terap\u00e9utico tradicional muy utilizado en nuestro pa\u00eds. Los usos terap\u00e9uticos transmitidos por los ancianos han demostrado mediante diversos estudios que son una forma segura y agradable de cuidar la salud.<\/p>\n<p>La calidad de la infusi\u00f3n o tisana est\u00e1 estrechamente relacionada con las materias primas utilizadas en su fabricaci\u00f3n, pero tambi\u00e9n con su preparaci\u00f3n. As\u00ed, la gama de T\u00e9s Dietmed utiliza plantas cuidadosamente seleccionadas y controladas, garantizando siempre una oferta segura y de calidad.<\/p>\n<p>Adem\u00e1s, hay que tener en cuenta el agua utilizada en su preparaci\u00f3n. Esta debe ser de buena calidad, sin ser excesivamente calc\u00e1rea. No es necesario a\u00f1adir az\u00facar.<\/p>\n<p><strong>PRESENTACI\u00d3N<\/strong><\/p>\n<p>20 bolsitas.<\/p>\n<p>&nbsp;<\/p>\n","protected":false},"excerpt":{"rendered":"<p>El principal beneficio del T\u00e9 Erva Pr\u00edncipe de Dietmed es facilitar la digesti\u00f3n, y se utiliza tradicionalmente como antioxidante. [&#8230;]<\/p>\n<p><a class=\"btn btn-secondary understrap-read-more-link\" href=\"https:\/\/www.lifenatura.com\/es\/produto\/te-de-hierbas-principe-20-bolsitas-dietmed\/\">Leer m\u00e1s&#8230;<span class=\"screen-reader-text\"> from T\u00e9 de hierbas Pr\u00edncipe 20 bolsitas &#8211; Dietmed<\/span><\/a><\/p>\n","protected":false},"featured_media":46945,"template":"","meta":{"_acf_changed":false},"product_brand":[8552],"product_cat":[7064,7065,7071],"product_tag":[],"class_list":{"0":"post-45322","1":"product","2":"type-product","3":"status-publish","4":"has-post-thumbnail","6":"product_brand-dietmed-te","7":"product_cat-alimentacion-sana","8":"product_cat-bebidas","9":"product_cat-tes-y-infusiones","11":"first","12":"instock","13":"sale","14":"shipping-taxable","15":"purchasable","16":"product-type-simple","17":"add-to-wishlist-before_image"},"acf":[],"yoast_head":"<!-- This site is optimized with the Yoast SEO Premium plugin v27.1 (Yoast SEO v27.5) - https:\/\/yoast.com\/product\/yoast-seo-premium-wordpress\/ -->\n<title>T\u00e9 de hierbas Pr\u00edncipe 20 bolsitas - Dietmed - Na Lifenatura ao Melhor Pre\u00e7o | Envio em 48h<\/title>\n<meta name=\"description\" content=\"El principal beneficio del T\u00e9 Erva Pr\u00edncipe de Dietmed es facilitar la digesti\u00f3n, y se utiliza tradicionalmente como antioxidante.\" \/>\n<meta name=\"robots\" content=\"index, follow, max-snippet:-1, max-image-preview:large, max-video-preview:-1\" \/>\n<link rel=\"canonical\" href=\"https:\/\/www.lifenatura.com\/es\/produto\/te-de-hierbas-principe-20-bolsitas-dietmed\/\" \/>\n<meta property=\"og:locale\" content=\"es_ES\" \/>\n<meta property=\"og:type\" content=\"article\" \/>\n<meta property=\"og:title\" content=\"T\u00e9 de hierbas Pr\u00edncipe 20 bolsitas - Dietmed - Na Lifenatura ao Melhor Pre\u00e7o | Envio 48h\" \/>\n<meta property=\"og:description\" content=\"Compre T\u00e9 de hierbas Pr\u00edncipe 20 bolsitas - Dietmed com envio r\u00e1pido. Entrega em 48h e portes gr\u00e1tis em compras &gt;35\u20ac. Aproveite j\u00e1 na Lifenatura\" \/>\n<meta property=\"og:url\" content=\"https:\/\/www.lifenatura.com\/es\/produto\/te-de-hierbas-principe-20-bolsitas-dietmed\/\" \/>\n<meta property=\"og:site_name\" content=\"Lifenatura\" \/>\n<meta property=\"article:publisher\" content=\"https:\/\/www.facebook.com\/lifenatura\" \/>\n<meta property=\"article:modified_time\" content=\"2026-04-21T00:01:32+00:00\" \/>\n<meta property=\"og:image\" content=\"https:\/\/www.lifenatura.com\/wp-content\/uploads\/2022\/04\/infuso\u0303es-erva-principe-dietmed.jpg\" \/>\n\t<meta property=\"og:image:width\" content=\"1000\" \/>\n\t<meta property=\"og:image:height\" content=\"1000\" \/>\n\t<meta property=\"og:image:type\" content=\"image\/jpeg\" \/>\n<meta name=\"twitter:card\" content=\"summary_large_image\" \/>\n<meta name=\"twitter:label1\" content=\"Precio\" \/>\n\t<meta name=\"twitter:data1\" content=\"2,67&nbsp;&euro;\" \/>\n\t<meta name=\"twitter:label2\" content=\"Disponibilidad\" \/>\n\t<meta name=\"twitter:data2\" content=\"Disponible\" \/>\n<script type=\"application\/ld+json\" class=\"yoast-schema-graph\">{\"@context\":\"https:\\\/\\\/schema.org\",\"@graph\":[{\"@type\":\"WebPage\",\"@id\":\"https:\\\/\\\/www.lifenatura.com\\\/es\\\/produto\\\/te-de-hierbas-principe-20-bolsitas-dietmed\\\/\",\"url\":\"https:\\\/\\\/www.lifenatura.com\\\/es\\\/produto\\\/te-de-hierbas-principe-20-bolsitas-dietmed\\\/\",\"name\":\"T\u00e9 de hierbas Pr\u00edncipe 20 bolsitas - Dietmed - Na Lifenatura ao Melhor Pre\u00e7o | Envio em 48h\",\"isPartOf\":{\"@id\":\"https:\\\/\\\/www.lifenatura.com\\\/es\\\/#website\"},\"primaryImageOfPage\":{\"@id\":\"https:\\\/\\\/www.lifenatura.com\\\/es\\\/produto\\\/te-de-hierbas-principe-20-bolsitas-dietmed\\\/#primaryimage\"},\"image\":{\"@id\":\"https:\\\/\\\/www.lifenatura.com\\\/es\\\/produto\\\/te-de-hierbas-principe-20-bolsitas-dietmed\\\/#primaryimage\"},\"thumbnailUrl\":\"https:\\\/\\\/www.lifenatura.com\\\/wp-content\\\/uploads\\\/2022\\\/04\\\/infuso\u0303es-erva-principe-dietmed.jpg\",\"datePublished\":\"2022-04-06T16:35:48+00:00\",\"dateModified\":\"2026-04-21T00:01:32+00:00\",\"description\":\"El principal beneficio del T\u00e9 Erva Pr\u00edncipe de Dietmed es facilitar la digesti\u00f3n, y se utiliza tradicionalmente como antioxidante.\",\"breadcrumb\":{\"@id\":\"https:\\\/\\\/www.lifenatura.com\\\/es\\\/produto\\\/te-de-hierbas-principe-20-bolsitas-dietmed\\\/#breadcrumb\"},\"inLanguage\":\"es\",\"potentialAction\":[{\"@type\":\"ReadAction\",\"target\":[\"https:\\\/\\\/www.lifenatura.com\\\/es\\\/produto\\\/te-de-hierbas-principe-20-bolsitas-dietmed\\\/\"]}]},{\"@type\":\"ImageObject\",\"inLanguage\":\"es\",\"@id\":\"https:\\\/\\\/www.lifenatura.com\\\/es\\\/produto\\\/te-de-hierbas-principe-20-bolsitas-dietmed\\\/#primaryimage\",\"url\":\"https:\\\/\\\/www.lifenatura.com\\\/wp-content\\\/uploads\\\/2022\\\/04\\\/infuso\u0303es-erva-principe-dietmed.jpg\",\"contentUrl\":\"https:\\\/\\\/www.lifenatura.com\\\/wp-content\\\/uploads\\\/2022\\\/04\\\/infuso\u0303es-erva-principe-dietmed.jpg\",\"width\":1000,\"height\":1000,\"caption\":\"ch\u00e1 erva principe da dietmed\"},{\"@type\":\"BreadcrumbList\",\"@id\":\"https:\\\/\\\/www.lifenatura.com\\\/es\\\/produto\\\/te-de-hierbas-principe-20-bolsitas-dietmed\\\/#breadcrumb\",\"itemListElement\":[{\"@type\":\"ListItem\",\"position\":1,\"name\":\"In\u00edcio\",\"item\":\"https:\\\/\\\/www.lifenatura.com\\\/es\\\/\"},{\"@type\":\"ListItem\",\"position\":2,\"name\":\"Todos los Productos\",\"item\":\"https:\\\/\\\/www.lifenatura.com\\\/es\\\/tienda\\\/\"},{\"@type\":\"ListItem\",\"position\":3,\"name\":\"T\u00e9 de hierbas Pr\u00edncipe 20 bolsitas &#8211; Dietmed\"}]},{\"@type\":\"WebSite\",\"@id\":\"https:\\\/\\\/www.lifenatura.com\\\/es\\\/#website\",\"url\":\"https:\\\/\\\/www.lifenatura.com\\\/es\\\/\",\"name\":\"Lifenatura\",\"description\":\"A Lifenatura \u00e9 uma loja de produtos naturais, cosm\u00e9tica natural e alimenta\u00e7\u00e3o Biol\u00f3gica.\",\"publisher\":{\"@id\":\"https:\\\/\\\/www.lifenatura.com\\\/es\\\/#organization\"},\"potentialAction\":[{\"@type\":\"SearchAction\",\"target\":{\"@type\":\"EntryPoint\",\"urlTemplate\":\"https:\\\/\\\/www.lifenatura.com\\\/es\\\/?s={search_term_string}\"},\"query-input\":{\"@type\":\"PropertyValueSpecification\",\"valueRequired\":true,\"valueName\":\"search_term_string\"}}],\"inLanguage\":\"es\"},{\"@type\":\"Organization\",\"@id\":\"https:\\\/\\\/www.lifenatura.com\\\/es\\\/#organization\",\"name\":\"Lifenatura\",\"url\":\"https:\\\/\\\/www.lifenatura.com\\\/es\\\/\",\"logo\":{\"@type\":\"ImageObject\",\"inLanguage\":\"es\",\"@id\":\"https:\\\/\\\/www.lifenatura.com\\\/es\\\/#\\\/schema\\\/logo\\\/image\\\/\",\"url\":\"https:\\\/\\\/www.lifenatura.com\\\/wp-content\\\/uploads\\\/2021\\\/07\\\/logo.png\",\"contentUrl\":\"https:\\\/\\\/www.lifenatura.com\\\/wp-content\\\/uploads\\\/2021\\\/07\\\/logo.png\",\"width\":175,\"height\":55,\"caption\":\"Lifenatura\"},\"image\":{\"@id\":\"https:\\\/\\\/www.lifenatura.com\\\/es\\\/#\\\/schema\\\/logo\\\/image\\\/\"},\"sameAs\":[\"https:\\\/\\\/www.facebook.com\\\/lifenatura\",\"https:\\\/\\\/www.instagram.com\\\/lifenaturapt\\\/\"],\"hasMerchantReturnPolicy\":{\"@type\":\"MerchantReturnPolicy\",\"merchantReturnLink\":\"https:\\\/\\\/www.lifenatura.com\\\/termos-condicoes-lifenatura\\\/\"}}]}<\/script>\n<meta property=\"product:price:amount\" content=\"2.67\" \/>\n<meta property=\"product:price:currency\" content=\"EUR\" \/>\n<meta property=\"og:availability\" content=\"instock\" \/>\n<meta property=\"product:availability\" content=\"instock\" \/>\n<meta property=\"product:retailer_item_id\" content=\"5605481311321\" \/>\n<meta property=\"product:condition\" content=\"new\" \/>\n<!-- \/ Yoast SEO Premium plugin. -->","yoast_head_json":{"title":"T\u00e9 de hierbas Pr\u00edncipe 20 bolsitas - Dietmed - Na Lifenatura ao Melhor Pre\u00e7o | Envio em 48h","description":"El principal beneficio del T\u00e9 Erva Pr\u00edncipe de Dietmed es facilitar la digesti\u00f3n, y se utiliza tradicionalmente como antioxidante.","robots":{"index":"index","follow":"follow","max-snippet":"max-snippet:-1","max-image-preview":"max-image-preview:large","max-video-preview":"max-video-preview:-1"},"canonical":"https:\/\/www.lifenatura.com\/es\/produto\/te-de-hierbas-principe-20-bolsitas-dietmed\/","og_locale":"es_ES","og_type":"article","og_title":"T\u00e9 de hierbas Pr\u00edncipe 20 bolsitas - Dietmed - Na Lifenatura ao Melhor Pre\u00e7o | Envio 48h","og_description":"Compre T\u00e9 de hierbas Pr\u00edncipe 20 bolsitas - Dietmed com envio r\u00e1pido. Entrega em 48h e portes gr\u00e1tis em compras >35\u20ac. Aproveite j\u00e1 na Lifenatura","og_url":"https:\/\/www.lifenatura.com\/es\/produto\/te-de-hierbas-principe-20-bolsitas-dietmed\/","og_site_name":"Lifenatura","article_publisher":"https:\/\/www.facebook.com\/lifenatura","article_modified_time":"2026-04-21T00:01:32+00:00","og_image":[{"width":1000,"height":1000,"url":"https:\/\/www.lifenatura.com\/wp-content\/uploads\/2022\/04\/infuso\u0303es-erva-principe-dietmed.jpg","type":"image\/jpeg"}],"twitter_card":"summary_large_image","twitter_misc":{"Precio":"2,67&nbsp;&euro;","Disponibilidad":"Disponible"},"schema":{"@context":"https:\/\/schema.org","@graph":[{"@type":"WebPage","@id":"https:\/\/www.lifenatura.com\/es\/produto\/te-de-hierbas-principe-20-bolsitas-dietmed\/","url":"https:\/\/www.lifenatura.com\/es\/produto\/te-de-hierbas-principe-20-bolsitas-dietmed\/","name":"T\u00e9 de hierbas Pr\u00edncipe 20 bolsitas - Dietmed - Na Lifenatura ao Melhor Pre\u00e7o | Envio em 48h","isPartOf":{"@id":"https:\/\/www.lifenatura.com\/es\/#website"},"primaryImageOfPage":{"@id":"https:\/\/www.lifenatura.com\/es\/produto\/te-de-hierbas-principe-20-bolsitas-dietmed\/#primaryimage"},"image":{"@id":"https:\/\/www.lifenatura.com\/es\/produto\/te-de-hierbas-principe-20-bolsitas-dietmed\/#primaryimage"},"thumbnailUrl":"https:\/\/www.lifenatura.com\/wp-content\/uploads\/2022\/04\/infuso\u0303es-erva-principe-dietmed.jpg","datePublished":"2022-04-06T16:35:48+00:00","dateModified":"2026-04-21T00:01:32+00:00","description":"El principal beneficio del T\u00e9 Erva Pr\u00edncipe de Dietmed es facilitar la digesti\u00f3n, y se utiliza tradicionalmente como antioxidante.","breadcrumb":{"@id":"https:\/\/www.lifenatura.com\/es\/produto\/te-de-hierbas-principe-20-bolsitas-dietmed\/#breadcrumb"},"inLanguage":"es","potentialAction":[{"@type":"ReadAction","target":["https:\/\/www.lifenatura.com\/es\/produto\/te-de-hierbas-principe-20-bolsitas-dietmed\/"]}]},{"@type":"ImageObject","inLanguage":"es","@id":"https:\/\/www.lifenatura.com\/es\/produto\/te-de-hierbas-principe-20-bolsitas-dietmed\/#primaryimage","url":"https:\/\/www.lifenatura.com\/wp-content\/uploads\/2022\/04\/infuso\u0303es-erva-principe-dietmed.jpg","contentUrl":"https:\/\/www.lifenatura.com\/wp-content\/uploads\/2022\/04\/infuso\u0303es-erva-principe-dietmed.jpg","width":1000,"height":1000,"caption":"ch\u00e1 erva principe da dietmed"},{"@type":"BreadcrumbList","@id":"https:\/\/www.lifenatura.com\/es\/produto\/te-de-hierbas-principe-20-bolsitas-dietmed\/#breadcrumb","itemListElement":[{"@type":"ListItem","position":1,"name":"In\u00edcio","item":"https:\/\/www.lifenatura.com\/es\/"},{"@type":"ListItem","position":2,"name":"Todos los Productos","item":"https:\/\/www.lifenatura.com\/es\/tienda\/"},{"@type":"ListItem","position":3,"name":"T\u00e9 de hierbas Pr\u00edncipe 20 bolsitas &#8211; Dietmed"}]},{"@type":"WebSite","@id":"https:\/\/www.lifenatura.com\/es\/#website","url":"https:\/\/www.lifenatura.com\/es\/","name":"Lifenatura","description":"A Lifenatura \u00e9 uma loja de produtos naturais, cosm\u00e9tica natural e alimenta\u00e7\u00e3o Biol\u00f3gica.","publisher":{"@id":"https:\/\/www.lifenatura.com\/es\/#organization"},"potentialAction":[{"@type":"SearchAction","target":{"@type":"EntryPoint","urlTemplate":"https:\/\/www.lifenatura.com\/es\/?s={search_term_string}"},"query-input":{"@type":"PropertyValueSpecification","valueRequired":true,"valueName":"search_term_string"}}],"inLanguage":"es"},{"@type":"Organization","@id":"https:\/\/www.lifenatura.com\/es\/#organization","name":"Lifenatura","url":"https:\/\/www.lifenatura.com\/es\/","logo":{"@type":"ImageObject","inLanguage":"es","@id":"https:\/\/www.lifenatura.com\/es\/#\/schema\/logo\/image\/","url":"https:\/\/www.lifenatura.com\/wp-content\/uploads\/2021\/07\/logo.png","contentUrl":"https:\/\/www.lifenatura.com\/wp-content\/uploads\/2021\/07\/logo.png","width":175,"height":55,"caption":"Lifenatura"},"image":{"@id":"https:\/\/www.lifenatura.com\/es\/#\/schema\/logo\/image\/"},"sameAs":["https:\/\/www.facebook.com\/lifenatura","https:\/\/www.instagram.com\/lifenaturapt\/"],"hasMerchantReturnPolicy":{"@type":"MerchantReturnPolicy","merchantReturnLink":"https:\/\/www.lifenatura.com\/termos-condicoes-lifenatura\/"}}]},"product_price_amount":"2.67","product_price_currency":"EUR","og_availability":"instock","product_availability":"instock","product_retailer_item_id":"5605481311321","product_condition":"new"},"df_price":2.67,"df_sale_price":2.67,"df_regular_price":3.42,"df_image_link":"https:\/\/www.lifenatura.com\/wp-content\/uploads\/2022\/04\/infuso\u0303es-erva-principe-dietmed-300x300.jpg","_links":{"self":[{"href":"https:\/\/www.lifenatura.com\/es\/wp-json\/wp\/v2\/product\/45322","targetHints":{"allow":["GET"]}}],"collection":[{"href":"https:\/\/www.lifenatura.com\/es\/wp-json\/wp\/v2\/product"}],"about":[{"href":"https:\/\/www.lifenatura.com\/es\/wp-json\/wp\/v2\/types\/product"}],"wp:featuredmedia":[{"embeddable":true,"href":"https:\/\/www.lifenatura.com\/es\/wp-json\/wp\/v2\/media\/46945"}],"wp:attachment":[{"href":"https:\/\/www.lifenatura.com\/es\/wp-json\/wp\/v2\/media?parent=45322"}],"wp:term":[{"taxonomy":"product_brand","embeddable":true,"href":"https:\/\/www.lifenatura.com\/es\/wp-json\/wp\/v2\/product_brand?post=45322"},{"taxonomy":"product_cat","embeddable":true,"href":"https:\/\/www.lifenatura.com\/es\/wp-json\/wp\/v2\/product_cat?post=45322"},{"taxonomy":"product_tag","embeddable":true,"href":"https:\/\/www.lifenatura.com\/es\/wp-json\/wp\/v2\/product_tag?post=45322"}],"curies":[{"name":"wp","href":"https:\/\/api.w.org\/{rel}","templated":true}]}}