{"id":45310,"date":"2022-04-06T10:24:07","date_gmt":"2022-04-06T10:24:07","guid":{"rendered":"https:\/\/lifenatura.dev.agenciagetdigital.com\/?post_type=product&#038;p=45310"},"modified":"2026-04-09T01:24:52","modified_gmt":"2026-04-09T01:24:52","slug":"nac-n-acetilcisteina-600mg-60-comprimidos-naturmil","status":"publish","type":"product","link":"https:\/\/www.lifenatura.com\/es\/produto\/nac-n-acetilcisteina-600mg-60-comprimidos-naturmil\/","title":{"rendered":"NAC N-Acetilciste\u00edna 600mg &#8211; 60 comprimidos &#8211; Naturmil"},"content":{"rendered":"<h2 style=\"text-align: left;\"><strong>La N-acetil ciste\u00edna refuerza el sistema inmunitario<\/strong><\/h2>\n<p>&nbsp;<\/p>\n<p>La N-Acetil Ciste\u00edna ayuda a fortalecer el sistema inmunol\u00f3gico, aumentar las defensas naturales, apoya el proceso de convalecencia, aumentando la capacidad del organismo para luchar contra las enfermedades, efecto antiviral y antioxidante, en la prevenci\u00f3n y tratamiento de los resfriados y la gripe.<\/p>\n<p>Tambi\u00e9n tiene la capacidad de fluidificar el esputo, favoreciendo la funci\u00f3n respiratoria y tambi\u00e9n beneficia la funci\u00f3n hep\u00e1tica.<\/p>\n<p><strong>FUNCI\u00d3N DEL H\u00cdGADO<\/strong><\/p>\n<p>La colina contribuye al metabolismo normal de los l\u00edpidos y al mantenimiento de la funci\u00f3n hep\u00e1tica normal<\/p>\n<p><strong>ANTIOXIDANTE E INMUNIDAD<\/strong><\/p>\n<p>La vitamina C contribuye al metabolismo normal de producci\u00f3n de energ\u00eda, a la protecci\u00f3n de las c\u00e9lulas contra la oxidaci\u00f3n indeseable, a la reducci\u00f3n del cansancio y la fatiga y al funcionamiento normal del sistema inmunitario.<\/p>\n<p><strong>PRESENTACI\u00d3N<\/strong><br \/>\n60 comprimidos<\/p>\n<p>&nbsp;<\/p>\n","protected":false},"excerpt":{"rendered":"<p>La N-Acetil Ciste\u00edna ayuda a fortalecer el sistema inmunol\u00f3gico, aumentar las defensas naturales, apoya el proceso de convalecencia [&#8230;]<\/p>\n<p><a class=\"btn btn-secondary understrap-read-more-link\" href=\"https:\/\/www.lifenatura.com\/es\/produto\/nac-n-acetilcisteina-600mg-60-comprimidos-naturmil\/\">Leer m\u00e1s&#8230;<span class=\"screen-reader-text\"> from NAC N-Acetilciste\u00edna 600mg &#8211; 60 comprimidos &#8211; Naturmil<\/span><\/a><\/p>\n","protected":false},"featured_media":46963,"template":"","meta":{"_acf_changed":false},"product_brand":[8435],"product_cat":[7254,8561,7263,7211,7179],"product_tag":[],"class_list":{"0":"post-45310","1":"product","2":"type-product","3":"status-publish","4":"has-post-thumbnail","6":"product_brand-naturmil","7":"product_cat-higado-vesicula","8":"product_cat-naturmil-lleve-4-pago-3","9":"product_cat-packs-de-salud","10":"product_cat-reforza-la-inmunidad-salud","11":"product_cat-salud","13":"first","14":"instock","15":"shipping-taxable","16":"purchasable","17":"product-type-simple","18":"add-to-wishlist-before_image"},"acf":[],"yoast_head":"<!-- This site is optimized with the Yoast SEO Premium plugin v27.1 (Yoast SEO v27.3) - https:\/\/yoast.com\/product\/yoast-seo-premium-wordpress\/ -->\n<title>NAC N-Acetilcisteina 600mg Naturmil - Lifenatura<\/title>\n<meta name=\"description\" content=\"La N-Acetil Ciste\u00edna ayuda a fortalecer el sistema inmunol\u00f3gico, aumentar las defensas naturales, apoya el proceso de convalecencia.\" \/>\n<meta name=\"robots\" content=\"index, follow, max-snippet:-1, max-image-preview:large, max-video-preview:-1\" \/>\n<link rel=\"canonical\" href=\"https:\/\/www.lifenatura.com\/es\/produto\/nac-n-acetilcisteina-600mg-60-comprimidos-naturmil\/\" \/>\n<meta property=\"og:locale\" content=\"es_ES\" \/>\n<meta property=\"og:type\" content=\"article\" \/>\n<meta property=\"og:title\" content=\"NAC N-Acetilciste\u00edna 600mg - 60 comprimidos - Naturmil - Lifenatura\" \/>\n<meta property=\"og:description\" content=\"Compre aqui o seu NAC N-Acetilciste\u00edna 600mg - 60 comprimidos - Naturmil e a Lifenatura Online envia em 48 H com Portes Gratis &gt;35\u20ac de Pedido.\" \/>\n<meta property=\"og:url\" content=\"https:\/\/www.lifenatura.com\/es\/produto\/nac-n-acetilcisteina-600mg-60-comprimidos-naturmil\/\" \/>\n<meta property=\"og:site_name\" content=\"Lifenatura\" \/>\n<meta property=\"article:publisher\" content=\"https:\/\/www.facebook.com\/lifenatura\" \/>\n<meta property=\"article:modified_time\" content=\"2026-04-09T01:24:52+00:00\" \/>\n<meta property=\"og:image\" content=\"https:\/\/www.lifenatura.com\/wp-content\/uploads\/2022\/04\/n-acetilcistei\u0301na-600mg-naturmil.jpg\" \/>\n\t<meta property=\"og:image:width\" content=\"1000\" \/>\n\t<meta property=\"og:image:height\" content=\"1000\" \/>\n\t<meta property=\"og:image:type\" content=\"image\/jpeg\" \/>\n<meta name=\"twitter:card\" content=\"summary_large_image\" \/>\n<meta name=\"twitter:label1\" content=\"Precio\" \/>\n\t<meta name=\"twitter:data1\" content=\"20,16&nbsp;&euro;\" \/>\n\t<meta name=\"twitter:label2\" content=\"Disponibilidad\" \/>\n\t<meta name=\"twitter:data2\" content=\"Disponible\" \/>\n<meta property=\"product:price:amount\" content=\"20.16\" \/>\n<meta property=\"product:price:currency\" content=\"EUR\" \/>\n<meta property=\"og:availability\" content=\"instock\" \/>\n<meta property=\"product:availability\" content=\"instock\" \/>\n<meta property=\"product:retailer_item_id\" content=\"5605481408830\" \/>\n<meta property=\"product:condition\" content=\"new\" \/>\n<!-- \/ Yoast SEO Premium plugin. -->","yoast_head_json":{"title":"NAC N-Acetilcisteina 600mg Naturmil - Lifenatura","description":"La N-Acetil Ciste\u00edna ayuda a fortalecer el sistema inmunol\u00f3gico, aumentar las defensas naturales, apoya el proceso de convalecencia.","robots":{"index":"index","follow":"follow","max-snippet":"max-snippet:-1","max-image-preview":"max-image-preview:large","max-video-preview":"max-video-preview:-1"},"canonical":"https:\/\/www.lifenatura.com\/es\/produto\/nac-n-acetilcisteina-600mg-60-comprimidos-naturmil\/","og_locale":"es_ES","og_type":"article","og_title":"NAC N-Acetilciste\u00edna 600mg - 60 comprimidos - Naturmil - Lifenatura","og_description":"Compre aqui o seu NAC N-Acetilciste\u00edna 600mg - 60 comprimidos - Naturmil e a Lifenatura Online envia em 48 H com Portes Gratis >35\u20ac de Pedido.","og_url":"https:\/\/www.lifenatura.com\/es\/produto\/nac-n-acetilcisteina-600mg-60-comprimidos-naturmil\/","og_site_name":"Lifenatura","article_publisher":"https:\/\/www.facebook.com\/lifenatura","article_modified_time":"2026-04-09T01:24:52+00:00","og_image":[{"width":1000,"height":1000,"url":"https:\/\/www.lifenatura.com\/wp-content\/uploads\/2022\/04\/n-acetilcistei\u0301na-600mg-naturmil.jpg","type":"image\/jpeg"}],"twitter_card":"summary_large_image","twitter_misc":{"Precio":"20,16&nbsp;&euro;","Disponibilidad":"Disponible"},"schema":{"@context":"https:\/\/schema.org","@graph":[{"@type":"WebPage","@id":"https:\/\/www.lifenatura.com\/es\/produto\/nac-n-acetilcisteina-600mg-60-comprimidos-naturmil\/","url":"https:\/\/www.lifenatura.com\/es\/produto\/nac-n-acetilcisteina-600mg-60-comprimidos-naturmil\/","name":"NAC N-Acetilcisteina 600mg Naturmil - Lifenatura","isPartOf":{"@id":"https:\/\/www.lifenatura.com\/es\/#website"},"primaryImageOfPage":{"@id":"https:\/\/www.lifenatura.com\/es\/produto\/nac-n-acetilcisteina-600mg-60-comprimidos-naturmil\/#primaryimage"},"image":{"@id":"https:\/\/www.lifenatura.com\/es\/produto\/nac-n-acetilcisteina-600mg-60-comprimidos-naturmil\/#primaryimage"},"thumbnailUrl":"https:\/\/www.lifenatura.com\/wp-content\/uploads\/2022\/04\/n-acetilcistei\u0301na-600mg-naturmil.jpg","datePublished":"2022-04-06T10:24:07+00:00","dateModified":"2026-04-09T01:24:52+00:00","description":"La N-Acetil Ciste\u00edna ayuda a fortalecer el sistema inmunol\u00f3gico, aumentar las defensas naturales, apoya el proceso de convalecencia.","breadcrumb":{"@id":"https:\/\/www.lifenatura.com\/es\/produto\/nac-n-acetilcisteina-600mg-60-comprimidos-naturmil\/#breadcrumb"},"inLanguage":"es","potentialAction":[{"@type":"ReadAction","target":["https:\/\/www.lifenatura.com\/es\/produto\/nac-n-acetilcisteina-600mg-60-comprimidos-naturmil\/"]}]},{"@type":"ImageObject","inLanguage":"es","@id":"https:\/\/www.lifenatura.com\/es\/produto\/nac-n-acetilcisteina-600mg-60-comprimidos-naturmil\/#primaryimage","url":"https:\/\/www.lifenatura.com\/wp-content\/uploads\/2022\/04\/n-acetilcistei\u0301na-600mg-naturmil.jpg","contentUrl":"https:\/\/www.lifenatura.com\/wp-content\/uploads\/2022\/04\/n-acetilcistei\u0301na-600mg-naturmil.jpg","width":1000,"height":1000,"caption":"n-acetilciste\u00edna de naturmil"},{"@type":"BreadcrumbList","@id":"https:\/\/www.lifenatura.com\/es\/produto\/nac-n-acetilcisteina-600mg-60-comprimidos-naturmil\/#breadcrumb","itemListElement":[{"@type":"ListItem","position":1,"name":"In\u00edcio","item":"https:\/\/www.lifenatura.com\/es\/"},{"@type":"ListItem","position":2,"name":"Todos los Productos","item":"https:\/\/www.lifenatura.com\/es\/tienda\/"},{"@type":"ListItem","position":3,"name":"NAC N-Acetilciste\u00edna 600mg &#8211; 60 comprimidos &#8211; Naturmil"}]},{"@type":"WebSite","@id":"https:\/\/www.lifenatura.com\/es\/#website","url":"https:\/\/www.lifenatura.com\/es\/","name":"Lifenatura","description":"A Lifenatura \u00e9 uma loja de produtos naturais, cosm\u00e9tica natural e alimenta\u00e7\u00e3o Biol\u00f3gica.","publisher":{"@id":"https:\/\/www.lifenatura.com\/es\/#organization"},"potentialAction":[{"@type":"SearchAction","target":{"@type":"EntryPoint","urlTemplate":"https:\/\/www.lifenatura.com\/es\/?s={search_term_string}"},"query-input":{"@type":"PropertyValueSpecification","valueRequired":true,"valueName":"search_term_string"}}],"inLanguage":"es"},{"@type":"Organization","@id":"https:\/\/www.lifenatura.com\/es\/#organization","name":"Lifenatura","url":"https:\/\/www.lifenatura.com\/es\/","logo":{"@type":"ImageObject","inLanguage":"es","@id":"https:\/\/www.lifenatura.com\/es\/#\/schema\/logo\/image\/","url":"https:\/\/www.lifenatura.com\/wp-content\/uploads\/2021\/11\/logo.png","contentUrl":"https:\/\/www.lifenatura.com\/wp-content\/uploads\/2021\/11\/logo.png","width":175,"height":55,"caption":"Lifenatura"},"image":{"@id":"https:\/\/www.lifenatura.com\/es\/#\/schema\/logo\/image\/"},"sameAs":["https:\/\/www.facebook.com\/lifenatura","https:\/\/www.instagram.com\/lifenaturapt\/"]}]},"product_price_amount":"20.16","product_price_currency":"EUR","og_availability":"instock","product_availability":"instock","product_retailer_item_id":"5605481408830","product_condition":"new"},"df_price":20.16,"df_sale_price":16.13,"df_regular_price":20.16,"df_image_link":"https:\/\/www.lifenatura.com\/wp-content\/uploads\/2022\/04\/n-acetilcistei\u0301na-600mg-naturmil-300x300.jpg","_links":{"self":[{"href":"https:\/\/www.lifenatura.com\/es\/wp-json\/wp\/v2\/product\/45310","targetHints":{"allow":["GET"]}}],"collection":[{"href":"https:\/\/www.lifenatura.com\/es\/wp-json\/wp\/v2\/product"}],"about":[{"href":"https:\/\/www.lifenatura.com\/es\/wp-json\/wp\/v2\/types\/product"}],"wp:featuredmedia":[{"embeddable":true,"href":"https:\/\/www.lifenatura.com\/es\/wp-json\/wp\/v2\/media\/46963"}],"wp:attachment":[{"href":"https:\/\/www.lifenatura.com\/es\/wp-json\/wp\/v2\/media?parent=45310"}],"wp:term":[{"taxonomy":"product_brand","embeddable":true,"href":"https:\/\/www.lifenatura.com\/es\/wp-json\/wp\/v2\/product_brand?post=45310"},{"taxonomy":"product_cat","embeddable":true,"href":"https:\/\/www.lifenatura.com\/es\/wp-json\/wp\/v2\/product_cat?post=45310"},{"taxonomy":"product_tag","embeddable":true,"href":"https:\/\/www.lifenatura.com\/es\/wp-json\/wp\/v2\/product_tag?post=45310"}],"curies":[{"name":"wp","href":"https:\/\/api.w.org\/{rel}","templated":true}]}}