{"id":45292,"date":"2022-02-22T16:49:38","date_gmt":"2022-02-22T16:49:38","guid":{"rendered":"https:\/\/lifenatura.dev.agenciagetdigital.com\/?post_type=product&#038;p=45292"},"modified":"2026-04-08T01:18:09","modified_gmt":"2026-04-08T01:18:09","slug":"pferde-balsamo-efecto-frio-pack-krauterhof","status":"publish","type":"product","link":"https:\/\/www.lifenatura.com\/es\/produto\/pferde-balsamo-efecto-frio-pack-krauterhof\/","title":{"rendered":"Pferde Balsamo de Caballo Efecto Frio Pack &#8211; Krauterhof"},"content":{"rendered":"<h2><strong>Pferde B\u00e1lsamo de Caballo efecto fr\u00edo para activar la circulaci\u00f3n sangu\u00ednea<\/strong><\/h2>\n<p><strong>Pack promocional de 5 unidades<\/strong><\/p>\n<p>El Original Pferde Balsam (tambi\u00e9n conocido como B\u00e1lsamo de Caballo) es un b\u00e1lsamo que activa la circulaci\u00f3n sangu\u00ednea y refresca la piel cansada y dolorida tras el esfuerzo f\u00edsico o muscular.<\/p>\n<p>Se recomienda para refrescar y proporcionar una sensaci\u00f3n de alivio y confort en las zonas musculares inmediatamente despu\u00e9s del trabajo, los entrenamientos deportivos, las actividades f\u00edsicas intensas, los largos periodos al volante, el baile u otras actividades laborales o recreativas. Indicado siempre que sea necesario aliviar el dolor y\/o la tensi\u00f3n muscular.<\/p>\n<p>B\u00e1lsamo muscular refrescante con valiosos extractos de plantas y aceites, como mentol, alcanfor, hojas de menta japonesa, hojas de romero, semillas de casta\u00f1o de India y flores de \u00e1rnica, asociados al \u00e1cido l\u00e1ctico.<\/p>\n<p><strong>PRESENTACI\u00d3N<\/strong><\/p>\n<p>500 ml x 5<\/p>\n<p>&nbsp;<\/p>\n","protected":false},"excerpt":{"rendered":"<p>El B\u00e1lsamo de Caballo efecto frio en pack promocion que activa la circulaci\u00f3n sangu\u00ednea y refresca la piel cansada y dolorida. [&#8230;]<\/p>\n<p><a class=\"btn btn-secondary understrap-read-more-link\" href=\"https:\/\/www.lifenatura.com\/es\/produto\/pferde-balsamo-efecto-frio-pack-krauterhof\/\">Leer m\u00e1s&#8230;<span class=\"screen-reader-text\"> from Pferde Balsamo de Caballo Efecto Frio Pack &#8211; Krauterhof<\/span><\/a><\/p>\n","protected":false},"featured_media":43931,"template":"","meta":{"_acf_changed":false},"product_brand":[8460],"product_cat":[7205,7206,7263,7179,7883,7273],"product_tag":[],"class_list":{"0":"post-45292","1":"product","2":"type-product","3":"status-publish","4":"has-post-thumbnail","6":"product_brand-krauterhof-es","7":"product_cat-articulaciones","8":"product_cat-musculos-salud","9":"product_cat-packs-de-salud","10":"product_cat-salud","11":"product_cat-suplementos-alimenticios","12":"product_cat-top-10-ventas","13":"pa_dicas-balsamo-caballo-principais-beneficios","14":"pa_dicas-pferde-balsam-gama-frio-caliente","16":"first","17":"instock","18":"sale","19":"shipping-taxable","20":"purchasable","21":"product-type-woosb","22":"add-to-wishlist-before_image"},"acf":[],"yoast_head":"<!-- This site is optimized with the Yoast SEO Premium plugin v27.1 (Yoast SEO v27.5) - https:\/\/yoast.com\/product\/yoast-seo-premium-wordpress\/ -->\n<title>Pferde Balsamo Caballo Efecto Frio Pack Krauterhof - Lifenatura<\/title>\n<meta name=\"description\" content=\"El B\u00e1lsamo de Caballo efecto frio en pack promocion que activa la circulaci\u00f3n sangu\u00ednea y refresca la piel cansada y dolorida.\" \/>\n<meta name=\"robots\" content=\"index, follow, max-snippet:-1, max-image-preview:large, max-video-preview:-1\" \/>\n<link rel=\"canonical\" href=\"https:\/\/www.lifenatura.com\/es\/produto\/pferde-balsamo-efecto-frio-pack-krauterhof\/\" \/>\n<meta property=\"og:locale\" content=\"es_ES\" \/>\n<meta property=\"og:type\" content=\"article\" \/>\n<meta property=\"og:title\" content=\"Pferde Balsamo de Caballo Efecto Frio Pack - Krauterhof - Na Lifenatura ao Melhor Pre\u00e7o | Envio 48h\" \/>\n<meta property=\"og:description\" content=\"Compre Pferde Balsamo de Caballo Efecto Frio Pack - Krauterhof com envio r\u00e1pido. Entrega em 48h e portes gr\u00e1tis em compras &gt;35\u20ac. Aproveite j\u00e1 na Lifenatura\" \/>\n<meta property=\"og:url\" content=\"https:\/\/www.lifenatura.com\/es\/produto\/pferde-balsamo-efecto-frio-pack-krauterhof\/\" \/>\n<meta property=\"og:site_name\" content=\"Lifenatura\" \/>\n<meta property=\"article:publisher\" content=\"https:\/\/www.facebook.com\/lifenatura\" \/>\n<meta property=\"article:modified_time\" content=\"2026-04-08T01:18:09+00:00\" \/>\n<meta property=\"og:image\" content=\"https:\/\/www.lifenatura.com\/wp-content\/uploads\/2022\/02\/BALSAMO-EFEITO-FRIO.jpg\" \/>\n\t<meta property=\"og:image:width\" content=\"1000\" \/>\n\t<meta property=\"og:image:height\" content=\"1000\" \/>\n\t<meta property=\"og:image:type\" content=\"image\/jpeg\" \/>\n<meta name=\"twitter:card\" content=\"summary_large_image\" \/>\n<meta name=\"twitter:label1\" content=\"Precio\" \/>\n\t<meta name=\"twitter:data1\" content=\"51,80&nbsp;&euro;\" \/>\n\t<meta name=\"twitter:label2\" content=\"Disponibilidad\" \/>\n\t<meta name=\"twitter:data2\" content=\"Disponible\" \/>\n<script type=\"application\/ld+json\" class=\"yoast-schema-graph\">{\"@context\":\"https:\\\/\\\/schema.org\",\"@graph\":[{\"@type\":\"WebPage\",\"@id\":\"https:\\\/\\\/www.lifenatura.com\\\/es\\\/produto\\\/pferde-balsamo-efecto-frio-pack-krauterhof\\\/\",\"url\":\"https:\\\/\\\/www.lifenatura.com\\\/es\\\/produto\\\/pferde-balsamo-efecto-frio-pack-krauterhof\\\/\",\"name\":\"Pferde Balsamo Caballo Efecto Frio Pack Krauterhof - Lifenatura\",\"isPartOf\":{\"@id\":\"https:\\\/\\\/www.lifenatura.com\\\/es\\\/#website\"},\"primaryImageOfPage\":{\"@id\":\"https:\\\/\\\/www.lifenatura.com\\\/es\\\/produto\\\/pferde-balsamo-efecto-frio-pack-krauterhof\\\/#primaryimage\"},\"image\":{\"@id\":\"https:\\\/\\\/www.lifenatura.com\\\/es\\\/produto\\\/pferde-balsamo-efecto-frio-pack-krauterhof\\\/#primaryimage\"},\"thumbnailUrl\":\"https:\\\/\\\/www.lifenatura.com\\\/wp-content\\\/uploads\\\/2022\\\/02\\\/BALSAMO-EFEITO-FRIO.jpg\",\"datePublished\":\"2022-02-22T16:49:38+00:00\",\"dateModified\":\"2026-04-08T01:18:09+00:00\",\"description\":\"El B\u00e1lsamo de Caballo efecto frio en pack promocion que activa la circulaci\u00f3n sangu\u00ednea y refresca la piel cansada y dolorida.\",\"breadcrumb\":{\"@id\":\"https:\\\/\\\/www.lifenatura.com\\\/es\\\/produto\\\/pferde-balsamo-efecto-frio-pack-krauterhof\\\/#breadcrumb\"},\"inLanguage\":\"es\",\"potentialAction\":[{\"@type\":\"ReadAction\",\"target\":[\"https:\\\/\\\/www.lifenatura.com\\\/es\\\/produto\\\/pferde-balsamo-efecto-frio-pack-krauterhof\\\/\"]}]},{\"@type\":\"ImageObject\",\"inLanguage\":\"es\",\"@id\":\"https:\\\/\\\/www.lifenatura.com\\\/es\\\/produto\\\/pferde-balsamo-efecto-frio-pack-krauterhof\\\/#primaryimage\",\"url\":\"https:\\\/\\\/www.lifenatura.com\\\/wp-content\\\/uploads\\\/2022\\\/02\\\/BALSAMO-EFEITO-FRIO.jpg\",\"contentUrl\":\"https:\\\/\\\/www.lifenatura.com\\\/wp-content\\\/uploads\\\/2022\\\/02\\\/BALSAMO-EFEITO-FRIO.jpg\",\"width\":1000,\"height\":1000},{\"@type\":\"BreadcrumbList\",\"@id\":\"https:\\\/\\\/www.lifenatura.com\\\/es\\\/produto\\\/pferde-balsamo-efecto-frio-pack-krauterhof\\\/#breadcrumb\",\"itemListElement\":[{\"@type\":\"ListItem\",\"position\":1,\"name\":\"In\u00edcio\",\"item\":\"https:\\\/\\\/www.lifenatura.com\\\/es\\\/\"},{\"@type\":\"ListItem\",\"position\":2,\"name\":\"Todos los Productos\",\"item\":\"https:\\\/\\\/www.lifenatura.com\\\/es\\\/tienda\\\/\"},{\"@type\":\"ListItem\",\"position\":3,\"name\":\"Pferde Balsamo de Caballo Efecto Frio Pack &#8211; Krauterhof\"}]},{\"@type\":\"WebSite\",\"@id\":\"https:\\\/\\\/www.lifenatura.com\\\/es\\\/#website\",\"url\":\"https:\\\/\\\/www.lifenatura.com\\\/es\\\/\",\"name\":\"Lifenatura\",\"description\":\"A Lifenatura \u00e9 uma loja de produtos naturais, cosm\u00e9tica natural e alimenta\u00e7\u00e3o Biol\u00f3gica.\",\"publisher\":{\"@id\":\"https:\\\/\\\/www.lifenatura.com\\\/es\\\/#organization\"},\"potentialAction\":[{\"@type\":\"SearchAction\",\"target\":{\"@type\":\"EntryPoint\",\"urlTemplate\":\"https:\\\/\\\/www.lifenatura.com\\\/es\\\/?s={search_term_string}\"},\"query-input\":{\"@type\":\"PropertyValueSpecification\",\"valueRequired\":true,\"valueName\":\"search_term_string\"}}],\"inLanguage\":\"es\"},{\"@type\":\"Organization\",\"@id\":\"https:\\\/\\\/www.lifenatura.com\\\/es\\\/#organization\",\"name\":\"Lifenatura\",\"url\":\"https:\\\/\\\/www.lifenatura.com\\\/es\\\/\",\"logo\":{\"@type\":\"ImageObject\",\"inLanguage\":\"es\",\"@id\":\"https:\\\/\\\/www.lifenatura.com\\\/es\\\/#\\\/schema\\\/logo\\\/image\\\/\",\"url\":\"https:\\\/\\\/www.lifenatura.com\\\/wp-content\\\/uploads\\\/2021\\\/07\\\/logo.png\",\"contentUrl\":\"https:\\\/\\\/www.lifenatura.com\\\/wp-content\\\/uploads\\\/2021\\\/07\\\/logo.png\",\"width\":175,\"height\":55,\"caption\":\"Lifenatura\"},\"image\":{\"@id\":\"https:\\\/\\\/www.lifenatura.com\\\/es\\\/#\\\/schema\\\/logo\\\/image\\\/\"},\"sameAs\":[\"https:\\\/\\\/www.facebook.com\\\/lifenatura\",\"https:\\\/\\\/www.instagram.com\\\/lifenaturapt\\\/\"],\"hasMerchantReturnPolicy\":{\"@type\":\"MerchantReturnPolicy\",\"merchantReturnLink\":\"https:\\\/\\\/www.lifenatura.com\\\/termos-condicoes-lifenatura\\\/\"}}]}<\/script>\n<meta property=\"product:price:amount\" content=\"51.80\" \/>\n<meta property=\"product:price:currency\" content=\"EUR\" \/>\n<meta property=\"og:availability\" content=\"instock\" \/>\n<meta property=\"product:availability\" content=\"instock\" \/>\n<meta property=\"product:retailer_item_id\" content=\"40757000547033\" \/>\n<meta property=\"product:condition\" content=\"new\" \/>\n<!-- \/ Yoast SEO Premium plugin. -->","yoast_head_json":{"title":"Pferde Balsamo Caballo Efecto Frio Pack Krauterhof - Lifenatura","description":"El B\u00e1lsamo de Caballo efecto frio en pack promocion que activa la circulaci\u00f3n sangu\u00ednea y refresca la piel cansada y dolorida.","robots":{"index":"index","follow":"follow","max-snippet":"max-snippet:-1","max-image-preview":"max-image-preview:large","max-video-preview":"max-video-preview:-1"},"canonical":"https:\/\/www.lifenatura.com\/es\/produto\/pferde-balsamo-efecto-frio-pack-krauterhof\/","og_locale":"es_ES","og_type":"article","og_title":"Pferde Balsamo de Caballo Efecto Frio Pack - Krauterhof - Na Lifenatura ao Melhor Pre\u00e7o | Envio 48h","og_description":"Compre Pferde Balsamo de Caballo Efecto Frio Pack - Krauterhof com envio r\u00e1pido. Entrega em 48h e portes gr\u00e1tis em compras >35\u20ac. Aproveite j\u00e1 na Lifenatura","og_url":"https:\/\/www.lifenatura.com\/es\/produto\/pferde-balsamo-efecto-frio-pack-krauterhof\/","og_site_name":"Lifenatura","article_publisher":"https:\/\/www.facebook.com\/lifenatura","article_modified_time":"2026-04-08T01:18:09+00:00","og_image":[{"width":1000,"height":1000,"url":"https:\/\/www.lifenatura.com\/wp-content\/uploads\/2022\/02\/BALSAMO-EFEITO-FRIO.jpg","type":"image\/jpeg"}],"twitter_card":"summary_large_image","twitter_misc":{"Precio":"51,80&nbsp;&euro;","Disponibilidad":"Disponible"},"schema":{"@context":"https:\/\/schema.org","@graph":[{"@type":"WebPage","@id":"https:\/\/www.lifenatura.com\/es\/produto\/pferde-balsamo-efecto-frio-pack-krauterhof\/","url":"https:\/\/www.lifenatura.com\/es\/produto\/pferde-balsamo-efecto-frio-pack-krauterhof\/","name":"Pferde Balsamo Caballo Efecto Frio Pack Krauterhof - Lifenatura","isPartOf":{"@id":"https:\/\/www.lifenatura.com\/es\/#website"},"primaryImageOfPage":{"@id":"https:\/\/www.lifenatura.com\/es\/produto\/pferde-balsamo-efecto-frio-pack-krauterhof\/#primaryimage"},"image":{"@id":"https:\/\/www.lifenatura.com\/es\/produto\/pferde-balsamo-efecto-frio-pack-krauterhof\/#primaryimage"},"thumbnailUrl":"https:\/\/www.lifenatura.com\/wp-content\/uploads\/2022\/02\/BALSAMO-EFEITO-FRIO.jpg","datePublished":"2022-02-22T16:49:38+00:00","dateModified":"2026-04-08T01:18:09+00:00","description":"El B\u00e1lsamo de Caballo efecto frio en pack promocion que activa la circulaci\u00f3n sangu\u00ednea y refresca la piel cansada y dolorida.","breadcrumb":{"@id":"https:\/\/www.lifenatura.com\/es\/produto\/pferde-balsamo-efecto-frio-pack-krauterhof\/#breadcrumb"},"inLanguage":"es","potentialAction":[{"@type":"ReadAction","target":["https:\/\/www.lifenatura.com\/es\/produto\/pferde-balsamo-efecto-frio-pack-krauterhof\/"]}]},{"@type":"ImageObject","inLanguage":"es","@id":"https:\/\/www.lifenatura.com\/es\/produto\/pferde-balsamo-efecto-frio-pack-krauterhof\/#primaryimage","url":"https:\/\/www.lifenatura.com\/wp-content\/uploads\/2022\/02\/BALSAMO-EFEITO-FRIO.jpg","contentUrl":"https:\/\/www.lifenatura.com\/wp-content\/uploads\/2022\/02\/BALSAMO-EFEITO-FRIO.jpg","width":1000,"height":1000},{"@type":"BreadcrumbList","@id":"https:\/\/www.lifenatura.com\/es\/produto\/pferde-balsamo-efecto-frio-pack-krauterhof\/#breadcrumb","itemListElement":[{"@type":"ListItem","position":1,"name":"In\u00edcio","item":"https:\/\/www.lifenatura.com\/es\/"},{"@type":"ListItem","position":2,"name":"Todos los Productos","item":"https:\/\/www.lifenatura.com\/es\/tienda\/"},{"@type":"ListItem","position":3,"name":"Pferde Balsamo de Caballo Efecto Frio Pack &#8211; Krauterhof"}]},{"@type":"WebSite","@id":"https:\/\/www.lifenatura.com\/es\/#website","url":"https:\/\/www.lifenatura.com\/es\/","name":"Lifenatura","description":"A Lifenatura \u00e9 uma loja de produtos naturais, cosm\u00e9tica natural e alimenta\u00e7\u00e3o Biol\u00f3gica.","publisher":{"@id":"https:\/\/www.lifenatura.com\/es\/#organization"},"potentialAction":[{"@type":"SearchAction","target":{"@type":"EntryPoint","urlTemplate":"https:\/\/www.lifenatura.com\/es\/?s={search_term_string}"},"query-input":{"@type":"PropertyValueSpecification","valueRequired":true,"valueName":"search_term_string"}}],"inLanguage":"es"},{"@type":"Organization","@id":"https:\/\/www.lifenatura.com\/es\/#organization","name":"Lifenatura","url":"https:\/\/www.lifenatura.com\/es\/","logo":{"@type":"ImageObject","inLanguage":"es","@id":"https:\/\/www.lifenatura.com\/es\/#\/schema\/logo\/image\/","url":"https:\/\/www.lifenatura.com\/wp-content\/uploads\/2021\/07\/logo.png","contentUrl":"https:\/\/www.lifenatura.com\/wp-content\/uploads\/2021\/07\/logo.png","width":175,"height":55,"caption":"Lifenatura"},"image":{"@id":"https:\/\/www.lifenatura.com\/es\/#\/schema\/logo\/image\/"},"sameAs":["https:\/\/www.facebook.com\/lifenatura","https:\/\/www.instagram.com\/lifenaturapt\/"],"hasMerchantReturnPolicy":{"@type":"MerchantReturnPolicy","merchantReturnLink":"https:\/\/www.lifenatura.com\/termos-condicoes-lifenatura\/"}}]},"product_price_amount":"51.80","product_price_currency":"EUR","og_availability":"instock","product_availability":"instock","product_retailer_item_id":"40757000547033","product_condition":"new"},"df_price":51.8,"df_sale_price":51.78,"df_regular_price":64.5,"df_image_link":"https:\/\/www.lifenatura.com\/wp-content\/uploads\/2022\/02\/BALSAMO-EFEITO-FRIO-300x300.jpg","_links":{"self":[{"href":"https:\/\/www.lifenatura.com\/es\/wp-json\/wp\/v2\/product\/45292","targetHints":{"allow":["GET"]}}],"collection":[{"href":"https:\/\/www.lifenatura.com\/es\/wp-json\/wp\/v2\/product"}],"about":[{"href":"https:\/\/www.lifenatura.com\/es\/wp-json\/wp\/v2\/types\/product"}],"wp:featuredmedia":[{"embeddable":true,"href":"https:\/\/www.lifenatura.com\/es\/wp-json\/wp\/v2\/media\/43931"}],"wp:attachment":[{"href":"https:\/\/www.lifenatura.com\/es\/wp-json\/wp\/v2\/media?parent=45292"}],"wp:term":[{"taxonomy":"product_brand","embeddable":true,"href":"https:\/\/www.lifenatura.com\/es\/wp-json\/wp\/v2\/product_brand?post=45292"},{"taxonomy":"product_cat","embeddable":true,"href":"https:\/\/www.lifenatura.com\/es\/wp-json\/wp\/v2\/product_cat?post=45292"},{"taxonomy":"product_tag","embeddable":true,"href":"https:\/\/www.lifenatura.com\/es\/wp-json\/wp\/v2\/product_tag?post=45292"}],"curies":[{"name":"wp","href":"https:\/\/api.w.org\/{rel}","templated":true}]}}