{"id":45290,"date":"2022-02-22T16:43:32","date_gmt":"2022-02-22T16:43:32","guid":{"rendered":"https:\/\/lifenatura.dev.agenciagetdigital.com\/?post_type=product&#038;p=45290"},"modified":"2026-04-21T00:02:39","modified_gmt":"2026-04-21T00:02:39","slug":"ergyphilus-plus-pack-nutergia","status":"publish","type":"product","link":"https:\/\/www.lifenatura.com\/es\/produto\/ergyphilus-plus-pack-nutergia\/","title":{"rendered":"Ergyphilus Plus Defens 3&#215;60 c\u00e1psulas &#8211; Nutergia"},"content":{"rendered":"<h2><strong>Ergyphilus Plus Defens Probi\u00f3ticos para la flora intestinal<\/strong><\/h2>\n<h5><strong>Pack Promocional 3 unidades<\/strong><\/h5>\n<p>&nbsp;<\/p>\n<p>Ergyphilus Plus Defens de Nutergia es un innovador complemento probi\u00f3tico formulado para reforzar el sistema inmunitario y favorecer la salud digestiva. Complemento alimenticio a base de 7 cepas de lactobacilos y bifidobacterias vivas, dosificadas a 8 billones por c\u00e1psula.<\/p>\n<p>Con una combinaci\u00f3n \u00fanica de probi\u00f3ticos, prebi\u00f3ticos y nutrientes esenciales, este suplemento ofrece un apoyo integral para el equilibrio de la microbiota intestinal y la funci\u00f3n inmunitaria.<\/p>\n<p>Dise\u00f1ado para promover una respuesta inmunitaria sana y mejorar la salud gastrointestinal, Ergyphilus Plus Defens es la opci\u00f3n ideal para quienes buscan reforzar sus defensas naturales y promover el bienestar digestivo.<\/p>\n<p><strong>Los 3 beneficios principales:<\/strong><\/p>\n<ul>\n<li><strong>Refuerzo Inmunitario:<\/strong> Los probi\u00f3ticos presentes en este suplemento ayudan a reforzar el sistema inmunitario, promoviendo una respuesta inmunitaria saludable y protegiendo al organismo frente a infecciones y enfermedades.<\/li>\n<li><strong>Salud digestiva<\/strong>: Los probi\u00f3ticos y prebi\u00f3ticos ayudan a equilibrar la flora intestinal, promoviendo una digesti\u00f3n saludable y reduciendo los problemas gastrointestinales como la hinchaz\u00f3n, los gases y las molestias abdominales.<\/li>\n<li><strong>Equilibrio de la microbiota<\/strong>: Este suplemento ayuda a restaurar y mantener el equilibrio de la microbiota intestinal, que desempe\u00f1a un papel clave en la salud digestiva, inmunol\u00f3gica y general del organismo.<\/li>\n<\/ul>\n<p><strong>PRESENTACI\u00d3N<\/strong><\/p>\n<p>60 c\u00e1psulas x 3<\/p>\n<p>&nbsp;<\/p>\n","protected":false},"excerpt":{"rendered":"<p>Ergyphilus plus defens da Nutergia Pack familiar un complemento que mejora la microbiota y refuerza el sistema inmunitario con cepas vivas. [&#8230;]<\/p>\n<p><a class=\"btn btn-secondary understrap-read-more-link\" href=\"https:\/\/www.lifenatura.com\/es\/produto\/ergyphilus-plus-pack-nutergia\/\">Leer m\u00e1s&#8230;<span class=\"screen-reader-text\"> from Ergyphilus Plus Defens 3&#215;60 c\u00e1psulas &#8211; Nutergia<\/span><\/a><\/p>\n","protected":false},"featured_media":86394,"template":"","meta":{"_acf_changed":false},"product_brand":[8427],"product_cat":[7256,7659,7263,7770,7273],"product_tag":[8726],"class_list":{"0":"post-45290","1":"product","2":"type-product","3":"status-publish","4":"has-post-thumbnail","6":"product_brand-nutergia","7":"product_cat-flora-intestinal-salud","8":"product_cat-ingrediente-natural-bio","9":"product_cat-packs-de-salud","10":"product_cat-probioticos-es","11":"product_cat-top-10-ventas","12":"product_tag-nutergia","13":"pa_dicas-nutergia-gama-ergyphilus-es","15":"first","16":"instock","17":"sale","18":"shipping-taxable","19":"purchasable","20":"product-type-woosb","21":"add-to-wishlist-before_image"},"acf":[],"yoast_head":"<!-- This site is optimized with the Yoast SEO Premium plugin v27.1 (Yoast SEO v27.5) - https:\/\/yoast.com\/product\/yoast-seo-premium-wordpress\/ -->\n<title>Ergyphilus Plus Defens Pack Nutergia - Lifenatura<\/title>\n<meta name=\"description\" content=\"Ergyphilus plus defens da Nutergia Pack familiar un complemento que mejora la microbiota y refuerza el sistema inmunitario con cepas vivas.\" \/>\n<meta name=\"robots\" content=\"index, follow, max-snippet:-1, max-image-preview:large, max-video-preview:-1\" \/>\n<link rel=\"canonical\" href=\"https:\/\/www.lifenatura.com\/es\/produto\/ergyphilus-plus-pack-nutergia\/\" \/>\n<meta property=\"og:locale\" content=\"es_ES\" \/>\n<meta property=\"og:type\" content=\"article\" \/>\n<meta property=\"og:title\" content=\"Ergyphilus Plus Defens 3x60 c\u00e1psulas - Nutergia - Na Lifenatura ao Melhor Pre\u00e7o | Envio 48h\" \/>\n<meta property=\"og:description\" content=\"Compre Ergyphilus Plus Defens 3x60 c\u00e1psulas - Nutergia com envio r\u00e1pido. Entrega em 48h e portes gr\u00e1tis em compras &gt;35\u20ac. Aproveite j\u00e1 na Lifenatura\" \/>\n<meta property=\"og:url\" content=\"https:\/\/www.lifenatura.com\/es\/produto\/ergyphilus-plus-pack-nutergia\/\" \/>\n<meta property=\"og:site_name\" content=\"Lifenatura\" \/>\n<meta property=\"article:publisher\" content=\"https:\/\/www.facebook.com\/lifenatura\" \/>\n<meta property=\"article:modified_time\" content=\"2026-04-21T00:02:39+00:00\" \/>\n<meta property=\"og:image\" content=\"https:\/\/www.lifenatura.com\/wp-content\/uploads\/2021\/09\/ergyphilus-plus-defens-pack-nutergia.jpg\" \/>\n\t<meta property=\"og:image:width\" content=\"1000\" \/>\n\t<meta property=\"og:image:height\" content=\"1000\" \/>\n\t<meta property=\"og:image:type\" content=\"image\/jpeg\" \/>\n<meta name=\"twitter:card\" content=\"summary_large_image\" \/>\n<meta name=\"twitter:label1\" content=\"Precio\" \/>\n\t<meta name=\"twitter:data1\" content=\"60,30&nbsp;&euro;\" \/>\n\t<meta name=\"twitter:label2\" content=\"Disponibilidad\" \/>\n\t<meta name=\"twitter:data2\" content=\"Disponible\" \/>\n<script type=\"application\/ld+json\" class=\"yoast-schema-graph\">{\"@context\":\"https:\\\/\\\/schema.org\",\"@graph\":[{\"@type\":\"WebPage\",\"@id\":\"https:\\\/\\\/www.lifenatura.com\\\/es\\\/produto\\\/ergyphilus-plus-pack-nutergia\\\/\",\"url\":\"https:\\\/\\\/www.lifenatura.com\\\/es\\\/produto\\\/ergyphilus-plus-pack-nutergia\\\/\",\"name\":\"Ergyphilus Plus Defens Pack Nutergia - Lifenatura\",\"isPartOf\":{\"@id\":\"https:\\\/\\\/www.lifenatura.com\\\/es\\\/#website\"},\"primaryImageOfPage\":{\"@id\":\"https:\\\/\\\/www.lifenatura.com\\\/es\\\/produto\\\/ergyphilus-plus-pack-nutergia\\\/#primaryimage\"},\"image\":{\"@id\":\"https:\\\/\\\/www.lifenatura.com\\\/es\\\/produto\\\/ergyphilus-plus-pack-nutergia\\\/#primaryimage\"},\"thumbnailUrl\":\"https:\\\/\\\/www.lifenatura.com\\\/wp-content\\\/uploads\\\/2021\\\/09\\\/ergyphilus-plus-defens-pack-nutergia.jpg\",\"datePublished\":\"2022-02-22T16:43:32+00:00\",\"dateModified\":\"2026-04-21T00:02:39+00:00\",\"description\":\"Ergyphilus plus defens da Nutergia Pack familiar un complemento que mejora la microbiota y refuerza el sistema inmunitario con cepas vivas.\",\"breadcrumb\":{\"@id\":\"https:\\\/\\\/www.lifenatura.com\\\/es\\\/produto\\\/ergyphilus-plus-pack-nutergia\\\/#breadcrumb\"},\"inLanguage\":\"es\",\"potentialAction\":[{\"@type\":\"ReadAction\",\"target\":[\"https:\\\/\\\/www.lifenatura.com\\\/es\\\/produto\\\/ergyphilus-plus-pack-nutergia\\\/\"]}]},{\"@type\":\"ImageObject\",\"inLanguage\":\"es\",\"@id\":\"https:\\\/\\\/www.lifenatura.com\\\/es\\\/produto\\\/ergyphilus-plus-pack-nutergia\\\/#primaryimage\",\"url\":\"https:\\\/\\\/www.lifenatura.com\\\/wp-content\\\/uploads\\\/2021\\\/09\\\/ergyphilus-plus-defens-pack-nutergia.jpg\",\"contentUrl\":\"https:\\\/\\\/www.lifenatura.com\\\/wp-content\\\/uploads\\\/2021\\\/09\\\/ergyphilus-plus-defens-pack-nutergia.jpg\",\"width\":1000,\"height\":1000,\"caption\":\"ergyphilus plus defens agora em pack familiar\"},{\"@type\":\"BreadcrumbList\",\"@id\":\"https:\\\/\\\/www.lifenatura.com\\\/es\\\/produto\\\/ergyphilus-plus-pack-nutergia\\\/#breadcrumb\",\"itemListElement\":[{\"@type\":\"ListItem\",\"position\":1,\"name\":\"In\u00edcio\",\"item\":\"https:\\\/\\\/www.lifenatura.com\\\/es\\\/\"},{\"@type\":\"ListItem\",\"position\":2,\"name\":\"Todos los Productos\",\"item\":\"https:\\\/\\\/www.lifenatura.com\\\/es\\\/tienda\\\/\"},{\"@type\":\"ListItem\",\"position\":3,\"name\":\"Ergyphilus Plus Defens 3&#215;60 c\u00e1psulas &#8211; Nutergia\"}]},{\"@type\":\"WebSite\",\"@id\":\"https:\\\/\\\/www.lifenatura.com\\\/es\\\/#website\",\"url\":\"https:\\\/\\\/www.lifenatura.com\\\/es\\\/\",\"name\":\"Lifenatura\",\"description\":\"A Lifenatura \u00e9 uma loja de produtos naturais, cosm\u00e9tica natural e alimenta\u00e7\u00e3o Biol\u00f3gica.\",\"publisher\":{\"@id\":\"https:\\\/\\\/www.lifenatura.com\\\/es\\\/#organization\"},\"potentialAction\":[{\"@type\":\"SearchAction\",\"target\":{\"@type\":\"EntryPoint\",\"urlTemplate\":\"https:\\\/\\\/www.lifenatura.com\\\/es\\\/?s={search_term_string}\"},\"query-input\":{\"@type\":\"PropertyValueSpecification\",\"valueRequired\":true,\"valueName\":\"search_term_string\"}}],\"inLanguage\":\"es\"},{\"@type\":\"Organization\",\"@id\":\"https:\\\/\\\/www.lifenatura.com\\\/es\\\/#organization\",\"name\":\"Lifenatura\",\"url\":\"https:\\\/\\\/www.lifenatura.com\\\/es\\\/\",\"logo\":{\"@type\":\"ImageObject\",\"inLanguage\":\"es\",\"@id\":\"https:\\\/\\\/www.lifenatura.com\\\/es\\\/#\\\/schema\\\/logo\\\/image\\\/\",\"url\":\"https:\\\/\\\/www.lifenatura.com\\\/wp-content\\\/uploads\\\/2021\\\/07\\\/logo.png\",\"contentUrl\":\"https:\\\/\\\/www.lifenatura.com\\\/wp-content\\\/uploads\\\/2021\\\/07\\\/logo.png\",\"width\":175,\"height\":55,\"caption\":\"Lifenatura\"},\"image\":{\"@id\":\"https:\\\/\\\/www.lifenatura.com\\\/es\\\/#\\\/schema\\\/logo\\\/image\\\/\"},\"sameAs\":[\"https:\\\/\\\/www.facebook.com\\\/lifenatura\",\"https:\\\/\\\/www.instagram.com\\\/lifenaturapt\\\/\"],\"hasMerchantReturnPolicy\":{\"@type\":\"MerchantReturnPolicy\",\"merchantReturnLink\":\"https:\\\/\\\/www.lifenatura.com\\\/termos-condicoes-lifenatura\\\/\"}}]}<\/script>\n<meta property=\"product:price:amount\" content=\"60.30\" \/>\n<meta property=\"product:price:currency\" content=\"EUR\" \/>\n<meta property=\"og:availability\" content=\"instock\" \/>\n<meta property=\"product:availability\" content=\"instock\" \/>\n<meta property=\"product:retailer_item_id\" content=\"36645240008844\" \/>\n<meta property=\"product:condition\" content=\"new\" \/>\n<!-- \/ Yoast SEO Premium plugin. -->","yoast_head_json":{"title":"Ergyphilus Plus Defens Pack Nutergia - Lifenatura","description":"Ergyphilus plus defens da Nutergia Pack familiar un complemento que mejora la microbiota y refuerza el sistema inmunitario con cepas vivas.","robots":{"index":"index","follow":"follow","max-snippet":"max-snippet:-1","max-image-preview":"max-image-preview:large","max-video-preview":"max-video-preview:-1"},"canonical":"https:\/\/www.lifenatura.com\/es\/produto\/ergyphilus-plus-pack-nutergia\/","og_locale":"es_ES","og_type":"article","og_title":"Ergyphilus Plus Defens 3x60 c\u00e1psulas - Nutergia - Na Lifenatura ao Melhor Pre\u00e7o | Envio 48h","og_description":"Compre Ergyphilus Plus Defens 3x60 c\u00e1psulas - Nutergia com envio r\u00e1pido. Entrega em 48h e portes gr\u00e1tis em compras >35\u20ac. Aproveite j\u00e1 na Lifenatura","og_url":"https:\/\/www.lifenatura.com\/es\/produto\/ergyphilus-plus-pack-nutergia\/","og_site_name":"Lifenatura","article_publisher":"https:\/\/www.facebook.com\/lifenatura","article_modified_time":"2026-04-21T00:02:39+00:00","og_image":[{"width":1000,"height":1000,"url":"https:\/\/www.lifenatura.com\/wp-content\/uploads\/2021\/09\/ergyphilus-plus-defens-pack-nutergia.jpg","type":"image\/jpeg"}],"twitter_card":"summary_large_image","twitter_misc":{"Precio":"60,30&nbsp;&euro;","Disponibilidad":"Disponible"},"schema":{"@context":"https:\/\/schema.org","@graph":[{"@type":"WebPage","@id":"https:\/\/www.lifenatura.com\/es\/produto\/ergyphilus-plus-pack-nutergia\/","url":"https:\/\/www.lifenatura.com\/es\/produto\/ergyphilus-plus-pack-nutergia\/","name":"Ergyphilus Plus Defens Pack Nutergia - Lifenatura","isPartOf":{"@id":"https:\/\/www.lifenatura.com\/es\/#website"},"primaryImageOfPage":{"@id":"https:\/\/www.lifenatura.com\/es\/produto\/ergyphilus-plus-pack-nutergia\/#primaryimage"},"image":{"@id":"https:\/\/www.lifenatura.com\/es\/produto\/ergyphilus-plus-pack-nutergia\/#primaryimage"},"thumbnailUrl":"https:\/\/www.lifenatura.com\/wp-content\/uploads\/2021\/09\/ergyphilus-plus-defens-pack-nutergia.jpg","datePublished":"2022-02-22T16:43:32+00:00","dateModified":"2026-04-21T00:02:39+00:00","description":"Ergyphilus plus defens da Nutergia Pack familiar un complemento que mejora la microbiota y refuerza el sistema inmunitario con cepas vivas.","breadcrumb":{"@id":"https:\/\/www.lifenatura.com\/es\/produto\/ergyphilus-plus-pack-nutergia\/#breadcrumb"},"inLanguage":"es","potentialAction":[{"@type":"ReadAction","target":["https:\/\/www.lifenatura.com\/es\/produto\/ergyphilus-plus-pack-nutergia\/"]}]},{"@type":"ImageObject","inLanguage":"es","@id":"https:\/\/www.lifenatura.com\/es\/produto\/ergyphilus-plus-pack-nutergia\/#primaryimage","url":"https:\/\/www.lifenatura.com\/wp-content\/uploads\/2021\/09\/ergyphilus-plus-defens-pack-nutergia.jpg","contentUrl":"https:\/\/www.lifenatura.com\/wp-content\/uploads\/2021\/09\/ergyphilus-plus-defens-pack-nutergia.jpg","width":1000,"height":1000,"caption":"ergyphilus plus defens agora em pack familiar"},{"@type":"BreadcrumbList","@id":"https:\/\/www.lifenatura.com\/es\/produto\/ergyphilus-plus-pack-nutergia\/#breadcrumb","itemListElement":[{"@type":"ListItem","position":1,"name":"In\u00edcio","item":"https:\/\/www.lifenatura.com\/es\/"},{"@type":"ListItem","position":2,"name":"Todos los Productos","item":"https:\/\/www.lifenatura.com\/es\/tienda\/"},{"@type":"ListItem","position":3,"name":"Ergyphilus Plus Defens 3&#215;60 c\u00e1psulas &#8211; Nutergia"}]},{"@type":"WebSite","@id":"https:\/\/www.lifenatura.com\/es\/#website","url":"https:\/\/www.lifenatura.com\/es\/","name":"Lifenatura","description":"A Lifenatura \u00e9 uma loja de produtos naturais, cosm\u00e9tica natural e alimenta\u00e7\u00e3o Biol\u00f3gica.","publisher":{"@id":"https:\/\/www.lifenatura.com\/es\/#organization"},"potentialAction":[{"@type":"SearchAction","target":{"@type":"EntryPoint","urlTemplate":"https:\/\/www.lifenatura.com\/es\/?s={search_term_string}"},"query-input":{"@type":"PropertyValueSpecification","valueRequired":true,"valueName":"search_term_string"}}],"inLanguage":"es"},{"@type":"Organization","@id":"https:\/\/www.lifenatura.com\/es\/#organization","name":"Lifenatura","url":"https:\/\/www.lifenatura.com\/es\/","logo":{"@type":"ImageObject","inLanguage":"es","@id":"https:\/\/www.lifenatura.com\/es\/#\/schema\/logo\/image\/","url":"https:\/\/www.lifenatura.com\/wp-content\/uploads\/2021\/07\/logo.png","contentUrl":"https:\/\/www.lifenatura.com\/wp-content\/uploads\/2021\/07\/logo.png","width":175,"height":55,"caption":"Lifenatura"},"image":{"@id":"https:\/\/www.lifenatura.com\/es\/#\/schema\/logo\/image\/"},"sameAs":["https:\/\/www.facebook.com\/lifenatura","https:\/\/www.instagram.com\/lifenaturapt\/"],"hasMerchantReturnPolicy":{"@type":"MerchantReturnPolicy","merchantReturnLink":"https:\/\/www.lifenatura.com\/termos-condicoes-lifenatura\/"}}]},"product_price_amount":"60.30","product_price_currency":"EUR","og_availability":"instock","product_availability":"instock","product_retailer_item_id":"36645240008844","product_condition":"new"},"df_price":60.3,"df_sale_price":56.75,"df_regular_price":73.14,"df_image_link":"https:\/\/www.lifenatura.com\/wp-content\/uploads\/2021\/09\/ergyphilus-plus-defens-pack-nutergia-300x300.jpg","_links":{"self":[{"href":"https:\/\/www.lifenatura.com\/es\/wp-json\/wp\/v2\/product\/45290","targetHints":{"allow":["GET"]}}],"collection":[{"href":"https:\/\/www.lifenatura.com\/es\/wp-json\/wp\/v2\/product"}],"about":[{"href":"https:\/\/www.lifenatura.com\/es\/wp-json\/wp\/v2\/types\/product"}],"wp:featuredmedia":[{"embeddable":true,"href":"https:\/\/www.lifenatura.com\/es\/wp-json\/wp\/v2\/media\/86394"}],"wp:attachment":[{"href":"https:\/\/www.lifenatura.com\/es\/wp-json\/wp\/v2\/media?parent=45290"}],"wp:term":[{"taxonomy":"product_brand","embeddable":true,"href":"https:\/\/www.lifenatura.com\/es\/wp-json\/wp\/v2\/product_brand?post=45290"},{"taxonomy":"product_cat","embeddable":true,"href":"https:\/\/www.lifenatura.com\/es\/wp-json\/wp\/v2\/product_cat?post=45290"},{"taxonomy":"product_tag","embeddable":true,"href":"https:\/\/www.lifenatura.com\/es\/wp-json\/wp\/v2\/product_tag?post=45290"}],"curies":[{"name":"wp","href":"https:\/\/api.w.org\/{rel}","templated":true}]}}