{"id":45287,"date":"2022-02-22T16:07:58","date_gmt":"2022-02-22T16:07:58","guid":{"rendered":"https:\/\/lifenatura.dev.agenciagetdigital.com\/?post_type=product&#038;p=45287"},"modified":"2026-04-21T00:02:39","modified_gmt":"2026-04-21T00:02:39","slug":"traumeel-s-gotas-pack-heel","status":"publish","type":"product","link":"https:\/\/www.lifenatura.com\/es\/produto\/traumeel-s-gotas-pack-heel\/","title":{"rendered":"Traumeel S Gotas 3&#215;30 ml \u2013 Heel &#8211; Pack 3"},"content":{"rendered":"<h2 style=\"text-align: left;\"><strong>Traumeel S en Gotas est\u00e1 indicado en la reducci\u00f3n de infecciones<\/strong><\/h2>\n<p>&nbsp;<\/p>\n<p>Homeopat\u00eda Traumeel S en Gotas est\u00e1 indicado en el tratamiento de lesiones como esguinces y distorsiones, contusiones, hematomas y hemartrosis, fracturas, edema postraum\u00e1tico y postoperatorio e hinchaz\u00f3n edematosa de tejidos blandos.<\/p>\n<p><strong>Ahora disponibel en Pack Promoci\u00f3n de 3 unidades.<\/strong><\/p>\n<p>Traumeel S Gotas Orales, tambi\u00e9n est\u00e1 indicado para el alivio del dolor y la inflamaci\u00f3n, a trav\u00e9s de una combinaci\u00f3n de ingredientes naturales seleccionados por sus propiedades antiinflamatorias y analg\u00e9sicas.<\/p>\n<p>Este suplemento en gotas puede ser utilizado simult\u00e1neamente con la aplicaci\u00f3n local de Traumeel S Pomada para que pueda tener una recuperaci\u00f3n m\u00e1s r\u00e1pida y sostenible.<\/p>\n<p>Las gotas orales est\u00e1n indicadas para el tratamiento de diversas afecciones, incluyendo lesiones agudas, dolores musculares y articulares, inflamaciones y otros trastornos relacionados con el sistema musculoesquel\u00e9tico.<\/p>\n<p><strong>PRESENTACI\u00d3N<\/strong><\/p>\n<p>30ml x 3<\/p>\n<p>&nbsp;<\/p>\n","protected":false},"excerpt":{"rendered":"<p>Traumeel S Gotas ahora con Pack Promocional 3 unidades est\u00e1 indicado en el tratamiento de lesiones como esguinces y torceduras, contusiones y hematomas. [&#8230;]<\/p>\n<p><a class=\"btn btn-secondary understrap-read-more-link\" href=\"https:\/\/www.lifenatura.com\/es\/produto\/traumeel-s-gotas-pack-heel\/\">Leer m\u00e1s&#8230;<span class=\"screen-reader-text\"> from Traumeel S Gotas 3&#215;30 ml \u2013 Heel &#8211; Pack 3<\/span><\/a><\/p>\n","protected":false},"featured_media":43921,"template":"","meta":{"_acf_changed":false},"product_brand":[8478],"product_cat":[7671,7196,7659,7263,7179,7273],"product_tag":[],"class_list":{"0":"post-45287","1":"product","2":"type-product","3":"status-publish","4":"has-post-thumbnail","6":"product_brand-heel","7":"product_cat-arnica-bio","8":"product_cat-homeopatia-salud","9":"product_cat-ingrediente-natural-bio","10":"product_cat-packs-de-salud","11":"product_cat-salud","12":"product_cat-top-10-ventas","13":"pa_caracteristicas-gotas-orales-homeopaticas","14":"pa_dicas-traumeel-pomada-para-que-sirve","16":"first","17":"instock","18":"sale","19":"shipping-taxable","20":"purchasable","21":"product-type-woosb","22":"add-to-wishlist-before_image"},"acf":[],"yoast_head":"<!-- This site is optimized with the Yoast SEO Premium plugin v27.1 (Yoast SEO v27.5) - https:\/\/yoast.com\/product\/yoast-seo-premium-wordpress\/ -->\n<title>Traumeel S Gotas 3x30 ml \u2013 Heel - Pack 3 - Na Lifenatura ao Melhor Pre\u00e7o | Envio em 48h<\/title>\n<meta name=\"description\" content=\"Traumeel S Gotas ahora con Pack Promocional 3 unidades est\u00e1 indicado en el tratamiento de lesiones como esguinces y torceduras, contusiones y hematomas.\" \/>\n<meta name=\"robots\" content=\"index, follow, max-snippet:-1, max-image-preview:large, max-video-preview:-1\" \/>\n<link rel=\"canonical\" href=\"https:\/\/www.lifenatura.com\/es\/produto\/traumeel-s-gotas-pack-heel\/\" \/>\n<meta property=\"og:locale\" content=\"es_ES\" \/>\n<meta property=\"og:type\" content=\"article\" \/>\n<meta property=\"og:title\" content=\"Traumeel S Gotas 3x30 ml \u2013 Heel - Pack 3 - Na Lifenatura ao Melhor Pre\u00e7o | Envio 48h\" \/>\n<meta property=\"og:description\" content=\"Compre Traumeel S Gotas 3x30 ml \u2013 Heel - Pack 3 com envio r\u00e1pido. Entrega em 48h e portes gr\u00e1tis em compras &gt;35\u20ac. Aproveite j\u00e1 na Lifenatura\" \/>\n<meta property=\"og:url\" content=\"https:\/\/www.lifenatura.com\/es\/produto\/traumeel-s-gotas-pack-heel\/\" \/>\n<meta property=\"og:site_name\" content=\"Lifenatura\" \/>\n<meta property=\"article:publisher\" content=\"https:\/\/www.facebook.com\/lifenatura\" \/>\n<meta property=\"article:modified_time\" content=\"2026-04-21T00:02:39+00:00\" \/>\n<meta property=\"og:image\" content=\"https:\/\/www.lifenatura.com\/wp-content\/uploads\/2022\/02\/TRAUMEEL-GOTAS.jpg\" \/>\n\t<meta property=\"og:image:width\" content=\"1000\" \/>\n\t<meta property=\"og:image:height\" content=\"1000\" \/>\n\t<meta property=\"og:image:type\" content=\"image\/jpeg\" \/>\n<meta name=\"twitter:card\" content=\"summary_large_image\" \/>\n<meta name=\"twitter:label1\" content=\"Precio\" \/>\n\t<meta name=\"twitter:data1\" content=\"37,53&nbsp;&euro;\" \/>\n\t<meta name=\"twitter:label2\" content=\"Disponibilidad\" \/>\n\t<meta name=\"twitter:data2\" content=\"Disponible\" \/>\n<script type=\"application\/ld+json\" class=\"yoast-schema-graph\">{\"@context\":\"https:\\\/\\\/schema.org\",\"@graph\":[{\"@type\":\"WebPage\",\"@id\":\"https:\\\/\\\/www.lifenatura.com\\\/es\\\/produto\\\/traumeel-s-gotas-pack-heel\\\/\",\"url\":\"https:\\\/\\\/www.lifenatura.com\\\/es\\\/produto\\\/traumeel-s-gotas-pack-heel\\\/\",\"name\":\"Traumeel S Gotas 3x30 ml \u2013 Heel - Pack 3 - Na Lifenatura ao Melhor Pre\u00e7o | Envio em 48h\",\"isPartOf\":{\"@id\":\"https:\\\/\\\/www.lifenatura.com\\\/es\\\/#website\"},\"primaryImageOfPage\":{\"@id\":\"https:\\\/\\\/www.lifenatura.com\\\/es\\\/produto\\\/traumeel-s-gotas-pack-heel\\\/#primaryimage\"},\"image\":{\"@id\":\"https:\\\/\\\/www.lifenatura.com\\\/es\\\/produto\\\/traumeel-s-gotas-pack-heel\\\/#primaryimage\"},\"thumbnailUrl\":\"https:\\\/\\\/www.lifenatura.com\\\/wp-content\\\/uploads\\\/2022\\\/02\\\/TRAUMEEL-GOTAS.jpg\",\"datePublished\":\"2022-02-22T16:07:58+00:00\",\"dateModified\":\"2026-04-21T00:02:39+00:00\",\"description\":\"Traumeel S Gotas ahora con Pack Promocional 3 unidades est\u00e1 indicado en el tratamiento de lesiones como esguinces y torceduras, contusiones y hematomas.\",\"breadcrumb\":{\"@id\":\"https:\\\/\\\/www.lifenatura.com\\\/es\\\/produto\\\/traumeel-s-gotas-pack-heel\\\/#breadcrumb\"},\"inLanguage\":\"es\",\"potentialAction\":[{\"@type\":\"ReadAction\",\"target\":[\"https:\\\/\\\/www.lifenatura.com\\\/es\\\/produto\\\/traumeel-s-gotas-pack-heel\\\/\"]}]},{\"@type\":\"ImageObject\",\"inLanguage\":\"es\",\"@id\":\"https:\\\/\\\/www.lifenatura.com\\\/es\\\/produto\\\/traumeel-s-gotas-pack-heel\\\/#primaryimage\",\"url\":\"https:\\\/\\\/www.lifenatura.com\\\/wp-content\\\/uploads\\\/2022\\\/02\\\/TRAUMEEL-GOTAS.jpg\",\"contentUrl\":\"https:\\\/\\\/www.lifenatura.com\\\/wp-content\\\/uploads\\\/2022\\\/02\\\/TRAUMEEL-GOTAS.jpg\",\"width\":1000,\"height\":1000},{\"@type\":\"BreadcrumbList\",\"@id\":\"https:\\\/\\\/www.lifenatura.com\\\/es\\\/produto\\\/traumeel-s-gotas-pack-heel\\\/#breadcrumb\",\"itemListElement\":[{\"@type\":\"ListItem\",\"position\":1,\"name\":\"In\u00edcio\",\"item\":\"https:\\\/\\\/www.lifenatura.com\\\/es\\\/\"},{\"@type\":\"ListItem\",\"position\":2,\"name\":\"Todos los Productos\",\"item\":\"https:\\\/\\\/www.lifenatura.com\\\/es\\\/tienda\\\/\"},{\"@type\":\"ListItem\",\"position\":3,\"name\":\"Traumeel S Gotas 3&#215;30 ml \u2013 Heel &#8211; Pack 3\"}]},{\"@type\":\"WebSite\",\"@id\":\"https:\\\/\\\/www.lifenatura.com\\\/es\\\/#website\",\"url\":\"https:\\\/\\\/www.lifenatura.com\\\/es\\\/\",\"name\":\"Lifenatura\",\"description\":\"A Lifenatura \u00e9 uma loja de produtos naturais, cosm\u00e9tica natural e alimenta\u00e7\u00e3o Biol\u00f3gica.\",\"publisher\":{\"@id\":\"https:\\\/\\\/www.lifenatura.com\\\/es\\\/#organization\"},\"potentialAction\":[{\"@type\":\"SearchAction\",\"target\":{\"@type\":\"EntryPoint\",\"urlTemplate\":\"https:\\\/\\\/www.lifenatura.com\\\/es\\\/?s={search_term_string}\"},\"query-input\":{\"@type\":\"PropertyValueSpecification\",\"valueRequired\":true,\"valueName\":\"search_term_string\"}}],\"inLanguage\":\"es\"},{\"@type\":\"Organization\",\"@id\":\"https:\\\/\\\/www.lifenatura.com\\\/es\\\/#organization\",\"name\":\"Lifenatura\",\"url\":\"https:\\\/\\\/www.lifenatura.com\\\/es\\\/\",\"logo\":{\"@type\":\"ImageObject\",\"inLanguage\":\"es\",\"@id\":\"https:\\\/\\\/www.lifenatura.com\\\/es\\\/#\\\/schema\\\/logo\\\/image\\\/\",\"url\":\"https:\\\/\\\/www.lifenatura.com\\\/wp-content\\\/uploads\\\/2021\\\/07\\\/logo.png\",\"contentUrl\":\"https:\\\/\\\/www.lifenatura.com\\\/wp-content\\\/uploads\\\/2021\\\/07\\\/logo.png\",\"width\":175,\"height\":55,\"caption\":\"Lifenatura\"},\"image\":{\"@id\":\"https:\\\/\\\/www.lifenatura.com\\\/es\\\/#\\\/schema\\\/logo\\\/image\\\/\"},\"sameAs\":[\"https:\\\/\\\/www.facebook.com\\\/lifenatura\",\"https:\\\/\\\/www.instagram.com\\\/lifenaturapt\\\/\"],\"hasMerchantReturnPolicy\":{\"@type\":\"MerchantReturnPolicy\",\"merchantReturnLink\":\"https:\\\/\\\/www.lifenatura.com\\\/termos-condicoes-lifenatura\\\/\"}}]}<\/script>\n<meta property=\"product:price:amount\" content=\"37.53\" \/>\n<meta property=\"product:price:currency\" content=\"EUR\" \/>\n<meta property=\"og:availability\" content=\"instock\" \/>\n<meta property=\"product:availability\" content=\"instock\" \/>\n<meta property=\"product:retailer_item_id\" content=\"55515777\" \/>\n<meta property=\"product:condition\" content=\"new\" \/>\n<!-- \/ Yoast SEO Premium plugin. -->","yoast_head_json":{"title":"Traumeel S Gotas 3x30 ml \u2013 Heel - Pack 3 - Na Lifenatura ao Melhor Pre\u00e7o | Envio em 48h","description":"Traumeel S Gotas ahora con Pack Promocional 3 unidades est\u00e1 indicado en el tratamiento de lesiones como esguinces y torceduras, contusiones y hematomas.","robots":{"index":"index","follow":"follow","max-snippet":"max-snippet:-1","max-image-preview":"max-image-preview:large","max-video-preview":"max-video-preview:-1"},"canonical":"https:\/\/www.lifenatura.com\/es\/produto\/traumeel-s-gotas-pack-heel\/","og_locale":"es_ES","og_type":"article","og_title":"Traumeel S Gotas 3x30 ml \u2013 Heel - Pack 3 - Na Lifenatura ao Melhor Pre\u00e7o | Envio 48h","og_description":"Compre Traumeel S Gotas 3x30 ml \u2013 Heel - Pack 3 com envio r\u00e1pido. Entrega em 48h e portes gr\u00e1tis em compras >35\u20ac. Aproveite j\u00e1 na Lifenatura","og_url":"https:\/\/www.lifenatura.com\/es\/produto\/traumeel-s-gotas-pack-heel\/","og_site_name":"Lifenatura","article_publisher":"https:\/\/www.facebook.com\/lifenatura","article_modified_time":"2026-04-21T00:02:39+00:00","og_image":[{"width":1000,"height":1000,"url":"https:\/\/www.lifenatura.com\/wp-content\/uploads\/2022\/02\/TRAUMEEL-GOTAS.jpg","type":"image\/jpeg"}],"twitter_card":"summary_large_image","twitter_misc":{"Precio":"37,53&nbsp;&euro;","Disponibilidad":"Disponible"},"schema":{"@context":"https:\/\/schema.org","@graph":[{"@type":"WebPage","@id":"https:\/\/www.lifenatura.com\/es\/produto\/traumeel-s-gotas-pack-heel\/","url":"https:\/\/www.lifenatura.com\/es\/produto\/traumeel-s-gotas-pack-heel\/","name":"Traumeel S Gotas 3x30 ml \u2013 Heel - Pack 3 - Na Lifenatura ao Melhor Pre\u00e7o | Envio em 48h","isPartOf":{"@id":"https:\/\/www.lifenatura.com\/es\/#website"},"primaryImageOfPage":{"@id":"https:\/\/www.lifenatura.com\/es\/produto\/traumeel-s-gotas-pack-heel\/#primaryimage"},"image":{"@id":"https:\/\/www.lifenatura.com\/es\/produto\/traumeel-s-gotas-pack-heel\/#primaryimage"},"thumbnailUrl":"https:\/\/www.lifenatura.com\/wp-content\/uploads\/2022\/02\/TRAUMEEL-GOTAS.jpg","datePublished":"2022-02-22T16:07:58+00:00","dateModified":"2026-04-21T00:02:39+00:00","description":"Traumeel S Gotas ahora con Pack Promocional 3 unidades est\u00e1 indicado en el tratamiento de lesiones como esguinces y torceduras, contusiones y hematomas.","breadcrumb":{"@id":"https:\/\/www.lifenatura.com\/es\/produto\/traumeel-s-gotas-pack-heel\/#breadcrumb"},"inLanguage":"es","potentialAction":[{"@type":"ReadAction","target":["https:\/\/www.lifenatura.com\/es\/produto\/traumeel-s-gotas-pack-heel\/"]}]},{"@type":"ImageObject","inLanguage":"es","@id":"https:\/\/www.lifenatura.com\/es\/produto\/traumeel-s-gotas-pack-heel\/#primaryimage","url":"https:\/\/www.lifenatura.com\/wp-content\/uploads\/2022\/02\/TRAUMEEL-GOTAS.jpg","contentUrl":"https:\/\/www.lifenatura.com\/wp-content\/uploads\/2022\/02\/TRAUMEEL-GOTAS.jpg","width":1000,"height":1000},{"@type":"BreadcrumbList","@id":"https:\/\/www.lifenatura.com\/es\/produto\/traumeel-s-gotas-pack-heel\/#breadcrumb","itemListElement":[{"@type":"ListItem","position":1,"name":"In\u00edcio","item":"https:\/\/www.lifenatura.com\/es\/"},{"@type":"ListItem","position":2,"name":"Todos los Productos","item":"https:\/\/www.lifenatura.com\/es\/tienda\/"},{"@type":"ListItem","position":3,"name":"Traumeel S Gotas 3&#215;30 ml \u2013 Heel &#8211; Pack 3"}]},{"@type":"WebSite","@id":"https:\/\/www.lifenatura.com\/es\/#website","url":"https:\/\/www.lifenatura.com\/es\/","name":"Lifenatura","description":"A Lifenatura \u00e9 uma loja de produtos naturais, cosm\u00e9tica natural e alimenta\u00e7\u00e3o Biol\u00f3gica.","publisher":{"@id":"https:\/\/www.lifenatura.com\/es\/#organization"},"potentialAction":[{"@type":"SearchAction","target":{"@type":"EntryPoint","urlTemplate":"https:\/\/www.lifenatura.com\/es\/?s={search_term_string}"},"query-input":{"@type":"PropertyValueSpecification","valueRequired":true,"valueName":"search_term_string"}}],"inLanguage":"es"},{"@type":"Organization","@id":"https:\/\/www.lifenatura.com\/es\/#organization","name":"Lifenatura","url":"https:\/\/www.lifenatura.com\/es\/","logo":{"@type":"ImageObject","inLanguage":"es","@id":"https:\/\/www.lifenatura.com\/es\/#\/schema\/logo\/image\/","url":"https:\/\/www.lifenatura.com\/wp-content\/uploads\/2021\/07\/logo.png","contentUrl":"https:\/\/www.lifenatura.com\/wp-content\/uploads\/2021\/07\/logo.png","width":175,"height":55,"caption":"Lifenatura"},"image":{"@id":"https:\/\/www.lifenatura.com\/es\/#\/schema\/logo\/image\/"},"sameAs":["https:\/\/www.facebook.com\/lifenatura","https:\/\/www.instagram.com\/lifenaturapt\/"],"hasMerchantReturnPolicy":{"@type":"MerchantReturnPolicy","merchantReturnLink":"https:\/\/www.lifenatura.com\/termos-condicoes-lifenatura\/"}}]},"product_price_amount":"37.53","product_price_currency":"EUR","og_availability":"instock","product_availability":"instock","product_retailer_item_id":"55515777","product_condition":"new"},"df_price":37.53,"df_sale_price":37.53,"df_regular_price":69.36,"df_image_link":"https:\/\/www.lifenatura.com\/wp-content\/uploads\/2022\/02\/TRAUMEEL-GOTAS-300x300.jpg","_links":{"self":[{"href":"https:\/\/www.lifenatura.com\/es\/wp-json\/wp\/v2\/product\/45287","targetHints":{"allow":["GET"]}}],"collection":[{"href":"https:\/\/www.lifenatura.com\/es\/wp-json\/wp\/v2\/product"}],"about":[{"href":"https:\/\/www.lifenatura.com\/es\/wp-json\/wp\/v2\/types\/product"}],"wp:featuredmedia":[{"embeddable":true,"href":"https:\/\/www.lifenatura.com\/es\/wp-json\/wp\/v2\/media\/43921"}],"wp:attachment":[{"href":"https:\/\/www.lifenatura.com\/es\/wp-json\/wp\/v2\/media?parent=45287"}],"wp:term":[{"taxonomy":"product_brand","embeddable":true,"href":"https:\/\/www.lifenatura.com\/es\/wp-json\/wp\/v2\/product_brand?post=45287"},{"taxonomy":"product_cat","embeddable":true,"href":"https:\/\/www.lifenatura.com\/es\/wp-json\/wp\/v2\/product_cat?post=45287"},{"taxonomy":"product_tag","embeddable":true,"href":"https:\/\/www.lifenatura.com\/es\/wp-json\/wp\/v2\/product_tag?post=45287"}],"curies":[{"name":"wp","href":"https:\/\/api.w.org\/{rel}","templated":true}]}}