{"id":45285,"date":"2022-02-22T16:00:14","date_gmt":"2022-02-22T16:00:14","guid":{"rendered":"https:\/\/lifenatura.dev.agenciagetdigital.com\/?post_type=product&#038;p=45285"},"modified":"2026-04-21T00:02:38","modified_gmt":"2026-04-21T00:02:38","slug":"traumeel-s-pack-comprimidos-heel","status":"publish","type":"product","link":"https:\/\/www.lifenatura.com\/es\/produto\/traumeel-s-pack-comprimidos-heel\/","title":{"rendered":"Traumeel S 3&#215;50 comprimidos \u2013 Heel &#8211; Pack 3"},"content":{"rendered":"<h2 style=\"text-align: left;\"><strong>Traumeel S comprimidos indicado para reducir la inflamaci\u00f3n<\/strong><\/h2>\n<p>&nbsp;<\/p>\n<p>El Traumeel S comprimidos est\u00e1 indicada para el tratamiento de lesiones como esguinces y torceduras, contusiones, hematomas y hemartrosis, fracturas, edemas postraum\u00e1ticos y postoperatorios e hinchaz\u00f3n edematosa de tejidos blandos.<\/p>\n<p><strong>Ahora disponible en un pack promoci\u00f3n de 3 unidades.<\/strong><\/p>\n<p>Procesos inflamatorios y degenerativos asociados a la inflamaci\u00f3n en diversos \u00f3rganos y tejidos, especialmente en los tejidos de sost\u00e9n del aparato locomotor y (tenosinovitis, estiloiditis, epicondilitis, bursitis, hombro congelado, etc.) artrosis de cadera, rodilla y peque\u00f1as articulaciones. Conmoci\u00f3n cerebral aguda.<\/p>\n<p>Estos comprimidos est\u00e1n especialmente indicados para el tratamiento de lesiones agudas como esguinces, contusiones, distensiones musculares e inflamaci\u00f3n articular. Tambi\u00e9n pueden utilizarse para aliviar el dolor asociado a afecciones cr\u00f3nicas como artritis, reumatismo y dolores musculares persistentes.<\/p>\n<p><strong>PRESENTACI\u00d3N<\/strong><\/p>\n<p>50 Comprimidos X 3<\/p>\n<p>&nbsp;<\/p>\n","protected":false},"excerpt":{"rendered":"<p>Traumeel comprimidos se presenta en un Pack Promocional de 3 unidades y est\u00e1 indicado para reducir la inflamaci\u00f3n debida a movimientos repetitivos. [&#8230;]<\/p>\n<p><a class=\"btn btn-secondary understrap-read-more-link\" href=\"https:\/\/www.lifenatura.com\/es\/produto\/traumeel-s-pack-comprimidos-heel\/\">Leer m\u00e1s&#8230;<span class=\"screen-reader-text\"> from Traumeel S 3&#215;50 comprimidos \u2013 Heel &#8211; Pack 3<\/span><\/a><\/p>\n","protected":false},"featured_media":43918,"template":"","meta":{"_acf_changed":false},"product_brand":[8478],"product_cat":[7671,7196,7659,7263,7179,7273],"product_tag":[],"class_list":{"0":"post-45285","1":"product","2":"type-product","3":"status-publish","4":"has-post-thumbnail","6":"product_brand-heel","7":"product_cat-arnica-bio","8":"product_cat-homeopatia-salud","9":"product_cat-ingrediente-natural-bio","10":"product_cat-packs-de-salud","11":"product_cat-salud","12":"product_cat-top-10-ventas","13":"pa_caracteristicas-comprimidos-homeopaticos-es","14":"pa_dicas-traumeel-pomada-para-que-sirve","16":"first","17":"instock","18":"sale","19":"shipping-taxable","20":"purchasable","21":"product-type-woosb","22":"add-to-wishlist-before_image"},"acf":[],"yoast_head":"<!-- This site is optimized with the Yoast SEO Premium plugin v27.1 (Yoast SEO v27.5) - https:\/\/yoast.com\/product\/yoast-seo-premium-wordpress\/ -->\n<title>Traumeel S 3x50 comprimidos \u2013 Heel - Pack 3 - Na Lifenatura ao Melhor Pre\u00e7o | Envio em 48h<\/title>\n<meta name=\"description\" content=\"Traumeel comprimidos se presenta en un Pack Promocional de 3 unidades y est\u00e1 indicado para reducir la inflamaci\u00f3n debida a movimientos repetitivos.\" \/>\n<meta name=\"robots\" content=\"index, follow, max-snippet:-1, max-image-preview:large, max-video-preview:-1\" \/>\n<link rel=\"canonical\" href=\"https:\/\/www.lifenatura.com\/es\/produto\/traumeel-s-pack-comprimidos-heel\/\" \/>\n<meta property=\"og:locale\" content=\"es_ES\" \/>\n<meta property=\"og:type\" content=\"article\" \/>\n<meta property=\"og:title\" content=\"Traumeel S 3x50 comprimidos \u2013 Heel - Pack 3 - Na Lifenatura ao Melhor Pre\u00e7o | Envio 48h\" \/>\n<meta property=\"og:description\" content=\"Compre Traumeel S 3x50 comprimidos \u2013 Heel - Pack 3 com envio r\u00e1pido. Entrega em 48h e portes gr\u00e1tis em compras &gt;35\u20ac. Aproveite j\u00e1 na Lifenatura\" \/>\n<meta property=\"og:url\" content=\"https:\/\/www.lifenatura.com\/es\/produto\/traumeel-s-pack-comprimidos-heel\/\" \/>\n<meta property=\"og:site_name\" content=\"Lifenatura\" \/>\n<meta property=\"article:publisher\" content=\"https:\/\/www.facebook.com\/lifenatura\" \/>\n<meta property=\"article:modified_time\" content=\"2026-04-21T00:02:38+00:00\" \/>\n<meta property=\"og:image\" content=\"https:\/\/www.lifenatura.com\/wp-content\/uploads\/2022\/02\/TRAUMEEL-COMP.jpg\" \/>\n\t<meta property=\"og:image:width\" content=\"1000\" \/>\n\t<meta property=\"og:image:height\" content=\"1000\" \/>\n\t<meta property=\"og:image:type\" content=\"image\/jpeg\" \/>\n<meta name=\"twitter:card\" content=\"summary_large_image\" \/>\n<meta name=\"twitter:label1\" content=\"Precio\" \/>\n\t<meta name=\"twitter:data1\" content=\"32,79&nbsp;&euro;\" \/>\n\t<meta name=\"twitter:label2\" content=\"Disponibilidad\" \/>\n\t<meta name=\"twitter:data2\" content=\"Disponible\" \/>\n<script type=\"application\/ld+json\" class=\"yoast-schema-graph\">{\"@context\":\"https:\\\/\\\/schema.org\",\"@graph\":[{\"@type\":\"WebPage\",\"@id\":\"https:\\\/\\\/www.lifenatura.com\\\/es\\\/produto\\\/traumeel-s-pack-comprimidos-heel\\\/\",\"url\":\"https:\\\/\\\/www.lifenatura.com\\\/es\\\/produto\\\/traumeel-s-pack-comprimidos-heel\\\/\",\"name\":\"Traumeel S 3x50 comprimidos \u2013 Heel - Pack 3 - Na Lifenatura ao Melhor Pre\u00e7o | Envio em 48h\",\"isPartOf\":{\"@id\":\"https:\\\/\\\/www.lifenatura.com\\\/es\\\/#website\"},\"primaryImageOfPage\":{\"@id\":\"https:\\\/\\\/www.lifenatura.com\\\/es\\\/produto\\\/traumeel-s-pack-comprimidos-heel\\\/#primaryimage\"},\"image\":{\"@id\":\"https:\\\/\\\/www.lifenatura.com\\\/es\\\/produto\\\/traumeel-s-pack-comprimidos-heel\\\/#primaryimage\"},\"thumbnailUrl\":\"https:\\\/\\\/www.lifenatura.com\\\/wp-content\\\/uploads\\\/2022\\\/02\\\/TRAUMEEL-COMP.jpg\",\"datePublished\":\"2022-02-22T16:00:14+00:00\",\"dateModified\":\"2026-04-21T00:02:38+00:00\",\"description\":\"Traumeel comprimidos se presenta en un Pack Promocional de 3 unidades y est\u00e1 indicado para reducir la inflamaci\u00f3n debida a movimientos repetitivos.\",\"breadcrumb\":{\"@id\":\"https:\\\/\\\/www.lifenatura.com\\\/es\\\/produto\\\/traumeel-s-pack-comprimidos-heel\\\/#breadcrumb\"},\"inLanguage\":\"es\",\"potentialAction\":[{\"@type\":\"ReadAction\",\"target\":[\"https:\\\/\\\/www.lifenatura.com\\\/es\\\/produto\\\/traumeel-s-pack-comprimidos-heel\\\/\"]}]},{\"@type\":\"ImageObject\",\"inLanguage\":\"es\",\"@id\":\"https:\\\/\\\/www.lifenatura.com\\\/es\\\/produto\\\/traumeel-s-pack-comprimidos-heel\\\/#primaryimage\",\"url\":\"https:\\\/\\\/www.lifenatura.com\\\/wp-content\\\/uploads\\\/2022\\\/02\\\/TRAUMEEL-COMP.jpg\",\"contentUrl\":\"https:\\\/\\\/www.lifenatura.com\\\/wp-content\\\/uploads\\\/2022\\\/02\\\/TRAUMEEL-COMP.jpg\",\"width\":1000,\"height\":1000},{\"@type\":\"BreadcrumbList\",\"@id\":\"https:\\\/\\\/www.lifenatura.com\\\/es\\\/produto\\\/traumeel-s-pack-comprimidos-heel\\\/#breadcrumb\",\"itemListElement\":[{\"@type\":\"ListItem\",\"position\":1,\"name\":\"In\u00edcio\",\"item\":\"https:\\\/\\\/www.lifenatura.com\\\/es\\\/\"},{\"@type\":\"ListItem\",\"position\":2,\"name\":\"Todos los Productos\",\"item\":\"https:\\\/\\\/www.lifenatura.com\\\/es\\\/tienda\\\/\"},{\"@type\":\"ListItem\",\"position\":3,\"name\":\"Traumeel S 3&#215;50 comprimidos \u2013 Heel &#8211; Pack 3\"}]},{\"@type\":\"WebSite\",\"@id\":\"https:\\\/\\\/www.lifenatura.com\\\/es\\\/#website\",\"url\":\"https:\\\/\\\/www.lifenatura.com\\\/es\\\/\",\"name\":\"Lifenatura\",\"description\":\"A Lifenatura \u00e9 uma loja de produtos naturais, cosm\u00e9tica natural e alimenta\u00e7\u00e3o Biol\u00f3gica.\",\"publisher\":{\"@id\":\"https:\\\/\\\/www.lifenatura.com\\\/es\\\/#organization\"},\"potentialAction\":[{\"@type\":\"SearchAction\",\"target\":{\"@type\":\"EntryPoint\",\"urlTemplate\":\"https:\\\/\\\/www.lifenatura.com\\\/es\\\/?s={search_term_string}\"},\"query-input\":{\"@type\":\"PropertyValueSpecification\",\"valueRequired\":true,\"valueName\":\"search_term_string\"}}],\"inLanguage\":\"es\"},{\"@type\":\"Organization\",\"@id\":\"https:\\\/\\\/www.lifenatura.com\\\/es\\\/#organization\",\"name\":\"Lifenatura\",\"url\":\"https:\\\/\\\/www.lifenatura.com\\\/es\\\/\",\"logo\":{\"@type\":\"ImageObject\",\"inLanguage\":\"es\",\"@id\":\"https:\\\/\\\/www.lifenatura.com\\\/es\\\/#\\\/schema\\\/logo\\\/image\\\/\",\"url\":\"https:\\\/\\\/www.lifenatura.com\\\/wp-content\\\/uploads\\\/2021\\\/07\\\/logo.png\",\"contentUrl\":\"https:\\\/\\\/www.lifenatura.com\\\/wp-content\\\/uploads\\\/2021\\\/07\\\/logo.png\",\"width\":175,\"height\":55,\"caption\":\"Lifenatura\"},\"image\":{\"@id\":\"https:\\\/\\\/www.lifenatura.com\\\/es\\\/#\\\/schema\\\/logo\\\/image\\\/\"},\"sameAs\":[\"https:\\\/\\\/www.facebook.com\\\/lifenatura\",\"https:\\\/\\\/www.instagram.com\\\/lifenaturapt\\\/\"],\"hasMerchantReturnPolicy\":{\"@type\":\"MerchantReturnPolicy\",\"merchantReturnLink\":\"https:\\\/\\\/www.lifenatura.com\\\/termos-condicoes-lifenatura\\\/\"}}]}<\/script>\n<meta property=\"product:price:amount\" content=\"32.79\" \/>\n<meta property=\"product:price:currency\" content=\"EUR\" \/>\n<meta property=\"og:availability\" content=\"instock\" \/>\n<meta property=\"product:availability\" content=\"instock\" \/>\n<meta property=\"product:retailer_item_id\" content=\"55517344\" \/>\n<meta property=\"product:condition\" content=\"new\" \/>\n<!-- \/ Yoast SEO Premium plugin. -->","yoast_head_json":{"title":"Traumeel S 3x50 comprimidos \u2013 Heel - Pack 3 - Na Lifenatura ao Melhor Pre\u00e7o | Envio em 48h","description":"Traumeel comprimidos se presenta en un Pack Promocional de 3 unidades y est\u00e1 indicado para reducir la inflamaci\u00f3n debida a movimientos repetitivos.","robots":{"index":"index","follow":"follow","max-snippet":"max-snippet:-1","max-image-preview":"max-image-preview:large","max-video-preview":"max-video-preview:-1"},"canonical":"https:\/\/www.lifenatura.com\/es\/produto\/traumeel-s-pack-comprimidos-heel\/","og_locale":"es_ES","og_type":"article","og_title":"Traumeel S 3x50 comprimidos \u2013 Heel - Pack 3 - Na Lifenatura ao Melhor Pre\u00e7o | Envio 48h","og_description":"Compre Traumeel S 3x50 comprimidos \u2013 Heel - Pack 3 com envio r\u00e1pido. Entrega em 48h e portes gr\u00e1tis em compras >35\u20ac. Aproveite j\u00e1 na Lifenatura","og_url":"https:\/\/www.lifenatura.com\/es\/produto\/traumeel-s-pack-comprimidos-heel\/","og_site_name":"Lifenatura","article_publisher":"https:\/\/www.facebook.com\/lifenatura","article_modified_time":"2026-04-21T00:02:38+00:00","og_image":[{"width":1000,"height":1000,"url":"https:\/\/www.lifenatura.com\/wp-content\/uploads\/2022\/02\/TRAUMEEL-COMP.jpg","type":"image\/jpeg"}],"twitter_card":"summary_large_image","twitter_misc":{"Precio":"32,79&nbsp;&euro;","Disponibilidad":"Disponible"},"schema":{"@context":"https:\/\/schema.org","@graph":[{"@type":"WebPage","@id":"https:\/\/www.lifenatura.com\/es\/produto\/traumeel-s-pack-comprimidos-heel\/","url":"https:\/\/www.lifenatura.com\/es\/produto\/traumeel-s-pack-comprimidos-heel\/","name":"Traumeel S 3x50 comprimidos \u2013 Heel - Pack 3 - Na Lifenatura ao Melhor Pre\u00e7o | Envio em 48h","isPartOf":{"@id":"https:\/\/www.lifenatura.com\/es\/#website"},"primaryImageOfPage":{"@id":"https:\/\/www.lifenatura.com\/es\/produto\/traumeel-s-pack-comprimidos-heel\/#primaryimage"},"image":{"@id":"https:\/\/www.lifenatura.com\/es\/produto\/traumeel-s-pack-comprimidos-heel\/#primaryimage"},"thumbnailUrl":"https:\/\/www.lifenatura.com\/wp-content\/uploads\/2022\/02\/TRAUMEEL-COMP.jpg","datePublished":"2022-02-22T16:00:14+00:00","dateModified":"2026-04-21T00:02:38+00:00","description":"Traumeel comprimidos se presenta en un Pack Promocional de 3 unidades y est\u00e1 indicado para reducir la inflamaci\u00f3n debida a movimientos repetitivos.","breadcrumb":{"@id":"https:\/\/www.lifenatura.com\/es\/produto\/traumeel-s-pack-comprimidos-heel\/#breadcrumb"},"inLanguage":"es","potentialAction":[{"@type":"ReadAction","target":["https:\/\/www.lifenatura.com\/es\/produto\/traumeel-s-pack-comprimidos-heel\/"]}]},{"@type":"ImageObject","inLanguage":"es","@id":"https:\/\/www.lifenatura.com\/es\/produto\/traumeel-s-pack-comprimidos-heel\/#primaryimage","url":"https:\/\/www.lifenatura.com\/wp-content\/uploads\/2022\/02\/TRAUMEEL-COMP.jpg","contentUrl":"https:\/\/www.lifenatura.com\/wp-content\/uploads\/2022\/02\/TRAUMEEL-COMP.jpg","width":1000,"height":1000},{"@type":"BreadcrumbList","@id":"https:\/\/www.lifenatura.com\/es\/produto\/traumeel-s-pack-comprimidos-heel\/#breadcrumb","itemListElement":[{"@type":"ListItem","position":1,"name":"In\u00edcio","item":"https:\/\/www.lifenatura.com\/es\/"},{"@type":"ListItem","position":2,"name":"Todos los Productos","item":"https:\/\/www.lifenatura.com\/es\/tienda\/"},{"@type":"ListItem","position":3,"name":"Traumeel S 3&#215;50 comprimidos \u2013 Heel &#8211; Pack 3"}]},{"@type":"WebSite","@id":"https:\/\/www.lifenatura.com\/es\/#website","url":"https:\/\/www.lifenatura.com\/es\/","name":"Lifenatura","description":"A Lifenatura \u00e9 uma loja de produtos naturais, cosm\u00e9tica natural e alimenta\u00e7\u00e3o Biol\u00f3gica.","publisher":{"@id":"https:\/\/www.lifenatura.com\/es\/#organization"},"potentialAction":[{"@type":"SearchAction","target":{"@type":"EntryPoint","urlTemplate":"https:\/\/www.lifenatura.com\/es\/?s={search_term_string}"},"query-input":{"@type":"PropertyValueSpecification","valueRequired":true,"valueName":"search_term_string"}}],"inLanguage":"es"},{"@type":"Organization","@id":"https:\/\/www.lifenatura.com\/es\/#organization","name":"Lifenatura","url":"https:\/\/www.lifenatura.com\/es\/","logo":{"@type":"ImageObject","inLanguage":"es","@id":"https:\/\/www.lifenatura.com\/es\/#\/schema\/logo\/image\/","url":"https:\/\/www.lifenatura.com\/wp-content\/uploads\/2021\/07\/logo.png","contentUrl":"https:\/\/www.lifenatura.com\/wp-content\/uploads\/2021\/07\/logo.png","width":175,"height":55,"caption":"Lifenatura"},"image":{"@id":"https:\/\/www.lifenatura.com\/es\/#\/schema\/logo\/image\/"},"sameAs":["https:\/\/www.facebook.com\/lifenatura","https:\/\/www.instagram.com\/lifenaturapt\/"],"hasMerchantReturnPolicy":{"@type":"MerchantReturnPolicy","merchantReturnLink":"https:\/\/www.lifenatura.com\/termos-condicoes-lifenatura\/"}}]},"product_price_amount":"32.79","product_price_currency":"EUR","og_availability":"instock","product_availability":"instock","product_retailer_item_id":"55517344","product_condition":"new"},"df_price":32.79,"df_sale_price":32.78,"df_regular_price":56.61,"df_image_link":"https:\/\/www.lifenatura.com\/wp-content\/uploads\/2022\/02\/TRAUMEEL-COMP-300x300.jpg","_links":{"self":[{"href":"https:\/\/www.lifenatura.com\/es\/wp-json\/wp\/v2\/product\/45285","targetHints":{"allow":["GET"]}}],"collection":[{"href":"https:\/\/www.lifenatura.com\/es\/wp-json\/wp\/v2\/product"}],"about":[{"href":"https:\/\/www.lifenatura.com\/es\/wp-json\/wp\/v2\/types\/product"}],"wp:featuredmedia":[{"embeddable":true,"href":"https:\/\/www.lifenatura.com\/es\/wp-json\/wp\/v2\/media\/43918"}],"wp:attachment":[{"href":"https:\/\/www.lifenatura.com\/es\/wp-json\/wp\/v2\/media?parent=45285"}],"wp:term":[{"taxonomy":"product_brand","embeddable":true,"href":"https:\/\/www.lifenatura.com\/es\/wp-json\/wp\/v2\/product_brand?post=45285"},{"taxonomy":"product_cat","embeddable":true,"href":"https:\/\/www.lifenatura.com\/es\/wp-json\/wp\/v2\/product_cat?post=45285"},{"taxonomy":"product_tag","embeddable":true,"href":"https:\/\/www.lifenatura.com\/es\/wp-json\/wp\/v2\/product_tag?post=45285"}],"curies":[{"name":"wp","href":"https:\/\/api.w.org\/{rel}","templated":true}]}}