{"id":45279,"date":"2022-02-22T15:22:19","date_gmt":"2022-02-22T15:22:19","guid":{"rendered":"https:\/\/lifenatura.dev.agenciagetdigital.com\/?post_type=product&#038;p=45279"},"modified":"2026-04-21T00:02:38","modified_gmt":"2026-04-21T00:02:38","slug":"hair-vit-pack-health-aid","status":"publish","type":"product","link":"https:\/\/www.lifenatura.com\/es\/produto\/hair-vit-pack-health-aid\/","title":{"rendered":"Hair-Vit Pack &#8211; Health Aid"},"content":{"rendered":"<h2 style=\"text-align: left;\"><strong>Hair-Vit Indicado para Fortalecer el Cabello<\/strong><\/h2>\n<p style=\"text-align: left;\"><strong>Promoci\u00f3n Envase de 3<\/strong><\/p>\n<p>Hair-vit proporciona los nutrientes vitales y las vitaminas necesarias para un cabello sano. Son ricos en vitaminas del grupo B y amino\u00e1cidos esenciales para ayudar a nutrir la textura, el grosor y el color del cabello.<\/p>\n<p>El cuidado ideal para un cabello fuerte y sano, apto para hombres y mujeres.<\/p>\n<p>Hair Vit de la marca Health Aid es un complemento alimenticio especialmente formulado para nutrir y fortalecer el cabello desde la ra\u00edz. Contiene una combinaci\u00f3n \u00fanica de vitaminas, minerales y amino\u00e1cidos esenciales que ayudan a mantener el cabello sano, brillante y fuerte.<\/p>\n<p>Este producto es ideal para cualquier persona que se enfrente a la ca\u00edda, el debilitamiento o la p\u00e9rdida de volumen del cabello.<\/p>\n<p>Con ingredientes de alta calidad como la biotina, el zinc, el hierro y el col\u00e1geno, Hair Vit favorece el crecimiento sano del cabello y combate los da\u00f1os causados por factores externos e internos como el estr\u00e9s, los cambios hormonales y las carencias nutricionales.<\/p>\n<p><strong>Principales beneficios:<\/strong><\/p>\n<ul>\n<li><strong>Fortalece el cabello<\/strong>: Ayuda a fortalecer las hebras capilares, haci\u00e9ndolas m\u00e1s resistentes a la rotura y a la ca\u00edda del cabello.<\/li>\n<li><strong>Favorece el crecimiento del cabello:<\/strong> Estimula el crecimiento sano del cabello, aumentando su densidad y volumen.<\/li>\n<li><strong>Salud del cuero cabelludo:<\/strong> Mantiene el cuero cabelludo nutrido y equilibrado, evitando problemas como la sequedad y la irritaci\u00f3n.<\/li>\n<li><strong>Acci\u00f3n antioxidante:<\/strong> Protege el cabello contra los da\u00f1os causados por los radicales libres y los factores ambientales.<\/li>\n<\/ul>\n<p><strong>Indicado para:<\/strong><\/p>\n<p>Hair Vit est\u00e1 indicado para hombres y mujeres que quieran mejorar su salud capilar. Es ideal para aquellos que sufren de p\u00e9rdida de cabello, cabello fino o quebradizo, o aquellos que buscan fortalecer y revitalizar su cabello.<\/p>\n<p><strong>PRESENTACI\u00d3N<\/strong><\/p>\n<p>90 C\u00e1psulas x 3<\/p>\n<p>&nbsp;<\/p>\n","protected":false},"excerpt":{"rendered":"<p>Hair-vit ahora disponible en pack de 3 proporciona los nutrientes y amino\u00e1cidos esenciales para ayudar a nutrir y fortalecer el cabello. [&#8230;]<\/p>\n<p><a class=\"btn btn-secondary understrap-read-more-link\" href=\"https:\/\/www.lifenatura.com\/es\/produto\/hair-vit-pack-health-aid\/\">Leer m\u00e1s&#8230;<span class=\"screen-reader-text\"> from Hair-Vit Pack &#8211; Health Aid<\/span><\/a><\/p>\n","protected":false},"featured_media":104070,"template":"","meta":{"_acf_changed":false},"product_brand":[8479],"product_cat":[7263,7237,7179,7883,7273],"product_tag":[],"class_list":{"0":"post-45279","1":"product","2":"type-product","3":"status-publish","4":"has-post-thumbnail","6":"product_brand-health-aid","7":"product_cat-packs-de-salud","8":"product_cat-pelo-unas","9":"product_cat-salud","10":"product_cat-suplementos-alimenticios","11":"product_cat-top-10-ventas","13":"first","14":"instock","15":"sale","16":"shipping-taxable","17":"purchasable","18":"product-type-simple","19":"add-to-wishlist-before_image"},"acf":[],"yoast_head":"<!-- This site is optimized with the Yoast SEO Premium plugin v27.1 (Yoast SEO v27.5) - https:\/\/yoast.com\/product\/yoast-seo-premium-wordpress\/ -->\n<title>Hair-Vit Pack Promoci\u00f3n Health Aid - Lifenatura<\/title>\n<meta name=\"description\" content=\"Hair-vit ahora disponible en pack de 3 proporciona los nutrientes y amino\u00e1cidos esenciales para ayudar a nutrir y fortalecer el cabello.\" \/>\n<meta name=\"robots\" content=\"index, follow, max-snippet:-1, max-image-preview:large, max-video-preview:-1\" \/>\n<link rel=\"canonical\" href=\"https:\/\/www.lifenatura.com\/es\/produto\/hair-vit-pack-health-aid\/\" \/>\n<meta property=\"og:locale\" content=\"es_ES\" \/>\n<meta property=\"og:type\" content=\"article\" \/>\n<meta property=\"og:title\" content=\"Hair-Vit Pack - Health Aid - Na Lifenatura ao Melhor Pre\u00e7o | Envio 48h\" \/>\n<meta property=\"og:description\" content=\"Compre Hair-Vit Pack - Health Aid com envio r\u00e1pido. Entrega em 48h e portes gr\u00e1tis em compras &gt;35\u20ac. Aproveite j\u00e1 na Lifenatura\" \/>\n<meta property=\"og:url\" content=\"https:\/\/www.lifenatura.com\/es\/produto\/hair-vit-pack-health-aid\/\" \/>\n<meta property=\"og:site_name\" content=\"Lifenatura\" \/>\n<meta property=\"article:publisher\" content=\"https:\/\/www.facebook.com\/lifenatura\" \/>\n<meta property=\"article:modified_time\" content=\"2026-04-21T00:02:38+00:00\" \/>\n<meta property=\"og:image\" content=\"https:\/\/www.lifenatura.com\/wp-content\/uploads\/2022\/02\/hair-vit-pack-health-aid.jpg\" \/>\n\t<meta property=\"og:image:width\" content=\"1000\" \/>\n\t<meta property=\"og:image:height\" content=\"1000\" \/>\n\t<meta property=\"og:image:type\" content=\"image\/jpeg\" \/>\n<meta name=\"twitter:card\" content=\"summary_large_image\" \/>\n<meta name=\"twitter:label1\" content=\"Precio\" \/>\n\t<meta name=\"twitter:data1\" content=\"89,90&nbsp;&euro;\" \/>\n\t<meta name=\"twitter:label2\" content=\"Disponibilidad\" \/>\n\t<meta name=\"twitter:data2\" content=\"Disponible\" \/>\n<script type=\"application\/ld+json\" class=\"yoast-schema-graph\">{\"@context\":\"https:\\\/\\\/schema.org\",\"@graph\":[{\"@type\":\"WebPage\",\"@id\":\"https:\\\/\\\/www.lifenatura.com\\\/es\\\/produto\\\/hair-vit-pack-health-aid\\\/\",\"url\":\"https:\\\/\\\/www.lifenatura.com\\\/es\\\/produto\\\/hair-vit-pack-health-aid\\\/\",\"name\":\"Hair-Vit Pack Promoci\u00f3n Health Aid - Lifenatura\",\"isPartOf\":{\"@id\":\"https:\\\/\\\/www.lifenatura.com\\\/es\\\/#website\"},\"primaryImageOfPage\":{\"@id\":\"https:\\\/\\\/www.lifenatura.com\\\/es\\\/produto\\\/hair-vit-pack-health-aid\\\/#primaryimage\"},\"image\":{\"@id\":\"https:\\\/\\\/www.lifenatura.com\\\/es\\\/produto\\\/hair-vit-pack-health-aid\\\/#primaryimage\"},\"thumbnailUrl\":\"https:\\\/\\\/www.lifenatura.com\\\/wp-content\\\/uploads\\\/2022\\\/02\\\/hair-vit-pack-health-aid.jpg\",\"datePublished\":\"2022-02-22T15:22:19+00:00\",\"dateModified\":\"2026-04-21T00:02:38+00:00\",\"description\":\"Hair-vit ahora disponible en pack de 3 proporciona los nutrientes y amino\u00e1cidos esenciales para ayudar a nutrir y fortalecer el cabello.\",\"breadcrumb\":{\"@id\":\"https:\\\/\\\/www.lifenatura.com\\\/es\\\/produto\\\/hair-vit-pack-health-aid\\\/#breadcrumb\"},\"inLanguage\":\"es\",\"potentialAction\":[{\"@type\":\"ReadAction\",\"target\":[\"https:\\\/\\\/www.lifenatura.com\\\/es\\\/produto\\\/hair-vit-pack-health-aid\\\/\"]}]},{\"@type\":\"ImageObject\",\"inLanguage\":\"es\",\"@id\":\"https:\\\/\\\/www.lifenatura.com\\\/es\\\/produto\\\/hair-vit-pack-health-aid\\\/#primaryimage\",\"url\":\"https:\\\/\\\/www.lifenatura.com\\\/wp-content\\\/uploads\\\/2022\\\/02\\\/hair-vit-pack-health-aid.jpg\",\"contentUrl\":\"https:\\\/\\\/www.lifenatura.com\\\/wp-content\\\/uploads\\\/2022\\\/02\\\/hair-vit-pack-health-aid.jpg\",\"width\":1000,\"height\":1000,\"caption\":\"Hair vit pack 3 unidades da Health aid\"},{\"@type\":\"BreadcrumbList\",\"@id\":\"https:\\\/\\\/www.lifenatura.com\\\/es\\\/produto\\\/hair-vit-pack-health-aid\\\/#breadcrumb\",\"itemListElement\":[{\"@type\":\"ListItem\",\"position\":1,\"name\":\"In\u00edcio\",\"item\":\"https:\\\/\\\/www.lifenatura.com\\\/es\\\/\"},{\"@type\":\"ListItem\",\"position\":2,\"name\":\"Todos los Productos\",\"item\":\"https:\\\/\\\/www.lifenatura.com\\\/es\\\/tienda\\\/\"},{\"@type\":\"ListItem\",\"position\":3,\"name\":\"Hair-Vit Pack &#8211; Health Aid\"}]},{\"@type\":\"WebSite\",\"@id\":\"https:\\\/\\\/www.lifenatura.com\\\/es\\\/#website\",\"url\":\"https:\\\/\\\/www.lifenatura.com\\\/es\\\/\",\"name\":\"Lifenatura\",\"description\":\"A Lifenatura \u00e9 uma loja de produtos naturais, cosm\u00e9tica natural e alimenta\u00e7\u00e3o Biol\u00f3gica.\",\"publisher\":{\"@id\":\"https:\\\/\\\/www.lifenatura.com\\\/es\\\/#organization\"},\"potentialAction\":[{\"@type\":\"SearchAction\",\"target\":{\"@type\":\"EntryPoint\",\"urlTemplate\":\"https:\\\/\\\/www.lifenatura.com\\\/es\\\/?s={search_term_string}\"},\"query-input\":{\"@type\":\"PropertyValueSpecification\",\"valueRequired\":true,\"valueName\":\"search_term_string\"}}],\"inLanguage\":\"es\"},{\"@type\":\"Organization\",\"@id\":\"https:\\\/\\\/www.lifenatura.com\\\/es\\\/#organization\",\"name\":\"Lifenatura\",\"url\":\"https:\\\/\\\/www.lifenatura.com\\\/es\\\/\",\"logo\":{\"@type\":\"ImageObject\",\"inLanguage\":\"es\",\"@id\":\"https:\\\/\\\/www.lifenatura.com\\\/es\\\/#\\\/schema\\\/logo\\\/image\\\/\",\"url\":\"https:\\\/\\\/www.lifenatura.com\\\/wp-content\\\/uploads\\\/2021\\\/07\\\/logo.png\",\"contentUrl\":\"https:\\\/\\\/www.lifenatura.com\\\/wp-content\\\/uploads\\\/2021\\\/07\\\/logo.png\",\"width\":175,\"height\":55,\"caption\":\"Lifenatura\"},\"image\":{\"@id\":\"https:\\\/\\\/www.lifenatura.com\\\/es\\\/#\\\/schema\\\/logo\\\/image\\\/\"},\"sameAs\":[\"https:\\\/\\\/www.facebook.com\\\/lifenatura\",\"https:\\\/\\\/www.instagram.com\\\/lifenaturapt\\\/\"],\"hasMerchantReturnPolicy\":{\"@type\":\"MerchantReturnPolicy\",\"merchantReturnLink\":\"https:\\\/\\\/www.lifenatura.com\\\/termos-condicoes-lifenatura\\\/\"}}]}<\/script>\n<meta property=\"product:price:amount\" content=\"89.90\" \/>\n<meta property=\"product:price:currency\" content=\"EUR\" \/>\n<meta property=\"og:availability\" content=\"instock\" \/>\n<meta property=\"product:availability\" content=\"instock\" \/>\n<meta property=\"product:retailer_item_id\" content=\"5019781000784pack\" \/>\n<meta property=\"product:condition\" content=\"new\" \/>\n<!-- \/ Yoast SEO Premium plugin. -->","yoast_head_json":{"title":"Hair-Vit Pack Promoci\u00f3n Health Aid - Lifenatura","description":"Hair-vit ahora disponible en pack de 3 proporciona los nutrientes y amino\u00e1cidos esenciales para ayudar a nutrir y fortalecer el cabello.","robots":{"index":"index","follow":"follow","max-snippet":"max-snippet:-1","max-image-preview":"max-image-preview:large","max-video-preview":"max-video-preview:-1"},"canonical":"https:\/\/www.lifenatura.com\/es\/produto\/hair-vit-pack-health-aid\/","og_locale":"es_ES","og_type":"article","og_title":"Hair-Vit Pack - Health Aid - Na Lifenatura ao Melhor Pre\u00e7o | Envio 48h","og_description":"Compre Hair-Vit Pack - Health Aid com envio r\u00e1pido. Entrega em 48h e portes gr\u00e1tis em compras >35\u20ac. Aproveite j\u00e1 na Lifenatura","og_url":"https:\/\/www.lifenatura.com\/es\/produto\/hair-vit-pack-health-aid\/","og_site_name":"Lifenatura","article_publisher":"https:\/\/www.facebook.com\/lifenatura","article_modified_time":"2026-04-21T00:02:38+00:00","og_image":[{"width":1000,"height":1000,"url":"https:\/\/www.lifenatura.com\/wp-content\/uploads\/2022\/02\/hair-vit-pack-health-aid.jpg","type":"image\/jpeg"}],"twitter_card":"summary_large_image","twitter_misc":{"Precio":"89,90&nbsp;&euro;","Disponibilidad":"Disponible"},"schema":{"@context":"https:\/\/schema.org","@graph":[{"@type":"WebPage","@id":"https:\/\/www.lifenatura.com\/es\/produto\/hair-vit-pack-health-aid\/","url":"https:\/\/www.lifenatura.com\/es\/produto\/hair-vit-pack-health-aid\/","name":"Hair-Vit Pack Promoci\u00f3n Health Aid - Lifenatura","isPartOf":{"@id":"https:\/\/www.lifenatura.com\/es\/#website"},"primaryImageOfPage":{"@id":"https:\/\/www.lifenatura.com\/es\/produto\/hair-vit-pack-health-aid\/#primaryimage"},"image":{"@id":"https:\/\/www.lifenatura.com\/es\/produto\/hair-vit-pack-health-aid\/#primaryimage"},"thumbnailUrl":"https:\/\/www.lifenatura.com\/wp-content\/uploads\/2022\/02\/hair-vit-pack-health-aid.jpg","datePublished":"2022-02-22T15:22:19+00:00","dateModified":"2026-04-21T00:02:38+00:00","description":"Hair-vit ahora disponible en pack de 3 proporciona los nutrientes y amino\u00e1cidos esenciales para ayudar a nutrir y fortalecer el cabello.","breadcrumb":{"@id":"https:\/\/www.lifenatura.com\/es\/produto\/hair-vit-pack-health-aid\/#breadcrumb"},"inLanguage":"es","potentialAction":[{"@type":"ReadAction","target":["https:\/\/www.lifenatura.com\/es\/produto\/hair-vit-pack-health-aid\/"]}]},{"@type":"ImageObject","inLanguage":"es","@id":"https:\/\/www.lifenatura.com\/es\/produto\/hair-vit-pack-health-aid\/#primaryimage","url":"https:\/\/www.lifenatura.com\/wp-content\/uploads\/2022\/02\/hair-vit-pack-health-aid.jpg","contentUrl":"https:\/\/www.lifenatura.com\/wp-content\/uploads\/2022\/02\/hair-vit-pack-health-aid.jpg","width":1000,"height":1000,"caption":"Hair vit pack 3 unidades da Health aid"},{"@type":"BreadcrumbList","@id":"https:\/\/www.lifenatura.com\/es\/produto\/hair-vit-pack-health-aid\/#breadcrumb","itemListElement":[{"@type":"ListItem","position":1,"name":"In\u00edcio","item":"https:\/\/www.lifenatura.com\/es\/"},{"@type":"ListItem","position":2,"name":"Todos los Productos","item":"https:\/\/www.lifenatura.com\/es\/tienda\/"},{"@type":"ListItem","position":3,"name":"Hair-Vit Pack &#8211; Health Aid"}]},{"@type":"WebSite","@id":"https:\/\/www.lifenatura.com\/es\/#website","url":"https:\/\/www.lifenatura.com\/es\/","name":"Lifenatura","description":"A Lifenatura \u00e9 uma loja de produtos naturais, cosm\u00e9tica natural e alimenta\u00e7\u00e3o Biol\u00f3gica.","publisher":{"@id":"https:\/\/www.lifenatura.com\/es\/#organization"},"potentialAction":[{"@type":"SearchAction","target":{"@type":"EntryPoint","urlTemplate":"https:\/\/www.lifenatura.com\/es\/?s={search_term_string}"},"query-input":{"@type":"PropertyValueSpecification","valueRequired":true,"valueName":"search_term_string"}}],"inLanguage":"es"},{"@type":"Organization","@id":"https:\/\/www.lifenatura.com\/es\/#organization","name":"Lifenatura","url":"https:\/\/www.lifenatura.com\/es\/","logo":{"@type":"ImageObject","inLanguage":"es","@id":"https:\/\/www.lifenatura.com\/es\/#\/schema\/logo\/image\/","url":"https:\/\/www.lifenatura.com\/wp-content\/uploads\/2021\/07\/logo.png","contentUrl":"https:\/\/www.lifenatura.com\/wp-content\/uploads\/2021\/07\/logo.png","width":175,"height":55,"caption":"Lifenatura"},"image":{"@id":"https:\/\/www.lifenatura.com\/es\/#\/schema\/logo\/image\/"},"sameAs":["https:\/\/www.facebook.com\/lifenatura","https:\/\/www.instagram.com\/lifenaturapt\/"],"hasMerchantReturnPolicy":{"@type":"MerchantReturnPolicy","merchantReturnLink":"https:\/\/www.lifenatura.com\/termos-condicoes-lifenatura\/"}}]},"product_price_amount":"89.90","product_price_currency":"EUR","og_availability":"instock","product_availability":"instock","product_retailer_item_id":"5019781000784pack","product_condition":"new"},"df_price":89.9,"df_sale_price":89.9,"df_regular_price":200.55,"df_image_link":"https:\/\/www.lifenatura.com\/wp-content\/uploads\/2022\/02\/hair-vit-pack-health-aid-300x300.jpg","_links":{"self":[{"href":"https:\/\/www.lifenatura.com\/es\/wp-json\/wp\/v2\/product\/45279","targetHints":{"allow":["GET"]}}],"collection":[{"href":"https:\/\/www.lifenatura.com\/es\/wp-json\/wp\/v2\/product"}],"about":[{"href":"https:\/\/www.lifenatura.com\/es\/wp-json\/wp\/v2\/types\/product"}],"wp:featuredmedia":[{"embeddable":true,"href":"https:\/\/www.lifenatura.com\/es\/wp-json\/wp\/v2\/media\/104070"}],"wp:attachment":[{"href":"https:\/\/www.lifenatura.com\/es\/wp-json\/wp\/v2\/media?parent=45279"}],"wp:term":[{"taxonomy":"product_brand","embeddable":true,"href":"https:\/\/www.lifenatura.com\/es\/wp-json\/wp\/v2\/product_brand?post=45279"},{"taxonomy":"product_cat","embeddable":true,"href":"https:\/\/www.lifenatura.com\/es\/wp-json\/wp\/v2\/product_cat?post=45279"},{"taxonomy":"product_tag","embeddable":true,"href":"https:\/\/www.lifenatura.com\/es\/wp-json\/wp\/v2\/product_tag?post=45279"}],"curies":[{"name":"wp","href":"https:\/\/api.w.org\/{rel}","templated":true}]}}