{"id":45278,"date":"2022-02-18T16:29:49","date_gmt":"2022-02-18T16:29:49","guid":{"rendered":"https:\/\/lifenatura.dev.agenciagetdigital.com\/?post_type=product&#038;p=45278"},"modified":"2026-04-21T00:02:37","modified_gmt":"2026-04-21T00:02:37","slug":"acidophilus-bifidus-8-bilioes-probioticos-lleve-3-pago-2-now","status":"publish","type":"product","link":"https:\/\/www.lifenatura.com\/es\/produto\/acidophilus-bifidus-8-bilioes-probioticos-lleve-3-pago-2-now\/","title":{"rendered":"Probi\u00f3ticos 8 Billion Acidophilus Lleve 3 Pago 2 &#8211; Now"},"content":{"rendered":"<h2 style=\"text-align: left;\"><strong>El probi\u00f3tico acidophilus de Now para fortalecer el tracto digestivo &#8211; Lleva 3 Paga 2<\/strong><\/h2>\n<p>&nbsp;<\/p>\n<p>8 mil millones de Acidophilus &amp; Bifidus es un probi\u00f3tico que fortalece el tracto digestivo con un poderoso ej\u00e9rcito de 8 mil millones de probi\u00f3ticos para ayudar a maximizar la absorci\u00f3n de nutrientes y mejorar la funci\u00f3n digestiva.<\/p>\n<p><strong>Ahora disponible en un pack promocional Toma 3 Paga 2<\/strong><\/p>\n<p>Estos microorganismos vivos desempe\u00f1an un papel fundamental en el equilibrio de la flora intestinal, esencial para una digesti\u00f3n sana, la absorci\u00f3n de nutrientes, la regulaci\u00f3n del tr\u00e1nsito intestinal y el refuerzo del sistema inmunitario. Su acci\u00f3n tambi\u00e9n ayuda a combatir el crecimiento excesivo de bacterias pat\u00f3genas, restaurando el microbioma tras periodos de estr\u00e9s, uso de antibi\u00f3ticos o una dieta desequilibrada.<\/p>\n<p>La f\u00f3rmula de NOW no contiene gluten, lactosa, soja ni ingredientes artificiales, por lo que es apta para dietas restrictivas, incluidos los veganos. Las c\u00e1psulas est\u00e1n envasadas de tal forma que preservan la viabilidad de las cepas probi\u00f3ticas hasta el momento de la ingesti\u00f3n.<\/p>\n<p><strong>Principales beneficios:<\/strong><\/p>\n<ul>\n<li>Contiene 8.000 millones de cultivos vivos por c\u00e1psula<\/li>\n<li>Favorece la salud digestiva y el equilibrio intestinal<\/li>\n<li>Refuerza el sistema inmunitario<\/li>\n<li>Ayuda a restablecer la flora intestinal despu\u00e9s de tomar antibi\u00f3ticos<\/li>\n<li>Sin gluten, lactosa ni conservantes artificiales<\/li>\n<li>Apto para veganos y dietas sensibles<\/li>\n<\/ul>\n<p><strong>Adecuado para:<\/strong><\/p>\n<ul>\n<li>Personas con digestiones sensibles o irregularidades intestinales<\/li>\n<li>Personas que hayan tomado antibi\u00f3ticos recientemente<\/li>\n<li>Personas que desean reforzar su sistema inmunitario de forma natural<\/li>\n<li>Adultos que buscan un equilibrio digestivo diario<\/li>\n<\/ul>\n<p><strong>PRESENTACI\u00d3N<\/strong><br \/>\n60 c\u00e1psulas x 3<\/p>\n<p>&nbsp;<\/p>\n","protected":false},"excerpt":{"rendered":"<p>Fortalece el tracto digestivo con un poderoso ej\u00e9rcito de probi\u00f3ticos de 8 billones para ayudar la absorci\u00f3n de nutrientes, ahora Lleva 3 Paga 2. [&#8230;]<\/p>\n<p><a class=\"btn btn-secondary understrap-read-more-link\" href=\"https:\/\/www.lifenatura.com\/es\/produto\/acidophilus-bifidus-8-bilioes-probioticos-lleve-3-pago-2-now\/\">Leer m\u00e1s&#8230;<span class=\"screen-reader-text\"> from Probi\u00f3ticos 8 Billion Acidophilus Lleve 3 Pago 2 &#8211; Now<\/span><\/a><\/p>\n","protected":false},"featured_media":112764,"template":"","meta":{"_acf_changed":false},"product_brand":[8428],"product_cat":[7256,7276,7770],"product_tag":[],"class_list":{"0":"post-45278","1":"product","2":"type-product","3":"status-publish","4":"has-post-thumbnail","6":"product_brand-now","7":"product_cat-flora-intestinal-salud","8":"product_cat-lleve-3-pago-2","9":"product_cat-probioticos-es","11":"first","12":"instock","13":"sale","14":"shipping-taxable","15":"purchasable","16":"product-type-woosb","17":"add-to-wishlist-before_image"},"acf":[],"yoast_head":"<!-- This site is optimized with the Yoast SEO Premium plugin v27.1 (Yoast SEO v27.5) - https:\/\/yoast.com\/product\/yoast-seo-premium-wordpress\/ -->\n<title>Probi\u00f3ticos 8 bili\u00f5es Acidophilus Lleve 3 Pago 2 - Now<\/title>\n<meta name=\"description\" content=\"Fortalece el tracto digestivo con un poderoso ej\u00e9rcito de probi\u00f3ticos de 8 billones para ayudar la absorci\u00f3n de nutrientes, ahora Lleva 3 Paga 2.\" \/>\n<meta name=\"robots\" content=\"index, follow, max-snippet:-1, max-image-preview:large, max-video-preview:-1\" \/>\n<link rel=\"canonical\" href=\"https:\/\/www.lifenatura.com\/es\/produto\/acidophilus-bifidus-8-bilioes-probioticos-lleve-3-pago-2-now\/\" \/>\n<meta property=\"og:locale\" content=\"es_ES\" \/>\n<meta property=\"og:type\" content=\"article\" \/>\n<meta property=\"og:title\" content=\"Probi\u00f3ticos 8 Billion Acidophilus Lleve 3 Pago 2 - Now - Na Lifenatura ao Melhor Pre\u00e7o | Envio 48h\" \/>\n<meta property=\"og:description\" content=\"Compre Probi\u00f3ticos 8 Billion Acidophilus Lleve 3 Pago 2 - Now com envio r\u00e1pido. Entrega em 48h e portes gr\u00e1tis em compras &gt;35\u20ac. Aproveite j\u00e1 na Lifenatura\" \/>\n<meta property=\"og:url\" content=\"https:\/\/www.lifenatura.com\/es\/produto\/acidophilus-bifidus-8-bilioes-probioticos-lleve-3-pago-2-now\/\" \/>\n<meta property=\"og:site_name\" content=\"Lifenatura\" \/>\n<meta property=\"article:publisher\" content=\"https:\/\/www.facebook.com\/lifenatura\" \/>\n<meta property=\"article:modified_time\" content=\"2026-04-21T00:02:37+00:00\" \/>\n<meta property=\"og:image\" content=\"https:\/\/www.lifenatura.com\/wp-content\/uploads\/2021\/09\/probioticos-acidophilus-l3p2-now.jpg\" \/>\n\t<meta property=\"og:image:width\" content=\"1000\" \/>\n\t<meta property=\"og:image:height\" content=\"1000\" \/>\n\t<meta property=\"og:image:type\" content=\"image\/jpeg\" \/>\n<meta name=\"twitter:card\" content=\"summary_large_image\" \/>\n<meta name=\"twitter:label1\" content=\"Precio\" \/>\n\t<meta name=\"twitter:data1\" content=\"52,99&nbsp;&euro;\" \/>\n\t<meta name=\"twitter:label2\" content=\"Disponibilidad\" \/>\n\t<meta name=\"twitter:data2\" content=\"Disponible\" \/>\n<script type=\"application\/ld+json\" class=\"yoast-schema-graph\">{\"@context\":\"https:\\\/\\\/schema.org\",\"@graph\":[{\"@type\":\"WebPage\",\"@id\":\"https:\\\/\\\/www.lifenatura.com\\\/es\\\/produto\\\/acidophilus-bifidus-8-bilioes-probioticos-lleve-3-pago-2-now\\\/\",\"url\":\"https:\\\/\\\/www.lifenatura.com\\\/es\\\/produto\\\/acidophilus-bifidus-8-bilioes-probioticos-lleve-3-pago-2-now\\\/\",\"name\":\"Probi\u00f3ticos 8 bili\u00f5es Acidophilus Lleve 3 Pago 2 - Now\",\"isPartOf\":{\"@id\":\"https:\\\/\\\/www.lifenatura.com\\\/es\\\/#website\"},\"primaryImageOfPage\":{\"@id\":\"https:\\\/\\\/www.lifenatura.com\\\/es\\\/produto\\\/acidophilus-bifidus-8-bilioes-probioticos-lleve-3-pago-2-now\\\/#primaryimage\"},\"image\":{\"@id\":\"https:\\\/\\\/www.lifenatura.com\\\/es\\\/produto\\\/acidophilus-bifidus-8-bilioes-probioticos-lleve-3-pago-2-now\\\/#primaryimage\"},\"thumbnailUrl\":\"https:\\\/\\\/www.lifenatura.com\\\/wp-content\\\/uploads\\\/2021\\\/09\\\/probioticos-acidophilus-l3p2-now.jpg\",\"datePublished\":\"2022-02-18T16:29:49+00:00\",\"dateModified\":\"2026-04-21T00:02:37+00:00\",\"description\":\"Fortalece el tracto digestivo con un poderoso ej\u00e9rcito de probi\u00f3ticos de 8 billones para ayudar la absorci\u00f3n de nutrientes, ahora Lleva 3 Paga 2.\",\"breadcrumb\":{\"@id\":\"https:\\\/\\\/www.lifenatura.com\\\/es\\\/produto\\\/acidophilus-bifidus-8-bilioes-probioticos-lleve-3-pago-2-now\\\/#breadcrumb\"},\"inLanguage\":\"es\",\"potentialAction\":[{\"@type\":\"ReadAction\",\"target\":[\"https:\\\/\\\/www.lifenatura.com\\\/es\\\/produto\\\/acidophilus-bifidus-8-bilioes-probioticos-lleve-3-pago-2-now\\\/\"]}]},{\"@type\":\"ImageObject\",\"inLanguage\":\"es\",\"@id\":\"https:\\\/\\\/www.lifenatura.com\\\/es\\\/produto\\\/acidophilus-bifidus-8-bilioes-probioticos-lleve-3-pago-2-now\\\/#primaryimage\",\"url\":\"https:\\\/\\\/www.lifenatura.com\\\/wp-content\\\/uploads\\\/2021\\\/09\\\/probioticos-acidophilus-l3p2-now.jpg\",\"contentUrl\":\"https:\\\/\\\/www.lifenatura.com\\\/wp-content\\\/uploads\\\/2021\\\/09\\\/probioticos-acidophilus-l3p2-now.jpg\",\"width\":1000,\"height\":1000,\"caption\":\"Pack Leve 3 Pague 2 Probi\u00f3ticos Acidophilus da Now\"},{\"@type\":\"BreadcrumbList\",\"@id\":\"https:\\\/\\\/www.lifenatura.com\\\/es\\\/produto\\\/acidophilus-bifidus-8-bilioes-probioticos-lleve-3-pago-2-now\\\/#breadcrumb\",\"itemListElement\":[{\"@type\":\"ListItem\",\"position\":1,\"name\":\"In\u00edcio\",\"item\":\"https:\\\/\\\/www.lifenatura.com\\\/es\\\/\"},{\"@type\":\"ListItem\",\"position\":2,\"name\":\"Todos los Productos\",\"item\":\"https:\\\/\\\/www.lifenatura.com\\\/es\\\/tienda\\\/\"},{\"@type\":\"ListItem\",\"position\":3,\"name\":\"Probi\u00f3ticos 8 Billion Acidophilus Lleve 3 Pago 2 &#8211; Now\"}]},{\"@type\":\"WebSite\",\"@id\":\"https:\\\/\\\/www.lifenatura.com\\\/es\\\/#website\",\"url\":\"https:\\\/\\\/www.lifenatura.com\\\/es\\\/\",\"name\":\"Lifenatura\",\"description\":\"A Lifenatura \u00e9 uma loja de produtos naturais, cosm\u00e9tica natural e alimenta\u00e7\u00e3o Biol\u00f3gica.\",\"publisher\":{\"@id\":\"https:\\\/\\\/www.lifenatura.com\\\/es\\\/#organization\"},\"potentialAction\":[{\"@type\":\"SearchAction\",\"target\":{\"@type\":\"EntryPoint\",\"urlTemplate\":\"https:\\\/\\\/www.lifenatura.com\\\/es\\\/?s={search_term_string}\"},\"query-input\":{\"@type\":\"PropertyValueSpecification\",\"valueRequired\":true,\"valueName\":\"search_term_string\"}}],\"inLanguage\":\"es\"},{\"@type\":\"Organization\",\"@id\":\"https:\\\/\\\/www.lifenatura.com\\\/es\\\/#organization\",\"name\":\"Lifenatura\",\"url\":\"https:\\\/\\\/www.lifenatura.com\\\/es\\\/\",\"logo\":{\"@type\":\"ImageObject\",\"inLanguage\":\"es\",\"@id\":\"https:\\\/\\\/www.lifenatura.com\\\/es\\\/#\\\/schema\\\/logo\\\/image\\\/\",\"url\":\"https:\\\/\\\/www.lifenatura.com\\\/wp-content\\\/uploads\\\/2021\\\/07\\\/logo.png\",\"contentUrl\":\"https:\\\/\\\/www.lifenatura.com\\\/wp-content\\\/uploads\\\/2021\\\/07\\\/logo.png\",\"width\":175,\"height\":55,\"caption\":\"Lifenatura\"},\"image\":{\"@id\":\"https:\\\/\\\/www.lifenatura.com\\\/es\\\/#\\\/schema\\\/logo\\\/image\\\/\"},\"sameAs\":[\"https:\\\/\\\/www.facebook.com\\\/lifenatura\",\"https:\\\/\\\/www.instagram.com\\\/lifenaturapt\\\/\"],\"hasMerchantReturnPolicy\":{\"@type\":\"MerchantReturnPolicy\",\"merchantReturnLink\":\"https:\\\/\\\/www.lifenatura.com\\\/termos-condicoes-lifenatura\\\/\"}}]}<\/script>\n<meta property=\"product:price:amount\" content=\"52.99\" \/>\n<meta property=\"product:price:currency\" content=\"EUR\" \/>\n<meta property=\"og:availability\" content=\"instock\" \/>\n<meta property=\"product:availability\" content=\"instock\" \/>\n<meta property=\"product:retailer_item_id\" content=\"7337390293000\" \/>\n<meta property=\"product:condition\" content=\"new\" \/>\n<!-- \/ Yoast SEO Premium plugin. -->","yoast_head_json":{"title":"Probi\u00f3ticos 8 bili\u00f5es Acidophilus Lleve 3 Pago 2 - Now","description":"Fortalece el tracto digestivo con un poderoso ej\u00e9rcito de probi\u00f3ticos de 8 billones para ayudar la absorci\u00f3n de nutrientes, ahora Lleva 3 Paga 2.","robots":{"index":"index","follow":"follow","max-snippet":"max-snippet:-1","max-image-preview":"max-image-preview:large","max-video-preview":"max-video-preview:-1"},"canonical":"https:\/\/www.lifenatura.com\/es\/produto\/acidophilus-bifidus-8-bilioes-probioticos-lleve-3-pago-2-now\/","og_locale":"es_ES","og_type":"article","og_title":"Probi\u00f3ticos 8 Billion Acidophilus Lleve 3 Pago 2 - Now - Na Lifenatura ao Melhor Pre\u00e7o | Envio 48h","og_description":"Compre Probi\u00f3ticos 8 Billion Acidophilus Lleve 3 Pago 2 - Now com envio r\u00e1pido. Entrega em 48h e portes gr\u00e1tis em compras >35\u20ac. Aproveite j\u00e1 na Lifenatura","og_url":"https:\/\/www.lifenatura.com\/es\/produto\/acidophilus-bifidus-8-bilioes-probioticos-lleve-3-pago-2-now\/","og_site_name":"Lifenatura","article_publisher":"https:\/\/www.facebook.com\/lifenatura","article_modified_time":"2026-04-21T00:02:37+00:00","og_image":[{"width":1000,"height":1000,"url":"https:\/\/www.lifenatura.com\/wp-content\/uploads\/2021\/09\/probioticos-acidophilus-l3p2-now.jpg","type":"image\/jpeg"}],"twitter_card":"summary_large_image","twitter_misc":{"Precio":"52,99&nbsp;&euro;","Disponibilidad":"Disponible"},"schema":{"@context":"https:\/\/schema.org","@graph":[{"@type":"WebPage","@id":"https:\/\/www.lifenatura.com\/es\/produto\/acidophilus-bifidus-8-bilioes-probioticos-lleve-3-pago-2-now\/","url":"https:\/\/www.lifenatura.com\/es\/produto\/acidophilus-bifidus-8-bilioes-probioticos-lleve-3-pago-2-now\/","name":"Probi\u00f3ticos 8 bili\u00f5es Acidophilus Lleve 3 Pago 2 - Now","isPartOf":{"@id":"https:\/\/www.lifenatura.com\/es\/#website"},"primaryImageOfPage":{"@id":"https:\/\/www.lifenatura.com\/es\/produto\/acidophilus-bifidus-8-bilioes-probioticos-lleve-3-pago-2-now\/#primaryimage"},"image":{"@id":"https:\/\/www.lifenatura.com\/es\/produto\/acidophilus-bifidus-8-bilioes-probioticos-lleve-3-pago-2-now\/#primaryimage"},"thumbnailUrl":"https:\/\/www.lifenatura.com\/wp-content\/uploads\/2021\/09\/probioticos-acidophilus-l3p2-now.jpg","datePublished":"2022-02-18T16:29:49+00:00","dateModified":"2026-04-21T00:02:37+00:00","description":"Fortalece el tracto digestivo con un poderoso ej\u00e9rcito de probi\u00f3ticos de 8 billones para ayudar la absorci\u00f3n de nutrientes, ahora Lleva 3 Paga 2.","breadcrumb":{"@id":"https:\/\/www.lifenatura.com\/es\/produto\/acidophilus-bifidus-8-bilioes-probioticos-lleve-3-pago-2-now\/#breadcrumb"},"inLanguage":"es","potentialAction":[{"@type":"ReadAction","target":["https:\/\/www.lifenatura.com\/es\/produto\/acidophilus-bifidus-8-bilioes-probioticos-lleve-3-pago-2-now\/"]}]},{"@type":"ImageObject","inLanguage":"es","@id":"https:\/\/www.lifenatura.com\/es\/produto\/acidophilus-bifidus-8-bilioes-probioticos-lleve-3-pago-2-now\/#primaryimage","url":"https:\/\/www.lifenatura.com\/wp-content\/uploads\/2021\/09\/probioticos-acidophilus-l3p2-now.jpg","contentUrl":"https:\/\/www.lifenatura.com\/wp-content\/uploads\/2021\/09\/probioticos-acidophilus-l3p2-now.jpg","width":1000,"height":1000,"caption":"Pack Leve 3 Pague 2 Probi\u00f3ticos Acidophilus da Now"},{"@type":"BreadcrumbList","@id":"https:\/\/www.lifenatura.com\/es\/produto\/acidophilus-bifidus-8-bilioes-probioticos-lleve-3-pago-2-now\/#breadcrumb","itemListElement":[{"@type":"ListItem","position":1,"name":"In\u00edcio","item":"https:\/\/www.lifenatura.com\/es\/"},{"@type":"ListItem","position":2,"name":"Todos los Productos","item":"https:\/\/www.lifenatura.com\/es\/tienda\/"},{"@type":"ListItem","position":3,"name":"Probi\u00f3ticos 8 Billion Acidophilus Lleve 3 Pago 2 &#8211; Now"}]},{"@type":"WebSite","@id":"https:\/\/www.lifenatura.com\/es\/#website","url":"https:\/\/www.lifenatura.com\/es\/","name":"Lifenatura","description":"A Lifenatura \u00e9 uma loja de produtos naturais, cosm\u00e9tica natural e alimenta\u00e7\u00e3o Biol\u00f3gica.","publisher":{"@id":"https:\/\/www.lifenatura.com\/es\/#organization"},"potentialAction":[{"@type":"SearchAction","target":{"@type":"EntryPoint","urlTemplate":"https:\/\/www.lifenatura.com\/es\/?s={search_term_string}"},"query-input":{"@type":"PropertyValueSpecification","valueRequired":true,"valueName":"search_term_string"}}],"inLanguage":"es"},{"@type":"Organization","@id":"https:\/\/www.lifenatura.com\/es\/#organization","name":"Lifenatura","url":"https:\/\/www.lifenatura.com\/es\/","logo":{"@type":"ImageObject","inLanguage":"es","@id":"https:\/\/www.lifenatura.com\/es\/#\/schema\/logo\/image\/","url":"https:\/\/www.lifenatura.com\/wp-content\/uploads\/2021\/07\/logo.png","contentUrl":"https:\/\/www.lifenatura.com\/wp-content\/uploads\/2021\/07\/logo.png","width":175,"height":55,"caption":"Lifenatura"},"image":{"@id":"https:\/\/www.lifenatura.com\/es\/#\/schema\/logo\/image\/"},"sameAs":["https:\/\/www.facebook.com\/lifenatura","https:\/\/www.instagram.com\/lifenaturapt\/"],"hasMerchantReturnPolicy":{"@type":"MerchantReturnPolicy","merchantReturnLink":"https:\/\/www.lifenatura.com\/termos-condicoes-lifenatura\/"}}]},"product_price_amount":"52.99","product_price_currency":"EUR","og_availability":"instock","product_availability":"instock","product_retailer_item_id":"7337390293000","product_condition":"new"},"df_price":52.99,"df_sale_price":52.99,"df_regular_price":77.94,"df_image_link":"https:\/\/www.lifenatura.com\/wp-content\/uploads\/2021\/09\/probioticos-acidophilus-l3p2-now-300x300.jpg","_links":{"self":[{"href":"https:\/\/www.lifenatura.com\/es\/wp-json\/wp\/v2\/product\/45278","targetHints":{"allow":["GET"]}}],"collection":[{"href":"https:\/\/www.lifenatura.com\/es\/wp-json\/wp\/v2\/product"}],"about":[{"href":"https:\/\/www.lifenatura.com\/es\/wp-json\/wp\/v2\/types\/product"}],"wp:featuredmedia":[{"embeddable":true,"href":"https:\/\/www.lifenatura.com\/es\/wp-json\/wp\/v2\/media\/112764"}],"wp:attachment":[{"href":"https:\/\/www.lifenatura.com\/es\/wp-json\/wp\/v2\/media?parent=45278"}],"wp:term":[{"taxonomy":"product_brand","embeddable":true,"href":"https:\/\/www.lifenatura.com\/es\/wp-json\/wp\/v2\/product_brand?post=45278"},{"taxonomy":"product_cat","embeddable":true,"href":"https:\/\/www.lifenatura.com\/es\/wp-json\/wp\/v2\/product_cat?post=45278"},{"taxonomy":"product_tag","embeddable":true,"href":"https:\/\/www.lifenatura.com\/es\/wp-json\/wp\/v2\/product_tag?post=45278"}],"curies":[{"name":"wp","href":"https:\/\/api.w.org\/{rel}","templated":true}]}}