{"id":45261,"date":"2022-02-17T10:08:46","date_gmt":"2022-02-17T10:08:46","guid":{"rendered":"https:\/\/lifenatura.dev.agenciagetdigital.com\/?post_type=product&#038;p=45261"},"modified":"2026-04-21T00:02:33","modified_gmt":"2026-04-21T00:02:33","slug":"oleo-de-onagra-super-primrose-1300-mg-lleve-3-pago-2-now","status":"publish","type":"product","link":"https:\/\/www.lifenatura.com\/es\/produto\/oleo-de-onagra-super-primrose-1300-mg-lleve-3-pago-2-now\/","title":{"rendered":"Oleo de Onagra &#8211; Super Primrose 1300 mg Lleve 3 Pago 2 &#8211; Now"},"content":{"rendered":"<h2 style=\"text-align: left;\"><strong>Aceite de Onagra: Indicado para la Menopausia<\/strong><\/h2>\n<p>&nbsp;<\/p>\n<p>Super Primrose Evening Primrose Oil es un suplemento diet\u00e9tico de alta potencia que contiene \u00e1cido gamma linol\u00e9nico (GLA) de origen natural, que es un \u00e1cido graso importante para la respuesta inflamatoria y la salud del sistema inmunol\u00f3gico.<\/p>\n<p>Tambi\u00e9n contiene aceite de onagra que se puede utilizar para proporcionar ayuda alimentaria para el malestar leve asociado con el s\u00edndrome premenstrual, para mantener la piel sana y la funci\u00f3n circulatoria.<\/p>\n<p>&nbsp;<\/p>\n<p><strong>PRESENTACI\u00d3N<\/strong><br \/>\n60 c\u00e1psulas X 3<\/p>\n<p>&nbsp;<\/p>\n","protected":false},"excerpt":{"rendered":"<p>Super Primrose Evening Primrose Oil es un suplemento diet\u00e9tico de alta potencia que contiene \u00e1cido gamma linol\u00e9nico (GLA) de origen natural. [&#8230;]<\/p>\n<p><a class=\"btn btn-secondary understrap-read-more-link\" href=\"https:\/\/www.lifenatura.com\/es\/produto\/oleo-de-onagra-super-primrose-1300-mg-lleve-3-pago-2-now\/\">Leer m\u00e1s&#8230;<span class=\"screen-reader-text\"> from Oleo de Onagra &#8211; Super Primrose 1300 mg Lleve 3 Pago 2 &#8211; Now<\/span><\/a><\/p>\n","protected":false},"featured_media":43725,"template":"","meta":{"_acf_changed":false},"product_brand":[8428],"product_cat":[7192,7276],"product_tag":[],"class_list":{"0":"post-45261","1":"product","2":"type-product","3":"status-publish","4":"has-post-thumbnail","6":"product_brand-now","7":"product_cat-celulitis","8":"product_cat-lleve-3-pago-2","10":"first","11":"instock","12":"sale","13":"shipping-taxable","14":"purchasable","15":"product-type-woosb","16":"add-to-wishlist-before_image"},"acf":[],"yoast_head":"<!-- This site is optimized with the Yoast SEO Premium plugin v27.1 (Yoast SEO v27.5) - https:\/\/yoast.com\/product\/yoast-seo-premium-wordpress\/ -->\n<title>Oleo de Onagra - Super Primrose Lleve 3 Pago 2 - Now - Lifenatura<\/title>\n<meta name=\"description\" content=\"Super Primrose Evening Primrose Oil es un suplemento diet\u00e9tico de alta potencia que contiene \u00e1cido gamma linol\u00e9nico (GLA) de origen natural.\" \/>\n<meta name=\"robots\" content=\"index, follow, max-snippet:-1, max-image-preview:large, max-video-preview:-1\" \/>\n<link rel=\"canonical\" href=\"https:\/\/www.lifenatura.com\/es\/produto\/oleo-de-onagra-super-primrose-1300-mg-lleve-3-pago-2-now\/\" \/>\n<meta property=\"og:locale\" content=\"es_ES\" \/>\n<meta property=\"og:type\" content=\"article\" \/>\n<meta property=\"og:title\" content=\"Oleo de Onagra - Super Primrose 1300 mg Lleve 3 Pago 2 - Now - Na Lifenatura ao Melhor Pre\u00e7o | Envio 48h\" \/>\n<meta property=\"og:description\" content=\"Compre Oleo de Onagra - Super Primrose 1300 mg Lleve 3 Pago 2 - Now com envio r\u00e1pido. Entrega em 48h e portes gr\u00e1tis em compras &gt;35\u20ac. Aproveite j\u00e1 na Lifenatura\" \/>\n<meta property=\"og:url\" content=\"https:\/\/www.lifenatura.com\/es\/produto\/oleo-de-onagra-super-primrose-1300-mg-lleve-3-pago-2-now\/\" \/>\n<meta property=\"og:site_name\" content=\"Lifenatura\" \/>\n<meta property=\"article:publisher\" content=\"https:\/\/www.facebook.com\/lifenatura\" \/>\n<meta property=\"article:modified_time\" content=\"2026-04-21T00:02:33+00:00\" \/>\n<meta property=\"og:image\" content=\"https:\/\/www.lifenatura.com\/wp-content\/uploads\/2022\/02\/oleo-onagra-packs-now.jpg\" \/>\n\t<meta property=\"og:image:width\" content=\"1000\" \/>\n\t<meta property=\"og:image:height\" content=\"1000\" \/>\n\t<meta property=\"og:image:type\" content=\"image\/jpeg\" \/>\n<meta name=\"twitter:card\" content=\"summary_large_image\" \/>\n<meta name=\"twitter:label1\" content=\"Precio\" \/>\n\t<meta name=\"twitter:data1\" content=\"50,18&nbsp;&euro;\" \/>\n\t<meta name=\"twitter:label2\" content=\"Disponibilidad\" \/>\n\t<meta name=\"twitter:data2\" content=\"Disponible\" \/>\n<script type=\"application\/ld+json\" class=\"yoast-schema-graph\">{\"@context\":\"https:\\\/\\\/schema.org\",\"@graph\":[{\"@type\":\"WebPage\",\"@id\":\"https:\\\/\\\/www.lifenatura.com\\\/es\\\/produto\\\/oleo-de-onagra-super-primrose-1300-mg-lleve-3-pago-2-now\\\/\",\"url\":\"https:\\\/\\\/www.lifenatura.com\\\/es\\\/produto\\\/oleo-de-onagra-super-primrose-1300-mg-lleve-3-pago-2-now\\\/\",\"name\":\"Oleo de Onagra - Super Primrose Lleve 3 Pago 2 - Now - Lifenatura\",\"isPartOf\":{\"@id\":\"https:\\\/\\\/www.lifenatura.com\\\/es\\\/#website\"},\"primaryImageOfPage\":{\"@id\":\"https:\\\/\\\/www.lifenatura.com\\\/es\\\/produto\\\/oleo-de-onagra-super-primrose-1300-mg-lleve-3-pago-2-now\\\/#primaryimage\"},\"image\":{\"@id\":\"https:\\\/\\\/www.lifenatura.com\\\/es\\\/produto\\\/oleo-de-onagra-super-primrose-1300-mg-lleve-3-pago-2-now\\\/#primaryimage\"},\"thumbnailUrl\":\"https:\\\/\\\/www.lifenatura.com\\\/wp-content\\\/uploads\\\/2022\\\/02\\\/oleo-onagra-packs-now.jpg\",\"datePublished\":\"2022-02-17T10:08:46+00:00\",\"dateModified\":\"2026-04-21T00:02:33+00:00\",\"description\":\"Super Primrose Evening Primrose Oil es un suplemento diet\u00e9tico de alta potencia que contiene \u00e1cido gamma linol\u00e9nico (GLA) de origen natural.\",\"breadcrumb\":{\"@id\":\"https:\\\/\\\/www.lifenatura.com\\\/es\\\/produto\\\/oleo-de-onagra-super-primrose-1300-mg-lleve-3-pago-2-now\\\/#breadcrumb\"},\"inLanguage\":\"es\",\"potentialAction\":[{\"@type\":\"ReadAction\",\"target\":[\"https:\\\/\\\/www.lifenatura.com\\\/es\\\/produto\\\/oleo-de-onagra-super-primrose-1300-mg-lleve-3-pago-2-now\\\/\"]}]},{\"@type\":\"ImageObject\",\"inLanguage\":\"es\",\"@id\":\"https:\\\/\\\/www.lifenatura.com\\\/es\\\/produto\\\/oleo-de-onagra-super-primrose-1300-mg-lleve-3-pago-2-now\\\/#primaryimage\",\"url\":\"https:\\\/\\\/www.lifenatura.com\\\/wp-content\\\/uploads\\\/2022\\\/02\\\/oleo-onagra-packs-now.jpg\",\"contentUrl\":\"https:\\\/\\\/www.lifenatura.com\\\/wp-content\\\/uploads\\\/2022\\\/02\\\/oleo-onagra-packs-now.jpg\",\"width\":1000,\"height\":1000},{\"@type\":\"BreadcrumbList\",\"@id\":\"https:\\\/\\\/www.lifenatura.com\\\/es\\\/produto\\\/oleo-de-onagra-super-primrose-1300-mg-lleve-3-pago-2-now\\\/#breadcrumb\",\"itemListElement\":[{\"@type\":\"ListItem\",\"position\":1,\"name\":\"In\u00edcio\",\"item\":\"https:\\\/\\\/www.lifenatura.com\\\/es\\\/\"},{\"@type\":\"ListItem\",\"position\":2,\"name\":\"Todos los Productos\",\"item\":\"https:\\\/\\\/www.lifenatura.com\\\/es\\\/tienda\\\/\"},{\"@type\":\"ListItem\",\"position\":3,\"name\":\"Oleo de Onagra &#8211; Super Primrose 1300 mg Lleve 3 Pago 2 &#8211; Now\"}]},{\"@type\":\"WebSite\",\"@id\":\"https:\\\/\\\/www.lifenatura.com\\\/es\\\/#website\",\"url\":\"https:\\\/\\\/www.lifenatura.com\\\/es\\\/\",\"name\":\"Lifenatura\",\"description\":\"A Lifenatura \u00e9 uma loja de produtos naturais, cosm\u00e9tica natural e alimenta\u00e7\u00e3o Biol\u00f3gica.\",\"publisher\":{\"@id\":\"https:\\\/\\\/www.lifenatura.com\\\/es\\\/#organization\"},\"potentialAction\":[{\"@type\":\"SearchAction\",\"target\":{\"@type\":\"EntryPoint\",\"urlTemplate\":\"https:\\\/\\\/www.lifenatura.com\\\/es\\\/?s={search_term_string}\"},\"query-input\":{\"@type\":\"PropertyValueSpecification\",\"valueRequired\":true,\"valueName\":\"search_term_string\"}}],\"inLanguage\":\"es\"},{\"@type\":\"Organization\",\"@id\":\"https:\\\/\\\/www.lifenatura.com\\\/es\\\/#organization\",\"name\":\"Lifenatura\",\"url\":\"https:\\\/\\\/www.lifenatura.com\\\/es\\\/\",\"logo\":{\"@type\":\"ImageObject\",\"inLanguage\":\"es\",\"@id\":\"https:\\\/\\\/www.lifenatura.com\\\/es\\\/#\\\/schema\\\/logo\\\/image\\\/\",\"url\":\"https:\\\/\\\/www.lifenatura.com\\\/wp-content\\\/uploads\\\/2021\\\/07\\\/logo.png\",\"contentUrl\":\"https:\\\/\\\/www.lifenatura.com\\\/wp-content\\\/uploads\\\/2021\\\/07\\\/logo.png\",\"width\":175,\"height\":55,\"caption\":\"Lifenatura\"},\"image\":{\"@id\":\"https:\\\/\\\/www.lifenatura.com\\\/es\\\/#\\\/schema\\\/logo\\\/image\\\/\"},\"sameAs\":[\"https:\\\/\\\/www.facebook.com\\\/lifenatura\",\"https:\\\/\\\/www.instagram.com\\\/lifenaturapt\\\/\"],\"hasMerchantReturnPolicy\":{\"@type\":\"MerchantReturnPolicy\",\"merchantReturnLink\":\"https:\\\/\\\/www.lifenatura.com\\\/termos-condicoes-lifenatura\\\/\"}}]}<\/script>\n<meta property=\"product:price:amount\" content=\"50.18\" \/>\n<meta property=\"product:price:currency\" content=\"EUR\" \/>\n<meta property=\"og:availability\" content=\"instock\" \/>\n<meta property=\"product:availability\" content=\"instock\" \/>\n<meta property=\"product:retailer_item_id\" content=\"7337390175500\" \/>\n<meta property=\"product:condition\" content=\"new\" \/>\n<!-- \/ Yoast SEO Premium plugin. -->","yoast_head_json":{"title":"Oleo de Onagra - Super Primrose Lleve 3 Pago 2 - Now - Lifenatura","description":"Super Primrose Evening Primrose Oil es un suplemento diet\u00e9tico de alta potencia que contiene \u00e1cido gamma linol\u00e9nico (GLA) de origen natural.","robots":{"index":"index","follow":"follow","max-snippet":"max-snippet:-1","max-image-preview":"max-image-preview:large","max-video-preview":"max-video-preview:-1"},"canonical":"https:\/\/www.lifenatura.com\/es\/produto\/oleo-de-onagra-super-primrose-1300-mg-lleve-3-pago-2-now\/","og_locale":"es_ES","og_type":"article","og_title":"Oleo de Onagra - Super Primrose 1300 mg Lleve 3 Pago 2 - Now - Na Lifenatura ao Melhor Pre\u00e7o | Envio 48h","og_description":"Compre Oleo de Onagra - Super Primrose 1300 mg Lleve 3 Pago 2 - Now com envio r\u00e1pido. Entrega em 48h e portes gr\u00e1tis em compras >35\u20ac. Aproveite j\u00e1 na Lifenatura","og_url":"https:\/\/www.lifenatura.com\/es\/produto\/oleo-de-onagra-super-primrose-1300-mg-lleve-3-pago-2-now\/","og_site_name":"Lifenatura","article_publisher":"https:\/\/www.facebook.com\/lifenatura","article_modified_time":"2026-04-21T00:02:33+00:00","og_image":[{"width":1000,"height":1000,"url":"https:\/\/www.lifenatura.com\/wp-content\/uploads\/2022\/02\/oleo-onagra-packs-now.jpg","type":"image\/jpeg"}],"twitter_card":"summary_large_image","twitter_misc":{"Precio":"50,18&nbsp;&euro;","Disponibilidad":"Disponible"},"schema":{"@context":"https:\/\/schema.org","@graph":[{"@type":"WebPage","@id":"https:\/\/www.lifenatura.com\/es\/produto\/oleo-de-onagra-super-primrose-1300-mg-lleve-3-pago-2-now\/","url":"https:\/\/www.lifenatura.com\/es\/produto\/oleo-de-onagra-super-primrose-1300-mg-lleve-3-pago-2-now\/","name":"Oleo de Onagra - Super Primrose Lleve 3 Pago 2 - Now - Lifenatura","isPartOf":{"@id":"https:\/\/www.lifenatura.com\/es\/#website"},"primaryImageOfPage":{"@id":"https:\/\/www.lifenatura.com\/es\/produto\/oleo-de-onagra-super-primrose-1300-mg-lleve-3-pago-2-now\/#primaryimage"},"image":{"@id":"https:\/\/www.lifenatura.com\/es\/produto\/oleo-de-onagra-super-primrose-1300-mg-lleve-3-pago-2-now\/#primaryimage"},"thumbnailUrl":"https:\/\/www.lifenatura.com\/wp-content\/uploads\/2022\/02\/oleo-onagra-packs-now.jpg","datePublished":"2022-02-17T10:08:46+00:00","dateModified":"2026-04-21T00:02:33+00:00","description":"Super Primrose Evening Primrose Oil es un suplemento diet\u00e9tico de alta potencia que contiene \u00e1cido gamma linol\u00e9nico (GLA) de origen natural.","breadcrumb":{"@id":"https:\/\/www.lifenatura.com\/es\/produto\/oleo-de-onagra-super-primrose-1300-mg-lleve-3-pago-2-now\/#breadcrumb"},"inLanguage":"es","potentialAction":[{"@type":"ReadAction","target":["https:\/\/www.lifenatura.com\/es\/produto\/oleo-de-onagra-super-primrose-1300-mg-lleve-3-pago-2-now\/"]}]},{"@type":"ImageObject","inLanguage":"es","@id":"https:\/\/www.lifenatura.com\/es\/produto\/oleo-de-onagra-super-primrose-1300-mg-lleve-3-pago-2-now\/#primaryimage","url":"https:\/\/www.lifenatura.com\/wp-content\/uploads\/2022\/02\/oleo-onagra-packs-now.jpg","contentUrl":"https:\/\/www.lifenatura.com\/wp-content\/uploads\/2022\/02\/oleo-onagra-packs-now.jpg","width":1000,"height":1000},{"@type":"BreadcrumbList","@id":"https:\/\/www.lifenatura.com\/es\/produto\/oleo-de-onagra-super-primrose-1300-mg-lleve-3-pago-2-now\/#breadcrumb","itemListElement":[{"@type":"ListItem","position":1,"name":"In\u00edcio","item":"https:\/\/www.lifenatura.com\/es\/"},{"@type":"ListItem","position":2,"name":"Todos los Productos","item":"https:\/\/www.lifenatura.com\/es\/tienda\/"},{"@type":"ListItem","position":3,"name":"Oleo de Onagra &#8211; Super Primrose 1300 mg Lleve 3 Pago 2 &#8211; Now"}]},{"@type":"WebSite","@id":"https:\/\/www.lifenatura.com\/es\/#website","url":"https:\/\/www.lifenatura.com\/es\/","name":"Lifenatura","description":"A Lifenatura \u00e9 uma loja de produtos naturais, cosm\u00e9tica natural e alimenta\u00e7\u00e3o Biol\u00f3gica.","publisher":{"@id":"https:\/\/www.lifenatura.com\/es\/#organization"},"potentialAction":[{"@type":"SearchAction","target":{"@type":"EntryPoint","urlTemplate":"https:\/\/www.lifenatura.com\/es\/?s={search_term_string}"},"query-input":{"@type":"PropertyValueSpecification","valueRequired":true,"valueName":"search_term_string"}}],"inLanguage":"es"},{"@type":"Organization","@id":"https:\/\/www.lifenatura.com\/es\/#organization","name":"Lifenatura","url":"https:\/\/www.lifenatura.com\/es\/","logo":{"@type":"ImageObject","inLanguage":"es","@id":"https:\/\/www.lifenatura.com\/es\/#\/schema\/logo\/image\/","url":"https:\/\/www.lifenatura.com\/wp-content\/uploads\/2021\/07\/logo.png","contentUrl":"https:\/\/www.lifenatura.com\/wp-content\/uploads\/2021\/07\/logo.png","width":175,"height":55,"caption":"Lifenatura"},"image":{"@id":"https:\/\/www.lifenatura.com\/es\/#\/schema\/logo\/image\/"},"sameAs":["https:\/\/www.facebook.com\/lifenatura","https:\/\/www.instagram.com\/lifenaturapt\/"],"hasMerchantReturnPolicy":{"@type":"MerchantReturnPolicy","merchantReturnLink":"https:\/\/www.lifenatura.com\/termos-condicoes-lifenatura\/"}}]},"product_price_amount":"50.18","product_price_currency":"EUR","og_availability":"instock","product_availability":"instock","product_retailer_item_id":"7337390175500","product_condition":"new"},"df_price":50.18,"df_sale_price":43.91,"df_regular_price":73.80000000000001,"df_image_link":"https:\/\/www.lifenatura.com\/wp-content\/uploads\/2022\/02\/oleo-onagra-packs-now-300x300.jpg","_links":{"self":[{"href":"https:\/\/www.lifenatura.com\/es\/wp-json\/wp\/v2\/product\/45261","targetHints":{"allow":["GET"]}}],"collection":[{"href":"https:\/\/www.lifenatura.com\/es\/wp-json\/wp\/v2\/product"}],"about":[{"href":"https:\/\/www.lifenatura.com\/es\/wp-json\/wp\/v2\/types\/product"}],"wp:featuredmedia":[{"embeddable":true,"href":"https:\/\/www.lifenatura.com\/es\/wp-json\/wp\/v2\/media\/43725"}],"wp:attachment":[{"href":"https:\/\/www.lifenatura.com\/es\/wp-json\/wp\/v2\/media?parent=45261"}],"wp:term":[{"taxonomy":"product_brand","embeddable":true,"href":"https:\/\/www.lifenatura.com\/es\/wp-json\/wp\/v2\/product_brand?post=45261"},{"taxonomy":"product_cat","embeddable":true,"href":"https:\/\/www.lifenatura.com\/es\/wp-json\/wp\/v2\/product_cat?post=45261"},{"taxonomy":"product_tag","embeddable":true,"href":"https:\/\/www.lifenatura.com\/es\/wp-json\/wp\/v2\/product_tag?post=45261"}],"curies":[{"name":"wp","href":"https:\/\/api.w.org\/{rel}","templated":true}]}}