{"id":45256,"date":"2022-02-16T16:55:35","date_gmt":"2022-02-16T16:55:35","guid":{"rendered":"https:\/\/lifenatura.dev.agenciagetdigital.com\/?post_type=product&#038;p=45256"},"modified":"2026-04-04T00:42:34","modified_gmt":"2026-04-04T00:42:34","slug":"vitamina-c-bioflavonoides-lleve-3-pago-2-now","status":"publish","type":"product","link":"https:\/\/www.lifenatura.com\/es\/produto\/vitamina-c-bioflavonoides-lleve-3-pago-2-now\/","title":{"rendered":"Vitamina C Bioflavonoides Lleve 3 Pago 2 &#8211; Now"},"content":{"rendered":"<h2 style=\"text-align: left;\"><strong>Vitamina C con bioflavonoides<\/strong><\/h2>\n<p>&nbsp;<\/p>\n<p>Ahora la vitamina C-1000 con bioflavonoides es un nutriente soluble en agua conocido por su papel vital en el sistema inmunol\u00f3gico. Contiene bioflavonoides, que act\u00faan sin\u00e9rgicamente para favorecer la utilizaci\u00f3n de la vitamina C.<\/p>\n<p>La vitamina C es un antioxidante altamente eficaz que protege las c\u00e9lulas del cuerpo de la oxidaci\u00f3n resultante del metabolismo normal. La vitamina C tambi\u00e9n es necesaria para la producci\u00f3n de col\u00e1geno y es importante para una piel, huesos y articulaciones saludables.<\/p>\n<p>&nbsp;<\/p>\n<p><strong>PRESENTACI\u00d3N<\/strong><br \/>\n100 pastillas X 3<\/p>\n<p>&nbsp;<\/p>\n","protected":false},"excerpt":{"rendered":"<p>Ahora la vitamina C-1000 con bioflavonoides es un nutriente soluble en agua conocido por su papel vital en el sistema inmunol\u00f3gico. [&#8230;]<\/p>\n<p><a class=\"btn btn-secondary understrap-read-more-link\" href=\"https:\/\/www.lifenatura.com\/es\/produto\/vitamina-c-bioflavonoides-lleve-3-pago-2-now\/\">Leer m\u00e1s&#8230;<span class=\"screen-reader-text\"> from Vitamina C Bioflavonoides Lleve 3 Pago 2 &#8211; Now<\/span><\/a><\/p>\n","protected":false},"featured_media":43712,"template":"","meta":{"_acf_changed":false},"product_brand":[8428],"product_cat":[7276,7211,7883,7260],"product_tag":[],"class_list":{"0":"post-45256","1":"product","2":"type-product","3":"status-publish","4":"has-post-thumbnail","6":"product_brand-now","7":"product_cat-lleve-3-pago-2","8":"product_cat-reforza-la-inmunidad-salud","9":"product_cat-suplementos-alimenticios","10":"product_cat-vitamina-c-salud","12":"first","13":"outofstock","14":"sale","15":"shipping-taxable","16":"purchasable","17":"product-type-woosb","18":"add-to-wishlist-before_image"},"acf":[],"yoast_head":"<!-- This site is optimized with the Yoast SEO Premium plugin v27.1 (Yoast SEO v27.3) - https:\/\/yoast.com\/product\/yoast-seo-premium-wordpress\/ -->\n<title>Vitamina C Bioflavonoides Lleve 3 Pago 2 - Now - Lifenatura<\/title>\n<meta name=\"description\" content=\"Ahora la vitamina C-1000 con bioflavonoides es un nutriente soluble en agua conocido por su papel vital en el sistema inmunol\u00f3gico.\" \/>\n<meta name=\"robots\" content=\"index, follow, max-snippet:-1, max-image-preview:large, max-video-preview:-1\" \/>\n<link rel=\"canonical\" href=\"https:\/\/www.lifenatura.com\/es\/produto\/vitamina-c-bioflavonoides-lleve-3-pago-2-now\/\" \/>\n<meta property=\"og:locale\" content=\"es_ES\" \/>\n<meta property=\"og:type\" content=\"article\" \/>\n<meta property=\"og:title\" content=\"Vitamina C Bioflavonoides Lleve 3 Pago 2 - Now - Lifenatura\" \/>\n<meta property=\"og:description\" content=\"Compre aqui o seu Vitamina C Bioflavonoides Lleve 3 Pago 2 - Now e a Lifenatura Online envia em 48 H com Portes Gratis &gt;35\u20ac de Pedido.\" \/>\n<meta property=\"og:url\" content=\"https:\/\/www.lifenatura.com\/es\/produto\/vitamina-c-bioflavonoides-lleve-3-pago-2-now\/\" \/>\n<meta property=\"og:site_name\" content=\"Lifenatura\" \/>\n<meta property=\"article:publisher\" content=\"https:\/\/www.facebook.com\/lifenatura\" \/>\n<meta property=\"article:modified_time\" content=\"2026-04-04T00:42:34+00:00\" \/>\n<meta property=\"og:image\" content=\"https:\/\/www.lifenatura.com\/wp-content\/uploads\/2022\/02\/vitamina-c-bioflavonoides-packs-now.jpg\" \/>\n\t<meta property=\"og:image:width\" content=\"1000\" \/>\n\t<meta property=\"og:image:height\" content=\"1000\" \/>\n\t<meta property=\"og:image:type\" content=\"image\/jpeg\" \/>\n<meta name=\"twitter:card\" content=\"summary_large_image\" \/>\n<meta name=\"twitter:label1\" content=\"Precio\" \/>\n\t<meta name=\"twitter:data1\" content=\"61,11&nbsp;&euro;\" \/>\n\t<meta name=\"twitter:label2\" content=\"Disponibilidad\" \/>\n\t<meta name=\"twitter:data2\" content=\"Sin existencias\" \/>\n<meta property=\"product:price:amount\" content=\"61.11\" \/>\n<meta property=\"product:price:currency\" content=\"EUR\" \/>\n<meta property=\"og:availability\" content=\"out of stock\" \/>\n<meta property=\"product:availability\" content=\"out of stock\" \/>\n<meta property=\"product:retailer_item_id\" content=\"7337390069055\" \/>\n<meta property=\"product:condition\" content=\"new\" \/>\n<!-- \/ Yoast SEO Premium plugin. -->","yoast_head_json":{"title":"Vitamina C Bioflavonoides Lleve 3 Pago 2 - Now - Lifenatura","description":"Ahora la vitamina C-1000 con bioflavonoides es un nutriente soluble en agua conocido por su papel vital en el sistema inmunol\u00f3gico.","robots":{"index":"index","follow":"follow","max-snippet":"max-snippet:-1","max-image-preview":"max-image-preview:large","max-video-preview":"max-video-preview:-1"},"canonical":"https:\/\/www.lifenatura.com\/es\/produto\/vitamina-c-bioflavonoides-lleve-3-pago-2-now\/","og_locale":"es_ES","og_type":"article","og_title":"Vitamina C Bioflavonoides Lleve 3 Pago 2 - Now - Lifenatura","og_description":"Compre aqui o seu Vitamina C Bioflavonoides Lleve 3 Pago 2 - Now e a Lifenatura Online envia em 48 H com Portes Gratis >35\u20ac de Pedido.","og_url":"https:\/\/www.lifenatura.com\/es\/produto\/vitamina-c-bioflavonoides-lleve-3-pago-2-now\/","og_site_name":"Lifenatura","article_publisher":"https:\/\/www.facebook.com\/lifenatura","article_modified_time":"2026-04-04T00:42:34+00:00","og_image":[{"width":1000,"height":1000,"url":"https:\/\/www.lifenatura.com\/wp-content\/uploads\/2022\/02\/vitamina-c-bioflavonoides-packs-now.jpg","type":"image\/jpeg"}],"twitter_card":"summary_large_image","twitter_misc":{"Precio":"61,11&nbsp;&euro;","Disponibilidad":"Sin existencias"},"schema":{"@context":"https:\/\/schema.org","@graph":[{"@type":"WebPage","@id":"https:\/\/www.lifenatura.com\/es\/produto\/vitamina-c-bioflavonoides-lleve-3-pago-2-now\/","url":"https:\/\/www.lifenatura.com\/es\/produto\/vitamina-c-bioflavonoides-lleve-3-pago-2-now\/","name":"Vitamina C Bioflavonoides Lleve 3 Pago 2 - Now - Lifenatura","isPartOf":{"@id":"https:\/\/www.lifenatura.com\/es\/#website"},"primaryImageOfPage":{"@id":"https:\/\/www.lifenatura.com\/es\/produto\/vitamina-c-bioflavonoides-lleve-3-pago-2-now\/#primaryimage"},"image":{"@id":"https:\/\/www.lifenatura.com\/es\/produto\/vitamina-c-bioflavonoides-lleve-3-pago-2-now\/#primaryimage"},"thumbnailUrl":"https:\/\/www.lifenatura.com\/wp-content\/uploads\/2022\/02\/vitamina-c-bioflavonoides-packs-now.jpg","datePublished":"2022-02-16T16:55:35+00:00","dateModified":"2026-04-04T00:42:34+00:00","description":"Ahora la vitamina C-1000 con bioflavonoides es un nutriente soluble en agua conocido por su papel vital en el sistema inmunol\u00f3gico.","breadcrumb":{"@id":"https:\/\/www.lifenatura.com\/es\/produto\/vitamina-c-bioflavonoides-lleve-3-pago-2-now\/#breadcrumb"},"inLanguage":"es","potentialAction":[{"@type":"ReadAction","target":["https:\/\/www.lifenatura.com\/es\/produto\/vitamina-c-bioflavonoides-lleve-3-pago-2-now\/"]}]},{"@type":"ImageObject","inLanguage":"es","@id":"https:\/\/www.lifenatura.com\/es\/produto\/vitamina-c-bioflavonoides-lleve-3-pago-2-now\/#primaryimage","url":"https:\/\/www.lifenatura.com\/wp-content\/uploads\/2022\/02\/vitamina-c-bioflavonoides-packs-now.jpg","contentUrl":"https:\/\/www.lifenatura.com\/wp-content\/uploads\/2022\/02\/vitamina-c-bioflavonoides-packs-now.jpg","width":1000,"height":1000},{"@type":"BreadcrumbList","@id":"https:\/\/www.lifenatura.com\/es\/produto\/vitamina-c-bioflavonoides-lleve-3-pago-2-now\/#breadcrumb","itemListElement":[{"@type":"ListItem","position":1,"name":"In\u00edcio","item":"https:\/\/www.lifenatura.com\/es\/"},{"@type":"ListItem","position":2,"name":"Todos los Productos","item":"https:\/\/www.lifenatura.com\/es\/tienda\/"},{"@type":"ListItem","position":3,"name":"Vitamina C Bioflavonoides Lleve 3 Pago 2 &#8211; Now"}]},{"@type":"WebSite","@id":"https:\/\/www.lifenatura.com\/es\/#website","url":"https:\/\/www.lifenatura.com\/es\/","name":"Lifenatura","description":"A Lifenatura \u00e9 uma loja de produtos naturais, cosm\u00e9tica natural e alimenta\u00e7\u00e3o Biol\u00f3gica.","publisher":{"@id":"https:\/\/www.lifenatura.com\/es\/#organization"},"potentialAction":[{"@type":"SearchAction","target":{"@type":"EntryPoint","urlTemplate":"https:\/\/www.lifenatura.com\/es\/?s={search_term_string}"},"query-input":{"@type":"PropertyValueSpecification","valueRequired":true,"valueName":"search_term_string"}}],"inLanguage":"es"},{"@type":"Organization","@id":"https:\/\/www.lifenatura.com\/es\/#organization","name":"Lifenatura","url":"https:\/\/www.lifenatura.com\/es\/","logo":{"@type":"ImageObject","inLanguage":"es","@id":"https:\/\/www.lifenatura.com\/es\/#\/schema\/logo\/image\/","url":"https:\/\/www.lifenatura.com\/wp-content\/uploads\/2021\/11\/logo.png","contentUrl":"https:\/\/www.lifenatura.com\/wp-content\/uploads\/2021\/11\/logo.png","width":175,"height":55,"caption":"Lifenatura"},"image":{"@id":"https:\/\/www.lifenatura.com\/es\/#\/schema\/logo\/image\/"},"sameAs":["https:\/\/www.facebook.com\/lifenatura","https:\/\/www.instagram.com\/lifenaturapt\/"]}]},"product_price_amount":"61.11","product_price_currency":"EUR","og_availability":"out of stock","product_availability":"out of stock","product_retailer_item_id":"7337390069055","product_condition":"new"},"df_price":61.11,"df_sale_price":51.94,"df_regular_price":61.11,"df_image_link":"https:\/\/www.lifenatura.com\/wp-content\/uploads\/2022\/02\/vitamina-c-bioflavonoides-packs-now-300x300.jpg","_links":{"self":[{"href":"https:\/\/www.lifenatura.com\/es\/wp-json\/wp\/v2\/product\/45256","targetHints":{"allow":["GET"]}}],"collection":[{"href":"https:\/\/www.lifenatura.com\/es\/wp-json\/wp\/v2\/product"}],"about":[{"href":"https:\/\/www.lifenatura.com\/es\/wp-json\/wp\/v2\/types\/product"}],"wp:featuredmedia":[{"embeddable":true,"href":"https:\/\/www.lifenatura.com\/es\/wp-json\/wp\/v2\/media\/43712"}],"wp:attachment":[{"href":"https:\/\/www.lifenatura.com\/es\/wp-json\/wp\/v2\/media?parent=45256"}],"wp:term":[{"taxonomy":"product_brand","embeddable":true,"href":"https:\/\/www.lifenatura.com\/es\/wp-json\/wp\/v2\/product_brand?post=45256"},{"taxonomy":"product_cat","embeddable":true,"href":"https:\/\/www.lifenatura.com\/es\/wp-json\/wp\/v2\/product_cat?post=45256"},{"taxonomy":"product_tag","embeddable":true,"href":"https:\/\/www.lifenatura.com\/es\/wp-json\/wp\/v2\/product_tag?post=45256"}],"curies":[{"name":"wp","href":"https:\/\/api.w.org\/{rel}","templated":true}]}}