{"id":45254,"date":"2022-02-16T16:30:32","date_gmt":"2022-02-16T16:30:32","guid":{"rendered":"https:\/\/lifenatura.dev.agenciagetdigital.com\/?post_type=product&#038;p=45254"},"modified":"2026-04-04T00:42:33","modified_gmt":"2026-04-04T00:42:33","slug":"vitamina-d-3-vitamin-k2-vitamin-c-lleve-3-pago-2-now","status":"publish","type":"product","link":"https:\/\/www.lifenatura.com\/es\/produto\/vitamina-d-3-vitamin-k2-vitamin-c-lleve-3-pago-2-now\/","title":{"rendered":"Vitamina D-3 + Vitamin K2 + Vitamin C Lleve 3 Pago 2 &#8211; Now"},"content":{"rendered":"<h2 style=\"text-align: left;\"><strong>Suplemento de vitaminas C, D3 e K2<\/strong><\/h2>\n<p>&nbsp;<\/p>\n<p>La vitamina D-3 y K-2 es un suplemento diet\u00e9tico que combina las acciones de la vitamina D-3 y la vitamina K-2, promoviendo la fijaci\u00f3n de calcio en los huesos y reduciendo el riesgo de fracturas, lo que mejora la salud \u00f3sea y articulaciones en general.<\/p>\n<p>La forma MK-7 de vitamina K2 se deriva de la soja fermentada, un producto japon\u00e9s t\u00edpico, que es una de las fuentes m\u00e1s ricas.<\/p>\n<p>La vitamina K es importante para la coagulaci\u00f3n, pero tambi\u00e9n para mantener la salud \u00f3sea, previniendo la calcificaci\u00f3n inadecuada de los tejidos blandos y la funci\u00f3n protectora de la inflamaci\u00f3n.<\/p>\n<p>&nbsp;<\/p>\n<p><strong>PRESENTACI\u00d3N<\/strong><br \/>\n120 c\u00e1psulas x 3<\/p>\n<p>&nbsp;<\/p>\n","protected":false},"excerpt":{"rendered":"<p>La forma MK-7 de vitamina K2 se deriva de la soja fermentada, un producto japon\u00e9s t\u00edpico, que es una de las fuentes m\u00e1s ricas. [&#8230;]<\/p>\n<p><a class=\"btn btn-secondary understrap-read-more-link\" href=\"https:\/\/www.lifenatura.com\/es\/produto\/vitamina-d-3-vitamin-k2-vitamin-c-lleve-3-pago-2-now\/\">Leer m\u00e1s&#8230;<span class=\"screen-reader-text\"> from Vitamina D-3 + Vitamin K2 + Vitamin C Lleve 3 Pago 2 &#8211; Now<\/span><\/a><\/p>\n","protected":false},"featured_media":43704,"template":"","meta":{"_acf_changed":false},"product_brand":[8428],"product_cat":[7276,7211,7883,7260,7261,8013],"product_tag":[],"class_list":{"0":"post-45254","1":"product","2":"type-product","3":"status-publish","4":"has-post-thumbnail","6":"product_brand-now","7":"product_cat-lleve-3-pago-2","8":"product_cat-reforza-la-inmunidad-salud","9":"product_cat-suplementos-alimenticios","10":"product_cat-vitamina-c-salud","11":"product_cat-vitamina-d-salud","12":"product_cat-vitamina-k-es","14":"first","15":"instock","16":"sale","17":"shipping-taxable","18":"purchasable","19":"product-type-woosb","20":"add-to-wishlist-before_image"},"acf":[],"yoast_head":"<!-- This site is optimized with the Yoast SEO Premium plugin v27.1 (Yoast SEO v27.3) - https:\/\/yoast.com\/product\/yoast-seo-premium-wordpress\/ -->\n<title>Vitamina D-3 + Vitamin K2 + Vitamin C Lleve 3 Pago 2 - Now<\/title>\n<meta name=\"description\" content=\"La forma MK-7 de vitamina K2 se deriva de la soja fermentada, un producto japon\u00e9s t\u00edpico, que es una de las fuentes m\u00e1s ricas.\" \/>\n<meta name=\"robots\" content=\"index, follow, max-snippet:-1, max-image-preview:large, max-video-preview:-1\" \/>\n<link rel=\"canonical\" href=\"https:\/\/www.lifenatura.com\/es\/produto\/vitamina-d-3-vitamin-k2-vitamin-c-lleve-3-pago-2-now\/\" \/>\n<meta property=\"og:locale\" content=\"es_ES\" \/>\n<meta property=\"og:type\" content=\"article\" \/>\n<meta property=\"og:title\" content=\"Vitamina D-3 + Vitamin K2 + Vitamin C Lleve 3 Pago 2 - Now - Lifenatura\" \/>\n<meta property=\"og:description\" content=\"Compre aqui o seu Vitamina D-3 + Vitamin K2 + Vitamin C Lleve 3 Pago 2 - Now e a Lifenatura Online envia em 48 H com Portes Gratis &gt;35\u20ac de Pedido.\" \/>\n<meta property=\"og:url\" content=\"https:\/\/www.lifenatura.com\/es\/produto\/vitamina-d-3-vitamin-k2-vitamin-c-lleve-3-pago-2-now\/\" \/>\n<meta property=\"og:site_name\" content=\"Lifenatura\" \/>\n<meta property=\"article:publisher\" content=\"https:\/\/www.facebook.com\/lifenatura\" \/>\n<meta property=\"article:modified_time\" content=\"2026-04-04T00:42:33+00:00\" \/>\n<meta property=\"og:image\" content=\"https:\/\/www.lifenatura.com\/wp-content\/uploads\/2022\/02\/vitamina-d3-k2-packs-now.jpg\" \/>\n\t<meta property=\"og:image:width\" content=\"1000\" \/>\n\t<meta property=\"og:image:height\" content=\"1000\" \/>\n\t<meta property=\"og:image:type\" content=\"image\/jpeg\" \/>\n<meta name=\"twitter:card\" content=\"summary_large_image\" \/>\n<meta name=\"twitter:label1\" content=\"Precio\" \/>\n\t<meta name=\"twitter:data1\" content=\"73,95&nbsp;&euro;\" \/>\n\t<meta name=\"twitter:label2\" content=\"Disponibilidad\" \/>\n\t<meta name=\"twitter:data2\" content=\"Disponible\" \/>\n<meta property=\"product:price:amount\" content=\"73.95\" \/>\n<meta property=\"product:price:currency\" content=\"EUR\" \/>\n<meta property=\"og:availability\" content=\"instock\" \/>\n<meta property=\"product:availability\" content=\"instock\" \/>\n<meta property=\"product:retailer_item_id\" content=\"7337390036900\" \/>\n<meta property=\"product:condition\" content=\"new\" \/>\n<!-- \/ Yoast SEO Premium plugin. -->","yoast_head_json":{"title":"Vitamina D-3 + Vitamin K2 + Vitamin C Lleve 3 Pago 2 - Now","description":"La forma MK-7 de vitamina K2 se deriva de la soja fermentada, un producto japon\u00e9s t\u00edpico, que es una de las fuentes m\u00e1s ricas.","robots":{"index":"index","follow":"follow","max-snippet":"max-snippet:-1","max-image-preview":"max-image-preview:large","max-video-preview":"max-video-preview:-1"},"canonical":"https:\/\/www.lifenatura.com\/es\/produto\/vitamina-d-3-vitamin-k2-vitamin-c-lleve-3-pago-2-now\/","og_locale":"es_ES","og_type":"article","og_title":"Vitamina D-3 + Vitamin K2 + Vitamin C Lleve 3 Pago 2 - Now - Lifenatura","og_description":"Compre aqui o seu Vitamina D-3 + Vitamin K2 + Vitamin C Lleve 3 Pago 2 - Now e a Lifenatura Online envia em 48 H com Portes Gratis >35\u20ac de Pedido.","og_url":"https:\/\/www.lifenatura.com\/es\/produto\/vitamina-d-3-vitamin-k2-vitamin-c-lleve-3-pago-2-now\/","og_site_name":"Lifenatura","article_publisher":"https:\/\/www.facebook.com\/lifenatura","article_modified_time":"2026-04-04T00:42:33+00:00","og_image":[{"width":1000,"height":1000,"url":"https:\/\/www.lifenatura.com\/wp-content\/uploads\/2022\/02\/vitamina-d3-k2-packs-now.jpg","type":"image\/jpeg"}],"twitter_card":"summary_large_image","twitter_misc":{"Precio":"73,95&nbsp;&euro;","Disponibilidad":"Disponible"},"schema":{"@context":"https:\/\/schema.org","@graph":[{"@type":"WebPage","@id":"https:\/\/www.lifenatura.com\/es\/produto\/vitamina-d-3-vitamin-k2-vitamin-c-lleve-3-pago-2-now\/","url":"https:\/\/www.lifenatura.com\/es\/produto\/vitamina-d-3-vitamin-k2-vitamin-c-lleve-3-pago-2-now\/","name":"Vitamina D-3 + Vitamin K2 + Vitamin C Lleve 3 Pago 2 - Now","isPartOf":{"@id":"https:\/\/www.lifenatura.com\/es\/#website"},"primaryImageOfPage":{"@id":"https:\/\/www.lifenatura.com\/es\/produto\/vitamina-d-3-vitamin-k2-vitamin-c-lleve-3-pago-2-now\/#primaryimage"},"image":{"@id":"https:\/\/www.lifenatura.com\/es\/produto\/vitamina-d-3-vitamin-k2-vitamin-c-lleve-3-pago-2-now\/#primaryimage"},"thumbnailUrl":"https:\/\/www.lifenatura.com\/wp-content\/uploads\/2022\/02\/vitamina-d3-k2-packs-now.jpg","datePublished":"2022-02-16T16:30:32+00:00","dateModified":"2026-04-04T00:42:33+00:00","description":"La forma MK-7 de vitamina K2 se deriva de la soja fermentada, un producto japon\u00e9s t\u00edpico, que es una de las fuentes m\u00e1s ricas.","breadcrumb":{"@id":"https:\/\/www.lifenatura.com\/es\/produto\/vitamina-d-3-vitamin-k2-vitamin-c-lleve-3-pago-2-now\/#breadcrumb"},"inLanguage":"es","potentialAction":[{"@type":"ReadAction","target":["https:\/\/www.lifenatura.com\/es\/produto\/vitamina-d-3-vitamin-k2-vitamin-c-lleve-3-pago-2-now\/"]}]},{"@type":"ImageObject","inLanguage":"es","@id":"https:\/\/www.lifenatura.com\/es\/produto\/vitamina-d-3-vitamin-k2-vitamin-c-lleve-3-pago-2-now\/#primaryimage","url":"https:\/\/www.lifenatura.com\/wp-content\/uploads\/2022\/02\/vitamina-d3-k2-packs-now.jpg","contentUrl":"https:\/\/www.lifenatura.com\/wp-content\/uploads\/2022\/02\/vitamina-d3-k2-packs-now.jpg","width":1000,"height":1000},{"@type":"BreadcrumbList","@id":"https:\/\/www.lifenatura.com\/es\/produto\/vitamina-d-3-vitamin-k2-vitamin-c-lleve-3-pago-2-now\/#breadcrumb","itemListElement":[{"@type":"ListItem","position":1,"name":"In\u00edcio","item":"https:\/\/www.lifenatura.com\/es\/"},{"@type":"ListItem","position":2,"name":"Todos los Productos","item":"https:\/\/www.lifenatura.com\/es\/tienda\/"},{"@type":"ListItem","position":3,"name":"Vitamina D-3 + Vitamin K2 + Vitamin C Lleve 3 Pago 2 &#8211; Now"}]},{"@type":"WebSite","@id":"https:\/\/www.lifenatura.com\/es\/#website","url":"https:\/\/www.lifenatura.com\/es\/","name":"Lifenatura","description":"A Lifenatura \u00e9 uma loja de produtos naturais, cosm\u00e9tica natural e alimenta\u00e7\u00e3o Biol\u00f3gica.","publisher":{"@id":"https:\/\/www.lifenatura.com\/es\/#organization"},"potentialAction":[{"@type":"SearchAction","target":{"@type":"EntryPoint","urlTemplate":"https:\/\/www.lifenatura.com\/es\/?s={search_term_string}"},"query-input":{"@type":"PropertyValueSpecification","valueRequired":true,"valueName":"search_term_string"}}],"inLanguage":"es"},{"@type":"Organization","@id":"https:\/\/www.lifenatura.com\/es\/#organization","name":"Lifenatura","url":"https:\/\/www.lifenatura.com\/es\/","logo":{"@type":"ImageObject","inLanguage":"es","@id":"https:\/\/www.lifenatura.com\/es\/#\/schema\/logo\/image\/","url":"https:\/\/www.lifenatura.com\/wp-content\/uploads\/2021\/11\/logo.png","contentUrl":"https:\/\/www.lifenatura.com\/wp-content\/uploads\/2021\/11\/logo.png","width":175,"height":55,"caption":"Lifenatura"},"image":{"@id":"https:\/\/www.lifenatura.com\/es\/#\/schema\/logo\/image\/"},"sameAs":["https:\/\/www.facebook.com\/lifenatura","https:\/\/www.instagram.com\/lifenaturapt\/"]}]},"product_price_amount":"73.95","product_price_currency":"EUR","og_availability":"instock","product_availability":"instock","product_retailer_item_id":"7337390036900","product_condition":"new"},"df_price":73.95,"df_sale_price":50.29,"df_regular_price":73.94999999999999,"df_image_link":"https:\/\/www.lifenatura.com\/wp-content\/uploads\/2022\/02\/vitamina-d3-k2-packs-now-300x300.jpg","_links":{"self":[{"href":"https:\/\/www.lifenatura.com\/es\/wp-json\/wp\/v2\/product\/45254","targetHints":{"allow":["GET"]}}],"collection":[{"href":"https:\/\/www.lifenatura.com\/es\/wp-json\/wp\/v2\/product"}],"about":[{"href":"https:\/\/www.lifenatura.com\/es\/wp-json\/wp\/v2\/types\/product"}],"wp:featuredmedia":[{"embeddable":true,"href":"https:\/\/www.lifenatura.com\/es\/wp-json\/wp\/v2\/media\/43704"}],"wp:attachment":[{"href":"https:\/\/www.lifenatura.com\/es\/wp-json\/wp\/v2\/media?parent=45254"}],"wp:term":[{"taxonomy":"product_brand","embeddable":true,"href":"https:\/\/www.lifenatura.com\/es\/wp-json\/wp\/v2\/product_brand?post=45254"},{"taxonomy":"product_cat","embeddable":true,"href":"https:\/\/www.lifenatura.com\/es\/wp-json\/wp\/v2\/product_cat?post=45254"},{"taxonomy":"product_tag","embeddable":true,"href":"https:\/\/www.lifenatura.com\/es\/wp-json\/wp\/v2\/product_tag?post=45254"}],"curies":[{"name":"wp","href":"https:\/\/api.w.org\/{rel}","templated":true}]}}